{"id":37548,"date":"2014-04-23T16:14:38","date_gmt":"2014-04-23T13:14:38","guid":{"rendered":"http:\/\/the7.dream-demo.com\/?page_id=14826"},"modified":"2019-05-29T16:08:21","modified_gmt":"2019-05-29T14:08:21","slug":"sklep-internetowy-z-klimatyzacja","status":"publish","type":"page","link":"https:\/\/www.fabrykachlodu.pl\/sklep\/sklep-internetowy-z-klimatyzacja\/","title":{"rendered":"Kontakt"},"content":{"rendered":"<div class=\"wpb-content-wrapper\">[vc_row full_width=&#8221;stretch_row&#8221; equal_height=&#8221;yes&#8221; bg_type=&#8221;bg_color&#8221; type=&#8221;vc_default&#8221; margin_top=&#8221;75&#8243; margin_bottom=&#8221;-20&#8243; css=&#8221;.vc_custom_1491991822511{padding-top: 60px !important;padding-bottom: 60px !important;background-color: #ffffff !important;}&#8221; bg_color_value=&#8221;#ffffff&#8221;][vc_column css=&#8221;.vc_custom_1491991848941{padding-bottom: 30px !important;}&#8221; offset=&#8221;vc_col-lg-offset-1 vc_col-lg-10 vc_col-md-offset-0 vc_col-md-12 vc_col-sm-offset-0&#8243;][vc_row_inner equal_height=&#8221;yes&#8221;][vc_column_inner width=&#8221;1\/3&#8243; css=&#8221;.vc_custom_1479032888299{padding-bottom: 35px !important;}&#8221;]<div id=\"ultimate-heading-396369ebade40829f\" class=\"uvc-heading ult-adjust-bottom-margin ultimate-heading-396369ebade40829f uvc-549 color-title accent-icon-color\" data-hspacer=\"icon_only\"  data-halign=\"center\" style=\"text-align:center\"><div class=\"uvc-heading-spacer icon_only\" style=\"margin-bottom:20px;\"><div class=\"ult-just-icon-wrapper  \"><div class=\"align-icon\" style=\"text-align:center;\">\n<div class=\"aio-icon none \"  style=\"font-size:48px;display:inline-block;\">\n\t<i class=\"icomoon-font-awesome-14x14-globe\"><\/i>\n<\/div><\/div><\/div><\/div><div class=\"uvc-main-heading ult-responsive\"  data-ultimate-target='.uvc-heading.ultimate-heading-396369ebade40829f h2'  data-responsive-json-new='{\"font-size\":\"desktop:14px;\",\"line-height\":\"desktop:24px;\"}' ><h2 style=\"font-weight:bold;color:#aaaaaa;margin-bottom:4px;\">ODBI\u00d3R PRODUKT\u00d3W<\/h2><\/div><div class=\"uvc-sub-heading ult-responsive\"  data-ultimate-target='.uvc-heading.ultimate-heading-396369ebade40829f .uvc-sub-heading '  data-responsive-json-new='{\"font-size\":\"desktop:20px;\",\"line-height\":\"desktop:30px;\"}'  style=\"font-family:&#039;Roboto Condensed&#039;;font-weight:700;margin-bottom:0px;\">ul.Poniatowskiego 51, 05-230 Koby\u0142ka <div class=\"su-gmap su-u-responsive-media-yes\"><iframe width=\"660\" height=\"320\" src=\"\/\/maps.google.com\/maps?q=Ksi%C4%99cia%20J%C3%B3zefa%20Poniatowskiego%2051%2C%2005-230%20Koby%C5%82ka%2C%20Poland&amp;output=embed\" title=\"\"><\/iframe><\/div><\/div><\/div>[\/vc_column_inner][vc_column_inner width=&#8221;1\/3&#8243; css=&#8221;.vc_custom_1479032916919{padding-bottom: 35px !important;}&#8221;]<div id=\"ultimate-heading-391969ebade408404\" class=\"uvc-heading ult-adjust-bottom-margin ultimate-heading-391969ebade408404 uvc-8183 color-title accent-icon-color\" data-hspacer=\"icon_only\"  data-halign=\"center\" style=\"text-align:center\"><div class=\"uvc-heading-spacer icon_only\" style=\"margin-bottom:20px;\"><div class=\"ult-just-icon-wrapper  \"><div class=\"align-icon\" style=\"text-align:center;\">\n<div class=\"aio-icon none \"  style=\"font-size:48px;display:inline-block;\">\n\t<i class=\"icomoon-font-awesome-14x14-phone-square\"><\/i>\n<\/div><\/div><\/div><\/div><div class=\"uvc-main-heading ult-responsive\"  data-ultimate-target='.uvc-heading.ultimate-heading-391969ebade408404 h2'  data-responsive-json-new='{\"font-size\":\"desktop:14px;\",\"line-height\":\"desktop:24px;\"}' ><h2 style=\"font-weight:bold;color:#aaaaaa;margin-bottom:4px;\">Kontakt telefoniczny<\/h2><\/div><div class=\"uvc-sub-heading ult-responsive\"  data-ultimate-target='.uvc-heading.ultimate-heading-391969ebade408404 .uvc-sub-heading '  data-responsive-json-new='{\"font-size\":\"desktop:20px;\",\"line-height\":\"desktop:30px;\"}'  style=\"font-family:&#039;Roboto Condensed&#039;;font-weight:700;margin-bottom:0px;\">\n<h4>+48 22 29 94 921<\/h4>\n<\/div><\/div>[\/vc_column_inner][vc_column_inner width=&#8221;1\/3&#8243; css=&#8221;.vc_custom_1479032922138{padding-bottom: 35px !important;}&#8221;]<div id=\"ultimate-heading-489669ebade4084e7\" class=\"uvc-heading ult-adjust-bottom-margin ultimate-heading-489669ebade4084e7 uvc-6805 color-title accent-icon-color\" data-hspacer=\"icon_only\"  data-halign=\"center\" style=\"text-align:center\"><div class=\"uvc-heading-spacer icon_only\" style=\"margin-bottom:20px;\"><div class=\"ult-just-icon-wrapper  \"><div class=\"align-icon\" style=\"text-align:center;\">\n<div class=\"aio-icon none \"  style=\"font-size:48px;display:inline-block;\">\n\t<i class=\"icomoon-font-awesome-14x14-envelope-square\"><\/i>\n<\/div><\/div><\/div><\/div><div class=\"uvc-main-heading ult-responsive\"  data-ultimate-target='.uvc-heading.ultimate-heading-489669ebade4084e7 h2'  data-responsive-json-new='{\"font-size\":\"desktop:14px;\",\"line-height\":\"desktop:24px;\"}' ><h2 style=\"font-weight:bold;color:#aaaaaa;margin-bottom:4px;\">Napisz e-maila<\/h2><\/div><div class=\"uvc-sub-heading ult-responsive\"  data-ultimate-target='.uvc-heading.ultimate-heading-489669ebade4084e7 .uvc-sub-heading '  data-responsive-json-new='{\"font-size\":\"desktop:20px;\",\"line-height\":\"desktop:30px;\"}'  style=\"font-family:&#039;Roboto Condensed&#039;;font-weight:700;margin-bottom:0px;\">info@fabrykachlodu.pl<\/div><\/div>[\/vc_column_inner][\/vc_row_inner][\/vc_column][vc_column offset=&#8221;vc_col-lg-offset-2 vc_col-lg-8 vc_col-md-offset-1 vc_col-md-11 vc_col-sm-offset-0&#8243;]<div id=\"ultimate-heading-258569ebade4085cf\" class=\"uvc-heading ult-adjust-bottom-margin ultimate-heading-258569ebade4085cf uvc-5409 \" data-hspacer=\"line_with_icon\" data-hline_width=\"230\" data-hicon_type=\"selector\" data-hborder_style=\"solid\" data-hborder_height=\"2\" data-hborder_color=\"rgba(204,204,204,0.85)\" data-icon_width=\"14\" data-hfixer=\"10\"  data-halign=\"center\" style=\"text-align:center\"><div class=\"uvc-main-heading ult-responsive\"  data-ultimate-target='.uvc-heading.ultimate-heading-258569ebade4085cf h2'  data-responsive-json-new='{\"font-size\":\"desktop:20px;\",\"line-height\":\"desktop:30px;\"}' ><h2 style=\"font-weight:bold;\">Posiadacie Pa\u0144stwo dodatkowe pytania? Ch\u0119tnie odpowiemy.<\/h2><\/div><div class=\"uvc-heading-spacer line_with_icon\" style=\"margin-bottom:40px;height:14px;\"><div class=\"ult-just-icon-wrapper  \"><div class=\"align-icon\" style=\"text-align:center;\">\n<div class=\"aio-icon none \"  style=\"color:#cccccc;font-size:14px;display:inline-block;\">\n\t<i class=\"icomoon-font-awesome-14x14-star\"><\/i>\n<\/div><\/div><\/div><\/div><\/div>[vc_column_text css=&#8221;.vc_custom_1521146978450{padding-bottom: 30px !important;}&#8221;]\n<p style=\"text-align: center;\">Prosimy wype\u0142ni\u0107 poni\u017cszy formularz aby otrzyma\u0107 odpowied\u017a szybciej<\/p>\n[\/vc_column_text]<form class=\"dt-contact-form dt-form\" method=\"post\"><input type=\"hidden\" name=\"widget_id\" value=\"presscore-contact-form-widget--1\" \/><input type=\"hidden\" name=\"send_message\" value=\"\" \/><input type=\"hidden\" name=\"security_token\" value=\"fa4bb968cd8494c36a4e\"\/><div class=\"form-fields\"><span class=\"form-name\"><label class=\"assistive-text\">Imi\u0119 *<\/label><input type=\"text\" class=\"validate[required]\" placeholder=\"Imi\u0119 *\" name=\"name\" value=\"\" aria-required=\"true\">\n<\/span><span class=\"form-mail\"><label class=\"assistive-text\">Adres e-mail *<\/label><input type=\"text\" class=\"validate[required,custom[email]]\" placeholder=\"Adres e-mail *\" name=\"email\" value=\"\" aria-required=\"true\">\n<\/span><span class=\"form-telephone\"><label class=\"assistive-text\">Telefon:<\/label><input type=\"text\" placeholder=\"Telefon:\" name=\"telephone\" value=\"\" aria-required=\"false\">\n<\/span><\/div><span class=\"form-message\"><label class=\"assistive-text\">Tre\u015b\u0107 wiadomo\u015bci *<\/label><textarea class=\"validate[required]\" placeholder=\"Tre\u015b\u0107 wiadomo\u015bci *\" name=\"message\" rows=\"6\" aria-required=\"true\"><\/textarea>\n<\/span><p><a href=\"#\" class=\"dt-btn dt-btn-m dt-btn-submit\" rel=\"nofollow\"><span>Wy\u015blij Wiadomo\u015b\u0107<\/span><\/a><input class=\"assistive-text\" type=\"submit\" value=\"wy\u015blij\"><\/p><\/form>\n[\/vc_column][\/vc_row]\n<\/div>","protected":false},"excerpt":{"rendered":"<p>[vc_row full_width=&#8221;stretch_row&#8221; equal_height=&#8221;yes&#8221; bg_type=&#8221;bg_color&#8221; type=&#8221;vc_default&#8221; margin_top=&#8221;75&#8243; margin_bottom=&#8221;-20&#8243; css=&#8221;.vc_custom_1491991822511{padding-top: 60px !important;padding-bottom: 60px !important;background-color: #ffffff !important;}&#8221; bg_color_value=&#8221;#ffffff&#8221;][vc_column css=&#8221;.vc_custom_1491991848941{padding-bottom: 30px !important;}&#8221; offset=&#8221;vc_col-lg-offset-1 vc_col-lg-10 vc_col-md-offset-0 vc_col-md-12 vc_col-sm-offset-0&#8243;][vc_row_inner equal_height=&#8221;yes&#8221;][vc_column_inner width=&#8221;1\/3&#8243; css=&#8221;.vc_custom_1479032888299{padding-bottom: 35px !important;}&#8221;][\/vc_column_inner][vc_column_inner width=&#8221;1\/3&#8243; css=&#8221;.vc_custom_1479032916919{padding-bottom: 35px !important;}&#8221;][\/vc_column_inner][vc_column_inner width=&#8221;1\/3&#8243; css=&#8221;.vc_custom_1479032922138{padding-bottom: 35px !important;}&#8221;][\/vc_column_inner][\/vc_row_inner][\/vc_column][vc_column offset=&#8221;vc_col-lg-offset-2 vc_col-lg-8 vc_col-md-offset-1 vc_col-md-11 vc_col-sm-offset-0&#8243;][vc_column_text css=&#8221;.vc_custom_1521146978450{padding-bottom: 30px !important;}&#8221;] Prosimy wype\u0142ni\u0107 poni\u017cszy formularz aby otrzyma\u0107 odpowied\u017a szybciej [\/vc_column_text][\/vc_column][\/vc_row]<\/p>\n","protected":false},"author":1,"featured_media":0,"parent":0,"menu_order":995,"comment_status":"closed","ping_status":"closed","template":"","meta":{"footnotes":""},"yoast_head":"<!-- This site is optimized with the Yoast SEO plugin v22.1 - https:\/\/yoast.com\/wordpress\/plugins\/seo\/ -->\n<title>\u00b0FC odbi\u00f3r zam\u00f3wie\u0144 w Koby\u0142ce, bo chcemy aby\u015b czu\u0142 si\u0119 komfortowo!<\/title>\n<meta name=\"description\" content=\"Firma \u00b0FC oferuje klimatyzacje do ch\u0142odzenia i ogrzewania biur, sklep\u00f3w i dom\u00f3w. Odbi\u00f3r zam\u00f3wie\u0144 w Koby\u0142ce - firma prowadzi us\u0142ugi sprzeda\u017cy za po\u015brednictwem Internetu w Polsce oferuje wynajem na ternie m.st. Warszawy. Chcemy aby\u015b czu\u0142 si\u0119 komfortowo.\" \/>\n<meta name=\"robots\" content=\"index, follow, max-snippet:-1, max-image-preview:large, max-video-preview:-1\" \/>\n<link rel=\"canonical\" href=\"https:\/\/www.fabrykachlodu.pl\/sklep\/sklep-internetowy-z-klimatyzacja\/\" \/>\n<meta name=\"twitter:label1\" content=\"Szacowany czas czytania\" \/>\n\t<meta name=\"twitter:data1\" content=\"3 minuty\" \/>\n<script type=\"application\/ld+json\" class=\"yoast-schema-graph\">{\"@context\":\"https:\/\/schema.org\",\"@graph\":[{\"@type\":\"WebPage\",\"@id\":\"https:\/\/www.fabrykachlodu.pl\/sklep\/sklep-internetowy-z-klimatyzacja\/\",\"url\":\"https:\/\/www.fabrykachlodu.pl\/sklep\/sklep-internetowy-z-klimatyzacja\/\",\"name\":\"\u00b0FC odbi\u00f3r zam\u00f3wie\u0144 w Koby\u0142ce, bo chcemy aby\u015b czu\u0142 si\u0119 komfortowo!\",\"isPartOf\":{\"@id\":\"https:\/\/www.fabrykachlodu.pl\/sklep\/#website\"},\"datePublished\":\"2014-04-23T13:14:38+00:00\",\"dateModified\":\"2019-05-29T14:08:21+00:00\",\"description\":\"Firma \u00b0FC oferuje klimatyzacje do ch\u0142odzenia i ogrzewania biur, sklep\u00f3w i dom\u00f3w. Odbi\u00f3r zam\u00f3wie\u0144 w Koby\u0142ce - firma prowadzi us\u0142ugi sprzeda\u017cy za po\u015brednictwem Internetu w Polsce oferuje wynajem na ternie m.st. Warszawy. Chcemy aby\u015b czu\u0142 si\u0119 komfortowo.\",\"breadcrumb\":{\"@id\":\"https:\/\/www.fabrykachlodu.pl\/sklep\/sklep-internetowy-z-klimatyzacja\/#breadcrumb\"},\"inLanguage\":\"pl-PL\",\"potentialAction\":[{\"@type\":\"ReadAction\",\"target\":[\"https:\/\/www.fabrykachlodu.pl\/sklep\/sklep-internetowy-z-klimatyzacja\/\"]}]},{\"@type\":\"BreadcrumbList\",\"@id\":\"https:\/\/www.fabrykachlodu.pl\/sklep\/sklep-internetowy-z-klimatyzacja\/#breadcrumb\",\"itemListElement\":[{\"@type\":\"ListItem\",\"position\":1,\"name\":\"Strona g\u0142\u00f3wna\",\"item\":\"https:\/\/www.fabrykachlodu.pl\/sklep\/\"},{\"@type\":\"ListItem\",\"position\":2,\"name\":\"Kontakt\"}]},{\"@type\":\"WebSite\",\"@id\":\"https:\/\/www.fabrykachlodu.pl\/sklep\/#website\",\"url\":\"https:\/\/www.fabrykachlodu.pl\/sklep\/\",\"name\":\"\u00b0FC Sklep Internetowy monta\u017c klimatyzacji pomp ciep\u0142a\",\"description\":\"\u00b0FC monta\u017c klimatyzacji pomp ciep\u0142a z nami to szybki i tani wyb\u00f3r.  Us\u0142ugi monta\u017cowe i serwisowe W Warszawie i okolicach..\",\"potentialAction\":[{\"@type\":\"SearchAction\",\"target\":{\"@type\":\"EntryPoint\",\"urlTemplate\":\"https:\/\/www.fabrykachlodu.pl\/sklep\/?s={search_term_string}\"},\"query-input\":\"required name=search_term_string\"}],\"inLanguage\":\"pl-PL\"}]}<\/script>\n<!-- \/ Yoast SEO plugin. -->","yoast_head_json":{"title":"\u00b0FC odbi\u00f3r zam\u00f3wie\u0144 w Koby\u0142ce, bo chcemy aby\u015b czu\u0142 si\u0119 komfortowo!","description":"Firma \u00b0FC oferuje klimatyzacje do ch\u0142odzenia i ogrzewania biur, sklep\u00f3w i dom\u00f3w. Odbi\u00f3r zam\u00f3wie\u0144 w Koby\u0142ce - firma prowadzi us\u0142ugi sprzeda\u017cy za po\u015brednictwem Internetu w Polsce oferuje wynajem na ternie m.st. Warszawy. Chcemy aby\u015b czu\u0142 si\u0119 komfortowo.","robots":{"index":"index","follow":"follow","max-snippet":"max-snippet:-1","max-image-preview":"max-image-preview:large","max-video-preview":"max-video-preview:-1"},"canonical":"https:\/\/www.fabrykachlodu.pl\/sklep\/sklep-internetowy-z-klimatyzacja\/","twitter_misc":{"Szacowany czas czytania":"3 minuty"},"schema":{"@context":"https:\/\/schema.org","@graph":[{"@type":"WebPage","@id":"https:\/\/www.fabrykachlodu.pl\/sklep\/sklep-internetowy-z-klimatyzacja\/","url":"https:\/\/www.fabrykachlodu.pl\/sklep\/sklep-internetowy-z-klimatyzacja\/","name":"\u00b0FC odbi\u00f3r zam\u00f3wie\u0144 w Koby\u0142ce, bo chcemy aby\u015b czu\u0142 si\u0119 komfortowo!","isPartOf":{"@id":"https:\/\/www.fabrykachlodu.pl\/sklep\/#website"},"datePublished":"2014-04-23T13:14:38+00:00","dateModified":"2019-05-29T14:08:21+00:00","description":"Firma \u00b0FC oferuje klimatyzacje do ch\u0142odzenia i ogrzewania biur, sklep\u00f3w i dom\u00f3w. Odbi\u00f3r zam\u00f3wie\u0144 w Koby\u0142ce - firma prowadzi us\u0142ugi sprzeda\u017cy za po\u015brednictwem Internetu w Polsce oferuje wynajem na ternie m.st. Warszawy. Chcemy aby\u015b czu\u0142 si\u0119 komfortowo.","breadcrumb":{"@id":"https:\/\/www.fabrykachlodu.pl\/sklep\/sklep-internetowy-z-klimatyzacja\/#breadcrumb"},"inLanguage":"pl-PL","potentialAction":[{"@type":"ReadAction","target":["https:\/\/www.fabrykachlodu.pl\/sklep\/sklep-internetowy-z-klimatyzacja\/"]}]},{"@type":"BreadcrumbList","@id":"https:\/\/www.fabrykachlodu.pl\/sklep\/sklep-internetowy-z-klimatyzacja\/#breadcrumb","itemListElement":[{"@type":"ListItem","position":1,"name":"Strona g\u0142\u00f3wna","item":"https:\/\/www.fabrykachlodu.pl\/sklep\/"},{"@type":"ListItem","position":2,"name":"Kontakt"}]},{"@type":"WebSite","@id":"https:\/\/www.fabrykachlodu.pl\/sklep\/#website","url":"https:\/\/www.fabrykachlodu.pl\/sklep\/","name":"\u00b0FC Sklep Internetowy monta\u017c klimatyzacji pomp ciep\u0142a","description":"\u00b0FC monta\u017c klimatyzacji pomp ciep\u0142a z nami to szybki i tani wyb\u00f3r.  Us\u0142ugi monta\u017cowe i serwisowe W Warszawie i okolicach..","potentialAction":[{"@type":"SearchAction","target":{"@type":"EntryPoint","urlTemplate":"https:\/\/www.fabrykachlodu.pl\/sklep\/?s={search_term_string}"},"query-input":"required name=search_term_string"}],"inLanguage":"pl-PL"}]}},"_links":{"self":[{"href":"https:\/\/www.fabrykachlodu.pl\/sklep\/wp-json\/wp\/v2\/pages\/37548"}],"collection":[{"href":"https:\/\/www.fabrykachlodu.pl\/sklep\/wp-json\/wp\/v2\/pages"}],"about":[{"href":"https:\/\/www.fabrykachlodu.pl\/sklep\/wp-json\/wp\/v2\/types\/page"}],"author":[{"embeddable":true,"href":"https:\/\/www.fabrykachlodu.pl\/sklep\/wp-json\/wp\/v2\/users\/1"}],"replies":[{"embeddable":true,"href":"https:\/\/www.fabrykachlodu.pl\/sklep\/wp-json\/wp\/v2\/comments?post=37548"}],"version-history":[{"count":0,"href":"https:\/\/www.fabrykachlodu.pl\/sklep\/wp-json\/wp\/v2\/pages\/37548\/revisions"}],"wp:attachment":[{"href":"https:\/\/www.fabrykachlodu.pl\/sklep\/wp-json\/wp\/v2\/media?parent=37548"}],"curies":[{"name":"wp","href":"https:\/\/api.w.org\/{rel}","templated":true}]}}