{"id":83534,"date":"2022-05-23T08:22:15","date_gmt":"2022-05-23T06:22:15","guid":{"rendered":"http:\/\/www.fabrykachlodu.pl\/sklep\/?page_id=83534"},"modified":"2024-05-23T06:35:16","modified_gmt":"2024-05-23T04:35:16","slug":"przebijamy-ceny-zawodowo","status":"publish","type":"page","link":"https:\/\/www.fabrykachlodu.pl\/sklep\/przebijamy-ceny-zawodowo\/","title":{"rendered":"Chcesz wiedzie\u0107 ile kosztuje monta\u017c klimatyzacji w Warszawie?"},"content":{"rendered":"\t\t<div data-elementor-type=\"wp-page\" data-elementor-id=\"83534\" class=\"elementor elementor-83534\">\n\t\t\t\t\t\t<section class=\"elementor-section elementor-top-section elementor-element elementor-element-504a03a1 elementor-section-boxed elementor-section-height-default elementor-section-height-default\" data-id=\"504a03a1\" data-element_type=\"section\">\n\t\t\t\t\t\t<div class=\"elementor-container elementor-column-gap-default\">\n\t\t\t\t\t<div class=\"elementor-column elementor-col-100 elementor-top-column elementor-element elementor-element-41f779ba\" data-id=\"41f779ba\" data-element_type=\"column\">\n\t\t\t<div class=\"elementor-widget-wrap elementor-element-populated\">\n\t\t\t\t\t\t<div class=\"elementor-element elementor-element-10752bb2 elementor-widget elementor-widget-text-editor\" data-id=\"10752bb2\" data-element_type=\"widget\" data-widget_type=\"text-editor.default\">\n\t\t\t\t<div class=\"elementor-widget-container\">\n\t\t\t\t\t\t\t<p><!-- wp:heading {\"level\":1} --><\/p>\n<h1>Nasze us\u0142ugi obejmuj\u0105 monta\u017c i serwis klimatyzacji na terenie Warszawy i okolic. Oferujemy wycen\u0119 monta\u017cu na podstawie zdj\u0119\u0107 i plan\u00f3w domu lub mieszkania, co pozwala nam dostarczy\u0107 Pa\u0144stwu konkurencyjn\u0105 cen\u0119 na odpowiednio dobrane urz\u0105dzenie. Gwarantujemy najni\u017csz\u0105 cen\u0119, poniewa\u017c zawsze przebijamy inne oferty!<\/h1>\n<p>Aby skorzysta\u0107 z naszych niskich cen monta\u017cu klimatyzacji w Warszawie i okolicach, wystarczy wys\u0142a\u0107 do nas e-mail lub SMS. Wizyty dotycz\u0105ce wyceny mog\u0105 by\u0107 poprzedzone analiz\u0105 zdj\u0119\u0107 pomieszczenia, balkonu, elewacji oraz informacji o wielko\u015bci pomieszcze\u0144 i odst\u0119pach mi\u0119dzy nimi. Posiadaj\u0105c plany, przyspieszysz wycen\u0119 \u2013 dzia\u0142amy zdalnie, zgodnie z przes\u0142anymi informacjami. Skontaktujemy si\u0119 z Pa\u0144stwem, aby om\u00f3wi\u0107 i potwierdzi\u0107 monta\u017c w domu lub mieszkaniu.<\/p>\n<p><strong>Gwarantujemy najni\u017csz\u0105 cen\u0119 na klimatyzatory GREE, MIDEA, PANASONIC, HISENSE, FUJITSU z monta\u017cem w Warszawie i okolicach na sezon 2024<\/strong>. Nasze marki oferuj\u0105 szybkie ch\u0142odzenie\/grzanie, r\u00f3\u017cne kolory (czarny, srebrny, bia\u0142y), kompaktowy design, wysok\u0105 oszcz\u0119dno\u015b\u0107 energii A+++, sterowanie za pomoc\u0105 aplikacji mobilnej oraz akcesoria do integracji z inteligentnym domem.<\/p>\n<p>Je\u015bli odk\u0142adasz decyzj\u0119 zakupow\u0105, warto wiedzie\u0107, \u017ce nasze ceny z monta\u017cem klimatyzacji s\u0105 jednymi z najlepszych na rynku. Z nami si\u0119 op\u0142aca! Powiedz nam o lepszej ofercie, a my j\u0105 przebijemy. Przebijamy ceny zawodowo! Oto nasze ceny z monta\u017cem!<\/p>\n<p><!-- \/wp:heading --><!-- wp:spacer {\"height\":\"23px\"} --><\/p>\n<div class=\"wp-block-spacer\" style=\"height: 23px;\" aria-hidden=\"true\">&nbsp;<\/div>\n<p><!-- \/wp:spacer --><!-- wp:table --><\/p>\n<figure class=\"wp-block-table\">\n<table>\n<tbody>\n<tr>\n<td>Model<\/td>\n<td>Nazwa<\/td>\n<td>Cena z 8% VAT (osoba prywatna)<\/td>\n<td>Cena z 23% VAT (na firm\u0119)<\/td>\n<\/tr>\n<tr>\n<td><strong>GREE<\/strong><\/td>\n<td>&nbsp;<\/td>\n<td>&nbsp;<\/td>\n<td>&nbsp;<\/td>\n<\/tr>\n<tr>\n<td>GWH09AGA-K6DNA1A<\/td>\n<td>Pular A++\/A+,2.50kW,Bia\u0142y,Na\u015bcienny do 25m2<\/td>\n<td>3,478 z\u0142<\/td>\n<td>3,961 z\u0142<\/td>\n<\/tr>\n<tr>\n<td>GWH12AGB-K6DNA1A<\/td>\n<td>Pular A++\/A+,3.20kW,Bia\u0142y,Na\u015bcienny do 35m2<\/td>\n<td>3,682 z\u0142<\/td>\n<td>4,194 z\u0142<\/td>\n<\/tr>\n<tr>\n<td>GWH18AGD-K6DNA1D<\/td>\n<td>Pular A++\/A+,4.60kW,Bia\u0142y,Na\u015bcienny do 50m2<\/td>\n<td>4,567 z\u0142<\/td>\n<td>5,201 z\u0142<\/td>\n<\/tr>\n<tr>\n<td>GWH24AGD-K6DNA1C<\/td>\n<td>Pular A++\/A+,6.20kW,Bia\u0142y,Na\u015bcienny do 70m2<\/td>\n<td>5,520 z\u0142<\/td>\n<td>6,286 z\u0142<\/td>\n<\/tr>\n<tr>\n<td>GWH09AGA-K6DNA1A\/I<\/td>\n<td>Pular 2.5kW,Bia\u0142y,Na\u015bcienny do multisplit 25m2<\/td>\n<td>2,655 z\u0142<\/td>\n<td>3,024 z\u0142<\/td>\n<\/tr>\n<tr>\n<td>GWH12AGB-K6DNA1A\/I<\/td>\n<td>Pular 3.2kW,Bia\u0142y,Na\u015bcienny do multisplit 25m2<\/td>\n<td>2,734 z\u0142<\/td>\n<td>3,114 z\u0142<\/td>\n<\/tr>\n<tr>\n<td>GWH18AGD-K6DNA1D\/I<\/td>\n<td>Pular 4.6kW,Bia\u0142y,Na\u015bcienny do multisplit 35m2<\/td>\n<td>2,813 z\u0142<\/td>\n<td>3,204 z\u0142<\/td>\n<\/tr>\n<tr>\n<td>GWH24AGD-K6DNA1C\/I<\/td>\n<td>Pular 6.2kW,Bia\u0142y,Na\u015bcienny do multisplit 50m2<\/td>\n<td>2,892 z\u0142<\/td>\n<td>3,293 z\u0142<\/td>\n<\/tr>\n<tr>\n<td>GWH09ACC-K6DNA1F<\/td>\n<td>Fairy A++\/A+,2.70kW,Czarny,Na\u015bcienny do 25m2<\/td>\n<td>4,421 z\u0142<\/td>\n<td>5,035 z\u0142<\/td>\n<\/tr>\n<tr>\n<td>GWH12ACC-K6DNA1F<\/td>\n<td>Fairy A++\/A+,3.51kW,Czarny,Na\u015bcienny do 35m2<\/td>\n<td>4,313 z\u0142<\/td>\n<td>4,912 z\u0142<\/td>\n<\/tr>\n<tr>\n<td>GWH18ACD-K6DNA1D<\/td>\n<td>Fairy A++\/A+,5.20kW,Czarny,Na\u015bcienny do 50m2<\/td>\n<td>5,717 z\u0142<\/td>\n<td>6,511 z\u0142<\/td>\n<\/tr>\n<tr>\n<td>GWH24ACE-K6DNA1A<\/td>\n<td>Fairy A++\/A+,7.00kW,Czarny,Na\u015bcienny do 70m2<\/td>\n<td>6,279 z\u0142<\/td>\n<td>7,151 z\u0142<\/td>\n<\/tr>\n<tr>\n<td>GWH09ACC-K6DNA1F<\/td>\n<td>Fairy A++\/A+,2.70kW,Srebrny,Na\u015bcienny do 25m2<\/td>\n<td>4,102 z\u0142<\/td>\n<td>4,672 z\u0142<\/td>\n<\/tr>\n<tr>\n<td>GWH12ACC-K6DNA1F<\/td>\n<td>Fairy A++\/A+,3.51kW,Srebrny,Na\u015bcienny do 35m2<\/td>\n<td>4,313 z\u0142<\/td>\n<td>4,912 z\u0142<\/td>\n<\/tr>\n<tr>\n<td>GWH18ACD-K6DNA1D<\/td>\n<td>Fairy A++\/A+,5.20kW,Srebrny,Na\u015bcienny do 50m2<\/td>\n<td>5,717 z\u0142<\/td>\n<td>6,511 z\u0142<\/td>\n<\/tr>\n<tr>\n<td>GWH24ACE-K6DNA1A<\/td>\n<td>Fairy A++\/A+,7.00kW,Srebrny,Na\u015bcienny do 70m2<\/td>\n<td>6,279 z\u0142<\/td>\n<td>7,151 z\u0142<\/td>\n<\/tr>\n<tr>\n<td>GWH09ACC-K6DNA1F<\/td>\n<td>Fairy A++\/A+,2.70kW,Bia\u0142y,Na\u015bcienny do 25m2<\/td>\n<td>4,102 z\u0142<\/td>\n<td>4,672 z\u0142<\/td>\n<\/tr>\n<tr>\n<td>GWH12ACC-K6DNA1F<\/td>\n<td>Fairy A++\/A+,3.51kW,Bia\u0142y,Na\u015bcienny do 35m2<\/td>\n<td>4,313 z\u0142<\/td>\n<td>4,912 z\u0142<\/td>\n<\/tr>\n<tr>\n<td>GWH18ACD-K6DNA1D<\/td>\n<td>Fairy A++\/A+,5.20kW,Bia\u0142y,Na\u015bcienny do 50m2<\/td>\n<td>5,717 z\u0142<\/td>\n<td>6,511 z\u0142<\/td>\n<\/tr>\n<tr>\n<td>GWH24ACE-K6DNA1A<\/td>\n<td>Fairy A++\/A+,7.00kW,Bia\u0142y,Na\u015bcienny do 70m2<\/td>\n<td>6,279 z\u0142<\/td>\n<td>7,151 z\u0142<\/td>\n<\/tr>\n<tr>\n<td>GWH09ACC-K6DNA1F\/I<\/td>\n<td>Fairy 2.7kW,Czarny,Na\u015bcienny do multisplit 25m2<\/td>\n<td>2,813 z\u0142<\/td>\n<td>3,204 z\u0142<\/td>\n<\/tr>\n<tr>\n<td>GWH12ACC-K6DNA1F\/I<\/td>\n<td>Fairy 3.5kW,Czarny,Na\u015bcienny do multisplit 25m2<\/td>\n<td>2,892 z\u0142<\/td>\n<td>3,293 z\u0142<\/td>\n<\/tr>\n<tr>\n<td>GWH18ACDXF-K6DNA1A\/I<\/td>\n<td>Fairy 5.3kW,Czarny,Na\u015bcienny do multisplit 35m2<\/td>\n<td>3,002 z\u0142<\/td>\n<td>3,419 z\u0142<\/td>\n<\/tr>\n<tr>\n<td>GWH24ACE-K6DNA1I\/I<\/td>\n<td>Fairy 7.1kW,Czarny,Na\u015bcienny do multisplit 50m2<\/td>\n<td>3,081 z\u0142<\/td>\n<td>3,509 z\u0142<\/td>\n<\/tr>\n<tr>\n<td>GWH09ACC-K6DNA1F\/I<\/td>\n<td>Fairy 2.7kW,Srebrny,Na\u015bcienny do multisplit 25m2<\/td>\n<td>2,813 z\u0142<\/td>\n<td>3,204 z\u0142<\/td>\n<\/tr>\n<tr>\n<td>GWH12ACC-K6DNA1F\/I<\/td>\n<td>Fairy 3.5kW,Srebrny,Na\u015bcienny do multisplit 35m2<\/td>\n<td>2,892 z\u0142<\/td>\n<td>3,293 z\u0142<\/td>\n<\/tr>\n<tr>\n<td>GWH18ACDXF-K6DNA1A\/I<\/td>\n<td>Fairy 5.3kW,Srebrny,Na\u015bcienny do multisplit 50m2<\/td>\n<td>3,002 z\u0142<\/td>\n<td>3,419 z\u0142<\/td>\n<\/tr>\n<tr>\n<td>GWH24ACE-K6DNA1I\/I<\/td>\n<td>Fairy 7.1kW,Srebrny,Na\u015bcienny do multisplit 70m2<\/td>\n<td>3,081 z\u0142<\/td>\n<td>3,509 z\u0142<\/td>\n<\/tr>\n<tr>\n<td>GWH09ACC-K6DNA1F\/I<\/td>\n<td>Fairy 2.7kW,Bia\u0142y,Na\u015bcienny do multisplit 25m2<\/td>\n<td>2,734 z\u0142<\/td>\n<td>3,114 z\u0142<\/td>\n<\/tr>\n<tr>\n<td>GWH12ACC-K6DNA1F\/I<\/td>\n<td>Fairy 3.5kW,Bia\u0142y,Na\u015bcienny do multisplit 35m2<\/td>\n<td>2,813 z\u0142<\/td>\n<td>3,204 z\u0142<\/td>\n<\/tr>\n<tr>\n<td>GWH18ACDXF-K6DNA1A\/I<\/td>\n<td>Fairy 5.3kW,Bia\u0142y,Na\u015bcienny do multisplit 50m2<\/td>\n<td>2,892 z\u0142<\/td>\n<td>3,293 z\u0142<\/td>\n<\/tr>\n<tr>\n<td>GWH24ACE-K6DNA1I\/I<\/td>\n<td>Fairy 7.1kW,Bia\u0142y,Na\u015bcienny do multisplit 35m2<\/td>\n<td>3,002 z\u0142<\/td>\n<td>3,419 z\u0142<\/td>\n<\/tr>\n<tr>\n<td>GWH09AKC-K6DNA1A<\/td>\n<td>Soyal A+++\/A+++,2.70kW,Bia\u0142y,Na\u015bcienny do 25m2<\/td>\n<td>6,550 z\u0142<\/td>\n<td>7,460 z\u0142<\/td>\n<\/tr>\n<tr>\n<td>GWH12AKC-K6DNA1A<\/td>\n<td>Soyal A+++\/A+++,3.53kW,Bia\u0142y,Na\u015bcienny do 35m2<\/td>\n<td>6,944 z\u0142<\/td>\n<td>7,909 z\u0142<\/td>\n<\/tr>\n<tr>\n<td>GWH18AKC-K6DNA1A<\/td>\n<td>Soyal A++\/A+,5.30kW,Bia\u0142y,Na\u015bcienny do 50m2<\/td>\n<td>7,496 z\u0142<\/td>\n<td>8,537 z\u0142<\/td>\n<\/tr>\n<tr>\n<td>GWH09AKC-K6DNA1A\/I<\/td>\n<td>Soyal 2.7kW,Bia\u0142y,Na\u015bcienny do multisplit 25m2<\/td>\n<td>3,790 z\u0142<\/td>\n<td>4,317 z\u0142<\/td>\n<\/tr>\n<tr>\n<td>GWH12AKC-K6DNA1A\/I<\/td>\n<td>Soyal 3.5kW,Bia\u0142y,Na\u015bcienny do multisplit 35m2<\/td>\n<td>3,948 z\u0142<\/td>\n<td>4,497 z\u0142<\/td>\n<\/tr>\n<tr>\n<td>GWH18AKC-K6DNA1A\/I<\/td>\n<td>Soyal 5.3kW,Bia\u0142y,Na\u015bcienny do multisplit 50m2<\/td>\n<td>4,342 z\u0142<\/td>\n<td>4,945 z\u0142<\/td>\n<\/tr>\n<tr>\n<td>GWH07QC-K6DNB2E<\/td>\n<td>Lomo Luxury,A+\/A+,2,20kW,Bia\u0142y,Na\u015bcienny do 15m2<\/td>\n<td>3,475 z\u0142<\/td>\n<td>3,958 z\u0142<\/td>\n<\/tr>\n<tr>\n<td>GWH09QC-K6DNB2E<\/td>\n<td>Lomo Luxury Plus,A++\/A+,2,70kW,Bia\u0142y,Na\u015bcienny do 25m2<\/td>\n<td>3,811 z\u0142<\/td>\n<td>4,341 z\u0142<\/td>\n<\/tr>\n<tr>\n<td>GWH12QC-K6DNB2D<\/td>\n<td>Lomo Luxury Plus,A++\/A+,3,50kW,Bia\u0142y,Na\u015bcienny do 35m2<\/td>\n<td>4,009 z\u0142<\/td>\n<td>4,566 z\u0142<\/td>\n<\/tr>\n<tr>\n<td>GWH18QD-K6DNB2D<\/td>\n<td>Lomo Luxury Plus,A++\/A+,3,50kW,Bia\u0142y,Na\u015bcienny do 50m2<\/td>\n<td>5,366 z\u0142<\/td>\n<td>6,111 z\u0142<\/td>\n<\/tr>\n<tr>\n<td>GWH24QE-K6DNB2E<\/td>\n<td>Lomo Luxury Plus,A++\/A+,3,50kW,Bia\u0142y,Na\u015bcienny do 70m2<\/td>\n<td>5,893 z\u0142<\/td>\n<td>6,711 z\u0142<\/td>\n<\/tr>\n<tr>\n<td>GWH09YC-K6DNA1A<\/td>\n<td>Amber Standard A+++\/A++,2,70kW,Bia\u0142y,Na\u015bcienny do 25m2<\/td>\n<td>4,616 z\u0142<\/td>\n<td>5,257 z\u0142<\/td>\n<\/tr>\n<tr>\n<td>GWH12YC-K6DNA1A<\/td>\n<td>Amber Standard A+++\/A+,3,50kW,Bia\u0142y,Na\u015bcienny do 35m2<\/td>\n<td>4,761 z\u0142<\/td>\n<td>5,422 z\u0142<\/td>\n<\/tr>\n<tr>\n<td>GWH18YD-K6DNA1A<\/td>\n<td>Amber Standard A++\/A+,5,30kW,Bia\u0142y,Na\u015bcienny do 50m2<\/td>\n<td>5,991 z\u0142<\/td>\n<td>6,823 z\u0142<\/td>\n<\/tr>\n<tr>\n<td>GWH24YE-K6DNA1A<\/td>\n<td>Amber Standard A++\/A+,7,00kW,Bia\u0142y,Na\u015bcienny do 70m2<\/td>\n<td>6,498 z\u0142<\/td>\n<td>7,400 z\u0142<\/td>\n<\/tr>\n<tr>\n<td>GWH09YC-K6DNA2A<\/td>\n<td>Amber Standard A+++\/A++,2,70kW,Srebrny,Na\u015bcienny do 25m2<\/td>\n<td>4,689 z\u0142<\/td>\n<td>5,340 z\u0142<\/td>\n<\/tr>\n<tr>\n<td>GWH12YC-K6DNA2A<\/td>\n<td>Amber Standard A+++\/A+,3,50kW,Srebrny,Na\u015bcienny do 35m2<\/td>\n<td>4,833 z\u0142<\/td>\n<td>5,505 z\u0142<\/td>\n<\/tr>\n<tr>\n<td>GWH18YD-K6DNA2A<\/td>\n<td>Amber Standard A++\/A+,5,30kW,Srebrny,Na\u015bcienny do 50m2<\/td>\n<td>6,063 z\u0142<\/td>\n<td>6,906 z\u0142<\/td>\n<\/tr>\n<tr>\n<td>GWH24YE-K6DNA2A<\/td>\n<td>Amber Standard A++\/A+,7,00kW,Srebrny,Na\u015bcienny do 70m2<\/td>\n<td>6,570 z\u0142<\/td>\n<td>7,482 z\u0142<\/td>\n<\/tr>\n<tr>\n<td>GWH09YD-S6DBA2A<\/td>\n<td>Amber Prestige A+++\/A+++,2,70kW,Bia\u0142y,Na\u015bcienny do 25m2<\/td>\n<td>5,857 z\u0142<\/td>\n<td>6,671 z\u0142<\/td>\n<\/tr>\n<tr>\n<td>GWH12YD-S6DBA2A<\/td>\n<td>Amber Prestige A+++\/A+++,3,53kW,Bia\u0142y,Na\u015bcienny do 35m2<\/td>\n<td>5,966 z\u0142<\/td>\n<td>6,795 z\u0142<\/td>\n<\/tr>\n<tr>\n<td>GWH18YE-S6DBA2A<\/td>\n<td>Amber Prestige A++\/A+,5,30kW,Bia\u0142y,Na\u015bcienny do 50m2<\/td>\n<td>6,594 z\u0142<\/td>\n<td>7,510 z\u0142<\/td>\n<\/tr>\n<tr>\n<td>GWH24YE-S6DBA2A<\/td>\n<td>Amber Prestige A++\/A+,7,03kW,Bia\u0142y,Na\u015bcienny do 70m2<\/td>\n<td>7,153 z\u0142<\/td>\n<td>8,146 z\u0142<\/td>\n<\/tr>\n<tr>\n<td>GWH09UB-K6DNA4A<\/td>\n<td>U-Crown ,A++\/A++,2,70kW,Srebrny,Na\u015bcienny do 25m2<\/td>\n<td>5,791 z\u0142<\/td>\n<td>6,595 z\u0142<\/td>\n<\/tr>\n<tr>\n<td>GWH12UB-K6DNA4A<\/td>\n<td>U-Crown ,A++\/A++,3,53kW,Srebrny,Na\u015bcienny do 35m2<\/td>\n<td>6,126 z\u0142<\/td>\n<td>6,976 z\u0142<\/td>\n<\/tr>\n<tr>\n<td>GWH18UC-K6DNA4A<\/td>\n<td>U-Crown ,A++\/A+,5,30kW,Srebrny,Na\u015bcienny do 50m2<\/td>\n<td>6,594 z\u0142<\/td>\n<td>7,510 z\u0142<\/td>\n<\/tr>\n<tr>\n<td>GWH09UB-K6DNA4A<\/td>\n<td>U-Crown A++\/A++,2.70kW,Szampan,Na\u015bcienny do 25m2<\/td>\n<td>5,791 z\u0142<\/td>\n<td>6,595 z\u0142<\/td>\n<\/tr>\n<tr>\n<td>GWH12UB-K6DNA4A<\/td>\n<td>U-Crown A++\/A++,3.53kW,Champagne,Na\u015bcienny do 35m2<\/td>\n<td>6,126 z\u0142<\/td>\n<td>6,976 z\u0142<\/td>\n<\/tr>\n<tr>\n<td>GWH18UC-K6DNA4A<\/td>\n<td>U-Crown A++\/A+,5.30kW,Champagne,Na\u015bcienny do 50m2<\/td>\n<td>6,594 z\u0142<\/td>\n<td>7,510 z\u0142<\/td>\n<\/tr>\n<tr>\n<td>GWH09AEC-K6DNA1A<\/td>\n<td>G-Tech A+++\/A++,2,70kW,Srebrno-Z\u0142oty,Na\u015bcienny do 25m2<\/td>\n<td>4,425 z\u0142<\/td>\n<td>5,039 z\u0142<\/td>\n<\/tr>\n<tr>\n<td>GWH12AEC-K6DNA1A<\/td>\n<td>G-Tech A+++\/A++,3,50kW,Srebrno-Z\u0142oty,Na\u015bcienny do 35m2<\/td>\n<td>4,693 z\u0142<\/td>\n<td>5,344 z\u0142<\/td>\n<\/tr>\n<tr>\n<td>&nbsp;<\/td>\n<td>&nbsp;<\/td>\n<td>&nbsp;<\/td>\n<td>&nbsp;<\/td>\n<\/tr>\n<tr>\n<td><strong>MIDEA<\/strong><\/td>\n<td>&nbsp;<\/td>\n<td>&nbsp;<\/td>\n<td>&nbsp;<\/td>\n<\/tr>\n<tr>\n<td>KAG-09NXD1-C1<\/td>\n<td>MIDEA XTREME SAVE, A+++\/A++, 2.6kW,3.2kW, Na\u015bcienny do 25m2<\/td>\n<td>4,456 z\u0142<\/td>\n<td>5,075 z\u0142<\/td>\n<\/tr>\n<tr>\n<td>KAG-12NXD1-C1<\/td>\n<td>MIDEA XTREME SAVE, A+++\/A++, 3.5kW,3.8kW, Na\u015bcienny do 35m2<\/td>\n<td>4,618 z\u0142<\/td>\n<td>5,259 z\u0142<\/td>\n<\/tr>\n<tr>\n<td>KAG-18NXD0-B1<\/td>\n<td>MIDEA XTREME SAVE, A+++\/A++, 5.3kW,5.6kW, Na\u015bcienny do 55m2<\/td>\n<td>5,634 z\u0142<\/td>\n<td>6,416 z\u0142<\/td>\n<\/tr>\n<tr>\n<td>KAG-24NXD0-B1<\/td>\n<td>MIDEA XTREME SAVE, A+++\/A++, 7kW,7.3kW, Na\u015bcienny do 70m2<\/td>\n<td>6,811 z\u0142<\/td>\n<td>7,757 z\u0142<\/td>\n<\/tr>\n<tr>\n<td>KMA-B09N8-B1<\/td>\n<td>MIDEA BLANC, A++\/A+, 2.6kW,2.9kW, Na\u015bcienny do 25m2<\/td>\n<td>3,691 z\u0142<\/td>\n<td>4,203 z\u0142<\/td>\n<\/tr>\n<tr>\n<td>KMA-B12N8-B1<\/td>\n<td>MIDEA BLANC, A++\/A+, 3.5kW,3.8kW, Na\u015bcienny do 35m2<\/td>\n<td>3,823 z\u0142<\/td>\n<td>4,354 z\u0142<\/td>\n<\/tr>\n<tr>\n<td>KMA-B18N8-A1<\/td>\n<td>MIDEA BLANC, A++\/A+, 5.2kW,5.6kW, Na\u015bcienny do 55m2<\/td>\n<td>5,015 z\u0142<\/td>\n<td>5,712 z\u0142<\/td>\n<\/tr>\n<tr>\n<td>KMA-B24N8-A1<\/td>\n<td>MIDEA BLANC, A++\/A+, 7kW,7.3kW, Na\u015bcienny do 70m2<\/td>\n<td>6,340 z\u0142<\/td>\n<td>7,221 z\u0142<\/td>\n<\/tr>\n<tr>\n<td>KAG-W09NXD1-C1<\/td>\n<td>MIDEA XTREME SAVE WARMER, A+++\/A++, 2.6kW,3.2kW, Na\u015bcienny do 35m2<\/td>\n<td>4,515 z\u0142<\/td>\n<td>5,142 z\u0142<\/td>\n<\/tr>\n<tr>\n<td>KAG-W12NXD1-C1<\/td>\n<td>MIDEA XTREME SAVE WARMER, A+++\/A++, 3.5kW,3.8kW, Na\u015bcienny do 55m2<\/td>\n<td>4,706 z\u0142<\/td>\n<td>5,360 z\u0142<\/td>\n<\/tr>\n<tr>\n<td>KAG-W18NXD0-B1<\/td>\n<td>MIDEA XTREME SAVE WARMER, A+++\/A++, 5.3kW,5.6kW, Na\u015bcienny do 70m2<\/td>\n<td>5,825 z\u0142<\/td>\n<td>6,634 z\u0142<\/td>\n<\/tr>\n<tr>\n<td>KAG-W24NXD0-B1<\/td>\n<td>MIDEA XTREME SAVE WARMER, A+++\/A++, 7kW,7.3kW, Na\u015bcienny do 25m2<\/td>\n<td>7,135 z\u0142<\/td>\n<td>8,126 z\u0142<\/td>\n<\/tr>\n<tr>\n<td>KFA-09N8-A1<\/td>\n<td>MIDEA BREEZELESS+, A+++\/A++,2.6kW,2.9kW, Na\u015bcienny do 25m8<\/td>\n<td>5,442 z\u0142<\/td>\n<td>6,198 z\u0142<\/td>\n<\/tr>\n<tr>\n<td>KFA-12N8-A1<\/td>\n<td>MIDEA BREEZELESS+, A+++\/A++,3.5kW,3.8kW, Na\u015bcienny do 25m9<\/td>\n<td>5,678 z\u0142<\/td>\n<td>6,466 z\u0142<\/td>\n<\/tr>\n<tr>\n<td>&nbsp;<\/td>\n<td>&nbsp;<\/td>\n<td>&nbsp;<\/td>\n<td>&nbsp;<\/td>\n<\/tr>\n<tr>\n<td><strong>FUJITSU<\/strong><\/td>\n<td>&nbsp;<\/td>\n<td>&nbsp;<\/td>\n<td>&nbsp;<\/td>\n<\/tr>\n<tr>\n<td>ASYG09KHCA\/AOYG09KHCAN<\/td>\n<td>FUJITSU KH <a href=\"http:\/\/Cena z monta\u017cem jesie\u0144 zima 2022&nbsp; pompy powietrzne Fujitsu Nordic \/ zobacz katalog nordic aktualny!\" target=\"_blank\" rel=\"noreferrer noopener\">NORDIC<\/a>, A+++\/A+++,2.5kW,3.2kW, Na\u015bcienny do 35m2<\/td>\n<td>7,258 z\u0142<\/td>\n<td>8,266 z\u0142<\/td>\n<\/tr>\n<tr>\n<td>ASYG12KHCA\/AOYG12KHCAN<\/td>\n<td>FUJITSU KH <a href=\"http:\/\/Cena z monta\u017cem jesie\u0144 zima 2022&nbsp; pompy powietrzne Fujitsu Nordic \/ zobacz katalog nordic aktualny!\" target=\"_blank\" rel=\"noreferrer noopener\">NORDIC<\/a>, A+++\/A++,3.4kW,4kW, Na\u015bcienny do 40m2<\/td>\n<td>7,862 z\u0142<\/td>\n<td>8,954 z\u0142<\/td>\n<\/tr>\n<tr>\n<td>ASYG14KHCA\/AOYG14KHCAN<\/td>\n<td>FUJITSU KH <a href=\"http:\/\/Cena z monta\u017cem jesie\u0144 zima 2022&nbsp; pompy powietrzne Fujitsu Nordic \/ zobacz katalog nordic aktualny!\" target=\"_blank\" rel=\"noreferrer noopener\">NORDIC<\/a>, A++\/A++,4.2kW,5.4kW, Na\u015bcienny do 50m5<\/td>\n<td>9,526 z\u0142<\/td>\n<td>10,849 z\u0142<\/td>\n<\/tr>\n<tr>\n<td>ASYG09KMCDN\/AOYG09KMCDN<\/td>\n<td>FUJITSU KM <a href=\"http:\/\/Cena z monta\u017cem jesie\u0144 zima 2022&nbsp; pompy powietrzne Fujitsu Nordic \/ zobacz katalog nordic aktualny!\">NORDIC<\/a>, A++\/A++,2.5kW,3.2kW, Na\u015bcienny do 35m6<\/td>\n<td>5,481 z\u0142<\/td>\n<td>6,242 z\u0142<\/td>\n<\/tr>\n<tr>\n<td>ASYG12KMCDN\/AOYG12KMCDN<\/td>\n<td>FUJITSU KM <a href=\"http:\/\/Cena z monta\u017cem jesie\u0144 zima 2022&nbsp; pompy powietrzne Fujitsu Nordic \/ zobacz katalog nordic aktualny!\">NORDIC<\/a>, A++\/A++,3.4kW,4kW, Na\u015bcienny do 40m2<\/td>\n<td>6,124 z\u0142<\/td>\n<td>6,974 z\u0142<\/td>\n<\/tr>\n<tr>\n<td>ASYG14KMCDN\/AOYG14KMCDN<\/td>\n<td>FUJITSU KM <a href=\"http:\/\/Cena z monta\u017cem jesie\u0144 zima 2022&nbsp; pompy powietrzne Fujitsu Nordic \/ zobacz katalog nordic aktualny!\">NORDIC<\/a>, A++\/A++,4.2kW,5.4kW, Na\u015bcienny do 45m2<\/td>\n<td>7,938 z\u0142<\/td>\n<td>9,041 z\u0142<\/td>\n<\/tr>\n<\/tbody>\n<\/table>\n<\/figure>\n<p><!-- \/wp:table --><!-- wp:image {\"id\":87086,\"sizeSlug\":\"large\",\"linkDestination\":\"custom\"} --><\/p>\n<figure class=\"wp-block-image size-large\"><a href=\"http:\/\/www.fabrykachlodu.pl\/kontakt\/\"><img fetchpriority=\"high\" decoding=\"async\" width=\"1024\" height=\"556\" class=\"wp-image-87086\" src=\"https:\/\/www.fabrykachlodu.pl\/sklep\/wp-content\/uploads\/2022\/07\/montaz.plus_-1024x556.jpg\" alt=\"\" srcset=\"https:\/\/www.fabrykachlodu.pl\/sklep\/wp-content\/uploads\/2022\/07\/montaz.plus_-1024x556.jpg 1024w, https:\/\/www.fabrykachlodu.pl\/sklep\/wp-content\/uploads\/2022\/07\/montaz.plus_-600x326.jpg 600w, https:\/\/www.fabrykachlodu.pl\/sklep\/wp-content\/uploads\/2022\/07\/montaz.plus_-64x35.jpg 64w, https:\/\/www.fabrykachlodu.pl\/sklep\/wp-content\/uploads\/2022\/07\/montaz.plus_-300x163.jpg 300w, https:\/\/www.fabrykachlodu.pl\/sklep\/wp-content\/uploads\/2022\/07\/montaz.plus_-768x417.jpg 768w, https:\/\/www.fabrykachlodu.pl\/sklep\/wp-content\/uploads\/2022\/07\/montaz.plus_.jpg 1288w\" sizes=\"(max-width: 1024px) 100vw, 1024px\" \/><\/a><\/figure>\n<p><!-- \/wp:image --><!-- wp:spacer {\"height\":\"142px\"} --><\/p>\n<p><!-- \/wp:spacer --><!-- wp:image {\"id\":87126,\"sizeSlug\":\"large\",\"linkDestination\":\"custom\"} --><\/p>\n<p><\/p>\n<h1 class=\"wp-block-image size-large\">Gwarancja najni\u017cszej ceny monta\u017cu Pomp Ciep\u0142a MIDEA, GREE, HAIER powietrze-woda ( CO + CW ) w Warszawie i okolicach \/ promocja jesie\u0144 202 <a href=\"https:\/\/www.fabrykachlodu.pl\/sklep\/pompy-ciepla-montaz-powietrze-woda\/\">cennik<\/a><\/h1>\n<p><!-- \/wp:image --><\/p>\t\t\t\t\t\t<\/div>\n\t\t\t\t<\/div>\n\t\t\t\t\t<\/div>\n\t\t<\/div>\n\t\t\t\t\t<\/div>\n\t\t<\/section>\n\t\t\t\t<\/div>\n\t\t","protected":false},"excerpt":{"rendered":"<p>Nasze us\u0142ugi obejmuj\u0105 monta\u017c i serwis klimatyzacji na terenie Warszawy i okolic. Oferujemy wycen\u0119 monta\u017cu na podstawie zdj\u0119\u0107 i plan\u00f3w domu lub mieszkania, co pozwala nam dostarczy\u0107 Pa\u0144stwu konkurencyjn\u0105 cen\u0119 na odpowiednio dobrane urz\u0105dzenie. Gwarantujemy najni\u017csz\u0105 cen\u0119, poniewa\u017c zawsze przebijamy inne oferty! Aby skorzysta\u0107 z naszych niskich cen monta\u017cu klimatyzacji w Warszawie i okolicach, wystarczy&hellip;<\/p>\n","protected":false},"author":1,"featured_media":0,"parent":0,"menu_order":0,"comment_status":"closed","ping_status":"closed","template":"","meta":{"footnotes":""},"yoast_head":"<!-- This site is optimized with the Yoast SEO plugin v22.1 - https:\/\/yoast.com\/wordpress\/plugins\/seo\/ -->\n<title>Szukasz ceny z monta\u017cem klimatyzacji w Warszawie i okolicach? Zapraszamy!<\/title>\n<meta name=\"description\" content=\"Bo z nami si\u0119 op\u0142aca! Zadowoleni klienci, kt\u00f3rzy polecili nam monta\u017c klimatyzacji s\u0105 g\u0142\u00f3wnym sposobem naszej reklamy. Szukasz ceny z monta\u017cem klimatyzacji? Zapraszamy! Wiosna - Lato 2022 obr\u0119b Warszawa i okolice.\" \/>\n<meta name=\"robots\" content=\"index, follow, max-snippet:-1, max-image-preview:large, max-video-preview:-1\" \/>\n<link rel=\"canonical\" href=\"https:\/\/www.fabrykachlodu.pl\/sklep\/przebijamy-ceny-zawodowo\/\" \/>\n<meta name=\"twitter:label1\" content=\"Szacowany czas czytania\" \/>\n\t<meta name=\"twitter:data1\" content=\"7 minut\" \/>\n<script type=\"application\/ld+json\" class=\"yoast-schema-graph\">{\"@context\":\"https:\/\/schema.org\",\"@graph\":[{\"@type\":\"WebPage\",\"@id\":\"https:\/\/www.fabrykachlodu.pl\/sklep\/przebijamy-ceny-zawodowo\/\",\"url\":\"https:\/\/www.fabrykachlodu.pl\/sklep\/przebijamy-ceny-zawodowo\/\",\"name\":\"Szukasz ceny z monta\u017cem klimatyzacji w Warszawie i okolicach? Zapraszamy!\",\"isPartOf\":{\"@id\":\"https:\/\/www.fabrykachlodu.pl\/sklep\/#website\"},\"datePublished\":\"2022-05-23T06:22:15+00:00\",\"dateModified\":\"2024-05-23T04:35:16+00:00\",\"description\":\"Bo z nami si\u0119 op\u0142aca! Zadowoleni klienci, kt\u00f3rzy polecili nam monta\u017c klimatyzacji s\u0105 g\u0142\u00f3wnym sposobem naszej reklamy. Szukasz ceny z monta\u017cem klimatyzacji? Zapraszamy! Wiosna - Lato 2022 obr\u0119b Warszawa i okolice.\",\"breadcrumb\":{\"@id\":\"https:\/\/www.fabrykachlodu.pl\/sklep\/przebijamy-ceny-zawodowo\/#breadcrumb\"},\"inLanguage\":\"pl-PL\",\"potentialAction\":[{\"@type\":\"ReadAction\",\"target\":[\"https:\/\/www.fabrykachlodu.pl\/sklep\/przebijamy-ceny-zawodowo\/\"]}]},{\"@type\":\"BreadcrumbList\",\"@id\":\"https:\/\/www.fabrykachlodu.pl\/sklep\/przebijamy-ceny-zawodowo\/#breadcrumb\",\"itemListElement\":[{\"@type\":\"ListItem\",\"position\":1,\"name\":\"Strona g\u0142\u00f3wna\",\"item\":\"https:\/\/www.fabrykachlodu.pl\/sklep\/\"},{\"@type\":\"ListItem\",\"position\":2,\"name\":\"Chcesz wiedzie\u0107 ile kosztuje monta\u017c klimatyzacji w Warszawie?\"}]},{\"@type\":\"WebSite\",\"@id\":\"https:\/\/www.fabrykachlodu.pl\/sklep\/#website\",\"url\":\"https:\/\/www.fabrykachlodu.pl\/sklep\/\",\"name\":\"\u00b0FC Sklep Internetowy monta\u017c klimatyzacji pomp ciep\u0142a\",\"description\":\"\u00b0FC monta\u017c klimatyzacji pomp ciep\u0142a z nami to szybki i tani wyb\u00f3r.  Us\u0142ugi monta\u017cowe i serwisowe W Warszawie i okolicach..\",\"potentialAction\":[{\"@type\":\"SearchAction\",\"target\":{\"@type\":\"EntryPoint\",\"urlTemplate\":\"https:\/\/www.fabrykachlodu.pl\/sklep\/?s={search_term_string}\"},\"query-input\":\"required name=search_term_string\"}],\"inLanguage\":\"pl-PL\"}]}<\/script>\n<!-- \/ Yoast SEO plugin. -->","yoast_head_json":{"title":"Szukasz ceny z monta\u017cem klimatyzacji w Warszawie i okolicach? Zapraszamy!","description":"Bo z nami si\u0119 op\u0142aca! Zadowoleni klienci, kt\u00f3rzy polecili nam monta\u017c klimatyzacji s\u0105 g\u0142\u00f3wnym sposobem naszej reklamy. Szukasz ceny z monta\u017cem klimatyzacji? Zapraszamy! Wiosna - Lato 2022 obr\u0119b Warszawa i okolice.","robots":{"index":"index","follow":"follow","max-snippet":"max-snippet:-1","max-image-preview":"max-image-preview:large","max-video-preview":"max-video-preview:-1"},"canonical":"https:\/\/www.fabrykachlodu.pl\/sklep\/przebijamy-ceny-zawodowo\/","twitter_misc":{"Szacowany czas czytania":"7 minut"},"schema":{"@context":"https:\/\/schema.org","@graph":[{"@type":"WebPage","@id":"https:\/\/www.fabrykachlodu.pl\/sklep\/przebijamy-ceny-zawodowo\/","url":"https:\/\/www.fabrykachlodu.pl\/sklep\/przebijamy-ceny-zawodowo\/","name":"Szukasz ceny z monta\u017cem klimatyzacji w Warszawie i okolicach? Zapraszamy!","isPartOf":{"@id":"https:\/\/www.fabrykachlodu.pl\/sklep\/#website"},"datePublished":"2022-05-23T06:22:15+00:00","dateModified":"2024-05-23T04:35:16+00:00","description":"Bo z nami si\u0119 op\u0142aca! Zadowoleni klienci, kt\u00f3rzy polecili nam monta\u017c klimatyzacji s\u0105 g\u0142\u00f3wnym sposobem naszej reklamy. Szukasz ceny z monta\u017cem klimatyzacji? Zapraszamy! Wiosna - Lato 2022 obr\u0119b Warszawa i okolice.","breadcrumb":{"@id":"https:\/\/www.fabrykachlodu.pl\/sklep\/przebijamy-ceny-zawodowo\/#breadcrumb"},"inLanguage":"pl-PL","potentialAction":[{"@type":"ReadAction","target":["https:\/\/www.fabrykachlodu.pl\/sklep\/przebijamy-ceny-zawodowo\/"]}]},{"@type":"BreadcrumbList","@id":"https:\/\/www.fabrykachlodu.pl\/sklep\/przebijamy-ceny-zawodowo\/#breadcrumb","itemListElement":[{"@type":"ListItem","position":1,"name":"Strona g\u0142\u00f3wna","item":"https:\/\/www.fabrykachlodu.pl\/sklep\/"},{"@type":"ListItem","position":2,"name":"Chcesz wiedzie\u0107 ile kosztuje monta\u017c klimatyzacji w Warszawie?"}]},{"@type":"WebSite","@id":"https:\/\/www.fabrykachlodu.pl\/sklep\/#website","url":"https:\/\/www.fabrykachlodu.pl\/sklep\/","name":"\u00b0FC Sklep Internetowy monta\u017c klimatyzacji pomp ciep\u0142a","description":"\u00b0FC monta\u017c klimatyzacji pomp ciep\u0142a z nami to szybki i tani wyb\u00f3r.  Us\u0142ugi monta\u017cowe i serwisowe W Warszawie i okolicach..","potentialAction":[{"@type":"SearchAction","target":{"@type":"EntryPoint","urlTemplate":"https:\/\/www.fabrykachlodu.pl\/sklep\/?s={search_term_string}"},"query-input":"required name=search_term_string"}],"inLanguage":"pl-PL"}]}},"_links":{"self":[{"href":"https:\/\/www.fabrykachlodu.pl\/sklep\/wp-json\/wp\/v2\/pages\/83534"}],"collection":[{"href":"https:\/\/www.fabrykachlodu.pl\/sklep\/wp-json\/wp\/v2\/pages"}],"about":[{"href":"https:\/\/www.fabrykachlodu.pl\/sklep\/wp-json\/wp\/v2\/types\/page"}],"author":[{"embeddable":true,"href":"https:\/\/www.fabrykachlodu.pl\/sklep\/wp-json\/wp\/v2\/users\/1"}],"replies":[{"embeddable":true,"href":"https:\/\/www.fabrykachlodu.pl\/sklep\/wp-json\/wp\/v2\/comments?post=83534"}],"version-history":[{"count":58,"href":"https:\/\/www.fabrykachlodu.pl\/sklep\/wp-json\/wp\/v2\/pages\/83534\/revisions"}],"predecessor-version":[{"id":91532,"href":"https:\/\/www.fabrykachlodu.pl\/sklep\/wp-json\/wp\/v2\/pages\/83534\/revisions\/91532"}],"wp:attachment":[{"href":"https:\/\/www.fabrykachlodu.pl\/sklep\/wp-json\/wp\/v2\/media?parent=83534"}],"curies":[{"name":"wp","href":"https:\/\/api.w.org\/{rel}","templated":true}]}}