{"id":87096,"date":"2022-07-23T19:56:54","date_gmt":"2022-07-23T17:56:54","guid":{"rendered":"http:\/\/www.fabrykachlodu.pl\/sklep\/?page_id=87096"},"modified":"2022-08-09T14:09:56","modified_gmt":"2022-08-09T12:09:56","slug":"pompy-ciepla-montaz-powietrze-woda","status":"publish","type":"page","link":"https:\/\/www.fabrykachlodu.pl\/sklep\/pompy-ciepla-montaz-powietrze-woda\/","title":{"rendered":"Pompy Ciep\u0142a Monta\u017c Powietrze-Woda"},"content":{"rendered":"\n<p>Pompy ciep\u0142a typu Split oraz MONOBLOK CO + CWU | R32<\/p>\n\n\n\n<figure class=\"wp-block-table is-style-stripes\"><table><tbody><tr><td>Model<\/td><td>Nazwa<\/td><td>Cena z 8% VAT (osoba prywatna)<\/td><td>Cena z 23% VAT (na firm\u0119)<\/td><\/tr><tr><td>M-Thermal-4B1HB<\/td><td>MIDEA (Zestaw SPLIT Pompa Ciep\u0142a Powietrze-Woda) Do domu 45m2 A++\/A++ Grzanie kW4,5 Ch\u0142odzenie kW5,2, EER5,6 Zasilanie 220-240\/1\/50<\/td><td>25,801 z\u0142<\/td><td>29,384 z\u0142<\/td><\/tr><tr><td>M-Thermal-6B1HB<\/td><td>MIDEA (Zestaw SPLIT Pompa Ciep\u0142a Powietrze-Woda) Do domu 66m2 A++\/A++ Grzanie kW6,6 Ch\u0142odzenie kW5,0, EER4,9 Zasilanie 220-240\/1\/50<\/td><td>26,504 z\u0142<\/td><td>30,185 z\u0142<\/td><\/tr><tr><td>M-Thermal-8B1HB<\/td><td>MIDEA (Zestaw SPLIT Pompa Ciep\u0142a Powietrze-Woda) Do domu 84m2 A++\/A++ Grzanie kW8,4 Ch\u0142odzenie kW5,2, EER5,1 Zasilanie 220-240\/1\/50<\/td><td>27,435 z\u0142<\/td><td>31,246 z\u0142<\/td><\/tr><tr><td>M-Thermal-10B1HB<\/td><td>MIDEA (Zestaw SPLIT Pompa Ciep\u0142a Powietrze-Woda) Do domu 100m2 A++\/A++ Grzanie kW10,0 Ch\u0142odzenie kW5,0, EER4,8 Zasilanie 220-240\/1\/50<\/td><td>29,270 z\u0142<\/td><td>33,335 z\u0142<\/td><\/tr><tr><td>M-Thermal-12B1HB<\/td><td>MIDEA (Zestaw SPLIT Pompa Ciep\u0142a Powietrze-Woda) Do domu 120m2 A++\/A++ Grzanie kW12,0 Ch\u0142odzenie kW5,0, EER4,0 Zasilanie 220-240\/1\/50<\/td><td>33,280 z\u0142<\/td><td>37,903 z\u0142<\/td><\/tr><tr><td>M-Thermal-14B1HB<\/td><td>MIDEA (Zestaw SPLIT Pompa Ciep\u0142a Powietrze-Woda) Do domu 135m2 A++\/A++ Grzanie kW13,5 Ch\u0142odzenie kW4,7, EER3,6 Zasilanie 220-240\/1\/50<\/td><td>34,022 z\u0142<\/td><td>38,747 z\u0142<\/td><\/tr><tr><td>M-Thermal-16B1HB<\/td><td>MIDEA (Zestaw SPLIT Pompa Ciep\u0142a Powietrze-Woda) Do domu 149m2 A++\/A++ Grzanie kW14,9 Ch\u0142odzenie kW4,5, EER3,4 Zasilanie 220-240\/1\/50<\/td><td>35,542 z\u0142<\/td><td>40,479 z\u0142<\/td><\/tr><tr><td>M-Thermal-12B3HB<\/td><td>MIDEA (Zestaw SPLIT Pompa Ciep\u0142a Powietrze-Woda) Do domu 120m2 A++\/A++ Grzanie kW12,0 Ch\u0142odzenie kW5,0, EER4,0 Zasilanie 380-415\/3\/50<\/td><td>35,077 z\u0142<\/td><td>39,948 z\u0142<\/td><\/tr><tr><td>M-Thermal-14B3HB<\/td><td>MIDEA (Zestaw SPLIT Pompa Ciep\u0142a Powietrze-Woda) Do domu 135m2 A++\/A++ Grzanie kW13,5 Ch\u0142odzenie kW4,7, EER3,6 Zasilanie 380-415\/3\/50<\/td><td>35,495 z\u0142<\/td><td>40,425 z\u0142<\/td><\/tr><tr><td>M-Thermal-16B3HB<\/td><td>MIDEA (Zestaw SPLIT Pompa Ciep\u0142a Powietrze-Woda) Do domu 149m2 A++\/A++ Grzanie kW14,9 Ch\u0142odzenie kW4,5, EER3,4 Zasilanie 380-415\/3\/50<\/td><td>36,255 z\u0142<\/td><td>41,291 z\u0142<\/td><\/tr><tr><td><\/td><td><\/td><td><\/td><td><\/td><\/tr><tr><td>ALL-ONE-4A1\/190<\/td><td>MIDEA (Zestaw Pompa Ciep\u0142a Powietrze-Woda) Do domu 43m2 A++\/A++ Grzanie kW4,25 Ch\u0142odzenie kW4,50, COP5,20 EER5,55 Zasilanie 220-240\/1\/50<\/td><td>38,926 z\u0142<\/td><td>44,332 z\u0142<\/td><\/tr><tr><td>ALL-ONE-4A1\/240<\/td><td>MIDEA (Zestaw Pompa Ciep\u0142a Powietrze-Woda) Do domu 43m2 A++\/A++ Grzanie kW4,25 Ch\u0142odzenie kW4,50, COP5,20 EER5,55 Zasilanie 220-240\/1\/50<\/td><td>42,889 z\u0142<\/td><td>48,846 z\u0142<\/td><\/tr><tr><td>ALL-ONE-6A1\/190<\/td><td>MIDEA (Zestaw Pompa Ciep\u0142a Powietrze-Woda) Do domu 62m2 A++\/A++ Grzanie kW6,20 Ch\u0142odzenie kW6,55, COP5,00 EER4,90 Zasilanie 220-240\/1\/50<\/td><td>39,591 z\u0142<\/td><td>45,090 z\u0142<\/td><\/tr><tr><td>ALL-ONE-6A1\/240<\/td><td>MIDEA (Zestaw Pompa Ciep\u0142a Powietrze-Woda) Do domu 62m2 A++\/A++ Grzanie kW6,20 Ch\u0142odzenie kW6,55, COP5,00 EER4,90 Zasilanie 220-240\/1\/50<\/td><td>43,573 z\u0142<\/td><td>49,625 z\u0142<\/td><\/tr><tr><td>ALL-ONE-8A1\/190<\/td><td>MIDEA (Zestaw Pompa Ciep\u0142a Powietrze-Woda) Do domu 83m2 A++\/A++ Grzanie kW8,30 Ch\u0142odzenie kW8,40, COP5,20 EER5,05 Zasilanie 220-240\/1\/50<\/td><td>40,893 z\u0142<\/td><td>46,573 z\u0142<\/td><\/tr><tr><td>ALL-ONE-8A1\/240<\/td><td>MIDEA (Zestaw Pompa Ciep\u0142a Powietrze-Woda) Do domu 83m2 A++\/A++ Grzanie kW8,30 Ch\u0142odzenie kW8,40, COP5,20 EER5,05 Zasilanie 220-240\/1\/50<\/td><td>44,866 z\u0142<\/td><td>51,097 z\u0142<\/td><\/tr><tr><td>ALL-ONE-10A1\/190<\/td><td>MIDEA (Zestaw Pompa Ciep\u0142a Powietrze-Woda) Do domu 100m2 A++\/A++ Grzanie kW10,00 Ch\u0142odzenie kW10,00, COP5,00 EER4,80 Zasilanie 220-240\/1\/50<\/td><td>42,661 z\u0142<\/td><td>48,586 z\u0142<\/td><\/tr><tr><td>ALL-ONE-10A1\/240<\/td><td>MIDEA (Zestaw Pompa Ciep\u0142a Powietrze-Woda) Do domu 100m2 A++\/A++ Grzanie kW10,00 Ch\u0142odzenie kW10,00, COP5,00 EER4,80 Zasilanie 220-240\/1\/50<\/td><td>46,643 z\u0142<\/td><td>53,121 z\u0142<\/td><\/tr><tr><td>ALL-ONE-12A3\/240<\/td><td>MIDEA (Zestaw Pompa Ciep\u0142a Powietrze-Woda) Do domu 120m2 A++\/A++ Grzanie kW12,00 Ch\u0142odzenie kW12,00, COP5,00 EER4,80 Zasilanie 380-415\/3\/50<\/td><td>52,165 z\u0142<\/td><td>59,410 z\u0142<\/td><\/tr><tr><td><\/td><td><\/td><td><\/td><td><\/td><\/tr><tr><td>MHC-V4W\/D2N8-BE30<\/td><td>MIDEA (Mono Pompa Ciep\u0142a Powietrze-Woda) Do domu 210m2 A++\/A++ Grzanie kW4,2 Ch\u0142odzenie kW4,5, COP5,1 EER5,5 Zasilanie 220-240\/1\/50<\/td><td>24,233 z\u0142<\/td><td>27,598 z\u0142<\/td><\/tr><tr><td>MHC-V6W\/D2N8-BE30<\/td><td>MIDEA (Mono Pompa Ciep\u0142a Powietrze-Woda) Do domu 220m2 A++\/A++ Grzanie kW6,4 Ch\u0142odzenie kW6,5, COP4,9 EER4,8 Zasilanie 220-240\/1\/50<\/td><td>24,822 z\u0142<\/td><td>28,269 z\u0142<\/td><\/tr><tr><td>MHC-V8W\/D2N8-BE30<\/td><td>MIDEA (Mono Pompa Ciep\u0142a Powietrze-Woda) Do domu 230m2 A++\/A++ Grzanie kW8,4 Ch\u0142odzenie kW8,3, COP5,2 EER5,1 Zasilanie 220-240\/1\/50<\/td><td>25,430 z\u0142<\/td><td>28,962 z\u0142<\/td><\/tr><tr><td>MHC-V10W\/D2N8-BE30<\/td><td>MIDEA (Mono Pompa Ciep\u0142a Powietrze-Woda) Do domu 240m2 A++\/A++ Grzanie kW10,0 Ch\u0142odzenie kW9,9, COP5,0 EER4,5 Zasilanie 220-240\/1\/50<\/td><td>26,875 z\u0142<\/td><td>30,607 z\u0142<\/td><\/tr><tr><td>MHC-V12W\/D2N8-BE30<\/td><td>MIDEA (Mono Pompa Ciep\u0142a Powietrze-Woda) Do domu 250m2 A++\/A++ Grzanie kW12,1 Ch\u0142odzenie kW12,0, COP5,0 EER4,0 Zasilanie 220-240\/1\/50<\/td><td>34,155 z\u0142<\/td><td>38,899 z\u0142<\/td><\/tr><tr><td>MHC-V14W\/D2N8-BE30<\/td><td>MIDEA (Mono Pompa Ciep\u0142a Powietrze-Woda) Do domu 260m2 A++\/A++ Grzanie kW14,5 Ch\u0142odzenie kW13,5, COP4,6 EER3,6 Zasilanie 220-240\/1\/50<\/td><td>34,687 z\u0142<\/td><td>39,505 z\u0142<\/td><\/tr><tr><td>MHC-V16W\/D2N8-BE30<\/td><td>MIDEA (Mono Pompa Ciep\u0142a Powietrze-Woda) Do domu 270m2 A++\/A++ Grzanie kW15,9 Ch\u0142odzenie kW14,9, COP4,5 EER3,4 Zasilanie 220-240\/1\/50<\/td><td>34,944 z\u0142<\/td><td>39,797 z\u0142<\/td><\/tr><tr><td>MHC-V12W\/D2RN8-BER90<\/td><td>MIDEA (Mono Pompa Ciep\u0142a Powietrze-Woda) Do domu 280m2 A++\/A++ Grzanie kW12,1 Ch\u0142odzenie kW12,0, COP5,0 EER4,0 Zasilanie 380-415\/3\/50<\/td><td>35,751 z\u0142<\/td><td>40,717 z\u0142<\/td><\/tr><tr><td>MHC-V14W\/D2RN8-BER90<\/td><td>MIDEA (Mono Pompa Ciep\u0142a Powietrze-Woda) Do domu 290m2 A++\/A++ Grzanie kW14,5 Ch\u0142odzenie kW13,5, COP4,6 EER3,6 Zasilanie 380-415\/3\/50<\/td><td>37,139 z\u0142<\/td><td>42,297 z\u0142<\/td><\/tr><tr><td>MHC-V16W\/D2RN8-BER90<\/td><td>MIDEA (Mono Pompa Ciep\u0142a Powietrze-Woda) Do domu 300m2 A++\/A++ Grzanie kW15,9 Ch\u0142odzenie kW14,9, COP4,5 EER3,4 Zasilanie 380-415\/3\/50<\/td><td>38,403 z\u0142<\/td><td>43,737 z\u0142<\/td><\/tr><tr><td><strong>GREE<\/strong><\/td><td><\/td><td><\/td><td><\/td><\/tr><tr><td>V06S1<\/td><td>GREE (VERSATI III Zestaw SPLIT Pompa Ciep\u0142a Powietrze-Woda) Do domu 58m2 A++\/A++ Grzanie kW5,80 Ch\u0142odzenie kW6,00, COP EER4,4\/5,0 Zasilanie 220-240\/1\/50<\/td><td>20,174 z\u0142<\/td><td>22,976 z\u0142<\/td><\/tr><tr><td>VO8S1<\/td><td>GREE (VERSATI III Zestaw SPLIT Pompa Ciep\u0142a Powietrze-Woda) Do domu 70m2 A++\/A++ Grzanie kW7,00 Ch\u0142odzenie kW8,00, COP EER4,0\/4,7 Zasilanie 220-240\/1\/50<\/td><td>21,125 z\u0142<\/td><td>24,059 z\u0142<\/td><\/tr><tr><td>V10S1<\/td><td>GREE (VERSATI III Zestaw SPLIT Pompa Ciep\u0142a Powietrze-Woda) Do domu 85m2 A++\/A++ Grzanie kW8,50 Ch\u0142odzenie kW9,50, COP EER3,8\/4,6 Zasilanie 220-240\/1\/50<\/td><td>22,550 z\u0142<\/td><td>25,682 z\u0142<\/td><\/tr><tr><td>VO8S3<\/td><td>GREE (VERSATI III Zestaw SPLIT Pompa Ciep\u0142a Powietrze-Woda) Do domu 85m2 A++\/A++ Grzanie kW8,50 Ch\u0142odzenie kW8,00, COP EER4,9\/4,9 Zasilanie 380-415\/3\/50<\/td><td>23,976 z\u0142<\/td><td>27,306 z\u0142<\/td><\/tr><tr><td>V10S3<\/td><td>GREE (VERSATI III Zestaw SPLIT Pompa Ciep\u0142a Powietrze-Woda) Do domu 100m2 A++\/A++ Grzanie kW10,00 Ch\u0142odzenie kW10,00, COP EER4,3\/4,7 Zasilanie 380-415\/3\/50<\/td><td>24,926 z\u0142<\/td><td>28,388 z\u0142<\/td><\/tr><tr><td>V12S3<\/td><td>GREE (VERSATI III Zestaw SPLIT Pompa Ciep\u0142a Powietrze-Woda) Do domu 110m2 A++\/A++ Grzanie kW11,00 Ch\u0142odzenie kW12,00, COP EER4,4\/5,0 Zasilanie 380-415\/3\/50<\/td><td>27,302 z\u0142<\/td><td>31,094 z\u0142<\/td><\/tr><tr><td>V14S3<\/td><td>GREE (VERSATI III Zestaw SPLIT Pompa Ciep\u0142a Powietrze-Woda) Do domu 126m2 A++\/A++ Grzanie kW12,60 Ch\u0142odzenie kW14,00, COP EER3,7\/4,7 Zasilanie 380-415\/3\/50<\/td><td>28,253 z\u0142<\/td><td>32,177 z\u0142<\/td><\/tr><tr><td>V16S3<\/td><td>GREE (VERSATI III Zestaw SPLIT Pompa Ciep\u0142a Powietrze-Woda) Do domu 130m2 A++\/A++ Grzanie kW13,00 Ch\u0142odzenie kW15,50, COP EER3,6\/4,5 Zasilanie 380-415\/3\/50<\/td><td>29,203 z\u0142<\/td><td>33,259 z\u0142<\/td><\/tr><tr><td>V08M1<\/td><td>GREE (VERSATI III Mono Pompa Ciep\u0142a Powietrze-Woda) Do domu 68m2 A++\/A++ Grzanie kW6,80 Ch\u0142odzenie kW7,50, COP EER4,4\/4,6 Zasilanie 220-240\/1\/50<\/td><td>18,274 z\u0142<\/td><td>20,812 z\u0142<\/td><\/tr><tr><td>V10M3<\/td><td>GREE (VERSATI III Mono Pompa Ciep\u0142a Powietrze-Woda) Do domu 88m2 A++\/A++ Grzanie kW8,80 Ch\u0142odzenie kW10,00, COP EER4,5\/4,6 Zasilanie 380-415\/3\/50<\/td><td>20,174 z\u0142<\/td><td>22,976 z\u0142<\/td><\/tr><tr><td><strong>HAIER<\/strong><\/td><td><\/td><td><\/td><td><\/td><\/tr><tr><td>AU052FYCRB(HW)<\/td><td>HAIER (SUPER AQUA MONOBLOK Pompa Ciep\u0142a Powietrze-Woda) Do domu 95m2 A++\/A++ Grzanie kW5 Ch\u0142odzenie kW5, COP EER5,05 Zasilanie 1\/220-240\/50\/60<\/td><td>15,175 z\u0142<\/td><td>17,283 z\u0142<\/td><\/tr><tr><td>AU082FYCRA(HW)<\/td><td>HAIER (SUPER AQUA MONOBLOK Pompa Ciep\u0142a Powietrze-Woda) Do domu 96m2 A++\/A++ Grzanie kW7,8 Ch\u0142odzenie kW5,5, COP EER4,4 Zasilanie 1\/220-240\/50\/60<\/td><td>16,259 z\u0142<\/td><td>18,517 z\u0142<\/td><\/tr><tr><td>AU112FYCRA(HW)<\/td><td>HAIER (SUPER AQUA MONOBLOK Pompa Ciep\u0142a Powietrze-Woda) Do domu 97m2 A++\/A++ Grzanie kW11 Ch\u0142odzenie kW11,5, COP EER4,2 Zasilanie 1\/220-240\/50\/60<\/td><td>24,850 z\u0142<\/td><td>28,302 z\u0142<\/td><\/tr><tr><td>AU162FYCRA(HW)<\/td><td>HAIER (SUPER AQUA MONOBLOK Pompa Ciep\u0142a Powietrze-Woda) Do domu 98m2 A++\/A++ Grzanie kW16 Ch\u0142odzenie kW14,5, COP EER4,15 Zasilanie 1\/220-240\/50\/60<\/td><td>26,865 z\u0142<\/td><td>30,596 z\u0142<\/td><\/tr><tr><td>AW042SSCHA<\/td><td>HAIER (SUPER AQUA Split Pompa Ciep\u0142a Powietrze-Woda) Do domu 101m2 A++\/A++ Grzanie kW4,27 Ch\u0142odzenie kW4,03, COP EER5,14 Zasilanie 220-240\/1\/50-60<\/td><td>20,735 z\u0142<\/td><td>23,615 z\u0142<\/td><\/tr><tr><td>AW062SSCHA<\/td><td>HAIER (SUPER AQUA Split Pompa Ciep\u0142a Powietrze-Woda) Do domu 102m2 A++\/A++ Grzanie kW6,08 Ch\u0142odzenie kW6,06, COP EER4,98 Zasilanie 220-240\/1\/50-60<\/td><td>21,676 z\u0142<\/td><td>24,687 z\u0142<\/td><\/tr><tr><td>AW082SNCHA<\/td><td>HAIER (SUPER AQUA Split Pompa Ciep\u0142a Powietrze-Woda) Do domu 103m2 A++\/A++ Grzanie kW8,06 Ch\u0142odzenie kW8,06, COP EER4,98 Zasilanie 220-240\/1\/50-60<\/td><td>25,962 z\u0142<\/td><td>29,568 z\u0142<\/td><\/tr><tr><td>AW102SNCHA<\/td><td>HAIER (SUPER AQUA Split Pompa Ciep\u0142a Powietrze-Woda) Do domu 104m2 A++\/A++ Grzanie kW10,04 Ch\u0142odzenie kW9,1, COP EER4,71 Zasilanie 220-240\/1\/50-60<\/td><td>26,599 z\u0142<\/td><td>30,293 z\u0142<\/td><\/tr><\/tbody><\/table><\/figure>\n\n\n\n<p><\/p>\n\n\n<div data-block-name=\"woocommerce\/handpicked-products\" data-edit-mode=\"false\" data-products=\"[39106,39257]\" class=\"wc-block-grid wp-block-handpicked-products wc-block-handpicked-products has-3-columns has-multiple-rows\"><ul class=\"wc-block-grid__products\"><li class=\"wc-block-grid__product add-to-wishlist-after_add_to_cart\"><a href=\"https:\/\/www.fabrykachlodu.pl\/sklep\/produkt\/pompy-ciepla-panasonic-montaz-i-serwis\/\" class=\"wc-block-grid__product-link\">\n\t\t\t\t\t\n\t\t\t\t\t<div class=\"wc-block-grid__product-image\"><img fetchpriority=\"high\" decoding=\"async\" width=\"300\" height=\"300\" src=\"https:\/\/www.fabrykachlodu.pl\/sklep\/wp-content\/uploads\/2019\/05\/POMPA.CIEPLA.WARSZAWA_dla_domo\u0301w_energooszcze\u0328dnych-300x300.jpg\" class=\"attachment-woocommerce_thumbnail size-woocommerce_thumbnail\" alt=\"POMPA.CIEPLA.WARSZAWA_dla_domo\u0301w_energooszcze\u0328dnych\" srcset=\"https:\/\/www.fabrykachlodu.pl\/sklep\/wp-content\/uploads\/2019\/05\/POMPA.CIEPLA.WARSZAWA_dla_domo\u0301w_energooszcze\u0328dnych-300x300.jpg 300w, https:\/\/www.fabrykachlodu.pl\/sklep\/wp-content\/uploads\/2019\/05\/POMPA.CIEPLA.WARSZAWA_dla_domo\u0301w_energooszcze\u0328dnych-200x200.jpg 200w, https:\/\/www.fabrykachlodu.pl\/sklep\/wp-content\/uploads\/2019\/05\/POMPA.CIEPLA.WARSZAWA_dla_domo\u0301w_energooszcze\u0328dnych-600x600.jpg 600w, https:\/\/www.fabrykachlodu.pl\/sklep\/wp-content\/uploads\/2019\/05\/POMPA.CIEPLA.WARSZAWA_dla_domo\u0301w_energooszcze\u0328dnych-64x64.jpg 64w, https:\/\/www.fabrykachlodu.pl\/sklep\/wp-content\/uploads\/2019\/05\/POMPA.CIEPLA.WARSZAWA_dla_domo\u0301w_energooszcze\u0328dnych-150x150.jpg 150w, https:\/\/www.fabrykachlodu.pl\/sklep\/wp-content\/uploads\/2019\/05\/POMPA.CIEPLA.WARSZAWA_dla_domo\u0301w_energooszcze\u0328dnych-768x768.jpg 768w, https:\/\/www.fabrykachlodu.pl\/sklep\/wp-content\/uploads\/2019\/05\/POMPA.CIEPLA.WARSZAWA_dla_domo\u0301w_energooszcze\u0328dnych.jpg 1000w\" sizes=\"(max-width: 300px) 100vw, 300px\" \/><\/div>\n\t\t\t\t\t<div class=\"wc-block-grid__product-title\">POMPY CIEP\u0141A PANASONIC AQUAREA GENERACJI H, SERIA HIGH PERFORMANCE<\/div>\n\t\t\t\t<\/a>\n\t\t\t\t<div class=\"wc-block-grid__product-price price\"><span class=\"woocommerce-Price-amount amount\">23,763.60&nbsp;<span class=\"woocommerce-Price-currencySymbol\">&#122;&#322;<\/span><\/span> &ndash; <span class=\"woocommerce-Price-amount amount\">50,090.52&nbsp;<span class=\"woocommerce-Price-currencySymbol\">&#122;&#322;<\/span><\/span><\/div>\n\t\t\t\t\n\t\t\t\t<div class=\"wp-block-button wc-block-grid__product-add-to-cart\"><a href=\"https:\/\/www.fabrykachlodu.pl\/sklep\/produkt\/pompy-ciepla-panasonic-montaz-i-serwis\/\" aria-label=\"Wybierz opcje dla &bdquo;POMPY CIEP\u0141A PANASONIC AQUAREA GENERACJI H, SERIA HIGH PERFORMANCE&rdquo;\" data-quantity=\"1\" data-product_id=\"39257\" data-product_sku=\"AQUAREA PANASONIC\" data-price=\"23763.6\" rel=\"nofollow\" class=\"wp-block-button__link  add_to_cart_button\">Wybierz opcje<\/a><\/div>\n\t\t\t\n<div\n\tclass=\"yith-wcwl-add-to-wishlist add-to-wishlist-39257  wishlist-fragment on-first-load\"\n\tdata-fragment-ref=\"39257\"\n\tdata-fragment-options=\"{&quot;base_url&quot;:&quot;&quot;,&quot;in_default_wishlist&quot;:false,&quot;is_single&quot;:false,&quot;show_exists&quot;:false,&quot;product_id&quot;:&quot;39257&quot;,&quot;parent_product_id&quot;:39257,&quot;product_type&quot;:&quot;variable&quot;,&quot;show_view&quot;:false,&quot;browse_wishlist_text&quot;:&quot;Przegl\\u0105daj list\\u0119&quot;,&quot;already_in_wishslist_text&quot;:&quot;Dodano!&quot;,&quot;product_added_text&quot;:&quot;Zapisano!&quot;,&quot;heading_icon&quot;:&quot;&quot;,&quot;available_multi_wishlist&quot;:false,&quot;disable_wishlist&quot;:false,&quot;show_count&quot;:false,&quot;ajax_loading&quot;:false,&quot;loop_position&quot;:&quot;after_add_to_cart&quot;,&quot;item&quot;:&quot;add_to_wishlist&quot;}\"\n>\n\t<\/div>\n<\/li><li class=\"wc-block-grid__product add-to-wishlist-after_add_to_cart\"><a href=\"https:\/\/www.fabrykachlodu.pl\/sklep\/produkt\/gree-pompa-ciepla-powietrza\/\" class=\"wc-block-grid__product-link\">\n\t\t\t\t\t<div class=\"wc-block-grid__product-onsale\">\n\t\t\t<span aria-hidden=\"true\">Promocja<\/span>\n\t\t\t<span class=\"screen-reader-text\">Produkt w promocji<\/span>\n\t\t<\/div>\n\t\t\t\t\t<div class=\"wc-block-grid__product-image\"><img decoding=\"async\" width=\"300\" height=\"300\" src=\"https:\/\/www.fabrykachlodu.pl\/sklep\/wp-content\/uploads\/2019\/04\/pompy.ciepla.gree_-300x300.jpg\" class=\"attachment-woocommerce_thumbnail size-woocommerce_thumbnail\" alt=\"pompy.ciepla.gree\" srcset=\"https:\/\/www.fabrykachlodu.pl\/sklep\/wp-content\/uploads\/2019\/04\/pompy.ciepla.gree_-300x300.jpg 300w, https:\/\/www.fabrykachlodu.pl\/sklep\/wp-content\/uploads\/2019\/04\/pompy.ciepla.gree_-200x200.jpg 200w, https:\/\/www.fabrykachlodu.pl\/sklep\/wp-content\/uploads\/2019\/04\/pompy.ciepla.gree_-600x600.jpg 600w, https:\/\/www.fabrykachlodu.pl\/sklep\/wp-content\/uploads\/2019\/04\/pompy.ciepla.gree_-64x64.jpg 64w, https:\/\/www.fabrykachlodu.pl\/sklep\/wp-content\/uploads\/2019\/04\/pompy.ciepla.gree_-150x150.jpg 150w, https:\/\/www.fabrykachlodu.pl\/sklep\/wp-content\/uploads\/2019\/04\/pompy.ciepla.gree_-768x768.jpg 768w, https:\/\/www.fabrykachlodu.pl\/sklep\/wp-content\/uploads\/2019\/04\/pompy.ciepla.gree_.jpg 1000w\" sizes=\"(max-width: 300px) 100vw, 300px\" \/><\/div>\n\t\t\t\t\t<div class=\"wc-block-grid__product-title\">GREE pompa ciep\u0142a powietrze-woda Versati<\/div>\n\t\t\t\t<\/a>\n\t\t\t\t<div class=\"wc-block-grid__product-price price\"><span class=\"woocommerce-Price-amount amount\">20,309.76&nbsp;<span class=\"woocommerce-Price-currencySymbol\">&#122;&#322;<\/span><\/span> &ndash; <span class=\"woocommerce-Price-amount amount\">23,301.12&nbsp;<span class=\"woocommerce-Price-currencySymbol\">&#122;&#322;<\/span><\/span><\/div>\n\t\t\t\t\n\t\t\t\t<div class=\"wp-block-button wc-block-grid__product-add-to-cart\"><a href=\"https:\/\/www.fabrykachlodu.pl\/sklep\/produkt\/gree-pompa-ciepla-powietrza\/\" aria-label=\"Wybierz opcje dla &bdquo;GREE pompa ciep\u0142a powietrze-woda Versati&rdquo;\" data-quantity=\"1\" data-product_id=\"39106\" data-product_sku=\"Gree Versati\" data-price=\"20309.76\" rel=\"nofollow\" class=\"wp-block-button__link  add_to_cart_button\">Wybierz opcje<\/a><\/div>\n\t\t\t\n<div\n\tclass=\"yith-wcwl-add-to-wishlist add-to-wishlist-39106  wishlist-fragment on-first-load\"\n\tdata-fragment-ref=\"39106\"\n\tdata-fragment-options=\"{&quot;base_url&quot;:&quot;&quot;,&quot;in_default_wishlist&quot;:false,&quot;is_single&quot;:false,&quot;show_exists&quot;:false,&quot;product_id&quot;:&quot;39106&quot;,&quot;parent_product_id&quot;:39106,&quot;product_type&quot;:&quot;variable&quot;,&quot;show_view&quot;:false,&quot;browse_wishlist_text&quot;:&quot;Przegl\\u0105daj list\\u0119&quot;,&quot;already_in_wishslist_text&quot;:&quot;Dodano!&quot;,&quot;product_added_text&quot;:&quot;Zapisano!&quot;,&quot;heading_icon&quot;:&quot;&quot;,&quot;available_multi_wishlist&quot;:false,&quot;disable_wishlist&quot;:false,&quot;show_count&quot;:false,&quot;ajax_loading&quot;:false,&quot;loop_position&quot;:&quot;after_add_to_cart&quot;,&quot;item&quot;:&quot;add_to_wishlist&quot;}\"\n>\n\t<\/div>\n<\/li><\/ul><\/div>","protected":false},"excerpt":{"rendered":"<p>Pompy ciep\u0142a typu Split oraz MONOBLOK CO + CWU | R32 Model Nazwa Cena z 8% VAT (osoba prywatna) Cena z 23% VAT (na firm\u0119) M-Thermal-4B1HB MIDEA (Zestaw SPLIT Pompa Ciep\u0142a Powietrze-Woda) Do domu 45m2 A++\/A++ Grzanie kW4,5 Ch\u0142odzenie kW5,2, EER5,6 Zasilanie 220-240\/1\/50 25,801 z\u0142 29,384 z\u0142 M-Thermal-6B1HB MIDEA (Zestaw SPLIT Pompa Ciep\u0142a Powietrze-Woda) Do&hellip;<\/p>\n","protected":false},"author":1,"featured_media":0,"parent":0,"menu_order":0,"comment_status":"closed","ping_status":"closed","template":"","meta":{"footnotes":""},"yoast_head":"<!-- This site is optimized with the Yoast SEO plugin v22.1 - https:\/\/yoast.com\/wordpress\/plugins\/seo\/ -->\n<title>\u00b0FC Pompy Ciep\u0142a Monta\u017c Powietrze-Woda &#187; \u00b0FC<\/title>\n<meta name=\"description\" content=\"Je\u015bli szukasz Pompy Ciep\u0142a Monta\u017c Powietrze-Woda zobacz\" \/>\n<meta name=\"robots\" content=\"index, follow, max-snippet:-1, max-image-preview:large, max-video-preview:-1\" \/>\n<link rel=\"canonical\" href=\"https:\/\/www.fabrykachlodu.pl\/sklep\/pompy-ciepla-montaz-powietrze-woda\/\" \/>\n<meta name=\"twitter:label1\" content=\"Szacowany czas czytania\" \/>\n\t<meta name=\"twitter:data1\" content=\"7 minut\" \/>\n<script type=\"application\/ld+json\" class=\"yoast-schema-graph\">{\"@context\":\"https:\/\/schema.org\",\"@graph\":[{\"@type\":\"WebPage\",\"@id\":\"https:\/\/www.fabrykachlodu.pl\/sklep\/pompy-ciepla-montaz-powietrze-woda\/\",\"url\":\"https:\/\/www.fabrykachlodu.pl\/sklep\/pompy-ciepla-montaz-powietrze-woda\/\",\"name\":\"\u00b0FC Pompy Ciep\u0142a Monta\u017c Powietrze-Woda &#187; \u00b0FC\",\"isPartOf\":{\"@id\":\"https:\/\/www.fabrykachlodu.pl\/sklep\/#website\"},\"datePublished\":\"2022-07-23T17:56:54+00:00\",\"dateModified\":\"2022-08-09T12:09:56+00:00\",\"description\":\"Je\u015bli szukasz Pompy Ciep\u0142a Monta\u017c Powietrze-Woda zobacz\",\"breadcrumb\":{\"@id\":\"https:\/\/www.fabrykachlodu.pl\/sklep\/pompy-ciepla-montaz-powietrze-woda\/#breadcrumb\"},\"inLanguage\":\"pl-PL\",\"potentialAction\":[{\"@type\":\"ReadAction\",\"target\":[\"https:\/\/www.fabrykachlodu.pl\/sklep\/pompy-ciepla-montaz-powietrze-woda\/\"]}]},{\"@type\":\"BreadcrumbList\",\"@id\":\"https:\/\/www.fabrykachlodu.pl\/sklep\/pompy-ciepla-montaz-powietrze-woda\/#breadcrumb\",\"itemListElement\":[{\"@type\":\"ListItem\",\"position\":1,\"name\":\"Strona g\u0142\u00f3wna\",\"item\":\"https:\/\/www.fabrykachlodu.pl\/sklep\/\"},{\"@type\":\"ListItem\",\"position\":2,\"name\":\"Pompy Ciep\u0142a Monta\u017c Powietrze-Woda\"}]},{\"@type\":\"WebSite\",\"@id\":\"https:\/\/www.fabrykachlodu.pl\/sklep\/#website\",\"url\":\"https:\/\/www.fabrykachlodu.pl\/sklep\/\",\"name\":\"\u00b0FC Sklep Internetowy monta\u017c klimatyzacji pomp ciep\u0142a\",\"description\":\"\u00b0FC monta\u017c klimatyzacji pomp ciep\u0142a z nami to szybki i tani wyb\u00f3r.  Us\u0142ugi monta\u017cowe i serwisowe W Warszawie i okolicach..\",\"potentialAction\":[{\"@type\":\"SearchAction\",\"target\":{\"@type\":\"EntryPoint\",\"urlTemplate\":\"https:\/\/www.fabrykachlodu.pl\/sklep\/?s={search_term_string}\"},\"query-input\":\"required name=search_term_string\"}],\"inLanguage\":\"pl-PL\"}]}<\/script>\n<!-- \/ Yoast SEO plugin. -->","yoast_head_json":{"title":"\u00b0FC Pompy Ciep\u0142a Monta\u017c Powietrze-Woda &#187; \u00b0FC","description":"Je\u015bli szukasz Pompy Ciep\u0142a Monta\u017c Powietrze-Woda zobacz","robots":{"index":"index","follow":"follow","max-snippet":"max-snippet:-1","max-image-preview":"max-image-preview:large","max-video-preview":"max-video-preview:-1"},"canonical":"https:\/\/www.fabrykachlodu.pl\/sklep\/pompy-ciepla-montaz-powietrze-woda\/","twitter_misc":{"Szacowany czas czytania":"7 minut"},"schema":{"@context":"https:\/\/schema.org","@graph":[{"@type":"WebPage","@id":"https:\/\/www.fabrykachlodu.pl\/sklep\/pompy-ciepla-montaz-powietrze-woda\/","url":"https:\/\/www.fabrykachlodu.pl\/sklep\/pompy-ciepla-montaz-powietrze-woda\/","name":"\u00b0FC Pompy Ciep\u0142a Monta\u017c Powietrze-Woda &#187; \u00b0FC","isPartOf":{"@id":"https:\/\/www.fabrykachlodu.pl\/sklep\/#website"},"datePublished":"2022-07-23T17:56:54+00:00","dateModified":"2022-08-09T12:09:56+00:00","description":"Je\u015bli szukasz Pompy Ciep\u0142a Monta\u017c Powietrze-Woda zobacz","breadcrumb":{"@id":"https:\/\/www.fabrykachlodu.pl\/sklep\/pompy-ciepla-montaz-powietrze-woda\/#breadcrumb"},"inLanguage":"pl-PL","potentialAction":[{"@type":"ReadAction","target":["https:\/\/www.fabrykachlodu.pl\/sklep\/pompy-ciepla-montaz-powietrze-woda\/"]}]},{"@type":"BreadcrumbList","@id":"https:\/\/www.fabrykachlodu.pl\/sklep\/pompy-ciepla-montaz-powietrze-woda\/#breadcrumb","itemListElement":[{"@type":"ListItem","position":1,"name":"Strona g\u0142\u00f3wna","item":"https:\/\/www.fabrykachlodu.pl\/sklep\/"},{"@type":"ListItem","position":2,"name":"Pompy Ciep\u0142a Monta\u017c Powietrze-Woda"}]},{"@type":"WebSite","@id":"https:\/\/www.fabrykachlodu.pl\/sklep\/#website","url":"https:\/\/www.fabrykachlodu.pl\/sklep\/","name":"\u00b0FC Sklep Internetowy monta\u017c klimatyzacji pomp ciep\u0142a","description":"\u00b0FC monta\u017c klimatyzacji pomp ciep\u0142a z nami to szybki i tani wyb\u00f3r.  Us\u0142ugi monta\u017cowe i serwisowe W Warszawie i okolicach..","potentialAction":[{"@type":"SearchAction","target":{"@type":"EntryPoint","urlTemplate":"https:\/\/www.fabrykachlodu.pl\/sklep\/?s={search_term_string}"},"query-input":"required name=search_term_string"}],"inLanguage":"pl-PL"}]}},"_links":{"self":[{"href":"https:\/\/www.fabrykachlodu.pl\/sklep\/wp-json\/wp\/v2\/pages\/87096"}],"collection":[{"href":"https:\/\/www.fabrykachlodu.pl\/sklep\/wp-json\/wp\/v2\/pages"}],"about":[{"href":"https:\/\/www.fabrykachlodu.pl\/sklep\/wp-json\/wp\/v2\/types\/page"}],"author":[{"embeddable":true,"href":"https:\/\/www.fabrykachlodu.pl\/sklep\/wp-json\/wp\/v2\/users\/1"}],"replies":[{"embeddable":true,"href":"https:\/\/www.fabrykachlodu.pl\/sklep\/wp-json\/wp\/v2\/comments?post=87096"}],"version-history":[{"count":9,"href":"https:\/\/www.fabrykachlodu.pl\/sklep\/wp-json\/wp\/v2\/pages\/87096\/revisions"}],"predecessor-version":[{"id":87156,"href":"https:\/\/www.fabrykachlodu.pl\/sklep\/wp-json\/wp\/v2\/pages\/87096\/revisions\/87156"}],"wp:attachment":[{"href":"https:\/\/www.fabrykachlodu.pl\/sklep\/wp-json\/wp\/v2\/media?parent=87096"}],"curies":[{"name":"wp","href":"https:\/\/api.w.org\/{rel}","templated":true}]}}