{"id":37840,"date":"2018-02-20T12:32:49","date_gmt":"2018-02-20T11:32:49","guid":{"rendered":"http:\/\/fabrykachlodu.pl\/sklep\/?post_type=product&#038;p=37840"},"modified":"2022-03-27T22:25:08","modified_gmt":"2022-03-27T20:25:08","slug":"sterownik-bezprzewodowy-wifi-lomo-do-modelu-economic","status":"publish","type":"product","link":"https:\/\/www.fabrykachlodu.pl\/sklep\/produkt\/sterownik-bezprzewodowy-wifi-lomo-do-modelu-economic\/","title":{"rendered":"STEROWNIK WIFI"},"content":{"rendered":"<p>STEROWNIK BEZPRZEWODOWY LOMO DO MODELU ECONOMIC \/ LUXURY YAN1F1<\/p>\n<p>Produkt wymaga instalacji zgodnie instrukcj\u0105 aplikacja EWAPE SMART.<\/p>\n<p>Jak dzia\u0142a WIFi w klimatyzacji Gree, jak skonfigurowa\u0107 po\u0142\u0105czenie smartphone \/ klimatyzator? zapraszamy na stron\u0119 EWAPE SMART. STEROWNIK BEZPRZEWODOWY WIFI to wygoda sterownia.<\/p>\n<p>Pobierz Ewpe Smart z <a href=\"https:\/\/itunes.apple.com\/cn\/app\/wifi-smart\/id1044543890?l=en&amp;mt=8\" rel=\"nofollow\">iTunes<\/a> lub <a href=\"https:\/\/play.google.com\/store\/apps\/details?id=com.gree.ewpesmart\" rel=\"nofollow\">Google Play<\/a><\/p>\n","protected":false},"excerpt":{"rendered":"<p><strong>Najwa\u017cniejsze zalety<\/strong> [dt_list style=\"1\" bullet_position=\"middle\" dividers=\"true\"][dt_list_item image=\"\"]Dost\u0119pny na iPhone oraz Android[\/dt_list_item][dt_list_item image=\"\"]Sterowanie pe\u0142ne[\/dt_list_item][dt_list_item image=\"\"]Sterowanie z ka\u017cdego miejsca[\/dt_list_item][dt_list_item image=\"\"]\u0141atwa nawigacja[\/dt_list_item][\/dt_list]<\/p>\n","protected":false},"featured_media":38817,"template":"","meta":[],"product_cat":[183],"product_tag":[],"yoast_head":"<!-- This site is optimized with the Yoast SEO plugin v22.1 - https:\/\/yoast.com\/wordpress\/plugins\/seo\/ -->\n<title>STEROWNIK BEZPRZEWODOWY WIFI LOMO DO MODELU ECONOMIC<\/title>\n<meta name=\"description\" content=\"STEROWNIK BEZPRZEWODOWY WIFI LOMO DO MODELU ECONOMIC i system operacyjny Wi-Fi, kt\u00f3ry mo\u017cna obs\u0142ugiwa\u0107 za po\u015brednictwem aplikacji mobilnej.\" \/>\n<meta name=\"robots\" content=\"index, follow, max-snippet:-1, max-image-preview:large, max-video-preview:-1\" \/>\n<link rel=\"canonical\" href=\"https:\/\/www.fabrykachlodu.pl\/sklep\/produkt\/sterownik-bezprzewodowy-wifi-lomo-do-modelu-economic\/\" \/>\n<script type=\"application\/ld+json\" class=\"yoast-schema-graph\">{\"@context\":\"https:\/\/schema.org\",\"@graph\":[{\"@type\":\"WebPage\",\"@id\":\"https:\/\/www.fabrykachlodu.pl\/sklep\/produkt\/sterownik-bezprzewodowy-wifi-lomo-do-modelu-economic\/\",\"url\":\"https:\/\/www.fabrykachlodu.pl\/sklep\/produkt\/sterownik-bezprzewodowy-wifi-lomo-do-modelu-economic\/\",\"name\":\"STEROWNIK BEZPRZEWODOWY WIFI LOMO DO MODELU ECONOMIC\",\"isPartOf\":{\"@id\":\"https:\/\/www.fabrykachlodu.pl\/sklep\/#website\"},\"datePublished\":\"2018-02-20T11:32:49+00:00\",\"dateModified\":\"2022-03-27T20:25:08+00:00\",\"description\":\"STEROWNIK BEZPRZEWODOWY WIFI LOMO DO MODELU ECONOMIC i system operacyjny Wi-Fi, kt\u00f3ry mo\u017cna obs\u0142ugiwa\u0107 za po\u015brednictwem aplikacji mobilnej.\",\"breadcrumb\":{\"@id\":\"https:\/\/www.fabrykachlodu.pl\/sklep\/produkt\/sterownik-bezprzewodowy-wifi-lomo-do-modelu-economic\/#breadcrumb\"},\"inLanguage\":\"pl-PL\",\"potentialAction\":[{\"@type\":\"ReadAction\",\"target\":[\"https:\/\/www.fabrykachlodu.pl\/sklep\/produkt\/sterownik-bezprzewodowy-wifi-lomo-do-modelu-economic\/\"]}]},{\"@type\":\"BreadcrumbList\",\"@id\":\"https:\/\/www.fabrykachlodu.pl\/sklep\/produkt\/sterownik-bezprzewodowy-wifi-lomo-do-modelu-economic\/#breadcrumb\",\"itemListElement\":[{\"@type\":\"ListItem\",\"position\":1,\"name\":\"Strona g\u0142\u00f3wna\",\"item\":\"https:\/\/www.fabrykachlodu.pl\/sklep\/\"},{\"@type\":\"ListItem\",\"position\":2,\"name\":\"Szukasz klimatzyacji biurowej sklepowej lub do mieszkania?\",\"item\":\"https:\/\/www.fabrykachlodu.pl\/sklep\/\"},{\"@type\":\"ListItem\",\"position\":3,\"name\":\"GREE\",\"item\":\"https:\/\/www.fabrykachlodu.pl\/sklep\/product-category\/gree\/\"},{\"@type\":\"ListItem\",\"position\":4,\"name\":\"Akcesoria\",\"item\":\"https:\/\/www.fabrykachlodu.pl\/sklep\/product-category\/gree\/akcesoria\/\"},{\"@type\":\"ListItem\",\"position\":5,\"name\":\"STEROWNIK WIFI\"}]},{\"@type\":\"WebSite\",\"@id\":\"https:\/\/www.fabrykachlodu.pl\/sklep\/#website\",\"url\":\"https:\/\/www.fabrykachlodu.pl\/sklep\/\",\"name\":\"\u00b0FC Sklep Internetowy monta\u017c klimatyzacji pomp ciep\u0142a\",\"description\":\"\u00b0FC monta\u017c klimatyzacji pomp ciep\u0142a z nami to szybki i tani wyb\u00f3r.  Us\u0142ugi monta\u017cowe i serwisowe W Warszawie i okolicach..\",\"potentialAction\":[{\"@type\":\"SearchAction\",\"target\":{\"@type\":\"EntryPoint\",\"urlTemplate\":\"https:\/\/www.fabrykachlodu.pl\/sklep\/?s={search_term_string}\"},\"query-input\":\"required name=search_term_string\"}],\"inLanguage\":\"pl-PL\"}]}<\/script>\n<!-- \/ Yoast SEO plugin. -->","yoast_head_json":{"title":"STEROWNIK BEZPRZEWODOWY WIFI LOMO DO MODELU ECONOMIC","description":"STEROWNIK BEZPRZEWODOWY WIFI LOMO DO MODELU ECONOMIC i system operacyjny Wi-Fi, kt\u00f3ry mo\u017cna obs\u0142ugiwa\u0107 za po\u015brednictwem aplikacji mobilnej.","robots":{"index":"index","follow":"follow","max-snippet":"max-snippet:-1","max-image-preview":"max-image-preview:large","max-video-preview":"max-video-preview:-1"},"canonical":"https:\/\/www.fabrykachlodu.pl\/sklep\/produkt\/sterownik-bezprzewodowy-wifi-lomo-do-modelu-economic\/","schema":{"@context":"https:\/\/schema.org","@graph":[{"@type":"WebPage","@id":"https:\/\/www.fabrykachlodu.pl\/sklep\/produkt\/sterownik-bezprzewodowy-wifi-lomo-do-modelu-economic\/","url":"https:\/\/www.fabrykachlodu.pl\/sklep\/produkt\/sterownik-bezprzewodowy-wifi-lomo-do-modelu-economic\/","name":"STEROWNIK BEZPRZEWODOWY WIFI LOMO DO MODELU ECONOMIC","isPartOf":{"@id":"https:\/\/www.fabrykachlodu.pl\/sklep\/#website"},"datePublished":"2018-02-20T11:32:49+00:00","dateModified":"2022-03-27T20:25:08+00:00","description":"STEROWNIK BEZPRZEWODOWY WIFI LOMO DO MODELU ECONOMIC i system operacyjny Wi-Fi, kt\u00f3ry mo\u017cna obs\u0142ugiwa\u0107 za po\u015brednictwem aplikacji mobilnej.","breadcrumb":{"@id":"https:\/\/www.fabrykachlodu.pl\/sklep\/produkt\/sterownik-bezprzewodowy-wifi-lomo-do-modelu-economic\/#breadcrumb"},"inLanguage":"pl-PL","potentialAction":[{"@type":"ReadAction","target":["https:\/\/www.fabrykachlodu.pl\/sklep\/produkt\/sterownik-bezprzewodowy-wifi-lomo-do-modelu-economic\/"]}]},{"@type":"BreadcrumbList","@id":"https:\/\/www.fabrykachlodu.pl\/sklep\/produkt\/sterownik-bezprzewodowy-wifi-lomo-do-modelu-economic\/#breadcrumb","itemListElement":[{"@type":"ListItem","position":1,"name":"Strona g\u0142\u00f3wna","item":"https:\/\/www.fabrykachlodu.pl\/sklep\/"},{"@type":"ListItem","position":2,"name":"Szukasz klimatzyacji biurowej sklepowej lub do mieszkania?","item":"https:\/\/www.fabrykachlodu.pl\/sklep\/"},{"@type":"ListItem","position":3,"name":"GREE","item":"https:\/\/www.fabrykachlodu.pl\/sklep\/product-category\/gree\/"},{"@type":"ListItem","position":4,"name":"Akcesoria","item":"https:\/\/www.fabrykachlodu.pl\/sklep\/product-category\/gree\/akcesoria\/"},{"@type":"ListItem","position":5,"name":"STEROWNIK WIFI"}]},{"@type":"WebSite","@id":"https:\/\/www.fabrykachlodu.pl\/sklep\/#website","url":"https:\/\/www.fabrykachlodu.pl\/sklep\/","name":"\u00b0FC Sklep Internetowy monta\u017c klimatyzacji pomp ciep\u0142a","description":"\u00b0FC monta\u017c klimatyzacji pomp ciep\u0142a z nami to szybki i tani wyb\u00f3r.  Us\u0142ugi monta\u017cowe i serwisowe W Warszawie i okolicach..","potentialAction":[{"@type":"SearchAction","target":{"@type":"EntryPoint","urlTemplate":"https:\/\/www.fabrykachlodu.pl\/sklep\/?s={search_term_string}"},"query-input":"required name=search_term_string"}],"inLanguage":"pl-PL"}]}},"_links":{"self":[{"href":"https:\/\/www.fabrykachlodu.pl\/sklep\/wp-json\/wp\/v2\/product\/37840"}],"collection":[{"href":"https:\/\/www.fabrykachlodu.pl\/sklep\/wp-json\/wp\/v2\/product"}],"about":[{"href":"https:\/\/www.fabrykachlodu.pl\/sklep\/wp-json\/wp\/v2\/types\/product"}],"wp:featuredmedia":[{"embeddable":true,"href":"https:\/\/www.fabrykachlodu.pl\/sklep\/wp-json\/wp\/v2\/media\/38817"}],"wp:attachment":[{"href":"https:\/\/www.fabrykachlodu.pl\/sklep\/wp-json\/wp\/v2\/media?parent=37840"}],"wp:term":[{"taxonomy":"product_cat","embeddable":true,"href":"https:\/\/www.fabrykachlodu.pl\/sklep\/wp-json\/wp\/v2\/product_cat?post=37840"},{"taxonomy":"product_tag","embeddable":true,"href":"https:\/\/www.fabrykachlodu.pl\/sklep\/wp-json\/wp\/v2\/product_tag?post=37840"}],"curies":[{"name":"wp","href":"https:\/\/api.w.org\/{rel}","templated":true}]}}