{"id":38074,"date":"2018-03-14T20:26:40","date_gmt":"2018-03-14T19:26:40","guid":{"rendered":"http:\/\/fabrykachlodu.pl\/sklep\/?post_type=product&#038;p=38074"},"modified":"2022-06-30T22:19:37","modified_gmt":"2022-06-30T20:19:37","slug":"fujitsu-lm-asyg36lmta-aoyg36lmta","status":"publish","type":"product","link":"https:\/\/www.fabrykachlodu.pl\/sklep\/produkt\/fujitsu-lm-asyg36lmta-aoyg36lmta\/","title":{"rendered":"FUJITSU LM ASYG36LMTA AOYG36LMTA"},"content":{"rendered":"<p>Zdecydowanie klasyczny i prosty klimatyzator \u015bcienny typu ON\/OFF z mo\u017cliwo\u015bci\u0105 pracy w trybie ch\u0142odzenia przy niskich temperaturach zewn\u0119trznych. Idealne rozwi\u0105zanie dla serwerowni gdzie jako uzupe\u0142nienie klimatyzacji kana\u0142owej na czas awarii. Mo\u017cna wzbogaci\u0107 zestaw o przepustnic\u0119 asynchroniczna. Klimatyzatory \u015bcienne marki FUJITSU to najwy\u017cszej jako\u015bci urz\u0105dzenia, cechuj\u0105ce si\u0119 wysok\u0105 wydajno\u015bci\u0105 i niskim zu\u017cyciem energii.<\/p>\n<p>Jako g\u0142\u00f3wna klimatyzacja w serwerowni jej g\u0142\u00f3wnymi zaletami b\u0119dzie mo\u017cliwo\u015b\u0107 pracy w trybie ch\u0142odzenia przy niskich temperaturach zewn\u0119trznych, system on-off, kt\u00f3ry jest prosty i skuteczny. Dodatkowo urz\u0105dzenie jest proste w monta\u017cu a co istotne w czyszczeniu.<\/p>\n<p>Wyb\u00f3r skutecznego klimatyzatora do serwerowni, mo\u017ce okaza\u0107 si\u0119 wyzwaniem maj\u0105c ograniczone \u015brodki finansowe jak r\u00f3wnie\u017c brak serwisu, kt\u00f3ry regularnie b\u0119dzie sprawdza\u0107 lub zdalnie monitorowa\u0107 temperatur\u0119.<\/p>\n<p>Maj\u0105c jedn\u0105 lub dwie szafy rack w serwerowni, nale\u017cy zatroszczy\u0107 si\u0119 o UPS podtrzymuj\u0105cy napi\u0119cie podczas awarii, zabezpieczenia elektryczne, odprowadzenie skroplin z samej jednostki ch\u0142odz\u0105cej.<\/p>\n<p>Klimatyzacja powinna by\u0107 zamontowana profesjonalnie tak aby struga powietrzna pokrywa\u0142 ca\u0142\u0105 szaf\u0119 rack. Nale\u017cy si\u0119 upewni\u0107 \u017ce szafy nie utrudniaj\u0105 dop\u0142ywu strumienia powietrza.<\/p>\n<p>Jest to nowa ods\u0142ona bardzo udanej serii LM. Ro\u017cni si\u0119 nowym dyfuzorem nawiewu, oraz zwi\u0119kszonej klasie energooszcz\u0119dno\u015bci A++. Pionowy nawiew dostarczany jest do dolnych partii pomieszczenia. Poziomy nawiew zapewnia r\u00f3wnomierne rozprowadzenie ch\u0142odnego powietrza, dzi\u0119ki czemu mo\u017cna regulowa\u0107 nawiew wzgl\u0119dem pozycji serwer\u00f3w w pomieszczeniu. Klimatyzator z serii LM ASYG30LMTA AOYG30LMTA skutecznie sch\u0142odzi serwerownie do 50m2. Prosty pilot pozwoli skutecznie sterowa\u0107 g\u0142\u00f3wnymi funkcjami automatyki. Polecamy fachowy monta\u017c w m.st. Warszawa, dzi\u0119ki czemu okresowe czyszczenie lub potencjalny serwis pogwarancyjny b\u0119dzie konkurencyjny cenowo.<\/p>\n<p>PARAMETRY TECHNICZNE \u2013 Klimatyzator do serwerowni ASYG30LMTA AOYG30LMTA<\/p>\n<div class=\"su-tabs su-tabs-style-default su-tabs-mobile-stack\" data-active=\"1\" data-scroll-offset=\"0\" data-anchor-in-url=\"no\"><div class=\"su-tabs-nav\"><span class=\"\" data-url=\"\" data-target=\"blank\" tabindex=\"0\" role=\"button\">Model LM Klimatyzacja do serwerowni<\/span><span class=\"\" data-url=\"\" data-target=\"blank\" tabindex=\"0\" role=\"button\">Opis funkcji<\/span><span class=\"\" data-url=\"\" data-target=\"blank\" tabindex=\"0\" role=\"button\">Specyfikacja funkcji<\/span><span class=\"\" data-url=\"\" data-target=\"blank\" tabindex=\"0\" role=\"button\">Funkcje<\/span><span class=\"\" data-url=\"\" data-target=\"blank\" tabindex=\"0\" role=\"button\">Energooszcz\u0119dno\u015b\u0107<\/span><span class=\"\" data-url=\"\" data-target=\"blank\" tabindex=\"0\" role=\"button\">SERIA ASYG 30, 36 LMTA<\/span><\/div><div class=\"su-tabs-panes\"><div class=\"su-tabs-pane su-u-clearfix su-u-trim\" data-title=\"Model LM Klimatyzacja do serwerowni\">\n<div class=\"su-document su-u-responsive-media-yes\"><iframe src=\"\/\/docs.google.com\/viewer?embedded=true&url=http:\/\/fabrykachlodu.pl\/sklep\/wp-content\/uploads\/2018\/03\/szafa.serwerownia.klimatyzacja.pdf\" width=\"600\" height=\"400\" class=\"su-document\" title=\"\"><\/iframe><\/div>\n<\/div>\n<div class=\"su-tabs-pane su-u-clearfix su-u-trim\" data-title=\"Opis funkcji\">\n<div class=\"su-document su-u-responsive-media-yes\"><iframe src=\"\/\/docs.google.com\/viewer?embedded=true&url=http:\/\/fabrykachlodu.pl\/sklep\/wp-content\/uploads\/2018\/03\/opis.funkcji.pdf\" width=\"600\" height=\"400\" class=\"su-document\" title=\"\"><\/iframe><\/div>\n<\/div>\n<div class=\"su-tabs-pane su-u-clearfix su-u-trim\" data-title=\"Specyfikacja funkcji\">\n<div class=\"su-document su-u-responsive-media-yes\"><iframe src=\"\/\/docs.google.com\/viewer?embedded=true&url=http:\/\/fabrykachlodu.pl\/sklep\/wp-content\/uploads\/2018\/03\/specyfikacja.funkcji.pdf\" width=\"600\" height=\"400\" class=\"su-document\" title=\"\"><\/iframe><\/div>\n<\/div>\n<div class=\"su-tabs-pane su-u-clearfix su-u-trim\" data-title=\"Funkcje\">\n<div class=\"su-document su-u-responsive-media-yes\"><iframe src=\"\/\/docs.google.com\/viewer?embedded=true&url=http:\/\/fabrykachlodu.pl\/sklep\/wp-content\/uploads\/2018\/03\/FUNKCJE.pdf\" width=\"600\" height=\"400\" class=\"su-document\" title=\"\"><\/iframe><\/div>\n<\/div>\n<div class=\"su-tabs-pane su-u-clearfix su-u-trim\" data-title=\"Energooszcz\u0119dno\u015b\u0107\">\n<div class=\"su-document su-u-responsive-media-yes\"><iframe src=\"\/\/docs.google.com\/viewer?embedded=true&url=http:\/\/fabrykachlodu.pl\/sklep\/wp-content\/uploads\/2018\/03\/energooszczednosc.pdf\" width=\"600\" height=\"400\" class=\"su-document\" title=\"\"><\/iframe><\/div>\n<\/div>\n<div class=\"su-tabs-pane su-u-clearfix su-u-trim\" data-title=\"SERIA ASYG 30, 36 LMTA\">\n<div class=\"su-document su-u-responsive-media-yes\"><iframe src=\"\/\/docs.google.com\/viewer?embedded=true&url=http:\/\/fabrykachlodu.pl\/sklep\/wp-content\/uploads\/2018\/03\/ASYG_30_36_LMTA.do_.serwerowni.klima_-1.pdf\" width=\"600\" height=\"400\" class=\"su-document\" title=\"\"><\/iframe><\/div>\n<\/div><\/div><\/div>\n<p>Dokumenty si\u0119 nie wy\u015bwietlaj\u0105? <input type=\"button\" value=\"Od\u015bwie\u017c stron\u0119\" onclick=\"location.reload();\"> <\/p>\n<div class=\"su-note\"  style=\"border-color:#e5e5e5;border-radius:3px;-moz-border-radius:3px;-webkit-border-radius:3px;\"><div class=\"su-note-inner su-u-clearfix su-u-trim\" style=\"background-color:#ffffff;border-color:#ffffff;color:#afafaf;border-radius:3px;-moz-border-radius:3px;-webkit-border-radius:3px;\">Jakie s\u0105 konsekwencje stosowania gaz\u00f3w zubo\u017caj\u0105cych warstw\u0119 ozonow\u0105 np. freonowych? (ustawa F-gazowa)<\/p>\n<p>FUJITSU kieruje si\u0119 unijnym planem dzia\u0142ania 20\/20\/20, zak\u0142adaj\u0105cym zwi\u0119kszenie udzia\u0142u \u017ar\u00f3de\u0142 energii odnawialnej o 20%, zmniejszenie emisji CO2 o 20% i zmniejszenie zu\u017cycia energii pierwotnej o 20% do roku 2020. Seria LM zasilana jest czynnikiem ch\u0142odniczym R410 (Freon). Rekomendujemy produkty dzia\u0142aj\u0105ce z czynnikiem ch\u0142odniczym R32. Do roku 2020 na rynku europejskim zabraknie gaz\u00f3w freonowych, przez co dalsze u\u017cytkowanie b\u0119dzie utrudnione oraz koszt gaz\u00f3w zamiennych stosunkowo wy\u017cszy. <strong>Co mog\u0119 zrobi\u0107?<\/strong> Minimalny okres wynajmu klimatyzacji to 3,6,9 miesi\u0119cy. Aby skorzysta\u0107 z wynajmu konieczne jest posiadanie ruroci\u0105gu, gniazda elektrycznego, hak\u00f3w mocuj\u0105cych jednostk\u0119 zewn\u0119trzna. <a href=\"http:\/\/fabrykachlodu.pl\/sklep\/wynajem-klimatyzacji\/\">Dowiedz si\u0119 wi\u0119cej o wynajmie klimatyzacji<\/a><\/p>\n<\/div><\/div>\n","protected":false},"excerpt":{"rendered":"<h5>Najwa\u017cniejsze zalety<\/h5>\n[dt_list style=\"1\" bullet_position=\"middle\" dividers=\"true\"][dt_list_item image=\"\"]Idealne rozwi\u0105zanie do serwerowni[\/dt_list_item][dt_list_item image=\"\"]Przystosowany do pracy ca\u0142orocznej[\/dt_list_item][dt_list_item image=\"\"]Prosty w czyszczeniu klimatyzator typu ON\/OFF[\/dt_list_item][dt_list_item image=\"\"]Alternatywa dla klimatyzacji kana\u0142owej[\/dt_list_item][\/dt_list]\n","protected":false},"featured_media":38079,"template":"","meta":[],"product_cat":[191,328,189],"product_tag":[],"yoast_head":"<!-- This site is optimized with the Yoast SEO plugin v22.1 - https:\/\/yoast.com\/wordpress\/plugins\/seo\/ -->\n<title>\u00b0FC &#187;<\/title>\n<meta name=\"description\" content=\"\u00b0FC klimatyzacja monta\u017c Warszawa\" \/>\n<meta name=\"robots\" content=\"noindex, nofollow\" \/>\n<meta name=\"twitter:label1\" content=\"Szacowany czas czytania\" \/>\n\t<meta name=\"twitter:data1\" content=\"3 minuty\" \/>\n<script type=\"application\/ld+json\" class=\"yoast-schema-graph\">{\"@context\":\"https:\/\/schema.org\",\"@graph\":[{\"@type\":\"WebPage\",\"@id\":\"https:\/\/www.fabrykachlodu.pl\/sklep\/produkt\/fujitsu-lm-asyg36lmta-aoyg36lmta\/\",\"url\":\"https:\/\/www.fabrykachlodu.pl\/sklep\/produkt\/fujitsu-lm-asyg36lmta-aoyg36lmta\/\",\"name\":\"\u00b0FC &#187;\",\"isPartOf\":{\"@id\":\"https:\/\/www.fabrykachlodu.pl\/sklep\/#website\"},\"datePublished\":\"2018-03-14T19:26:40+00:00\",\"dateModified\":\"2022-06-30T20:19:37+00:00\",\"description\":\"\u00b0FC klimatyzacja monta\u017c Warszawa\",\"breadcrumb\":{\"@id\":\"https:\/\/www.fabrykachlodu.pl\/sklep\/produkt\/fujitsu-lm-asyg36lmta-aoyg36lmta\/#breadcrumb\"},\"inLanguage\":\"pl-PL\",\"potentialAction\":[{\"@type\":\"ReadAction\",\"target\":[\"https:\/\/www.fabrykachlodu.pl\/sklep\/produkt\/fujitsu-lm-asyg36lmta-aoyg36lmta\/\"]}]},{\"@type\":\"BreadcrumbList\",\"@id\":\"https:\/\/www.fabrykachlodu.pl\/sklep\/produkt\/fujitsu-lm-asyg36lmta-aoyg36lmta\/#breadcrumb\",\"itemListElement\":[{\"@type\":\"ListItem\",\"position\":1,\"name\":\"Strona g\u0142\u00f3wna\",\"item\":\"https:\/\/www.fabrykachlodu.pl\/sklep\/\"},{\"@type\":\"ListItem\",\"position\":2,\"name\":\"Szukasz klimatzyacji biurowej sklepowej lub do mieszkania?\",\"item\":\"https:\/\/www.fabrykachlodu.pl\/sklep\/\"},{\"@type\":\"ListItem\",\"position\":3,\"name\":\"FUJITSU\",\"item\":\"https:\/\/www.fabrykachlodu.pl\/sklep\/product-category\/fujitsu\/\"},{\"@type\":\"ListItem\",\"position\":4,\"name\":\"FUJITSU LM ASYG36LMTA AOYG36LMTA\"}]},{\"@type\":\"WebSite\",\"@id\":\"https:\/\/www.fabrykachlodu.pl\/sklep\/#website\",\"url\":\"https:\/\/www.fabrykachlodu.pl\/sklep\/\",\"name\":\"\u00b0FC Sklep Internetowy monta\u017c klimatyzacji pomp ciep\u0142a\",\"description\":\"\u00b0FC monta\u017c klimatyzacji pomp ciep\u0142a z nami to szybki i tani wyb\u00f3r.  Us\u0142ugi monta\u017cowe i serwisowe W Warszawie i okolicach..\",\"potentialAction\":[{\"@type\":\"SearchAction\",\"target\":{\"@type\":\"EntryPoint\",\"urlTemplate\":\"https:\/\/www.fabrykachlodu.pl\/sklep\/?s={search_term_string}\"},\"query-input\":\"required name=search_term_string\"}],\"inLanguage\":\"pl-PL\"}]}<\/script>\n<!-- \/ Yoast SEO plugin. -->","yoast_head_json":{"title":"\u00b0FC &#187;","description":"\u00b0FC klimatyzacja monta\u017c Warszawa","robots":{"index":"noindex","follow":"nofollow"},"twitter_misc":{"Szacowany czas czytania":"3 minuty"},"schema":{"@context":"https:\/\/schema.org","@graph":[{"@type":"WebPage","@id":"https:\/\/www.fabrykachlodu.pl\/sklep\/produkt\/fujitsu-lm-asyg36lmta-aoyg36lmta\/","url":"https:\/\/www.fabrykachlodu.pl\/sklep\/produkt\/fujitsu-lm-asyg36lmta-aoyg36lmta\/","name":"\u00b0FC &#187;","isPartOf":{"@id":"https:\/\/www.fabrykachlodu.pl\/sklep\/#website"},"datePublished":"2018-03-14T19:26:40+00:00","dateModified":"2022-06-30T20:19:37+00:00","description":"\u00b0FC klimatyzacja monta\u017c Warszawa","breadcrumb":{"@id":"https:\/\/www.fabrykachlodu.pl\/sklep\/produkt\/fujitsu-lm-asyg36lmta-aoyg36lmta\/#breadcrumb"},"inLanguage":"pl-PL","potentialAction":[{"@type":"ReadAction","target":["https:\/\/www.fabrykachlodu.pl\/sklep\/produkt\/fujitsu-lm-asyg36lmta-aoyg36lmta\/"]}]},{"@type":"BreadcrumbList","@id":"https:\/\/www.fabrykachlodu.pl\/sklep\/produkt\/fujitsu-lm-asyg36lmta-aoyg36lmta\/#breadcrumb","itemListElement":[{"@type":"ListItem","position":1,"name":"Strona g\u0142\u00f3wna","item":"https:\/\/www.fabrykachlodu.pl\/sklep\/"},{"@type":"ListItem","position":2,"name":"Szukasz klimatzyacji biurowej sklepowej lub do mieszkania?","item":"https:\/\/www.fabrykachlodu.pl\/sklep\/"},{"@type":"ListItem","position":3,"name":"FUJITSU","item":"https:\/\/www.fabrykachlodu.pl\/sklep\/product-category\/fujitsu\/"},{"@type":"ListItem","position":4,"name":"FUJITSU LM ASYG36LMTA AOYG36LMTA"}]},{"@type":"WebSite","@id":"https:\/\/www.fabrykachlodu.pl\/sklep\/#website","url":"https:\/\/www.fabrykachlodu.pl\/sklep\/","name":"\u00b0FC Sklep Internetowy monta\u017c klimatyzacji pomp ciep\u0142a","description":"\u00b0FC monta\u017c klimatyzacji pomp ciep\u0142a z nami to szybki i tani wyb\u00f3r.  Us\u0142ugi monta\u017cowe i serwisowe W Warszawie i okolicach..","potentialAction":[{"@type":"SearchAction","target":{"@type":"EntryPoint","urlTemplate":"https:\/\/www.fabrykachlodu.pl\/sklep\/?s={search_term_string}"},"query-input":"required name=search_term_string"}],"inLanguage":"pl-PL"}]}},"_links":{"self":[{"href":"https:\/\/www.fabrykachlodu.pl\/sklep\/wp-json\/wp\/v2\/product\/38074"}],"collection":[{"href":"https:\/\/www.fabrykachlodu.pl\/sklep\/wp-json\/wp\/v2\/product"}],"about":[{"href":"https:\/\/www.fabrykachlodu.pl\/sklep\/wp-json\/wp\/v2\/types\/product"}],"wp:featuredmedia":[{"embeddable":true,"href":"https:\/\/www.fabrykachlodu.pl\/sklep\/wp-json\/wp\/v2\/media\/38079"}],"wp:attachment":[{"href":"https:\/\/www.fabrykachlodu.pl\/sklep\/wp-json\/wp\/v2\/media?parent=38074"}],"wp:term":[{"taxonomy":"product_cat","embeddable":true,"href":"https:\/\/www.fabrykachlodu.pl\/sklep\/wp-json\/wp\/v2\/product_cat?post=38074"},{"taxonomy":"product_tag","embeddable":true,"href":"https:\/\/www.fabrykachlodu.pl\/sklep\/wp-json\/wp\/v2\/product_tag?post=38074"}],"curies":[{"name":"wp","href":"https:\/\/api.w.org\/{rel}","templated":true}]}}