{"id":38128,"date":"2018-03-16T15:55:27","date_gmt":"2018-03-16T14:55:27","guid":{"rendered":"http:\/\/fabrykachlodu.pl\/sklep\/?post_type=product&#038;p=38128"},"modified":"2022-06-30T22:19:35","modified_gmt":"2022-06-30T20:19:35","slug":"dobra-klimatyzacja-nocriax-zapewni-komfort-i-oszczednosc-energii","status":"publish","type":"product","link":"https:\/\/www.fabrykachlodu.pl\/sklep\/produkt\/dobra-klimatyzacja-nocriax-zapewni-komfort-i-oszczednosc-energii\/","title":{"rendered":"Dobra klimatyzacja ASYG09KXCA AOYG09KXCA nocriaX"},"content":{"rendered":"<p>Przep\u0142yw powietrza dostarczony w zupe\u0142nie nowatorski spos\u00f3b, Dobra klimatyzacja nocriaX zapewni komfort i oszcz\u0119dno\u015b\u0107 energii.<\/p>\n<p>Klimatyzator szybko i komfortowo ogrzeje lub sch\u0142odzi pomieszczenie, bo wentylatory dzia\u0142aj\u0105 obustronnie. Stref\u0119 komfortu przy pod\u0142odze mo\u017cna znacznie szybciej osi\u0105gn\u0105\u0107, bo wentylatory dwustronne.<\/p>\n<p>Przep\u0142yw powietrza z wentylator\u00f3w dwustronnych poprawia wydajno\u015b\u0107 ciep\u0142a przy pod\u0142odze. Nie mo\u017cemy tego nazwa\u0107 ogrzewaniem pod\u0142ogowym ale jest zdecydowanie nowatorskie rozprowadzenie strumienia powietrza.<\/p>\n<p>Dzi\u0119ki silnemu strumieniowi powietrza, gor\u0105ce powietrze ociepla stopy r\u00f3wnie\u017c w wi\u0119kszej odleg\u0142o\u015bci. nocariaX to podw\u00f3jnie zwi\u0119kszony przep\u0142yw powietrza zdecydowanie wysadzony w powietrze.<\/p>\n<p>Klimatyzator zapewnia lepsz\u0105 cyrkulacj\u0119 ciep\u0142ego jak i ch\u0142odnego powietrza.<\/p>\n<p>nocariaX zapewni wydajn\u0105 cyrkulacj\u0119 powietrza w pomieszczeniu i stabiln\u0105 regulacj\u0119 temperatury. Wentylatory dwustronne poprawiaj\u0105 wydajno\u015b\u0107 ch\u0142odzenia i szybciej docieraj\u0105 do u\u017cytkownika. Ta pr\u0119dko\u015b\u0107 strumienia powietrza to wiele zalet dla samej energooszcz\u0119dno\u015bci przy czym sam klimatyzator jest cichy bo prawie w og\u00f3le nie s\u0142ycha\u0107 jego pracy.<\/p>\n<p>Sam przycisk Comfort odpowiedzialny jest za regulacj\u0119 strumienia bocznego obustronnego.<\/p>\n<p>Dodatkowo, czujnik obecno\u015bci w pomieszczeniu wykrywa ruch os\u00f3b i mo\u017ce dzia\u0142a\u0107 z ograniczon\u0105 wydajno\u015bci\u0105, a gdy ludzie opuszczaj\u0105 pomieszczenie strumie\u0144 mo\u017ce si\u0119 zwi\u0119kszy\u0107. Czujnik mo\u017ce dzia\u0142a\u0107 odwrotnie tak aby zapewni\u0107 najwi\u0119kszy komfort i raptowny dop\u0142yw powietrza.<\/p>\n<p>nocriaX to same udogodnienia i redukcja koszt\u00f3w w zwi\u0105zku z czyszczeniem filtra<\/p>\n<p>Filtr jest czyszczony automatycznie. Jest podzielony na 5 stref i czy\u015bci ka\u017cd\u0105 stref\u0119 do pojemnika na py\u0142, a zebrany py\u0142 nale\u017cy usuwa\u0107 co 5 lat. Dodatkowo, za pomoc\u0105 elektryczno\u015bci statycznej powietrze jest oczyszczane za pomoc\u0105 technologii elektrycznego zbierania kurzu.<\/p>\n<p>Brud na wymienniku ciep\u0142a jest wymywany przez krople wody powstaj\u0105ce w procesie ch\u0142odzenia i suszenia.<\/p>\n<p>Mobile Control to \u0142atwa kontrola klimatyzacji z wn\u0119trza domu lub z zewn\u0105trz za pomoc\u0105 smartfona, tabletu i komputera. (sam modu\u0142 WiFi jest instalowany na miejscu i jest zawarty w cenie).<\/p>\n<p>Prosty pilot pozwoli skutecznie sterowa\u0107 g\u0142\u00f3wnymi funkcjami automatyki. Polecamy fachowy monta\u017c w m.st. Warszawa, dzi\u0119ki czemu okresowe czyszczenie lub potencjalny serwis pogwarancyjny b\u0119dzie konkurencyjny cenowo.<\/p>\n<p>PARAMETRY TECHNICZNE \u2013 Klimatyzator ASYG09KXCA AOYG09KXCA nocriaX<\/p>\n<div class=\"su-tabs su-tabs-style-default su-tabs-mobile-stack\" data-active=\"1\" data-scroll-offset=\"0\" data-anchor-in-url=\"no\"><div class=\"su-tabs-nav\"><span class=\"\" data-url=\"\" data-target=\"blank\" tabindex=\"0\" role=\"button\">Ekologiczna Seria KX NocriaX<\/span><span class=\"\" data-url=\"\" data-target=\"blank\" tabindex=\"0\" role=\"button\">Nowy czynnik R32<\/span><span class=\"\" data-url=\"\" data-target=\"blank\" tabindex=\"0\" role=\"button\">Opis funkcji<\/span><span class=\"\" data-url=\"\" data-target=\"blank\" tabindex=\"0\" role=\"button\">Specyfikacja funkcji<\/span><span class=\"\" data-url=\"\" data-target=\"blank\" tabindex=\"0\" role=\"button\">Funkcje<\/span><span class=\"\" data-url=\"\" data-target=\"blank\" tabindex=\"0\" role=\"button\">Energooszcz\u0119dno\u015b\u0107<\/span><span class=\"\" data-url=\"\" data-target=\"blank\" tabindex=\"0\" role=\"button\">Klimatyzacja KX NocriaX<\/span><\/div><div class=\"su-tabs-panes\"><div class=\"su-tabs-pane su-u-clearfix su-u-trim\" data-title=\"Ekologiczna Seria KX NocriaX\">\n<div class=\"su-document su-u-responsive-media-yes\"><iframe src=\"\/\/docs.google.com\/viewer?embedded=true&url=http:\/\/fabrykachlodu.pl\/sklep\/wp-content\/uploads\/2018\/03\/do.biura_.sklepu.wynajem.klimatyzacja.pdf\" width=\"600\" height=\"400\" class=\"su-document\" title=\"\"><\/iframe><\/div>\n<\/div>\n<div class=\"su-tabs-pane su-u-clearfix su-u-trim\" data-title=\"Nowy czynnik R32\">\n<div class=\"su-document su-u-responsive-media-yes\"><iframe src=\"\/\/docs.google.com\/viewer?embedded=true&url=http:\/\/fabrykachlodu.pl\/sklep\/wp-content\/uploads\/2018\/03\/nowy.czynik.chlodniczyR32.pdf\" width=\"600\" height=\"400\" class=\"su-document\" title=\"\"><\/iframe><\/div>\n<\/div>\n<div class=\"su-tabs-pane su-u-clearfix su-u-trim\" data-title=\"Opis funkcji\">\n<div class=\"su-document su-u-responsive-media-yes\"><iframe src=\"\/\/docs.google.com\/viewer?embedded=true&url=http:\/\/fabrykachlodu.pl\/sklep\/wp-content\/uploads\/2018\/03\/opis.funkcji.pdf\" width=\"600\" height=\"400\" class=\"su-document\" title=\"\"><\/iframe><\/div>\n<\/div>\n<div class=\"su-tabs-pane su-u-clearfix su-u-trim\" data-title=\"Specyfikacja funkcji\">\n<div class=\"su-document su-u-responsive-media-yes\"><iframe src=\"\/\/docs.google.com\/viewer?embedded=true&url=http:\/\/fabrykachlodu.pl\/sklep\/wp-content\/uploads\/2018\/03\/specyfikacja.funkcji.pdf\" width=\"600\" height=\"400\" class=\"su-document\" title=\"\"><\/iframe><\/div>\n<\/div>\n<div class=\"su-tabs-pane su-u-clearfix su-u-trim\" data-title=\"Funkcje\">\n<div class=\"su-document su-u-responsive-media-yes\"><iframe src=\"\/\/docs.google.com\/viewer?embedded=true&url=http:\/\/fabrykachlodu.pl\/sklep\/wp-content\/uploads\/2018\/03\/FUNKCJE.pdf\" width=\"600\" height=\"400\" class=\"su-document\" title=\"\"><\/iframe><\/div>\n<\/div>\n<div class=\"su-tabs-pane su-u-clearfix su-u-trim\" data-title=\"Energooszcz\u0119dno\u015b\u0107\">\n<div class=\"su-document su-u-responsive-media-yes\"><iframe src=\"\/\/docs.google.com\/viewer?embedded=true&url=http:\/\/fabrykachlodu.pl\/sklep\/wp-content\/uploads\/2018\/03\/energooszczednosc.pdf\" width=\"600\" height=\"400\" class=\"su-document\" title=\"\"><\/iframe><\/div>\n<\/div>\n<div class=\"su-tabs-pane su-u-clearfix su-u-trim\" data-title=\"Klimatyzacja KX NocriaX\">\n<div class=\"su-document su-u-responsive-media-yes\"><iframe src=\"\/\/docs.google.com\/viewer?embedded=true&url=http:\/\/fabrykachlodu.pl\/sklep\/wp-content\/uploads\/2018\/03\/ekologiczna.klimatyzacja.wynajem.pdf\" width=\"600\" height=\"400\" class=\"su-document\" title=\"\"><\/iframe><\/div>\n<\/div><\/div><\/div>\n<p>Dokumenty si\u0119 nie wy\u015bwietlaj\u0105? <input type=\"button\" value=\"Od\u015bwie\u017c stron\u0119\" onclick=\"location.reload();\"> <\/p>\n<div class=\"su-note\"  style=\"border-color:#e5e5e5;border-radius:3px;-moz-border-radius:3px;-webkit-border-radius:3px;\"><div class=\"su-note-inner su-u-clearfix su-u-trim\" style=\"background-color:#ffffff;border-color:#ffffff;color:#afafaf;border-radius:3px;-moz-border-radius:3px;-webkit-border-radius:3px;\">Jakie s\u0105 konsekwencje stosowania gaz\u00f3w zubo\u017caj\u0105cych warstw\u0119 ozonow\u0105 np. freonowych? (ustawa F-gazowa)<\/p>\n<p>FUJITSU kieruje si\u0119 unijnym planem dzia\u0142ania 20\/20\/20, zak\u0142adaj\u0105cym zwi\u0119kszenie udzia\u0142u \u017ar\u00f3de\u0142 energii odnawialnej o 20%, zmniejszenie emisji CO2 o 20% i zmniejszenie zu\u017cycia energii pierwotnej o 20% do roku 2020. Seria KG zasilana jest czynnikiem ekologicznym R32. Jest to nowy czynnik zast\u0119puj\u0105cy freon zgodnie z ustaw\u0105 freonow\u0105.<\/p>\n<p>nocriaX to dobra klimatyzacja i ma niewielki wp\u0142yw na globalne ocieplenie bo dzia\u0142a na nowym czynniki R32. Wp\u0142yw NocriaX jest o jedn\u0105 trzeci\u0105 ni\u017cszy ni\u017c w przypadku R410A, kt\u00f3ry jest stosowany w konwencjonalnych klimatyzatorach.<\/p>\n<p>Rekomendujemy produkty dzia\u0142aj\u0105ce z czynnikiem ch\u0142odniczym R32. Do roku 2020 na rynku europejskim zabraknie gaz\u00f3w freonowych, przez co dalsze u\u017cytkowanie b\u0119dzie utrudnione oraz koszt gaz\u00f3w zamiennych stosunkowo wy\u017cszy. <strong>Co mog\u0119 zrobi\u0107?<\/strong> Minimalny okres wynajmu klimatyzacji to 3,6,9 miesi\u0119cy. Aby skorzysta\u0107 z wynajmu konieczne jest posiadanie ruroci\u0105gu, gniazda elektrycznego, hak\u00f3w mocuj\u0105cych jednostk\u0119 zewn\u0119trzna. <a href=\"http:\/\/fabrykachlodu.pl\/sklep\/wynajem-klimatyzacji\/\">Dowiedz si\u0119 wi\u0119cej o wynajmie klimatyzacji<\/a><\/p>\n<\/div><\/div>\n<p>Seria KX nocriaX dedykowana jest do mieszka\u0144 i dom\u00f3w jednorodzinnych. Dobrze sprawdzi si\u0119 w pomieszczeniach biurowych czy punktach handlowo-us\u0142ugowych.<\/p>\n","protected":false},"excerpt":{"rendered":"<h5>Najwa\u017cniejsze zalety<\/h5>\n[dt_list style=\"1\" bullet_position=\"middle\" dividers=\"true\"][dt_list_item image=\"\"]Nowa technologia rozdzia\u0142u i cyrkulacji powietrza[\/dt_list_item][dt_list_item image=\"\"]Komfortowe grzanie i ch\u0142odzenie[\/dt_list_item][dt_list_item image=\"\"]Filtr samoczyszcz\u0105cy[\/dt_list_item][dt_list_item image=\"\"]Czujnik temperatury otoczenia i obecno\u015bci cz\u0142owieka[\/dt_list_item][\/dt_list]\n","protected":false},"featured_media":38567,"template":"","meta":[],"product_cat":[191,289,189],"product_tag":[292],"yoast_head":"<!-- This site is optimized with the Yoast SEO plugin v22.1 - https:\/\/yoast.com\/wordpress\/plugins\/seo\/ -->\n<title>Dobra klimatyzacja nocriaX zapewni komfort i oszcz\u0119dno\u015b\u0107 energii<\/title>\n<meta name=\"description\" content=\"Dobra klimatyzacja nocriaX zapewni komfort i oszcz\u0119dno\u015b\u0107 energii. Klimatyzator szybko i komfortowo ogrzeje lub sch\u0142odzi pomieszczenie, bo wentylatory dzia\u0142aj\u0105 obustronnie. Stref\u0119 komfortu przy pod\u0142odze mo\u017cna znacznie szybciej osi\u0105gn\u0105\u0107, bo wentylatory dwustronne.\" \/>\n<meta name=\"robots\" content=\"index, follow, max-snippet:-1, max-image-preview:large, max-video-preview:-1\" \/>\n<link rel=\"canonical\" href=\"https:\/\/www.fabrykachlodu.pl\/sklep\/produkt\/dobra-klimatyzacja-nocriax-zapewni-komfort-i-oszczednosc-energii\/\" \/>\n<meta name=\"twitter:label1\" content=\"Szacowany czas czytania\" \/>\n\t<meta name=\"twitter:data1\" content=\"4 minuty\" \/>\n<script type=\"application\/ld+json\" class=\"yoast-schema-graph\">{\"@context\":\"https:\/\/schema.org\",\"@graph\":[{\"@type\":\"WebPage\",\"@id\":\"https:\/\/www.fabrykachlodu.pl\/sklep\/produkt\/dobra-klimatyzacja-nocriax-zapewni-komfort-i-oszczednosc-energii\/\",\"url\":\"https:\/\/www.fabrykachlodu.pl\/sklep\/produkt\/dobra-klimatyzacja-nocriax-zapewni-komfort-i-oszczednosc-energii\/\",\"name\":\"Dobra klimatyzacja nocriaX zapewni komfort i oszcz\u0119dno\u015b\u0107 energii\",\"isPartOf\":{\"@id\":\"https:\/\/www.fabrykachlodu.pl\/sklep\/#website\"},\"datePublished\":\"2018-03-16T14:55:27+00:00\",\"dateModified\":\"2022-06-30T20:19:35+00:00\",\"description\":\"Dobra klimatyzacja nocriaX zapewni komfort i oszcz\u0119dno\u015b\u0107 energii. Klimatyzator szybko i komfortowo ogrzeje lub sch\u0142odzi pomieszczenie, bo wentylatory dzia\u0142aj\u0105 obustronnie. Stref\u0119 komfortu przy pod\u0142odze mo\u017cna znacznie szybciej osi\u0105gn\u0105\u0107, bo wentylatory dwustronne.\",\"breadcrumb\":{\"@id\":\"https:\/\/www.fabrykachlodu.pl\/sklep\/produkt\/dobra-klimatyzacja-nocriax-zapewni-komfort-i-oszczednosc-energii\/#breadcrumb\"},\"inLanguage\":\"pl-PL\",\"potentialAction\":[{\"@type\":\"ReadAction\",\"target\":[\"https:\/\/www.fabrykachlodu.pl\/sklep\/produkt\/dobra-klimatyzacja-nocriax-zapewni-komfort-i-oszczednosc-energii\/\"]}]},{\"@type\":\"BreadcrumbList\",\"@id\":\"https:\/\/www.fabrykachlodu.pl\/sklep\/produkt\/dobra-klimatyzacja-nocriax-zapewni-komfort-i-oszczednosc-energii\/#breadcrumb\",\"itemListElement\":[{\"@type\":\"ListItem\",\"position\":1,\"name\":\"Strona g\u0142\u00f3wna\",\"item\":\"https:\/\/www.fabrykachlodu.pl\/sklep\/\"},{\"@type\":\"ListItem\",\"position\":2,\"name\":\"Szukasz klimatzyacji biurowej sklepowej lub do mieszkania?\",\"item\":\"https:\/\/www.fabrykachlodu.pl\/sklep\/\"},{\"@type\":\"ListItem\",\"position\":3,\"name\":\"FUJITSU\",\"item\":\"https:\/\/www.fabrykachlodu.pl\/sklep\/product-category\/fujitsu\/\"},{\"@type\":\"ListItem\",\"position\":4,\"name\":\"Na\u015bcienny\",\"item\":\"https:\/\/www.fabrykachlodu.pl\/sklep\/product-category\/fujitsu\/nascienny-fujitsu\/\"},{\"@type\":\"ListItem\",\"position\":5,\"name\":\"KX nocariaX\",\"item\":\"https:\/\/www.fabrykachlodu.pl\/sklep\/product-category\/fujitsu\/nascienny-fujitsu\/dobry-klimatyzator-do-biura-sklepu-czy-mieszkania\/\"},{\"@type\":\"ListItem\",\"position\":6,\"name\":\"Dobra klimatyzacja ASYG09KXCA AOYG09KXCA nocriaX\"}]},{\"@type\":\"WebSite\",\"@id\":\"https:\/\/www.fabrykachlodu.pl\/sklep\/#website\",\"url\":\"https:\/\/www.fabrykachlodu.pl\/sklep\/\",\"name\":\"\u00b0FC Sklep Internetowy monta\u017c klimatyzacji pomp ciep\u0142a\",\"description\":\"\u00b0FC monta\u017c klimatyzacji pomp ciep\u0142a z nami to szybki i tani wyb\u00f3r.  Us\u0142ugi monta\u017cowe i serwisowe W Warszawie i okolicach..\",\"potentialAction\":[{\"@type\":\"SearchAction\",\"target\":{\"@type\":\"EntryPoint\",\"urlTemplate\":\"https:\/\/www.fabrykachlodu.pl\/sklep\/?s={search_term_string}\"},\"query-input\":\"required name=search_term_string\"}],\"inLanguage\":\"pl-PL\"}]}<\/script>\n<!-- \/ Yoast SEO plugin. -->","yoast_head_json":{"title":"Dobra klimatyzacja nocriaX zapewni komfort i oszcz\u0119dno\u015b\u0107 energii","description":"Dobra klimatyzacja nocriaX zapewni komfort i oszcz\u0119dno\u015b\u0107 energii. Klimatyzator szybko i komfortowo ogrzeje lub sch\u0142odzi pomieszczenie, bo wentylatory dzia\u0142aj\u0105 obustronnie. Stref\u0119 komfortu przy pod\u0142odze mo\u017cna znacznie szybciej osi\u0105gn\u0105\u0107, bo wentylatory dwustronne.","robots":{"index":"index","follow":"follow","max-snippet":"max-snippet:-1","max-image-preview":"max-image-preview:large","max-video-preview":"max-video-preview:-1"},"canonical":"https:\/\/www.fabrykachlodu.pl\/sklep\/produkt\/dobra-klimatyzacja-nocriax-zapewni-komfort-i-oszczednosc-energii\/","twitter_misc":{"Szacowany czas czytania":"4 minuty"},"schema":{"@context":"https:\/\/schema.org","@graph":[{"@type":"WebPage","@id":"https:\/\/www.fabrykachlodu.pl\/sklep\/produkt\/dobra-klimatyzacja-nocriax-zapewni-komfort-i-oszczednosc-energii\/","url":"https:\/\/www.fabrykachlodu.pl\/sklep\/produkt\/dobra-klimatyzacja-nocriax-zapewni-komfort-i-oszczednosc-energii\/","name":"Dobra klimatyzacja nocriaX zapewni komfort i oszcz\u0119dno\u015b\u0107 energii","isPartOf":{"@id":"https:\/\/www.fabrykachlodu.pl\/sklep\/#website"},"datePublished":"2018-03-16T14:55:27+00:00","dateModified":"2022-06-30T20:19:35+00:00","description":"Dobra klimatyzacja nocriaX zapewni komfort i oszcz\u0119dno\u015b\u0107 energii. Klimatyzator szybko i komfortowo ogrzeje lub sch\u0142odzi pomieszczenie, bo wentylatory dzia\u0142aj\u0105 obustronnie. Stref\u0119 komfortu przy pod\u0142odze mo\u017cna znacznie szybciej osi\u0105gn\u0105\u0107, bo wentylatory dwustronne.","breadcrumb":{"@id":"https:\/\/www.fabrykachlodu.pl\/sklep\/produkt\/dobra-klimatyzacja-nocriax-zapewni-komfort-i-oszczednosc-energii\/#breadcrumb"},"inLanguage":"pl-PL","potentialAction":[{"@type":"ReadAction","target":["https:\/\/www.fabrykachlodu.pl\/sklep\/produkt\/dobra-klimatyzacja-nocriax-zapewni-komfort-i-oszczednosc-energii\/"]}]},{"@type":"BreadcrumbList","@id":"https:\/\/www.fabrykachlodu.pl\/sklep\/produkt\/dobra-klimatyzacja-nocriax-zapewni-komfort-i-oszczednosc-energii\/#breadcrumb","itemListElement":[{"@type":"ListItem","position":1,"name":"Strona g\u0142\u00f3wna","item":"https:\/\/www.fabrykachlodu.pl\/sklep\/"},{"@type":"ListItem","position":2,"name":"Szukasz klimatzyacji biurowej sklepowej lub do mieszkania?","item":"https:\/\/www.fabrykachlodu.pl\/sklep\/"},{"@type":"ListItem","position":3,"name":"FUJITSU","item":"https:\/\/www.fabrykachlodu.pl\/sklep\/product-category\/fujitsu\/"},{"@type":"ListItem","position":4,"name":"Na\u015bcienny","item":"https:\/\/www.fabrykachlodu.pl\/sklep\/product-category\/fujitsu\/nascienny-fujitsu\/"},{"@type":"ListItem","position":5,"name":"KX nocariaX","item":"https:\/\/www.fabrykachlodu.pl\/sklep\/product-category\/fujitsu\/nascienny-fujitsu\/dobry-klimatyzator-do-biura-sklepu-czy-mieszkania\/"},{"@type":"ListItem","position":6,"name":"Dobra klimatyzacja ASYG09KXCA AOYG09KXCA nocriaX"}]},{"@type":"WebSite","@id":"https:\/\/www.fabrykachlodu.pl\/sklep\/#website","url":"https:\/\/www.fabrykachlodu.pl\/sklep\/","name":"\u00b0FC Sklep Internetowy monta\u017c klimatyzacji pomp ciep\u0142a","description":"\u00b0FC monta\u017c klimatyzacji pomp ciep\u0142a z nami to szybki i tani wyb\u00f3r.  Us\u0142ugi monta\u017cowe i serwisowe W Warszawie i okolicach..","potentialAction":[{"@type":"SearchAction","target":{"@type":"EntryPoint","urlTemplate":"https:\/\/www.fabrykachlodu.pl\/sklep\/?s={search_term_string}"},"query-input":"required name=search_term_string"}],"inLanguage":"pl-PL"}]}},"_links":{"self":[{"href":"https:\/\/www.fabrykachlodu.pl\/sklep\/wp-json\/wp\/v2\/product\/38128"}],"collection":[{"href":"https:\/\/www.fabrykachlodu.pl\/sklep\/wp-json\/wp\/v2\/product"}],"about":[{"href":"https:\/\/www.fabrykachlodu.pl\/sklep\/wp-json\/wp\/v2\/types\/product"}],"wp:featuredmedia":[{"embeddable":true,"href":"https:\/\/www.fabrykachlodu.pl\/sklep\/wp-json\/wp\/v2\/media\/38567"}],"wp:attachment":[{"href":"https:\/\/www.fabrykachlodu.pl\/sklep\/wp-json\/wp\/v2\/media?parent=38128"}],"wp:term":[{"taxonomy":"product_cat","embeddable":true,"href":"https:\/\/www.fabrykachlodu.pl\/sklep\/wp-json\/wp\/v2\/product_cat?post=38128"},{"taxonomy":"product_tag","embeddable":true,"href":"https:\/\/www.fabrykachlodu.pl\/sklep\/wp-json\/wp\/v2\/product_tag?post=38128"}],"curies":[{"name":"wp","href":"https:\/\/api.w.org\/{rel}","templated":true}]}}