{"id":38184,"date":"2018-03-16T22:52:37","date_gmt":"2018-03-16T21:52:37","guid":{"rendered":"http:\/\/fabrykachlodu.pl\/sklep\/?post_type=product&#038;p=38184"},"modified":"2022-06-30T22:19:30","modified_gmt":"2022-06-30T20:19:30","slug":"fujitsu-asyg14ltcb-aoyg14ltcn-nordic","status":"publish","type":"product","link":"https:\/\/www.fabrykachlodu.pl\/sklep\/produkt\/fujitsu-asyg14ltcb-aoyg14ltcn-nordic\/","title":{"rendered":"FUJITSU ASYG14LTCB AOYG14LTCN NORDIC"},"content":{"rendered":"<p>Mo\u017cna by powiedzie\u0107, \u017ce klimatyzator Fujitsu serii NORDIC zosta\u0142 zaprojektowany do obs\u0142ugi lodowatej Skandynawii. W polskim klimacie mo\u017ce zast\u0105pi\u0107 tradycyjne ogrzewanie lub doskonale je uzupe\u0142ni\u0107.<\/p>\n<p>Jednostka zewn\u0119trzna ma wbudowan\u0105 grza\u0142k\u0119, kt\u00f3ra zapobiega zamarzaniu podczas pracy w mro\u017any sezon. Klimatyzator posiada wysoce odporne na zimno elementy, kt\u00f3re zosta\u0142y zaprojektowane w celu zapobiegania zamarzaniu.<\/p>\n<p>Klimatyzator zapewnia komfortowe ogrzewanie nawet gdy temperatura spada do -25 \u00b0 C. Dodatkowo, wysoko wydajne podw\u00f3jne spr\u0119\u017carki rotacyjne DC i du\u017cy wymiennik ciep\u0142a podnosz\u0105 seri\u0119 NORDIC do klasy premium. W\u0142asne sterowanie falownika zapewnia wysok\u0105 wydajno\u015b\u0107 ogrzewania nawet w niskich temperaturach zewn\u0119trznych.<\/p>\n<p>Wydajno\u015b\u0107 grzewcza w niskich temperaturach otoczenia jest bardzo zwi\u0119kszona dzi\u0119ki du\u017cej obj\u0119to\u015bci wymiennika ciep\u0142a.<\/p>\n<p>Przep\u0142yw powietrza z wentylator\u00f3w poziomych skutecznie dociera do pod\u0142ogi dzi\u0119ki czemu jest bardzo mi\u0142o i przyjemnie. Nie jest to ogrzewanie pod\u0142ogowe, ale jest to zdecydowanie nowatorskie rozprowadzenie strumienia powietrza, podobnie jak w modelu KX nocariaX.<\/p>\n<p>Dzi\u0119ki silnemu strumieniowi powietrza, gor\u0105ce powietrze ociepla stopy r\u00f3wnie\u017c przy wi\u0119kszej odleg\u0142o\u015bci, gdzie cyrkulacja powietrza jest znaczenie skuteczniejsza. Ta pr\u0119dko\u015b\u0107 strumienia powietrza to wiele zalet dla samej energooszcz\u0119dno\u015bci przy czym sam klimatyzator jest cichy, bo prawie w og\u00f3le nie s\u0142ycha\u0107 jego pracy.<\/p>\n<p>Nowa jednostka zewn\u0119trzna o wzmocnionej wydajno\u015bci, przeciw zamarzaniu wykonana jest ze stali. Dodatkowa przestrze\u0144 wewn\u0105trz jednostki zapobiega stykaniu si\u0119 cz\u0119\u015bci, nawet po deszczu i przy nag\u0142ym mrozie.<\/p>\n<p>Nagrzewnica podstawowa maj\u0105ca podw\u00f3jna pojemno\u015b\u0107 po\u0142\u0105czona jest cz\u0119\u015bciami z drutu odpornego na z\u0142amania, a elektroniczne uk\u0142ady s\u0105 zabudowane w wodoszczelnej obudowie.<\/p>\n<p>Dodatkowe atuty to wysokowydajny du\u017cy wymiennik ciep\u0142a oraz wysokowydajna spr\u0119\u017carka rotacyjna DC.<\/p>\n<p>Wysokowydajny wymiennik ciep\u0142a zachowuje nominaln\u0105 moc grzewcz\u0105 nawet przy temperaturze zewn\u0119trznej -25 \u00b0 C<\/p>\n<p>Wydajno\u015b\u0107 grzewcza w niskich temperaturach otoczenia jest dwukrotnie zwi\u0119kszona z powodu dwukrotnie wi\u0119kszego wymiennika ciep\u0142a i du\u017cego wentylatora z przep\u0142ywem krzy\u017cowym w jednostce wewn\u0119trznej. Mo\u017cna uzna\u0107 seri\u0119 NORDIC za podw\u00f3jny bonus pod ka\u017cdym wzgl\u0119dem.<\/p>\n<p>Dodatkowa \u017caluzja jest otwierana przez sygna\u0142 z sensora monitoruj\u0105cego obecno\u015b\u0107 w pokoju, lub z czujnika temperatury aby szybko zwi\u0119kszy\u0107 natychmiastowe potrzeby zwi\u0105zane z komfortem. Podw\u00f3jny podajnik powietrza umo\u017cliwia automatyczne obracanie si\u0119 zar\u00f3wno w kierunku poziomym, jak i pionowym.<\/p>\n<p>Sam przycisk Comfort odpowiedzialny jest za regulacj\u0119 strumienia bocznego obustronnego.<\/p>\n<p>Dodatkowo, czujnik obecno\u015bci w pomieszczeniu wykrywa ruch os\u00f3b i mo\u017ce dzia\u0142a\u0107 z ograniczon\u0105 wydajno\u015bci\u0105, a gdy ludzie opuszczaj\u0105 pomieszczenie strumie\u0144 mo\u017ce si\u0119 zwi\u0119kszy\u0107. Czujnik mo\u017ce dzia\u0142a\u0107 odwrotnie tak aby zapewni\u0107 najwi\u0119kszy komfort i raptowny dop\u0142yw powietrza.<\/p>\n<p>Zdoby\u0142 najwy\u017csz\u0105 rang\u0119 efektywno\u015b\u0107 sezonow\u0105 A +++. Nowy modele NORDIC osi\u0105gn\u0119\u0142y szczytow\u0105 efektywno\u015b\u0107 A +++ zar\u00f3wno w ogrzewaniu jak i ch\u0142odzeniu. Zaawansowana technologia inwertera Fujitsu i komponenty o wydajno\u015bci premium zapewniaj\u0105 ponad przeci\u0119tn\u0105 jako\u015b\u0107 produktu w stosunku do ceny i oszcz\u0119dno\u015bci na zu\u017cyciu energii.<\/p>\n<p>Mobile Control to \u0142atwa kontrola klimatyzacji z wn\u0119trza domu lub z zewn\u0105trz za pomoc\u0105 smartfona, tabletu i komputera. (sam modu\u0142 WiFi jest instalowany na miejscu i jest zawarty w cenie).<\/p>\n<p>Prosty pilot pozwoli skutecznie sterowa\u0107 g\u0142\u00f3wnymi funkcjami automatyki. Polecamy fachowy monta\u017c w m.st. Warszawa, dzi\u0119ki czemu okresowe czyszczenie lub potencjalny serwis pogwarancyjny b\u0119dzie konkurencyjny cenowo.<\/p>\n<p>PARAMETRY TECHNICZNE \u2013 Klimatyzator ASYG14LTCB AOYG14LTCN NORDIC<\/p>\n<div class=\"su-tabs su-tabs-style-default su-tabs-mobile-stack\" data-active=\"1\" data-scroll-offset=\"0\" data-anchor-in-url=\"no\"><div class=\"su-tabs-nav\"><span class=\"\" data-url=\"\" data-target=\"blank\" tabindex=\"0\" role=\"button\">Ekologiczna Seria NORDIC<\/span><span class=\"\" data-url=\"\" data-target=\"blank\" tabindex=\"0\" role=\"button\">Nowy czynnik R32<\/span><span class=\"\" data-url=\"\" data-target=\"blank\" tabindex=\"0\" role=\"button\">Opis funkcji<\/span><span class=\"\" data-url=\"\" data-target=\"blank\" tabindex=\"0\" role=\"button\">Specyfikacja funkcji<\/span><span class=\"\" data-url=\"\" data-target=\"blank\" tabindex=\"0\" role=\"button\">Funkcje<\/span><span class=\"\" data-url=\"\" data-target=\"blank\" tabindex=\"0\" role=\"button\">Energooszcz\u0119dno\u015b\u0107<\/span><span class=\"\" data-url=\"\" data-target=\"blank\" tabindex=\"0\" role=\"button\">Seria NORDIC<\/span><\/div><div class=\"su-tabs-panes\"><div class=\"su-tabs-pane su-u-clearfix su-u-trim\" data-title=\"Ekologiczna Seria NORDIC\">\n<div class=\"su-document su-u-responsive-media-yes\"><iframe src=\"\/\/docs.google.com\/viewer?embedded=true&url=http:\/\/fabrykachlodu.pl\/sklep\/wp-content\/uploads\/2018\/03\/ogrzewania.pomieszczen.klimatyzacja.pdf\" width=\"600\" height=\"400\" class=\"su-document\" title=\"\"><\/iframe><\/div>\n<\/div>\n<div class=\"su-tabs-pane su-u-clearfix su-u-trim\" data-title=\"Nowy czynnik R32\">\n<div class=\"su-document su-u-responsive-media-yes\"><iframe src=\"\/\/docs.google.com\/viewer?embedded=true&url=http:\/\/fabrykachlodu.pl\/sklep\/wp-content\/uploads\/2018\/03\/nowy.czynik.chlodniczyR32.pdf\" width=\"600\" height=\"400\" class=\"su-document\" title=\"\"><\/iframe><\/div>\n<\/div>\n<div class=\"su-tabs-pane su-u-clearfix su-u-trim\" data-title=\"Opis funkcji\">\n<div class=\"su-document su-u-responsive-media-yes\"><iframe src=\"\/\/docs.google.com\/viewer?embedded=true&url=http:\/\/fabrykachlodu.pl\/sklep\/wp-content\/uploads\/2018\/03\/opis.funkcji.pdf\" width=\"600\" height=\"400\" class=\"su-document\" title=\"\"><\/iframe><\/div>\n<\/div>\n<div class=\"su-tabs-pane su-u-clearfix su-u-trim\" data-title=\"Specyfikacja funkcji\">\n<div class=\"su-document su-u-responsive-media-yes\"><iframe src=\"\/\/docs.google.com\/viewer?embedded=true&url=http:\/\/fabrykachlodu.pl\/sklep\/wp-content\/uploads\/2018\/03\/specyfikacja.funkcji.pdf\" width=\"600\" height=\"400\" class=\"su-document\" title=\"\"><\/iframe><\/div>\n<\/div>\n<div class=\"su-tabs-pane su-u-clearfix su-u-trim\" data-title=\"Funkcje\">\n<div class=\"su-document su-u-responsive-media-yes\"><iframe src=\"\/\/docs.google.com\/viewer?embedded=true&url=http:\/\/fabrykachlodu.pl\/sklep\/wp-content\/uploads\/2018\/03\/FUNKCJE.pdf\" width=\"600\" height=\"400\" class=\"su-document\" title=\"\"><\/iframe><\/div>\n<\/div>\n<div class=\"su-tabs-pane su-u-clearfix su-u-trim\" data-title=\"Energooszcz\u0119dno\u015b\u0107\">\n<div class=\"su-document su-u-responsive-media-yes\"><iframe src=\"\/\/docs.google.com\/viewer?embedded=true&url=http:\/\/fabrykachlodu.pl\/sklep\/wp-content\/uploads\/2018\/03\/energooszczednosc.pdf\" width=\"600\" height=\"400\" class=\"su-document\" title=\"\"><\/iframe><\/div>\n<\/div>\n<div class=\"su-tabs-pane su-u-clearfix su-u-trim\" data-title=\"Seria NORDIC\">\n<div class=\"su-document su-u-responsive-media-yes\"><iframe src=\"\/\/docs.google.com\/viewer?embedded=true&url=http:\/\/fabrykachlodu.pl\/sklep\/wp-content\/uploads\/2018\/03\/klimatyzacja.zima_.grzanie.pdf\" width=\"600\" height=\"400\" class=\"su-document\" title=\"\"><\/iframe><\/div>\n<\/div><\/div><\/div>\n<p>Dokumenty si\u0119 nie wy\u015bwietlaj\u0105? <input type=\"button\" value=\"Od\u015bwie\u017c stron\u0119\" onclick=\"location.reload();\"><\/p>\n<div class=\"su-note\"  style=\"border-color:#e5e5e5;border-radius:3px;-moz-border-radius:3px;-webkit-border-radius:3px;\"><div class=\"su-note-inner su-u-clearfix su-u-trim\" style=\"background-color:#ffffff;border-color:#ffffff;color:#afafaf;border-radius:3px;-moz-border-radius:3px;-webkit-border-radius:3px;\">Jakie s\u0105 konsekwencje stosowania gaz\u00f3w zubo\u017caj\u0105cych warstw\u0119 ozonow\u0105 np. freonowych? (ustawa F-gazowa)<\/p>\n<p>FUJITSU kieruje si\u0119 unijnym planem dzia\u0142ania 20\/20\/20, zak\u0142adaj\u0105cym zwi\u0119kszenie udzia\u0142u \u017ar\u00f3de\u0142 energii odnawialnej o 20%, zmniejszenie emisji CO2 o 20% i zmniejszenie zu\u017cycia energii pierwotnej o 20% do roku 2020. Seria KG zasilana jest czynnikiem ekologicznym R32. Jest to nowy czynnik zast\u0119puj\u0105cy freon zgodnie z ustaw\u0105 freonow\u0105.<\/p>\n<p>NORDIC ma niewielki wp\u0142yw na globalne ocieplenie bo dzia\u0142a na nowym czynniku R32. Wp\u0142yw NORDIC jest o jedn\u0105 trzeci\u0105 ni\u017cszy ni\u017c w przypadku R410A, kt\u00f3ry jest stosowany w konwencjonalnych klimatyzatorach.<\/p>\n<p>Rekomendujemy produkty dzia\u0142aj\u0105ce z czynnikiem ch\u0142odniczym R32. Do roku 2020 na rynku europejskim zabraknie gaz\u00f3w freonowych, przez co dalsze u\u017cytkowanie b\u0119dzie utrudnione oraz koszt gaz\u00f3w zamiennych stosunkowo wy\u017cszy. <strong>Co mog\u0119 zrobi\u0107?<\/strong> Minimalny okres wynajmu klimatyzacji to 3,6,9 miesi\u0119cy. Aby skorzysta\u0107 z wynajmu konieczne jest posiadanie ruroci\u0105gu, gniazda elektrycznego, hak\u00f3w mocuj\u0105cych jednostk\u0119 zewn\u0119trzna. <a href=\"http:\/\/fabrykachlodu.pl\/sklep\/wynajem-klimatyzacji\/\">Dowiedz si\u0119 wi\u0119cej o wynajmie klimatyzacji<\/a><\/p>\n<\/div><\/div>\n<p>Seria NORDIC dedykowana jest do mieszka\u0144 i dom\u00f3w jednorodzinnych. Sprawdz\u0105 si\u0119 w pomieszczeniach biurowych czy punktach handlowo-us\u0142ugowych.<\/p>\n","protected":false},"excerpt":{"rendered":"<h5>Najwa\u017cniejsze zalety<\/h5>\n[dt_list style=\"1\" bullet_position=\"middle\" dividers=\"true\"][dt_list_item image=\"\"]Pot\u0119\u017cna moc grzewcza [\/dt_list_item][dt_list_item image=\"\"]Wydajna oszcz\u0119dno\u015b\u0107 energii[\/dt_list_item][dt_list_item image=\"\"]Tryb cichej pracy[\/dt_list_item][dt_list_item image=\"\"]Praca w niskiej temperaturze otoczenia [\/dt_list_item][\/dt_list]\n","protected":false},"featured_media":38843,"template":"","meta":[],"product_cat":[191,313,189],"product_tag":[298],"yoast_head":"<!-- This site is optimized with the Yoast SEO plugin v22.1 - https:\/\/yoast.com\/wordpress\/plugins\/seo\/ -->\n<title>\u00b0FC &#187;<\/title>\n<meta name=\"description\" content=\"\u00b0FC klimatyzacja monta\u017c Warszawa\" \/>\n<meta name=\"robots\" content=\"noindex, nofollow\" \/>\n<meta name=\"twitter:label1\" content=\"Szacowany czas czytania\" \/>\n\t<meta name=\"twitter:data1\" content=\"5 minut\" \/>\n<script type=\"application\/ld+json\" class=\"yoast-schema-graph\">{\"@context\":\"https:\/\/schema.org\",\"@graph\":[{\"@type\":\"WebPage\",\"@id\":\"https:\/\/www.fabrykachlodu.pl\/sklep\/produkt\/fujitsu-asyg14ltcb-aoyg14ltcn-nordic\/\",\"url\":\"https:\/\/www.fabrykachlodu.pl\/sklep\/produkt\/fujitsu-asyg14ltcb-aoyg14ltcn-nordic\/\",\"name\":\"\u00b0FC &#187;\",\"isPartOf\":{\"@id\":\"https:\/\/www.fabrykachlodu.pl\/sklep\/#website\"},\"datePublished\":\"2018-03-16T21:52:37+00:00\",\"dateModified\":\"2022-06-30T20:19:30+00:00\",\"description\":\"\u00b0FC klimatyzacja monta\u017c Warszawa\",\"breadcrumb\":{\"@id\":\"https:\/\/www.fabrykachlodu.pl\/sklep\/produkt\/fujitsu-asyg14ltcb-aoyg14ltcn-nordic\/#breadcrumb\"},\"inLanguage\":\"pl-PL\",\"potentialAction\":[{\"@type\":\"ReadAction\",\"target\":[\"https:\/\/www.fabrykachlodu.pl\/sklep\/produkt\/fujitsu-asyg14ltcb-aoyg14ltcn-nordic\/\"]}]},{\"@type\":\"BreadcrumbList\",\"@id\":\"https:\/\/www.fabrykachlodu.pl\/sklep\/produkt\/fujitsu-asyg14ltcb-aoyg14ltcn-nordic\/#breadcrumb\",\"itemListElement\":[{\"@type\":\"ListItem\",\"position\":1,\"name\":\"Strona g\u0142\u00f3wna\",\"item\":\"https:\/\/www.fabrykachlodu.pl\/sklep\/\"},{\"@type\":\"ListItem\",\"position\":2,\"name\":\"Szukasz klimatzyacji biurowej sklepowej lub do mieszkania?\",\"item\":\"https:\/\/www.fabrykachlodu.pl\/sklep\/\"},{\"@type\":\"ListItem\",\"position\":3,\"name\":\"FUJITSU\",\"item\":\"https:\/\/www.fabrykachlodu.pl\/sklep\/product-category\/fujitsu\/\"},{\"@type\":\"ListItem\",\"position\":4,\"name\":\"Na\u015bcienny\",\"item\":\"https:\/\/www.fabrykachlodu.pl\/sklep\/product-category\/fujitsu\/nascienny-fujitsu\/\"},{\"@type\":\"ListItem\",\"position\":5,\"name\":\"LT NORDIC\",\"item\":\"https:\/\/www.fabrykachlodu.pl\/sklep\/product-category\/fujitsu\/nascienny-fujitsu\/lt-nordic-chlodzenie-i-ogrzewanie-montaz-sprzedaz\/\"},{\"@type\":\"ListItem\",\"position\":6,\"name\":\"FUJITSU ASYG14LTCB AOYG14LTCN NORDIC\"}]},{\"@type\":\"WebSite\",\"@id\":\"https:\/\/www.fabrykachlodu.pl\/sklep\/#website\",\"url\":\"https:\/\/www.fabrykachlodu.pl\/sklep\/\",\"name\":\"\u00b0FC Sklep Internetowy monta\u017c klimatyzacji pomp ciep\u0142a\",\"description\":\"\u00b0FC monta\u017c klimatyzacji pomp ciep\u0142a z nami to szybki i tani wyb\u00f3r.  Us\u0142ugi monta\u017cowe i serwisowe W Warszawie i okolicach..\",\"potentialAction\":[{\"@type\":\"SearchAction\",\"target\":{\"@type\":\"EntryPoint\",\"urlTemplate\":\"https:\/\/www.fabrykachlodu.pl\/sklep\/?s={search_term_string}\"},\"query-input\":\"required name=search_term_string\"}],\"inLanguage\":\"pl-PL\"}]}<\/script>\n<!-- \/ Yoast SEO plugin. -->","yoast_head_json":{"title":"\u00b0FC &#187;","description":"\u00b0FC klimatyzacja monta\u017c Warszawa","robots":{"index":"noindex","follow":"nofollow"},"twitter_misc":{"Szacowany czas czytania":"5 minut"},"schema":{"@context":"https:\/\/schema.org","@graph":[{"@type":"WebPage","@id":"https:\/\/www.fabrykachlodu.pl\/sklep\/produkt\/fujitsu-asyg14ltcb-aoyg14ltcn-nordic\/","url":"https:\/\/www.fabrykachlodu.pl\/sklep\/produkt\/fujitsu-asyg14ltcb-aoyg14ltcn-nordic\/","name":"\u00b0FC &#187;","isPartOf":{"@id":"https:\/\/www.fabrykachlodu.pl\/sklep\/#website"},"datePublished":"2018-03-16T21:52:37+00:00","dateModified":"2022-06-30T20:19:30+00:00","description":"\u00b0FC klimatyzacja monta\u017c Warszawa","breadcrumb":{"@id":"https:\/\/www.fabrykachlodu.pl\/sklep\/produkt\/fujitsu-asyg14ltcb-aoyg14ltcn-nordic\/#breadcrumb"},"inLanguage":"pl-PL","potentialAction":[{"@type":"ReadAction","target":["https:\/\/www.fabrykachlodu.pl\/sklep\/produkt\/fujitsu-asyg14ltcb-aoyg14ltcn-nordic\/"]}]},{"@type":"BreadcrumbList","@id":"https:\/\/www.fabrykachlodu.pl\/sklep\/produkt\/fujitsu-asyg14ltcb-aoyg14ltcn-nordic\/#breadcrumb","itemListElement":[{"@type":"ListItem","position":1,"name":"Strona g\u0142\u00f3wna","item":"https:\/\/www.fabrykachlodu.pl\/sklep\/"},{"@type":"ListItem","position":2,"name":"Szukasz klimatzyacji biurowej sklepowej lub do mieszkania?","item":"https:\/\/www.fabrykachlodu.pl\/sklep\/"},{"@type":"ListItem","position":3,"name":"FUJITSU","item":"https:\/\/www.fabrykachlodu.pl\/sklep\/product-category\/fujitsu\/"},{"@type":"ListItem","position":4,"name":"Na\u015bcienny","item":"https:\/\/www.fabrykachlodu.pl\/sklep\/product-category\/fujitsu\/nascienny-fujitsu\/"},{"@type":"ListItem","position":5,"name":"LT NORDIC","item":"https:\/\/www.fabrykachlodu.pl\/sklep\/product-category\/fujitsu\/nascienny-fujitsu\/lt-nordic-chlodzenie-i-ogrzewanie-montaz-sprzedaz\/"},{"@type":"ListItem","position":6,"name":"FUJITSU ASYG14LTCB AOYG14LTCN NORDIC"}]},{"@type":"WebSite","@id":"https:\/\/www.fabrykachlodu.pl\/sklep\/#website","url":"https:\/\/www.fabrykachlodu.pl\/sklep\/","name":"\u00b0FC Sklep Internetowy monta\u017c klimatyzacji pomp ciep\u0142a","description":"\u00b0FC monta\u017c klimatyzacji pomp ciep\u0142a z nami to szybki i tani wyb\u00f3r.  Us\u0142ugi monta\u017cowe i serwisowe W Warszawie i okolicach..","potentialAction":[{"@type":"SearchAction","target":{"@type":"EntryPoint","urlTemplate":"https:\/\/www.fabrykachlodu.pl\/sklep\/?s={search_term_string}"},"query-input":"required name=search_term_string"}],"inLanguage":"pl-PL"}]}},"_links":{"self":[{"href":"https:\/\/www.fabrykachlodu.pl\/sklep\/wp-json\/wp\/v2\/product\/38184"}],"collection":[{"href":"https:\/\/www.fabrykachlodu.pl\/sklep\/wp-json\/wp\/v2\/product"}],"about":[{"href":"https:\/\/www.fabrykachlodu.pl\/sklep\/wp-json\/wp\/v2\/types\/product"}],"wp:featuredmedia":[{"embeddable":true,"href":"https:\/\/www.fabrykachlodu.pl\/sklep\/wp-json\/wp\/v2\/media\/38843"}],"wp:attachment":[{"href":"https:\/\/www.fabrykachlodu.pl\/sklep\/wp-json\/wp\/v2\/media?parent=38184"}],"wp:term":[{"taxonomy":"product_cat","embeddable":true,"href":"https:\/\/www.fabrykachlodu.pl\/sklep\/wp-json\/wp\/v2\/product_cat?post=38184"},{"taxonomy":"product_tag","embeddable":true,"href":"https:\/\/www.fabrykachlodu.pl\/sklep\/wp-json\/wp\/v2\/product_tag?post=38184"}],"curies":[{"name":"wp","href":"https:\/\/api.w.org\/{rel}","templated":true}]}}