{"id":39106,"date":"2019-04-30T10:58:41","date_gmt":"2019-04-30T08:58:41","guid":{"rendered":"http:\/\/fabrykachlodu.pl\/sklep\/?post_type=product&#038;p=39106"},"modified":"2022-03-27T22:26:16","modified_gmt":"2022-03-27T20:26:16","slug":"gree-pompa-ciepla-powietrza","status":"publish","type":"product","link":"https:\/\/www.fabrykachlodu.pl\/sklep\/produkt\/gree-pompa-ciepla-powietrza\/","title":{"rendered":"GREE pompa ciep\u0142a powietrze-woda Versati"},"content":{"rendered":"<h1>Pompy ciep\u0142a Gree serii Versati to tanie ogrzewanie domu, ca\u0142kowicie elastyczne, energooszcz\u0119dne<\/h1>\n<p>Pompa powietrza Wydobywa ciep\u0142o z powietrza zewn\u0119trznego, podnosi to ciep\u0142o do wy\u017cszej temperatury, a nast\u0119pnie rozprowadza si\u0119 w domu za pomoc\u0105 ogrzewania pod\u0142ogowego, grzejnik\u00f3w lub konwektor\u00f3w ciep\u0142a emituj\u0105cych ciep\u0142o.<\/p>\n<p>Pompy ciep\u0142a Gree serii Versati to urz\u0105dzenia umo\u017cliwiaj\u0105ce realizacj\u0119: ogrzewania niskotemperaturowego, przygotowania ciep\u0142ej wody u\u017cytkowej oraz klimatyzacji poprzez klimakonwektory. Dzi\u0119ki szerokiemu zakresowi mocy znajduj\u0105 one zastosowanie zar\u00f3wno w niewielkich budynkach mieszkalnych, jak i inwestycjach komercyjnych. Wysokie parametry oraz nowoczesna konstrukcja pracy sprawiaj\u0105, \u017ce cechuje je wyj\u0105tkowa energooszcz\u0119dno\u015b\u0107 oraz niezawodno\u015b\u0107. Dedykowane zbiorniki CWU wyst\u0119puj\u0105ce w dw\u00f3ch wersjach, zar\u00f3wno wielko\u015bciowych jak i zasilania, pozwalaj\u0105 ponadto na pod\u0142\u0105czenie uk\u0142adu do instalacji solarnej czyni\u0105c systemy Versati jeszcze bardziej ekologicznymi i energooszcz\u0119dnymi.<\/p>\n<h2>Pompy ciep\u0142a Gree to tanie i wygode w u\u017cytkowaniu rozwi\u0105zanie o szerokich mo\u017cliwo\u015bciach pracy.<\/h2>\n<p>Dzi\u0119ki zastosowaniu dodatkowych grza\u0142ek elektrycznych s\u0105 one<\/p>\n<p>w stanie ogrzewa\u0107 pomieszczenia praktycznie w ka\u017cdej temperaturze polskiego klimatu.<\/p>\n<h2>Oferujemy trzy Pompy ciep\u0142a Gree serii Versati, nast\u0119puj\u0105ce modele instalujemy na terenie Warszawy i okolic:<\/h2>\n<p>RS-CQ10Pd\/NaE-K<\/p>\n<p>GRS-CQ16Pd\/NaE-K<\/p>\n<p>GRS-CQ16Pd\/NaE-M (380V)<\/p>\n<p>W zestawie jest jednostka wewn\u0119trzna i zewn\u0119trzna, dobrane wg tych samych parametr\u00f3w.<\/p>\n<p>Dodatkowo, mo\u017cna dokupi\u0107<\/p>\n<p>ZBIORNIK CWU (Ciep\u0142\u0105 woda u\u017cytkowa) z mo\u017cliwosci\u0105 przy\u0142\u0105czenia instalacji solarnej<\/p>\n<p>JEDNOSTKI KLIMAKONWEKTOROWE<\/p>\n<p>JEDNOSTKI PRZYPOD\u0141OGOWO-SUFITOWE<\/p>\n<p>JEDNOSTKI SUFITOWE I KASETONOWE<\/p>\n<div class=\"su-tabs su-tabs-style-default su-tabs-mobile-stack\" data-active=\"1\" data-scroll-offset=\"0\" data-anchor-in-url=\"no\"><div class=\"su-tabs-nav\"><span class=\"\" data-url=\"\" data-target=\"blank\" tabindex=\"0\" role=\"button\">Pompy ciep\u0142a Gree<\/span><span class=\"\" data-url=\"\" data-target=\"blank\" tabindex=\"0\" role=\"button\">Jednostki wewn\u0119trzne<\/span><span class=\"\" data-url=\"\" data-target=\"blank\" tabindex=\"0\" role=\"button\">Jednostki zewn\u0119trzne, zbiorniki na wod\u0119<\/span><span class=\"\" data-url=\"\" data-target=\"blank\" tabindex=\"0\" role=\"button\">Jednostki klimakonwektorowe<\/span><\/div><div class=\"su-tabs-panes\"><div class=\"su-tabs-pane su-u-clearfix su-u-trim\" data-title=\"Pompy ciep\u0142a Gree\">\n<div class=\"su-document su-u-responsive-media-yes\"><iframe src=\"\/\/docs.google.com\/viewer?embedded=true&url=http:\/\/fabrykachlodu.pl\/sklep\/view\/uploads\/2019\/04\/montaz\u0307_POMPY.CIEPLA.WARSZAWA.GREE_.pdf\" width=\"600\" height=\"400\" class=\"su-document\" title=\"\"><\/iframe><\/div>\n<\/div>\n<div class=\"su-tabs-pane su-u-clearfix su-u-trim\" data-title=\"Jednostki wewn\u0119trzne\">\n<div class=\"su-document su-u-responsive-media-yes\"><iframe src=\"\/\/docs.google.com\/viewer?embedded=true&url=http:\/\/fabrykachlodu.pl\/sklep\/view\/uploads\/2019\/04\/Jednostki_wewne\u0328trzne_POMPY.CIEPLA.WARSZAWA.GREE_.pdf\" width=\"600\" height=\"400\" class=\"su-document\" title=\"\"><\/iframe><\/div>\n<\/div>\n<div class=\"su-tabs-pane su-u-clearfix su-u-trim\" data-title=\"Jednostki zewn\u0119trzne, zbiorniki na wod\u0119\">\n<div class=\"su-document su-u-responsive-media-yes\"><iframe src=\"\/\/docs.google.com\/viewer?embedded=true&url=http:\/\/fabrykachlodu.pl\/sklep\/view\/uploads\/2019\/04\/Jednostki_zewne\u0328trzne_POMPY.CIEPLA.WARSZAWA.GREE_.pdf\" width=\"600\" height=\"400\" class=\"su-document\" title=\"\"><\/iframe><\/div>\n<\/div>\n<div class=\"su-tabs-pane su-u-clearfix su-u-trim\" data-title=\"Jednostki klimakonwektorowe\">\n<div class=\"su-document su-u-responsive-media-yes\"><iframe src=\"\/\/docs.google.com\/viewer?embedded=true&url=http:\/\/fabrykachlodu.pl\/sklep\/view\/uploads\/2019\/04\/Jednostki_klimakonwektorowe_POMPY.CIEPLA.WARSZAWA.GREE_.pdf\" width=\"600\" height=\"400\" class=\"su-document\" title=\"\"><\/iframe><\/div>\n<\/div><\/div><\/div>\n<p>&nbsp;<\/p>\n<p>Dokumenty si\u0119 nie wy\u015bwietlaj\u0105? <input type=\"button\" value=\"Od\u015bwie\u017c stron\u0119\" onclick=\"location.reload();\"> <\/p>\n","protected":false},"excerpt":{"rendered":"<p><span style=\"color: #000000;\"><strong>Najwa\u017cniejsze zalety<\/strong><\/span><\/p>\n[dt_list style=\"1\" bullet_position=\"middle\" dividers=\"true\"][dt_list_item image=\"\"]Wydajne grzanie[\/dt_list_item][dt_list_item image=\"\"]Atrakcyjna cena[\/dt_list_item][dt_list_item image=\"\"]Sprawdzony model[\/dt_list_item][dt_list_item image=\"\"]Ch\u0142odzenie latem[\/dt_list_item][\/dt_list]\n","protected":false},"featured_media":39192,"template":"","meta":[],"product_cat":[404],"product_tag":[],"yoast_head":"<!-- This site is optimized with the Yoast SEO plugin v22.1 - https:\/\/yoast.com\/wordpress\/plugins\/seo\/ -->\n<title>Pompy ciep\u0142a Warszawa Pompa powietrza ogrzewanie i woda u\u017cytkowa<\/title>\n<meta name=\"description\" content=\"Pompy ciep\u0142a Warszawa Pompa powietrza ogrzewanie i woda u\u017cytkowa serii Versati to tania pompa powietrza ogrzewanie bo urz\u0105dzenia s\u0142u\u017c\u0105 do ogrzewania niskotemperaturowego pod\u0142ogwego, grzejnikowego, przygotowania ciep\u0142ej wody u\u017cytkowej oraz klimatyzacji poprzez klimakonwektory. Do zastosowania w budynkach mieszkalnych.\" \/>\n<meta name=\"robots\" content=\"index, follow, max-snippet:-1, max-image-preview:large, max-video-preview:-1\" \/>\n<link rel=\"canonical\" href=\"https:\/\/www.fabrykachlodu.pl\/sklep\/produkt\/gree-pompa-ciepla-powietrza\/\" \/>\n<meta name=\"twitter:label1\" content=\"Szacowany czas czytania\" \/>\n\t<meta name=\"twitter:data1\" content=\"2 minuty\" \/>\n<script type=\"application\/ld+json\" class=\"yoast-schema-graph\">{\"@context\":\"https:\/\/schema.org\",\"@graph\":[{\"@type\":\"WebPage\",\"@id\":\"https:\/\/www.fabrykachlodu.pl\/sklep\/produkt\/gree-pompa-ciepla-powietrza\/\",\"url\":\"https:\/\/www.fabrykachlodu.pl\/sklep\/produkt\/gree-pompa-ciepla-powietrza\/\",\"name\":\"Pompy ciep\u0142a Warszawa Pompa powietrza ogrzewanie i woda u\u017cytkowa\",\"isPartOf\":{\"@id\":\"https:\/\/www.fabrykachlodu.pl\/sklep\/#website\"},\"datePublished\":\"2019-04-30T08:58:41+00:00\",\"dateModified\":\"2022-03-27T20:26:16+00:00\",\"description\":\"Pompy ciep\u0142a Warszawa Pompa powietrza ogrzewanie i woda u\u017cytkowa serii Versati to tania pompa powietrza ogrzewanie bo urz\u0105dzenia s\u0142u\u017c\u0105 do ogrzewania niskotemperaturowego pod\u0142ogwego, grzejnikowego, przygotowania ciep\u0142ej wody u\u017cytkowej oraz klimatyzacji poprzez klimakonwektory. Do zastosowania w budynkach mieszkalnych.\",\"breadcrumb\":{\"@id\":\"https:\/\/www.fabrykachlodu.pl\/sklep\/produkt\/gree-pompa-ciepla-powietrza\/#breadcrumb\"},\"inLanguage\":\"pl-PL\",\"potentialAction\":[{\"@type\":\"ReadAction\",\"target\":[\"https:\/\/www.fabrykachlodu.pl\/sklep\/produkt\/gree-pompa-ciepla-powietrza\/\"]}]},{\"@type\":\"BreadcrumbList\",\"@id\":\"https:\/\/www.fabrykachlodu.pl\/sklep\/produkt\/gree-pompa-ciepla-powietrza\/#breadcrumb\",\"itemListElement\":[{\"@type\":\"ListItem\",\"position\":1,\"name\":\"Strona g\u0142\u00f3wna\",\"item\":\"https:\/\/www.fabrykachlodu.pl\/sklep\/\"},{\"@type\":\"ListItem\",\"position\":2,\"name\":\"Szukasz klimatzyacji biurowej sklepowej lub do mieszkania?\",\"item\":\"https:\/\/www.fabrykachlodu.pl\/sklep\/\"},{\"@type\":\"ListItem\",\"position\":3,\"name\":\"GREE\",\"item\":\"https:\/\/www.fabrykachlodu.pl\/sklep\/product-category\/gree\/\"},{\"@type\":\"ListItem\",\"position\":4,\"name\":\"POMPY CIEP\u0141A\",\"item\":\"https:\/\/www.fabrykachlodu.pl\/sklep\/product-category\/gree\/pompy-ciepla\/\"},{\"@type\":\"ListItem\",\"position\":5,\"name\":\"GREE pompa ciep\u0142a powietrze-woda Versati\"}]},{\"@type\":\"WebSite\",\"@id\":\"https:\/\/www.fabrykachlodu.pl\/sklep\/#website\",\"url\":\"https:\/\/www.fabrykachlodu.pl\/sklep\/\",\"name\":\"\u00b0FC Sklep Internetowy monta\u017c klimatyzacji pomp ciep\u0142a\",\"description\":\"\u00b0FC monta\u017c klimatyzacji pomp ciep\u0142a z nami to szybki i tani wyb\u00f3r.  Us\u0142ugi monta\u017cowe i serwisowe W Warszawie i okolicach..\",\"potentialAction\":[{\"@type\":\"SearchAction\",\"target\":{\"@type\":\"EntryPoint\",\"urlTemplate\":\"https:\/\/www.fabrykachlodu.pl\/sklep\/?s={search_term_string}\"},\"query-input\":\"required name=search_term_string\"}],\"inLanguage\":\"pl-PL\"}]}<\/script>\n<!-- \/ Yoast SEO plugin. -->","yoast_head_json":{"title":"Pompy ciep\u0142a Warszawa Pompa powietrza ogrzewanie i woda u\u017cytkowa","description":"Pompy ciep\u0142a Warszawa Pompa powietrza ogrzewanie i woda u\u017cytkowa serii Versati to tania pompa powietrza ogrzewanie bo urz\u0105dzenia s\u0142u\u017c\u0105 do ogrzewania niskotemperaturowego pod\u0142ogwego, grzejnikowego, przygotowania ciep\u0142ej wody u\u017cytkowej oraz klimatyzacji poprzez klimakonwektory. Do zastosowania w budynkach mieszkalnych.","robots":{"index":"index","follow":"follow","max-snippet":"max-snippet:-1","max-image-preview":"max-image-preview:large","max-video-preview":"max-video-preview:-1"},"canonical":"https:\/\/www.fabrykachlodu.pl\/sklep\/produkt\/gree-pompa-ciepla-powietrza\/","twitter_misc":{"Szacowany czas czytania":"2 minuty"},"schema":{"@context":"https:\/\/schema.org","@graph":[{"@type":"WebPage","@id":"https:\/\/www.fabrykachlodu.pl\/sklep\/produkt\/gree-pompa-ciepla-powietrza\/","url":"https:\/\/www.fabrykachlodu.pl\/sklep\/produkt\/gree-pompa-ciepla-powietrza\/","name":"Pompy ciep\u0142a Warszawa Pompa powietrza ogrzewanie i woda u\u017cytkowa","isPartOf":{"@id":"https:\/\/www.fabrykachlodu.pl\/sklep\/#website"},"datePublished":"2019-04-30T08:58:41+00:00","dateModified":"2022-03-27T20:26:16+00:00","description":"Pompy ciep\u0142a Warszawa Pompa powietrza ogrzewanie i woda u\u017cytkowa serii Versati to tania pompa powietrza ogrzewanie bo urz\u0105dzenia s\u0142u\u017c\u0105 do ogrzewania niskotemperaturowego pod\u0142ogwego, grzejnikowego, przygotowania ciep\u0142ej wody u\u017cytkowej oraz klimatyzacji poprzez klimakonwektory. Do zastosowania w budynkach mieszkalnych.","breadcrumb":{"@id":"https:\/\/www.fabrykachlodu.pl\/sklep\/produkt\/gree-pompa-ciepla-powietrza\/#breadcrumb"},"inLanguage":"pl-PL","potentialAction":[{"@type":"ReadAction","target":["https:\/\/www.fabrykachlodu.pl\/sklep\/produkt\/gree-pompa-ciepla-powietrza\/"]}]},{"@type":"BreadcrumbList","@id":"https:\/\/www.fabrykachlodu.pl\/sklep\/produkt\/gree-pompa-ciepla-powietrza\/#breadcrumb","itemListElement":[{"@type":"ListItem","position":1,"name":"Strona g\u0142\u00f3wna","item":"https:\/\/www.fabrykachlodu.pl\/sklep\/"},{"@type":"ListItem","position":2,"name":"Szukasz klimatzyacji biurowej sklepowej lub do mieszkania?","item":"https:\/\/www.fabrykachlodu.pl\/sklep\/"},{"@type":"ListItem","position":3,"name":"GREE","item":"https:\/\/www.fabrykachlodu.pl\/sklep\/product-category\/gree\/"},{"@type":"ListItem","position":4,"name":"POMPY CIEP\u0141A","item":"https:\/\/www.fabrykachlodu.pl\/sklep\/product-category\/gree\/pompy-ciepla\/"},{"@type":"ListItem","position":5,"name":"GREE pompa ciep\u0142a powietrze-woda Versati"}]},{"@type":"WebSite","@id":"https:\/\/www.fabrykachlodu.pl\/sklep\/#website","url":"https:\/\/www.fabrykachlodu.pl\/sklep\/","name":"\u00b0FC Sklep Internetowy monta\u017c klimatyzacji pomp ciep\u0142a","description":"\u00b0FC monta\u017c klimatyzacji pomp ciep\u0142a z nami to szybki i tani wyb\u00f3r.  Us\u0142ugi monta\u017cowe i serwisowe W Warszawie i okolicach..","potentialAction":[{"@type":"SearchAction","target":{"@type":"EntryPoint","urlTemplate":"https:\/\/www.fabrykachlodu.pl\/sklep\/?s={search_term_string}"},"query-input":"required name=search_term_string"}],"inLanguage":"pl-PL"}]}},"_links":{"self":[{"href":"https:\/\/www.fabrykachlodu.pl\/sklep\/wp-json\/wp\/v2\/product\/39106"}],"collection":[{"href":"https:\/\/www.fabrykachlodu.pl\/sklep\/wp-json\/wp\/v2\/product"}],"about":[{"href":"https:\/\/www.fabrykachlodu.pl\/sklep\/wp-json\/wp\/v2\/types\/product"}],"wp:featuredmedia":[{"embeddable":true,"href":"https:\/\/www.fabrykachlodu.pl\/sklep\/wp-json\/wp\/v2\/media\/39192"}],"wp:attachment":[{"href":"https:\/\/www.fabrykachlodu.pl\/sklep\/wp-json\/wp\/v2\/media?parent=39106"}],"wp:term":[{"taxonomy":"product_cat","embeddable":true,"href":"https:\/\/www.fabrykachlodu.pl\/sklep\/wp-json\/wp\/v2\/product_cat?post=39106"},{"taxonomy":"product_tag","embeddable":true,"href":"https:\/\/www.fabrykachlodu.pl\/sklep\/wp-json\/wp\/v2\/product_tag?post=39106"}],"curies":[{"name":"wp","href":"https:\/\/api.w.org\/{rel}","templated":true}]}}