{"id":39153,"date":"2019-05-06T10:04:07","date_gmt":"2019-05-06T08:04:07","guid":{"rendered":"http:\/\/fabrykachlodu.pl\/sklep\/?post_type=product&#038;p=39153"},"modified":"2022-03-27T22:26:08","modified_gmt":"2022-03-27T20:26:08","slug":"filtry-powietrza-do-klimatyzacji-gree","status":"publish","type":"product","link":"https:\/\/www.fabrykachlodu.pl\/sklep\/produkt\/filtry-powietrza-do-klimatyzacji-gree\/","title":{"rendered":"Filtry powietrza do klimatyzacji Gree"},"content":{"rendered":"<h1>Wybierz spo\u015br\u00f3d: Filtr z jonami srebra, aktywny w\u0119glowy, BIO i zagwarantuj sobie zdrowe i oczyszczone powietrze. Filtry powinny by\u0107 wymieniane minimum co 6 miesi\u0119cy, je\u015bli s\u0105 w domu zwierz\u0119ta to co 3 miesi\u0105ce.<\/h1>\n<p>Klimatyzator w podstawowej wersji posiada filtr powietrza siatkowy, kt\u00f3ry filtruje kurz oraz inne zanieczyszczenia widoczne go\u0142ym okiem. Taki filtr to podstawowe oczyszczenie powietrza. Filtr dodatkowy znacznie podnosi jako\u015b\u0107 powietrza bo s\u0105 2w1, czyli podw\u00f3jna warstwa filtruje zanieczyszczenia do 98%.<\/p>\n<p>Od klimatyzator\u00f3w oczekuje si\u0119 dostarczenia odpowiednich warunk\u00f3w termicznych, tak\u017ce zapewnienia dobrej jako\u015bci powietrza nawiewanego, tak by by\u0142o ono wolne od zanieczyszcze\u0144, bakterii i zapach\u00f3w. W zwi\u0105zku z tym klimatyzatory wyposa\u017cone s\u0105 cz\u0119sto w do\u015b\u0107 z\u0142o\u017cone dodatkowe filtry.<\/p>\n<p><b>Klimatyzator i oczyszczacz powietrza w jednym, bo wystarczy, \u017ce zamocujesz filtry do filtra siatkowego b\u0119d\u0105cego w podstawowym wyposa\u017ceniu jednostki i w\u0142\u0105czysz klimatyzator w trybie nawiewu.<\/b> Zapoznaj si\u0119 z filtrami i zam\u00f3w w naszym sklepie &#8211; szybka dostawa gwarantowana!<\/p>\n<p>Zam\u00f3wienie dotyczy jeden filtr zamienny do klimatyzator\u00f3w MIDEA, pasuj\u0105cy do modeli BLANC,BREEZELESS+, EVEREST, MISSION SMART, MISSION XTREME, MULTI SPLIT ORAZ INNYCH MODELI ZAWIERAJ\u0104CYCH SIATKOWY FILTR WST\u0118PNY. Zam\u00f3wienie dotyczy jednego filtra, wchodz\u0105cego z lewej lub prawej strony filtra siateczkowego. Celem zwi\u0119kszenia skuteczno\u015bci rekomendujemy wymian\u0119 kompletu 2 filtr\u00f3w tego samego rodzaju. Skuteczno\u015b\u0107 filtracji potwierdzona przy dw\u00f3ch filtrach (prawy i lewy).<\/p>\n<p>&nbsp;<\/p>\n<p><a href=\"https:\/\/www.fabrykachlodu.pl\/sklep\/produkt\/filtry-powietrza-do-klimatyzacji-gree-z-jonami-srebra\/\"><img fetchpriority=\"high\" decoding=\"async\" class=\"alignleft wp-image-54927 size-full\" src=\"https:\/\/www.fabrykachlodu.pl\/sklep\/wp-content\/uploads\/2020\/02\/Filtr_-z_jonami-srebra_do_klimatyzator\u00f3w_GREE.jpg\" alt=\"\" width=\"1000\" height=\"1000\" srcset=\"https:\/\/www.fabrykachlodu.pl\/sklep\/wp-content\/uploads\/2020\/02\/Filtr_-z_jonami-srebra_do_klimatyzator\u00f3w_GREE.jpg 1000w, https:\/\/www.fabrykachlodu.pl\/sklep\/wp-content\/uploads\/2020\/02\/Filtr_-z_jonami-srebra_do_klimatyzator\u00f3w_GREE-300x300.jpg 300w, https:\/\/www.fabrykachlodu.pl\/sklep\/wp-content\/uploads\/2020\/02\/Filtr_-z_jonami-srebra_do_klimatyzator\u00f3w_GREE-200x200.jpg 200w, https:\/\/www.fabrykachlodu.pl\/sklep\/wp-content\/uploads\/2020\/02\/Filtr_-z_jonami-srebra_do_klimatyzator\u00f3w_GREE-600x600.jpg 600w, https:\/\/www.fabrykachlodu.pl\/sklep\/wp-content\/uploads\/2020\/02\/Filtr_-z_jonami-srebra_do_klimatyzator\u00f3w_GREE-64x64.jpg 64w, https:\/\/www.fabrykachlodu.pl\/sklep\/wp-content\/uploads\/2020\/02\/Filtr_-z_jonami-srebra_do_klimatyzator\u00f3w_GREE-150x150.jpg 150w, https:\/\/www.fabrykachlodu.pl\/sklep\/wp-content\/uploads\/2020\/02\/Filtr_-z_jonami-srebra_do_klimatyzator\u00f3w_GREE-768x768.jpg 768w\" sizes=\"(max-width: 1000px) 100vw, 1000px\" \/><\/a><a href=\"https:\/\/www.fabrykachlodu.pl\/sklep\/produkt\/filtry-powietrza-do-klimatyzacji-gree-katechinowy\/\"><img decoding=\"async\" class=\"alignleft wp-image-54929 size-full\" src=\"https:\/\/www.fabrykachlodu.pl\/sklep\/wp-content\/uploads\/2020\/02\/Filtr_BIO_do-klimatyzator\u00f3w-GREE.KATECHIN.jpg\" alt=\"\" width=\"1000\" height=\"1000\" srcset=\"https:\/\/www.fabrykachlodu.pl\/sklep\/wp-content\/uploads\/2020\/02\/Filtr_BIO_do-klimatyzator\u00f3w-GREE.KATECHIN.jpg 1000w, https:\/\/www.fabrykachlodu.pl\/sklep\/wp-content\/uploads\/2020\/02\/Filtr_BIO_do-klimatyzator\u00f3w-GREE.KATECHIN-300x300.jpg 300w, https:\/\/www.fabrykachlodu.pl\/sklep\/wp-content\/uploads\/2020\/02\/Filtr_BIO_do-klimatyzator\u00f3w-GREE.KATECHIN-200x200.jpg 200w, https:\/\/www.fabrykachlodu.pl\/sklep\/wp-content\/uploads\/2020\/02\/Filtr_BIO_do-klimatyzator\u00f3w-GREE.KATECHIN-600x600.jpg 600w, https:\/\/www.fabrykachlodu.pl\/sklep\/wp-content\/uploads\/2020\/02\/Filtr_BIO_do-klimatyzator\u00f3w-GREE.KATECHIN-64x64.jpg 64w, https:\/\/www.fabrykachlodu.pl\/sklep\/wp-content\/uploads\/2020\/02\/Filtr_BIO_do-klimatyzator\u00f3w-GREE.KATECHIN-150x150.jpg 150w, https:\/\/www.fabrykachlodu.pl\/sklep\/wp-content\/uploads\/2020\/02\/Filtr_BIO_do-klimatyzator\u00f3w-GREE.KATECHIN-768x768.jpg 768w\" sizes=\"(max-width: 1000px) 100vw, 1000px\" \/><\/a> <a href=\"https:\/\/www.fabrykachlodu.pl\/sklep\/produkt\/filtry-powietrza-do-klimatyzacji-gree-aktywny-weglowy\/\"><img decoding=\"async\" class=\"alignleft wp-image-54931 size-full\" src=\"https:\/\/www.fabrykachlodu.pl\/sklep\/wp-content\/uploads\/2020\/02\/Filtr_w\u0119gla-aktywnego_do_-klimatyzator\u00f3w_GREE.jpg\" alt=\"\" width=\"1000\" height=\"1000\" srcset=\"https:\/\/www.fabrykachlodu.pl\/sklep\/wp-content\/uploads\/2020\/02\/Filtr_w\u0119gla-aktywnego_do_-klimatyzator\u00f3w_GREE.jpg 1000w, https:\/\/www.fabrykachlodu.pl\/sklep\/wp-content\/uploads\/2020\/02\/Filtr_w\u0119gla-aktywnego_do_-klimatyzator\u00f3w_GREE-300x300.jpg 300w, https:\/\/www.fabrykachlodu.pl\/sklep\/wp-content\/uploads\/2020\/02\/Filtr_w\u0119gla-aktywnego_do_-klimatyzator\u00f3w_GREE-200x200.jpg 200w, https:\/\/www.fabrykachlodu.pl\/sklep\/wp-content\/uploads\/2020\/02\/Filtr_w\u0119gla-aktywnego_do_-klimatyzator\u00f3w_GREE-600x600.jpg 600w, https:\/\/www.fabrykachlodu.pl\/sklep\/wp-content\/uploads\/2020\/02\/Filtr_w\u0119gla-aktywnego_do_-klimatyzator\u00f3w_GREE-64x64.jpg 64w, https:\/\/www.fabrykachlodu.pl\/sklep\/wp-content\/uploads\/2020\/02\/Filtr_w\u0119gla-aktywnego_do_-klimatyzator\u00f3w_GREE-150x150.jpg 150w, https:\/\/www.fabrykachlodu.pl\/sklep\/wp-content\/uploads\/2020\/02\/Filtr_w\u0119gla-aktywnego_do_-klimatyzator\u00f3w_GREE-768x768.jpg 768w\" sizes=\"(max-width: 1000px) 100vw, 1000px\" \/><\/a><\/p>\n","protected":false},"excerpt":{"rendered":"<p><span style=\"color: #000000;\"><strong>Najwa\u017cniejsze zalety<\/strong><\/span><\/p>\n[dt_list style=\"1\" bullet_position=\"middle\" dividers=\"true\"][dt_list_item image=\"\"]Natychmiastowa poprawa powietrza[\/dt_list_item][dt_list_item image=\"\"]Wydajny min.12 m-cy[\/dt_list_item][dt_list_item image=\"\"]Samodzielny monta\u017c[\/dt_list_item][dt_list_item image=\"\"]Przyst\u0119pna cena[\/dt_list_item][\/dt_list]\n","protected":false},"featured_media":54931,"template":"","meta":[],"product_cat":[189],"product_tag":[],"yoast_head":"<!-- This site is optimized with the Yoast SEO plugin v22.1 - https:\/\/yoast.com\/wordpress\/plugins\/seo\/ -->\n<title>Filtry powietrza gree z jonami srebra Katechinowy Fotokatalityczny Aktywny w\u0119glowy Antybakteryjny,<\/title>\n<meta name=\"description\" content=\"Wymiana filtra powietrza to zdrowe powietrze, oczyszczone z bakterii oraz grzyb\u00f3w b\u0119d\u0105cych w powietrzu. Filtry powinny wymieniane m.in.co 12 miesi\u0119cy. Wybierz rodzaj filtra do klimatyzacji gree Z jonami srebra Katechinowy Fotokatalityczny Aktywny w\u0119glowy Antybakteryjny do Gree % AMBER PRESTIGE U-CROWN AMBER MUSE LOMO BORA\" \/>\n<meta name=\"robots\" content=\"index, nofollow, max-snippet:-1, max-image-preview:large, max-video-preview:-1\" \/>\n<link rel=\"canonical\" href=\"https:\/\/www.fabrykachlodu.pl\/sklep\/produkt\/filtry-powietrza-do-klimatyzacji-gree\/\" \/>\n<meta name=\"twitter:label1\" content=\"Szacowany czas czytania\" \/>\n\t<meta name=\"twitter:data1\" content=\"1 minuta\" \/>\n<script type=\"application\/ld+json\" class=\"yoast-schema-graph\">{\"@context\":\"https:\/\/schema.org\",\"@graph\":[{\"@type\":\"WebPage\",\"@id\":\"https:\/\/www.fabrykachlodu.pl\/sklep\/produkt\/filtry-powietrza-do-klimatyzacji-gree\/\",\"url\":\"https:\/\/www.fabrykachlodu.pl\/sklep\/produkt\/filtry-powietrza-do-klimatyzacji-gree\/\",\"name\":\"Filtry powietrza gree z jonami srebra Katechinowy Fotokatalityczny Aktywny w\u0119glowy Antybakteryjny,\",\"isPartOf\":{\"@id\":\"https:\/\/www.fabrykachlodu.pl\/sklep\/#website\"},\"datePublished\":\"2019-05-06T08:04:07+00:00\",\"dateModified\":\"2022-03-27T20:26:08+00:00\",\"description\":\"Wymiana filtra powietrza to zdrowe powietrze, oczyszczone z bakterii oraz grzyb\u00f3w b\u0119d\u0105cych w powietrzu. Filtry powinny wymieniane m.in.co 12 miesi\u0119cy. Wybierz rodzaj filtra do klimatyzacji gree Z jonami srebra Katechinowy Fotokatalityczny Aktywny w\u0119glowy Antybakteryjny do Gree % AMBER PRESTIGE U-CROWN AMBER MUSE LOMO BORA\",\"breadcrumb\":{\"@id\":\"https:\/\/www.fabrykachlodu.pl\/sklep\/produkt\/filtry-powietrza-do-klimatyzacji-gree\/#breadcrumb\"},\"inLanguage\":\"pl-PL\",\"potentialAction\":[{\"@type\":\"ReadAction\",\"target\":[\"https:\/\/www.fabrykachlodu.pl\/sklep\/produkt\/filtry-powietrza-do-klimatyzacji-gree\/\"]}]},{\"@type\":\"BreadcrumbList\",\"@id\":\"https:\/\/www.fabrykachlodu.pl\/sklep\/produkt\/filtry-powietrza-do-klimatyzacji-gree\/#breadcrumb\",\"itemListElement\":[{\"@type\":\"ListItem\",\"position\":1,\"name\":\"Strona g\u0142\u00f3wna\",\"item\":\"https:\/\/www.fabrykachlodu.pl\/sklep\/\"},{\"@type\":\"ListItem\",\"position\":2,\"name\":\"Szukasz klimatzyacji biurowej sklepowej lub do mieszkania?\",\"item\":\"https:\/\/www.fabrykachlodu.pl\/sklep\/\"},{\"@type\":\"ListItem\",\"position\":3,\"name\":\"Wszystkie produkty\",\"item\":\"https:\/\/www.fabrykachlodu.pl\/sklep\/product-category\/wszystkie-produkty\/\"},{\"@type\":\"ListItem\",\"position\":4,\"name\":\"Filtry powietrza do klimatyzacji Gree\"}]},{\"@type\":\"WebSite\",\"@id\":\"https:\/\/www.fabrykachlodu.pl\/sklep\/#website\",\"url\":\"https:\/\/www.fabrykachlodu.pl\/sklep\/\",\"name\":\"\u00b0FC Sklep Internetowy monta\u017c klimatyzacji pomp ciep\u0142a\",\"description\":\"\u00b0FC monta\u017c klimatyzacji pomp ciep\u0142a z nami to szybki i tani wyb\u00f3r.  Us\u0142ugi monta\u017cowe i serwisowe W Warszawie i okolicach..\",\"potentialAction\":[{\"@type\":\"SearchAction\",\"target\":{\"@type\":\"EntryPoint\",\"urlTemplate\":\"https:\/\/www.fabrykachlodu.pl\/sklep\/?s={search_term_string}\"},\"query-input\":\"required name=search_term_string\"}],\"inLanguage\":\"pl-PL\"}]}<\/script>\n<!-- \/ Yoast SEO plugin. -->","yoast_head_json":{"title":"Filtry powietrza gree z jonami srebra Katechinowy Fotokatalityczny Aktywny w\u0119glowy Antybakteryjny,","description":"Wymiana filtra powietrza to zdrowe powietrze, oczyszczone z bakterii oraz grzyb\u00f3w b\u0119d\u0105cych w powietrzu. Filtry powinny wymieniane m.in.co 12 miesi\u0119cy. Wybierz rodzaj filtra do klimatyzacji gree Z jonami srebra Katechinowy Fotokatalityczny Aktywny w\u0119glowy Antybakteryjny do Gree % AMBER PRESTIGE U-CROWN AMBER MUSE LOMO BORA","robots":{"index":"index","follow":"nofollow","max-snippet":"max-snippet:-1","max-image-preview":"max-image-preview:large","max-video-preview":"max-video-preview:-1"},"canonical":"https:\/\/www.fabrykachlodu.pl\/sklep\/produkt\/filtry-powietrza-do-klimatyzacji-gree\/","twitter_misc":{"Szacowany czas czytania":"1 minuta"},"schema":{"@context":"https:\/\/schema.org","@graph":[{"@type":"WebPage","@id":"https:\/\/www.fabrykachlodu.pl\/sklep\/produkt\/filtry-powietrza-do-klimatyzacji-gree\/","url":"https:\/\/www.fabrykachlodu.pl\/sklep\/produkt\/filtry-powietrza-do-klimatyzacji-gree\/","name":"Filtry powietrza gree z jonami srebra Katechinowy Fotokatalityczny Aktywny w\u0119glowy Antybakteryjny,","isPartOf":{"@id":"https:\/\/www.fabrykachlodu.pl\/sklep\/#website"},"datePublished":"2019-05-06T08:04:07+00:00","dateModified":"2022-03-27T20:26:08+00:00","description":"Wymiana filtra powietrza to zdrowe powietrze, oczyszczone z bakterii oraz grzyb\u00f3w b\u0119d\u0105cych w powietrzu. Filtry powinny wymieniane m.in.co 12 miesi\u0119cy. Wybierz rodzaj filtra do klimatyzacji gree Z jonami srebra Katechinowy Fotokatalityczny Aktywny w\u0119glowy Antybakteryjny do Gree % AMBER PRESTIGE U-CROWN AMBER MUSE LOMO BORA","breadcrumb":{"@id":"https:\/\/www.fabrykachlodu.pl\/sklep\/produkt\/filtry-powietrza-do-klimatyzacji-gree\/#breadcrumb"},"inLanguage":"pl-PL","potentialAction":[{"@type":"ReadAction","target":["https:\/\/www.fabrykachlodu.pl\/sklep\/produkt\/filtry-powietrza-do-klimatyzacji-gree\/"]}]},{"@type":"BreadcrumbList","@id":"https:\/\/www.fabrykachlodu.pl\/sklep\/produkt\/filtry-powietrza-do-klimatyzacji-gree\/#breadcrumb","itemListElement":[{"@type":"ListItem","position":1,"name":"Strona g\u0142\u00f3wna","item":"https:\/\/www.fabrykachlodu.pl\/sklep\/"},{"@type":"ListItem","position":2,"name":"Szukasz klimatzyacji biurowej sklepowej lub do mieszkania?","item":"https:\/\/www.fabrykachlodu.pl\/sklep\/"},{"@type":"ListItem","position":3,"name":"Wszystkie produkty","item":"https:\/\/www.fabrykachlodu.pl\/sklep\/product-category\/wszystkie-produkty\/"},{"@type":"ListItem","position":4,"name":"Filtry powietrza do klimatyzacji Gree"}]},{"@type":"WebSite","@id":"https:\/\/www.fabrykachlodu.pl\/sklep\/#website","url":"https:\/\/www.fabrykachlodu.pl\/sklep\/","name":"\u00b0FC Sklep Internetowy monta\u017c klimatyzacji pomp ciep\u0142a","description":"\u00b0FC monta\u017c klimatyzacji pomp ciep\u0142a z nami to szybki i tani wyb\u00f3r.  Us\u0142ugi monta\u017cowe i serwisowe W Warszawie i okolicach..","potentialAction":[{"@type":"SearchAction","target":{"@type":"EntryPoint","urlTemplate":"https:\/\/www.fabrykachlodu.pl\/sklep\/?s={search_term_string}"},"query-input":"required name=search_term_string"}],"inLanguage":"pl-PL"}]}},"_links":{"self":[{"href":"https:\/\/www.fabrykachlodu.pl\/sklep\/wp-json\/wp\/v2\/product\/39153"}],"collection":[{"href":"https:\/\/www.fabrykachlodu.pl\/sklep\/wp-json\/wp\/v2\/product"}],"about":[{"href":"https:\/\/www.fabrykachlodu.pl\/sklep\/wp-json\/wp\/v2\/types\/product"}],"wp:featuredmedia":[{"embeddable":true,"href":"https:\/\/www.fabrykachlodu.pl\/sklep\/wp-json\/wp\/v2\/media\/54931"}],"wp:attachment":[{"href":"https:\/\/www.fabrykachlodu.pl\/sklep\/wp-json\/wp\/v2\/media?parent=39153"}],"wp:term":[{"taxonomy":"product_cat","embeddable":true,"href":"https:\/\/www.fabrykachlodu.pl\/sklep\/wp-json\/wp\/v2\/product_cat?post=39153"},{"taxonomy":"product_tag","embeddable":true,"href":"https:\/\/www.fabrykachlodu.pl\/sklep\/wp-json\/wp\/v2\/product_tag?post=39153"}],"curies":[{"name":"wp","href":"https:\/\/api.w.org\/{rel}","templated":true}]}}