{"id":39226,"date":"2019-05-07T16:09:54","date_gmt":"2019-05-07T14:09:54","guid":{"rendered":"http:\/\/fabrykachlodu.pl\/sklep\/?post_type=product&#038;p=39226"},"modified":"2022-03-27T22:26:16","modified_gmt":"2022-03-27T20:26:16","slug":"do-mieszkania-w_bloku","status":"publish","type":"product","link":"https:\/\/www.fabrykachlodu.pl\/sklep\/produkt\/do-mieszkania-w_bloku\/","title":{"rendered":"Mini Apple Pie ma\u0142y, ale sporo mo\u017ce"},"content":{"rendered":"<h1>MONTA\u017b I SERWIS klimatyzator\u00f3w HISENSE Warszawa<\/h1>\n<p>Zam\u00f3wienie dotyczy kompletnego zestawu Klimatyzator Mini Apple Pie, w kt\u00f3ry wchodz\u0105:<\/p>\n<p>-jednostka zewn\u0119trzna<\/p>\n<p>-jednostka wewn\u0119trzna<\/p>\n<p>-pilot<\/p>\n<p>Funkcja WiFi wymaga dodatkowej konfiguracji &#8211; modu\u0142 AEH-W4B1 nie jest zawarty w cenie.<\/p>\n<p>Mini Apple Pie debiut w 2018<\/p>\n<p>Wszystkie Hisense wykorzystuje podobn\u0105 technologi\u0119 jak Hitachi dla wszystkich \u015brednich i ni\u017cszych rynkach ko\u0144cowych. Najnowsze technologie i elektronika premium s\u0105 sprzedawane pod firm\u0105 Hitachi.<\/p>\n<p>Seria klimatyzator\u00f3w Mini Apple Pie ma wiele pozytywnych opinii, bo produkty charakteryzuj\u0105 si\u0119 nowoczesn\u0105 stylistyk\u0105, doskona\u0142\u0105 wydajno\u015bci\u0105 i wysok\u0105 jako\u015bci\u0105 wykonania. Korzystaj\u0105c z instalacji w mieszkaniach, domach jednorodzinnych i niewielkich powierzchniach biurowych, u\u017cytkownik mo\u017ce bez przerwy korzysta\u0107 z g\u0142\u00f3wnego ustawienia ch\u0142odzenia- czyli ch\u0142odzenie maksymalne. Dzia\u0142a pi\u0119knie, jest \u0142atwy w instalacji, i jest zdecydowanie wart swojej ceny i wielu u\u017cytkownik\u00f3w odpowiada, \u017ce kupiliby go ponownie. Automatycznie wy\u0142\u0105cza si\u0119 i wy\u0142\u0105cza po ustawieniu na okre\u015blon\u0105 temperatur\u0119.<\/p>\n<p>Modele na R32<\/p>\n<p>AST-09UW4RVETG00A &#8211; 2,6 kW &#8211; do mieszkania 15-25m2<\/p>\n<p>AST-12UW4RVETG00A &#8211; 3,6 kW &#8211; do mieszkania 25-35m2 (b\u0119dzie wydajniejszy)<\/p>\n<p>AST-18UW4RXATG00A &#8211; 5,0 kW &#8211; do mieszkania 25-35m2<\/p>\n<p>AST-24UW4RBBTG00B &#8211; 6,5 kW &#8211; do mieszkania 35-50m2<\/p>\n<p>Mini Apple Pie to tania Klimatyzacja z wieloma funkcjami z segmentu premium. Dzia\u0142a na ekologiczny czynnik ch\u0142odniczy R32, kt\u00f3ry jest nowym gazem zast\u0119puj\u0105cym te freonowe.<\/p>\n<p>WiFi ready to znaczy, \u017ce mo\u017cna zdalnie sterowanie zdalne przez telefon. Jest to przydatna funkcja, bo aplikacja pozwala sprawdzenie temperatury w pomieszczeniu, wi\u0119c nie trzeba kupowa\u0107 innych sensor\u00f3w do mierzenia temperatury. Jak to sterowanie klimatyzacja przez smartfona?<\/p>\n<div id=\"attachment_39251\" style=\"width: 1081px\" class=\"wp-caption alignnone\"><img fetchpriority=\"high\" decoding=\"async\" aria-describedby=\"caption-attachment-39251\" class=\"size-full wp-image-39251\" src=\"http:\/\/fabrykachlodu.pl\/sklep\/view\/uploads\/2019\/05\/modul.wifi_.klimatyzacja.jpg\" alt=\"Modu\u0142 AEH-W4B1\" width=\"1071\" height=\"497\" srcset=\"https:\/\/www.fabrykachlodu.pl\/sklep\/wp-content\/uploads\/2019\/05\/modul.wifi_.klimatyzacja.jpg 1071w, https:\/\/www.fabrykachlodu.pl\/sklep\/wp-content\/uploads\/2019\/05\/modul.wifi_.klimatyzacja-600x278.jpg 600w, https:\/\/www.fabrykachlodu.pl\/sklep\/wp-content\/uploads\/2019\/05\/modul.wifi_.klimatyzacja-64x30.jpg 64w, https:\/\/www.fabrykachlodu.pl\/sklep\/wp-content\/uploads\/2019\/05\/modul.wifi_.klimatyzacja-300x139.jpg 300w, https:\/\/www.fabrykachlodu.pl\/sklep\/wp-content\/uploads\/2019\/05\/modul.wifi_.klimatyzacja-768x356.jpg 768w, https:\/\/www.fabrykachlodu.pl\/sklep\/wp-content\/uploads\/2019\/05\/modul.wifi_.klimatyzacja-1024x475.jpg 1024w\" sizes=\"(max-width: 1071px) 100vw, 1071px\" \/><p id=\"caption-attachment-39251\" class=\"wp-caption-text\">Modu\u0142 AEH-W4B1 &#8211; zdalnie sterowanie przez telefon Mini Apple Pie Hisense<\/p><\/div>\n<p>Tryb cichej pracy &#8211; 19 dB (bieg neutralny) sprawdzi si\u0119 podczas snu, w gor\u0105ce wieczory. Jednostki wewn\u0119trzne potrafi\u0105 by\u0107 uci\u0105\u017cliwe a ten klimatyzator jest naprawd\u0119 cichy, prawie w og\u00f3le go nie s\u0142ycha\u0107 na biegu naturalnym. Sama jednostka zewn\u0119trzna sprawdzi si\u0119 w bloku lub na balkonie, gdzie nie b\u0119dzie ha\u0142asowa\u0107 s\u0105siadom. Proponowany model tak jak wszystkie klimatyzatory montowane w bloku, wymagaj\u0105 poinformowania administracji oraz poprowadzenia ruroci\u0105gu oraz odprowadzenia skroplin.<\/p>\n<p>Wy\u015bwietlacz na p\u0142ycie czo\u0142owej \u0142adnie \u015bwiecie w nocy ledowym kolorem, dzi\u0119ki czemu stanowi do dodatek dekoracyjny.<\/p>\n<p>Klasa energetyczna ch\u0142odzenie\/grzanie &#8211; A++\/A+ nacisk po\u0142o\u017cony jest na ch\u0142odzenie, jednak opcja grzania przyda si\u0119 w jesienne lub wiosenne dni, dogrzewaj\u0105c pomieszczenie.<\/p>\n<h2>PROMOCJA NA MONTA\u017b KLIMATYZACJI W WARSZAWIE &#8211; MODELU\u00a0Mini Apple Pie &#8211; <a href=\"http:\/\/fabrykachlodu.pl\/sklep\/sklep-internetowy-z-klimatyzacja\/\">ZADZWO\u0143 DO NAS PO SZCZEG\u00d3\u0141Y!<\/a><\/h2>\n<p>Pilot bezprzewodowy z ekranem LCD oferuje pe\u0142ne sterowanie.<\/p>\n<p>Programator czasowy 24-godzinny (24H) pozwoli ustawi\u0107 nocne w\u0142\u0105czanie<\/p>\n<p>Specjalny tryb ogrzewania podtrzymuj\u0105cego +8\u00b0C przydatna funkcja w zimniejsze dni<\/p>\n<p>Filtry w zestawie &#8211; Aktywny W\u0119giel i Jony Srebra, Witamina C, Hepa, odpowiedni filtr powietrza zapewni ochron\u0119 przed bakteriami oraz zwalczy przykre zapachy. Wymie\u0144 filtr raz w roku <a href=\"http:\/\/fabrykachlodu.pl\/sklep\/product\/filtry-powietrza-do-klimatyzacji-gree\/\">wi\u0119cej o filtrach<\/a><\/p>\n<p>Opcja karty hotelowej i opcjonalny sterownik przewodowy YXE-A04T sprawdzi si\u0119 np. podczas wynajmu lokalu, pokoju..<\/p>\n<p>\u017baluzja pozioma i pionowa automatyczna pozwoli dopasowa\u0107 nawiew do preferencji u\u017cytkownika<\/p>\n<p>Zakres temperatury pracy ch\u0142odzenie\/grzanie: -15\u00b0 &#8211; +43\u00b0C \/ -15\u00b0 &#8211; +24\u00b0C s\u0105 to dobre wyniki dla taniego klimatyzatora, kt\u00f3re utrzyma temperatur\u0119 w dzie\u0144 lub w nocy.<\/p>\n<p>PARAMETRY TECHNICZNE \u2013 Klimatyzatora Mini Apple Pie, por\u00f3wnanie wszystkich modeli<\/p>\n<div class=\"su-tabs su-tabs-style-default su-tabs-mobile-stack\" data-active=\"1\" data-scroll-offset=\"0\" data-anchor-in-url=\"no\"><div class=\"su-tabs-nav\"><span class=\"\" data-url=\"\" data-target=\"blank\" tabindex=\"0\" role=\"button\">Seria Mini Apple Pie<\/span><span class=\"\" data-url=\"\" data-target=\"blank\" tabindex=\"0\" role=\"button\">Por\u00f3wnanie modeli <\/span><span class=\"\" data-url=\"\" data-target=\"blank\" tabindex=\"0\" role=\"button\">Opis funkcji<\/span><span class=\"\" data-url=\"\" data-target=\"blank\" tabindex=\"0\" role=\"button\">Specyfikacja techniczna<\/span><\/div><div class=\"su-tabs-panes\"><div class=\"su-tabs-pane su-u-clearfix su-u-trim\" data-title=\"Seria Mini Apple Pie\">\n<div class=\"su-document su-u-responsive-media-yes\"><iframe src=\"\/\/docs.google.com\/viewer?embedded=true&url=http:\/\/fabrykachlodu.pl\/sklep\/view\/uploads\/2019\/05\/Hisense_split_2019_Mini_Apple_Pie.pdf\" width=\"600\" height=\"400\" class=\"su-document\" title=\"\"><\/iframe><\/div>\n<\/div>\n<div class=\"su-tabs-pane su-u-clearfix su-u-trim\" data-title=\"Por\u00f3wnanie modeli \">\n<div class=\"su-document su-u-responsive-media-yes\"><iframe src=\"\/\/docs.google.com\/viewer?embedded=true&url=http:\/\/fabrykachlodu.pl\/sklep\/view\/uploads\/2019\/05\/Mini_Apple_Pie_Klimatyzacja.pdf\" width=\"600\" height=\"400\" class=\"su-document\" title=\"\"><\/iframe><\/div>\n<\/div>\n<div class=\"su-tabs-pane su-u-clearfix su-u-trim\" data-title=\"Opis funkcji\">\n<div class=\"su-document su-u-responsive-media-yes\"><iframe src=\"\/\/docs.google.com\/viewer?embedded=true&url=http:\/\/fabrykachlodu.pl\/sklep\/view\/uploads\/2019\/05\/Porownanie_Modeli.pdf\" width=\"600\" height=\"400\" class=\"su-document\" title=\"\"><\/iframe><\/div>\n<\/div>\n<div class=\"su-tabs-pane su-u-clearfix su-u-trim\" data-title=\"Specyfikacja techniczna\">\n<div class=\"su-document su-u-responsive-media-yes\"><iframe src=\"\/\/docs.google.com\/viewer?embedded=true&url=http:\/\/fabrykachlodu.pl\/sklep\/view\/uploads\/2019\/05\/Specyfikacja_Techniczna_Mini_Apple_Pie.pdf\" width=\"600\" height=\"400\" class=\"su-document\" title=\"\"><\/iframe><\/div>\n<\/div><\/div><\/div>\n<p>Dokumenty si\u0119 nie wy\u015bwietlaj\u0105? <input type=\"button\" value=\"Od\u015bwie\u017c stron\u0119\" onclick=\"location.reload();\"> <\/p>\n<div class=\"su-note\"  style=\"border-color:#e5e5e5;border-radius:3px;-moz-border-radius:3px;-webkit-border-radius:3px;\"><div class=\"su-note-inner su-u-clearfix su-u-trim\" style=\"background-color:#ffffff;border-color:#ffffff;color:#afafaf;border-radius:3px;-moz-border-radius:3px;-webkit-border-radius:3px;\">Jakie s\u0105 konsekwencje stosowania gaz\u00f3w zubo\u017caj\u0105cych warstw\u0119 ozonow\u0105 np. freonowych? (ustawa F-gazowa)<\/p>\n<p>Nowy Mini Apple Pie debiut to\u00a0debiut 2018 roku \u00a0z czynnikiem ch\u0142odniczym R32. Jest to bardzo dobra wiadomo\u015b\u0107 dla szukaj\u0105cych taniej klimatyzacji posiadaj\u0105cej cechyFAIRY m.in. 5 letnia gwarancja, mocne ch\u0142odzenie oraz grzanie i niebanalny design. Kontrola przez smartfona czyni ten model kandydatem do super hitu 2018 roku. Mini Apple Pie debiut to r\u00f3wnie\u017c oszcz\u0119dno\u015bci przez stosowanie czynnika ch\u0142odniczego R32, kt\u00f3ry do roku 2020 zast\u0105pi gaz freonowy. Czy wiedzia\u0142e\u015b, \u017ce na rynku europejskim zabraknie gaz\u00f3w freonowych, przez co dalsze u\u017cytkowanie b\u0119dzie utrudnione oraz koszt gaz\u00f3w zamiennych stosunkowo wy\u017cszy?<\/p>\n<\/div><\/div>\n<p>Nowy Mini Apple Pie dedykowany jest do mieszka\u0144 i dom\u00f3w jednorodzinnych oraz biur, bo idealnie si\u0119 komponuje.<\/p>\n","protected":false},"excerpt":{"rendered":"<p><span style=\"color: #000000;\"><strong>Najwa\u017cniejsze zalety<\/strong><\/span><\/p>\n[dt_list style=\"1\" bullet_position=\"middle\" dividers=\"true\"][dt_list_item image=\"\"]Czynnik R32[\/dt_list_item][dt_list_item image=\"\"]WiFi ready[\/dt_list_item][dt_list_item image=\"\"]4 filtry w zestawie[\/dt_list_item][dt_list_item image=\"\"]Przyst\u0119pna cena[\/dt_list_item][\/dt_list]\n","protected":false},"featured_media":39227,"template":"","meta":[],"product_cat":[425,426],"product_tag":[],"yoast_head":"<!-- This site is optimized with the Yoast SEO plugin v22.1 - https:\/\/yoast.com\/wordpress\/plugins\/seo\/ -->\n<title>Do mieszkania w bloku ma\u0142y klimatyzator<\/title>\n<meta name=\"description\" content=\"do mieszkania w bloku klimatyzator Warszawa czy potrzebne jest pozwolenie? jak przeprowadzic klimatyzacje zgodnie z regulacjami? oferujemy niezb\u0119dne dokumenty oraz uzgodnienia i monta\u017c z administracj\u0105 jednostka zewn\u0119trzna na scianie obok okna na balkonie\" \/>\n<meta name=\"robots\" content=\"index, follow, max-snippet:-1, max-image-preview:large, max-video-preview:-1\" \/>\n<link rel=\"canonical\" href=\"https:\/\/www.fabrykachlodu.pl\/sklep\/produkt\/do-mieszkania-w_bloku\/\" \/>\n<meta name=\"twitter:label1\" content=\"Szacowany czas czytania\" \/>\n\t<meta name=\"twitter:data1\" content=\"4 minuty\" \/>\n<script type=\"application\/ld+json\" class=\"yoast-schema-graph\">{\"@context\":\"https:\/\/schema.org\",\"@graph\":[{\"@type\":\"WebPage\",\"@id\":\"https:\/\/www.fabrykachlodu.pl\/sklep\/produkt\/do-mieszkania-w_bloku\/\",\"url\":\"https:\/\/www.fabrykachlodu.pl\/sklep\/produkt\/do-mieszkania-w_bloku\/\",\"name\":\"Do mieszkania w bloku ma\u0142y klimatyzator\",\"isPartOf\":{\"@id\":\"https:\/\/www.fabrykachlodu.pl\/sklep\/#website\"},\"datePublished\":\"2019-05-07T14:09:54+00:00\",\"dateModified\":\"2022-03-27T20:26:16+00:00\",\"description\":\"do mieszkania w bloku klimatyzator Warszawa czy potrzebne jest pozwolenie? jak przeprowadzic klimatyzacje zgodnie z regulacjami? oferujemy niezb\u0119dne dokumenty oraz uzgodnienia i monta\u017c z administracj\u0105 jednostka zewn\u0119trzna na scianie obok okna na balkonie\",\"breadcrumb\":{\"@id\":\"https:\/\/www.fabrykachlodu.pl\/sklep\/produkt\/do-mieszkania-w_bloku\/#breadcrumb\"},\"inLanguage\":\"pl-PL\",\"potentialAction\":[{\"@type\":\"ReadAction\",\"target\":[\"https:\/\/www.fabrykachlodu.pl\/sklep\/produkt\/do-mieszkania-w_bloku\/\"]}]},{\"@type\":\"BreadcrumbList\",\"@id\":\"https:\/\/www.fabrykachlodu.pl\/sklep\/produkt\/do-mieszkania-w_bloku\/#breadcrumb\",\"itemListElement\":[{\"@type\":\"ListItem\",\"position\":1,\"name\":\"Strona g\u0142\u00f3wna\",\"item\":\"https:\/\/www.fabrykachlodu.pl\/sklep\/\"},{\"@type\":\"ListItem\",\"position\":2,\"name\":\"Szukasz klimatzyacji biurowej sklepowej lub do mieszkania?\",\"item\":\"https:\/\/www.fabrykachlodu.pl\/sklep\/\"},{\"@type\":\"ListItem\",\"position\":3,\"name\":\"HISENSE\",\"item\":\"https:\/\/www.fabrykachlodu.pl\/sklep\/product-category\/hisense\/\"},{\"@type\":\"ListItem\",\"position\":4,\"name\":\"MINI APPLE PIE\",\"item\":\"https:\/\/www.fabrykachlodu.pl\/sklep\/product-category\/hisense\/mini-apple-pie\/\"},{\"@type\":\"ListItem\",\"position\":5,\"name\":\"Mini Apple Pie ma\u0142y, ale sporo mo\u017ce\"}]},{\"@type\":\"WebSite\",\"@id\":\"https:\/\/www.fabrykachlodu.pl\/sklep\/#website\",\"url\":\"https:\/\/www.fabrykachlodu.pl\/sklep\/\",\"name\":\"\u00b0FC Sklep Internetowy monta\u017c klimatyzacji pomp ciep\u0142a\",\"description\":\"\u00b0FC monta\u017c klimatyzacji pomp ciep\u0142a z nami to szybki i tani wyb\u00f3r.  Us\u0142ugi monta\u017cowe i serwisowe W Warszawie i okolicach..\",\"potentialAction\":[{\"@type\":\"SearchAction\",\"target\":{\"@type\":\"EntryPoint\",\"urlTemplate\":\"https:\/\/www.fabrykachlodu.pl\/sklep\/?s={search_term_string}\"},\"query-input\":\"required name=search_term_string\"}],\"inLanguage\":\"pl-PL\"}]}<\/script>\n<!-- \/ Yoast SEO plugin. -->","yoast_head_json":{"title":"Do mieszkania w bloku ma\u0142y klimatyzator","description":"do mieszkania w bloku klimatyzator Warszawa czy potrzebne jest pozwolenie? jak przeprowadzic klimatyzacje zgodnie z regulacjami? oferujemy niezb\u0119dne dokumenty oraz uzgodnienia i monta\u017c z administracj\u0105 jednostka zewn\u0119trzna na scianie obok okna na balkonie","robots":{"index":"index","follow":"follow","max-snippet":"max-snippet:-1","max-image-preview":"max-image-preview:large","max-video-preview":"max-video-preview:-1"},"canonical":"https:\/\/www.fabrykachlodu.pl\/sklep\/produkt\/do-mieszkania-w_bloku\/","twitter_misc":{"Szacowany czas czytania":"4 minuty"},"schema":{"@context":"https:\/\/schema.org","@graph":[{"@type":"WebPage","@id":"https:\/\/www.fabrykachlodu.pl\/sklep\/produkt\/do-mieszkania-w_bloku\/","url":"https:\/\/www.fabrykachlodu.pl\/sklep\/produkt\/do-mieszkania-w_bloku\/","name":"Do mieszkania w bloku ma\u0142y klimatyzator","isPartOf":{"@id":"https:\/\/www.fabrykachlodu.pl\/sklep\/#website"},"datePublished":"2019-05-07T14:09:54+00:00","dateModified":"2022-03-27T20:26:16+00:00","description":"do mieszkania w bloku klimatyzator Warszawa czy potrzebne jest pozwolenie? jak przeprowadzic klimatyzacje zgodnie z regulacjami? oferujemy niezb\u0119dne dokumenty oraz uzgodnienia i monta\u017c z administracj\u0105 jednostka zewn\u0119trzna na scianie obok okna na balkonie","breadcrumb":{"@id":"https:\/\/www.fabrykachlodu.pl\/sklep\/produkt\/do-mieszkania-w_bloku\/#breadcrumb"},"inLanguage":"pl-PL","potentialAction":[{"@type":"ReadAction","target":["https:\/\/www.fabrykachlodu.pl\/sklep\/produkt\/do-mieszkania-w_bloku\/"]}]},{"@type":"BreadcrumbList","@id":"https:\/\/www.fabrykachlodu.pl\/sklep\/produkt\/do-mieszkania-w_bloku\/#breadcrumb","itemListElement":[{"@type":"ListItem","position":1,"name":"Strona g\u0142\u00f3wna","item":"https:\/\/www.fabrykachlodu.pl\/sklep\/"},{"@type":"ListItem","position":2,"name":"Szukasz klimatzyacji biurowej sklepowej lub do mieszkania?","item":"https:\/\/www.fabrykachlodu.pl\/sklep\/"},{"@type":"ListItem","position":3,"name":"HISENSE","item":"https:\/\/www.fabrykachlodu.pl\/sklep\/product-category\/hisense\/"},{"@type":"ListItem","position":4,"name":"MINI APPLE PIE","item":"https:\/\/www.fabrykachlodu.pl\/sklep\/product-category\/hisense\/mini-apple-pie\/"},{"@type":"ListItem","position":5,"name":"Mini Apple Pie ma\u0142y, ale sporo mo\u017ce"}]},{"@type":"WebSite","@id":"https:\/\/www.fabrykachlodu.pl\/sklep\/#website","url":"https:\/\/www.fabrykachlodu.pl\/sklep\/","name":"\u00b0FC Sklep Internetowy monta\u017c klimatyzacji pomp ciep\u0142a","description":"\u00b0FC monta\u017c klimatyzacji pomp ciep\u0142a z nami to szybki i tani wyb\u00f3r.  Us\u0142ugi monta\u017cowe i serwisowe W Warszawie i okolicach..","potentialAction":[{"@type":"SearchAction","target":{"@type":"EntryPoint","urlTemplate":"https:\/\/www.fabrykachlodu.pl\/sklep\/?s={search_term_string}"},"query-input":"required name=search_term_string"}],"inLanguage":"pl-PL"}]}},"_links":{"self":[{"href":"https:\/\/www.fabrykachlodu.pl\/sklep\/wp-json\/wp\/v2\/product\/39226"}],"collection":[{"href":"https:\/\/www.fabrykachlodu.pl\/sklep\/wp-json\/wp\/v2\/product"}],"about":[{"href":"https:\/\/www.fabrykachlodu.pl\/sklep\/wp-json\/wp\/v2\/types\/product"}],"wp:featuredmedia":[{"embeddable":true,"href":"https:\/\/www.fabrykachlodu.pl\/sklep\/wp-json\/wp\/v2\/media\/39227"}],"wp:attachment":[{"href":"https:\/\/www.fabrykachlodu.pl\/sklep\/wp-json\/wp\/v2\/media?parent=39226"}],"wp:term":[{"taxonomy":"product_cat","embeddable":true,"href":"https:\/\/www.fabrykachlodu.pl\/sklep\/wp-json\/wp\/v2\/product_cat?post=39226"},{"taxonomy":"product_tag","embeddable":true,"href":"https:\/\/www.fabrykachlodu.pl\/sklep\/wp-json\/wp\/v2\/product_tag?post=39226"}],"curies":[{"name":"wp","href":"https:\/\/api.w.org\/{rel}","templated":true}]}}