{"id":39257,"date":"2019-05-08T11:42:17","date_gmt":"2019-05-08T09:42:17","guid":{"rendered":"http:\/\/fabrykachlodu.pl\/sklep\/?post_type=product&#038;p=39257"},"modified":"2023-03-07T13:56:31","modified_gmt":"2023-03-07T12:56:31","slug":"pompy-ciepla-panasonic-montaz-i-serwis","status":"publish","type":"product","link":"https:\/\/www.fabrykachlodu.pl\/sklep\/produkt\/pompy-ciepla-panasonic-montaz-i-serwis\/","title":{"rendered":"POMPY CIEP\u0141A PANASONIC AQUAREA GENERACJI H, SERIA HIGH PERFORMANCE"},"content":{"rendered":"<h1>POMPY CIEP\u0141A PANASONIC powietrze-woda Monta\u017c i serwis Warszawa<\/h1>\n<p>Dzi\u015b wielu z nas martwi si\u0119 o z wysokie koszty ogrzewania i ch\u0142odzenia naszych dom\u00f3w, a tak\u017ce koszty dostarczania ciep\u0142ej wody. Nie martw si\u0119. Nowy system grzewczy od Panasonic pompa ciep\u0142a powietrze-woda, jest idealny do nowych instalacji lub zast\u0105pienia istniej\u0105cego nieefektywnego centralnego ogrzewania. Pracuje przy temperaturach si\u0119gaj\u0105cych nawet -20 \u00b0C<\/p>\n<p>Nowe urz\u0105dzenia generacji H zaprojektowane specjalnie dla nowych dom\u00f3w lub modernizowanych. G\u0142\u00f3wne za\u0142o\u017cenie to energooszcz\u0119dno\u015b\u0107. Charakteryzuj\u0105 si\u0119 doskona\u0142ym wsp\u00f3\u0142czynnikiem COP r\u00f3wnym 5 (dla mocy 3,2 kW). Dzi\u0119ki inteligentnym zintegrowanym rozwi\u0105zaniom, instalacja jest szybka i \u0142atwa i nie ma niespodzianek. Otrzymujemy pe\u0142ne wsparcie od Panasonic podczas instalacji i konserwacji.<\/p>\n<p>Oprogramowanie pomp ciep\u0142a Aquarea zoptymalizowano pod k\u0105tem wymaga\u0144 dom\u00f3w pasywnych w celu maksymalnego zwi\u0119kszenia efektywno\u015bci energetycznej. Urz\u0105dzenia serii Aquarea, mog\u0105 pracowa\u0107 niezale\u017cnie od warunk\u00f3w atmosferycznych. Kompaktowa budowa jednostki zewn\u0119trznej bardzo u\u0142atwia instalacj\u0119 oraz serwis.<\/p>\n<p><img fetchpriority=\"high\" decoding=\"async\" class=\"alignnone size-full wp-image-39298\" src=\"http:\/\/fabrykachlodu.pl\/sklep\/view\/uploads\/2019\/05\/jak.dziala.pompa_.powietrza.jpg\" alt=\"Nowe systemy z pompami ciep\u0142a typu powietrze-woda firmy Panasonic \u2013 wysokowydajne \u201ezielone\u201d ogrzewanie\" width=\"884\" height=\"364\" srcset=\"https:\/\/www.fabrykachlodu.pl\/sklep\/wp-content\/uploads\/2019\/05\/jak.dziala.pompa_.powietrza.jpg 884w, https:\/\/www.fabrykachlodu.pl\/sklep\/wp-content\/uploads\/2019\/05\/jak.dziala.pompa_.powietrza-600x247.jpg 600w, https:\/\/www.fabrykachlodu.pl\/sklep\/wp-content\/uploads\/2019\/05\/jak.dziala.pompa_.powietrza-64x26.jpg 64w, https:\/\/www.fabrykachlodu.pl\/sklep\/wp-content\/uploads\/2019\/05\/jak.dziala.pompa_.powietrza-300x124.jpg 300w, https:\/\/www.fabrykachlodu.pl\/sklep\/wp-content\/uploads\/2019\/05\/jak.dziala.pompa_.powietrza-768x316.jpg 768w\" sizes=\"(max-width: 884px) 100vw, 884px\" \/><\/p>\n<p>Dzi\u0119ki inteligentnym zintegrowanym rozwi\u0105zaniom, instalacja jest szybka i \u0142atwa i nie ma niespodzianek, poniewa\u017c otrzymujemy pe\u0142ne wsparcie od Panasonic podczas instalacji. Jak dzia\u0142a pompa ciep\u0142a? Ot\u00f3\u017c, wykorzystuje energi\u0119 z powietrza zewn\u0119trznego aby ogrzewa\u0107 dom zim\u0105 sch\u0142odzi\u0107 w lecie i zapewni\u0107 ciep\u0142\u0105 wod\u0119 przez ca\u0142y rok. Oferowany system przez fabryk\u0119 ch\u0142odu zapewni komfortowy klimat w pomieszczeniu przez ca\u0142y rok, ogrzewanie okr\u0105g\u0142e w zimie z grzejnikami, wentylatorem lub ogrzewania pod\u0142ogowego (do wyboru), ciep\u0142ej wody i ch\u0142odzenia w lecie, ale dodatkowo oszcz\u0119dno\u015b\u0107 ciep\u0142a i bardzo du\u017ca oszcz\u0119dno\u015b\u0107 energii \u2013 klasa A+++<\/p>\n<h2>Monta\u017c i autoryzowowany serwis pomp ciep\u0142a<\/h2>\n<p>Pompa mo\u017ce by\u0107 pod\u0142\u0105czona do paneli s\u0142onecznych. Por\u00f3wnali\u015bmy koszty inwestycyjne i koszty eksploatacji w kolejnych latach z r\u00f3\u017cnych z \u017ar\u00f3de\u0142 m.in. \u017ar\u00f3d\u0142a ziemi i piec\u00f3w gazowych. Pompy ciep\u0142a Panasonic jest najskuteczniejszym rozwi\u0105zaniem w d\u0142u\u017cszej perspektywie dzi\u0119ki wysokiej sprawno\u015bci pompy ciep\u0142a, nawet przy ujemnych stopniach, system wymaga niewielkiej przestrzeni, poniewa\u017c wewn\u0105trz nie ma zbiornika buforowego i ca\u0142y system jest niewielki cichy i dyskretny &#8211; urz\u0105dzenia wewn\u0119trzne s\u0105 przyjazne dla u\u017cytkownika. Menu zosta\u0142o zaprojektowane z my\u015bl\u0105 o \u0142atwym u\u017cytkowaniu i uproszczanych ustawieniach i konserwacji, a sterownik sterownik dotykowy u\u0142atwi zarz\u0105dzanie. Profilowane oprogramowanie dla dom\u00f3w energooszcz\u0119dnych,<\/p>\n<p>powoli na bezproblemowe sterowanie i maksymalizacje zysk\u00f3w.<\/p>\n<p>Nie martw si\u0119, je\u015bli jeste\u015b z dala od domu z. Kontrola przez internetu pozwoli \u0142atwo kontrolowa\u0107 temperatur\u0119 domu gdziekolwiek jeste\u015b.<\/p>\n<p><img decoding=\"async\" class=\"size-full wp-image-39296 aligncenter\" src=\"http:\/\/fabrykachlodu.pl\/sklep\/view\/uploads\/2019\/05\/Aquarea.Smart_.Cloud_.przez_.internet.jpg\" alt=\"Proste, a zarazem zaawansowane zarz\u0105dzanie energi\u0105 Aquarea Smart Cloud\" width=\"690\" height=\"400\" srcset=\"https:\/\/www.fabrykachlodu.pl\/sklep\/wp-content\/uploads\/2019\/05\/Aquarea.Smart_.Cloud_.przez_.internet.jpg 690w, https:\/\/www.fabrykachlodu.pl\/sklep\/wp-content\/uploads\/2019\/05\/Aquarea.Smart_.Cloud_.przez_.internet-600x348.jpg 600w, https:\/\/www.fabrykachlodu.pl\/sklep\/wp-content\/uploads\/2019\/05\/Aquarea.Smart_.Cloud_.przez_.internet-64x37.jpg 64w, https:\/\/www.fabrykachlodu.pl\/sklep\/wp-content\/uploads\/2019\/05\/Aquarea.Smart_.Cloud_.przez_.internet-300x174.jpg 300w\" sizes=\"(max-width: 690px) 100vw, 690px\" \/><\/p>\n<h2>Pompa ciep\u0142a powietrze woda jest czystsza dla \u015brodowiska, a tak\u017ce to ta\u0144sza alternatywa dla gazu lub innych system\u00f3w. Nie zastanawiaj si\u0119 czy wybra\u0107 ogrzewanie gazowe czy pomp\u0119 ciep\u0142a &#8211; monta\u017c na terenie Warszawy i okolic w promocyjnej cenie!<\/h2>\n<p>Innowacyjna technologia TCAP jest w stanie zapewni\u0107 bardzo wysok\u0105 wydajno\u015bci\u0105 niezale\u017cnie od temperatury zewn\u0119trznej lub gdy temperatura zewn\u0119trzna zmniejsza si\u0119. Tradycyjne pompy musz\u0105 podgrzewa\u0107 powietrze aby pokry\u0107 pe\u0142ne potrzeby domu korzystaj\u0105c z podgrzewacza zapasowego co zwi\u0119ksza koszt energii, bo dom potrzebuje wi\u0119cej energii. Dzi\u0119ki m\u0105dremu sterowaniu, zawartych komponent\u00f3w, pompy tej serii utrzymuj\u0105 wysok\u0105 wydajno\u015b\u0107 i sprawno\u015b\u0107 nawet w temperaturze -7 \u00b0C i -15 \u00b0C. Specjalnie zrezygnowano z elektrycznego podgrzewacza zapasowego do wspomagania pompy bo to jest nieop\u0142acalne.<\/p>\n<div id=\"attachment_39297\" style=\"width: 700px\" class=\"wp-caption aligncenter\"><img decoding=\"async\" aria-describedby=\"caption-attachment-39297\" class=\"size-full wp-image-39297\" src=\"http:\/\/fabrykachlodu.pl\/sklep\/view\/uploads\/2019\/05\/Aquarea.Smart_.Cloud_.modul_.przez_.internet.jpg\" alt=\"Pe\u0142n\u0105 zdalna konserwacja systemu Aquarea\" width=\"690\" height=\"400\" srcset=\"https:\/\/www.fabrykachlodu.pl\/sklep\/wp-content\/uploads\/2019\/05\/Aquarea.Smart_.Cloud_.modul_.przez_.internet.jpg 690w, https:\/\/www.fabrykachlodu.pl\/sklep\/wp-content\/uploads\/2019\/05\/Aquarea.Smart_.Cloud_.modul_.przez_.internet-600x348.jpg 600w, https:\/\/www.fabrykachlodu.pl\/sklep\/wp-content\/uploads\/2019\/05\/Aquarea.Smart_.Cloud_.modul_.przez_.internet-64x37.jpg 64w, https:\/\/www.fabrykachlodu.pl\/sklep\/wp-content\/uploads\/2019\/05\/Aquarea.Smart_.Cloud_.modul_.przez_.internet-300x174.jpg 300w\" sizes=\"(max-width: 690px) 100vw, 690px\" \/><p id=\"caption-attachment-39297\" class=\"wp-caption-text\">Pe\u0142n\u0105 zdalna konserwacja systemu Aquarea lub stacjonarnie na terenie np. Warszawy.<\/p><\/div>\n<p>Unikalne pompy ciep\u0142a Panasonic dostarczaj\u0105 ci\u0105gle ciep\u0142o nawet w bardzo niskich temperaturach.<\/p>\n<p>Fabryka Ch\u0142odu dostosuje ofert\u0119 do indywidualnych potrzeb ka\u017cdego obiektu, wi\u0119c do\u0142\u0105cz do ogromnego grona u\u017cytkownik\u00f3w pomp ciep\u0142a na terenie Warszawy i woj. mazowieckiego ju\u017c dzi\u015b!<\/p>\n<div class=\"su-tabs su-tabs-style-default su-tabs-mobile-stack\" data-active=\"1\" data-scroll-offset=\"0\" data-anchor-in-url=\"no\"><div class=\"su-tabs-nav\"><span class=\"\" data-url=\"\" data-target=\"blank\" tabindex=\"0\" role=\"button\">Pompy ciep\u0142a powietrze-woda PANASONIC AQUAREA<\/span><span class=\"\" data-url=\"\" data-target=\"blank\" tabindex=\"0\" role=\"button\">Najwa\u017cniejsze cechy<\/span><span class=\"\" data-url=\"\" data-target=\"blank\" tabindex=\"0\" role=\"button\">Jak dzia\u0142a pompa ciep\u0142a<\/span><span class=\"\" data-url=\"\" data-target=\"blank\" tabindex=\"0\" role=\"button\">Por\u00f3wnanie funkcji<\/span><\/div><div class=\"su-tabs-panes\"><div class=\"su-tabs-pane su-u-clearfix su-u-trim\" data-title=\"Pompy ciep\u0142a powietrze-woda PANASONIC AQUAREA\">\n<div class=\"su-document su-u-responsive-media-yes\"><iframe src=\"\/\/docs.google.com\/viewer?embedded=true&url=http:\/\/fabrykachlodu.pl\/sklep\/view\/uploads\/2019\/05\/Oferta-nowych-pomp-ciep\u0142a-powietrze-woda_AQUAREA_PANASONIC_2017.pdf\" width=\"600\" height=\"400\" class=\"su-document\" title=\"\"><\/iframe><\/div>\n<\/div>\n<div class=\"su-tabs-pane su-u-clearfix su-u-trim\" data-title=\"Najwa\u017cniejsze cechy\">\n<div class=\"su-document su-u-responsive-media-yes\"><iframe src=\"\/\/docs.google.com\/viewer?embedded=true&url=http:\/\/fabrykachlodu.pl\/sklep\/view\/uploads\/2019\/05\/ogrzewania-budynku-i-podgrzewania-ciep\u0142ej-wody_AQUAREA_PANASONIC_2017.pdf\" width=\"600\" height=\"400\" class=\"su-document\" title=\"\"><\/iframe><\/div>\n<\/div>\n<div class=\"su-tabs-pane su-u-clearfix su-u-trim\" data-title=\"Jak dzia\u0142a pompa ciep\u0142a\">\n<div class=\"su-document su-u-responsive-media-yes\"><iframe src=\"\/\/docs.google.com\/viewer?embedded=true&url=http:\/\/fabrykachlodu.pl\/sklep\/view\/uploads\/2019\/05\/jak.dziala.pompa_.ciepla.pdf\" width=\"600\" height=\"400\" class=\"su-document\" title=\"\"><\/iframe><\/div>\n<\/div>\n<div class=\"su-tabs-pane su-u-clearfix su-u-trim\" data-title=\"Por\u00f3wnanie funkcji\">\n<div class=\"su-document su-u-responsive-media-yes\"><iframe src=\"\/\/docs.google.com\/viewer?embedded=true&url=http:\/\/fabrykachlodu.pl\/sklep\/view\/uploads\/2019\/05\/POMPY-_CIEP\u0141A_AQUAREA_GENERACJI_H_SERIA-HIGH-PERFORMANCE.pdf\" width=\"600\" height=\"400\" class=\"su-document\" title=\"\"><\/iframe><\/div>\n<\/div><\/div><\/div>\n<p>Dokumenty si\u0119 nie wy\u015bwietlaj\u0105? <input type=\"button\" value=\"Od\u015bwie\u017c stron\u0119\" onclick=\"location.reload();\"> <\/p>\n","protected":false},"excerpt":{"rendered":"<p><span style=\"color: #000000;\"><strong>Najwa\u017cniejsze zalety<\/strong><\/span><\/p>\n[dt_list style=\"1\" bullet_position=\"middle\" dividers=\"true\"][dt_list_item image=\"\"]Mniejsze zu\u017cycie energii[\/dt_list_item][dt_list_item image=\"\"]Nowe funkcje sterownania[\/dt_list_item][dt_list_item image=\"\"]Tryb ogrzewania i ch\u0142odzenia[\/dt_list_item][dt_list_item image=\"\"]Cicha praca[\/dt_list_item][\/dt_list]\n","protected":false},"featured_media":39274,"template":"","meta":[],"product_cat":[401,6384,6385,189],"product_tag":[],"yoast_head":"<!-- This site is optimized with the Yoast SEO plugin v22.1 - https:\/\/yoast.com\/wordpress\/plugins\/seo\/ -->\n<title>Pompa ciep\u0142a Panasonic Monta\u017c i serwis Warszawa grzanie ciep\u0142a woda<\/title>\n<meta name=\"description\" content=\"Chcesz zmiejszy\u0107 wysokie koszty ogrzewania? Pompa ciep\u0142a Panasonic tani monta\u017c i serwis gdzie w Warszawe ogrzewanie ciep\u0142a woda w jednym do tego ch\u0142odzenia jak to brzmi? Nie martw si\u0119, bo oferujemy pompy ciep\u0142a w Warszawie monta\u017c oraz konserwacja bo naprawy pogwarancyjne powietrze-woda, w nowych instalacji lub zast\u0105pienia istniej\u0105cego nieefektywnego centralnego gazowego ogrzewania.\" \/>\n<meta name=\"robots\" content=\"index, follow, max-snippet:-1, max-image-preview:large, max-video-preview:-1\" \/>\n<link rel=\"canonical\" href=\"https:\/\/www.fabrykachlodu.pl\/sklep\/produkt\/pompy-ciepla-panasonic-montaz-i-serwis\/\" \/>\n<meta name=\"twitter:label1\" content=\"Szacowany czas czytania\" \/>\n\t<meta name=\"twitter:data1\" content=\"4 minuty\" \/>\n<script type=\"application\/ld+json\" class=\"yoast-schema-graph\">{\"@context\":\"https:\/\/schema.org\",\"@graph\":[{\"@type\":\"WebPage\",\"@id\":\"https:\/\/www.fabrykachlodu.pl\/sklep\/produkt\/pompy-ciepla-panasonic-montaz-i-serwis\/\",\"url\":\"https:\/\/www.fabrykachlodu.pl\/sklep\/produkt\/pompy-ciepla-panasonic-montaz-i-serwis\/\",\"name\":\"Pompa ciep\u0142a Panasonic Monta\u017c i serwis Warszawa grzanie ciep\u0142a woda\",\"isPartOf\":{\"@id\":\"https:\/\/www.fabrykachlodu.pl\/sklep\/#website\"},\"datePublished\":\"2019-05-08T09:42:17+00:00\",\"dateModified\":\"2023-03-07T12:56:31+00:00\",\"description\":\"Chcesz zmiejszy\u0107 wysokie koszty ogrzewania? Pompa ciep\u0142a Panasonic tani monta\u017c i serwis gdzie w Warszawe ogrzewanie ciep\u0142a woda w jednym do tego ch\u0142odzenia jak to brzmi? Nie martw si\u0119, bo oferujemy pompy ciep\u0142a w Warszawie monta\u017c oraz konserwacja bo naprawy pogwarancyjne powietrze-woda, w nowych instalacji lub zast\u0105pienia istniej\u0105cego nieefektywnego centralnego gazowego ogrzewania.\",\"breadcrumb\":{\"@id\":\"https:\/\/www.fabrykachlodu.pl\/sklep\/produkt\/pompy-ciepla-panasonic-montaz-i-serwis\/#breadcrumb\"},\"inLanguage\":\"pl-PL\",\"potentialAction\":[{\"@type\":\"ReadAction\",\"target\":[\"https:\/\/www.fabrykachlodu.pl\/sklep\/produkt\/pompy-ciepla-panasonic-montaz-i-serwis\/\"]}]},{\"@type\":\"BreadcrumbList\",\"@id\":\"https:\/\/www.fabrykachlodu.pl\/sklep\/produkt\/pompy-ciepla-panasonic-montaz-i-serwis\/#breadcrumb\",\"itemListElement\":[{\"@type\":\"ListItem\",\"position\":1,\"name\":\"Strona g\u0142\u00f3wna\",\"item\":\"https:\/\/www.fabrykachlodu.pl\/sklep\/\"},{\"@type\":\"ListItem\",\"position\":2,\"name\":\"Szukasz klimatzyacji biurowej sklepowej lub do mieszkania?\",\"item\":\"https:\/\/www.fabrykachlodu.pl\/sklep\/\"},{\"@type\":\"ListItem\",\"position\":3,\"name\":\"PANASONIC\",\"item\":\"https:\/\/www.fabrykachlodu.pl\/sklep\/product-category\/panasonic\/\"},{\"@type\":\"ListItem\",\"position\":4,\"name\":\"POMPA CIEP\u0141A\",\"item\":\"https:\/\/www.fabrykachlodu.pl\/sklep\/product-category\/panasonic\/pompa-ciepla\/\"},{\"@type\":\"ListItem\",\"position\":5,\"name\":\"AQUAREA\",\"item\":\"https:\/\/www.fabrykachlodu.pl\/sklep\/product-category\/panasonic\/pompa-ciepla\/aquarea\/\"},{\"@type\":\"ListItem\",\"position\":6,\"name\":\"POMPY CIEP\u0141A PANASONIC AQUAREA GENERACJI H, SERIA HIGH PERFORMANCE\"}]},{\"@type\":\"WebSite\",\"@id\":\"https:\/\/www.fabrykachlodu.pl\/sklep\/#website\",\"url\":\"https:\/\/www.fabrykachlodu.pl\/sklep\/\",\"name\":\"\u00b0FC Sklep Internetowy monta\u017c klimatyzacji pomp ciep\u0142a\",\"description\":\"\u00b0FC monta\u017c klimatyzacji pomp ciep\u0142a z nami to szybki i tani wyb\u00f3r.  Us\u0142ugi monta\u017cowe i serwisowe W Warszawie i okolicach..\",\"potentialAction\":[{\"@type\":\"SearchAction\",\"target\":{\"@type\":\"EntryPoint\",\"urlTemplate\":\"https:\/\/www.fabrykachlodu.pl\/sklep\/?s={search_term_string}\"},\"query-input\":\"required name=search_term_string\"}],\"inLanguage\":\"pl-PL\"}]}<\/script>\n<!-- \/ Yoast SEO plugin. -->","yoast_head_json":{"title":"Pompa ciep\u0142a Panasonic Monta\u017c i serwis Warszawa grzanie ciep\u0142a woda","description":"Chcesz zmiejszy\u0107 wysokie koszty ogrzewania? Pompa ciep\u0142a Panasonic tani monta\u017c i serwis gdzie w Warszawe ogrzewanie ciep\u0142a woda w jednym do tego ch\u0142odzenia jak to brzmi? Nie martw si\u0119, bo oferujemy pompy ciep\u0142a w Warszawie monta\u017c oraz konserwacja bo naprawy pogwarancyjne powietrze-woda, w nowych instalacji lub zast\u0105pienia istniej\u0105cego nieefektywnego centralnego gazowego ogrzewania.","robots":{"index":"index","follow":"follow","max-snippet":"max-snippet:-1","max-image-preview":"max-image-preview:large","max-video-preview":"max-video-preview:-1"},"canonical":"https:\/\/www.fabrykachlodu.pl\/sklep\/produkt\/pompy-ciepla-panasonic-montaz-i-serwis\/","twitter_misc":{"Szacowany czas czytania":"4 minuty"},"schema":{"@context":"https:\/\/schema.org","@graph":[{"@type":"WebPage","@id":"https:\/\/www.fabrykachlodu.pl\/sklep\/produkt\/pompy-ciepla-panasonic-montaz-i-serwis\/","url":"https:\/\/www.fabrykachlodu.pl\/sklep\/produkt\/pompy-ciepla-panasonic-montaz-i-serwis\/","name":"Pompa ciep\u0142a Panasonic Monta\u017c i serwis Warszawa grzanie ciep\u0142a woda","isPartOf":{"@id":"https:\/\/www.fabrykachlodu.pl\/sklep\/#website"},"datePublished":"2019-05-08T09:42:17+00:00","dateModified":"2023-03-07T12:56:31+00:00","description":"Chcesz zmiejszy\u0107 wysokie koszty ogrzewania? Pompa ciep\u0142a Panasonic tani monta\u017c i serwis gdzie w Warszawe ogrzewanie ciep\u0142a woda w jednym do tego ch\u0142odzenia jak to brzmi? Nie martw si\u0119, bo oferujemy pompy ciep\u0142a w Warszawie monta\u017c oraz konserwacja bo naprawy pogwarancyjne powietrze-woda, w nowych instalacji lub zast\u0105pienia istniej\u0105cego nieefektywnego centralnego gazowego ogrzewania.","breadcrumb":{"@id":"https:\/\/www.fabrykachlodu.pl\/sklep\/produkt\/pompy-ciepla-panasonic-montaz-i-serwis\/#breadcrumb"},"inLanguage":"pl-PL","potentialAction":[{"@type":"ReadAction","target":["https:\/\/www.fabrykachlodu.pl\/sklep\/produkt\/pompy-ciepla-panasonic-montaz-i-serwis\/"]}]},{"@type":"BreadcrumbList","@id":"https:\/\/www.fabrykachlodu.pl\/sklep\/produkt\/pompy-ciepla-panasonic-montaz-i-serwis\/#breadcrumb","itemListElement":[{"@type":"ListItem","position":1,"name":"Strona g\u0142\u00f3wna","item":"https:\/\/www.fabrykachlodu.pl\/sklep\/"},{"@type":"ListItem","position":2,"name":"Szukasz klimatzyacji biurowej sklepowej lub do mieszkania?","item":"https:\/\/www.fabrykachlodu.pl\/sklep\/"},{"@type":"ListItem","position":3,"name":"PANASONIC","item":"https:\/\/www.fabrykachlodu.pl\/sklep\/product-category\/panasonic\/"},{"@type":"ListItem","position":4,"name":"POMPA CIEP\u0141A","item":"https:\/\/www.fabrykachlodu.pl\/sklep\/product-category\/panasonic\/pompa-ciepla\/"},{"@type":"ListItem","position":5,"name":"AQUAREA","item":"https:\/\/www.fabrykachlodu.pl\/sklep\/product-category\/panasonic\/pompa-ciepla\/aquarea\/"},{"@type":"ListItem","position":6,"name":"POMPY CIEP\u0141A PANASONIC AQUAREA GENERACJI H, SERIA HIGH PERFORMANCE"}]},{"@type":"WebSite","@id":"https:\/\/www.fabrykachlodu.pl\/sklep\/#website","url":"https:\/\/www.fabrykachlodu.pl\/sklep\/","name":"\u00b0FC Sklep Internetowy monta\u017c klimatyzacji pomp ciep\u0142a","description":"\u00b0FC monta\u017c klimatyzacji pomp ciep\u0142a z nami to szybki i tani wyb\u00f3r.  Us\u0142ugi monta\u017cowe i serwisowe W Warszawie i okolicach..","potentialAction":[{"@type":"SearchAction","target":{"@type":"EntryPoint","urlTemplate":"https:\/\/www.fabrykachlodu.pl\/sklep\/?s={search_term_string}"},"query-input":"required name=search_term_string"}],"inLanguage":"pl-PL"}]}},"_links":{"self":[{"href":"https:\/\/www.fabrykachlodu.pl\/sklep\/wp-json\/wp\/v2\/product\/39257"}],"collection":[{"href":"https:\/\/www.fabrykachlodu.pl\/sklep\/wp-json\/wp\/v2\/product"}],"about":[{"href":"https:\/\/www.fabrykachlodu.pl\/sklep\/wp-json\/wp\/v2\/types\/product"}],"wp:featuredmedia":[{"embeddable":true,"href":"https:\/\/www.fabrykachlodu.pl\/sklep\/wp-json\/wp\/v2\/media\/39274"}],"wp:attachment":[{"href":"https:\/\/www.fabrykachlodu.pl\/sklep\/wp-json\/wp\/v2\/media?parent=39257"}],"wp:term":[{"taxonomy":"product_cat","embeddable":true,"href":"https:\/\/www.fabrykachlodu.pl\/sklep\/wp-json\/wp\/v2\/product_cat?post=39257"},{"taxonomy":"product_tag","embeddable":true,"href":"https:\/\/www.fabrykachlodu.pl\/sklep\/wp-json\/wp\/v2\/product_tag?post=39257"}],"curies":[{"name":"wp","href":"https:\/\/api.w.org\/{rel}","templated":true}]}}