{"id":39303,"date":"2019-05-08T13:07:54","date_gmt":"2019-05-08T11:07:54","guid":{"rendered":"http:\/\/fabrykachlodu.pl\/sklep\/?post_type=product&#038;p=39303"},"modified":"2022-06-30T18:11:16","modified_gmt":"2022-06-30T16:11:16","slug":"klimatyzator-panasonic-z-autoryzowanego-serwisu","status":"publish","type":"product","link":"https:\/\/www.fabrykachlodu.pl\/sklep\/produkt\/klimatyzator-panasonic-z-autoryzowanego-serwisu\/","title":{"rendered":"Klimatyzator Panasonic z autoryzowanego serwisu"},"content":{"rendered":"<p>Zam\u00f3wienie dotyczy kompletnego znanego i sprawdzonego zestawu JEDNOSTKI NA\u015aCIENNE PZ STANDARD<\/p>\n<p>INVERTER CZYNNIK R32 (R32 oznacza rodzaj czynnika ch\u0142odniczego), w kt\u00f3ry wchodz\u0105:<\/p>\n<p>-jednostka zewn\u0119trzna<\/p>\n<p>-jednostka wewn\u0119trzna<\/p>\n<p>-pilot<\/p>\n<p>Cena zawiera nie zawiera sterownika WiFi CZ-TACG1<\/p>\n<p>Oferujemy modele<\/p>\n<p>KIT-PZ25-TKE Do mieszkania, sklepu, biura o wielko\u015bci 25m2<\/p>\n<p>KIT-PZ35-TKE Do mieszkania, sklepu, biura o wielko\u015bci 35m2<\/p>\n<p>KIT-PZ50-TKE Do mieszkania, sklepu, biura o wielko\u015bci 50m2<\/p>\n<p>oraz wiele innych, prosimy o kontakt!<\/p>\n<h1>klimatyzacja Panasonic Warszawa monta\u017c oraz autoryzowany serwis<\/h1>\n<p>Instalacja na terenie Warszawy jest szybka i \u0142atwa i nie ma niespodzianek, poniewa\u017c otrzymujemy pe\u0142ne wsparcie od Panasonic podczas instalacji i konserwacji.<\/p>\n<p>Czynnik gazowy R32 jest bardziej przyjazny dla \u015brodowiska naturalnego\u00a0ni\u017c R410A<\/p>\n<p>Zoptymalizowano ten model pod k\u0105tem wymaga\u0144 opracowuj\u0105c Tryb super cichy! Tylko 20 dB(A)<\/p>\n<p>Wi\u0119ksza oszcz\u0119dno\u015b\u0107 energii<\/p>\n<p>Oferowany system przez fabryk\u0119 ch\u0142odu mo\u017cna montowa\u0107 w instalacjach z orurowaniem przystosowanym do czynnika R410A i R22<\/p>\n<p>Sterownik przewodowy (opcja)<\/p>\n<p>Sterowanie za pomoc\u0105 smartfona CZ-TACG1 (opcja)<\/p>\n<div class=\"su-tabs su-tabs-style-default su-tabs-mobile-stack\" data-active=\"1\" data-scroll-offset=\"0\" data-anchor-in-url=\"no\"><div class=\"su-tabs-nav\"><span class=\"\" data-url=\"\" data-target=\"blank\" tabindex=\"0\" role=\"button\">JEDNOSTKI NA\u015aCIENNE PZ STANDARD<\/span><span class=\"\" data-url=\"\" data-target=\"blank\" tabindex=\"0\" role=\"button\">POR\u00d3WNANIE FUNKCJONALNO\u015aCI<\/span><span class=\"\" data-url=\"\" data-target=\"blank\" tabindex=\"0\" role=\"button\">POR\u00d3WNANIE FUNKCJONALNO\u015aCI<\/span><span class=\"\" data-url=\"\" data-target=\"blank\" tabindex=\"0\" role=\"button\">NAJWA\u017bNIEJSZE FUNKCJONALNO\u015aCI<\/span><\/div><div class=\"su-tabs-panes\"><div class=\"su-tabs-pane su-u-clearfix su-u-trim\" data-title=\"JEDNOSTKI NA\u015aCIENNE PZ STANDARD\">\n<div class=\"su-document su-u-responsive-media-yes\"><iframe src=\"\/\/docs.google.com\/viewer?embedded=true&url=http:\/\/fabrykachlodu.pl\/sklep\/view\/uploads\/2019\/05\/JEDNOSTKI_NASCIENNE_PZ_STANDARD.pdf\" width=\"600\" height=\"400\" class=\"su-document\" title=\"\"><\/iframe><\/div>\n<\/div>\n<div class=\"su-tabs-pane su-u-clearfix su-u-trim\" data-title=\"POR\u00d3WNANIE FUNKCJONALNO\u015aCI\">\n<div class=\"su-document su-u-responsive-media-yes\"><iframe src=\"\/\/docs.google.com\/viewer?embedded=true&url=http:\/\/fabrykachlodu.pl\/sklep\/view\/uploads\/2019\/05\/49_pdfsam_Katalog_Panasonic_RAC_2018.pdf\" width=\"600\" height=\"400\" class=\"su-document\" title=\"\"><\/iframe><\/div>\n<\/div>\n<div class=\"su-tabs-pane su-u-clearfix su-u-trim\" data-title=\"POR\u00d3WNANIE FUNKCJONALNO\u015aCI\">\n<div class=\"su-document su-u-responsive-media-yes\"><iframe src=\"\/\/docs.google.com\/viewer?embedded=true&url=http:\/\/fabrykachlodu.pl\/sklep\/view\/uploads\/2019\/05\/50_pdfsam_Katalog_Panasonic_RAC_2018.pdf\" width=\"600\" height=\"400\" class=\"su-document\" title=\"\"><\/iframe><\/div>\n<\/div>\n<div class=\"su-tabs-pane su-u-clearfix su-u-trim\" data-title=\"NAJWA\u017bNIEJSZE FUNKCJONALNO\u015aCI\">\n<div class=\"su-document su-u-responsive-media-yes\"><iframe src=\"\/\/docs.google.com\/viewer?embedded=true&url=http:\/\/fabrykachlodu.pl\/sklep\/view\/uploads\/2019\/05\/51_pdfsam_Katalog_Panasonic_RAC_2018.pdf\" width=\"600\" height=\"400\" class=\"su-document\" title=\"\"><\/iframe><\/div>\n<\/div><\/div><\/div>\n<p>Dokumenty si\u0119 nie wy\u015bwietlaj\u0105? <input type=\"button\" value=\"Od\u015bwie\u017c stron\u0119\" onclick=\"location.reload();\"> <\/p>\n","protected":false},"excerpt":{"rendered":"<p><span style=\"color: #000000;\"><strong>Najwa\u017cniejsze zalety<\/strong><\/span><\/p>\n[dt_list style=\"1\" bullet_position=\"middle\" dividers=\"true\"][dt_list_item image=\"\"]Czynnik gazowy R32[\/dt_list_item][dt_list_item image=\"\"]Atrakcyjna cena[\/dt_list_item][dt_list_item image=\"\"]Sterowanie za pomoc\u0105 smartfona[\/dt_list_item][dt_list_item image=\"\"]Cicha praca[\/dt_list_item][\/dt_list]\n","protected":false},"featured_media":39305,"template":"","meta":[],"product_cat":[401,438],"product_tag":[],"yoast_head":"<!-- This site is optimized with the Yoast SEO plugin v22.1 - https:\/\/yoast.com\/wordpress\/plugins\/seo\/ -->\n<title>Klimatyzacja Panasonic Warszawa monta\u017c oraz autoryzowany serwis<\/title>\n<meta name=\"description\" content=\"Wydajne modele inwerterowe typu PZ o du\u017cej mocy monta\u017c Warszawa pracuje przy niskich temperaturach, a sama instalacja i monta\u017c jest prosty i tani.\" \/>\n<meta name=\"robots\" content=\"index, follow, max-snippet:-1, max-image-preview:large, max-video-preview:-1\" \/>\n<link rel=\"canonical\" href=\"https:\/\/www.fabrykachlodu.pl\/sklep\/produkt\/klimatyzator-panasonic-z-autoryzowanego-serwisu\/\" \/>\n<meta name=\"twitter:label1\" content=\"Szacowany czas czytania\" \/>\n\t<meta name=\"twitter:data1\" content=\"2 minuty\" \/>\n<script type=\"application\/ld+json\" class=\"yoast-schema-graph\">{\"@context\":\"https:\/\/schema.org\",\"@graph\":[{\"@type\":\"WebPage\",\"@id\":\"https:\/\/www.fabrykachlodu.pl\/sklep\/produkt\/klimatyzator-panasonic-z-autoryzowanego-serwisu\/\",\"url\":\"https:\/\/www.fabrykachlodu.pl\/sklep\/produkt\/klimatyzator-panasonic-z-autoryzowanego-serwisu\/\",\"name\":\"Klimatyzacja Panasonic Warszawa monta\u017c oraz autoryzowany serwis\",\"isPartOf\":{\"@id\":\"https:\/\/www.fabrykachlodu.pl\/sklep\/#website\"},\"datePublished\":\"2019-05-08T11:07:54+00:00\",\"dateModified\":\"2022-06-30T16:11:16+00:00\",\"description\":\"Wydajne modele inwerterowe typu PZ o du\u017cej mocy monta\u017c Warszawa pracuje przy niskich temperaturach, a sama instalacja i monta\u017c jest prosty i tani.\",\"breadcrumb\":{\"@id\":\"https:\/\/www.fabrykachlodu.pl\/sklep\/produkt\/klimatyzator-panasonic-z-autoryzowanego-serwisu\/#breadcrumb\"},\"inLanguage\":\"pl-PL\",\"potentialAction\":[{\"@type\":\"ReadAction\",\"target\":[\"https:\/\/www.fabrykachlodu.pl\/sklep\/produkt\/klimatyzator-panasonic-z-autoryzowanego-serwisu\/\"]}]},{\"@type\":\"BreadcrumbList\",\"@id\":\"https:\/\/www.fabrykachlodu.pl\/sklep\/produkt\/klimatyzator-panasonic-z-autoryzowanego-serwisu\/#breadcrumb\",\"itemListElement\":[{\"@type\":\"ListItem\",\"position\":1,\"name\":\"Strona g\u0142\u00f3wna\",\"item\":\"https:\/\/www.fabrykachlodu.pl\/sklep\/\"},{\"@type\":\"ListItem\",\"position\":2,\"name\":\"Szukasz klimatzyacji biurowej sklepowej lub do mieszkania?\",\"item\":\"https:\/\/www.fabrykachlodu.pl\/sklep\/\"},{\"@type\":\"ListItem\",\"position\":3,\"name\":\"PANASONIC\",\"item\":\"https:\/\/www.fabrykachlodu.pl\/sklep\/product-category\/panasonic\/\"},{\"@type\":\"ListItem\",\"position\":4,\"name\":\"Klimatyzator Panasonic z autoryzowanego serwisu\"}]},{\"@type\":\"WebSite\",\"@id\":\"https:\/\/www.fabrykachlodu.pl\/sklep\/#website\",\"url\":\"https:\/\/www.fabrykachlodu.pl\/sklep\/\",\"name\":\"\u00b0FC Sklep Internetowy monta\u017c klimatyzacji pomp ciep\u0142a\",\"description\":\"\u00b0FC monta\u017c klimatyzacji pomp ciep\u0142a z nami to szybki i tani wyb\u00f3r.  Us\u0142ugi monta\u017cowe i serwisowe W Warszawie i okolicach..\",\"potentialAction\":[{\"@type\":\"SearchAction\",\"target\":{\"@type\":\"EntryPoint\",\"urlTemplate\":\"https:\/\/www.fabrykachlodu.pl\/sklep\/?s={search_term_string}\"},\"query-input\":\"required name=search_term_string\"}],\"inLanguage\":\"pl-PL\"}]}<\/script>\n<!-- \/ Yoast SEO plugin. -->","yoast_head_json":{"title":"Klimatyzacja Panasonic Warszawa monta\u017c oraz autoryzowany serwis","description":"Wydajne modele inwerterowe typu PZ o du\u017cej mocy monta\u017c Warszawa pracuje przy niskich temperaturach, a sama instalacja i monta\u017c jest prosty i tani.","robots":{"index":"index","follow":"follow","max-snippet":"max-snippet:-1","max-image-preview":"max-image-preview:large","max-video-preview":"max-video-preview:-1"},"canonical":"https:\/\/www.fabrykachlodu.pl\/sklep\/produkt\/klimatyzator-panasonic-z-autoryzowanego-serwisu\/","twitter_misc":{"Szacowany czas czytania":"2 minuty"},"schema":{"@context":"https:\/\/schema.org","@graph":[{"@type":"WebPage","@id":"https:\/\/www.fabrykachlodu.pl\/sklep\/produkt\/klimatyzator-panasonic-z-autoryzowanego-serwisu\/","url":"https:\/\/www.fabrykachlodu.pl\/sklep\/produkt\/klimatyzator-panasonic-z-autoryzowanego-serwisu\/","name":"Klimatyzacja Panasonic Warszawa monta\u017c oraz autoryzowany serwis","isPartOf":{"@id":"https:\/\/www.fabrykachlodu.pl\/sklep\/#website"},"datePublished":"2019-05-08T11:07:54+00:00","dateModified":"2022-06-30T16:11:16+00:00","description":"Wydajne modele inwerterowe typu PZ o du\u017cej mocy monta\u017c Warszawa pracuje przy niskich temperaturach, a sama instalacja i monta\u017c jest prosty i tani.","breadcrumb":{"@id":"https:\/\/www.fabrykachlodu.pl\/sklep\/produkt\/klimatyzator-panasonic-z-autoryzowanego-serwisu\/#breadcrumb"},"inLanguage":"pl-PL","potentialAction":[{"@type":"ReadAction","target":["https:\/\/www.fabrykachlodu.pl\/sklep\/produkt\/klimatyzator-panasonic-z-autoryzowanego-serwisu\/"]}]},{"@type":"BreadcrumbList","@id":"https:\/\/www.fabrykachlodu.pl\/sklep\/produkt\/klimatyzator-panasonic-z-autoryzowanego-serwisu\/#breadcrumb","itemListElement":[{"@type":"ListItem","position":1,"name":"Strona g\u0142\u00f3wna","item":"https:\/\/www.fabrykachlodu.pl\/sklep\/"},{"@type":"ListItem","position":2,"name":"Szukasz klimatzyacji biurowej sklepowej lub do mieszkania?","item":"https:\/\/www.fabrykachlodu.pl\/sklep\/"},{"@type":"ListItem","position":3,"name":"PANASONIC","item":"https:\/\/www.fabrykachlodu.pl\/sklep\/product-category\/panasonic\/"},{"@type":"ListItem","position":4,"name":"Klimatyzator Panasonic z autoryzowanego serwisu"}]},{"@type":"WebSite","@id":"https:\/\/www.fabrykachlodu.pl\/sklep\/#website","url":"https:\/\/www.fabrykachlodu.pl\/sklep\/","name":"\u00b0FC Sklep Internetowy monta\u017c klimatyzacji pomp ciep\u0142a","description":"\u00b0FC monta\u017c klimatyzacji pomp ciep\u0142a z nami to szybki i tani wyb\u00f3r.  Us\u0142ugi monta\u017cowe i serwisowe W Warszawie i okolicach..","potentialAction":[{"@type":"SearchAction","target":{"@type":"EntryPoint","urlTemplate":"https:\/\/www.fabrykachlodu.pl\/sklep\/?s={search_term_string}"},"query-input":"required name=search_term_string"}],"inLanguage":"pl-PL"}]}},"_links":{"self":[{"href":"https:\/\/www.fabrykachlodu.pl\/sklep\/wp-json\/wp\/v2\/product\/39303"}],"collection":[{"href":"https:\/\/www.fabrykachlodu.pl\/sklep\/wp-json\/wp\/v2\/product"}],"about":[{"href":"https:\/\/www.fabrykachlodu.pl\/sklep\/wp-json\/wp\/v2\/types\/product"}],"wp:featuredmedia":[{"embeddable":true,"href":"https:\/\/www.fabrykachlodu.pl\/sklep\/wp-json\/wp\/v2\/media\/39305"}],"wp:attachment":[{"href":"https:\/\/www.fabrykachlodu.pl\/sklep\/wp-json\/wp\/v2\/media?parent=39303"}],"wp:term":[{"taxonomy":"product_cat","embeddable":true,"href":"https:\/\/www.fabrykachlodu.pl\/sklep\/wp-json\/wp\/v2\/product_cat?post=39303"},{"taxonomy":"product_tag","embeddable":true,"href":"https:\/\/www.fabrykachlodu.pl\/sklep\/wp-json\/wp\/v2\/product_tag?post=39303"}],"curies":[{"name":"wp","href":"https:\/\/api.w.org\/{rel}","templated":true}]}}