{"id":39322,"date":"2019-05-08T16:36:25","date_gmt":"2019-05-08T14:36:25","guid":{"rendered":"http:\/\/fabrykachlodu.pl\/sklep\/?post_type=product&#038;p=39322"},"modified":"2022-06-30T18:19:37","modified_gmt":"2022-06-30T16:19:37","slug":"instalacja-klimatyzatorow-lg-warszawa","status":"publish","type":"product","link":"https:\/\/www.fabrykachlodu.pl\/sklep\/produkt\/instalacja-klimatyzatorow-lg-warszawa\/","title":{"rendered":"Instalacja klimatyzator\u00f3w LG Standard Warszawa"},"content":{"rendered":"<p>Najnowsze rozwi\u0105zania klimatyzacyjne opieraj\u0105ce si\u0119 na zaawansowanej technologii LG &#8211; 10 letnia gwarancja!<\/p>\n<h1>Instalacja klimatyzator\u00f3w LG Standard Warszawa<\/h1>\n<p>Zam\u00f3wienie dotyczy kompletnego znanego i sprawdzonego zestawu JEDNOSTKI LG Standard R32 (R32 oznacza rodzaj czynnika ch\u0142odniczego), w kt\u00f3ry wchodz\u0105:<\/p>\n<p>-jednostka zewn\u0119trzna<\/p>\n<p>-jednostka wewn\u0119trzna<\/p>\n<p>-pilot<\/p>\n<p>Cena zawiera nie zawiera sterownika WiFi CZ-TACG1<\/p>\n<p>Oferujemy modele<\/p>\n<p>S09EQ Do mieszkania, sklepu, biura o wielko\u015bci 25m2<\/p>\n<p>S12EQ Do mieszkania, sklepu, biura o wielko\u015bci 35m2<\/p>\n<p>S18EQ Do mieszkania, sklepu, biura o wielko\u015bci 50m2<\/p>\n<p>S24EQ<\/p>\n<h2>10-letnia gwarancja na spr\u0119\u017cark\u0119 inwerterow\u0105!<\/h2>\n<p>Rewolucyjna technologia Inverter Compressor jest bardzo wydajna, ma mocn\u0105, ale cich\u0105 prac\u0119 i 10-letni\u0105 gwarancj\u0119.<\/p>\n<h2>Niski poziom ha\u0142asu spr\u0119\u017carki 19dB naprawa i serwis LG<\/h2>\n<p>Klimatyzatory LG pracuj\u0105 przy niskim poziomie ha\u0142asu dzi\u0119ki unikalnemu wentylatorowi \u015brubowemu i technologii silnika BLDC. Eliminuje niepotrzebny ha\u0142as, umo\u017cliwiaj\u0105c p\u0142ynn\u0105 prac\u0119.<\/p>\n<div id=\"attachment_39341\" style=\"width: 700px\" class=\"wp-caption aligncenter\"><img fetchpriority=\"high\" decoding=\"async\" aria-describedby=\"caption-attachment-39341\" class=\"size-full wp-image-39341\" src=\"http:\/\/fabrykachlodu.pl\/sklep\/view\/uploads\/2019\/05\/10.year_.waranty.LG_.gwarancja.10lat.jpg\" alt=\"\" width=\"690\" height=\"400\" srcset=\"https:\/\/www.fabrykachlodu.pl\/sklep\/wp-content\/uploads\/2019\/05\/10.year_.waranty.LG_.gwarancja.10lat.jpg 690w, https:\/\/www.fabrykachlodu.pl\/sklep\/wp-content\/uploads\/2019\/05\/10.year_.waranty.LG_.gwarancja.10lat-600x348.jpg 600w, https:\/\/www.fabrykachlodu.pl\/sklep\/wp-content\/uploads\/2019\/05\/10.year_.waranty.LG_.gwarancja.10lat-64x37.jpg 64w, https:\/\/www.fabrykachlodu.pl\/sklep\/wp-content\/uploads\/2019\/05\/10.year_.waranty.LG_.gwarancja.10lat-300x174.jpg 300w\" sizes=\"(max-width: 690px) 100vw, 690px\" \/><p id=\"caption-attachment-39341\" class=\"wp-caption-text\">10-letnia gwarancja na spr\u0119\u017cark\u0119 inwerterow\u0105<\/p><\/div>\n<h2>Aktywna kontrola energii klimatyzacja LG &#8211; autoryzowany serwis Warszawa<\/h2>\n<p>W zale\u017cno\u015bci od sytuacji &#8211; ustawi\u0107 r\u00f3\u017cne poziomy zu\u017cycia energii. Ciesz si\u0119 ch\u0142odn\u0105 i komfortow\u0105 atmosfer\u0105, jednocze\u015bnie oszcz\u0119dzaj\u0105c pieni\u0105dze.<\/p>\n<div id=\"attachment_39345\" style=\"width: 700px\" class=\"wp-caption aligncenter\"><img decoding=\"async\" aria-describedby=\"caption-attachment-39345\" class=\"size-full wp-image-39345\" src=\"http:\/\/fabrykachlodu.pl\/sklep\/view\/uploads\/2019\/05\/Aktywna-kontrola-energii-3.jpg\" alt=\"\" width=\"690\" height=\"400\" srcset=\"https:\/\/www.fabrykachlodu.pl\/sklep\/wp-content\/uploads\/2019\/05\/Aktywna-kontrola-energii-3.jpg 690w, https:\/\/www.fabrykachlodu.pl\/sklep\/wp-content\/uploads\/2019\/05\/Aktywna-kontrola-energii-3-600x348.jpg 600w, https:\/\/www.fabrykachlodu.pl\/sklep\/wp-content\/uploads\/2019\/05\/Aktywna-kontrola-energii-3-64x37.jpg 64w, https:\/\/www.fabrykachlodu.pl\/sklep\/wp-content\/uploads\/2019\/05\/Aktywna-kontrola-energii-3-300x174.jpg 300w\" sizes=\"(max-width: 690px) 100vw, 690px\" \/><p id=\"caption-attachment-39345\" class=\"wp-caption-text\">Aktywna kontrola energii<\/p><\/div>\n<h2>Szybka i \u0142atwa instalacja klimatyzator\u00f3w LG Warszawa<\/h2>\n<p>Klimatyzatory LG zaprojektowano z my\u015bl\u0105 o \u0142atwej i wydajnej instalacji, niezale\u017cnie od okoliczno\u015bci zewn\u0119trznych i liczby os\u00f3b zaanga\u017cowanych w proces instalacji. Poprzez zmniejszenie ilo\u015bci wymaganej pracy i oszcz\u0119dno\u015b\u0107 czasu podczas instalacji mo\u017cliwe jest zainstalowanie wi\u0119kszej liczby system\u00f3w klimatyzacji w wi\u0119kszej liczbie dom\u00f3w.<\/p>\n<div id=\"attachment_39346\" style=\"width: 700px\" class=\"wp-caption aligncenter\"><img decoding=\"async\" aria-describedby=\"caption-attachment-39346\" class=\"size-full wp-image-39346\" src=\"http:\/\/fabrykachlodu.pl\/sklep\/view\/uploads\/2019\/05\/latwy.montaz.klimatyzacji.jpg\" alt=\"\" width=\"690\" height=\"400\" srcset=\"https:\/\/www.fabrykachlodu.pl\/sklep\/wp-content\/uploads\/2019\/05\/latwy.montaz.klimatyzacji.jpg 690w, https:\/\/www.fabrykachlodu.pl\/sklep\/wp-content\/uploads\/2019\/05\/latwy.montaz.klimatyzacji-600x348.jpg 600w, https:\/\/www.fabrykachlodu.pl\/sklep\/wp-content\/uploads\/2019\/05\/latwy.montaz.klimatyzacji-64x37.jpg 64w, https:\/\/www.fabrykachlodu.pl\/sklep\/wp-content\/uploads\/2019\/05\/latwy.montaz.klimatyzacji-300x174.jpg 300w\" sizes=\"(max-width: 690px) 100vw, 690px\" \/><p id=\"caption-attachment-39346\" class=\"wp-caption-text\">Klimatyzatory LG zaprojektowano z my\u015bl\u0105 o \u0142atwej i wydajnej instalacji<\/p><\/div>\n<p>REKOMENDUJEMY MODEL NA CZYNNIK CH\u0141ODNICZY R32 &#8211; PONIEWA\u017b JEST EKOLOGICZNY I TA\u0143SZY W SERWISOWANIU!<\/p>\n<div class=\"su-note\"  style=\"border-color:#e5e5e5;border-radius:3px;-moz-border-radius:3px;-webkit-border-radius:3px;\"><div class=\"su-note-inner su-u-clearfix su-u-trim\" style=\"background-color:#ffffff;border-color:#ffffff;color:#afafaf;border-radius:3px;-moz-border-radius:3px;-webkit-border-radius:3px;\">Jakie s\u0105 konsekwencje stosowania gaz\u00f3w zubo\u017caj\u0105cych warstw\u0119 ozonow\u0105 np. freonowych? (ustawa F-gazowa)<\/p>\n<p>Czy wiedzia\u0142e\u015b, \u017ce na rynku europejskim zabraknie gaz\u00f3w freonowych, przez co dalsze u\u017cytkowanie b\u0119dzie utrudnione oraz koszt gaz\u00f3w zamiennych stosunkowo wy\u017cszy? <strong>Co mog\u0119 zrobi\u0107?<\/strong> Wybierz urz\u0105dzenie na R32 aby unikn\u0105\u0107 problem\u00f3w w przysz\u0142o\u015bci.<\/p>\n<\/div><\/div>\n<div class=\"su-tabs su-tabs-style-default su-tabs-mobile-stack\" data-active=\"1\" data-scroll-offset=\"0\" data-anchor-in-url=\"no\"><div class=\"su-tabs-nav\"><span class=\"\" data-url=\"\" data-target=\"blank\" tabindex=\"0\" role=\"button\">PRZEGL\u0104D FUNKCJI LG STANDARD (R32)<\/span><span class=\"\" data-url=\"\" data-target=\"blank\" tabindex=\"0\" role=\"button\">POR\u00d3WNANIE FUNKCJONALNO\u015aCI<\/span><\/div><div class=\"su-tabs-panes\"><div class=\"su-tabs-pane su-u-clearfix su-u-trim\" data-title=\"PRZEGL\u0104D FUNKCJI LG STANDARD (R32)\">\n<div class=\"su-document su-u-responsive-media-yes\"><iframe src=\"\/\/docs.google.com\/viewer?embedded=true&url=http:\/\/fabrykachlodu.pl\/sklep\/view\/uploads\/2019\/05\/30_pdfsam_katalog-lg-2018.pdf\" width=\"600\" height=\"400\" class=\"su-document\" title=\"\"><\/iframe><\/div>\n<\/div>\n<div class=\"su-tabs-pane su-u-clearfix su-u-trim\" data-title=\"POR\u00d3WNANIE FUNKCJONALNO\u015aCI\">\n<div class=\"su-document su-u-responsive-media-yes\"><iframe src=\"\/\/docs.google.com\/viewer?embedded=true&url=http:\/\/fabrykachlodu.pl\/sklep\/view\/uploads\/2019\/05\/12_pdfsam_katalog-lg-2018.pdf\" width=\"600\" height=\"400\" class=\"su-document\" title=\"\"><\/iframe><\/div>\n<\/div><\/div><\/div>\n<p>Dokumenty si\u0119 nie wy\u015bwietlaj\u0105? <input type=\"button\" value=\"Od\u015bwie\u017c stron\u0119\" onclick=\"location.reload();\"> <\/p>\n","protected":false},"excerpt":{"rendered":"<p><span style=\"color: #000000;\"><strong>Najwa\u017cniejsze zalety<\/strong><\/span><\/p>\n[dt_list style=\"1\" bullet_position=\"middle\" dividers=\"true\"][dt_list_item image=\"\"]Czynnik gazowy R32[\/dt_list_item][dt_list_item image=\"\"]10 letnia gwarancja[\/dt_list_item][dt_list_item image=\"\"]Sterowanie za pomoc\u0105 smartfona[\/dt_list_item][dt_list_item image=\"\"]Kontrola energii[\/dt_list_item][\/dt_list]\n","protected":false},"featured_media":39340,"template":"","meta":[],"product_cat":[153,444],"product_tag":[],"yoast_head":"<!-- This site is optimized with the Yoast SEO plugin v22.1 - https:\/\/yoast.com\/wordpress\/plugins\/seo\/ -->\n<title>Instalacja klimatyzator\u00f3w LG Standard Warszawa SERWIS LG<\/title>\n<meta name=\"description\" content=\"Instalacja klimatyzator\u00f3w LG Standard Warszawa Klimatyzatory LG zaprojektowano z my\u015bl\u0105 o \u0142atwej i wydajnej instalacji, niezale\u017cnie od okoliczno\u015bci zewn\u0119trznych i liczby os\u00f3b zaanga\u017cowanych w proces instalacji mo\u017cliwe jest zainstalowanie wi\u0119kszej liczby system\u00f3w klimatyzacji w wi\u0119kszej liczbie dom\u00f3w.\" \/>\n<meta name=\"robots\" content=\"index, follow, max-snippet:-1, max-image-preview:large, max-video-preview:-1\" \/>\n<link rel=\"canonical\" href=\"https:\/\/www.fabrykachlodu.pl\/sklep\/produkt\/instalacja-klimatyzatorow-lg-warszawa\/\" \/>\n<meta name=\"twitter:label1\" content=\"Szacowany czas czytania\" \/>\n\t<meta name=\"twitter:data1\" content=\"2 minuty\" \/>\n<script type=\"application\/ld+json\" class=\"yoast-schema-graph\">{\"@context\":\"https:\/\/schema.org\",\"@graph\":[{\"@type\":\"WebPage\",\"@id\":\"https:\/\/www.fabrykachlodu.pl\/sklep\/produkt\/instalacja-klimatyzatorow-lg-warszawa\/\",\"url\":\"https:\/\/www.fabrykachlodu.pl\/sklep\/produkt\/instalacja-klimatyzatorow-lg-warszawa\/\",\"name\":\"Instalacja klimatyzator\u00f3w LG Standard Warszawa SERWIS LG\",\"isPartOf\":{\"@id\":\"https:\/\/www.fabrykachlodu.pl\/sklep\/#website\"},\"datePublished\":\"2019-05-08T14:36:25+00:00\",\"dateModified\":\"2022-06-30T16:19:37+00:00\",\"description\":\"Instalacja klimatyzator\u00f3w LG Standard Warszawa Klimatyzatory LG zaprojektowano z my\u015bl\u0105 o \u0142atwej i wydajnej instalacji, niezale\u017cnie od okoliczno\u015bci zewn\u0119trznych i liczby os\u00f3b zaanga\u017cowanych w proces instalacji mo\u017cliwe jest zainstalowanie wi\u0119kszej liczby system\u00f3w klimatyzacji w wi\u0119kszej liczbie dom\u00f3w.\",\"breadcrumb\":{\"@id\":\"https:\/\/www.fabrykachlodu.pl\/sklep\/produkt\/instalacja-klimatyzatorow-lg-warszawa\/#breadcrumb\"},\"inLanguage\":\"pl-PL\",\"potentialAction\":[{\"@type\":\"ReadAction\",\"target\":[\"https:\/\/www.fabrykachlodu.pl\/sklep\/produkt\/instalacja-klimatyzatorow-lg-warszawa\/\"]}]},{\"@type\":\"BreadcrumbList\",\"@id\":\"https:\/\/www.fabrykachlodu.pl\/sklep\/produkt\/instalacja-klimatyzatorow-lg-warszawa\/#breadcrumb\",\"itemListElement\":[{\"@type\":\"ListItem\",\"position\":1,\"name\":\"Strona g\u0142\u00f3wna\",\"item\":\"https:\/\/www.fabrykachlodu.pl\/sklep\/\"},{\"@type\":\"ListItem\",\"position\":2,\"name\":\"Szukasz klimatzyacji biurowej sklepowej lub do mieszkania?\",\"item\":\"https:\/\/www.fabrykachlodu.pl\/sklep\/\"},{\"@type\":\"ListItem\",\"position\":3,\"name\":\"LG\",\"item\":\"https:\/\/www.fabrykachlodu.pl\/sklep\/product-category\/lg\/\"},{\"@type\":\"ListItem\",\"position\":4,\"name\":\"Instalacja klimatyzator\u00f3w LG Standard Warszawa\"}]},{\"@type\":\"WebSite\",\"@id\":\"https:\/\/www.fabrykachlodu.pl\/sklep\/#website\",\"url\":\"https:\/\/www.fabrykachlodu.pl\/sklep\/\",\"name\":\"\u00b0FC Sklep Internetowy monta\u017c klimatyzacji pomp ciep\u0142a\",\"description\":\"\u00b0FC monta\u017c klimatyzacji pomp ciep\u0142a z nami to szybki i tani wyb\u00f3r.  Us\u0142ugi monta\u017cowe i serwisowe W Warszawie i okolicach..\",\"potentialAction\":[{\"@type\":\"SearchAction\",\"target\":{\"@type\":\"EntryPoint\",\"urlTemplate\":\"https:\/\/www.fabrykachlodu.pl\/sklep\/?s={search_term_string}\"},\"query-input\":\"required name=search_term_string\"}],\"inLanguage\":\"pl-PL\"}]}<\/script>\n<!-- \/ Yoast SEO plugin. -->","yoast_head_json":{"title":"Instalacja klimatyzator\u00f3w LG Standard Warszawa SERWIS LG","description":"Instalacja klimatyzator\u00f3w LG Standard Warszawa Klimatyzatory LG zaprojektowano z my\u015bl\u0105 o \u0142atwej i wydajnej instalacji, niezale\u017cnie od okoliczno\u015bci zewn\u0119trznych i liczby os\u00f3b zaanga\u017cowanych w proces instalacji mo\u017cliwe jest zainstalowanie wi\u0119kszej liczby system\u00f3w klimatyzacji w wi\u0119kszej liczbie dom\u00f3w.","robots":{"index":"index","follow":"follow","max-snippet":"max-snippet:-1","max-image-preview":"max-image-preview:large","max-video-preview":"max-video-preview:-1"},"canonical":"https:\/\/www.fabrykachlodu.pl\/sklep\/produkt\/instalacja-klimatyzatorow-lg-warszawa\/","twitter_misc":{"Szacowany czas czytania":"2 minuty"},"schema":{"@context":"https:\/\/schema.org","@graph":[{"@type":"WebPage","@id":"https:\/\/www.fabrykachlodu.pl\/sklep\/produkt\/instalacja-klimatyzatorow-lg-warszawa\/","url":"https:\/\/www.fabrykachlodu.pl\/sklep\/produkt\/instalacja-klimatyzatorow-lg-warszawa\/","name":"Instalacja klimatyzator\u00f3w LG Standard Warszawa SERWIS LG","isPartOf":{"@id":"https:\/\/www.fabrykachlodu.pl\/sklep\/#website"},"datePublished":"2019-05-08T14:36:25+00:00","dateModified":"2022-06-30T16:19:37+00:00","description":"Instalacja klimatyzator\u00f3w LG Standard Warszawa Klimatyzatory LG zaprojektowano z my\u015bl\u0105 o \u0142atwej i wydajnej instalacji, niezale\u017cnie od okoliczno\u015bci zewn\u0119trznych i liczby os\u00f3b zaanga\u017cowanych w proces instalacji mo\u017cliwe jest zainstalowanie wi\u0119kszej liczby system\u00f3w klimatyzacji w wi\u0119kszej liczbie dom\u00f3w.","breadcrumb":{"@id":"https:\/\/www.fabrykachlodu.pl\/sklep\/produkt\/instalacja-klimatyzatorow-lg-warszawa\/#breadcrumb"},"inLanguage":"pl-PL","potentialAction":[{"@type":"ReadAction","target":["https:\/\/www.fabrykachlodu.pl\/sklep\/produkt\/instalacja-klimatyzatorow-lg-warszawa\/"]}]},{"@type":"BreadcrumbList","@id":"https:\/\/www.fabrykachlodu.pl\/sklep\/produkt\/instalacja-klimatyzatorow-lg-warszawa\/#breadcrumb","itemListElement":[{"@type":"ListItem","position":1,"name":"Strona g\u0142\u00f3wna","item":"https:\/\/www.fabrykachlodu.pl\/sklep\/"},{"@type":"ListItem","position":2,"name":"Szukasz klimatzyacji biurowej sklepowej lub do mieszkania?","item":"https:\/\/www.fabrykachlodu.pl\/sklep\/"},{"@type":"ListItem","position":3,"name":"LG","item":"https:\/\/www.fabrykachlodu.pl\/sklep\/product-category\/lg\/"},{"@type":"ListItem","position":4,"name":"Instalacja klimatyzator\u00f3w LG Standard Warszawa"}]},{"@type":"WebSite","@id":"https:\/\/www.fabrykachlodu.pl\/sklep\/#website","url":"https:\/\/www.fabrykachlodu.pl\/sklep\/","name":"\u00b0FC Sklep Internetowy monta\u017c klimatyzacji pomp ciep\u0142a","description":"\u00b0FC monta\u017c klimatyzacji pomp ciep\u0142a z nami to szybki i tani wyb\u00f3r.  Us\u0142ugi monta\u017cowe i serwisowe W Warszawie i okolicach..","potentialAction":[{"@type":"SearchAction","target":{"@type":"EntryPoint","urlTemplate":"https:\/\/www.fabrykachlodu.pl\/sklep\/?s={search_term_string}"},"query-input":"required name=search_term_string"}],"inLanguage":"pl-PL"}]}},"_links":{"self":[{"href":"https:\/\/www.fabrykachlodu.pl\/sklep\/wp-json\/wp\/v2\/product\/39322"}],"collection":[{"href":"https:\/\/www.fabrykachlodu.pl\/sklep\/wp-json\/wp\/v2\/product"}],"about":[{"href":"https:\/\/www.fabrykachlodu.pl\/sklep\/wp-json\/wp\/v2\/types\/product"}],"wp:featuredmedia":[{"embeddable":true,"href":"https:\/\/www.fabrykachlodu.pl\/sklep\/wp-json\/wp\/v2\/media\/39340"}],"wp:attachment":[{"href":"https:\/\/www.fabrykachlodu.pl\/sklep\/wp-json\/wp\/v2\/media?parent=39322"}],"wp:term":[{"taxonomy":"product_cat","embeddable":true,"href":"https:\/\/www.fabrykachlodu.pl\/sklep\/wp-json\/wp\/v2\/product_cat?post=39322"},{"taxonomy":"product_tag","embeddable":true,"href":"https:\/\/www.fabrykachlodu.pl\/sklep\/wp-json\/wp\/v2\/product_tag?post=39322"}],"curies":[{"name":"wp","href":"https:\/\/api.w.org\/{rel}","templated":true}]}}