{"id":40519,"date":"2019-08-12T17:19:33","date_gmt":"2019-08-12T15:19:33","guid":{"rendered":"http:\/\/www.fabrykachlodu.pl\/sklep\/produkt\/import-placeholder-for-gud50ps-a-t\/"},"modified":"2022-06-30T17:30:04","modified_gmt":"2022-06-30T15:30:04","slug":"jednostka-gree-wew-gud50ps-a-t","status":"publish","type":"product","link":"https:\/\/www.fabrykachlodu.pl\/sklep\/produkt\/jednostka-gree-wew-gud50ps-a-t\/","title":{"rendered":"Jednostka GREE  Wew. GUD50PS\/A-T"},"content":{"rendered":"<h1>Czy wiesz, \u017ce klimatyzacja kana\u0142owa mo\u017ce s\u0142u\u017cy\u0107 do wentylowania pomieszcze\u0144? Chcesz pozna\u0107 zalety i wady klimatyzacji kana\u0142owej?<\/h1>\n<p>Tworz\u0105c odpowiedni klimat, zwi\u0119kszamy nasz\u0105 efektywno\u015bci unikamy zanieczyszczonego powietrza i jeste\u015bmy zdrowsi. Nowoczesne klimatyzatory, kt\u00f3re oferuje \u00b0FC posiadaj\u0105 w\u0142a\u015bnie takie funkcje, kt\u00f3re dostosuj\u0105 pomieszczenie do Twoich potrzeb bez wzgl\u0119du na to czy to jest dom, biuro, hotel czy sklep. Oferujemy urz\u0105dzenia kompaktowe, typu split i multi-split oraz klimatyzacj\u0119 kana\u0142ow\u0105.<\/p>\n<p>Bardzo korzystne ale rozbudowane rozwi\u0105zanie stanowi klimatyzacja kana\u0142owa. Zapraszamy do om\u00f3wienia zalet i wad klimatyzacji kana\u0142owej. Klimatyzacja kana\u0142owa to podstawowe metoda kontroli klimatu w obiekcie typu dom, biuro, sklep &#8211; zaraz za klimatyzacj\u0105 typu MULTISPLIT czy RAC Klimatyzacja kana\u0142owa podobnie do multi-split, mo\u017ce sk\u0142ada si\u0119 ze spr\u0119\u017carki, skraplacza i wymiennika powietrza ch\u0142odz\u0105cego, kt\u00f3re instalowane s\u0105 w jeden system. Zestaw klimatyzacji dzielony jest na dwie jednostki, czyli urz\u0105dzenia wewn\u0119trzne, kt\u00f3re ch\u0142odz\u0105 i cyrkuluje powietrze, a tak\u017ce jednostk\u0119 na zewn\u0105trz, kt\u00f3ra ma spr\u0119\u017cark\u0119.<\/p>\n<p><strong>W jednym miejscu poznasz:<\/strong><br \/>\nInformacje odno\u015bnie klimatyzacji kana\u0142owej GREE<br \/>\nPoznasz najwa\u017cniejsze funkcje<br \/>\nPor\u00f3wnasz produkty<br \/>\nPoznasz parametry techniczne<br \/>\nPoznasz cene i zrealizujesz zam\u00f3wienie<\/p>\n<p><strong>Zamawiaj\u0105c produkt u nas:<\/strong><br \/>\nOtrzymasz produkt<br \/>\nJednostk\u0119 wen\u0119trzna<br \/>\nJednostk\u0119 zewn\u0119trzna<br \/>\nStreowanie<\/p>\n<p><strong>Zlecaj\u0105c nam monta\u017c w Warszawie i woj. mazowieckim otrzymasz:<\/strong><br \/>\nRabat na produkt<br \/>\nKompletne pod\u0142\u0105czenie elektryczne oraz hydrauliczne<br \/>\nGwarancje<br \/>\nSerwis.<\/p>\n<h2><strong>Zapraszmy do por\u00f3wniania zalet i wad klimatyzacji kana\u0142owej<\/strong><\/h2>\n<p><strong>Jakie s\u0105 zalety rozprowadzonych kana\u0142\u00f3w?<\/strong><\/p>\n<p>&#8211; Zwi\u0119ksza estetyk\u0119 poniewa\u017c jest tylko jedna jednostka zewn\u0119trzna<br \/>\n&#8211; Kana\u0142y mog\u0105 by\u0107 ukryte pod obudowie z p\u0142yty gipsowej, kt\u00f3ra jest nast\u0119pnie malowana<br \/>\n&#8211; Kratki kt\u00f3re rozprowadzaj\u0105 powietrze mog\u0105 by\u0107 dobrane do wystroju wn\u0119trz<br \/>\n&#8211; Nie ha\u0142asuj\u0105c, jest najcichszy w\u015br\u00f3d wszystkich klimatyzator\u00f3w<br \/>\n&#8211; Podzia\u0142 strefowy oraz centralne sterowanie temperatur\u0105<br \/>\n&#8211; Pe\u0142na automatyzacja i programowanie tygodniowe<br \/>\n&#8211; Wyb\u00f3r pomi\u0119dzy kana\u0142ami prostok\u0105tnymi a okr\u0105g\u0142ymi<br \/>\n&#8211; Wsp\u00f3\u0142praca z wentylacj\u0105 mechaniczn\u0105, rekuperacj\u0105 ogrzewaniem<br \/>\n&#8211; \u0141atwe dostosowanie rodzaju powietrza w zale\u017cno\u015bci od potrzeb powietrze ch\u0142odne, ciep\u0142e, nawil\u017cone, suche ponadto, mo\u017ce utrzymywa\u0107 r\u00f3\u017cne pomieszczenia w r\u00f3\u017cnych temperaturach.<\/p>\n<div class=\"hr-thin\"><\/div>\n<div class=\"su-service\"><div class=\"su-service-title\" style=\"padding-left:52px;min-height:38px;line-height:38px\"><i class=\"sui sui-info-circle\" style=\"font-size:38px;color:#22a0ed\"><\/i> Wskaz\u00f3wka naszego eksperta<\/div><div class=\"su-service-content su-u-clearfix su-u-trim\" style=\"padding-left:52px\">\nChcesz ustawi\u0107 temperatur\u0119 w pokoju dziecka i utrzyma\u0107 w nieco wy\u017cszych temperaturach ni\u017c w innych pomieszczeniach. Przy niewielkiej inwestycji, klimatyzacja kana\u0142owa mo\u017ce by\u0107 zaprojektowana tak, aby s\u0142u\u017cy\u0107 jako systemy grzewcze.<br \/>\n<\/div><\/div>\n<p><strong>Jaki s\u0105 wady klimatyzacji kana\u0142owej?<\/strong><br \/>\n&#8211; Jest dro\u017csze od klimatyzacji na\u015bciennej rac czy multi-split<br \/>\n&#8211; Proces instalacji jest bardziej z\u0142o\u017cony, poniewa\u017c kana\u0142y s\u0105 w ka\u017cdym pomieszczeniu<br \/>\n&#8211; Wymaga du\u017co wiercenia, czas instalacji wyd\u0142u\u017cony<br \/>\n&#8211; Du\u017ca zewn\u0119trzna jednostka skraplacza musi znale\u017a\u0107 idealne miejsce z dala od wej\u015bcia, okna s\u0105siad\u00f3w<br \/>\n&#8211; P\u0142ytka kontrolera musi by\u0107 dobrze zamocowana na \u015bcianie, co wymusza \u0142atanie i malowanie \u015bcian<br \/>\n&#8211; Nawiewniki powietrza musz\u0105 by\u0107 zamontowane na suficie, lub obudowane p\u0142yta gipsow\u0105<br \/>\n&#8211; G\u0142ownie w remontowanych lub nowo powstaj\u0105cych obiektach<\/p>\n<div class=\"hr-thin\"><\/div>\n<div class=\"su-service\"><div class=\"su-service-title\" style=\"padding-left:52px;min-height:38px;line-height:38px\"><i class=\"sui sui-info-circle\" style=\"font-size:38px;color:#22a0ed\"><\/i> Wskaz\u00f3wka naszego eksperta<\/div><div class=\"su-service-content su-u-clearfix su-u-trim\" style=\"padding-left:52px\">\nPodsumowuj\u0105c, je\u015bli chcesz zainstalowa\u0107 odpowiedni system ch\u0142odzenia dla ca\u0142ego obiektu, to system klimatyzacji kana\u0142owej oferuje kompletny system ch\u0142odzenia dla ogromnej przestrzeni, i zaoszcz\u0119dzi\u0107 zu\u017cycie energii elektrycznej.<br \/>\n<\/div><\/div>\n<div class=\"hr-thin\"><\/div>\n<div class=\"su-service\"><div class=\"su-service-title\" style=\"padding-left:52px;min-height:38px;line-height:38px\"><i class=\"sui sui-info-circle\" style=\"font-size:38px;color:#22a0ed\"><\/i> Wskaz\u00f3wka naszego eksperta<\/div><div class=\"su-service-content su-u-clearfix su-u-trim\" style=\"padding-left:52px\">Nasi Klienci mog\u0105 wybiera\u0107 spo\u015br\u00f3d trzech r\u00f3\u017cnych typ\u00f3w urz\u0105dze\u0144 komercyjnych: kasetonowych,przypod\u0142ogowo-sufitowych oraz kana\u0142owych. Ich wydajno\u015bci wahaj\u0105 si\u0119 mi\u0119dzy 3,5 a 16,0 kW.<\/div><\/div>\n<p>Prezentowane zestawy klimatyzacji kana\u0142owej mog\u0105 by\u0107 efektywnie ch\u0142odzi\u0107 i grza\u0107 mniejsze pomieszczeniach jak r\u00f3wnie\u017c du\u017ce sale konferencyjne. Sterownik przewodowy, umo\u017cliwia odczyt temperatury w pomieszczeniu, a samo sterowanie i panel jest intuicyjny w j.polskim.<br \/>\nChcemy doda\u0107, \u017ce wbudowana pompka skroplin zwi\u0119ksza efektowno\u015b\u0107 i prac\u0119 urz\u0105dzenia, zar\u00f3wno przy klimatyzacji jak i wentylacji mechanicznej, kt\u00f3r\u0105 mo\u017cna pod\u0142\u0105czy\u0107 wpinaj\u0105c przew\u00f3d \u015bwie\u017cego powietrza.<\/p>\n<div class=\"hr-thin\"><\/div>\n<div class=\"su-service\"><div class=\"su-service-title\" style=\"padding-left:52px;min-height:38px;line-height:38px\"><i class=\"sui sui-info-circle\" style=\"font-size:38px;color:#22a0ed\"><\/i> Wskaz\u00f3wka naszego eksperta<\/div><div class=\"su-service-content su-u-clearfix su-u-trim\" style=\"padding-left:52px\">Urz\u0105dzenie bez zb\u0119dnych inwestycji s\u0142u\u017cy jako <strong>klimatyzator ale r\u00f3wnie\u017c wentylacja mechaniczna<\/strong>.<\/div><\/div>\n<p>PARAMETRY TECHNICZNE<\/p>\n<div class=\"su-tabs su-tabs-style-default su-tabs-mobile-stack\" data-active=\"1\" data-scroll-offset=\"0\" data-anchor-in-url=\"no\"><div class=\"su-tabs-nav\"><span class=\"\" data-url=\"\" data-target=\"blank\" tabindex=\"0\" role=\"button\">SYSTEMY KLIMATYZACJI GREE U-MATCH<\/span><span class=\"\" data-url=\"\" data-target=\"blank\" tabindex=\"0\" role=\"button\">Przegl\u0105d funkcji Klimatyzacji GREE MODELI U-MATCH<\/span><span class=\"\" data-url=\"\" data-target=\"blank\" tabindex=\"0\" role=\"button\">Funkcje GREE Jednostki Kana\u0142owych<\/span><span class=\"\" data-url=\"\" data-target=\"blank\" tabindex=\"0\" role=\"button\">Dane techniczne GREE Jednostki Kana\u0142owe<\/span><span class=\"\" data-url=\"\" data-target=\"blank\" tabindex=\"0\" role=\"button\">GREE AHU KIT Obs\u0142uga ch\u0142odnic\/nagrzewnic w centralach wentylacyjnych<\/span><\/div><div class=\"su-tabs-panes\"><div class=\"su-tabs-pane su-u-clearfix su-u-trim\" data-title=\"SYSTEMY KLIMATYZACJI GREE U-MATCH\">\n<div class=\"su-document su-u-responsive-media-yes\"><iframe src=\"\/\/docs.google.com\/viewer?embedded=true&url=https:\/\/www.fabrykachlodu.pl\/sklep\/wp-content\/uploads\/2019\/08\/SYSTEMY.KLIMATYZACJI.GREE_U-MATCH.pdf\" width=\"600\" height=\"400\" class=\"su-document\" title=\"\"><\/iframe><\/div>\n<\/div>\n<div class=\"su-tabs-pane su-u-clearfix su-u-trim\" data-title=\"Przegl\u0105d funkcji Klimatyzacji GREE MODELI U-MATCH\">\n<div class=\"su-document su-u-responsive-media-yes\"><iframe src=\"\/\/docs.google.com\/viewer?embedded=true&url=https:\/\/www.fabrykachlodu.pl\/sklep\/wp-content\/uploads\/2019\/08\/FUNKCJE_Klimatyzacji.GREE_MODELI_U-MATCH.porownanie..pdf\" width=\"600\" height=\"400\" class=\"su-document\" title=\"\"><\/iframe><\/div>\n<\/div>\n<div class=\"su-tabs-pane su-u-clearfix su-u-trim\" data-title=\"Funkcje GREE Jednostki Kana\u0142owych\">\n<div class=\"su-document su-u-responsive-media-yes\"><iframe src=\"\/\/docs.google.com\/viewer?embedded=true&url=https:\/\/www.fabrykachlodu.pl\/sklep\/wp-content\/uploads\/2019\/08\/Funkcje_GREE_KLIMATYZATOROW_KANALOWYCH.pdf\" width=\"600\" height=\"400\" class=\"su-document\" title=\"\"><\/iframe><\/div>\n<\/div>\n<div class=\"su-tabs-pane su-u-clearfix su-u-trim\" data-title=\"Dane techniczne GREE Jednostki Kana\u0142owe\">\n<div class=\"su-document su-u-responsive-media-yes\"><iframe src=\"\/\/docs.google.com\/viewer?embedded=true&url=https:\/\/www.fabrykachlodu.pl\/sklep\/view\/uploads\/2019\/08\/Dane.techniczne.GREE_.Klimatyzacja.Jednostki.kanalowe.pdf\" width=\"600\" height=\"400\" class=\"su-document\" title=\"\"><\/iframe><\/div>\n<\/div>\n<div class=\"su-tabs-pane su-u-clearfix su-u-trim\" data-title=\"GREE AHU KIT Obs\u0142uga ch\u0142odnic\/nagrzewnic w centralach wentylacyjnych\">\n<div class=\"su-document su-u-responsive-media-yes\"><iframe src=\"\/\/docs.google.com\/viewer?embedded=true&url=https:\/\/www.fabrykachlodu.pl\/sklep\/view\/uploads\/2019\/08\/GREE.AHU_.Kit_.dla_.U-Match.R32.pdf\" width=\"600\" height=\"400\" class=\"su-document\" title=\"\"><\/iframe><\/div>\n<\/div><\/div><\/div>\n<p>Dokumenty si\u0119 nie wy\u015bwietlaj\u0105? <input type=\"button\" value=\"Od\u015bwie\u017c stron\u0119\" onclick=\"location.reload();\"><\/p>\n<p>&nbsp;<\/p>\n<div class=\"su-note\"  style=\"border-color:#e5e5e5;border-radius:3px;-moz-border-radius:3px;-webkit-border-radius:3px;\"><div class=\"su-note-inner su-u-clearfix su-u-trim\" style=\"background-color:#ffffff;border-color:#ffffff;color:#afafaf;border-radius:3px;-moz-border-radius:3px;-webkit-border-radius:3px;\">Czy kana\u0142y mog\u0119 wykorzysta\u0107 do wentylacji mechanicznej lub ogrzewania ?<\/p>\n<p><strong>U-Match Inverter to doskona\u0142e rozwi\u0105zanie dla ka\u017cdego rodzaju pomieszcze\u0144:\u00a0do biura, sklepu, hotelu, do restauracji.\u00a0<\/strong>Klimatyzatory z tej serii z powodzeniem wykorzystywane s\u0105 r\u00f3wnie\u017c zim\u0105 i wsp\u00f3\u0142pracuj\u0105 z wentylacj\u0105 mechaniczn\u0105. Zakres ich pracy rozpoczyna si\u0119 od -20\u02daC w trybie ch\u0142odzenia oraz grzania. Pod\u0142\u0105czaj\u0105c\u00a0przew\u00f3d \u015bwie\u017cego powietrza, mo\u017cna skutecznie korzysta\u0107 z wentylacji pomieszcze\u0144.<br \/>\n<\/div><\/div>\n","protected":false},"excerpt":{"rendered":"<p><span style=\"color: #000000;\"><strong>Najwa\u017cniejsze zalety:<\/strong><\/span><br \/>\n[dt_list style=\"1\" bullet_position=\"middle\" dividers=\"true\"][dt_list_item image=\"\"]Sterownik przewodowy[\/dt_list_item][dt_list_item image=\"\"]Pe\u0142na kontrola<br \/>\nnad sterowaniem i parametrami pracy[\/dt_list_item][dt_list_item image=\"\"]Klimatyzacji jak i wentylacja pomieszcze\u0144 [\/dt_list_item][dt_list_item image=\"\"]Sta\u0142e rozprowadzenia<br \/>\npowietrza[\/dt_list_item][\/dt_list]<\/p>\n","protected":false},"featured_media":41004,"template":"","meta":[],"product_cat":[154,2151,189],"product_tag":[5517,1068,5875,1141,1516,1517,5877,1518,1184,1521,1455],"yoast_head":"<!-- This site is optimized with the Yoast SEO plugin v22.1 - https:\/\/yoast.com\/wordpress\/plugins\/seo\/ -->\n<title>Jednostka GREE Wew. GUD50PS\/A-T<\/title>\n<meta name=\"description\" content=\"Jednostka GREE Wew. GUD50PS\/A-T\" \/>\n<meta name=\"robots\" content=\"index, follow, max-snippet:-1, max-image-preview:large, max-video-preview:-1\" \/>\n<link rel=\"canonical\" href=\"https:\/\/www.fabrykachlodu.pl\/sklep\/produkt\/jednostka-gree-wew-gud50ps-a-t\/\" \/>\n<meta name=\"twitter:label1\" content=\"Szacowany czas czytania\" \/>\n\t<meta name=\"twitter:data1\" content=\"5 minut\" \/>\n<script type=\"application\/ld+json\" class=\"yoast-schema-graph\">{\"@context\":\"https:\/\/schema.org\",\"@graph\":[{\"@type\":\"WebPage\",\"@id\":\"https:\/\/www.fabrykachlodu.pl\/sklep\/produkt\/jednostka-gree-wew-gud50ps-a-t\/\",\"url\":\"https:\/\/www.fabrykachlodu.pl\/sklep\/produkt\/jednostka-gree-wew-gud50ps-a-t\/\",\"name\":\"Jednostka GREE Wew. GUD50PS\/A-T\",\"isPartOf\":{\"@id\":\"https:\/\/www.fabrykachlodu.pl\/sklep\/#website\"},\"datePublished\":\"2019-08-12T15:19:33+00:00\",\"dateModified\":\"2022-06-30T15:30:04+00:00\",\"description\":\"Jednostka GREE Wew. GUD50PS\/A-T\",\"breadcrumb\":{\"@id\":\"https:\/\/www.fabrykachlodu.pl\/sklep\/produkt\/jednostka-gree-wew-gud50ps-a-t\/#breadcrumb\"},\"inLanguage\":\"pl-PL\",\"potentialAction\":[{\"@type\":\"ReadAction\",\"target\":[\"https:\/\/www.fabrykachlodu.pl\/sklep\/produkt\/jednostka-gree-wew-gud50ps-a-t\/\"]}]},{\"@type\":\"BreadcrumbList\",\"@id\":\"https:\/\/www.fabrykachlodu.pl\/sklep\/produkt\/jednostka-gree-wew-gud50ps-a-t\/#breadcrumb\",\"itemListElement\":[{\"@type\":\"ListItem\",\"position\":1,\"name\":\"Strona g\u0142\u00f3wna\",\"item\":\"https:\/\/www.fabrykachlodu.pl\/sklep\/\"},{\"@type\":\"ListItem\",\"position\":2,\"name\":\"Szukasz klimatzyacji biurowej sklepowej lub do mieszkania?\",\"item\":\"https:\/\/www.fabrykachlodu.pl\/sklep\/\"},{\"@type\":\"ListItem\",\"position\":3,\"name\":\"GREE\",\"item\":\"https:\/\/www.fabrykachlodu.pl\/sklep\/product-category\/gree\/\"},{\"@type\":\"ListItem\",\"position\":4,\"name\":\"Multi Split\",\"item\":\"https:\/\/www.fabrykachlodu.pl\/sklep\/product-category\/gree\/multi-split\/\"},{\"@type\":\"ListItem\",\"position\":5,\"name\":\"Zestaw system U-MATCH GREE Kana\u0142owy GUD50PS\",\"item\":\"https:\/\/www.fabrykachlodu.pl\/sklep\/produkt\/zestaw-system-u-match-gree-kanalowy-gud50ps\/\"},{\"@type\":\"ListItem\",\"position\":6,\"name\":\"Jednostka GREE Wew. GUD50PS\/A-T\"}]},{\"@type\":\"WebSite\",\"@id\":\"https:\/\/www.fabrykachlodu.pl\/sklep\/#website\",\"url\":\"https:\/\/www.fabrykachlodu.pl\/sklep\/\",\"name\":\"\u00b0FC Sklep Internetowy monta\u017c klimatyzacji pomp ciep\u0142a\",\"description\":\"\u00b0FC monta\u017c klimatyzacji pomp ciep\u0142a z nami to szybki i tani wyb\u00f3r.  Us\u0142ugi monta\u017cowe i serwisowe W Warszawie i okolicach..\",\"potentialAction\":[{\"@type\":\"SearchAction\",\"target\":{\"@type\":\"EntryPoint\",\"urlTemplate\":\"https:\/\/www.fabrykachlodu.pl\/sklep\/?s={search_term_string}\"},\"query-input\":\"required name=search_term_string\"}],\"inLanguage\":\"pl-PL\"}]}<\/script>\n<!-- \/ Yoast SEO plugin. -->","yoast_head_json":{"title":"Jednostka GREE Wew. GUD50PS\/A-T","description":"Jednostka GREE Wew. GUD50PS\/A-T","robots":{"index":"index","follow":"follow","max-snippet":"max-snippet:-1","max-image-preview":"max-image-preview:large","max-video-preview":"max-video-preview:-1"},"canonical":"https:\/\/www.fabrykachlodu.pl\/sklep\/produkt\/jednostka-gree-wew-gud50ps-a-t\/","twitter_misc":{"Szacowany czas czytania":"5 minut"},"schema":{"@context":"https:\/\/schema.org","@graph":[{"@type":"WebPage","@id":"https:\/\/www.fabrykachlodu.pl\/sklep\/produkt\/jednostka-gree-wew-gud50ps-a-t\/","url":"https:\/\/www.fabrykachlodu.pl\/sklep\/produkt\/jednostka-gree-wew-gud50ps-a-t\/","name":"Jednostka GREE Wew. GUD50PS\/A-T","isPartOf":{"@id":"https:\/\/www.fabrykachlodu.pl\/sklep\/#website"},"datePublished":"2019-08-12T15:19:33+00:00","dateModified":"2022-06-30T15:30:04+00:00","description":"Jednostka GREE Wew. GUD50PS\/A-T","breadcrumb":{"@id":"https:\/\/www.fabrykachlodu.pl\/sklep\/produkt\/jednostka-gree-wew-gud50ps-a-t\/#breadcrumb"},"inLanguage":"pl-PL","potentialAction":[{"@type":"ReadAction","target":["https:\/\/www.fabrykachlodu.pl\/sklep\/produkt\/jednostka-gree-wew-gud50ps-a-t\/"]}]},{"@type":"BreadcrumbList","@id":"https:\/\/www.fabrykachlodu.pl\/sklep\/produkt\/jednostka-gree-wew-gud50ps-a-t\/#breadcrumb","itemListElement":[{"@type":"ListItem","position":1,"name":"Strona g\u0142\u00f3wna","item":"https:\/\/www.fabrykachlodu.pl\/sklep\/"},{"@type":"ListItem","position":2,"name":"Szukasz klimatzyacji biurowej sklepowej lub do mieszkania?","item":"https:\/\/www.fabrykachlodu.pl\/sklep\/"},{"@type":"ListItem","position":3,"name":"GREE","item":"https:\/\/www.fabrykachlodu.pl\/sklep\/product-category\/gree\/"},{"@type":"ListItem","position":4,"name":"Multi Split","item":"https:\/\/www.fabrykachlodu.pl\/sklep\/product-category\/gree\/multi-split\/"},{"@type":"ListItem","position":5,"name":"Zestaw system U-MATCH GREE Kana\u0142owy GUD50PS","item":"https:\/\/www.fabrykachlodu.pl\/sklep\/produkt\/zestaw-system-u-match-gree-kanalowy-gud50ps\/"},{"@type":"ListItem","position":6,"name":"Jednostka GREE Wew. GUD50PS\/A-T"}]},{"@type":"WebSite","@id":"https:\/\/www.fabrykachlodu.pl\/sklep\/#website","url":"https:\/\/www.fabrykachlodu.pl\/sklep\/","name":"\u00b0FC Sklep Internetowy monta\u017c klimatyzacji pomp ciep\u0142a","description":"\u00b0FC monta\u017c klimatyzacji pomp ciep\u0142a z nami to szybki i tani wyb\u00f3r.  Us\u0142ugi monta\u017cowe i serwisowe W Warszawie i okolicach..","potentialAction":[{"@type":"SearchAction","target":{"@type":"EntryPoint","urlTemplate":"https:\/\/www.fabrykachlodu.pl\/sklep\/?s={search_term_string}"},"query-input":"required name=search_term_string"}],"inLanguage":"pl-PL"}]}},"_links":{"self":[{"href":"https:\/\/www.fabrykachlodu.pl\/sklep\/wp-json\/wp\/v2\/product\/40519"}],"collection":[{"href":"https:\/\/www.fabrykachlodu.pl\/sklep\/wp-json\/wp\/v2\/product"}],"about":[{"href":"https:\/\/www.fabrykachlodu.pl\/sklep\/wp-json\/wp\/v2\/types\/product"}],"wp:featuredmedia":[{"embeddable":true,"href":"https:\/\/www.fabrykachlodu.pl\/sklep\/wp-json\/wp\/v2\/media\/41004"}],"wp:attachment":[{"href":"https:\/\/www.fabrykachlodu.pl\/sklep\/wp-json\/wp\/v2\/media?parent=40519"}],"wp:term":[{"taxonomy":"product_cat","embeddable":true,"href":"https:\/\/www.fabrykachlodu.pl\/sklep\/wp-json\/wp\/v2\/product_cat?post=40519"},{"taxonomy":"product_tag","embeddable":true,"href":"https:\/\/www.fabrykachlodu.pl\/sklep\/wp-json\/wp\/v2\/product_tag?post=40519"}],"curies":[{"name":"wp","href":"https:\/\/api.w.org\/{rel}","templated":true}]}}