{"id":41102,"date":"2019-08-16T18:57:29","date_gmt":"2019-08-16T16:57:29","guid":{"rendered":"http:\/\/www.fabrykachlodu.pl\/sklep\/produkt\/import-placeholder-for-xk117\/"},"modified":"2022-06-07T15:19:27","modified_gmt":"2022-06-07T13:19:27","slug":"sterownik-przewodowy-xk117","status":"publish","type":"product","link":"https:\/\/www.fabrykachlodu.pl\/sklep\/produkt\/sterownik-przewodowy-xk117\/","title":{"rendered":"Sterownik GREE przewodowy XK117 do Kasetonowe UM, Przypod\u0142ogowo-sufitowe UM, Kana\u0142owe UM"},"content":{"rendered":"<h1>Je\u015bli szukasz klimatyzacji przypod\u0142ogowo-sufitowej do biura, hotelu, sklepu czy restauracji, to czytaj dalej<\/h1>\n<p><strong>W jednym miejscu poznasz:<\/strong><br \/>\nInformacje odno\u015bnie klimatyzacji przypod\u0142ogowo-sufitowej GREE<br \/>\nPoznasz najwa\u017cniejsze funkcje<br \/>\nPor\u00f3wnasz produkty: kasetonowa, kana\u0142owa, przypod\u0142ogowa-sufitowa<br \/>\nPoznasz parametry techniczne<br \/>\nPoznasz cen\u0119 i zrealizujesz zam\u00f3wienie<\/p>\n<p><strong>Zamawiaj\u0105c produkt u nas:<\/strong><br \/>\nOtrzymasz produkt<br \/>\nJednostk\u0119 wewn\u0119trzn\u0105<br \/>\nJednostk\u0119 zewn\u0119trzna<br \/>\nSterowanie<\/p>\n<p><strong>Zlecaj\u0105c nam monta\u017c w Warszawie i woj. mazowieckim otrzymasz:<\/strong><br \/>\nRabat na produkt<br \/>\nKompletne pod\u0142\u0105czenie elektryczne oraz hydrauliczne<br \/>\nGwarancje<br \/>\nSerwis.<\/p>\n<p>Sterownik przewodowy GREE XK117 oferuje podstawowe funkcje takie jak w\u0142\u0105cz\/wy\u0142\u0105cz wraz z timerem, ustawianie pr\u0119dko\u015bci wentylatora,<br \/>\nustawianie temperatury, ale r\u00f3wnie\u017c wy\u015bwietlanie temp. otoczenia, czy funkcj\u0119 oszcz\u0119dzania energii. W instalacjach kana\u0142owych, kasetonowych ale r\u00f3wnie\u017c na\u015bciennych<br \/>\nXK117 zagwarantuje bezpiecze\u0144stwo dzi\u0119ki blokadzie klawiatury, a tryb pracy nocnej b\u0119dzie widoczny na czarnym tle wy\u015bwietlacza.<br \/>\nFunkcja monitorowania pozwoli na oszcz\u0119dno\u015b\u0107 energii poprzez nastawienie w funkcji pami\u0119ci np.szybkie ch\u0142odzenie\/grzanie. Eleganckie wyko\u0144czenie<br \/>\nstanowi panel dotykowy.<\/p>\n<p>PARAMETRY TECHNICZNE<\/p>\n<div class=\"su-tabs su-tabs-style-default su-tabs-mobile-stack\" data-active=\"1\" data-scroll-offset=\"0\" data-anchor-in-url=\"no\"><div class=\"su-tabs-nav\"><span class=\"\" data-url=\"\" data-target=\"blank\" tabindex=\"0\" role=\"button\">Przegl\u0105d funkcji sterownika CE50-24E<\/span><span class=\"\" data-url=\"\" data-target=\"blank\" tabindex=\"0\" role=\"button\">Przegl\u0105d funkcji Klimatyzacji sterownik\u00f3w GREE<\/span><\/div><div class=\"su-tabs-panes\"><div class=\"su-tabs-pane su-u-clearfix su-u-trim\" data-title=\"Przegl\u0105d funkcji sterownika CE50-24E\">\n<div class=\"su-document su-u-responsive-media-yes\"><iframe src=\"\/\/docs.google.com\/viewer?embedded=true&url=https:\/\/www.fabrykachlodu.pl\/sklep\/wp-content\/uploads\/2019\/08\/porownanie.modeli.Sterownik-Smart_CE50-24_E.pdf\" width=\"600\" height=\"400\" class=\"su-document\" title=\"\"><\/iframe><\/div>\n<\/div>\n<div class=\"su-tabs-pane su-u-clearfix su-u-trim\" data-title=\"Przegl\u0105d funkcji Klimatyzacji sterownik\u00f3w GREE\">\n<div class=\"su-document su-u-responsive-media-yes\"><iframe src=\"\/\/docs.google.com\/viewer?embedded=true&url=https:\/\/www.fabrykachlodu.pl\/sklep\/wp-content\/uploads\/2019\/08\/sterownik.klawiature.CE50-24_E.pdf\" width=\"600\" height=\"400\" class=\"su-document\" title=\"\"><\/iframe><\/div>\n<\/div><\/div><\/div>\n<p>Dokumenty si\u0119 nie wy\u015bwietlaj\u0105? <input type=\"button\" value=\"Od\u015bwie\u017c stron\u0119\" onclick=\"location.reload();\"><\/p>\n","protected":false},"excerpt":{"rendered":"<p><span style=\"color: #000000;\"><strong>Najwa\u017cniejsze zalety:<\/strong><\/span>[dt_list style=\"1\" bullet_position=\"middle\" dividers=\"true\"][dt_list_item image=\"\"]Oszcz\u0119dzanie energii[\/dt_list_item][dt_list_item image=\"\"]Pod\u0142\u0105czenie sterowania centralnego[\/dt_list_item][dt_list_item image=\"\"]24 godzinny timer[\/dt_list_item][dt_list_item image=\"\"]Sprawdzanie temperatury otoczenia[\/dt_list_item][\/dt_list]<\/p>\n","protected":false},"featured_media":41098,"template":"","meta":[],"product_cat":[154,183,189],"product_tag":[5785,5780,5799],"yoast_head":"<!-- This site is optimized with the Yoast SEO plugin v22.1 - https:\/\/yoast.com\/wordpress\/plugins\/seo\/ -->\n<title>Sterownik GREE przewodowy XK117 do Kasetonowe UM, Przypod\u0142ogowo-sufitowe UM, Kana\u0142owe UM<\/title>\n<meta name=\"description\" content=\"Sterownik GREE przewodowy XK117 do Kasetonowe UM, Przypod\u0142ogowo-sufitowe UM, Kana\u0142owe UM\" \/>\n<meta name=\"robots\" content=\"index, follow, max-snippet:-1, max-image-preview:large, max-video-preview:-1\" \/>\n<link rel=\"canonical\" href=\"https:\/\/www.fabrykachlodu.pl\/sklep\/produkt\/sterownik-przewodowy-xk117\/\" \/>\n<meta name=\"twitter:label1\" content=\"Szacowany czas czytania\" \/>\n\t<meta name=\"twitter:data1\" content=\"1 minuta\" \/>\n<script type=\"application\/ld+json\" class=\"yoast-schema-graph\">{\"@context\":\"https:\/\/schema.org\",\"@graph\":[{\"@type\":\"WebPage\",\"@id\":\"https:\/\/www.fabrykachlodu.pl\/sklep\/produkt\/sterownik-przewodowy-xk117\/\",\"url\":\"https:\/\/www.fabrykachlodu.pl\/sklep\/produkt\/sterownik-przewodowy-xk117\/\",\"name\":\"Sterownik GREE przewodowy XK117 do Kasetonowe UM, Przypod\u0142ogowo-sufitowe UM, Kana\u0142owe UM\",\"isPartOf\":{\"@id\":\"https:\/\/www.fabrykachlodu.pl\/sklep\/#website\"},\"datePublished\":\"2019-08-16T16:57:29+00:00\",\"dateModified\":\"2022-06-07T13:19:27+00:00\",\"description\":\"Sterownik GREE przewodowy XK117 do Kasetonowe UM, Przypod\u0142ogowo-sufitowe UM, Kana\u0142owe UM\",\"breadcrumb\":{\"@id\":\"https:\/\/www.fabrykachlodu.pl\/sklep\/produkt\/sterownik-przewodowy-xk117\/#breadcrumb\"},\"inLanguage\":\"pl-PL\",\"potentialAction\":[{\"@type\":\"ReadAction\",\"target\":[\"https:\/\/www.fabrykachlodu.pl\/sklep\/produkt\/sterownik-przewodowy-xk117\/\"]}]},{\"@type\":\"BreadcrumbList\",\"@id\":\"https:\/\/www.fabrykachlodu.pl\/sklep\/produkt\/sterownik-przewodowy-xk117\/#breadcrumb\",\"itemListElement\":[{\"@type\":\"ListItem\",\"position\":1,\"name\":\"Strona g\u0142\u00f3wna\",\"item\":\"https:\/\/www.fabrykachlodu.pl\/sklep\/\"},{\"@type\":\"ListItem\",\"position\":2,\"name\":\"Szukasz klimatzyacji biurowej sklepowej lub do mieszkania?\",\"item\":\"https:\/\/www.fabrykachlodu.pl\/sklep\/\"},{\"@type\":\"ListItem\",\"position\":3,\"name\":\"GREE\",\"item\":\"https:\/\/www.fabrykachlodu.pl\/sklep\/product-category\/gree\/\"},{\"@type\":\"ListItem\",\"position\":4,\"name\":\"Akcesoria\",\"item\":\"https:\/\/www.fabrykachlodu.pl\/sklep\/product-category\/gree\/akcesoria\/\"},{\"@type\":\"ListItem\",\"position\":5,\"name\":\"Sterownik GREE przewodowy XK117 do Kasetonowe UM, Przypod\u0142ogowo-sufitowe UM, Kana\u0142owe UM\"}]},{\"@type\":\"WebSite\",\"@id\":\"https:\/\/www.fabrykachlodu.pl\/sklep\/#website\",\"url\":\"https:\/\/www.fabrykachlodu.pl\/sklep\/\",\"name\":\"\u00b0FC Sklep Internetowy monta\u017c klimatyzacji pomp ciep\u0142a\",\"description\":\"\u00b0FC monta\u017c klimatyzacji pomp ciep\u0142a z nami to szybki i tani wyb\u00f3r.  Us\u0142ugi monta\u017cowe i serwisowe W Warszawie i okolicach..\",\"potentialAction\":[{\"@type\":\"SearchAction\",\"target\":{\"@type\":\"EntryPoint\",\"urlTemplate\":\"https:\/\/www.fabrykachlodu.pl\/sklep\/?s={search_term_string}\"},\"query-input\":\"required name=search_term_string\"}],\"inLanguage\":\"pl-PL\"}]}<\/script>\n<!-- \/ Yoast SEO plugin. -->","yoast_head_json":{"title":"Sterownik GREE przewodowy XK117 do Kasetonowe UM, Przypod\u0142ogowo-sufitowe UM, Kana\u0142owe UM","description":"Sterownik GREE przewodowy XK117 do Kasetonowe UM, Przypod\u0142ogowo-sufitowe UM, Kana\u0142owe UM","robots":{"index":"index","follow":"follow","max-snippet":"max-snippet:-1","max-image-preview":"max-image-preview:large","max-video-preview":"max-video-preview:-1"},"canonical":"https:\/\/www.fabrykachlodu.pl\/sklep\/produkt\/sterownik-przewodowy-xk117\/","twitter_misc":{"Szacowany czas czytania":"1 minuta"},"schema":{"@context":"https:\/\/schema.org","@graph":[{"@type":"WebPage","@id":"https:\/\/www.fabrykachlodu.pl\/sklep\/produkt\/sterownik-przewodowy-xk117\/","url":"https:\/\/www.fabrykachlodu.pl\/sklep\/produkt\/sterownik-przewodowy-xk117\/","name":"Sterownik GREE przewodowy XK117 do Kasetonowe UM, Przypod\u0142ogowo-sufitowe UM, Kana\u0142owe UM","isPartOf":{"@id":"https:\/\/www.fabrykachlodu.pl\/sklep\/#website"},"datePublished":"2019-08-16T16:57:29+00:00","dateModified":"2022-06-07T13:19:27+00:00","description":"Sterownik GREE przewodowy XK117 do Kasetonowe UM, Przypod\u0142ogowo-sufitowe UM, Kana\u0142owe UM","breadcrumb":{"@id":"https:\/\/www.fabrykachlodu.pl\/sklep\/produkt\/sterownik-przewodowy-xk117\/#breadcrumb"},"inLanguage":"pl-PL","potentialAction":[{"@type":"ReadAction","target":["https:\/\/www.fabrykachlodu.pl\/sklep\/produkt\/sterownik-przewodowy-xk117\/"]}]},{"@type":"BreadcrumbList","@id":"https:\/\/www.fabrykachlodu.pl\/sklep\/produkt\/sterownik-przewodowy-xk117\/#breadcrumb","itemListElement":[{"@type":"ListItem","position":1,"name":"Strona g\u0142\u00f3wna","item":"https:\/\/www.fabrykachlodu.pl\/sklep\/"},{"@type":"ListItem","position":2,"name":"Szukasz klimatzyacji biurowej sklepowej lub do mieszkania?","item":"https:\/\/www.fabrykachlodu.pl\/sklep\/"},{"@type":"ListItem","position":3,"name":"GREE","item":"https:\/\/www.fabrykachlodu.pl\/sklep\/product-category\/gree\/"},{"@type":"ListItem","position":4,"name":"Akcesoria","item":"https:\/\/www.fabrykachlodu.pl\/sklep\/product-category\/gree\/akcesoria\/"},{"@type":"ListItem","position":5,"name":"Sterownik GREE przewodowy XK117 do Kasetonowe UM, Przypod\u0142ogowo-sufitowe UM, Kana\u0142owe UM"}]},{"@type":"WebSite","@id":"https:\/\/www.fabrykachlodu.pl\/sklep\/#website","url":"https:\/\/www.fabrykachlodu.pl\/sklep\/","name":"\u00b0FC Sklep Internetowy monta\u017c klimatyzacji pomp ciep\u0142a","description":"\u00b0FC monta\u017c klimatyzacji pomp ciep\u0142a z nami to szybki i tani wyb\u00f3r.  Us\u0142ugi monta\u017cowe i serwisowe W Warszawie i okolicach..","potentialAction":[{"@type":"SearchAction","target":{"@type":"EntryPoint","urlTemplate":"https:\/\/www.fabrykachlodu.pl\/sklep\/?s={search_term_string}"},"query-input":"required name=search_term_string"}],"inLanguage":"pl-PL"}]}},"_links":{"self":[{"href":"https:\/\/www.fabrykachlodu.pl\/sklep\/wp-json\/wp\/v2\/product\/41102"}],"collection":[{"href":"https:\/\/www.fabrykachlodu.pl\/sklep\/wp-json\/wp\/v2\/product"}],"about":[{"href":"https:\/\/www.fabrykachlodu.pl\/sklep\/wp-json\/wp\/v2\/types\/product"}],"wp:featuredmedia":[{"embeddable":true,"href":"https:\/\/www.fabrykachlodu.pl\/sklep\/wp-json\/wp\/v2\/media\/41098"}],"wp:attachment":[{"href":"https:\/\/www.fabrykachlodu.pl\/sklep\/wp-json\/wp\/v2\/media?parent=41102"}],"wp:term":[{"taxonomy":"product_cat","embeddable":true,"href":"https:\/\/www.fabrykachlodu.pl\/sklep\/wp-json\/wp\/v2\/product_cat?post=41102"},{"taxonomy":"product_tag","embeddable":true,"href":"https:\/\/www.fabrykachlodu.pl\/sklep\/wp-json\/wp\/v2\/product_tag?post=41102"}],"curies":[{"name":"wp","href":"https:\/\/api.w.org\/{rel}","templated":true}]}}