{"id":41108,"date":"2019-08-16T18:57:40","date_gmt":"2019-08-16T16:57:40","guid":{"rendered":"http:\/\/www.fabrykachlodu.pl\/sklep\/produkt\/import-placeholder-for-ce50-24-e\/"},"modified":"2023-01-21T08:16:05","modified_gmt":"2023-01-21T07:16:05","slug":"sterownik-przewodowy-centralny-ce50-24-e","status":"publish","type":"product","link":"https:\/\/www.fabrykachlodu.pl\/sklep\/produkt\/sterownik-przewodowy-centralny-ce50-24-e\/","title":{"rendered":"Setrownik przewodowy GREE centralny CE50-24\/E do Lomo Luxury, Lomo Eco*, Amber Prestige, Amber Standard, Konsola, Kasetonowe UM, Przypod\u0142ogowo-sufitowe UM, Kana\u0142owe UM, Kasetonowe FM, Przypod\u0142ogowo-sufitowe FM, Kana\u0142owe FM, Lomo Luxury FM, Konsola FM,  Amber Standard FM"},"content":{"rendered":"<h1>Je\u015bli szukasz klimatyzacji przypod\u0142ogowo-sufitowej do biura, hotelu, sklepu czy restauracji, to czytaj dalej<\/h1>\n<p><strong>W jednym miejscu poznasz:<\/strong><br \/>\nInformacje odno\u015bnie klimatyzacji przypod\u0142ogowo-sufitowej GREE<br \/>\nPoznasz najwa\u017cniejsze funkcje<br \/>\nPor\u00f3wnasz produkty: kasetonowa, kana\u0142owa, przypod\u0142ogowa-sufitowa<br \/>\nPoznasz parametry techniczne<br \/>\nPoznasz cen\u0119 i zrealizujesz zam\u00f3wienie<\/p>\n<p><strong>Zamawiaj\u0105c produkt u nas:<\/strong><br \/>\nOtrzymasz produkt<br \/>\nJednostk\u0119 wewn\u0119trzn\u0105<br \/>\nJednostk\u0119 zewn\u0119trzna<br \/>\nSterowanie<\/p>\n<p><strong>Zlecaj\u0105c nam monta\u017c w Warszawie i woj. mazowieckim otrzymasz:<\/strong><br \/>\nRabat na produkt<br \/>\nKompletne pod\u0142\u0105czenie elektryczne oraz hydrauliczne<br \/>\nGwarancje<br \/>\nSerwis.<\/p>\n<p>GREE CE50-24\/E to inteligentny kontroler stref. <\/p>\n<p>Jest rodzajem kontrolera regionalnego, kt\u00f3ry jest przeznaczony dla wolnych jednostek typu: kana\u0142owe, kasetonowe pod\u0142ogowo-sufitowe, zdolny do kontrolowania jednostek zewn\u0119trznych i 16 wewn\u0119trznych. CE50-24\/E jest on dost\u0119pny do przegl\u0105dania i kontrolowania parametr\u00f3w pracy urz\u0105dze\u0144 wewn\u0119trznych, w tym w\u0142\u0105cz\/wy\u0142\u0105cz, tryb pracy, pr\u0119dko\u015b\u0107 wentylatora itp., a tak\u017ce wykona\u0107 pojedyncze sterowanie i scentralizowan\u0105 kontrol\u0119. Mo\u017cna ustawi\u0107 zegar tygodniowy i d\u0142ugodystansowy, aby zrealizowa\u0107 wygodn\u0105 kontrol\u0119 do systemu klimatyzacji. <\/p>\n<p>CE50-24\/E jest polecany w wi\u0119kszych pomieszczeniach typu biura, salony, restauracje ale r\u00f3wnie\u017c apartamenty, oraz domy. Scentralizowana kontrola jest ona przeznaczona do kontrolowania parametr\u00f3w pracy wszystkich jednostek wewn\u0119trznych w tym samym czasie.<\/p>\n<p>Gdy wyst\u0105pi jaki\u015b b\u0142\u0105d, zostanie wy\u015bwietlony symbol b\u0142\u0119du i kod b\u0142\u0119du, aby ostrzec szybk\u0105 konserwacj\u0119. Ten inteligentny kontroler stref mo\u017ce by\u0107 pod\u0142\u0105czony do urz\u0105dzenia przez lini\u0119 komunikacyjn\u0105 bez konieczno\u015bci u\u017cycia modu\u0142u komunikacyjnego, co mo\u017ce bardzo u\u0142atwi\u0107 i upro\u015bci\u0107 instalacj\u0119.<\/p>\n<p>PARAMETRY TECHNICZNE<\/p>\n<div class=\"su-tabs su-tabs-style-default su-tabs-mobile-stack\" data-active=\"1\" data-scroll-offset=\"0\" data-anchor-in-url=\"no\"><div class=\"su-tabs-nav\"><span class=\"\" data-url=\"\" data-target=\"blank\" tabindex=\"0\" role=\"button\">Przegl\u0105d funkcji sterownika CE50-24\/E<\/span><span class=\"\" data-url=\"\" data-target=\"blank\" tabindex=\"0\" role=\"button\">Przegl\u0105d funkcji sterownik\u00f3w GREE<\/span><span class=\"\" data-url=\"\" data-target=\"blank\" tabindex=\"0\" role=\"button\">Przegl\u0105d funkcji sterownik\u00f3w GREE<\/span><\/div><div class=\"su-tabs-panes\"><div class=\"su-tabs-pane su-u-clearfix su-u-trim\" data-title=\"Przegl\u0105d funkcji sterownika CE50-24\/E\">\n<div class=\"su-document su-u-responsive-media-yes\"><iframe src=\"\/\/docs.google.com\/viewer?embedded=true&url=https:\/\/www.fabrykachlodu.pl\/sklep\/wp-content\/uploads\/2019\/08\/porownanie.modeli.Sterownik-Smart_CE50-24_E.pdf\" width=\"600\" height=\"400\" class=\"su-document\" title=\"\"><\/iframe><\/div>\n<\/div>\n<div class=\"su-tabs-pane su-u-clearfix su-u-trim\" data-title=\"Przegl\u0105d funkcji sterownik\u00f3w GREE\">\n<div class=\"su-document su-u-responsive-media-yes\"><iframe src=\"\/\/docs.google.com\/viewer?embedded=true&url=https:\/\/www.fabrykachlodu.pl\/sklep\/wp-content\/uploads\/2019\/08\/sterownik.klawiature.CE50-24_E.pdf\" width=\"600\" height=\"400\" class=\"su-document\" title=\"\"><\/iframe><\/div>\n<\/div>\n<div class=\"su-tabs-pane su-u-clearfix su-u-trim\" data-title=\"Przegl\u0105d funkcji sterownik\u00f3w GREE\">\n<div class=\"su-document su-u-responsive-media-yes\"><iframe src=\"\/\/docs.google.com\/viewer?embedded=true&url=https:\/\/www.fabrykachlodu.pl\/sklep\/wp-content\/uploads\/2019\/08\/funkcje.gree_.CE50-24_E.pdf\" width=\"600\" height=\"400\" class=\"su-document\" title=\"\"><\/iframe><\/div>\n<\/div><\/div><\/div>\n<p>Dokumenty si\u0119 nie wy\u015bwietlaj\u0105? <input type=\"button\" value=\"Od\u015bwie\u017c stron\u0119\" onclick=\"location.reload();\"><\/p>\n","protected":false},"excerpt":{"rendered":"<p><span style=\"color: #000000;\"><strong>Najwa\u017cniejsze zalety:<\/strong><\/span>[dt_list style=\"1\" bullet_position=\"middle\" dividers=\"true\"][dt_list_item image=\"\"]Oszcz\u0119dzanie energii[\/dt_list_item][dt_list_item image=\"\"]Pod\u0142\u0105czenie sterowania centralnego[\/dt_list_item][dt_list_item image=\"\"]24 godzinny timer[\/dt_list_item][dt_list_item image=\"\"]Sprawdzanie temperatury otoczenia[\/dt_list_item][\/dt_list]<\/p>\n","protected":false},"featured_media":41096,"template":"","meta":[],"product_cat":[154,183,189],"product_tag":[5791,5792,5768,5795,5785,5794,5784,5793,5778,5802,5773,5776,5780,5801],"yoast_head":"<!-- This site is optimized with the Yoast SEO plugin v22.1 - https:\/\/yoast.com\/wordpress\/plugins\/seo\/ -->\n<title>Setrownik przewodowy GREE centralny CE50-24\/E do Lomo Luxury, Lomo Eco*, Amber Prestige, Amber Standard, Konsola, Kasetonowe UM, Przypod\u0142ogowo-sufitowe UM, Kana\u0142owe UM, Kasetonowe FM, Przypod\u0142ogowo-sufitowe FM, Kana\u0142owe FM, Lomo Luxury FM, Konsola FM, Amber Standard FM<\/title>\n<meta name=\"description\" content=\"Setrownik przewodowy GREE centralny CE50-24\/E do Lomo Luxury, Lomo Eco*, Amber Prestige, Amber Standard, Konsola, Kasetonowe UM, Przypod\u0142ogowo-sufitowe UM, Kana\u0142owe UM, Kasetonowe FM, Przypod\u0142ogowo-sufitowe FM, Kana\u0142owe FM, Lomo Luxury FM, Konsola FM, Amber Standard FM\" \/>\n<meta name=\"robots\" content=\"index, follow, max-snippet:-1, max-image-preview:large, max-video-preview:-1\" \/>\n<link rel=\"canonical\" href=\"https:\/\/www.fabrykachlodu.pl\/sklep\/produkt\/sterownik-przewodowy-centralny-ce50-24-e\/\" \/>\n<meta name=\"twitter:label1\" content=\"Szacowany czas czytania\" \/>\n\t<meta name=\"twitter:data1\" content=\"2 minuty\" \/>\n<script type=\"application\/ld+json\" class=\"yoast-schema-graph\">{\"@context\":\"https:\/\/schema.org\",\"@graph\":[{\"@type\":\"WebPage\",\"@id\":\"https:\/\/www.fabrykachlodu.pl\/sklep\/produkt\/sterownik-przewodowy-centralny-ce50-24-e\/\",\"url\":\"https:\/\/www.fabrykachlodu.pl\/sklep\/produkt\/sterownik-przewodowy-centralny-ce50-24-e\/\",\"name\":\"Setrownik przewodowy GREE centralny CE50-24\/E do Lomo Luxury, Lomo Eco*, Amber Prestige, Amber Standard, Konsola, Kasetonowe UM, Przypod\u0142ogowo-sufitowe UM, Kana\u0142owe UM, Kasetonowe FM, Przypod\u0142ogowo-sufitowe FM, Kana\u0142owe FM, Lomo Luxury FM, Konsola FM, Amber Standard FM\",\"isPartOf\":{\"@id\":\"https:\/\/www.fabrykachlodu.pl\/sklep\/#website\"},\"datePublished\":\"2019-08-16T16:57:40+00:00\",\"dateModified\":\"2023-01-21T07:16:05+00:00\",\"description\":\"Setrownik przewodowy GREE centralny CE50-24\/E do Lomo Luxury, Lomo Eco*, Amber Prestige, Amber Standard, Konsola, Kasetonowe UM, Przypod\u0142ogowo-sufitowe UM, Kana\u0142owe UM, Kasetonowe FM, Przypod\u0142ogowo-sufitowe FM, Kana\u0142owe FM, Lomo Luxury FM, Konsola FM, Amber Standard FM\",\"breadcrumb\":{\"@id\":\"https:\/\/www.fabrykachlodu.pl\/sklep\/produkt\/sterownik-przewodowy-centralny-ce50-24-e\/#breadcrumb\"},\"inLanguage\":\"pl-PL\",\"potentialAction\":[{\"@type\":\"ReadAction\",\"target\":[\"https:\/\/www.fabrykachlodu.pl\/sklep\/produkt\/sterownik-przewodowy-centralny-ce50-24-e\/\"]}]},{\"@type\":\"BreadcrumbList\",\"@id\":\"https:\/\/www.fabrykachlodu.pl\/sklep\/produkt\/sterownik-przewodowy-centralny-ce50-24-e\/#breadcrumb\",\"itemListElement\":[{\"@type\":\"ListItem\",\"position\":1,\"name\":\"Strona g\u0142\u00f3wna\",\"item\":\"https:\/\/www.fabrykachlodu.pl\/sklep\/\"},{\"@type\":\"ListItem\",\"position\":2,\"name\":\"Szukasz klimatzyacji biurowej sklepowej lub do mieszkania?\",\"item\":\"https:\/\/www.fabrykachlodu.pl\/sklep\/\"},{\"@type\":\"ListItem\",\"position\":3,\"name\":\"GREE\",\"item\":\"https:\/\/www.fabrykachlodu.pl\/sklep\/product-category\/gree\/\"},{\"@type\":\"ListItem\",\"position\":4,\"name\":\"Akcesoria\",\"item\":\"https:\/\/www.fabrykachlodu.pl\/sklep\/product-category\/gree\/akcesoria\/\"},{\"@type\":\"ListItem\",\"position\":5,\"name\":\"Setrownik przewodowy GREE centralny CE50-24\/E do Lomo Luxury, Lomo Eco*, Amber Prestige, Amber Standard, Konsola, Kasetonowe UM, Przypod\u0142ogowo-sufitowe UM, Kana\u0142owe UM, Kasetonowe FM, Przypod\u0142ogowo-sufitowe FM, Kana\u0142owe FM, Lomo Luxury FM, Konsola FM, Amber Standard FM\"}]},{\"@type\":\"WebSite\",\"@id\":\"https:\/\/www.fabrykachlodu.pl\/sklep\/#website\",\"url\":\"https:\/\/www.fabrykachlodu.pl\/sklep\/\",\"name\":\"\u00b0FC Sklep Internetowy monta\u017c klimatyzacji pomp ciep\u0142a\",\"description\":\"\u00b0FC monta\u017c klimatyzacji pomp ciep\u0142a z nami to szybki i tani wyb\u00f3r.  Us\u0142ugi monta\u017cowe i serwisowe W Warszawie i okolicach..\",\"potentialAction\":[{\"@type\":\"SearchAction\",\"target\":{\"@type\":\"EntryPoint\",\"urlTemplate\":\"https:\/\/www.fabrykachlodu.pl\/sklep\/?s={search_term_string}\"},\"query-input\":\"required name=search_term_string\"}],\"inLanguage\":\"pl-PL\"}]}<\/script>\n<!-- \/ Yoast SEO plugin. -->","yoast_head_json":{"title":"Setrownik przewodowy GREE centralny CE50-24\/E do Lomo Luxury, Lomo Eco*, Amber Prestige, Amber Standard, Konsola, Kasetonowe UM, Przypod\u0142ogowo-sufitowe UM, Kana\u0142owe UM, Kasetonowe FM, Przypod\u0142ogowo-sufitowe FM, Kana\u0142owe FM, Lomo Luxury FM, Konsola FM, Amber Standard FM","description":"Setrownik przewodowy GREE centralny CE50-24\/E do Lomo Luxury, Lomo Eco*, Amber Prestige, Amber Standard, Konsola, Kasetonowe UM, Przypod\u0142ogowo-sufitowe UM, Kana\u0142owe UM, Kasetonowe FM, Przypod\u0142ogowo-sufitowe FM, Kana\u0142owe FM, Lomo Luxury FM, Konsola FM, Amber Standard FM","robots":{"index":"index","follow":"follow","max-snippet":"max-snippet:-1","max-image-preview":"max-image-preview:large","max-video-preview":"max-video-preview:-1"},"canonical":"https:\/\/www.fabrykachlodu.pl\/sklep\/produkt\/sterownik-przewodowy-centralny-ce50-24-e\/","twitter_misc":{"Szacowany czas czytania":"2 minuty"},"schema":{"@context":"https:\/\/schema.org","@graph":[{"@type":"WebPage","@id":"https:\/\/www.fabrykachlodu.pl\/sklep\/produkt\/sterownik-przewodowy-centralny-ce50-24-e\/","url":"https:\/\/www.fabrykachlodu.pl\/sklep\/produkt\/sterownik-przewodowy-centralny-ce50-24-e\/","name":"Setrownik przewodowy GREE centralny CE50-24\/E do Lomo Luxury, Lomo Eco*, Amber Prestige, Amber Standard, Konsola, Kasetonowe UM, Przypod\u0142ogowo-sufitowe UM, Kana\u0142owe UM, Kasetonowe FM, Przypod\u0142ogowo-sufitowe FM, Kana\u0142owe FM, Lomo Luxury FM, Konsola FM, Amber Standard FM","isPartOf":{"@id":"https:\/\/www.fabrykachlodu.pl\/sklep\/#website"},"datePublished":"2019-08-16T16:57:40+00:00","dateModified":"2023-01-21T07:16:05+00:00","description":"Setrownik przewodowy GREE centralny CE50-24\/E do Lomo Luxury, Lomo Eco*, Amber Prestige, Amber Standard, Konsola, Kasetonowe UM, Przypod\u0142ogowo-sufitowe UM, Kana\u0142owe UM, Kasetonowe FM, Przypod\u0142ogowo-sufitowe FM, Kana\u0142owe FM, Lomo Luxury FM, Konsola FM, Amber Standard FM","breadcrumb":{"@id":"https:\/\/www.fabrykachlodu.pl\/sklep\/produkt\/sterownik-przewodowy-centralny-ce50-24-e\/#breadcrumb"},"inLanguage":"pl-PL","potentialAction":[{"@type":"ReadAction","target":["https:\/\/www.fabrykachlodu.pl\/sklep\/produkt\/sterownik-przewodowy-centralny-ce50-24-e\/"]}]},{"@type":"BreadcrumbList","@id":"https:\/\/www.fabrykachlodu.pl\/sklep\/produkt\/sterownik-przewodowy-centralny-ce50-24-e\/#breadcrumb","itemListElement":[{"@type":"ListItem","position":1,"name":"Strona g\u0142\u00f3wna","item":"https:\/\/www.fabrykachlodu.pl\/sklep\/"},{"@type":"ListItem","position":2,"name":"Szukasz klimatzyacji biurowej sklepowej lub do mieszkania?","item":"https:\/\/www.fabrykachlodu.pl\/sklep\/"},{"@type":"ListItem","position":3,"name":"GREE","item":"https:\/\/www.fabrykachlodu.pl\/sklep\/product-category\/gree\/"},{"@type":"ListItem","position":4,"name":"Akcesoria","item":"https:\/\/www.fabrykachlodu.pl\/sklep\/product-category\/gree\/akcesoria\/"},{"@type":"ListItem","position":5,"name":"Setrownik przewodowy GREE centralny CE50-24\/E do Lomo Luxury, Lomo Eco*, Amber Prestige, Amber Standard, Konsola, Kasetonowe UM, Przypod\u0142ogowo-sufitowe UM, Kana\u0142owe UM, Kasetonowe FM, Przypod\u0142ogowo-sufitowe FM, Kana\u0142owe FM, Lomo Luxury FM, Konsola FM, Amber Standard FM"}]},{"@type":"WebSite","@id":"https:\/\/www.fabrykachlodu.pl\/sklep\/#website","url":"https:\/\/www.fabrykachlodu.pl\/sklep\/","name":"\u00b0FC Sklep Internetowy monta\u017c klimatyzacji pomp ciep\u0142a","description":"\u00b0FC monta\u017c klimatyzacji pomp ciep\u0142a z nami to szybki i tani wyb\u00f3r.  Us\u0142ugi monta\u017cowe i serwisowe W Warszawie i okolicach..","potentialAction":[{"@type":"SearchAction","target":{"@type":"EntryPoint","urlTemplate":"https:\/\/www.fabrykachlodu.pl\/sklep\/?s={search_term_string}"},"query-input":"required name=search_term_string"}],"inLanguage":"pl-PL"}]}},"_links":{"self":[{"href":"https:\/\/www.fabrykachlodu.pl\/sklep\/wp-json\/wp\/v2\/product\/41108"}],"collection":[{"href":"https:\/\/www.fabrykachlodu.pl\/sklep\/wp-json\/wp\/v2\/product"}],"about":[{"href":"https:\/\/www.fabrykachlodu.pl\/sklep\/wp-json\/wp\/v2\/types\/product"}],"wp:featuredmedia":[{"embeddable":true,"href":"https:\/\/www.fabrykachlodu.pl\/sklep\/wp-json\/wp\/v2\/media\/41096"}],"wp:attachment":[{"href":"https:\/\/www.fabrykachlodu.pl\/sklep\/wp-json\/wp\/v2\/media?parent=41108"}],"wp:term":[{"taxonomy":"product_cat","embeddable":true,"href":"https:\/\/www.fabrykachlodu.pl\/sklep\/wp-json\/wp\/v2\/product_cat?post=41108"},{"taxonomy":"product_tag","embeddable":true,"href":"https:\/\/www.fabrykachlodu.pl\/sklep\/wp-json\/wp\/v2\/product_tag?post=41108"}],"curies":[{"name":"wp","href":"https:\/\/api.w.org\/{rel}","templated":true}]}}