{"id":41617,"date":"2019-08-28T14:17:13","date_gmt":"2019-08-28T12:17:13","guid":{"rendered":"http:\/\/www.fabrykachlodu.pl\/sklep\/?post_type=product&#038;p=41617"},"modified":"2022-06-30T17:31:55","modified_gmt":"2022-06-30T15:31:55","slug":"multi-split-free-match-gree-jednostka-zew-gwhd21nk6lo-o-mocy-6-1-kw-3-jednostki-wewnetrzne-do-3-pomieszczen-6-pomieszczen-7-pomieszczen-50m2-55m2-60m2-65m2-70m2-wydajnosc-chlodzenia-kw-6-1-6","status":"publish","type":"product","link":"https:\/\/www.fabrykachlodu.pl\/sklep\/produkt\/multi-split-free-match-gree-jednostka-zew-gwhd21nk6lo-o-mocy-6-1-kw-3-jednostki-wewnetrzne-do-3-pomieszczen-6-pomieszczen-7-pomieszczen-50m2-55m2-60m2-65m2-70m2-wydajnosc-chlodzenia-kw-6-1-6\/","title":{"rendered":"MULTI SPLIT Free match GREE Jednostka zew. GWHD(21)NK6LO o mocy 6.1 kW, 3 jednostki wewn\u0119trzne do 3 pomieszcze\u0144 50m2, 55m2, 60m2, 65m2, 70m2"},"content":{"rendered":"<p>Zastanawiasz si\u0119 gdzie kupi\u0107 tani\u0105 klimatyzacj\u0119 MULTI SPLIT do biura salonu sklepu?<br \/>\nZam\u00f3wienie dotyczy MULTI SPLIT Free match GREE Jednostka zew. GWHD(21)NK6LO o mocy 6.1 kW, 3 jednostki wewn\u0119trzne do 3 pomieszcze\u0144.<br \/>\nJednostki wewn\u0119trzne nale\u017cy wybra\u0107 zgodnie z konfiguratorem dost\u0119pnym poni\u017cej w dziale PARAMETRY TECHNICZNE<\/p>\n<p><strong>W jednym miejscu poznasz:<\/strong><br \/>\nInformacje odno\u015bnie klimatyzacji MULTI SPLIT<br \/>\nPoznasz najwa\u017cniejsze funkcje<br \/>\nPor\u00f3wnasz produkty<br \/>\nPoznasz parametry techniczne<br \/>\nPoznasz cen\u0119 i zrealizujesz zam\u00f3wienie<\/p>\n<p><strong>Zamawiaj\u0105c produkt u nas:<\/strong><br \/>\nOtrzymasz produkt<br \/>\nJednostk\u0119 wewn\u0119trzna<br \/>\nJednostk\u0119 zewn\u0119trzna<br \/>\nSterowanie<\/p>\n<p><strong>Zlecaj\u0105c nam monta\u017c w Warszawie i woj. mazowieckim otrzymasz:<\/strong><br \/>\nRabat na produkt<br \/>\nKompletne pod\u0142\u0105czenie elektryczne oraz hydrauliczne<br \/>\nGwarancje<br \/>\nSerwis.<\/p>\n<h2><strong>Zapraszamy do por\u00f3wnania zalet i wad klimatyzacji MULTI SPLIT<\/strong><\/h2>\n<p><strong>Jakie s\u0105 zalety systemu MULTI SPLIT?<\/strong><br \/>\n&#8211; Zwi\u0119ksza estetyk\u0119 poniewa\u017c jest tylko jedna jednostka zewn\u0119trzna<br \/>\n&#8211; Jednostki wewn\u0119trzne mog\u0105 by\u0107 dopasowane do ka\u017cdego pomieszczenia<br \/>\n&#8211; Jednostki wewn\u0119trzne mog\u0105 by\u0107 dowolnie \u0142\u0105czone np. \u015bcienna, kasetonowa, kana\u0142owa, przypod\u0142ogowa<br \/>\n&#8211; Jednostki wewn\u0119trzne mog\u0105 by\u0107 sterowanie centralnie lub niezale\u017cnie<br \/>\n&#8211; Podzia\u0142 strefowy oraz centralne sterowanie temperatur\u0105<br \/>\n&#8211; Pe\u0142na automatyzacja i programowanie tygodniowe<br \/>\n&#8211; Wyb\u00f3r pomi\u0119dzy kana\u0142ami prostok\u0105tnymi a okr\u0105g\u0142ymi<br \/>\n&#8211; Wsp\u00f3\u0142praca z wentylacj\u0105 mechaniczn\u0105, rekuperacj\u0105 ogrzewaniem<br \/>\n&#8211; \u0141atwe dostosowanie rodzaju powietrza w zale\u017cno\u015bci od potrzeb powietrze ch\u0142odne, ciep\u0142e, nawil\u017cone, suche ponadto, mo\u017ce utrzymywa\u0107 r\u00f3\u017cne pomieszczenia w r\u00f3\u017cnych temperaturach<br \/>\n&#8211; Czyste i zdrowe powietrze dzi\u0119ki wymiennym filtrom<\/p>\n<p><strong>Jaki s\u0105 wady systemu MULTI SPLIT?<\/strong><br \/>\n&#8211; Jest dro\u017csze od klimatyzacji na\u015bciennej RAC<br \/>\n&#8211; Proces instalacji jest bardziej z\u0142o\u017cony, poniewa\u017c jednostki wewn\u0119trzne s\u0105 w ka\u017cdym pomieszczeniu<br \/>\n&#8211; Wymaga du\u017co wiercenia, czas instalacji wyd\u0142u\u017cony<br \/>\n&#8211; Du\u017ca zewn\u0119trzna jednostka skraplacza musi znale\u017a\u0107 idealne miejsce z dala od wej\u015bcia, okna s\u0105siad\u00f3w<br \/>\n&#8211; P\u0142ytka kontrolera musi by\u0107 dobrze zamocowana na \u015bcianie, co wymusza \u0142atanie i malowanie \u015bcian<br \/>\n&#8211; Nawiewniki powietrza musz\u0105 by\u0107 zamontowane na suficie, lub obudowane p\u0142yta gipsow\u0105 (odpowiednio do dobranych jednostek wewn\u0119trznych)<br \/>\n&#8211; G\u0142ownie w remontowanych lub nowo powstaj\u0105cych obiektach<\/p>\n<div class=\"su-note\"  style=\"border-color:#e5e5e5;border-radius:3px;-moz-border-radius:3px;-webkit-border-radius:3px;\"><div class=\"su-note-inner su-u-clearfix su-u-trim\" style=\"background-color:#ffffff;border-color:#ffffff;color:#afafaf;border-radius:3px;-moz-border-radius:3px;-webkit-border-radius:3px;\">Jakie s\u0105 konsekwencje stosowania gaz\u00f3w zubo\u017caj\u0105cych warstw\u0119 ozonow\u0105 np. freonowych? (ustawa F-gazowa)<\/p>\n<p>Rekomendujemy produkty dzia\u0142aj\u0105ce z czynnikiem ch\u0142odniczym R32. Do roku 2020 na rynku europejskim zabraknie gaz\u00f3w freonowych, przez co dalsze u\u017cytkowanie b\u0119dzie utrudnione oraz koszt gaz\u00f3w zamiennych stosunkowo wy\u017cszy.<br \/>\n<\/div><\/div>\n<p>Do poni\u017cszych jednostek zewn\u0119trznych nale\u017cy dobra\u0107 jednostki wewn\u0119trzne. Prosz\u0119 skorzysta\u0107 z dokumentu Konfiguracja MULTI SPLIT<br \/>\nMULTI SPLIT Free match GREE Jednostka zew. GWHD(14)NK6LO o mocy 4.1kW, 2 jednostki wewn\u0119trzne do 2 pomieszcze\u0144<br \/>\nMULTI SPLIT Free match GREE Jednostka zew. GWHD(18)NK6LO o mocy 5.1 kW, 2 jednostki wewn\u0119trzne do 2 pomieszcze\u0144<br \/>\nMULTI SPLIT Free match GREE Jednostka zew. GWHD(21)NK6LO o mocy 6.1 kW, 3 jednostki wewn\u0119trzne do 3 pomieszcze\u0144<br \/>\nMULTI SPLIT Free match GREE Jednostka zew. GWHD(24)NK6LO o mocy 7.1 kW do 3 jednostki wewn\u0119trzne do 3 pomieszcze\u0144<br \/>\nMULTI SPLIT Free match GREE Jednostka zew. GWHD(28)NK6LO o mocy 8 kW, 4 jednostki wewn\u0119trzne do 4 pomieszcze\u0144<br \/>\nMULTI SPLIT Free match GREE Jednostka zew. GWHD(36)NK6LO o mocy 10.5 kW, 4 jednostki wewn\u0119trzne do 4 pomieszcze\u0144<br \/>\nMULTI SPLIT Free match GREE Jednostka zew. GWHD(42)NK6LO o mocy 12 kW, 5 jednostek wewn\u0119trznych do 5 pomieszcze\u0144<\/p>\n<p>PARAMETRY TECHNICZNE<\/p>\n<div class=\"su-tabs su-tabs-style-default su-tabs-mobile-stack\" data-active=\"1\" data-scroll-offset=\"0\" data-anchor-in-url=\"no\"><div class=\"su-tabs-nav\"><span class=\"\" data-url=\"\" data-target=\"blank\" tabindex=\"0\" role=\"button\">System GREE MULTI SPLIT<\/span><span class=\"\" data-url=\"\" data-target=\"blank\" tabindex=\"0\" role=\"button\">FUNKCJE GREE MULTI SPLIT<\/span><span class=\"\" data-url=\"\" data-target=\"blank\" tabindex=\"0\" role=\"button\">Konfiguracja MULTI SPLIT<\/span><span class=\"\" data-url=\"\" data-target=\"blank\" tabindex=\"0\" role=\"button\">Dane techniczne GREE LOMO LUXURY<\/span><span class=\"\" data-url=\"\" data-target=\"blank\" tabindex=\"0\" role=\"button\">Dane techniczne GREE UCROWN<\/span><span class=\"\" data-url=\"\" data-target=\"blank\" tabindex=\"0\" role=\"button\">Dane techniczne GREE AMBERSTANDARD<\/span><span class=\"\" data-url=\"\" data-target=\"blank\" tabindex=\"0\" role=\"button\">Dane techniczne jednostki Kasetonowe<\/span><span class=\"\" data-url=\"\" data-target=\"blank\" tabindex=\"0\" role=\"button\">Dane techniczne jednostki Kasetonowe<\/span><span class=\"\" data-url=\"\" data-target=\"blank\" tabindex=\"0\" role=\"button\">Dane techniczne GREE Jednostki Zewn\u0119trzne MULTI SPLIT<\/span><\/div><div class=\"su-tabs-panes\"><div class=\"su-tabs-pane su-u-clearfix su-u-trim\" data-title=\"System GREE MULTI SPLIT\">\n<div class=\"su-document su-u-responsive-media-yes\"><iframe src=\"\/\/docs.google.com\/viewer?embedded=true&url=https:\/\/www.fabrykachlodu.pl\/sklep\/wp-content\/uploads\/2019\/10\/MUTLI.SPLIT_.GREE_.INTRO_.pdf\" width=\"600\" height=\"400\" class=\"su-document\" title=\"\"><\/iframe><\/div>\n<\/div>\n<div class=\"su-tabs-pane su-u-clearfix su-u-trim\" data-title=\"FUNKCJE GREE MULTI SPLIT\">\n<div class=\"su-document su-u-responsive-media-yes\"><iframe src=\"\/\/docs.google.com\/viewer?embedded=true&url=https:\/\/www.fabrykachlodu.pl\/sklep\/wp-content\/uploads\/2019\/10\/FUNKCJE_MODELI_GREE_MULTI_FREE_MATCH.GREE_.pdf\" width=\"600\" height=\"400\" class=\"su-document\" title=\"\"><\/iframe><\/div>\n<\/div>\n<div class=\"su-tabs-pane su-u-clearfix su-u-trim\" data-title=\"Konfiguracja MULTI SPLIT\">\n<div class=\"su-document su-u-responsive-media-yes\"><iframe src=\"\/\/docs.google.com\/viewer?embedded=true&url=https:\/\/www.fabrykachlodu.pl\/sklep\/wp-content\/uploads\/2019\/10\/KONFIGURACJE_FREE_MATCH.MULTISPLIT.GREE_.pdf\" width=\"600\" height=\"400\" class=\"su-document\" title=\"\"><\/iframe><\/div>\n<\/div>\n<div class=\"su-tabs-pane su-u-clearfix su-u-trim\" data-title=\"Dane techniczne GREE LOMO LUXURY\">\n<div class=\"su-document su-u-responsive-media-yes\"><iframe src=\"\/\/docs.google.com\/viewer?embedded=true&url=https:\/\/www.fabrykachlodu.pl\/sklep\/wp-content\/uploads\/2019\/10\/LOMO.Luxury.GREE_.MULTISPLIT.pdf\" width=\"600\" height=\"400\" class=\"su-document\" title=\"\"><\/iframe><\/div>\n<\/div>\n<div class=\"su-tabs-pane su-u-clearfix su-u-trim\" data-title=\"Dane techniczne GREE UCROWN\">\n<div class=\"su-document su-u-responsive-media-yes\"><iframe src=\"\/\/docs.google.com\/viewer?embedded=true&url=https:\/\/www.fabrykachlodu.pl\/sklep\/wp-content\/uploads\/2019\/10\/U-CROWN.GREE_.MULTISPLIT.pdf\" width=\"600\" height=\"400\" class=\"su-document\" title=\"\"><\/iframe><\/div>\n<\/div>\n<div class=\"su-tabs-pane su-u-clearfix su-u-trim\" data-title=\"Dane techniczne GREE AMBERSTANDARD\">\n<div class=\"su-document su-u-responsive-media-yes\"><iframe src=\"\/\/docs.google.com\/viewer?embedded=true&url=https:\/\/www.fabrykachlodu.pl\/sklep\/wp-content\/uploads\/2019\/10\/Amber.Gree_.Multisplit.pdf\" width=\"600\" height=\"400\" class=\"su-document\" title=\"\"><\/iframe><\/div>\n<\/div>\n<div class=\"su-tabs-pane su-u-clearfix su-u-trim\" data-title=\"Dane techniczne jednostki Kasetonowe\">\n<div class=\"su-document su-u-responsive-media-yes\"><iframe src=\"\/\/docs.google.com\/viewer?embedded=true&url=https:\/\/www.fabrykachlodu.pl\/sklep\/wp-content\/uploads\/2019\/10\/Kana\u0142owe.Przypod\u0142ogowo-sufitowe.GREE_.MULTISPLIT.pdf\" width=\"600\" height=\"400\" class=\"su-document\" title=\"\"><\/iframe><\/div>\n<\/div>\n<div class=\"su-tabs-pane su-u-clearfix su-u-trim\" data-title=\"Dane techniczne jednostki Kasetonowe\">\n<div class=\"su-document su-u-responsive-media-yes\"><iframe src=\"\/\/docs.google.com\/viewer?embedded=true&url=https:\/\/www.fabrykachlodu.pl\/sklep\/wp-content\/uploads\/2019\/10\/Konsole.KASETNOWE.GREE_.MULTISPLIT.pdf\" width=\"600\" height=\"400\" class=\"su-document\" title=\"\"><\/iframe><\/div>\n<\/div>\n<div class=\"su-tabs-pane su-u-clearfix su-u-trim\" data-title=\"Dane techniczne GREE Jednostki Zewn\u0119trzne MULTI SPLIT\">\n<div class=\"su-document su-u-responsive-media-yes\"><iframe src=\"\/\/docs.google.com\/viewer?embedded=true&url=https:\/\/www.fabrykachlodu.pl\/sklep\/wp-content\/uploads\/2019\/10\/Jednostki.zewn\u0119trzne.MULTISPLIT.GREE_.pdf\" width=\"600\" height=\"400\" class=\"su-document\" title=\"\"><\/iframe><\/div>\n<\/div><\/div><\/div>\n<p>Dokumenty si\u0119 nie wy\u015bwietlaj\u0105? <input type=\"button\" value=\"Od\u015bwie\u017c stron\u0119\" onclick=\"location.reload();\"><\/p>\n","protected":false},"excerpt":{"rendered":"<p><span style=\"color: #000000;\"><strong>Najwa\u017cniejsze zalety<\/strong><\/span><br \/>\n[dt_list style=\"1\" bullet_position=\"middle\" dividers=\"true\"][dt_list_item image=\"\"]Grzanie do -20\u00b0C (-22\u00b0C)[\/dt_list_item][dt_list_item image=\"\"]Ch\u0142odzenie w niskiej temperaturze[\/dt_list_item][dt_list_item image=\"\"]Spr\u0119\u017carka z grza\u0142k\u0105 elektryczn\u0105[\/dt_list_item][dt_list_item image=\"\"]Taca skroplin z grza\u0142k\u0105 elektryczn\u0105[\/dt_list_item][\/dt_list]<\/p>\n","protected":false},"featured_media":43311,"template":"","meta":[],"product_cat":[154,2151,189],"product_tag":[5689,1091,1092,1093,1094,5688],"yoast_head":"<!-- This site is optimized with the Yoast SEO plugin v22.1 - https:\/\/yoast.com\/wordpress\/plugins\/seo\/ -->\n<title>MULTI SPLIT Free match GREE Jednostka zew. GWHD(21)NK6LO o mocy 6.1 kW, 3 jednostki wewn\u0119trzne do 3 pomieszcze\u0144 50m2, 55m2, 60m2, 65m2, 70m2<\/title>\n<meta name=\"description\" content=\"MULTI SPLIT Free match GREE Jednostka zew. GWHD(21)NK6LO o mocy 6.1 kW, 3 jednostki wewn\u0119trzne do 3 pomieszcze\u0144 50m2, 55m2, 60m2, 65m2, 70m2\" \/>\n<meta name=\"robots\" content=\"index, follow, max-snippet:-1, max-image-preview:large, max-video-preview:-1\" \/>\n<link rel=\"canonical\" href=\"https:\/\/www.fabrykachlodu.pl\/sklep\/produkt\/multi-split-free-match-gree-jednostka-zew-gwhd21nk6lo-o-mocy-6-1-kw-3-jednostki-wewnetrzne-do-3-pomieszczen-6-pomieszczen-7-pomieszczen-50m2-55m2-60m2-65m2-70m2-wydajnosc-chlodzenia-kw-6-1-6\/\" \/>\n<meta name=\"twitter:label1\" content=\"Szacowany czas czytania\" \/>\n\t<meta name=\"twitter:data1\" content=\"4 minuty\" \/>\n<script type=\"application\/ld+json\" class=\"yoast-schema-graph\">{\"@context\":\"https:\/\/schema.org\",\"@graph\":[{\"@type\":\"WebPage\",\"@id\":\"https:\/\/www.fabrykachlodu.pl\/sklep\/produkt\/multi-split-free-match-gree-jednostka-zew-gwhd21nk6lo-o-mocy-6-1-kw-3-jednostki-wewnetrzne-do-3-pomieszczen-6-pomieszczen-7-pomieszczen-50m2-55m2-60m2-65m2-70m2-wydajnosc-chlodzenia-kw-6-1-6\/\",\"url\":\"https:\/\/www.fabrykachlodu.pl\/sklep\/produkt\/multi-split-free-match-gree-jednostka-zew-gwhd21nk6lo-o-mocy-6-1-kw-3-jednostki-wewnetrzne-do-3-pomieszczen-6-pomieszczen-7-pomieszczen-50m2-55m2-60m2-65m2-70m2-wydajnosc-chlodzenia-kw-6-1-6\/\",\"name\":\"MULTI SPLIT Free match GREE Jednostka zew. GWHD(21)NK6LO o mocy 6.1 kW, 3 jednostki wewn\u0119trzne do 3 pomieszcze\u0144 50m2, 55m2, 60m2, 65m2, 70m2\",\"isPartOf\":{\"@id\":\"https:\/\/www.fabrykachlodu.pl\/sklep\/#website\"},\"datePublished\":\"2019-08-28T12:17:13+00:00\",\"dateModified\":\"2022-06-30T15:31:55+00:00\",\"description\":\"MULTI SPLIT Free match GREE Jednostka zew. GWHD(21)NK6LO o mocy 6.1 kW, 3 jednostki wewn\u0119trzne do 3 pomieszcze\u0144 50m2, 55m2, 60m2, 65m2, 70m2\",\"breadcrumb\":{\"@id\":\"https:\/\/www.fabrykachlodu.pl\/sklep\/produkt\/multi-split-free-match-gree-jednostka-zew-gwhd21nk6lo-o-mocy-6-1-kw-3-jednostki-wewnetrzne-do-3-pomieszczen-6-pomieszczen-7-pomieszczen-50m2-55m2-60m2-65m2-70m2-wydajnosc-chlodzenia-kw-6-1-6\/#breadcrumb\"},\"inLanguage\":\"pl-PL\",\"potentialAction\":[{\"@type\":\"ReadAction\",\"target\":[\"https:\/\/www.fabrykachlodu.pl\/sklep\/produkt\/multi-split-free-match-gree-jednostka-zew-gwhd21nk6lo-o-mocy-6-1-kw-3-jednostki-wewnetrzne-do-3-pomieszczen-6-pomieszczen-7-pomieszczen-50m2-55m2-60m2-65m2-70m2-wydajnosc-chlodzenia-kw-6-1-6\/\"]}]},{\"@type\":\"BreadcrumbList\",\"@id\":\"https:\/\/www.fabrykachlodu.pl\/sklep\/produkt\/multi-split-free-match-gree-jednostka-zew-gwhd21nk6lo-o-mocy-6-1-kw-3-jednostki-wewnetrzne-do-3-pomieszczen-6-pomieszczen-7-pomieszczen-50m2-55m2-60m2-65m2-70m2-wydajnosc-chlodzenia-kw-6-1-6\/#breadcrumb\",\"itemListElement\":[{\"@type\":\"ListItem\",\"position\":1,\"name\":\"Strona g\u0142\u00f3wna\",\"item\":\"https:\/\/www.fabrykachlodu.pl\/sklep\/\"},{\"@type\":\"ListItem\",\"position\":2,\"name\":\"Szukasz klimatzyacji biurowej sklepowej lub do mieszkania?\",\"item\":\"https:\/\/www.fabrykachlodu.pl\/sklep\/\"},{\"@type\":\"ListItem\",\"position\":3,\"name\":\"GREE\",\"item\":\"https:\/\/www.fabrykachlodu.pl\/sklep\/product-category\/gree\/\"},{\"@type\":\"ListItem\",\"position\":4,\"name\":\"Multi Split\",\"item\":\"https:\/\/www.fabrykachlodu.pl\/sklep\/product-category\/gree\/multi-split\/\"},{\"@type\":\"ListItem\",\"position\":5,\"name\":\"MULTI SPLIT Free match GREE Jednostka zew. GWHD(21)NK6LO o mocy 6.1 kW, 3 jednostki wewn\u0119trzne do 3 pomieszcze\u0144 50m2, 55m2, 60m2, 65m2, 70m2\"}]},{\"@type\":\"WebSite\",\"@id\":\"https:\/\/www.fabrykachlodu.pl\/sklep\/#website\",\"url\":\"https:\/\/www.fabrykachlodu.pl\/sklep\/\",\"name\":\"\u00b0FC Sklep Internetowy monta\u017c klimatyzacji pomp ciep\u0142a\",\"description\":\"\u00b0FC monta\u017c klimatyzacji pomp ciep\u0142a z nami to szybki i tani wyb\u00f3r.  Us\u0142ugi monta\u017cowe i serwisowe W Warszawie i okolicach..\",\"potentialAction\":[{\"@type\":\"SearchAction\",\"target\":{\"@type\":\"EntryPoint\",\"urlTemplate\":\"https:\/\/www.fabrykachlodu.pl\/sklep\/?s={search_term_string}\"},\"query-input\":\"required name=search_term_string\"}],\"inLanguage\":\"pl-PL\"}]}<\/script>\n<!-- \/ Yoast SEO plugin. -->","yoast_head_json":{"title":"MULTI SPLIT Free match GREE Jednostka zew. GWHD(21)NK6LO o mocy 6.1 kW, 3 jednostki wewn\u0119trzne do 3 pomieszcze\u0144 50m2, 55m2, 60m2, 65m2, 70m2","description":"MULTI SPLIT Free match GREE Jednostka zew. GWHD(21)NK6LO o mocy 6.1 kW, 3 jednostki wewn\u0119trzne do 3 pomieszcze\u0144 50m2, 55m2, 60m2, 65m2, 70m2","robots":{"index":"index","follow":"follow","max-snippet":"max-snippet:-1","max-image-preview":"max-image-preview:large","max-video-preview":"max-video-preview:-1"},"canonical":"https:\/\/www.fabrykachlodu.pl\/sklep\/produkt\/multi-split-free-match-gree-jednostka-zew-gwhd21nk6lo-o-mocy-6-1-kw-3-jednostki-wewnetrzne-do-3-pomieszczen-6-pomieszczen-7-pomieszczen-50m2-55m2-60m2-65m2-70m2-wydajnosc-chlodzenia-kw-6-1-6\/","twitter_misc":{"Szacowany czas czytania":"4 minuty"},"schema":{"@context":"https:\/\/schema.org","@graph":[{"@type":"WebPage","@id":"https:\/\/www.fabrykachlodu.pl\/sklep\/produkt\/multi-split-free-match-gree-jednostka-zew-gwhd21nk6lo-o-mocy-6-1-kw-3-jednostki-wewnetrzne-do-3-pomieszczen-6-pomieszczen-7-pomieszczen-50m2-55m2-60m2-65m2-70m2-wydajnosc-chlodzenia-kw-6-1-6\/","url":"https:\/\/www.fabrykachlodu.pl\/sklep\/produkt\/multi-split-free-match-gree-jednostka-zew-gwhd21nk6lo-o-mocy-6-1-kw-3-jednostki-wewnetrzne-do-3-pomieszczen-6-pomieszczen-7-pomieszczen-50m2-55m2-60m2-65m2-70m2-wydajnosc-chlodzenia-kw-6-1-6\/","name":"MULTI SPLIT Free match GREE Jednostka zew. GWHD(21)NK6LO o mocy 6.1 kW, 3 jednostki wewn\u0119trzne do 3 pomieszcze\u0144 50m2, 55m2, 60m2, 65m2, 70m2","isPartOf":{"@id":"https:\/\/www.fabrykachlodu.pl\/sklep\/#website"},"datePublished":"2019-08-28T12:17:13+00:00","dateModified":"2022-06-30T15:31:55+00:00","description":"MULTI SPLIT Free match GREE Jednostka zew. GWHD(21)NK6LO o mocy 6.1 kW, 3 jednostki wewn\u0119trzne do 3 pomieszcze\u0144 50m2, 55m2, 60m2, 65m2, 70m2","breadcrumb":{"@id":"https:\/\/www.fabrykachlodu.pl\/sklep\/produkt\/multi-split-free-match-gree-jednostka-zew-gwhd21nk6lo-o-mocy-6-1-kw-3-jednostki-wewnetrzne-do-3-pomieszczen-6-pomieszczen-7-pomieszczen-50m2-55m2-60m2-65m2-70m2-wydajnosc-chlodzenia-kw-6-1-6\/#breadcrumb"},"inLanguage":"pl-PL","potentialAction":[{"@type":"ReadAction","target":["https:\/\/www.fabrykachlodu.pl\/sklep\/produkt\/multi-split-free-match-gree-jednostka-zew-gwhd21nk6lo-o-mocy-6-1-kw-3-jednostki-wewnetrzne-do-3-pomieszczen-6-pomieszczen-7-pomieszczen-50m2-55m2-60m2-65m2-70m2-wydajnosc-chlodzenia-kw-6-1-6\/"]}]},{"@type":"BreadcrumbList","@id":"https:\/\/www.fabrykachlodu.pl\/sklep\/produkt\/multi-split-free-match-gree-jednostka-zew-gwhd21nk6lo-o-mocy-6-1-kw-3-jednostki-wewnetrzne-do-3-pomieszczen-6-pomieszczen-7-pomieszczen-50m2-55m2-60m2-65m2-70m2-wydajnosc-chlodzenia-kw-6-1-6\/#breadcrumb","itemListElement":[{"@type":"ListItem","position":1,"name":"Strona g\u0142\u00f3wna","item":"https:\/\/www.fabrykachlodu.pl\/sklep\/"},{"@type":"ListItem","position":2,"name":"Szukasz klimatzyacji biurowej sklepowej lub do mieszkania?","item":"https:\/\/www.fabrykachlodu.pl\/sklep\/"},{"@type":"ListItem","position":3,"name":"GREE","item":"https:\/\/www.fabrykachlodu.pl\/sklep\/product-category\/gree\/"},{"@type":"ListItem","position":4,"name":"Multi Split","item":"https:\/\/www.fabrykachlodu.pl\/sklep\/product-category\/gree\/multi-split\/"},{"@type":"ListItem","position":5,"name":"MULTI SPLIT Free match GREE Jednostka zew. GWHD(21)NK6LO o mocy 6.1 kW, 3 jednostki wewn\u0119trzne do 3 pomieszcze\u0144 50m2, 55m2, 60m2, 65m2, 70m2"}]},{"@type":"WebSite","@id":"https:\/\/www.fabrykachlodu.pl\/sklep\/#website","url":"https:\/\/www.fabrykachlodu.pl\/sklep\/","name":"\u00b0FC Sklep Internetowy monta\u017c klimatyzacji pomp ciep\u0142a","description":"\u00b0FC monta\u017c klimatyzacji pomp ciep\u0142a z nami to szybki i tani wyb\u00f3r.  Us\u0142ugi monta\u017cowe i serwisowe W Warszawie i okolicach..","potentialAction":[{"@type":"SearchAction","target":{"@type":"EntryPoint","urlTemplate":"https:\/\/www.fabrykachlodu.pl\/sklep\/?s={search_term_string}"},"query-input":"required name=search_term_string"}],"inLanguage":"pl-PL"}]}},"_links":{"self":[{"href":"https:\/\/www.fabrykachlodu.pl\/sklep\/wp-json\/wp\/v2\/product\/41617"}],"collection":[{"href":"https:\/\/www.fabrykachlodu.pl\/sklep\/wp-json\/wp\/v2\/product"}],"about":[{"href":"https:\/\/www.fabrykachlodu.pl\/sklep\/wp-json\/wp\/v2\/types\/product"}],"wp:featuredmedia":[{"embeddable":true,"href":"https:\/\/www.fabrykachlodu.pl\/sklep\/wp-json\/wp\/v2\/media\/43311"}],"wp:attachment":[{"href":"https:\/\/www.fabrykachlodu.pl\/sklep\/wp-json\/wp\/v2\/media?parent=41617"}],"wp:term":[{"taxonomy":"product_cat","embeddable":true,"href":"https:\/\/www.fabrykachlodu.pl\/sklep\/wp-json\/wp\/v2\/product_cat?post=41617"},{"taxonomy":"product_tag","embeddable":true,"href":"https:\/\/www.fabrykachlodu.pl\/sklep\/wp-json\/wp\/v2\/product_tag?post=41617"}],"curies":[{"name":"wp","href":"https:\/\/api.w.org\/{rel}","templated":true}]}}