{"id":41874,"date":"2019-09-18T21:33:28","date_gmt":"2019-09-18T19:33:28","guid":{"rendered":"http:\/\/www.fabrykachlodu.pl\/sklep\/produkt\/zestaw-klimatyzator-nascienny-midea-kmt-e12n8-a1-a-r32-2-6-kw-do-35m2-max-4-pomieszczen\/"},"modified":"2022-06-20T12:41:21","modified_gmt":"2022-06-20T10:41:21","slug":"zestaw-klimatyzator-nascienny-midea-kmt-e12n8-a1-a-r32-2-6-kw-do-35m2-max-4-pomieszczen","status":"publish","type":"product","link":"https:\/\/www.fabrykachlodu.pl\/sklep\/produkt\/zestaw-klimatyzator-nascienny-midea-kmt-e12n8-a1-a-r32-2-6-kw-do-35m2-max-4-pomieszczen\/","title":{"rendered":"\u00b0FC Zestaw Klimatyzator na\u015bcienny MIDEA EVEREST ULTIMATE COMFORT KMT-E12N8-A1 A++ R32 2.6 kW do 35m2 max 4 pomieszcze\u0144"},"content":{"rendered":"<p>Klimatyzator firmy MIDEA seria Everest Ultimate Comfort+ to zdecydowanie jedna z najwi\u0119kszych innowacji na rynku w 2019, zar\u00f3wno pod wzgl\u0119dem technologicznym jak i estetycznym. \u0141adnie zaprojektowany klimatyzator, kt\u00f3ry sprawdzi si\u0119 w domu ale r\u00f3wnie\u017c w biurze czy pomieszczeniu komercyjnym.<br \/>\nZas\u0142uguje na uwag\u0119 opcja r\u00f3wnomiernego rozprowadzenia powietrza w promieniu 360\u00b0, najwy\u017csz\u0105 efektywno\u015bci\u0105 energetyczn\u0105 A+++, a tak\u017ce niebanaln\u0105 stylistyk\u0105 obudowy.Klimatyzator firmy MIDEA seria Everest Ultimate Comfort+  to zdecydowanie jedna z najwi\u0119kszych innowacji na rynku w 2019, zar\u00f3wno pod wzgl\u0119dem technologicznym jak i estetycznym. \u0141adnie zaprojektowany klimatyzator, kt\u00f3ry sprawdzi si\u0119 w domu ale r\u00f3wnie\u017c w biurze czy pomieszczeniu komercyjnym.<br \/>\nZas\u0142uguje na uwag\u0119 opcja r\u00f3wnomiernego rozprowadzenia powietrza w promieniu 360\u00b0, najwy\u017csz\u0105 efektywno\u015bci\u0105 energetyczn\u0105 A+++, a tak\u017ce niebanaln\u0105 stylistyk\u0105 obudowy.<\/p>\n<p>Zam\u00f3wienie dotyczy Zestawnego zestawu KMT-E12N8-A1<br \/>\nJednostka wewn\u0119trzna MT-12N8D6-I<br \/>\nJednostka zewn\u0119trzna MBT-12N8D6-O<br \/>\nPilot bezprzewodowy RG58<\/p>\n<p>Ponadto zastosowano  w  nich  najnowsz\u0105  technologi\u0119  Midea Inverter Quattro,  kt\u00f3ra  dzi\u0119ki  innowacyjnym  rozwi\u0105zaniom, gwarantuje najni\u017csze zu\u017cycie energii, najwy\u017csz\u0105 efektywno\u015b\u0107 i ekonomiczn\u0105 prac\u0119. To kombinacja 4 funkcjonalno\u015bci:  Gear i  ieCo,  Flash Cooling\/Heating,  praca  w  ekstremalnych warunkach oraz bezstopniowa regulacja.<\/p>\n<h1>Czy wiesz, \u017ce mo\u017cna u\u017cy\u0107 jednej jednostki zewn\u0119trznej do pod\u0142\u0105czenia a\u017c 5 jednostek wewn\u0119trznych Everest Ultimate Comfort+?  To i wiele innych udogodnie\u0144 oferuje system  MIDEA MULTI Comfort<\/h1>\n<p>Efekt Coandy dzi\u0119ki kt\u00f3remu zimne powietrze kierowane jest ku g\u00f3rze, a nast\u0119pnie r\u00f3wnomiernie opada w d\u00f3\u0142. Teraz mo\u017cesz zapewni\u0107 sobie przyjemny i delikatny ch\u0142\u00f3d, bez ryzyka uczucia przeci\u0105gu.<\/p>\n<p>Wind Sprayer jednolity strumie\u0144 powietrza wydostaj\u0105cy si\u0119 przez tysi\u0105ce ma\u0142ych otwor\u00f3w w specjalnej \u017caluzji, kt\u00f3ry staje si\u0119 rozproszony. Nawet na najwy\u017cszym biegu, wyp\u0142ywaj\u0105ce z urz\u0105dzenia powietrze, jest niczym delikatne mu\u015bni\u0119cie wiatru.<\/p>\n<p>Bardzo korzystne ale rozbudowane rozwi\u0105zanie stanowi Klimatyzator na\u015bcienna. Zapraszamy do om\u00f3wienia zalet i wad klimatyzacji na\u015bciennej. Klimatyzator na\u015bcienna to podstawowe metoda kontroli klimatu w obiekcie typu dom, biuro, sklep. Klimatyzator na\u015bcienna podobnie do multi-split, sk\u0142ada si\u0119 ze spr\u0119\u017carki, skraplacza i wymiennika powietrza ch\u0142odz\u0105cego, kt\u00f3re instalowane s\u0105 w jeden system. Zestaw klimatyzacji dzielony jest na dwie jednostki, czyli urz\u0105dzenia wewn\u0119trzne, kt\u00f3re ch\u0142odz\u0105 i cyrkuluje powietrze, a tak\u017ce jednostk\u0119 na zewn\u0105trz, kt\u00f3ra ma spr\u0119\u017cark\u0119.<\/p>\n<p><strong>W jednym miejscu poznasz:<\/strong><br \/>\nInformacje odno\u015bnie klimatyzacji na\u015bciennej MIDEA<br \/>\nPoznasz najwa\u017cniejsze funkcje<br \/>\nPor\u00f3wnasz produkty<br \/>\nPoznasz parametry techniczne<br \/>\nPoznasz cen\u0119 i zrealizujesz zam\u00f3wienie<\/p>\n<p><strong>Zamawiaj\u0105c produkt u nas:<\/strong><br \/>\nOtrzymasz produkt<br \/>\nJednostk\u0119 wewn\u0119trzna<br \/>\nJednostk\u0119 zewn\u0119trzna<br \/>\nSterowanie<\/p>\n<p><strong>Zlecaj\u0105c nam monta\u017c w Warszawie i woj. mazowieckim otrzymasz:<\/strong><br \/>\nRabat na produkty MIDEA<br \/>\nZestawne pod\u0142\u0105czenie elektryczne oraz hydrauliczne<br \/>\nGwarancje<br \/>\nSerwis.<\/p>\n<h2><strong>Zapraszamy do por\u00f3wnania zalet i wad klimatyzacji na\u015bciennej Everest Ultimate Comfort+<\/strong><\/h2>\n<p><strong>Jakie s\u0105 zalety takich klimatyzator\u00f3w?<\/strong><\/p>\n<div class=\"su-service\"><div class=\"su-service-title\" style=\"padding-left:52px;min-height:38px;line-height:38px\"><i class=\"sui sui-check-circle\" style=\"font-size:38px;color:#22a0ed\"><\/i> Wskaz\u00f3wka naszego eksperta<\/div><div class=\"su-service-content su-u-clearfix su-u-trim\" style=\"padding-left:52px\">Zwi\u0119ksza estetyk\u0119 poniewa\u017c jest tylko jedna jednostka zewn\u0119trzna<br \/>\nKompaktowa budowa agregatu i mo\u017cliwo\u015b\u0107 pod\u0142\u0105czenia a\u017c do 5 jednostek wewn\u0119trznych typu Everest Ultimate Comfort+, w opcji MULTI<br \/>Dzi\u0119ki nowoczesnej technologii inwerterowej, agregaty osi\u0105gaj\u0105 najwy\u017csze klasy efektywno\u015bci energetycznej<br \/>Jednostki Everest Ultimate Comfort+ zapewni\u0105 komfort klimatyzacji na ca\u0142ej przestrzeni obiektu Multi<br \/>Urz\u0105dzeniami mo\u017cna sterowa\u0107 indywidualnie, zapewniaj\u0105c komfortowe warunki we wszystkich pomieszczeniach<br \/>Nie ha\u0142asuje, jest najcichszy w\u015br\u00f3d wszystkich klimatyzator\u00f3w<br \/>Pe\u0142na automatyzacja i programowanie tygodniowe<br \/>\nZakres pracy agregat\u00f3w dla temperatur zewn\u0119trznych to -25 ~ +50\u02daC. Gwarantuje to nieprzerwan\u0105 prac\u0119 urz\u0105dzenia przez ca\u0142y rok<br \/>Mono (tylko jedna jednostka wewn\u0119trzna) zapewni szybkie rozwi\u0105zanie w upalne dni<br \/>Multi a\u017c do 5 jednostek wen\u0119trznych<br \/><\/div><\/div>\n<p><strong>Jakie s\u0105 wady klimatyzator\u00f3w?<\/strong><\/p>\n<div class=\"su-service\"><div class=\"su-service-title\" style=\"padding-left:52px;min-height:38px;line-height:38px\"><i class=\"sui sui-times-circle\" style=\"font-size:38px;color:#22a0ed\"><\/i> Wskaz\u00f3wka naszego eksperta<\/div><div class=\"su-service-content su-u-clearfix su-u-trim\" style=\"padding-left:52px\">Jednostka zewn\u0119trzna, kt\u00f3ra mo\u017ce przeszkadza\u0107 innym<br \/>Jednostka zewn\u0119trzna, kt\u00f3ra mo\u017ce przeszkadza\u0107 innym<br \/>Doprowadzenie ruroci\u0105gu i odprowadzenia skroplin<br \/>Monta\u017c w ka\u017cdym pokoju lub pomieszczeniu<br \/>Stosowne pozwolenia od administratora budynku<br \/><\/div><\/div>\n<div class=\"hr-thin\"><\/div>\n<div class=\"su-service\"><div class=\"su-service-title\" style=\"padding-left:52px;min-height:38px;line-height:38px\"><i class=\"sui sui-info-circle\" style=\"font-size:38px;color:#22a0ed\"><\/i> Wskaz\u00f3wka naszego eksperta<\/div><div class=\"su-service-content su-u-clearfix su-u-trim\" style=\"padding-left:52px\">\nChcesz zaoszcz\u0119dzi\u0107 na instalacji wielu zestaw\u00f3w, wybierz system MIDEA MULTI Comfort, instaluj\u0105c a\u017c do 5 jednostek wewn\u0119trznych. Dzi\u0119ki temu, temperatur\u0119 np. w pokoju dziecka b\u0119dzie mo\u017cna utrzyma\u0107 w nieco wy\u017cszych temperaturach ni\u017c w innych pomieszczeniach. Przy niewielkiej inwestycji, Klimatyzator MIDEA MULTI Comfort mo\u017ce by\u0107 zaprojektowana tak, aby s\u0142u\u017cy\u0107 jako systemy grzewcze w ca\u0142ym obiekcie.<br \/>\n<\/div><\/div>\n<div class=\"hr-thin\"><\/div>\n<div class=\"su-service\"><div class=\"su-service-title\" style=\"padding-left:52px;min-height:38px;line-height:38px\"><i class=\"sui sui-info-circle\" style=\"font-size:38px;color:#22a0ed\"><\/i> Wskaz\u00f3wka naszego eksperta<\/div><div class=\"su-service-content su-u-clearfix su-u-trim\" style=\"padding-left:52px\">\nPodsumowuj\u0105c, je\u015bli chcesz zainstalowa\u0107 tylko w jednym pomieszczeniu lub ma\u0142ym mieszkaniu zestaw jest dla Ciebie. Je\u015bli wi\u0119cej ni\u017c jedno pomieszczenie, polecamy system MIDEA MULTI Comfort sk\u0142adaj\u0105cy si\u0119 z szeregu jednostek Everest Ultimate Comfort+<br \/>\n<\/div><\/div>\n<p>Prezentowane zestaw klimatyzacji na\u015bciennej MIDEA Everest Ultimate Comfort+ mo\u017ce efektywnie ch\u0142odzi\u0107 i grza\u0107 mniejsze pomieszczenia mieszkalne jak r\u00f3wnie\u017c pomieszczenia komercyjne, biura, sklepy. Sterownik przewodowy lub bezprzewodowy, umo\u017cliwia odczyt temperatury w pomieszczeniu, a samo sterowanie i panel jest intuicyjny w j.polskim.<\/p>\n<div class=\"hr-thin\"><\/div>\n<div class=\"su-service\"><div class=\"su-service-title\" style=\"padding-left:52px;min-height:38px;line-height:38px\"><i class=\"sui sui-info-circle\" style=\"font-size:38px;color:#22a0ed\"><\/i> Wskaz\u00f3wka naszego eksperta<\/div><div class=\"su-service-content su-u-clearfix su-u-trim\" style=\"padding-left:52px\">Urz\u0105dzenie bez zb\u0119dnych inwestycji s\u0142u\u017cy do<strong>ch\u0142odzenia ale r\u00f3wnie\u017c ogrzewania<\/strong>.<\/div><\/div>\n<p>PARAMETRY TECHNICZNE<\/p>\n<div class=\"su-tabs su-tabs-style-default su-tabs-mobile-stack\" data-active=\"1\" data-scroll-offset=\"0\" data-anchor-in-url=\"no\"><div class=\"su-tabs-nav\"><span class=\"\" data-url=\"\" data-target=\"blank\" tabindex=\"0\" role=\"button\">MIDEA Everest Ultimate Comfort+ Jednostki Na\u015bcienne<\/span><span class=\"\" data-url=\"\" data-target=\"blank\" tabindex=\"0\" role=\"button\">Jednostka zewn\u0119trzna<\/span><span class=\"\" data-url=\"\" data-target=\"blank\" tabindex=\"0\" role=\"button\">Funkcje MIDEA Everest Ultimate Comfort+ <\/span><span class=\"\" data-url=\"\" data-target=\"blank\" tabindex=\"0\" role=\"button\">Pilot bezprzewodowy<\/span><span class=\"\" data-url=\"\" data-target=\"blank\" tabindex=\"0\" role=\"button\">Por\u00f3wnanie modeli<\/span><\/div><div class=\"su-tabs-panes\"><div class=\"su-tabs-pane su-u-clearfix su-u-trim\" data-title=\"MIDEA Everest Ultimate Comfort+ Jednostki Na\u015bcienne\">\n<div class=\"su-document su-u-responsive-media-yes\"><iframe src=\"\/\/docs.google.com\/viewer?embedded=true&url=https:\/\/www.fabrykachlodu.pl\/sklep\/file\/2019\/09\/Everest.Ultimate.Comfort.klimatyzacja.midea_.cena_.ustawienia.do_.biura_.sklepu.pdf\" width=\"600\" height=\"400\" class=\"su-document\" title=\"\"><\/iframe><\/div>\n<\/div>\n<div class=\"su-tabs-pane su-u-clearfix su-u-trim\" data-title=\"Jednostka zewn\u0119trzna\">\n<div class=\"su-document su-u-responsive-media-yes\"><iframe src=\"\/\/docs.google.com\/viewer?embedded=true&url=https:\/\/www.fabrykachlodu.pl\/sklep\/file\/2019\/09\/jednostka.zewnetrzna.do_domu_hotelu_biura_domu_mieszkaniaKatalog_RAC_VRF_Midea_2019.pdf\" width=\"600\" height=\"400\" class=\"su-document\" title=\"\"><\/iframe><\/div>\n<\/div>\n<div class=\"su-tabs-pane su-u-clearfix su-u-trim\" data-title=\"Funkcje MIDEA Everest Ultimate Comfort+ \">\n<div class=\"su-document su-u-responsive-media-yes\"><iframe src=\"\/\/docs.google.com\/viewer?embedded=true&url=https:\/\/www.fabrykachlodu.pl\/sklep\/file\/2019\/09\/funkcje.Everest.klimatyzator.do_.malego.mieszkania.w.bloku_.pdf\" width=\"600\" height=\"400\" class=\"su-document\" title=\"\"><\/iframe><\/div>\n<\/div>\n<div class=\"su-tabs-pane su-u-clearfix su-u-trim\" data-title=\"Pilot bezprzewodowy\">\n<div class=\"su-document su-u-responsive-media-yes\"><iframe src=\"\/\/docs.google.com\/viewer?embedded=true&url=https:\/\/www.fabrykachlodu.pl\/sklep\/file\/2019\/09\/PILOT.DO_.KLIMATYZACJI.MIDEA_.RG58.pdf\" width=\"600\" height=\"400\" class=\"su-document\" title=\"\"><\/iframe><\/div>\n<\/div>\n<div class=\"su-tabs-pane su-u-clearfix su-u-trim\" data-title=\"Por\u00f3wnanie modeli\">\n<div class=\"su-document su-u-responsive-media-yes\"><iframe src=\"\/\/docs.google.com\/viewer?embedded=true&url=https:\/\/www.fabrykachlodu.pl\/sklep\/file\/2019\/09\/tania.klimatyzacja.MIDEA_.dane_.techniczne_domu_mieszkania.pdf\" width=\"600\" height=\"400\" class=\"su-document\" title=\"\"><\/iframe><\/div>\n<\/div><\/div><\/div>\nDokumenty si\u0119 nie wy\u015bwietlaj\u0105? <input type=\"button\" value=\"Od\u015bwie\u017c stron\u0119\" onclick=\"location.reload();\"><\/p>\n","protected":false},"excerpt":{"rendered":"<p><span style=\"color: #000000;\"><strong>Najwa\u017cniejsze zalety:<\/strong><\/span><br \/>\n[dt_list style=\"1\" bullet_position=\"middle\" dividers=\"true\"][dt_list_item image=\"\"]Wbudowany jonizator powietrza[\/dt_list_item][dt_list_item image=\"\"]Funkcja WiFi pozwoli sterowa\u0107 smartfonem z ka\u017cdego miejsca na ziemi[\/dt_list_item][dt_list_item image=\"\"]Bardzo cicha praca[\/dt_list_item][dt_list_item image=\"\"]Oczyszczenie powietrza z kurzu filtrami o wysokiej g\u0119sto\u015bci[\/dt_list_item][\/dt_list]<\/p>\n","protected":false},"featured_media":49220,"template":"","meta":[],"product_cat":[6201],"product_tag":[2928,2995,2929,1068,1090,1053,5150,5149,5144],"yoast_head":"<!-- This site is optimized with the Yoast SEO plugin v22.1 - https:\/\/yoast.com\/wordpress\/plugins\/seo\/ -->\n<title>\u00b0FC Zestaw Klimatyzator na\u015bcienny MIDEA EVEREST ULTIMATE COMFORT KMT-E12N8-A1 A++ R32 2.6 kW do 35m2 max 4 pomieszcze\u0144<\/title>\n<meta name=\"description\" content=\"Zestaw Klimatyzator na\u015bcienny MIDEA EVEREST ULTIMATE COMFORT KMT-E12N8-A1 A++ R32 2.6 kW do 35m2 max 4 pomieszcze\u0144\" \/>\n<meta name=\"robots\" content=\"index, nofollow, max-snippet:-1, max-image-preview:large, max-video-preview:-1, noarchive\" \/>\n<link rel=\"canonical\" href=\"https:\/\/www.fabrykachlodu.pl\/sklep\/produkt\/zestaw-klimatyzator-nascienny-midea-kmt-e12n8-a1-a-r32-2-6-kw-do-35m2-max-4-pomieszczen\/\" \/>\n<meta name=\"twitter:label1\" content=\"Szacowany czas czytania\" \/>\n\t<meta name=\"twitter:data1\" content=\"5 minut\" \/>\n<script type=\"application\/ld+json\" class=\"yoast-schema-graph\">{\"@context\":\"https:\/\/schema.org\",\"@graph\":[{\"@type\":\"WebPage\",\"@id\":\"https:\/\/www.fabrykachlodu.pl\/sklep\/produkt\/zestaw-klimatyzator-nascienny-midea-kmt-e12n8-a1-a-r32-2-6-kw-do-35m2-max-4-pomieszczen\/\",\"url\":\"https:\/\/www.fabrykachlodu.pl\/sklep\/produkt\/zestaw-klimatyzator-nascienny-midea-kmt-e12n8-a1-a-r32-2-6-kw-do-35m2-max-4-pomieszczen\/\",\"name\":\"\u00b0FC Zestaw Klimatyzator na\u015bcienny MIDEA EVEREST ULTIMATE COMFORT KMT-E12N8-A1 A++ R32 2.6 kW do 35m2 max 4 pomieszcze\u0144\",\"isPartOf\":{\"@id\":\"https:\/\/www.fabrykachlodu.pl\/sklep\/#website\"},\"datePublished\":\"2019-09-18T19:33:28+00:00\",\"dateModified\":\"2022-06-20T10:41:21+00:00\",\"description\":\"Zestaw Klimatyzator na\u015bcienny MIDEA EVEREST ULTIMATE COMFORT KMT-E12N8-A1 A++ R32 2.6 kW do 35m2 max 4 pomieszcze\u0144\",\"breadcrumb\":{\"@id\":\"https:\/\/www.fabrykachlodu.pl\/sklep\/produkt\/zestaw-klimatyzator-nascienny-midea-kmt-e12n8-a1-a-r32-2-6-kw-do-35m2-max-4-pomieszczen\/#breadcrumb\"},\"inLanguage\":\"pl-PL\",\"potentialAction\":[{\"@type\":\"ReadAction\",\"target\":[\"https:\/\/www.fabrykachlodu.pl\/sklep\/produkt\/zestaw-klimatyzator-nascienny-midea-kmt-e12n8-a1-a-r32-2-6-kw-do-35m2-max-4-pomieszczen\/\"]}]},{\"@type\":\"BreadcrumbList\",\"@id\":\"https:\/\/www.fabrykachlodu.pl\/sklep\/produkt\/zestaw-klimatyzator-nascienny-midea-kmt-e12n8-a1-a-r32-2-6-kw-do-35m2-max-4-pomieszczen\/#breadcrumb\",\"itemListElement\":[{\"@type\":\"ListItem\",\"position\":1,\"name\":\"Strona g\u0142\u00f3wna\",\"item\":\"https:\/\/www.fabrykachlodu.pl\/sklep\/\"},{\"@type\":\"ListItem\",\"position\":2,\"name\":\"Szukasz klimatzyacji biurowej sklepowej lub do mieszkania?\",\"item\":\"https:\/\/www.fabrykachlodu.pl\/sklep\/\"},{\"@type\":\"ListItem\",\"position\":3,\"name\":\"PRODUKTY ARCHIWALNE\",\"item\":\"https:\/\/www.fabrykachlodu.pl\/sklep\/product-category\/produkty-archiwalne\/\"},{\"@type\":\"ListItem\",\"position\":4,\"name\":\"\u00b0FC Zestaw Klimatyzator na\u015bcienny MIDEA EVEREST ULTIMATE COMFORT KMT-E12N8-A1 A++ R32 2.6 kW do 35m2 max 4 pomieszcze\u0144\"}]},{\"@type\":\"WebSite\",\"@id\":\"https:\/\/www.fabrykachlodu.pl\/sklep\/#website\",\"url\":\"https:\/\/www.fabrykachlodu.pl\/sklep\/\",\"name\":\"\u00b0FC Sklep Internetowy monta\u017c klimatyzacji pomp ciep\u0142a\",\"description\":\"\u00b0FC monta\u017c klimatyzacji pomp ciep\u0142a z nami to szybki i tani wyb\u00f3r.  Us\u0142ugi monta\u017cowe i serwisowe W Warszawie i okolicach..\",\"potentialAction\":[{\"@type\":\"SearchAction\",\"target\":{\"@type\":\"EntryPoint\",\"urlTemplate\":\"https:\/\/www.fabrykachlodu.pl\/sklep\/?s={search_term_string}\"},\"query-input\":\"required name=search_term_string\"}],\"inLanguage\":\"pl-PL\"}]}<\/script>\n<!-- \/ Yoast SEO plugin. -->","yoast_head_json":{"title":"\u00b0FC Zestaw Klimatyzator na\u015bcienny MIDEA EVEREST ULTIMATE COMFORT KMT-E12N8-A1 A++ R32 2.6 kW do 35m2 max 4 pomieszcze\u0144","description":"Zestaw Klimatyzator na\u015bcienny MIDEA EVEREST ULTIMATE COMFORT KMT-E12N8-A1 A++ R32 2.6 kW do 35m2 max 4 pomieszcze\u0144","robots":{"index":"index","follow":"nofollow","max-snippet":"max-snippet:-1","max-image-preview":"max-image-preview:large","max-video-preview":"max-video-preview:-1","archive":"noarchive"},"canonical":"https:\/\/www.fabrykachlodu.pl\/sklep\/produkt\/zestaw-klimatyzator-nascienny-midea-kmt-e12n8-a1-a-r32-2-6-kw-do-35m2-max-4-pomieszczen\/","twitter_misc":{"Szacowany czas czytania":"5 minut"},"schema":{"@context":"https:\/\/schema.org","@graph":[{"@type":"WebPage","@id":"https:\/\/www.fabrykachlodu.pl\/sklep\/produkt\/zestaw-klimatyzator-nascienny-midea-kmt-e12n8-a1-a-r32-2-6-kw-do-35m2-max-4-pomieszczen\/","url":"https:\/\/www.fabrykachlodu.pl\/sklep\/produkt\/zestaw-klimatyzator-nascienny-midea-kmt-e12n8-a1-a-r32-2-6-kw-do-35m2-max-4-pomieszczen\/","name":"\u00b0FC Zestaw Klimatyzator na\u015bcienny MIDEA EVEREST ULTIMATE COMFORT KMT-E12N8-A1 A++ R32 2.6 kW do 35m2 max 4 pomieszcze\u0144","isPartOf":{"@id":"https:\/\/www.fabrykachlodu.pl\/sklep\/#website"},"datePublished":"2019-09-18T19:33:28+00:00","dateModified":"2022-06-20T10:41:21+00:00","description":"Zestaw Klimatyzator na\u015bcienny MIDEA EVEREST ULTIMATE COMFORT KMT-E12N8-A1 A++ R32 2.6 kW do 35m2 max 4 pomieszcze\u0144","breadcrumb":{"@id":"https:\/\/www.fabrykachlodu.pl\/sklep\/produkt\/zestaw-klimatyzator-nascienny-midea-kmt-e12n8-a1-a-r32-2-6-kw-do-35m2-max-4-pomieszczen\/#breadcrumb"},"inLanguage":"pl-PL","potentialAction":[{"@type":"ReadAction","target":["https:\/\/www.fabrykachlodu.pl\/sklep\/produkt\/zestaw-klimatyzator-nascienny-midea-kmt-e12n8-a1-a-r32-2-6-kw-do-35m2-max-4-pomieszczen\/"]}]},{"@type":"BreadcrumbList","@id":"https:\/\/www.fabrykachlodu.pl\/sklep\/produkt\/zestaw-klimatyzator-nascienny-midea-kmt-e12n8-a1-a-r32-2-6-kw-do-35m2-max-4-pomieszczen\/#breadcrumb","itemListElement":[{"@type":"ListItem","position":1,"name":"Strona g\u0142\u00f3wna","item":"https:\/\/www.fabrykachlodu.pl\/sklep\/"},{"@type":"ListItem","position":2,"name":"Szukasz klimatzyacji biurowej sklepowej lub do mieszkania?","item":"https:\/\/www.fabrykachlodu.pl\/sklep\/"},{"@type":"ListItem","position":3,"name":"PRODUKTY ARCHIWALNE","item":"https:\/\/www.fabrykachlodu.pl\/sklep\/product-category\/produkty-archiwalne\/"},{"@type":"ListItem","position":4,"name":"\u00b0FC Zestaw Klimatyzator na\u015bcienny MIDEA EVEREST ULTIMATE COMFORT KMT-E12N8-A1 A++ R32 2.6 kW do 35m2 max 4 pomieszcze\u0144"}]},{"@type":"WebSite","@id":"https:\/\/www.fabrykachlodu.pl\/sklep\/#website","url":"https:\/\/www.fabrykachlodu.pl\/sklep\/","name":"\u00b0FC Sklep Internetowy monta\u017c klimatyzacji pomp ciep\u0142a","description":"\u00b0FC monta\u017c klimatyzacji pomp ciep\u0142a z nami to szybki i tani wyb\u00f3r.  Us\u0142ugi monta\u017cowe i serwisowe W Warszawie i okolicach..","potentialAction":[{"@type":"SearchAction","target":{"@type":"EntryPoint","urlTemplate":"https:\/\/www.fabrykachlodu.pl\/sklep\/?s={search_term_string}"},"query-input":"required name=search_term_string"}],"inLanguage":"pl-PL"}]}},"_links":{"self":[{"href":"https:\/\/www.fabrykachlodu.pl\/sklep\/wp-json\/wp\/v2\/product\/41874"}],"collection":[{"href":"https:\/\/www.fabrykachlodu.pl\/sklep\/wp-json\/wp\/v2\/product"}],"about":[{"href":"https:\/\/www.fabrykachlodu.pl\/sklep\/wp-json\/wp\/v2\/types\/product"}],"wp:featuredmedia":[{"embeddable":true,"href":"https:\/\/www.fabrykachlodu.pl\/sklep\/wp-json\/wp\/v2\/media\/49220"}],"wp:attachment":[{"href":"https:\/\/www.fabrykachlodu.pl\/sklep\/wp-json\/wp\/v2\/media?parent=41874"}],"wp:term":[{"taxonomy":"product_cat","embeddable":true,"href":"https:\/\/www.fabrykachlodu.pl\/sklep\/wp-json\/wp\/v2\/product_cat?post=41874"},{"taxonomy":"product_tag","embeddable":true,"href":"https:\/\/www.fabrykachlodu.pl\/sklep\/wp-json\/wp\/v2\/product_tag?post=41874"}],"curies":[{"name":"wp","href":"https:\/\/api.w.org\/{rel}","templated":true}]}}