{"id":42083,"date":"2019-09-20T23:06:41","date_gmt":"2019-09-20T21:06:41","guid":{"rendered":"http:\/\/www.fabrykachlodu.pl\/sklep\/produkt\/import-placeholder-for-kmb-s18n8-a1b\/"},"modified":"2022-06-20T12:41:27","modified_gmt":"2022-06-20T10:41:27","slug":"klimatyzacja-midea-zestaw-kmb-s18n8-a1b-czarny-efekt-energ-chlodzenie-a-5-4kw-do-55m2-5-pomieszczen","status":"publish","type":"product","link":"https:\/\/www.fabrykachlodu.pl\/sklep\/produkt\/klimatyzacja-midea-zestaw-kmb-s18n8-a1b-czarny-efekt-energ-chlodzenie-a-5-4kw-do-55m2-5-pomieszczen\/","title":{"rendered":"\u00b0FC Klimatyzator MIDEA MISSION SMART zestaw KMB-S18N8-A1B Czarny Efekt. Energ. Ch\u0142odzenie A++, 5.4kW, do 55m2, 5 pomieszcze\u0144"},"content":{"rendered":"<p>Je\u015bli szukasz klimatyzacji do ch\u0142odzenia domu czy mieszkania, ale r\u00f3wnie\u017c ogrzewania zim\u0105, to MIDEA MISSION SMART jest dla Ciebie! Klimatyzator firmy MIDEA seria MISSION SMART Doskona\u0142a efektywno\u015b\u0107 energetyczna nawet przy ekstremalnych warunkach zewn\u0119trznych latem czy zim\u0105. MISSION SMART to gwarancja najwy\u017cszego komfortu w pomieszczeniu zar\u00f3wno przez ca\u0142y rok.<br \/>\nSprawdzi si\u0119 w ka\u017cdym ma\u0142ym mieszkaniu czy domu, obs\u0142uguj\u0105c jedno lub wi\u0119cej pomieszcze\u0144.<\/p>\n<p>Lider w swojej klasie pod wzgl\u0119dem wysokiej efektywno\u015bci energetycznej i nieprzeci\u0119tnych parametr\u00f3w pracy. Pracuje w oparciu o ekologiczny czynnik R32. Ca\u0142o\u015b\u0107 zamkni\u0119ta<br \/>\nw nowoczesnej obudowie dost\u0119pnej w dw\u00f3ch kolorach: bia\u0142ym i czarnym.<\/p>\n<p>Czy wiesz, \u017ce sterowanie klimatyzacj\u0105 b\u0119d\u0105c poza domem ma wiele zalet?<\/p>\n<p>Gdy jestem poza domem w domu spokojnie mo\u017cesz sterowa\u0107 telefonem. Po rejestracji na stronie MIDEA i loguj\u0105c si\u0119 do aplikacji MIDEA &#8211; bez problemu b\u0119dziesz m\u00f3g\u0142 sterowa\u0107 Klimatyzator telefonem nie b\u0119d\u0105c w domu.<br \/>\nJednostka wewn\u0119trzna wymaga ma\u0142y adapter, dodatkowo p\u0142atny. W dowolnym momencie mo\u017cna doda\u0107 funkcj\u0119 sterowania WiFi, umo\u017cliwiaj\u0105c\u0105 kontrol\u0119 klimatyzatora za pomoc\u0105 np. tabletu czy smartfona.<br \/>\nOd dzi\u015b mo\u017cesz sterowa\u0107 swoim klimatyzatorem z ka\u017cdego miejsca na ziemi!<\/p>\n<p><strong>Zam\u00f3wienie dotyczy<\/strong><br \/>\nZestawnego zestawu KMB-S18N8-A1B<br \/>\nJednostka wewn\u0119trzna MB-18N8D0-IB<br \/>\nJednostka zewn\u0119trzna MB-18N8D0-OH<br \/>\nPilot bezprzewodowy RG58<\/p>\n<p>w jednostkach zewn\u0119trznych zastosowano  najnowsz\u0105  technologi\u0119  Midea Inverter Quattro,  kt\u00f3ra  dzi\u0119ki  innowacyjnym  rozwi\u0105zaniom, gwarantuje najni\u017csze zu\u017cycie energii, najwy\u017csz\u0105 efektywno\u015b\u0107 i ekonomiczn\u0105 prac\u0119. To kombinacja 4 funkcjonalno\u015bci: Gear i  ieCo,  Flash Cooling\/Heating,  praca  w  ekstremalnych warunkach oraz bezstopniowa regulacja.<\/p>\n<h1>Czy wiesz, \u017ce mo\u017cna u\u017cy\u0107 jednej jednostki zewn\u0119trznej do pod\u0142\u0105czenia a\u017c 5 jednostek wewn\u0119trznych MISSION SMART?  To i wiele innych udogodnie\u0144 oferuje system  MIDEA MULTI Comfort<\/h1>\n<p>Zakres wydajno\u015bci pracy urz\u0105dze\u0144 do temperatury zewn\u0119trznej poni\u017cej -30\u02daC, to komfort w pomieszczeniu nawet w najzimniejsze dni w roku. Jednostki zewn\u0119trzne wyposa\u017cono w grza\u0142k\u0119 tacy skroplin, funkcj\u0119 inteligentnego oszraniania, a wymiennik pokryto pow\u0142ok\u0105 hydrofilow\u0105 w celu zwi\u0119kszenia sprawno\u015bci pracy w skrajnie niskich temperaturach powietrza zewn\u0119trznego.<br \/>\nBardzo korzystne ale rozbudowane rozwi\u0105zanie stanowi Klimatyzator na\u015bcienna. Zapraszamy do om\u00f3wienia zalet i wad klimatyzacji na\u015bciennej. Klimatyzator na\u015bcienna to podstawowe metoda kontroli klimatu w obiekcie typu dom, biuro, sklep. Klimatyzator na\u015bcienna podobnie do multi-split, sk\u0142ada si\u0119 ze spr\u0119\u017carki, skraplacza i wymiennika powietrza ch\u0142odz\u0105cego, kt\u00f3re instalowane s\u0105 w jeden system. Zestaw klimatyzacji dzielony jest na dwie jednostki, czyli urz\u0105dzenia wewn\u0119trzne, kt\u00f3re ch\u0142odz\u0105 i cyrkuluje powietrze, a tak\u017ce jednostk\u0119 na zewn\u0105trz, kt\u00f3ra ma spr\u0119\u017cark\u0119.<\/p>\n<p><strong>W jednym miejscu poznasz:<\/strong><br \/>\nInformacje odno\u015bnie klimatyzacji na\u015bciennej MIDEA<br \/>\nPoznasz najwa\u017cniejsze funkcje<br \/>\nPor\u00f3wnasz produkty<br \/>\nPoznasz parametry techniczne<br \/>\nPoznasz cen\u0119 i zrealizujesz zam\u00f3wienie<\/p>\n<p><strong>Zamawiaj\u0105c produkt u nas:<\/strong><br \/>\nOtrzymasz produkt<br \/>\nJednostk\u0119 wewn\u0119trzna<br \/>\nJednostk\u0119 zewn\u0119trzna<br \/>\nSterowanie<\/p>\n<p><strong>Zlecaj\u0105c nam monta\u017c w Warszawie i woj. mazowieckim otrzymasz:<\/strong><br \/>\nRabat na produkty MIDEA<br \/>\nZestawne pod\u0142\u0105czenie elektryczne oraz hydrauliczne<br \/>\nGwarancje<br \/>\nSerwis.<\/p>\n<h2><strong>Zapraszamy do por\u00f3wnania zalet i wad klimatyzacji na\u015bciennej MISSION SMART<\/strong><\/h2>\n<p><strong>Jakie s\u0105 zalety takich klimatyzator\u00f3w?<\/strong><\/p>\n<div class=\"su-service\"><div class=\"su-service-title\" style=\"padding-left:52px;min-height:38px;line-height:38px\"><i class=\"sui sui-check-circle\" style=\"font-size:38px;color:#22a0ed\"><\/i> Wskaz\u00f3wka naszego eksperta<\/div><div class=\"su-service-content su-u-clearfix su-u-trim\" style=\"padding-left:52px\">Zwi\u0119ksza estetyk\u0119 poniewa\u017c jest tylko jedna jednostka zewn\u0119trzna<br \/>\nKompaktowa budowa agregatu i mo\u017cliwo\u015b\u0107 pod\u0142\u0105czenia a\u017c do 5 jednostek wewn\u0119trznych typu MISSION SMART, w opcji MULTI<br \/>Dzi\u0119ki nowoczesnej technologii inwerterowej, agregaty osi\u0105gaj\u0105 najwy\u017csze klasy efektywno\u015bci energetycznej<br \/>Jednostki MISSION SMART zapewni\u0105 komfort klimatyzacji na ca\u0142ej przestrzeni obiektu Multi<br \/>Urz\u0105dzeniami mo\u017cna sterowa\u0107 indywidualnie, zapewniaj\u0105c komfortowe warunki we wszystkich pomieszczeniach<br \/>Nie ha\u0142asuje, jest najcichszy w\u015br\u00f3d wszystkich klimatyzator\u00f3w<br \/>Pe\u0142na automatyzacja i programowanie tygodniowe<br \/>\nZakres pracy agregat\u00f3w dla temperatur zewn\u0119trznych to -25\u02daC ~ +50\u02daC <br \/>Trybie grzania urz\u0105dzenie utrzymuje w pomieszczeniu temperatur\u0119 dy\u017curn\u0105 8\u00b0C.<br \/>Mono (tylko jedna jednostka wewn\u0119trzna) zapewni szybkie rozwi\u0105zanie w upalne dni<br \/>Multi a\u017c do 5 jednostek wewn\u0119trznych<br \/>Samooczyszczenie wymiennika ciep\u0142a jednostki wewn\u0119trznej i zewn\u0119trznej &#8211; to kolejna funkcja,kt\u00f3ra zapewni d\u0142ugie dzia\u0142anie urz\u0105dzenia bez konieczno\u015bci wzywania serwisu klimatyzacji<\/div><\/div>\n<p><strong>Jakie s\u0105 wady klimatyzator\u00f3w?<\/strong><\/p>\n<div class=\"su-service\"><div class=\"su-service-title\" style=\"padding-left:52px;min-height:38px;line-height:38px\"><i class=\"sui sui-times-circle\" style=\"font-size:38px;color:#22a0ed\"><\/i> Wskaz\u00f3wka naszego eksperta<\/div><div class=\"su-service-content su-u-clearfix su-u-trim\" style=\"padding-left:52px\">Jednostka zewn\u0119trzna, kt\u00f3ra mo\u017ce przeszkadza\u0107 innym<br \/>Jednostka zewn\u0119trzna, kt\u00f3ra mo\u017ce przeszkadza\u0107 innym<br \/>Doprowadzenie ruroci\u0105gu i odprowadzenia skroplin<br \/>Monta\u017c w ka\u017cdym pokoju lub pomieszczeniu<br \/>Stosowne pozwolenia od administratora budynku<br \/><\/div><\/div>\n<div class=\"hr-thin\"><\/div>\n<div class=\"su-service\"><div class=\"su-service-title\" style=\"padding-left:52px;min-height:38px;line-height:38px\"><i class=\"sui sui-info-circle\" style=\"font-size:38px;color:#22a0ed\"><\/i> Wskaz\u00f3wka naszego eksperta<\/div><div class=\"su-service-content su-u-clearfix su-u-trim\" style=\"padding-left:52px\">\nChcesz zaoszcz\u0119dzi\u0107 na instalacji wielu zestaw\u00f3w, wybierz system MIDEA MULTI Comfort, instaluj\u0105c a\u017c do 5 jednostek wewn\u0119trznych. Dzi\u0119ki temu, temperatur\u0119 np. w pokoju dziecka b\u0119dzie mo\u017cna utrzyma\u0107 w nieco wy\u017cszych temperaturach ni\u017c w innych pomieszczeniach. Przy niewielkiej inwestycji, Klimatyzator MIDEA MULTI Comfort mo\u017ce by\u0107 zaprojektowana tak, aby s\u0142u\u017cy\u0107 jako systemy grzewcze w ca\u0142ym obiekcie.<br \/>\n<\/div><\/div>\n<div class=\"hr-thin\"><\/div>\n<div class=\"su-service\"><div class=\"su-service-title\" style=\"padding-left:52px;min-height:38px;line-height:38px\"><i class=\"sui sui-info-circle\" style=\"font-size:38px;color:#22a0ed\"><\/i> Wskaz\u00f3wka naszego eksperta<\/div><div class=\"su-service-content su-u-clearfix su-u-trim\" style=\"padding-left:52px\">\nPodsumowuj\u0105c, je\u015bli chcesz zainstalowa\u0107 tylko w jednym pomieszczeniu lub ma\u0142ym mieszkaniu zestaw jest dla Ciebie. Je\u015bli wi\u0119cej ni\u017c jedno pomieszczenie, polecamy system MIDEA MULTI Comfort sk\u0142adaj\u0105cy si\u0119 z szeregu jednostek MISSION SMART<br \/>\n<\/div><\/div>\n<p>Prezentowane zestaw klimatyzacji na\u015bciennej MIDEA MISSION SMART mo\u017ce efektywnie ch\u0142odzi\u0107 i grza\u0107 mniejsze pomieszczenia mieszkalne jak r\u00f3wnie\u017c pomieszczenia komercyjne, biura, sklepy. Sterownik przewodowy lub bezprzewodowy, umo\u017cliwia odczyt temperatury w pomieszczeniu, a samo sterowanie i panel jest intuicyjny w j.polskim.<\/p>\n<div class=\"hr-thin\"><\/div>\n<div class=\"su-service\"><div class=\"su-service-title\" style=\"padding-left:52px;min-height:38px;line-height:38px\"><i class=\"sui sui-info-circle\" style=\"font-size:38px;color:#22a0ed\"><\/i> Wskaz\u00f3wka naszego eksperta<\/div><div class=\"su-service-content su-u-clearfix su-u-trim\" style=\"padding-left:52px\">Urz\u0105dzenie bez zb\u0119dnych inwestycji s\u0142u\u017cy do<strong>ch\u0142odzenia ale r\u00f3wnie\u017c ogrzewania<\/strong>.<\/div><\/div>\n<p>PARAMETRY TECHNICZNE<\/p>\n<div class=\"su-tabs su-tabs-style-default su-tabs-mobile-stack\" data-active=\"1\" data-scroll-offset=\"0\" data-anchor-in-url=\"no\"><div class=\"su-tabs-nav\"><span class=\"\" data-url=\"\" data-target=\"blank\" tabindex=\"0\" role=\"button\">MIDEA MISSION SMART Jednostki Na\u015bcienne<\/span><span class=\"\" data-url=\"\" data-target=\"blank\" tabindex=\"0\" role=\"button\">Pilot bezprzewodowy<\/span><span class=\"\" data-url=\"\" data-target=\"blank\" tabindex=\"0\" role=\"button\">Por\u00f3wnanie modeli MIDEA MISSION SMART<\/span><span class=\"\" data-url=\"\" data-target=\"blank\" tabindex=\"0\" role=\"button\">Jednostka zewn\u0119trzna MIDEA MISSION SMART<\/span><\/div><div class=\"su-tabs-panes\"><div class=\"su-tabs-pane su-u-clearfix su-u-trim\" data-title=\"MIDEA MISSION SMART Jednostki Na\u015bcienne\">\n<div class=\"su-document su-u-responsive-media-yes\"><iframe src=\"\/\/docs.google.com\/viewer?embedded=true&url=https:\/\/www.fabrykachlodu.pl\/sklep\/file\/2019\/09\/MIDEA.MISSION.Smart_.tani_.klimatyzator.jednostka.mono_.lub_.multi_.pdf\" width=\"600\" height=\"400\" class=\"su-document\" title=\"\"><\/iframe><\/div>\n<\/div>\n<div class=\"su-tabs-pane su-u-clearfix su-u-trim\" data-title=\"Pilot bezprzewodowy\">\n<div class=\"su-document su-u-responsive-media-yes\"><iframe src=\"\/\/docs.google.com\/viewer?embedded=true&url=https:\/\/www.fabrykachlodu.pl\/sklep\/file\/2019\/09\/PILOT.DO_.KLIMATYZACJI.MIDEA_.RG58.pdf\" width=\"600\" height=\"400\" class=\"su-document\" title=\"\"><\/iframe><\/div>\n<\/div>\n<div class=\"su-tabs-pane su-u-clearfix su-u-trim\" data-title=\"Por\u00f3wnanie modeli MIDEA MISSION SMART\">\n<div class=\"su-document su-u-responsive-media-yes\"><iframe src=\"\/\/docs.google.com\/viewer?embedded=true&url=https:\/\/www.fabrykachlodu.pl\/sklep\/file\/2019\/09\/Porownanie.modeli.MISSION.Smart_.w.systemie.mono_.lub_.multi_.split_.pdf\" width=\"600\" height=\"400\" class=\"su-document\" title=\"\"><\/iframe><\/div>\n<\/div>\n<div class=\"su-tabs-pane su-u-clearfix su-u-trim\" data-title=\"Jednostka zewn\u0119trzna MIDEA MISSION SMART\">\n<div class=\"su-document su-u-responsive-media-yes\"><iframe src=\"\/\/docs.google.com\/viewer?embedded=true&url=https:\/\/www.fabrykachlodu.pl\/sklep\/file\/2019\/09\/jednostka.zewnetrzna.do_domu_hotelu_biura_domu_mieszkaniaKatalog_RAC_VRF_Midea_2019.pdf\" width=\"600\" height=\"400\" class=\"su-document\" title=\"\"><\/iframe><\/div>\n<\/div><\/div><\/div>\n<p>Dokumenty si\u0119 nie wy\u015bwietlaj\u0105? <input type=\"button\" value=\"Od\u015bwie\u017c stron\u0119\" onclick=\"location.reload();\"><\/p>\n<p>&nbsp;<\/p>\n<p><strong>MISSION SMART to doskona\u0142e rozwi\u0105zanie dla ka\u017cdego rodzaju pomieszcze\u0144: mieszkania, domu; jak r\u00f3wnie\u017c \u0142\u0105cz\u0105c je w szeregu: do biura, sklepu, hotelu, do restauracji.\u00a0  <\/strong>Klimatyzatory z tej serii z powodzeniem wykorzystywane s\u0105 r\u00f3wnie\u017c zim\u0105. Zakres ich pracy rozpoczyna si\u0119 od -25\u02daC w trybie ch\u0142odzenia oraz grzania.<\/p>\n","protected":false},"excerpt":{"rendered":"[dt_list style=\"1\" bullet_position=\"middle\" dividers=\"true\"][dt_list_item image=\"\"]Tryb oszcz\u0119dzania energii[\/dt_list_item][dt_list_item image=\"\"]Utrzymanie stabilnej temperatury w pomieszczeniach[\/dt_list_item][dt_list_item image=\"\"]Elegancki czarny kolor pasuj\u0105cy do nowoczesnych wn\u0119trz[\/dt_list_item][dt_list_item image=\"\"]Filtry o wysokiej g\u0119sto\u015bci zapewni\u0105 dwukrotnie czystsze powietrze[\/dt_list_item][\/dt_list]\n","protected":false},"featured_media":49428,"template":"","meta":[],"product_cat":[6201],"product_tag":[2928,2929,1090,1079,1091,1053,5155,2942,5142,5144],"yoast_head":"<!-- This site is optimized with the Yoast SEO plugin v22.1 - https:\/\/yoast.com\/wordpress\/plugins\/seo\/ -->\n<title>\u00b0FC Klimatyzator MIDEA MISSION SMART zestaw KMB-S18N8-A1B Czarny Efekt. Energ. Ch\u0142odzenie A++, 5.4kW, do 55m2, 5 pomieszcze\u0144<\/title>\n<meta name=\"description\" content=\"Klimatyzator MIDEA MISSION SMART zestaw KMB-S18N8-A1B Czarny Efekt. Energ. Ch\u0142odzenie A++, 5.4kW, do 55m2, 5 pomieszcze\u0144\" \/>\n<meta name=\"robots\" content=\"index, nofollow, max-snippet:-1, max-image-preview:large, max-video-preview:-1, noarchive\" \/>\n<link rel=\"canonical\" href=\"https:\/\/www.fabrykachlodu.pl\/sklep\/produkt\/klimatyzacja-midea-zestaw-kmb-s18n8-a1b-czarny-efekt-energ-chlodzenie-a-5-4kw-do-55m2-5-pomieszczen\/\" \/>\n<meta name=\"twitter:label1\" content=\"Szacowany czas czytania\" \/>\n\t<meta name=\"twitter:data1\" content=\"6 minut\" \/>\n<script type=\"application\/ld+json\" class=\"yoast-schema-graph\">{\"@context\":\"https:\/\/schema.org\",\"@graph\":[{\"@type\":\"WebPage\",\"@id\":\"https:\/\/www.fabrykachlodu.pl\/sklep\/produkt\/klimatyzacja-midea-zestaw-kmb-s18n8-a1b-czarny-efekt-energ-chlodzenie-a-5-4kw-do-55m2-5-pomieszczen\/\",\"url\":\"https:\/\/www.fabrykachlodu.pl\/sklep\/produkt\/klimatyzacja-midea-zestaw-kmb-s18n8-a1b-czarny-efekt-energ-chlodzenie-a-5-4kw-do-55m2-5-pomieszczen\/\",\"name\":\"\u00b0FC Klimatyzator MIDEA MISSION SMART zestaw KMB-S18N8-A1B Czarny Efekt. Energ. Ch\u0142odzenie A++, 5.4kW, do 55m2, 5 pomieszcze\u0144\",\"isPartOf\":{\"@id\":\"https:\/\/www.fabrykachlodu.pl\/sklep\/#website\"},\"datePublished\":\"2019-09-20T21:06:41+00:00\",\"dateModified\":\"2022-06-20T10:41:27+00:00\",\"description\":\"Klimatyzator MIDEA MISSION SMART zestaw KMB-S18N8-A1B Czarny Efekt. Energ. Ch\u0142odzenie A++, 5.4kW, do 55m2, 5 pomieszcze\u0144\",\"breadcrumb\":{\"@id\":\"https:\/\/www.fabrykachlodu.pl\/sklep\/produkt\/klimatyzacja-midea-zestaw-kmb-s18n8-a1b-czarny-efekt-energ-chlodzenie-a-5-4kw-do-55m2-5-pomieszczen\/#breadcrumb\"},\"inLanguage\":\"pl-PL\",\"potentialAction\":[{\"@type\":\"ReadAction\",\"target\":[\"https:\/\/www.fabrykachlodu.pl\/sklep\/produkt\/klimatyzacja-midea-zestaw-kmb-s18n8-a1b-czarny-efekt-energ-chlodzenie-a-5-4kw-do-55m2-5-pomieszczen\/\"]}]},{\"@type\":\"BreadcrumbList\",\"@id\":\"https:\/\/www.fabrykachlodu.pl\/sklep\/produkt\/klimatyzacja-midea-zestaw-kmb-s18n8-a1b-czarny-efekt-energ-chlodzenie-a-5-4kw-do-55m2-5-pomieszczen\/#breadcrumb\",\"itemListElement\":[{\"@type\":\"ListItem\",\"position\":1,\"name\":\"Strona g\u0142\u00f3wna\",\"item\":\"https:\/\/www.fabrykachlodu.pl\/sklep\/\"},{\"@type\":\"ListItem\",\"position\":2,\"name\":\"Szukasz klimatzyacji biurowej sklepowej lub do mieszkania?\",\"item\":\"https:\/\/www.fabrykachlodu.pl\/sklep\/\"},{\"@type\":\"ListItem\",\"position\":3,\"name\":\"PRODUKTY ARCHIWALNE\",\"item\":\"https:\/\/www.fabrykachlodu.pl\/sklep\/product-category\/produkty-archiwalne\/\"},{\"@type\":\"ListItem\",\"position\":4,\"name\":\"\u00b0FC Klimatyzator MIDEA MISSION SMART zestaw KMB-S18N8-A1B Czarny Efekt. Energ. Ch\u0142odzenie A++, 5.4kW, do 55m2, 5 pomieszcze\u0144\"}]},{\"@type\":\"WebSite\",\"@id\":\"https:\/\/www.fabrykachlodu.pl\/sklep\/#website\",\"url\":\"https:\/\/www.fabrykachlodu.pl\/sklep\/\",\"name\":\"\u00b0FC Sklep Internetowy monta\u017c klimatyzacji pomp ciep\u0142a\",\"description\":\"\u00b0FC monta\u017c klimatyzacji pomp ciep\u0142a z nami to szybki i tani wyb\u00f3r.  Us\u0142ugi monta\u017cowe i serwisowe W Warszawie i okolicach..\",\"potentialAction\":[{\"@type\":\"SearchAction\",\"target\":{\"@type\":\"EntryPoint\",\"urlTemplate\":\"https:\/\/www.fabrykachlodu.pl\/sklep\/?s={search_term_string}\"},\"query-input\":\"required name=search_term_string\"}],\"inLanguage\":\"pl-PL\"}]}<\/script>\n<!-- \/ Yoast SEO plugin. -->","yoast_head_json":{"title":"\u00b0FC Klimatyzator MIDEA MISSION SMART zestaw KMB-S18N8-A1B Czarny Efekt. Energ. Ch\u0142odzenie A++, 5.4kW, do 55m2, 5 pomieszcze\u0144","description":"Klimatyzator MIDEA MISSION SMART zestaw KMB-S18N8-A1B Czarny Efekt. Energ. Ch\u0142odzenie A++, 5.4kW, do 55m2, 5 pomieszcze\u0144","robots":{"index":"index","follow":"nofollow","max-snippet":"max-snippet:-1","max-image-preview":"max-image-preview:large","max-video-preview":"max-video-preview:-1","archive":"noarchive"},"canonical":"https:\/\/www.fabrykachlodu.pl\/sklep\/produkt\/klimatyzacja-midea-zestaw-kmb-s18n8-a1b-czarny-efekt-energ-chlodzenie-a-5-4kw-do-55m2-5-pomieszczen\/","twitter_misc":{"Szacowany czas czytania":"6 minut"},"schema":{"@context":"https:\/\/schema.org","@graph":[{"@type":"WebPage","@id":"https:\/\/www.fabrykachlodu.pl\/sklep\/produkt\/klimatyzacja-midea-zestaw-kmb-s18n8-a1b-czarny-efekt-energ-chlodzenie-a-5-4kw-do-55m2-5-pomieszczen\/","url":"https:\/\/www.fabrykachlodu.pl\/sklep\/produkt\/klimatyzacja-midea-zestaw-kmb-s18n8-a1b-czarny-efekt-energ-chlodzenie-a-5-4kw-do-55m2-5-pomieszczen\/","name":"\u00b0FC Klimatyzator MIDEA MISSION SMART zestaw KMB-S18N8-A1B Czarny Efekt. Energ. Ch\u0142odzenie A++, 5.4kW, do 55m2, 5 pomieszcze\u0144","isPartOf":{"@id":"https:\/\/www.fabrykachlodu.pl\/sklep\/#website"},"datePublished":"2019-09-20T21:06:41+00:00","dateModified":"2022-06-20T10:41:27+00:00","description":"Klimatyzator MIDEA MISSION SMART zestaw KMB-S18N8-A1B Czarny Efekt. Energ. Ch\u0142odzenie A++, 5.4kW, do 55m2, 5 pomieszcze\u0144","breadcrumb":{"@id":"https:\/\/www.fabrykachlodu.pl\/sklep\/produkt\/klimatyzacja-midea-zestaw-kmb-s18n8-a1b-czarny-efekt-energ-chlodzenie-a-5-4kw-do-55m2-5-pomieszczen\/#breadcrumb"},"inLanguage":"pl-PL","potentialAction":[{"@type":"ReadAction","target":["https:\/\/www.fabrykachlodu.pl\/sklep\/produkt\/klimatyzacja-midea-zestaw-kmb-s18n8-a1b-czarny-efekt-energ-chlodzenie-a-5-4kw-do-55m2-5-pomieszczen\/"]}]},{"@type":"BreadcrumbList","@id":"https:\/\/www.fabrykachlodu.pl\/sklep\/produkt\/klimatyzacja-midea-zestaw-kmb-s18n8-a1b-czarny-efekt-energ-chlodzenie-a-5-4kw-do-55m2-5-pomieszczen\/#breadcrumb","itemListElement":[{"@type":"ListItem","position":1,"name":"Strona g\u0142\u00f3wna","item":"https:\/\/www.fabrykachlodu.pl\/sklep\/"},{"@type":"ListItem","position":2,"name":"Szukasz klimatzyacji biurowej sklepowej lub do mieszkania?","item":"https:\/\/www.fabrykachlodu.pl\/sklep\/"},{"@type":"ListItem","position":3,"name":"PRODUKTY ARCHIWALNE","item":"https:\/\/www.fabrykachlodu.pl\/sklep\/product-category\/produkty-archiwalne\/"},{"@type":"ListItem","position":4,"name":"\u00b0FC Klimatyzator MIDEA MISSION SMART zestaw KMB-S18N8-A1B Czarny Efekt. Energ. Ch\u0142odzenie A++, 5.4kW, do 55m2, 5 pomieszcze\u0144"}]},{"@type":"WebSite","@id":"https:\/\/www.fabrykachlodu.pl\/sklep\/#website","url":"https:\/\/www.fabrykachlodu.pl\/sklep\/","name":"\u00b0FC Sklep Internetowy monta\u017c klimatyzacji pomp ciep\u0142a","description":"\u00b0FC monta\u017c klimatyzacji pomp ciep\u0142a z nami to szybki i tani wyb\u00f3r.  Us\u0142ugi monta\u017cowe i serwisowe W Warszawie i okolicach..","potentialAction":[{"@type":"SearchAction","target":{"@type":"EntryPoint","urlTemplate":"https:\/\/www.fabrykachlodu.pl\/sklep\/?s={search_term_string}"},"query-input":"required name=search_term_string"}],"inLanguage":"pl-PL"}]}},"_links":{"self":[{"href":"https:\/\/www.fabrykachlodu.pl\/sklep\/wp-json\/wp\/v2\/product\/42083"}],"collection":[{"href":"https:\/\/www.fabrykachlodu.pl\/sklep\/wp-json\/wp\/v2\/product"}],"about":[{"href":"https:\/\/www.fabrykachlodu.pl\/sklep\/wp-json\/wp\/v2\/types\/product"}],"wp:featuredmedia":[{"embeddable":true,"href":"https:\/\/www.fabrykachlodu.pl\/sklep\/wp-json\/wp\/v2\/media\/49428"}],"wp:attachment":[{"href":"https:\/\/www.fabrykachlodu.pl\/sklep\/wp-json\/wp\/v2\/media?parent=42083"}],"wp:term":[{"taxonomy":"product_cat","embeddable":true,"href":"https:\/\/www.fabrykachlodu.pl\/sklep\/wp-json\/wp\/v2\/product_cat?post=42083"},{"taxonomy":"product_tag","embeddable":true,"href":"https:\/\/www.fabrykachlodu.pl\/sklep\/wp-json\/wp\/v2\/product_tag?post=42083"}],"curies":[{"name":"wp","href":"https:\/\/api.w.org\/{rel}","templated":true}]}}