{"id":42157,"date":"2019-09-23T08:40:43","date_gmt":"2019-09-23T06:40:43","guid":{"rendered":"http:\/\/www.fabrykachlodu.pl\/sklep\/produkt\/import-placeholder-for-kma-b12n8-a1\/"},"modified":"2022-12-19T22:07:10","modified_gmt":"2022-12-19T21:07:10","slug":"zestaw-midea-kma-b12n8-a1-klimatyzacja-o-mocy-3-7kw-a-do-35m2-3-pomieszczen","status":"publish","type":"product","link":"https:\/\/www.fabrykachlodu.pl\/sklep\/produkt\/zestaw-midea-kma-b12n8-a1-klimatyzacja-o-mocy-3-7kw-a-do-35m2-3-pomieszczen\/","title":{"rendered":"\u00b0FC Zestaw MIDEA ECONOMY BLANC KMA-B12N8-A1 Klimatyzator o mocy 3.7kW A++, do 35m2, 3 pomieszcze\u0144"},"content":{"rendered":"<p>Je\u015bli zale\u017cy Ci na szybkim ch\u0142odzeniu pomieszcze\u0144 w domu to Klimatyzator to MIDEA BLANC jest dla Ciebie! Klimatyzator firmy MIDEA seria BLANC to doskona\u0142y spos\u00f3b na sch\u0142odzenie pokoju lub sypialni ju\u017c w 30 sekund! Super silny nawiew szybko sch\u0142odzi Twoje pomieszczenie nawet do 17\u00b0C, w czasie o po\u0142ow\u0119 kr\u00f3tszym od standardowego. \u015awie\u017ce i zdrowe powietrze w domu lub mieszkaniu to podstawa naszego zdrowia. Seria BLANC posiada wbudowany w klimatyzator jonizator powietrza. Uwalniaj\u0105c jony ujemne i dodatnie, eliminuje z otoczenia nieprzyjemne zapachy, kurz, dym i py\u0142ki.<\/p>\n<p>Funkcja Comfort powoduje, \u017ce klimatyzator automatycznie zmienia zadan\u0105 temperatur\u0119 na 23\u00b0C \u2013 najbardziej optymaln\u0105 temperatur\u0119 w trybie ch\u0142odzenia.<\/p>\n<p>MIDEA BLANC to przyst\u0119pny klimatyzator na ka\u017cd\u0105 kiesze\u0144. Sprawdzi si\u0119 w ka\u017cdym ma\u0142ym mieszkaniu czy domu, obs\u0142uguj\u0105c jedno lub wi\u0119cej pomieszcze\u0144.<br \/>\nPracuje w oparciu o ekologiczny czynnik R32. Ca\u0142o\u015b\u0107 zamkni\u0119ta w eleganck\u0105 i kompaktow\u0105 obudow\u0119 dla zapewnienia energooszcz\u0119dnej pracy i optymalnych warunk\u00f3w w pomieszczeniu.<\/p>\n<p>Czy wiesz, \u017ce sterowanie klimatyzacj\u0105 b\u0119d\u0105c poza domem ma wiele zalet?<\/p>\n<p>Gdy jestem poza domem w domu spokojnie mo\u017cesz sterowa\u0107 telefonem. Po rejestracji na stronie MIDEA i loguj\u0105c si\u0119 do aplikacji MIDEA &#8211; bez problemu b\u0119dziesz m\u00f3g\u0142 sterowa\u0107 Klimatyzator telefonem nie b\u0119d\u0105c w domu.<br \/>\nJednostka wewn\u0119trzna wymaga ma\u0142y adapter, dodatkowo p\u0142atny. W dowolnym momencie mo\u017cna doda\u0107 funkcj\u0119 sterowania WiFi, umo\u017cliwiaj\u0105c\u0105 kontrol\u0119 klimatyzatora za pomoc\u0105 np. tabletu czy smartfona.<br \/>\nOd dzi\u015b mo\u017cesz sterowa\u0107 swoim klimatyzatorem z ka\u017cdego miejsca na ziemi!<\/p>\n<p><strong>Zam\u00f3wienie dotyczy<\/strong><br \/>\nZestawnego zestawu KMA-B12N8-A1<br \/>\nJednostka wewn\u0119trzna MA-12NXD0-I<br \/>\nJednostka zewn\u0119trzna MA-12N8D0-O<br \/>\nPilot bezprzewodowy RG70<\/p>\n<p>Bardzo korzystne ale rozbudowane rozwi\u0105zanie stanowi Klimatyzator na\u015bcienna. Zapraszamy do om\u00f3wienia zalet i wad klimatyzacji na\u015bciennej. Klimatyzator na\u015bcienna to podstawowe metoda kontroli klimatu w obiekcie typu dom, biuro, sklep. Klimatyzator na\u015bcienna podobnie do multi-split, sk\u0142ada si\u0119 ze spr\u0119\u017carki, skraplacza i wymiennika powietrza ch\u0142odz\u0105cego, kt\u00f3re instalowane s\u0105 w jeden system. Zestaw klimatyzacji dzielony jest na dwie jednostki, czyli urz\u0105dzenia wewn\u0119trzne, kt\u00f3re ch\u0142odz\u0105 i cyrkuluje powietrze, a tak\u017ce jednostk\u0119 na zewn\u0105trz, kt\u00f3ra ma spr\u0119\u017cark\u0119.<\/p>\n<p><strong>W jednym miejscu poznasz:<\/strong><br \/>\nInformacje odno\u015bnie klimatyzacji na\u015bciennej MIDEA<br \/>\nPoznasz najwa\u017cniejsze funkcje<br \/>\nPor\u00f3wnasz produkty<br \/>\nPoznasz parametry techniczne<br \/>\nPoznasz cen\u0119 i zrealizujesz zam\u00f3wienie<\/p>\n<p><strong>Zamawiaj\u0105c produkt u nas:<\/strong><br \/>\nOtrzymasz produkt<br \/>\nJednostk\u0119 wewn\u0119trzna<br \/>\nJednostk\u0119 zewn\u0119trzna<br \/>\nSterowanie<\/p>\n<p><strong>Zlecaj\u0105c nam monta\u017c w Warszawie i woj. mazowieckim otrzymasz:<\/strong><br \/>\nRabat na produkty MIDEA<br \/>\nZestawne pod\u0142\u0105czenie elektryczne oraz hydrauliczne<br \/>\nGwarancje<br \/>\nSerwis.<\/p>\n<h2><strong>Zapraszamy do por\u00f3wnania zalet i wad klimatyzacji na\u015bciennej MISSION BLANC<\/strong><\/h2>\n<p><strong>Jakie s\u0105 zalety takich klimatyzator\u00f3w?<\/strong><\/p>\n<div class=\"su-service\"><div class=\"su-service-title\" style=\"padding-left:52px;min-height:38px;line-height:38px\"><i class=\"sui sui-check-circle\" style=\"font-size:38px;color:#22a0ed\"><\/i> Wskaz\u00f3wka naszego eksperta<\/div><div class=\"su-service-content su-u-clearfix su-u-trim\" style=\"padding-left:52px\">Zwi\u0119ksza estetyk\u0119 poniewa\u017c jest tylko jedna jednostka zewn\u0119trzna<br \/>\nKompaktowa budowa agregatu<br \/>Funkcje pozwalaj\u0105ce na szybkie ch\u0142odzenie<br \/>Wbudowany jonizator aby oczyszcza\u0107 powietrze<br \/>FDogodne sterowanie oraz WiFi<br \/><\/div><\/div>\n<p><strong>Jakie s\u0105 wady klimatyzator\u00f3w?<\/strong><\/p>\n<div class=\"su-service\"><div class=\"su-service-title\" style=\"padding-left:52px;min-height:38px;line-height:38px\"><i class=\"sui sui-times-circle\" style=\"font-size:38px;color:#22a0ed\"><\/i> Wskaz\u00f3wka naszego eksperta<\/div><div class=\"su-service-content su-u-clearfix su-u-trim\" style=\"padding-left:52px\">Seria BLANC zalecana jest do monta\u017cu MONO to znaczy, nie mo\u017ce by\u0107 u\u017cyta w systemie MIDEA MULTI Comfort. Prosimy wybra\u0107 inny model je\u015bli zale\u017cy Ci na MIDEA MULTI Comfor<br \/>Jednostka zewn\u0119trzna, kt\u00f3ra mo\u017ce przeszkadza\u0107 innym<br \/>Jednostka zewn\u0119trzna, kt\u00f3ra mo\u017ce przeszkadza\u0107 innym<br \/>Doprowadzenie ruroci\u0105gu i odprowadzenia skroplin<br \/>Monta\u017c w ka\u017cdym pokoju lub pomieszczeniu<br \/>Stosowne pozwolenia od administratora budynku<br \/><\/div><\/div>\n<div class=\"hr-thin\"><\/div>\n<div class=\"su-service\"><div class=\"su-service-title\" style=\"padding-left:52px;min-height:38px;line-height:38px\"><i class=\"sui sui-info-circle\" style=\"font-size:38px;color:#22a0ed\"><\/i> Wskaz\u00f3wka naszego eksperta<\/div><div class=\"su-service-content su-u-clearfix su-u-trim\" style=\"padding-left:52px\">\nChcesz zaoszcz\u0119dzi\u0107 na instalacji wielu zestaw\u00f3w, wybierz system MIDEA MULTI Comfort, instaluj\u0105c a\u017c do 5 jednostek wewn\u0119trznych. Dzi\u0119ki temu, temperatur\u0119 np. w pokoju dziecka b\u0119dzie mo\u017cna utrzyma\u0107 w nieco wy\u017cszych temperaturach ni\u017c w innych pomieszczeniach. Przy niewielkiej inwestycji, Klimatyzator MIDEA MULTI Comfort mo\u017ce by\u0107 zaprojektowana tak, aby s\u0142u\u017cy\u0107 jako systemy grzewcze w ca\u0142ym obiekcie.<br \/>\n<\/div><\/div>\n<div class=\"hr-thin\"><\/div>\n<div class=\"su-service\"><div class=\"su-service-title\" style=\"padding-left:52px;min-height:38px;line-height:38px\"><i class=\"sui sui-info-circle\" style=\"font-size:38px;color:#22a0ed\"><\/i> Wskaz\u00f3wka naszego eksperta<\/div><div class=\"su-service-content su-u-clearfix su-u-trim\" style=\"padding-left:52px\">\nPodsumowuj\u0105c, je\u015bli chcesz zainstalowa\u0107 tylko w jednym pomieszczeniu lub ma\u0142ym mieszkaniu zestaw jest dla Ciebie. Jest to najta\u0144sze rozwi\u0105zanie firmy MIDEA.<br \/>\n<\/div><\/div>\n<p>Prezentowane zestaw klimatyzacji na\u015bciennej MIDEA BLANC mo\u017ce efektywnie ch\u0142odzi\u0107 mniejsze pomieszczenia mieszkalne jak r\u00f3wnie\u017c pomieszczenia komercyjne, biura, sklepy. Sterownik przewodowy lub bezprzewodowy, umo\u017cliwia odczyt temperatury w pomieszczeniu, a samo sterowanie i panel jest intuicyjny w j.polskim.<\/p>\n<p>PARAMETRY TECHNICZNE<\/p>\n<div class=\"su-tabs su-tabs-style-default su-tabs-mobile-stack\" data-active=\"1\" data-scroll-offset=\"0\" data-anchor-in-url=\"no\"><div class=\"su-tabs-nav\"><span class=\"\" data-url=\"\" data-target=\"blank\" tabindex=\"0\" role=\"button\">MIDEA BLANC Jednostki Na\u015bcienne<\/span><span class=\"\" data-url=\"\" data-target=\"blank\" tabindex=\"0\" role=\"button\">Pilot bezprzewodowy<\/span><span class=\"\" data-url=\"\" data-target=\"blank\" tabindex=\"0\" role=\"button\">Por\u00f3wnanie modeli MIDEA BLANC<\/span><\/div><div class=\"su-tabs-panes\"><div class=\"su-tabs-pane su-u-clearfix su-u-trim\" data-title=\"MIDEA BLANC Jednostki Na\u015bcienne\">\n<div class=\"su-document su-u-responsive-media-yes\"><iframe src=\"\/\/docs.google.com\/viewer?embedded=true&url=https:\/\/www.fabrykachlodu.pl\/sklep\/file\/2019\/09\/Midea.Blanc_.tani_.i.dobry_.klimatyzator.do_.mieszkania.pdf\" width=\"600\" height=\"400\" class=\"su-document\" title=\"\"><\/iframe><\/div>\n<\/div>\n<div class=\"su-tabs-pane su-u-clearfix su-u-trim\" data-title=\"Pilot bezprzewodowy\">\n<div class=\"su-document su-u-responsive-media-yes\"><iframe src=\"\/\/docs.google.com\/viewer?embedded=true&url=https:\/\/www.fabrykachlodu.pl\/sklep\/file\/2019\/09\/PILOT.DO_.KLIMATYZACJI.MIDEA_.RG58.pdf\" width=\"600\" height=\"400\" class=\"su-document\" title=\"\"><\/iframe><\/div>\n<\/div>\n<div class=\"su-tabs-pane su-u-clearfix su-u-trim\" data-title=\"Por\u00f3wnanie modeli MIDEA BLANC\">\n<div class=\"su-document su-u-responsive-media-yes\"><iframe src=\"\/\/docs.google.com\/viewer?embedded=true&url=https:\/\/www.fabrykachlodu.pl\/sklep\/file\/2019\/09\/Midea.Blanc_.tani_.i.porownanie.modeli.pdf\" width=\"600\" height=\"400\" class=\"su-document\" title=\"\"><\/iframe><\/div>\n<\/div><\/div><\/div>\n<p>Dokumenty si\u0119 nie wy\u015bwietlaj\u0105? <input type=\"button\" value=\"Od\u015bwie\u017c stron\u0119\" onclick=\"location.reload();\"><\/p>\n<p>&nbsp;<\/p>\n<p><strong>MISSION BLANC to doskona\u0142e rozwi\u0105zanie dla ka\u017cdego rodzaju pomieszcze\u0144: mieszkania, domu; jak r\u00f3wnie\u017c \u0142\u0105cz\u0105c je w szeregu: do biura, sklepu, hotelu, do restauracji.<\/strong>Klimatyzatory z tej serii to przyst\u0119pne rozwi\u0105zanie bo jest tanie, ekonomiczne jak r\u00f3wnie\u017c niezawodne &#8211; potwierdzone 7 letni\u0105 gwarancja.<\/p>\n","protected":false},"excerpt":{"rendered":"<p><span style=\"color: #000000;\"><strong>Najwa\u017cniejsze zalety:<\/strong><\/span><br \/>\n[dt_list style=\"1\" bullet_position=\"middle\" dividers=\"true\"][dt_list_item image=\"\"]Niski pob\u00f3r energii elektrycznej w trybie STANDBY &#8211; tylko 1W [\/dt_list_item][dt_list_item image=\"\"]Utrzymanie stabilnej temperatury w pomieszczeniach[\/dt_list_item][dt_list_item image=\"\"]Teraz przyjemne powietrze dotrze w ka\u017cdy k\u0105t pomieszczenia[\/dt_list_item][dt_list_item image=\"\"]Filtry o wysokiej g\u0119sto\u015bci zapewni\u0105 dwukrotnie czystsze powietrze [\/dt_list_item][\/dt_list]<\/p>\n","protected":false},"featured_media":49231,"template":"","meta":[],"product_cat":[6201],"product_tag":[2929,2934,1053,5158,2942,5943,5144],"yoast_head":"<!-- This site is optimized with the Yoast SEO plugin v22.1 - https:\/\/yoast.com\/wordpress\/plugins\/seo\/ -->\n<title>\u00b0FC Zestaw MIDEA ECONOMY BLANC KMA-B12N8-A1 Klimatyzator o mocy 3.7kW A++, do 35m2, 3 pomieszcze\u0144<\/title>\n<meta name=\"description\" content=\"Zestaw MIDEA ECONOMY BLANC KMA-B12N8-A1 Klimatyzator o mocy 3.7kW A++, do 35m2, 3 pomieszcze\u0144\" \/>\n<meta name=\"robots\" content=\"index, follow, max-snippet:-1, max-image-preview:large, max-video-preview:-1\" \/>\n<link rel=\"canonical\" href=\"https:\/\/www.fabrykachlodu.pl\/sklep\/produkt\/zestaw-midea-kma-b12n8-a1-klimatyzacja-o-mocy-3-7kw-a-do-35m2-3-pomieszczen\/\" \/>\n<meta name=\"twitter:label1\" content=\"Szacowany czas czytania\" \/>\n\t<meta name=\"twitter:data1\" content=\"5 minut\" \/>\n<script type=\"application\/ld+json\" class=\"yoast-schema-graph\">{\"@context\":\"https:\/\/schema.org\",\"@graph\":[{\"@type\":\"WebPage\",\"@id\":\"https:\/\/www.fabrykachlodu.pl\/sklep\/produkt\/zestaw-midea-kma-b12n8-a1-klimatyzacja-o-mocy-3-7kw-a-do-35m2-3-pomieszczen\/\",\"url\":\"https:\/\/www.fabrykachlodu.pl\/sklep\/produkt\/zestaw-midea-kma-b12n8-a1-klimatyzacja-o-mocy-3-7kw-a-do-35m2-3-pomieszczen\/\",\"name\":\"\u00b0FC Zestaw MIDEA ECONOMY BLANC KMA-B12N8-A1 Klimatyzator o mocy 3.7kW A++, do 35m2, 3 pomieszcze\u0144\",\"isPartOf\":{\"@id\":\"https:\/\/www.fabrykachlodu.pl\/sklep\/#website\"},\"datePublished\":\"2019-09-23T06:40:43+00:00\",\"dateModified\":\"2022-12-19T21:07:10+00:00\",\"description\":\"Zestaw MIDEA ECONOMY BLANC KMA-B12N8-A1 Klimatyzator o mocy 3.7kW A++, do 35m2, 3 pomieszcze\u0144\",\"breadcrumb\":{\"@id\":\"https:\/\/www.fabrykachlodu.pl\/sklep\/produkt\/zestaw-midea-kma-b12n8-a1-klimatyzacja-o-mocy-3-7kw-a-do-35m2-3-pomieszczen\/#breadcrumb\"},\"inLanguage\":\"pl-PL\",\"potentialAction\":[{\"@type\":\"ReadAction\",\"target\":[\"https:\/\/www.fabrykachlodu.pl\/sklep\/produkt\/zestaw-midea-kma-b12n8-a1-klimatyzacja-o-mocy-3-7kw-a-do-35m2-3-pomieszczen\/\"]}]},{\"@type\":\"BreadcrumbList\",\"@id\":\"https:\/\/www.fabrykachlodu.pl\/sklep\/produkt\/zestaw-midea-kma-b12n8-a1-klimatyzacja-o-mocy-3-7kw-a-do-35m2-3-pomieszczen\/#breadcrumb\",\"itemListElement\":[{\"@type\":\"ListItem\",\"position\":1,\"name\":\"Strona g\u0142\u00f3wna\",\"item\":\"https:\/\/www.fabrykachlodu.pl\/sklep\/\"},{\"@type\":\"ListItem\",\"position\":2,\"name\":\"Szukasz klimatzyacji biurowej sklepowej lub do mieszkania?\",\"item\":\"https:\/\/www.fabrykachlodu.pl\/sklep\/\"},{\"@type\":\"ListItem\",\"position\":3,\"name\":\"PRODUKTY ARCHIWALNE\",\"item\":\"https:\/\/www.fabrykachlodu.pl\/sklep\/product-category\/produkty-archiwalne\/\"},{\"@type\":\"ListItem\",\"position\":4,\"name\":\"\u00b0FC Zestaw MIDEA ECONOMY BLANC KMA-B12N8-A1 Klimatyzator o mocy 3.7kW A++, do 35m2, 3 pomieszcze\u0144\"}]},{\"@type\":\"WebSite\",\"@id\":\"https:\/\/www.fabrykachlodu.pl\/sklep\/#website\",\"url\":\"https:\/\/www.fabrykachlodu.pl\/sklep\/\",\"name\":\"\u00b0FC Sklep Internetowy monta\u017c klimatyzacji pomp ciep\u0142a\",\"description\":\"\u00b0FC monta\u017c klimatyzacji pomp ciep\u0142a z nami to szybki i tani wyb\u00f3r.  Us\u0142ugi monta\u017cowe i serwisowe W Warszawie i okolicach..\",\"potentialAction\":[{\"@type\":\"SearchAction\",\"target\":{\"@type\":\"EntryPoint\",\"urlTemplate\":\"https:\/\/www.fabrykachlodu.pl\/sklep\/?s={search_term_string}\"},\"query-input\":\"required name=search_term_string\"}],\"inLanguage\":\"pl-PL\"}]}<\/script>\n<!-- \/ Yoast SEO plugin. -->","yoast_head_json":{"title":"\u00b0FC Zestaw MIDEA ECONOMY BLANC KMA-B12N8-A1 Klimatyzator o mocy 3.7kW A++, do 35m2, 3 pomieszcze\u0144","description":"Zestaw MIDEA ECONOMY BLANC KMA-B12N8-A1 Klimatyzator o mocy 3.7kW A++, do 35m2, 3 pomieszcze\u0144","robots":{"index":"index","follow":"follow","max-snippet":"max-snippet:-1","max-image-preview":"max-image-preview:large","max-video-preview":"max-video-preview:-1"},"canonical":"https:\/\/www.fabrykachlodu.pl\/sklep\/produkt\/zestaw-midea-kma-b12n8-a1-klimatyzacja-o-mocy-3-7kw-a-do-35m2-3-pomieszczen\/","twitter_misc":{"Szacowany czas czytania":"5 minut"},"schema":{"@context":"https:\/\/schema.org","@graph":[{"@type":"WebPage","@id":"https:\/\/www.fabrykachlodu.pl\/sklep\/produkt\/zestaw-midea-kma-b12n8-a1-klimatyzacja-o-mocy-3-7kw-a-do-35m2-3-pomieszczen\/","url":"https:\/\/www.fabrykachlodu.pl\/sklep\/produkt\/zestaw-midea-kma-b12n8-a1-klimatyzacja-o-mocy-3-7kw-a-do-35m2-3-pomieszczen\/","name":"\u00b0FC Zestaw MIDEA ECONOMY BLANC KMA-B12N8-A1 Klimatyzator o mocy 3.7kW A++, do 35m2, 3 pomieszcze\u0144","isPartOf":{"@id":"https:\/\/www.fabrykachlodu.pl\/sklep\/#website"},"datePublished":"2019-09-23T06:40:43+00:00","dateModified":"2022-12-19T21:07:10+00:00","description":"Zestaw MIDEA ECONOMY BLANC KMA-B12N8-A1 Klimatyzator o mocy 3.7kW A++, do 35m2, 3 pomieszcze\u0144","breadcrumb":{"@id":"https:\/\/www.fabrykachlodu.pl\/sklep\/produkt\/zestaw-midea-kma-b12n8-a1-klimatyzacja-o-mocy-3-7kw-a-do-35m2-3-pomieszczen\/#breadcrumb"},"inLanguage":"pl-PL","potentialAction":[{"@type":"ReadAction","target":["https:\/\/www.fabrykachlodu.pl\/sklep\/produkt\/zestaw-midea-kma-b12n8-a1-klimatyzacja-o-mocy-3-7kw-a-do-35m2-3-pomieszczen\/"]}]},{"@type":"BreadcrumbList","@id":"https:\/\/www.fabrykachlodu.pl\/sklep\/produkt\/zestaw-midea-kma-b12n8-a1-klimatyzacja-o-mocy-3-7kw-a-do-35m2-3-pomieszczen\/#breadcrumb","itemListElement":[{"@type":"ListItem","position":1,"name":"Strona g\u0142\u00f3wna","item":"https:\/\/www.fabrykachlodu.pl\/sklep\/"},{"@type":"ListItem","position":2,"name":"Szukasz klimatzyacji biurowej sklepowej lub do mieszkania?","item":"https:\/\/www.fabrykachlodu.pl\/sklep\/"},{"@type":"ListItem","position":3,"name":"PRODUKTY ARCHIWALNE","item":"https:\/\/www.fabrykachlodu.pl\/sklep\/product-category\/produkty-archiwalne\/"},{"@type":"ListItem","position":4,"name":"\u00b0FC Zestaw MIDEA ECONOMY BLANC KMA-B12N8-A1 Klimatyzator o mocy 3.7kW A++, do 35m2, 3 pomieszcze\u0144"}]},{"@type":"WebSite","@id":"https:\/\/www.fabrykachlodu.pl\/sklep\/#website","url":"https:\/\/www.fabrykachlodu.pl\/sklep\/","name":"\u00b0FC Sklep Internetowy monta\u017c klimatyzacji pomp ciep\u0142a","description":"\u00b0FC monta\u017c klimatyzacji pomp ciep\u0142a z nami to szybki i tani wyb\u00f3r.  Us\u0142ugi monta\u017cowe i serwisowe W Warszawie i okolicach..","potentialAction":[{"@type":"SearchAction","target":{"@type":"EntryPoint","urlTemplate":"https:\/\/www.fabrykachlodu.pl\/sklep\/?s={search_term_string}"},"query-input":"required name=search_term_string"}],"inLanguage":"pl-PL"}]}},"_links":{"self":[{"href":"https:\/\/www.fabrykachlodu.pl\/sklep\/wp-json\/wp\/v2\/product\/42157"}],"collection":[{"href":"https:\/\/www.fabrykachlodu.pl\/sklep\/wp-json\/wp\/v2\/product"}],"about":[{"href":"https:\/\/www.fabrykachlodu.pl\/sklep\/wp-json\/wp\/v2\/types\/product"}],"wp:featuredmedia":[{"embeddable":true,"href":"https:\/\/www.fabrykachlodu.pl\/sklep\/wp-json\/wp\/v2\/media\/49231"}],"wp:attachment":[{"href":"https:\/\/www.fabrykachlodu.pl\/sklep\/wp-json\/wp\/v2\/media?parent=42157"}],"wp:term":[{"taxonomy":"product_cat","embeddable":true,"href":"https:\/\/www.fabrykachlodu.pl\/sklep\/wp-json\/wp\/v2\/product_cat?post=42157"},{"taxonomy":"product_tag","embeddable":true,"href":"https:\/\/www.fabrykachlodu.pl\/sklep\/wp-json\/wp\/v2\/product_tag?post=42157"}],"curies":[{"name":"wp","href":"https:\/\/api.w.org\/{rel}","templated":true}]}}