{"id":42162,"date":"2019-09-23T08:40:53","date_gmt":"2019-09-23T06:40:53","guid":{"rendered":"http:\/\/www.fabrykachlodu.pl\/sklep\/produkt\/import-placeholder-for-ma-18n8d0-o\/"},"modified":"2022-12-19T21:25:32","modified_gmt":"2022-12-19T20:25:32","slug":"jednostka-midea-zew-ma-18n8d0-o","status":"publish","type":"product","link":"https:\/\/www.fabrykachlodu.pl\/sklep\/produkt\/jednostka-midea-zew-ma-18n8d0-o\/","title":{"rendered":"\u00b0FC Jednostka MIDEA ECONOMY BLANC zew. MA-18N8D0-O"},"content":{"rendered":"<p>Poni\u017csza jednostka zewn\u0119trzna to gwarancja bezawaryjnego dzia\u0142ania. Funkcja samooczyszczenie obejmuje czyszczenie wymiennika ciep\u0142a jednostki wewn\u0119trznej, poprzez jego osuszenie po pracy w trybie ch\u0142odzenia, a tak\u017ce oczyszczenie wymiennika ciep\u0142a jednostki zewn\u0119trznej. Czyszczenie wymiennika ciep\u0142a w jednostce zewn\u0119trznej, polega na w\u0142\u0105czeniu wentylatora w kierunku przeciwnym do pracy standardowej.<\/p>\n<p><strong>Zam\u00f3wienie dotyczy<\/strong><br \/>\nJednostka zewn\u0119trzna MA-18N8D0-O<\/p>\n<p><strong>W jednym miejscu poznasz:<\/strong><br \/>\nInformacje odno\u015bnie klimatyzacji na\u015bciennej MIDEA<br \/>\nPoznasz najwa\u017cniejsze funkcje<br \/>\nPor\u00f3wnasz produkty<br \/>\nPoznasz parametry techniczne<br \/>\nPoznasz cen\u0119 i zrealizujesz zam\u00f3wienie<\/p>\n<p><strong>Zamawiaj\u0105c produkt u nas:<\/strong><br \/>\nOtrzymasz produkt<br \/>\nJednostk\u0119 wewn\u0119trzna<br \/>\nJednostk\u0119 zewn\u0119trzna<br \/>\nSterowanie<\/p>\n<p><strong>Zlecaj\u0105c nam monta\u017c w Warszawie i woj. mazowieckim otrzymasz:<\/strong><br \/>\nRabat na produkty MIDEA<br \/>\nZestawne pod\u0142\u0105czenie elektryczne oraz hydrauliczne<br \/>\nGwarancje<br \/>\nSerwis.<\/p>\n<h2><strong>Zapraszamy do por\u00f3wnania zalet i wad klimatyzacji na\u015bciennej MISSION BLANC<\/strong><\/h2>\n<p><strong>Jakie s\u0105 zalety takich klimatyzator\u00f3w?<\/strong><\/p>\n<div class=\"su-service\"><div class=\"su-service-title\" style=\"padding-left:52px;min-height:38px;line-height:38px\"><i class=\"sui sui-check-circle\" style=\"font-size:38px;color:#22a0ed\"><\/i> Wskaz\u00f3wka naszego eksperta<\/div><div class=\"su-service-content su-u-clearfix su-u-trim\" style=\"padding-left:52px\">Zwi\u0119ksza estetyk\u0119 poniewa\u017c jest tylko jedna jednostka zewn\u0119trzna<br \/>\nKompaktowa budowa agregatu<br \/>Funkcje pozwalaj\u0105ce na szybkie ch\u0142odzenie<br \/>Wbudowany jonizator aby oczyszcza\u0107 powietrze<br \/>FDogodne sterowanie oraz WiFi<br \/><\/div><\/div>\n<p><strong>Jakie s\u0105 wady klimatyzator\u00f3w?<\/strong><\/p>\n<div class=\"su-service\"><div class=\"su-service-title\" style=\"padding-left:52px;min-height:38px;line-height:38px\"><i class=\"sui sui-times-circle\" style=\"font-size:38px;color:#22a0ed\"><\/i> Wskaz\u00f3wka naszego eksperta<\/div><div class=\"su-service-content su-u-clearfix su-u-trim\" style=\"padding-left:52px\">Poini\u017csza siera jednostek zewn\u0119trznych zalecana jest do monta\u017cu MONO to znaczy, nie mo\u017ce by\u0107 u\u017cyta w systemie MIDEA MULTI Comfort. Prosimy wybra\u0107 inny model je\u015bli zale\u017cy Ci na MIDEA MULTI Comfor<br \/>Jednostka zewn\u0119trzna, kt\u00f3ra mo\u017ce przeszkadza\u0107 innym<br \/>Jednostka zewn\u0119trzna, kt\u00f3ra mo\u017ce przeszkadza\u0107 innym<br \/>Doprowadzenie ruroci\u0105gu i odprowadzenia skroplin<br \/>Monta\u017c w ka\u017cdym pokoju lub pomieszczeniu<br \/>Stosowne pozwolenia od administratora budynku<br \/><\/div><\/div>\n<div class=\"hr-thin\"><\/div>\n<div class=\"su-service\"><div class=\"su-service-title\" style=\"padding-left:52px;min-height:38px;line-height:38px\"><i class=\"sui sui-info-circle\" style=\"font-size:38px;color:#22a0ed\"><\/i> Wskaz\u00f3wka naszego eksperta<\/div><div class=\"su-service-content su-u-clearfix su-u-trim\" style=\"padding-left:52px\">\nChcesz zaoszcz\u0119dzi\u0107 na instalacji wielu zestaw\u00f3w, wybierz system MIDEA MULTI Comfort, instaluj\u0105c a\u017c do 5 jednostek wewn\u0119trznych. Dzi\u0119ki temu, temperatur\u0119 np. w pokoju dziecka b\u0119dzie mo\u017cna utrzyma\u0107 w nieco wy\u017cszych temperaturach ni\u017c w innych pomieszczeniach. Przy niewielkiej inwestycji, Klimatyzator MIDEA MULTI Comfort mo\u017ce by\u0107 zaprojektowana tak, aby s\u0142u\u017cy\u0107 jako systemy grzewcze w ca\u0142ym obiekcie.<br \/>\n<\/div><\/div>\n<div class=\"hr-thin\"><\/div>\n<div class=\"su-service\"><div class=\"su-service-title\" style=\"padding-left:52px;min-height:38px;line-height:38px\"><i class=\"sui sui-info-circle\" style=\"font-size:38px;color:#22a0ed\"><\/i> Wskaz\u00f3wka naszego eksperta<\/div><div class=\"su-service-content su-u-clearfix su-u-trim\" style=\"padding-left:52px\">\nPodsumowuj\u0105c, je\u015bli chcesz zainstalowa\u0107 tylko w jednym pomieszczeniu lub ma\u0142ym mieszkaniu zestaw jest dla Ciebie. Jest to najta\u0144sze rozwi\u0105zanie firmy MIDEA.<br \/>\n<\/div><\/div>\n<p>Prezentowana jednostka zewn\u0119trzna w po\u0142\u0105czeniu z jednostk\u0105 wewn\u0119trzna klimatyzacji na\u015bciennej MIDEA np. SERIA BLANC mo\u017ce efektywnie ch\u0142odzi\u0107 mniejsze pomieszczenia mieszkalne jak r\u00f3wnie\u017c pomieszczenia komercyjne, biura, sklepy. Sterownik przewodowy lub bezprzewodowy, umo\u017cliwia odczyt temperatury w pomieszczeniu, a samo sterowanie i panel jest intuicyjny w j.polskim.<\/p>\n<p>PARAMETRY TECHNICZNE<\/p>\n<div class=\"su-tabs su-tabs-style-default su-tabs-mobile-stack\" data-active=\"1\" data-scroll-offset=\"0\" data-anchor-in-url=\"no\"><div class=\"su-tabs-nav\"><span class=\"\" data-url=\"\" data-target=\"blank\" tabindex=\"0\" role=\"button\">MIDEA BLANC Jednostki Na\u015bcienne<\/span><span class=\"\" data-url=\"\" data-target=\"blank\" tabindex=\"0\" role=\"button\">Pilot bezprzewodowy<\/span><span class=\"\" data-url=\"\" data-target=\"blank\" tabindex=\"0\" role=\"button\">Por\u00f3wnanie modeli MIDEA BLANC<\/span><\/div><div class=\"su-tabs-panes\"><div class=\"su-tabs-pane su-u-clearfix su-u-trim\" data-title=\"MIDEA BLANC Jednostki Na\u015bcienne\">\n<div class=\"su-document su-u-responsive-media-yes\"><iframe src=\"\/\/docs.google.com\/viewer?embedded=true&url=https:\/\/www.fabrykachlodu.pl\/sklep\/file\/2019\/09\/Midea.Blanc_.tani_.i.dobry_.klimatyzator.do_.mieszkania.pdf\" width=\"600\" height=\"400\" class=\"su-document\" title=\"\"><\/iframe><\/div>\n<\/div>\n<div class=\"su-tabs-pane su-u-clearfix su-u-trim\" data-title=\"Pilot bezprzewodowy\">\n<div class=\"su-document su-u-responsive-media-yes\"><iframe src=\"\/\/docs.google.com\/viewer?embedded=true&url=https:\/\/www.fabrykachlodu.pl\/sklep\/file\/2019\/09\/PILOT.DO_.KLIMATYZACJI.MIDEA_.RG58.pdf\" width=\"600\" height=\"400\" class=\"su-document\" title=\"\"><\/iframe><\/div>\n<\/div>\n<div class=\"su-tabs-pane su-u-clearfix su-u-trim\" data-title=\"Por\u00f3wnanie modeli MIDEA BLANC\">\n<div class=\"su-document su-u-responsive-media-yes\"><iframe src=\"\/\/docs.google.com\/viewer?embedded=true&url=https:\/\/www.fabrykachlodu.pl\/sklep\/file\/2019\/09\/Midea.Blanc_.tani_.i.porownanie.modeli.pdf\" width=\"600\" height=\"400\" class=\"su-document\" title=\"\"><\/iframe><\/div>\n<\/div><\/div><\/div>\n<p>Dokumenty si\u0119 nie wy\u015bwietlaj\u0105? <input type=\"button\" value=\"Od\u015bwie\u017c stron\u0119\" onclick=\"location.reload();\"><\/p>\n<p>&nbsp;<\/p>\n<p><strong>MISSION BLANC to doskona\u0142e rozwi\u0105zanie dla ka\u017cdego rodzaju pomieszcze\u0144: mieszkania, domu; jak r\u00f3wnie\u017c \u0142\u0105cz\u0105c je w szeregu: do biura, sklepu, hotelu, do restauracji.<\/strong>Klimatyzatory z tej serii to przyst\u0119pne rozwi\u0105zanie bo jest tanie, ekonomiczne jak r\u00f3wnie\u017c niezawodne &#8211; potwierdzone 7 letni\u0105 gwarancja.<\/p>\n","protected":false},"excerpt":{"rendered":"<p><span style=\"color: #000000;\"><strong>Najwa\u017cniejsze zalety:<\/strong><\/span><br \/>\n[dt_list style=\"1\" bullet_position=\"middle\" dividers=\"true\"][dt_list_item image=\"\"]Urz\u0105dzenia wykorzystuj\u0105 ekologiczny czynnik R32[\/dt_list_item][dt_list_item image=\"\"]Spre\u017carka Midea Inverter Quattro to kombinacja 4 funkcjonalno\u015bci: Gear i iECO, Flash[\/dt_list_item][dt_list_item image=\"\"]Wystarczy tylko 30 sekund na sch\u0142odzenie\/ogrzanie pomieszczenia[\/dt_list_item][dt_list_item image=\"\"]Praca w ekstremalnych warunkach \u2013 zakres pracy dla temperatur zewn\u0119trznych to -25 ~ +50\u02daC[\/dt_list_item][\/dt_list]<\/p>\n","protected":false},"featured_media":49236,"template":"","meta":[],"product_cat":[6201,5979,814,189],"product_tag":[2995,1068,1090,5024],"yoast_head":"<!-- This site is optimized with the Yoast SEO plugin v22.1 - https:\/\/yoast.com\/wordpress\/plugins\/seo\/ -->\n<title>\u00b0FC Jednostka MIDEA ECONOMY BLANC zew. MA-18N8D0-O<\/title>\n<meta name=\"description\" content=\"Jednostka MIDEA ECONOMY BLANC zew. MA-18N8D0-O\" \/>\n<meta name=\"robots\" content=\"index, follow, max-snippet:-1, max-image-preview:large, max-video-preview:-1\" \/>\n<link rel=\"canonical\" href=\"https:\/\/www.fabrykachlodu.pl\/sklep\/produkt\/jednostka-midea-zew-ma-18n8d0-o\/\" \/>\n<meta name=\"twitter:label1\" content=\"Szacowany czas czytania\" \/>\n\t<meta name=\"twitter:data1\" content=\"3 minuty\" \/>\n<script type=\"application\/ld+json\" class=\"yoast-schema-graph\">{\"@context\":\"https:\/\/schema.org\",\"@graph\":[{\"@type\":\"WebPage\",\"@id\":\"https:\/\/www.fabrykachlodu.pl\/sklep\/produkt\/jednostka-midea-zew-ma-18n8d0-o\/\",\"url\":\"https:\/\/www.fabrykachlodu.pl\/sklep\/produkt\/jednostka-midea-zew-ma-18n8d0-o\/\",\"name\":\"\u00b0FC Jednostka MIDEA ECONOMY BLANC zew. MA-18N8D0-O\",\"isPartOf\":{\"@id\":\"https:\/\/www.fabrykachlodu.pl\/sklep\/#website\"},\"datePublished\":\"2019-09-23T06:40:53+00:00\",\"dateModified\":\"2022-12-19T20:25:32+00:00\",\"description\":\"Jednostka MIDEA ECONOMY BLANC zew. MA-18N8D0-O\",\"breadcrumb\":{\"@id\":\"https:\/\/www.fabrykachlodu.pl\/sklep\/produkt\/jednostka-midea-zew-ma-18n8d0-o\/#breadcrumb\"},\"inLanguage\":\"pl-PL\",\"potentialAction\":[{\"@type\":\"ReadAction\",\"target\":[\"https:\/\/www.fabrykachlodu.pl\/sklep\/produkt\/jednostka-midea-zew-ma-18n8d0-o\/\"]}]},{\"@type\":\"BreadcrumbList\",\"@id\":\"https:\/\/www.fabrykachlodu.pl\/sklep\/produkt\/jednostka-midea-zew-ma-18n8d0-o\/#breadcrumb\",\"itemListElement\":[{\"@type\":\"ListItem\",\"position\":1,\"name\":\"Strona g\u0142\u00f3wna\",\"item\":\"https:\/\/www.fabrykachlodu.pl\/sklep\/\"},{\"@type\":\"ListItem\",\"position\":2,\"name\":\"Szukasz klimatzyacji biurowej sklepowej lub do mieszkania?\",\"item\":\"https:\/\/www.fabrykachlodu.pl\/sklep\/\"},{\"@type\":\"ListItem\",\"position\":3,\"name\":\"MIDEA\",\"item\":\"https:\/\/www.fabrykachlodu.pl\/sklep\/product-category\/midea\/\"},{\"@type\":\"ListItem\",\"position\":4,\"name\":\"Na\u015bcienny\",\"item\":\"https:\/\/www.fabrykachlodu.pl\/sklep\/product-category\/midea\/nascienny-midea\/\"},{\"@type\":\"ListItem\",\"position\":5,\"name\":\"BLANC PRO\",\"item\":\"https:\/\/www.fabrykachlodu.pl\/sklep\/product-category\/midea\/nascienny-midea\/blanc-pro\/\"},{\"@type\":\"ListItem\",\"position\":6,\"name\":\"MIDEA BLANC PRO, A++\/A+, 5.2kW,5.6kW, Na\u015bcienny do 55m2\",\"item\":\"https:\/\/www.fabrykachlodu.pl\/sklep\/produkt\/zestaw-midea-kma-b18n8-a1-klimatyzacja-o-mocy-5-6kw-a-do-55m2-4-pomieszczen\/\"},{\"@type\":\"ListItem\",\"position\":7,\"name\":\"\u00b0FC Jednostka MIDEA ECONOMY BLANC zew. MA-18N8D0-O\"}]},{\"@type\":\"WebSite\",\"@id\":\"https:\/\/www.fabrykachlodu.pl\/sklep\/#website\",\"url\":\"https:\/\/www.fabrykachlodu.pl\/sklep\/\",\"name\":\"\u00b0FC Sklep Internetowy monta\u017c klimatyzacji pomp ciep\u0142a\",\"description\":\"\u00b0FC monta\u017c klimatyzacji pomp ciep\u0142a z nami to szybki i tani wyb\u00f3r.  Us\u0142ugi monta\u017cowe i serwisowe W Warszawie i okolicach..\",\"potentialAction\":[{\"@type\":\"SearchAction\",\"target\":{\"@type\":\"EntryPoint\",\"urlTemplate\":\"https:\/\/www.fabrykachlodu.pl\/sklep\/?s={search_term_string}\"},\"query-input\":\"required name=search_term_string\"}],\"inLanguage\":\"pl-PL\"}]}<\/script>\n<!-- \/ Yoast SEO plugin. -->","yoast_head_json":{"title":"\u00b0FC Jednostka MIDEA ECONOMY BLANC zew. MA-18N8D0-O","description":"Jednostka MIDEA ECONOMY BLANC zew. MA-18N8D0-O","robots":{"index":"index","follow":"follow","max-snippet":"max-snippet:-1","max-image-preview":"max-image-preview:large","max-video-preview":"max-video-preview:-1"},"canonical":"https:\/\/www.fabrykachlodu.pl\/sklep\/produkt\/jednostka-midea-zew-ma-18n8d0-o\/","twitter_misc":{"Szacowany czas czytania":"3 minuty"},"schema":{"@context":"https:\/\/schema.org","@graph":[{"@type":"WebPage","@id":"https:\/\/www.fabrykachlodu.pl\/sklep\/produkt\/jednostka-midea-zew-ma-18n8d0-o\/","url":"https:\/\/www.fabrykachlodu.pl\/sklep\/produkt\/jednostka-midea-zew-ma-18n8d0-o\/","name":"\u00b0FC Jednostka MIDEA ECONOMY BLANC zew. MA-18N8D0-O","isPartOf":{"@id":"https:\/\/www.fabrykachlodu.pl\/sklep\/#website"},"datePublished":"2019-09-23T06:40:53+00:00","dateModified":"2022-12-19T20:25:32+00:00","description":"Jednostka MIDEA ECONOMY BLANC zew. MA-18N8D0-O","breadcrumb":{"@id":"https:\/\/www.fabrykachlodu.pl\/sklep\/produkt\/jednostka-midea-zew-ma-18n8d0-o\/#breadcrumb"},"inLanguage":"pl-PL","potentialAction":[{"@type":"ReadAction","target":["https:\/\/www.fabrykachlodu.pl\/sklep\/produkt\/jednostka-midea-zew-ma-18n8d0-o\/"]}]},{"@type":"BreadcrumbList","@id":"https:\/\/www.fabrykachlodu.pl\/sklep\/produkt\/jednostka-midea-zew-ma-18n8d0-o\/#breadcrumb","itemListElement":[{"@type":"ListItem","position":1,"name":"Strona g\u0142\u00f3wna","item":"https:\/\/www.fabrykachlodu.pl\/sklep\/"},{"@type":"ListItem","position":2,"name":"Szukasz klimatzyacji biurowej sklepowej lub do mieszkania?","item":"https:\/\/www.fabrykachlodu.pl\/sklep\/"},{"@type":"ListItem","position":3,"name":"MIDEA","item":"https:\/\/www.fabrykachlodu.pl\/sklep\/product-category\/midea\/"},{"@type":"ListItem","position":4,"name":"Na\u015bcienny","item":"https:\/\/www.fabrykachlodu.pl\/sklep\/product-category\/midea\/nascienny-midea\/"},{"@type":"ListItem","position":5,"name":"BLANC PRO","item":"https:\/\/www.fabrykachlodu.pl\/sklep\/product-category\/midea\/nascienny-midea\/blanc-pro\/"},{"@type":"ListItem","position":6,"name":"MIDEA BLANC PRO, A++\/A+, 5.2kW,5.6kW, Na\u015bcienny do 55m2","item":"https:\/\/www.fabrykachlodu.pl\/sklep\/produkt\/zestaw-midea-kma-b18n8-a1-klimatyzacja-o-mocy-5-6kw-a-do-55m2-4-pomieszczen\/"},{"@type":"ListItem","position":7,"name":"\u00b0FC Jednostka MIDEA ECONOMY BLANC zew. MA-18N8D0-O"}]},{"@type":"WebSite","@id":"https:\/\/www.fabrykachlodu.pl\/sklep\/#website","url":"https:\/\/www.fabrykachlodu.pl\/sklep\/","name":"\u00b0FC Sklep Internetowy monta\u017c klimatyzacji pomp ciep\u0142a","description":"\u00b0FC monta\u017c klimatyzacji pomp ciep\u0142a z nami to szybki i tani wyb\u00f3r.  Us\u0142ugi monta\u017cowe i serwisowe W Warszawie i okolicach..","potentialAction":[{"@type":"SearchAction","target":{"@type":"EntryPoint","urlTemplate":"https:\/\/www.fabrykachlodu.pl\/sklep\/?s={search_term_string}"},"query-input":"required name=search_term_string"}],"inLanguage":"pl-PL"}]}},"_links":{"self":[{"href":"https:\/\/www.fabrykachlodu.pl\/sklep\/wp-json\/wp\/v2\/product\/42162"}],"collection":[{"href":"https:\/\/www.fabrykachlodu.pl\/sklep\/wp-json\/wp\/v2\/product"}],"about":[{"href":"https:\/\/www.fabrykachlodu.pl\/sklep\/wp-json\/wp\/v2\/types\/product"}],"wp:featuredmedia":[{"embeddable":true,"href":"https:\/\/www.fabrykachlodu.pl\/sklep\/wp-json\/wp\/v2\/media\/49236"}],"wp:attachment":[{"href":"https:\/\/www.fabrykachlodu.pl\/sklep\/wp-json\/wp\/v2\/media?parent=42162"}],"wp:term":[{"taxonomy":"product_cat","embeddable":true,"href":"https:\/\/www.fabrykachlodu.pl\/sklep\/wp-json\/wp\/v2\/product_cat?post=42162"},{"taxonomy":"product_tag","embeddable":true,"href":"https:\/\/www.fabrykachlodu.pl\/sklep\/wp-json\/wp\/v2\/product_tag?post=42162"}],"curies":[{"name":"wp","href":"https:\/\/api.w.org\/{rel}","templated":true}]}}