{"id":42995,"date":"2019-09-25T16:32:02","date_gmt":"2019-09-25T14:32:02","guid":{"rendered":"http:\/\/www.fabrykachlodu.pl\/sklep\/produkt\/import-placeholder-for-gwh12yc-k6dna2a\/"},"modified":"2022-06-07T15:29:15","modified_gmt":"2022-06-07T13:29:15","slug":"zestaw-gwh12yc-k6dna2a-klimatyzacja-gree-amber-standard-a_-o-mocy-3-81kw-do-70m2-4-pomieszczen","status":"publish","type":"product","link":"https:\/\/www.fabrykachlodu.pl\/sklep\/produkt\/zestaw-gwh12yc-k6dna2a-klimatyzacja-gree-amber-standard-a_-o-mocy-3-81kw-do-70m2-4-pomieszczen\/","title":{"rendered":"Zestaw GWH12YC-K6DNA2A klimatyzacja GREE AMBER STANDARD SILVER\/BLACK A+++, o mocy 3.81kW, do 40m2, 4 pomieszcze\u0144"},"content":{"rendered":"<p>Zam\u00f3wienie dotyczy kompletnego zestawu GWH12YC-K6DNA2A GREE AMBER STANDARD, w kt\u00f3ry wchodz\u0105:<br \/>\n-jednostka wewn\u0119trzna GWH12YC-K6DNA1A\/O<br \/>\n-jednostka zewn\u0119trzna GWH12YC-K6DNA2A\/I<br \/>\n-pilot<\/p>\n<p>Funkcja WiFi wymaga dodatkowej konfiguracji. Cena zawiera sterownik WiFi.<\/p>\n<p>Nowe stlowe kolory od Gree w roku 2019 to Amber Standard Silver oraz Amber Standard Black. Do wyboru mi\u0119dzy wersj\u0105 bia\u0142\u0105, srebrn\u0105 i czarno-szar\u0105. Po\u0142\u0105czenie bogatych funkcji i mo\u017cliwo\u015bci z wyj\u0105tkowym designem sprawia, \u017ce seria Amber to doskona\u0142y wyb\u00f3r i potwierdzaj\u0105 to liczby sprzeda\u017cowe. Klienci wybieraj\u0105 ten model do dogrzewania zim\u0105.<\/p>\n<p>Amber Standard posiada ponadprzeci\u0119tne parametry techniczne, wyr\u00f3\u017cniaj\u0105ce go spo\u015br\u00f3d urz\u0105dze\u0144 tej klasy. Szeroki zakres pracy (do -22\u00b0C przy grzaniu oraz 43\u00b0C przy ch\u0142odzeniu) sprawia, \u017ce sprawdza si\u0119 on praktycznie w ka\u017cdych warunkach. Dzi\u0119ki mo\u017cliwo\u015bci podpi\u0119cia sterownika przewodowego oraz sterowania przez WiFi jego obs\u0142uga jest wyj\u0105tkowo komfortowa. Wysoka klasa energetyczna, nawet do A+++ oraz dodatkowa funkcja oszcz\u0119dzania energii pozwalaj\u0105 na maksymaln\u0105 redukcj\u0119 koszt\u00f3w zasilania. Aby zapewni\u0107 maksymalny komfort, urz\u0105dzenie zosta\u0142o wyposa\u017cone w szereg funkcji i tryb\u00f3w, m.in.: \u017caluzje poziome i pionowe, odczyt temperatury pomieszczenia z pilota (I Feel), siedem pr\u0119dko\u015bci wentylatora, jonizator plazmowy oraz trzy tryby snu.<\/p>\n<p>Maksymalne wy\u015brubowane mo\u017cliwo\u015b\u0107i grzewcze zim\u0105 w niskiej temperaturze otoczenia, dodatkowo agregat wyposa\u017cony w grza\u0142k\u0119 karteru spr\u0119\u017carki oraz agregat wyposa\u017cony w grza\u0142k\u0119 tacy skroplin sprawia, \u017ce jest to bardzo dobra klima za po\u0142ow\u0119 mniej &#8211; nic doda\u0107 nic uj\u0105c.<\/p>\n<p><img fetchpriority=\"high\" decoding=\"async\" class=\" wp-image-38535 alignright\" src=\"http:\/\/fabrykachlodu.pl\/sklep\/wp-content\/uploads\/2024\/03\/r32.jpg\" alt=\"\" width=\"206\" height=\"243\" \/>Wprowadzenie do oferty Gree czynnika R32 jako nast\u0119pcy R410A wymuszone zosta\u0142o przepisami przyj\u0119tymi przez Uni\u0119 Europejsk\u0105, maj\u0105cymi na celu ochron\u0119 \u015brodowiska. Czynnik R32 ma bowiem ponad trzykrotnie mniejszy wp\u0142yw na tworzenie efektu cieplarnianego, ponadto jest go w urz\u0105dzeniach, w por\u00f3wnaniu do R410A nawet do 30% mniej. Zalet\u0105 jest r\u00f3wnie\u017c wzrost efektywno\u015bci urz\u0105dze\u0144 z nowym czynnikiem \u2013 nawet do 10%! R32 jest tak\u017ce nietoksyczny i palny w bardzo ma\u0142ym stopniu. Wa\u017cny dla u\u017cytkownika jest fakt, i\u017c serwis samego urz\u0105dzenia b\u0119dzie ta\u0144szy i wymiana lub uzupe\u0142nienie gazu w klimatyzacji mo\u017cliwa. W przeciwie\u0144stwie do gazu R410A.<\/p>\n<p>&nbsp;<\/p>\n<p>PARAMETRY TECHNICZNE \u2013 Klimatyzatora GREE AMBER STANDARD R32<\/p>\n<div class=\"su-tabs su-tabs-style-default su-tabs-mobile-stack\" data-active=\"1\" data-scroll-offset=\"0\" data-anchor-in-url=\"no\"><div class=\"su-tabs-nav\"><span class=\"\" data-url=\"\" data-target=\"blank\" tabindex=\"0\" role=\"button\">GREE AMBER nowy klimatyzator dzia\u0142aj\u0105cy na czynniku r32<\/span><span class=\"\" data-url=\"\" data-target=\"blank\" tabindex=\"0\" role=\"button\">Przegl\u0105d funkcji nowych modeli r32<\/span><\/div><div class=\"su-tabs-panes\"><div class=\"su-tabs-pane su-u-clearfix su-u-trim\" data-title=\"GREE AMBER nowy klimatyzator dzia\u0142aj\u0105cy na czynniku r32\">\n<div class=\"su-document su-u-responsive-media-yes\"><iframe src=\"\/\/docs.google.com\/viewer?embedded=true&url=http:\/\/fabrykachlodu.pl\/sklep\/wp-content\/uploads\/2018\/03\/AMBER-Standard.pdf\" width=\"600\" height=\"400\" class=\"su-document\" title=\"\"><\/iframe><\/div>\n<\/div>\n<div class=\"su-tabs-pane su-u-clearfix su-u-trim\" data-title=\"Przegl\u0105d funkcji nowych modeli r32\">\n<div class=\"su-document su-u-responsive-media-yes\"><iframe src=\"\/\/docs.google.com\/viewer?embedded=true&url=http:\/\/fabrykachlodu.pl\/sklep\/wp-content\/uploads\/2018\/03\/Funkcje-modeli.klimatyzatorow.gree_.pdf\" width=\"600\" height=\"400\" class=\"su-document\" title=\"\"><\/iframe><\/div>\n<\/div><\/div><\/div>\n<p>Dokumenty si\u0119 nie wy\u015bwietlaj\u0105? <input type=\"button\" value=\"Od\u015bwie\u017c stron\u0119\" \/><\/p>\n<div class=\"su-note\"  style=\"border-color:#e5e5e5;border-radius:3px;-moz-border-radius:3px;-webkit-border-radius:3px;\"><div class=\"su-note-inner su-u-clearfix su-u-trim\" style=\"background-color:#ffffff;border-color:#ffffff;color:#afafaf;border-radius:3px;-moz-border-radius:3px;-webkit-border-radius:3px;\">Jakie s\u0105 plusy stosowania gaz\u00f3w oszcz\u0119dzaj\u0105cych warstw\u0119 ozonow\u0105 np.r32?<\/p>\n<p>Rekomendujemy produkty dzia\u0142aj\u0105ce z czynnikiem ch\u0142odniczym R32. Do roku 2020 na rynku europejskim zabraknie gaz\u00f3w freonowych, przez co dalsze u\u017cytkowanie b\u0119dzie utrudnione oraz koszt gaz\u00f3w zamiennych stosunkowo wy\u017cszy. Zgodnie z ustawa freonowa, urz\u0105dzenia urz\u0105dzenia dzia\u0142aj\u0105ce na gazach freonowych musz\u0105 by\u0107 wycofane z u\u017cytku lub zast\u0105pione. W zwi\u0105zku z powy\u017cszym, konserwacja, naprawa urz\u0105dze\u0144 dzia\u0142aj\u0105cych na freon b\u0119dzie utrudniona lub niemo\u017cliwa.<br \/>\n<\/div><\/div>\n<p>GREE AMBER STANDARD dedykowana jest do mieszka\u0144 i dom\u00f3w jednorodzinnych oraz biur, bo idealnie si\u0119 komponuje.<\/p>\n","protected":false},"excerpt":{"rendered":"<p><strong>Najwa\u017cniejsze zalety<\/strong><br \/>\n[dt_list style=\"1\" bullet_position=\"middle\" dividers=\"true\"][dt_list_item image=\"\"]Bardzo solidny sprz\u0119t[\/dt_list_item][dt_list_item image=\"\"]Odczyt temperatury pomieszczenia z pilota[\/dt_list_item][dt_list_item image=\"\"]Sterownie przez smartfona w standardzie[\/dt_list_item][dt_list_item image=\"\"]Super ekonomiczna klasa energetyczna A+++[\/dt_list_item][\/dt_list]<\/p>\n","protected":false},"featured_media":43289,"template":"","meta":[],"product_cat":[338,189],"product_tag":[1128,5574,5517,1068,5595,5561,5573,5596,5594],"yoast_head":"<!-- This site is optimized with the Yoast SEO plugin v22.1 - https:\/\/yoast.com\/wordpress\/plugins\/seo\/ -->\n<title>Zestaw GWH12YC-K6DNA2A klimatyzacja GREE AMBER STANDARD SILVER\/BLACK A+++, o mocy 3.81kW, do 40m2, 4 pomieszcze\u0144<\/title>\n<meta name=\"description\" content=\"Zestaw GWH12YC-K6DNA2A klimatyzacja GREE AMBER STANDARD SILVER\/BLACK A+++, o mocy 3.81kW, do 40m2, 4 pomieszcze\u0144\" \/>\n<meta name=\"robots\" content=\"index, follow, max-snippet:-1, max-image-preview:large, max-video-preview:-1\" \/>\n<link rel=\"canonical\" href=\"https:\/\/www.fabrykachlodu.pl\/sklep\/produkt\/zestaw-gwh12yc-k6dna2a-klimatyzacja-gree-amber-standard-a_-o-mocy-3-81kw-do-70m2-4-pomieszczen\/\" \/>\n<meta name=\"twitter:label1\" content=\"Szacowany czas czytania\" \/>\n\t<meta name=\"twitter:data1\" content=\"3 minuty\" \/>\n<script type=\"application\/ld+json\" class=\"yoast-schema-graph\">{\"@context\":\"https:\/\/schema.org\",\"@graph\":[{\"@type\":\"WebPage\",\"@id\":\"https:\/\/www.fabrykachlodu.pl\/sklep\/produkt\/zestaw-gwh12yc-k6dna2a-klimatyzacja-gree-amber-standard-a_-o-mocy-3-81kw-do-70m2-4-pomieszczen\/\",\"url\":\"https:\/\/www.fabrykachlodu.pl\/sklep\/produkt\/zestaw-gwh12yc-k6dna2a-klimatyzacja-gree-amber-standard-a_-o-mocy-3-81kw-do-70m2-4-pomieszczen\/\",\"name\":\"Zestaw GWH12YC-K6DNA2A klimatyzacja GREE AMBER STANDARD SILVER\/BLACK A+++, o mocy 3.81kW, do 40m2, 4 pomieszcze\u0144\",\"isPartOf\":{\"@id\":\"https:\/\/www.fabrykachlodu.pl\/sklep\/#website\"},\"datePublished\":\"2019-09-25T14:32:02+00:00\",\"dateModified\":\"2022-06-07T13:29:15+00:00\",\"description\":\"Zestaw GWH12YC-K6DNA2A klimatyzacja GREE AMBER STANDARD SILVER\/BLACK A+++, o mocy 3.81kW, do 40m2, 4 pomieszcze\u0144\",\"breadcrumb\":{\"@id\":\"https:\/\/www.fabrykachlodu.pl\/sklep\/produkt\/zestaw-gwh12yc-k6dna2a-klimatyzacja-gree-amber-standard-a_-o-mocy-3-81kw-do-70m2-4-pomieszczen\/#breadcrumb\"},\"inLanguage\":\"pl-PL\",\"potentialAction\":[{\"@type\":\"ReadAction\",\"target\":[\"https:\/\/www.fabrykachlodu.pl\/sklep\/produkt\/zestaw-gwh12yc-k6dna2a-klimatyzacja-gree-amber-standard-a_-o-mocy-3-81kw-do-70m2-4-pomieszczen\/\"]}]},{\"@type\":\"BreadcrumbList\",\"@id\":\"https:\/\/www.fabrykachlodu.pl\/sklep\/produkt\/zestaw-gwh12yc-k6dna2a-klimatyzacja-gree-amber-standard-a_-o-mocy-3-81kw-do-70m2-4-pomieszczen\/#breadcrumb\",\"itemListElement\":[{\"@type\":\"ListItem\",\"position\":1,\"name\":\"Strona g\u0142\u00f3wna\",\"item\":\"https:\/\/www.fabrykachlodu.pl\/sklep\/\"},{\"@type\":\"ListItem\",\"position\":2,\"name\":\"Szukasz klimatzyacji biurowej sklepowej lub do mieszkania?\",\"item\":\"https:\/\/www.fabrykachlodu.pl\/sklep\/\"},{\"@type\":\"ListItem\",\"position\":3,\"name\":\"GREE\",\"item\":\"https:\/\/www.fabrykachlodu.pl\/sklep\/product-category\/gree\/\"},{\"@type\":\"ListItem\",\"position\":4,\"name\":\"Nascienny\",\"item\":\"https:\/\/www.fabrykachlodu.pl\/sklep\/product-category\/gree\/nascienny\/\"},{\"@type\":\"ListItem\",\"position\":5,\"name\":\"AMBER STANDARD\",\"item\":\"https:\/\/www.fabrykachlodu.pl\/sklep\/product-category\/gree\/nascienny\/fc-amber-standard-do-sklepu-salonu-biura-salonu-w-warszawie\/\"},{\"@type\":\"ListItem\",\"position\":6,\"name\":\"Zestaw GWH12YC-K6DNA2A klimatyzacja GREE AMBER STANDARD SILVER\/BLACK A+++, o mocy 3.81kW, do 40m2, 4 pomieszcze\u0144\"}]},{\"@type\":\"WebSite\",\"@id\":\"https:\/\/www.fabrykachlodu.pl\/sklep\/#website\",\"url\":\"https:\/\/www.fabrykachlodu.pl\/sklep\/\",\"name\":\"\u00b0FC Sklep Internetowy monta\u017c klimatyzacji pomp ciep\u0142a\",\"description\":\"\u00b0FC monta\u017c klimatyzacji pomp ciep\u0142a z nami to szybki i tani wyb\u00f3r.  Us\u0142ugi monta\u017cowe i serwisowe W Warszawie i okolicach..\",\"potentialAction\":[{\"@type\":\"SearchAction\",\"target\":{\"@type\":\"EntryPoint\",\"urlTemplate\":\"https:\/\/www.fabrykachlodu.pl\/sklep\/?s={search_term_string}\"},\"query-input\":\"required name=search_term_string\"}],\"inLanguage\":\"pl-PL\"}]}<\/script>\n<!-- \/ Yoast SEO plugin. -->","yoast_head_json":{"title":"Zestaw GWH12YC-K6DNA2A klimatyzacja GREE AMBER STANDARD SILVER\/BLACK A+++, o mocy 3.81kW, do 40m2, 4 pomieszcze\u0144","description":"Zestaw GWH12YC-K6DNA2A klimatyzacja GREE AMBER STANDARD SILVER\/BLACK A+++, o mocy 3.81kW, do 40m2, 4 pomieszcze\u0144","robots":{"index":"index","follow":"follow","max-snippet":"max-snippet:-1","max-image-preview":"max-image-preview:large","max-video-preview":"max-video-preview:-1"},"canonical":"https:\/\/www.fabrykachlodu.pl\/sklep\/produkt\/zestaw-gwh12yc-k6dna2a-klimatyzacja-gree-amber-standard-a_-o-mocy-3-81kw-do-70m2-4-pomieszczen\/","twitter_misc":{"Szacowany czas czytania":"3 minuty"},"schema":{"@context":"https:\/\/schema.org","@graph":[{"@type":"WebPage","@id":"https:\/\/www.fabrykachlodu.pl\/sklep\/produkt\/zestaw-gwh12yc-k6dna2a-klimatyzacja-gree-amber-standard-a_-o-mocy-3-81kw-do-70m2-4-pomieszczen\/","url":"https:\/\/www.fabrykachlodu.pl\/sklep\/produkt\/zestaw-gwh12yc-k6dna2a-klimatyzacja-gree-amber-standard-a_-o-mocy-3-81kw-do-70m2-4-pomieszczen\/","name":"Zestaw GWH12YC-K6DNA2A klimatyzacja GREE AMBER STANDARD SILVER\/BLACK A+++, o mocy 3.81kW, do 40m2, 4 pomieszcze\u0144","isPartOf":{"@id":"https:\/\/www.fabrykachlodu.pl\/sklep\/#website"},"datePublished":"2019-09-25T14:32:02+00:00","dateModified":"2022-06-07T13:29:15+00:00","description":"Zestaw GWH12YC-K6DNA2A klimatyzacja GREE AMBER STANDARD SILVER\/BLACK A+++, o mocy 3.81kW, do 40m2, 4 pomieszcze\u0144","breadcrumb":{"@id":"https:\/\/www.fabrykachlodu.pl\/sklep\/produkt\/zestaw-gwh12yc-k6dna2a-klimatyzacja-gree-amber-standard-a_-o-mocy-3-81kw-do-70m2-4-pomieszczen\/#breadcrumb"},"inLanguage":"pl-PL","potentialAction":[{"@type":"ReadAction","target":["https:\/\/www.fabrykachlodu.pl\/sklep\/produkt\/zestaw-gwh12yc-k6dna2a-klimatyzacja-gree-amber-standard-a_-o-mocy-3-81kw-do-70m2-4-pomieszczen\/"]}]},{"@type":"BreadcrumbList","@id":"https:\/\/www.fabrykachlodu.pl\/sklep\/produkt\/zestaw-gwh12yc-k6dna2a-klimatyzacja-gree-amber-standard-a_-o-mocy-3-81kw-do-70m2-4-pomieszczen\/#breadcrumb","itemListElement":[{"@type":"ListItem","position":1,"name":"Strona g\u0142\u00f3wna","item":"https:\/\/www.fabrykachlodu.pl\/sklep\/"},{"@type":"ListItem","position":2,"name":"Szukasz klimatzyacji biurowej sklepowej lub do mieszkania?","item":"https:\/\/www.fabrykachlodu.pl\/sklep\/"},{"@type":"ListItem","position":3,"name":"GREE","item":"https:\/\/www.fabrykachlodu.pl\/sklep\/product-category\/gree\/"},{"@type":"ListItem","position":4,"name":"Nascienny","item":"https:\/\/www.fabrykachlodu.pl\/sklep\/product-category\/gree\/nascienny\/"},{"@type":"ListItem","position":5,"name":"AMBER STANDARD","item":"https:\/\/www.fabrykachlodu.pl\/sklep\/product-category\/gree\/nascienny\/fc-amber-standard-do-sklepu-salonu-biura-salonu-w-warszawie\/"},{"@type":"ListItem","position":6,"name":"Zestaw GWH12YC-K6DNA2A klimatyzacja GREE AMBER STANDARD SILVER\/BLACK A+++, o mocy 3.81kW, do 40m2, 4 pomieszcze\u0144"}]},{"@type":"WebSite","@id":"https:\/\/www.fabrykachlodu.pl\/sklep\/#website","url":"https:\/\/www.fabrykachlodu.pl\/sklep\/","name":"\u00b0FC Sklep Internetowy monta\u017c klimatyzacji pomp ciep\u0142a","description":"\u00b0FC monta\u017c klimatyzacji pomp ciep\u0142a z nami to szybki i tani wyb\u00f3r.  Us\u0142ugi monta\u017cowe i serwisowe W Warszawie i okolicach..","potentialAction":[{"@type":"SearchAction","target":{"@type":"EntryPoint","urlTemplate":"https:\/\/www.fabrykachlodu.pl\/sklep\/?s={search_term_string}"},"query-input":"required name=search_term_string"}],"inLanguage":"pl-PL"}]}},"_links":{"self":[{"href":"https:\/\/www.fabrykachlodu.pl\/sklep\/wp-json\/wp\/v2\/product\/42995"}],"collection":[{"href":"https:\/\/www.fabrykachlodu.pl\/sklep\/wp-json\/wp\/v2\/product"}],"about":[{"href":"https:\/\/www.fabrykachlodu.pl\/sklep\/wp-json\/wp\/v2\/types\/product"}],"wp:featuredmedia":[{"embeddable":true,"href":"https:\/\/www.fabrykachlodu.pl\/sklep\/wp-json\/wp\/v2\/media\/43289"}],"wp:attachment":[{"href":"https:\/\/www.fabrykachlodu.pl\/sklep\/wp-json\/wp\/v2\/media?parent=42995"}],"wp:term":[{"taxonomy":"product_cat","embeddable":true,"href":"https:\/\/www.fabrykachlodu.pl\/sklep\/wp-json\/wp\/v2\/product_cat?post=42995"},{"taxonomy":"product_tag","embeddable":true,"href":"https:\/\/www.fabrykachlodu.pl\/sklep\/wp-json\/wp\/v2\/product_tag?post=42995"}],"curies":[{"name":"wp","href":"https:\/\/api.w.org\/{rel}","templated":true}]}}