{"id":43017,"date":"2019-09-25T16:35:25","date_gmt":"2019-09-25T14:35:25","guid":{"rendered":"http:\/\/www.fabrykachlodu.pl\/sklep\/produkt\/import-placeholder-for-gwh24qe-k6dnb2c\/"},"modified":"2022-06-20T12:41:41","modified_gmt":"2022-06-20T10:41:41","slug":"zestaw-gwh24qe-k6dnb2c-klimatyzacja-gree-lomo-luxury-a-o-mocy-6-45kw-do-70m2-4-pomieszczen","status":"publish","type":"product","link":"https:\/\/www.fabrykachlodu.pl\/sklep\/produkt\/zestaw-gwh24qe-k6dnb2c-klimatyzacja-gree-lomo-luxury-a-o-mocy-6-45kw-do-70m2-4-pomieszczen\/","title":{"rendered":"Zestaw GWH24QE-K6DNB2C klimatyzacja GREE LOMO LUXURY A++, o mocy 6.45kW, do 70m2, 4 pomieszcze\u0144"},"content":{"rendered":"<p>Zastanawiasz si\u0119 gdzie kupi\u0107 tani\u0105 klimatyzacj\u0119 do biura salonu sklepu?<br \/>\nZam\u00f3wienie dotyczy kompletnego zestawu GWH24QE-K6DNB2C, w kt\u00f3ry wchodz\u0105:<br \/>\n-jednostka wewn\u0119trzna GWH24QE-K6DNB2C\/I<br \/>\n-jednostka zewn\u0119trzna GWH24QE-K6DNA1C\/O<br \/>\n-pilot<\/p>\n<p>*Funkcja WiFi wymaga dodatkowej konfiguracji. Cena nie zawiera sterownika WiFi<\/p>\n<p>GREE LUXURY debiut w 2016 ca\u0142kowicie odmieni\u0142 bran\u017ce klimatyzacji i by\u0142 najlepszym produktem w ofercie GREE w 2019 roku. Ten debiut wymusi\u0142 now\u0105 jako\u015b\u0107 w segmencie basic. Charakteryzuje si\u0119 bardzo niskim zu\u017cyciem energii oraz atrakcyjn\u0105 cen\u0105, zapewniaj\u0105c jednocze\u015bnie doskona\u0142\u0105 wydajno\u015b\u0107. \u0141\u0105czy w sobie zar\u00f3wno eleganck\u0105 stylistyk\u0119, jak r\u00f3wnie\u017c doskona\u0142\u0105 wydajno\u015b\u0107 i niepowtarzaln\u0105 jako\u015b\u0107. Elegancka stylistyka i minimalistyczne wzornictwo przypadn\u0105 do gustu nawet najbardziej wymagaj\u0105cym u\u017cytkownikom.<\/p>\n<p>GREE LUXURY to r\u00f3wnie\u017c ca\u0142kiem dobre osi\u0105gi podczas test\u00f3w i zapewnie\u0144 producenta. Urz\u0105dzenie jest zaprojektowane do pracy w wymagaj\u0105cych warunkach, na czterech poziomach wydajno\u015bci od 2,5 kW do 6,7 kW pracuj\u0105c bardzo cicho. Dla tych kt\u00f3rych chc\u0105 si\u0119 dogrzewa\u0107 w okresach przej\u015bciowych oraz zim\u0105, dobra wiadomo\u015b\u0107 jest taka, \u017ce seria LUXURY zosta\u0142a stworzona do pracy w niskich temperaturach otoczenia od -15\u00b0C d o +43\u00b0C w funkcji ch\u0142odzenia oraz od -22\u00b0C do +24\u00b0C w funkcji grzania.<\/p>\n<p>Dodatkowym atutem jest mo\u017cliwo\u015b\u0107 uzupe\u0142nienia go o funkcj\u0119 WiFi, dzi\u0119ki kt\u00f3rej mo\u017cemy kontrolowa\u0107 prac\u0119 klimatyzatora Lomo z dowolnego miejsca na \u015bwiecie za pomoc\u0105 telefonu\/tabletu z systemem Android\/iOS. Elegancki wygl\u0105d pozwoli z \u0142atwo\u015bci\u0105 wkomponowa\u0107 go w ka\u017cde pomieszczenie. W roku 2018 przedstawiono nowa ekologiczn\u0105 wersj\u0119 Lomo Economic, kt\u00f3ry pracuje na czynniku ch\u0142odniczym R32 zapoznaj si\u0119 z ofert\u0105 na modele z 2019 roku.<\/p>\n<p>PARAMETRY TECHNICZNE \u2013 Tania klimatyzacja do biura salonu sklepu GREE LOMO LUXURY<\/p>\n<div class=\"su-tabs su-tabs-style-default su-tabs-mobile-stack\" data-active=\"1\" data-scroll-offset=\"0\" data-anchor-in-url=\"no\"><div class=\"su-tabs-nav\"><span class=\"\" data-url=\"\" data-target=\"blank\" tabindex=\"0\" role=\"button\">Klimatyzator Lomo z czynikiem R32<\/span><span class=\"\" data-url=\"\" data-target=\"blank\" tabindex=\"0\" role=\"button\">Por\u00f3wnanie funkcji<\/span><span class=\"\" data-url=\"\" data-target=\"blank\" tabindex=\"0\" role=\"button\">Opis funkcji<\/span><\/div><div class=\"su-tabs-panes\"><div class=\"su-tabs-pane su-u-clearfix su-u-trim\" data-title=\"Klimatyzator Lomo z czynikiem R32\">\n<div class=\"su-document su-u-responsive-media-yes\"><iframe src=\"\/\/docs.google.com\/viewer?embedded=true&url=http:\/\/fabrykachlodu.pl\/sklep\/wp-content\/uploads\/2018\/03\/LOMO-Luxury.pdf\" width=\"600\" height=\"400\" class=\"su-document\" title=\"\"><\/iframe><\/div>\n<\/div>\n<div class=\"su-tabs-pane su-u-clearfix su-u-trim\" data-title=\"Por\u00f3wnanie funkcji\">\n<div class=\"su-document su-u-responsive-media-yes\"><iframe src=\"\/\/docs.google.com\/viewer?embedded=true&url=http:\/\/fabrykachlodu.pl\/sklep\/wp-content\/uploads\/2018\/03\/Funkcje-modeli.klimatyzatorow.gree_.pdf\" width=\"600\" height=\"400\" class=\"su-document\" title=\"\"><\/iframe><\/div>\n<\/div>\n<div class=\"su-tabs-pane su-u-clearfix su-u-trim\" data-title=\"Opis funkcji\">\n<div class=\"su-document su-u-responsive-media-yes\"><iframe src=\"\/\/docs.google.com\/viewer?embedded=true&url=http:\/\/fabrykachlodu.pl\/sklep\/wp-content\/uploads\/2018\/03\/funkcje.i.tryby_.opcje_.gree_.klimatyzacja.pdf\" width=\"600\" height=\"400\" class=\"su-document\" title=\"\"><\/iframe><\/div>\n<\/div><\/div><\/div>\nDokumenty si\u0119 nie wy\u015bwietlaj\u0105? <input type=\"button\" value=\"Od\u015bwie\u017c stron\u0119\" onclick=\"location.reload();\"> <\/p>\n<div class=\"su-note\"  style=\"border-color:#e5e5e5;border-radius:3px;-moz-border-radius:3px;-webkit-border-radius:3px;\"><div class=\"su-note-inner su-u-clearfix su-u-trim\" style=\"background-color:#ffffff;border-color:#ffffff;color:#afafaf;border-radius:3px;-moz-border-radius:3px;-webkit-border-radius:3px;\">Jakie s\u0105 konsekwencje stosowania gaz\u00f3w zubo\u017caj\u0105cych warstw\u0119 ozonow\u0105 np. freonowych? (ustawa F-gazowa)<\/p>\n<p>Rekomendujemy produkty dzia\u0142aj\u0105ce z czynnikiem ch\u0142odniczym R32. Do roku 2020 na rynku europejskim zabraknie gaz\u00f3w freonowych, przez co dalsze u\u017cytkowanie b\u0119dzie utrudnione oraz koszt gaz\u00f3w zamiennych stosunkowo wy\u017cszy.<br \/>\n<\/div><\/div>\n<p>Seria GREE LOMO LUXURY to tania klimatyzacja do biura salonu sklepu, dedykowana jest do mieszka\u0144 i dom\u00f3w jednorodzinnych oraz biur, bo idealnie si\u0119 komponuje.<\/p>\n","protected":false},"excerpt":{"rendered":"<p><span style=\"color: #000000;\"><strong>Najwa\u017cniejsze zalety<\/strong><\/span><br \/>\n[dt_list style=\"1\" bullet_position=\"middle\" dividers=\"true\"][dt_list_item image=\"\"]Elegancka stylistyka[\/dt_list_item][dt_list_item image=\"\"]Atrakcyjna cena[\/dt_list_item][dt_list_item image=\"\"]Niskie zu\u017cycie energii i cicha praca[\/dt_list_item][dt_list_item image=\"\"]Prostota dzia\u0142ania i kontrola pracy za pomoc\u0105 telefonu\/tabletu[\/dt_list_item][\/dt_list]<\/p>\n","protected":false},"featured_media":37882,"template":"","meta":[],"product_cat":[6201],"product_tag":[5524,1068,1090,5533,1079,1091,1092,1093,1094,5561,5627,5628,5626,5629,5625],"yoast_head":"<!-- This site is optimized with the Yoast SEO plugin v22.1 - https:\/\/yoast.com\/wordpress\/plugins\/seo\/ -->\n<title>Zestaw GWH24QE-K6DNB2C klimatyzacja GREE LOMO LUXURY A++, o mocy 6.45kW, do 70m2, 4 pomieszcze\u0144<\/title>\n<meta name=\"description\" content=\"Zestaw GWH24QE-K6DNB2C klimatyzacja GREE LOMO LUXURY A++, o mocy 6.45kW, do 70m2, 4 pomieszcze\u0144\" \/>\n<meta name=\"robots\" content=\"index, nofollow, max-snippet:-1, max-image-preview:large, max-video-preview:-1, noarchive\" \/>\n<link rel=\"canonical\" href=\"https:\/\/www.fabrykachlodu.pl\/sklep\/produkt\/zestaw-gwh24qe-k6dnb2c-klimatyzacja-gree-lomo-luxury-a-o-mocy-6-45kw-do-70m2-4-pomieszczen\/\" \/>\n<meta name=\"twitter:label1\" content=\"Szacowany czas czytania\" \/>\n\t<meta name=\"twitter:data1\" content=\"2 minuty\" \/>\n<script type=\"application\/ld+json\" class=\"yoast-schema-graph\">{\"@context\":\"https:\/\/schema.org\",\"@graph\":[{\"@type\":\"WebPage\",\"@id\":\"https:\/\/www.fabrykachlodu.pl\/sklep\/produkt\/zestaw-gwh24qe-k6dnb2c-klimatyzacja-gree-lomo-luxury-a-o-mocy-6-45kw-do-70m2-4-pomieszczen\/\",\"url\":\"https:\/\/www.fabrykachlodu.pl\/sklep\/produkt\/zestaw-gwh24qe-k6dnb2c-klimatyzacja-gree-lomo-luxury-a-o-mocy-6-45kw-do-70m2-4-pomieszczen\/\",\"name\":\"Zestaw GWH24QE-K6DNB2C klimatyzacja GREE LOMO LUXURY A++, o mocy 6.45kW, do 70m2, 4 pomieszcze\u0144\",\"isPartOf\":{\"@id\":\"https:\/\/www.fabrykachlodu.pl\/sklep\/#website\"},\"datePublished\":\"2019-09-25T14:35:25+00:00\",\"dateModified\":\"2022-06-20T10:41:41+00:00\",\"description\":\"Zestaw GWH24QE-K6DNB2C klimatyzacja GREE LOMO LUXURY A++, o mocy 6.45kW, do 70m2, 4 pomieszcze\u0144\",\"breadcrumb\":{\"@id\":\"https:\/\/www.fabrykachlodu.pl\/sklep\/produkt\/zestaw-gwh24qe-k6dnb2c-klimatyzacja-gree-lomo-luxury-a-o-mocy-6-45kw-do-70m2-4-pomieszczen\/#breadcrumb\"},\"inLanguage\":\"pl-PL\",\"potentialAction\":[{\"@type\":\"ReadAction\",\"target\":[\"https:\/\/www.fabrykachlodu.pl\/sklep\/produkt\/zestaw-gwh24qe-k6dnb2c-klimatyzacja-gree-lomo-luxury-a-o-mocy-6-45kw-do-70m2-4-pomieszczen\/\"]}]},{\"@type\":\"BreadcrumbList\",\"@id\":\"https:\/\/www.fabrykachlodu.pl\/sklep\/produkt\/zestaw-gwh24qe-k6dnb2c-klimatyzacja-gree-lomo-luxury-a-o-mocy-6-45kw-do-70m2-4-pomieszczen\/#breadcrumb\",\"itemListElement\":[{\"@type\":\"ListItem\",\"position\":1,\"name\":\"Strona g\u0142\u00f3wna\",\"item\":\"https:\/\/www.fabrykachlodu.pl\/sklep\/\"},{\"@type\":\"ListItem\",\"position\":2,\"name\":\"Szukasz klimatzyacji biurowej sklepowej lub do mieszkania?\",\"item\":\"https:\/\/www.fabrykachlodu.pl\/sklep\/\"},{\"@type\":\"ListItem\",\"position\":3,\"name\":\"PRODUKTY ARCHIWALNE\",\"item\":\"https:\/\/www.fabrykachlodu.pl\/sklep\/product-category\/produkty-archiwalne\/\"},{\"@type\":\"ListItem\",\"position\":4,\"name\":\"Zestaw GWH24QE-K6DNB2C klimatyzacja GREE LOMO LUXURY A++, o mocy 6.45kW, do 70m2, 4 pomieszcze\u0144\"}]},{\"@type\":\"WebSite\",\"@id\":\"https:\/\/www.fabrykachlodu.pl\/sklep\/#website\",\"url\":\"https:\/\/www.fabrykachlodu.pl\/sklep\/\",\"name\":\"\u00b0FC Sklep Internetowy monta\u017c klimatyzacji pomp ciep\u0142a\",\"description\":\"\u00b0FC monta\u017c klimatyzacji pomp ciep\u0142a z nami to szybki i tani wyb\u00f3r.  Us\u0142ugi monta\u017cowe i serwisowe W Warszawie i okolicach..\",\"potentialAction\":[{\"@type\":\"SearchAction\",\"target\":{\"@type\":\"EntryPoint\",\"urlTemplate\":\"https:\/\/www.fabrykachlodu.pl\/sklep\/?s={search_term_string}\"},\"query-input\":\"required name=search_term_string\"}],\"inLanguage\":\"pl-PL\"}]}<\/script>\n<!-- \/ Yoast SEO plugin. -->","yoast_head_json":{"title":"Zestaw GWH24QE-K6DNB2C klimatyzacja GREE LOMO LUXURY A++, o mocy 6.45kW, do 70m2, 4 pomieszcze\u0144","description":"Zestaw GWH24QE-K6DNB2C klimatyzacja GREE LOMO LUXURY A++, o mocy 6.45kW, do 70m2, 4 pomieszcze\u0144","robots":{"index":"index","follow":"nofollow","max-snippet":"max-snippet:-1","max-image-preview":"max-image-preview:large","max-video-preview":"max-video-preview:-1","archive":"noarchive"},"canonical":"https:\/\/www.fabrykachlodu.pl\/sklep\/produkt\/zestaw-gwh24qe-k6dnb2c-klimatyzacja-gree-lomo-luxury-a-o-mocy-6-45kw-do-70m2-4-pomieszczen\/","twitter_misc":{"Szacowany czas czytania":"2 minuty"},"schema":{"@context":"https:\/\/schema.org","@graph":[{"@type":"WebPage","@id":"https:\/\/www.fabrykachlodu.pl\/sklep\/produkt\/zestaw-gwh24qe-k6dnb2c-klimatyzacja-gree-lomo-luxury-a-o-mocy-6-45kw-do-70m2-4-pomieszczen\/","url":"https:\/\/www.fabrykachlodu.pl\/sklep\/produkt\/zestaw-gwh24qe-k6dnb2c-klimatyzacja-gree-lomo-luxury-a-o-mocy-6-45kw-do-70m2-4-pomieszczen\/","name":"Zestaw GWH24QE-K6DNB2C klimatyzacja GREE LOMO LUXURY A++, o mocy 6.45kW, do 70m2, 4 pomieszcze\u0144","isPartOf":{"@id":"https:\/\/www.fabrykachlodu.pl\/sklep\/#website"},"datePublished":"2019-09-25T14:35:25+00:00","dateModified":"2022-06-20T10:41:41+00:00","description":"Zestaw GWH24QE-K6DNB2C klimatyzacja GREE LOMO LUXURY A++, o mocy 6.45kW, do 70m2, 4 pomieszcze\u0144","breadcrumb":{"@id":"https:\/\/www.fabrykachlodu.pl\/sklep\/produkt\/zestaw-gwh24qe-k6dnb2c-klimatyzacja-gree-lomo-luxury-a-o-mocy-6-45kw-do-70m2-4-pomieszczen\/#breadcrumb"},"inLanguage":"pl-PL","potentialAction":[{"@type":"ReadAction","target":["https:\/\/www.fabrykachlodu.pl\/sklep\/produkt\/zestaw-gwh24qe-k6dnb2c-klimatyzacja-gree-lomo-luxury-a-o-mocy-6-45kw-do-70m2-4-pomieszczen\/"]}]},{"@type":"BreadcrumbList","@id":"https:\/\/www.fabrykachlodu.pl\/sklep\/produkt\/zestaw-gwh24qe-k6dnb2c-klimatyzacja-gree-lomo-luxury-a-o-mocy-6-45kw-do-70m2-4-pomieszczen\/#breadcrumb","itemListElement":[{"@type":"ListItem","position":1,"name":"Strona g\u0142\u00f3wna","item":"https:\/\/www.fabrykachlodu.pl\/sklep\/"},{"@type":"ListItem","position":2,"name":"Szukasz klimatzyacji biurowej sklepowej lub do mieszkania?","item":"https:\/\/www.fabrykachlodu.pl\/sklep\/"},{"@type":"ListItem","position":3,"name":"PRODUKTY ARCHIWALNE","item":"https:\/\/www.fabrykachlodu.pl\/sklep\/product-category\/produkty-archiwalne\/"},{"@type":"ListItem","position":4,"name":"Zestaw GWH24QE-K6DNB2C klimatyzacja GREE LOMO LUXURY A++, o mocy 6.45kW, do 70m2, 4 pomieszcze\u0144"}]},{"@type":"WebSite","@id":"https:\/\/www.fabrykachlodu.pl\/sklep\/#website","url":"https:\/\/www.fabrykachlodu.pl\/sklep\/","name":"\u00b0FC Sklep Internetowy monta\u017c klimatyzacji pomp ciep\u0142a","description":"\u00b0FC monta\u017c klimatyzacji pomp ciep\u0142a z nami to szybki i tani wyb\u00f3r.  Us\u0142ugi monta\u017cowe i serwisowe W Warszawie i okolicach..","potentialAction":[{"@type":"SearchAction","target":{"@type":"EntryPoint","urlTemplate":"https:\/\/www.fabrykachlodu.pl\/sklep\/?s={search_term_string}"},"query-input":"required name=search_term_string"}],"inLanguage":"pl-PL"}]}},"_links":{"self":[{"href":"https:\/\/www.fabrykachlodu.pl\/sklep\/wp-json\/wp\/v2\/product\/43017"}],"collection":[{"href":"https:\/\/www.fabrykachlodu.pl\/sklep\/wp-json\/wp\/v2\/product"}],"about":[{"href":"https:\/\/www.fabrykachlodu.pl\/sklep\/wp-json\/wp\/v2\/types\/product"}],"wp:featuredmedia":[{"embeddable":true,"href":"https:\/\/www.fabrykachlodu.pl\/sklep\/wp-json\/wp\/v2\/media\/37882"}],"wp:attachment":[{"href":"https:\/\/www.fabrykachlodu.pl\/sklep\/wp-json\/wp\/v2\/media?parent=43017"}],"wp:term":[{"taxonomy":"product_cat","embeddable":true,"href":"https:\/\/www.fabrykachlodu.pl\/sklep\/wp-json\/wp\/v2\/product_cat?post=43017"},{"taxonomy":"product_tag","embeddable":true,"href":"https:\/\/www.fabrykachlodu.pl\/sklep\/wp-json\/wp\/v2\/product_tag?post=43017"}],"curies":[{"name":"wp","href":"https:\/\/api.w.org\/{rel}","templated":true}]}}