{"id":43181,"date":"2019-09-26T10:21:08","date_gmt":"2019-09-26T08:21:08","guid":{"rendered":"http:\/\/www.fabrykachlodu.pl\/sklep\/produkt\/import-placeholder-for-gwh09aab-k6dna4a\/"},"modified":"2022-06-20T12:41:41","modified_gmt":"2022-06-20T10:41:41","slug":"zestaw-gwh09aab-k6dna4a-klimatyzacja-gree-bora-a-o-mocy-2-8kw-do-25m2-3-pomieszczen","status":"publish","type":"product","link":"https:\/\/www.fabrykachlodu.pl\/sklep\/produkt\/zestaw-gwh09aab-k6dna4a-klimatyzacja-gree-bora-a-o-mocy-2-8kw-do-25m2-3-pomieszczen\/","title":{"rendered":"Zestaw GWH09AAB-K6DNA4A klimatyzacja GREE BORA A++, o mocy 2.8kW, do 25m2, 3 pomieszcze\u0144"},"content":{"rendered":"<p><a href=\"https:\/\/www.fabrykachlodu.pl\/sklep\/product-category\/produkty-archiwalne\/\">Produkt archiwalny od 2022 roku<\/a>. Cz\u0119\u015bci s\u0105 dost\u0119pne.<\/p>\n<p>Jego sukcesor of 2022 roku to <a href=\"https:\/\/www.fabrykachlodu.pl\/sklep\/product-category\/gree\/nascienny\/pular\/\">GREE PULAR<\/a><\/p>\n<p>&nbsp;<\/p>\n<div id=\"attachment_86596\" style=\"width: 611px\" class=\"wp-caption alignleft\"><a href=\"https:\/\/www.fabrykachlodu.pl\/sklep\/product-category\/gree\/nascienny\/pular\/\"><img fetchpriority=\"high\" decoding=\"async\" aria-describedby=\"caption-attachment-86596\" class=\"size-full wp-image-86596\" src=\"https:\/\/www.fabrykachlodu.pl\/sklep\/wp-content\/uploads\/2022\/06\/GREE_Pular.z.montazem_Warszawa_cennik-2.jpg\" alt=\"GREE_Pular.z.montazem_Warszawa_cennik-2.jpg\" width=\"601\" height=\"601\" srcset=\"https:\/\/www.fabrykachlodu.pl\/sklep\/wp-content\/uploads\/2022\/06\/GREE_Pular.z.montazem_Warszawa_cennik-2.jpg 601w, https:\/\/www.fabrykachlodu.pl\/sklep\/wp-content\/uploads\/2022\/06\/GREE_Pular.z.montazem_Warszawa_cennik-2-300x300.jpg 300w, https:\/\/www.fabrykachlodu.pl\/sklep\/wp-content\/uploads\/2022\/06\/GREE_Pular.z.montazem_Warszawa_cennik-2-200x200.jpg 200w, https:\/\/www.fabrykachlodu.pl\/sklep\/wp-content\/uploads\/2022\/06\/GREE_Pular.z.montazem_Warszawa_cennik-2-64x64.jpg 64w, https:\/\/www.fabrykachlodu.pl\/sklep\/wp-content\/uploads\/2022\/06\/GREE_Pular.z.montazem_Warszawa_cennik-2-350x350.jpg 350w, https:\/\/www.fabrykachlodu.pl\/sklep\/wp-content\/uploads\/2022\/06\/GREE_Pular.z.montazem_Warszawa_cennik-2-150x150.jpg 150w\" sizes=\"(max-width: 601px) 100vw, 601px\" \/><\/a><p id=\"caption-attachment-86596\" class=\"wp-caption-text\">GREE_Pular.z.montazem_Warszawa_cennik-2.jpg<\/p><\/div>\n<div id=\"attachment_86702\" style=\"width: 990px\" class=\"wp-caption alignleft\"><a href=\"https:\/\/www.fabrykachlodu.pl\/sklep\/product-category\/gree\/nascienny\/pular\/\"><img decoding=\"async\" aria-describedby=\"caption-attachment-86702\" class=\"size-full wp-image-86702\" src=\"https:\/\/www.fabrykachlodu.pl\/sklep\/wp-content\/uploads\/2022\/06\/GREE.Pular_.klimatyzator.do_.mieszkania.w.bloku_.png\" alt=\"GREE.Pular.klimatyzator.do.mieszkania.w.bloku\" width=\"980\" height=\"562\" srcset=\"https:\/\/www.fabrykachlodu.pl\/sklep\/wp-content\/uploads\/2022\/06\/GREE.Pular_.klimatyzator.do_.mieszkania.w.bloku_.png 980w, https:\/\/www.fabrykachlodu.pl\/sklep\/wp-content\/uploads\/2022\/06\/GREE.Pular_.klimatyzator.do_.mieszkania.w.bloku_-600x344.png 600w, https:\/\/www.fabrykachlodu.pl\/sklep\/wp-content\/uploads\/2022\/06\/GREE.Pular_.klimatyzator.do_.mieszkania.w.bloku_-64x37.png 64w, https:\/\/www.fabrykachlodu.pl\/sklep\/wp-content\/uploads\/2022\/06\/GREE.Pular_.klimatyzator.do_.mieszkania.w.bloku_-300x172.png 300w, https:\/\/www.fabrykachlodu.pl\/sklep\/wp-content\/uploads\/2022\/06\/GREE.Pular_.klimatyzator.do_.mieszkania.w.bloku_-768x440.png 768w\" sizes=\"(max-width: 980px) 100vw, 980px\" \/><\/a><p id=\"caption-attachment-86702\" class=\"wp-caption-text\">GREE.Pular.klimatyzator.do.mieszkania.w.bloku<\/p><\/div>\n<p>Czytasz materia\u0142 archiwalny..<\/p>\n<p>&nbsp;<\/p>\n<p>Zam\u00f3wienie dotyczy kompletnego zestawu klimatyzatora do sklepu biura mieszkania GREE BORA GWH09AAB-K6DNA4A R32 (R32 oznacza rodzaj czynnika ch\u0142odniczego), w kt\u00f3ry wchodz\u0105:<\/p>\n<p>-jednostka wewn\u0119trzna GWH09AAB-K6DNA4A\/I<\/p>\n<p>-jednostka zewn\u0119trzna GWH09AAB-K6DNA4A\/I<\/p>\n<p>-pilot<\/p>\n<p>*Funkcja WiFi wymaga dodatkowej konfiguracji. Cena nie zawiera sterownika WiFi<\/p>\n<p>Seria GREE BORA debiut 2018 to kontumacja strategii firmowej w segmencie podstawowym oraz premium. Wydajne klimatyzatory w przyst\u0119pnej cenie, ca\u0142kowicie deplasuj\u0105 konkurencje na kilku p\u0142aszczyznach: cena, parametry, opcje standardowe oraz serwis posprzeda\u017cowy. W 2017 bardzo dobrze sprzedaj\u0105cy si\u0119 produkt Lomo mia\u0142by\u0107 zast\u0105piony BORA ale na krajowym rynku utrzymano oba modele &#8211; dzia\u0142aj\u0105ce na czynniku ch\u0142odniczym r32 &#8211; dzi\u0119ki temu segment podstawowy (biurowo\/mieszkaniowy) si\u0119 powi\u0119kszy\u0142 a ich \u017cywot zosta\u0142 wyd\u0142u\u017cony, zgodnie z ustaw\u0105 europejsk\u0105 o substancjach zubo\u017caj\u0105cych warstw\u0119 ozonow\u0105. 2018 rok to ods\u0142ona r\u00f3wnie\u017c innych produkt\u00f3w dzia\u0142aj\u0105cych na ekologicznym czynniku &#8211; skorzystaj z filtr\u00f3w aby je wyszuka\u0107.<\/p>\n<p>Nale\u017cy doda\u0107, \u017ce ustawa o f-gazach okre\u015bla obowi\u0105zki zar\u00f3wno firm serwisowych i monta\u017cowych, jak i firm handlowych zajmuj\u0105cych si\u0119 obrotem urz\u0105dze\u0144 uzale\u017cnionych od tych substancji.<\/p>\n<p>Sam model Model BORA to r\u00f3\u017cnice w warto\u015bciach m.in. temperatura otoczenia, w kt\u00f3rej klimatyzator grzeje: Economic to -15\u00b0C, a Luxury -22\u00b0C. Por\u00f3wnanie modeli dost\u0119pne w dokumentach, kt\u00f3re znajdziesz poni\u017cej.<\/p>\n<p>Klasa energetyczna A++ (w 2015 A++ dost\u0119pna by\u0142a w segmencie premium). Grzanie na poziomie A+. Nale\u017cy doda\u0107, \u017ce ten model nie jest w standardzie przystosowany do grzania w niskiej temperaturze otoczenia. Mo\u017cna jednak wyposa\u017cy\u0107 dodatkowo w grza\u0142k\u0119 spr\u0119\u017carki oraz tacy skroplin aby jednostk\u0105 pracowa\u0142a w temperaturze minusowej. Dla podkre\u015blenia model Lomo Luxury lub Amber Standard grzeje w niskiej temperaturze otoczenia posiadaj\u0105c grza\u0142k\u0119 w standardzie.<\/p>\n<p>Lomo BORA to ceno przyst\u0119pna klimatyzacja do domu, biura lub sklepu. Zalet ma wiele ale g\u0142\u00f3wna to Jonizator plazmowy, sterowanie WiFi, I feel, Pionowy i poziomy ruch \u017caluzji, samo diagnoza, Inteligentne odszranianie oraz Timer 24h.<\/p>\n<p>Jako opcja podstawowa, sterowanie przez WiFi oraz mo\u017cliwo\u015bci pod\u0142\u0105czenia sterownika przewodowego daje u\u017cytkownikowi wi\u0119cej komfortu np. kiedy chce zwi\u0119kszy\u0107 temperatur\u0119 przed wej\u015bciem do domu lub tak ostatnio popularnych mieszkaniach przeznaczonych na kr\u00f3tki wynajmem. Inteligentne odszranianie dedykowane jest klientom oczekuj\u0105cym komfortowego i wydajnego ogrzewania. Bora pracuje bardzo cicho i posiada dodatkow\u0105 opcj\u0119 opcj\u0119 trybu snu, kt\u00f3ra sprawdzi si\u0119 w ma\u0142ym mieszkaniu czy biurze. Jednostka wewn\u0119trzna i zewn\u0119trzna oferowana wcze\u015bniej z czynnikiem R410A, wykaza\u0142y r\u00f3wnie\u017c wysok\u0105 niezawodno\u015bci\u0105 i tego samego mo\u017cemy si\u0119 spodziewa\u0107 po nowym wcieleniu Lomo BORA z czynnikiem R32.<\/p>\n<p>Tani klimatyzator BORA charakteryzuje si\u0119 bardzo niskim zu\u017cyciem energii oraz atrakcyjn\u0105 cen\u0105, zapewniaj\u0105c jednocze\u015bnie doskona\u0142\u0105 wydajno\u015b\u0107.<\/p>\n<p>Czy wiesz czym jest funkcja funkcja I feel? Jest to odczyt temperatury otoczenia, dzi\u0119ki temu, \u017ce czujnik temperatury wbudowany jest w pilocie. Aby sprawdzi\u0107 temperatur\u0119 otoczenia, nale\u017cy skierowa\u0107 pilot w stron\u0119 klimatyzatora.<\/p>\n<p>Czy wiesz, \u017ce ten biurowy klimatyzator jest r\u00f3wnie\u017c cz\u0119sto stosowany w domu lub ma\u0142ych mieszkaniach, bo samodzielnie si\u0119 czy\u015bci z mikroorganizm\u00f3w oraz nieprzyjemnych zapach\u00f3w. Po wy\u0142\u0105czeniu urz\u0105dzenia, kt\u00f3re pracowa\u0142o w trybie ch\u0142odzenia lub osuszania wentylator jednostki wewn\u0119trznej pracuje jeszcze kilka minut by osuszy\u0107 wymiennik ograniczaj\u0105c rozw\u00f3j ple\u015bni, mikroorganizm\u00f3w oraz szkodliwych dla cz\u0142owieka grzyb\u00f3w. Dzi\u0119ki jonizacji powietrza skutecznie eliminowane s\u0105 zanieczyszczenia, wirusy, bakterie, grzyby i nieprzyjemne zapachy mikroorganizm\u00f3w aby komfort w biurze lub w mieszkaniu by\u0142 zawsze gwarantowany.<\/p>\n<p>Funkcja turbo maksymalne maksymalnie zwi\u0119kszy wydajno\u015bci grzewcz\u0105 i ch\u0142odnicz\u0105 w efekcie strumie\u0144 powietrza by szybko sch\u0142odzi\u0107 lub ogrza\u0107 pomieszczenie. Klimatyzator nie posiada sensora wykrywaj\u0105cego obecno\u015b\u0107 cz\u0142owieka.<\/p>\n<p>PARAMETRY TECHNICZNE \u2013 Klimatyzatora GREE R32<\/p>\n<div class=\"su-tabs su-tabs-style-default su-tabs-mobile-stack\" data-active=\"1\" data-scroll-offset=\"0\" data-anchor-in-url=\"no\"><div class=\"su-tabs-nav\"><span class=\"\" data-url=\"\" data-target=\"blank\" tabindex=\"0\" role=\"button\">Klimatyzator BORA z czynnikiem R32<\/span><span class=\"\" data-url=\"\" data-target=\"blank\" tabindex=\"0\" role=\"button\">Por\u00f3wnanie funkcji<\/span><span class=\"\" data-url=\"\" data-target=\"blank\" tabindex=\"0\" role=\"button\">Opis funkcji<\/span><\/div><div class=\"su-tabs-panes\"><div class=\"su-tabs-pane su-u-clearfix su-u-trim\" data-title=\"Klimatyzator BORA z czynnikiem R32\">\n<div class=\"su-document su-u-responsive-media-yes\"><iframe src=\"\/\/docs.google.com\/viewer?embedded=true&url=http:\/\/fabrykachlodu.pl\/sklep\/wp-content\/uploads\/2018\/03\/BORA.pdf\" width=\"600\" height=\"400\" class=\"su-document\" title=\"\"><\/iframe><\/div>\n<\/div>\n<div class=\"su-tabs-pane su-u-clearfix su-u-trim\" data-title=\"Por\u00f3wnanie funkcji\">\n<div class=\"su-document su-u-responsive-media-yes\"><iframe src=\"\/\/docs.google.com\/viewer?embedded=true&url=http:\/\/fabrykachlodu.pl\/sklep\/wp-content\/uploads\/2018\/03\/Funkcje-modeli.klimatyzatorow.gree_.pdf\" width=\"600\" height=\"400\" class=\"su-document\" title=\"\"><\/iframe><\/div>\n<\/div>\n<div class=\"su-tabs-pane su-u-clearfix su-u-trim\" data-title=\"Opis funkcji\">\n<div class=\"su-document su-u-responsive-media-yes\"><iframe src=\"\/\/docs.google.com\/viewer?embedded=true&url=http:\/\/fabrykachlodu.pl\/sklep\/wp-content\/uploads\/2018\/03\/funkcje.i.tryby_.opcje_.gree_.klimatyzacja.pdf\" width=\"600\" height=\"400\" class=\"su-document\" title=\"\"><\/iframe><\/div>\n<\/div><\/div><\/div>\n<p>Dokumenty si\u0119 nie wy\u015bwietlaj\u0105? <input type=\"button\" value=\"Od\u015bwie\u017c stron\u0119\" \/><\/p>\n<div class=\"su-note\"  style=\"border-color:#e5e5e5;border-radius:3px;-moz-border-radius:3px;-webkit-border-radius:3px;\"><div class=\"su-note-inner su-u-clearfix su-u-trim\" style=\"background-color:#ffffff;border-color:#ffffff;color:#afafaf;border-radius:3px;-moz-border-radius:3px;-webkit-border-radius:3px;\">Jakie s\u0105 konsekwencje stosowania gaz\u00f3w zubo\u017caj\u0105cych warstw\u0119 ozonow\u0105 np. freonowych? (ustawa F-gazowa)<\/p>\n<p>Nowy Gree BORA to debiut 2018 roku, dzia\u0142aj\u0105cy z czynnikiem ch\u0142odniczym R32. Jest to bardzo dobra wiadomo\u015b\u0107 dla szukaj\u0105cych taniej klimatyzacji posiadaj\u0105cej cechy BORA m.in. 5 letnia gwarancja, mocne ch\u0142odzenie oraz grzanie i elegancki design. Kontrola przez smartfona czyni ten model kandydatem do super hitu 2018 roku. Model BORA to r\u00f3wnie\u017c oszcz\u0119dno\u015bci przez stosowanie czynnika ch\u0142odniczego R32, kt\u00f3ry do roku 2020 zast\u0105pi gaz freonowy. Czy wiedzia\u0142e\u015b, \u017ce na rynku europejskim zabraknie gaz\u00f3w freonowych, przez co dalsze u\u017cytkowanie b\u0119dzie utrudnione oraz koszt gaz\u00f3w zamiennych stosunkowo wy\u017cszy?<\/p>\n<\/div><\/div>\n<p>Seria klimatyzator\u00f3w GREE BORA dedykowana jest do mieszka\u0144 i dom\u00f3w jednorodzinnych oraz biur, bo idealnie si\u0119 komponuje. Je\u015bli produkt dost\u0119pny jest w naszym magazynie monta\u017c mo\u017cliwy ju\u017c nast\u0119pnego dnia. Prosimy wskaza\u0107 podczas zakupu termin monta\u017cu oraz lokalizacj\u0119.<\/p>\n","protected":false},"excerpt":{"rendered":"<p><span style=\"color: #000000;\"><strong>Najwa\u017cniejsze zalety<\/strong><\/span><\/p>\n[dt_list style=\"1\" bullet_position=\"middle\" dividers=\"true\"][dt_list_item image=\"\"]Obs\u0142uga zdalna[\/dt_list_item][dt_list_item image=\"\"]Nowoczesny wygl\u0105d[\/dt_list_item][dt_list_item image=\"\"]Dobra cena i funkcje[\/dt_list_item][dt_list_item image=\"\"]Ekologiczny[\/dt_list_item][\/dt_list]\n","protected":false},"featured_media":38513,"template":"","meta":[],"product_cat":[6201],"product_tag":[5508,1057,5509,5540,5650,5651,5506,5649,1110,5648],"yoast_head":"<!-- This site is optimized with the Yoast SEO plugin v22.1 - https:\/\/yoast.com\/wordpress\/plugins\/seo\/ -->\n<title>Zestaw GWH09AAB-K6DNA4A klimatyzacja GREE BORA A++, o mocy 2.8kW, do 25m2, 3 pomieszcze\u0144<\/title>\n<meta name=\"description\" content=\"Zestaw GWH09AAB-K6DNA4A klimatyzacja GREE BORA A++, o mocy 2.8kW, do 25m2, 3 pomieszcze\u0144\" \/>\n<meta name=\"robots\" content=\"index, nofollow, max-snippet:-1, max-image-preview:large, max-video-preview:-1, noarchive\" \/>\n<link rel=\"canonical\" href=\"https:\/\/www.fabrykachlodu.pl\/sklep\/produkt\/zestaw-gwh09aab-k6dna4a-klimatyzacja-gree-bora-a-o-mocy-2-8kw-do-25m2-3-pomieszczen\/\" \/>\n<meta name=\"twitter:label1\" content=\"Szacowany czas czytania\" \/>\n\t<meta name=\"twitter:data1\" content=\"5 minut\" \/>\n<script type=\"application\/ld+json\" class=\"yoast-schema-graph\">{\"@context\":\"https:\/\/schema.org\",\"@graph\":[{\"@type\":\"WebPage\",\"@id\":\"https:\/\/www.fabrykachlodu.pl\/sklep\/produkt\/zestaw-gwh09aab-k6dna4a-klimatyzacja-gree-bora-a-o-mocy-2-8kw-do-25m2-3-pomieszczen\/\",\"url\":\"https:\/\/www.fabrykachlodu.pl\/sklep\/produkt\/zestaw-gwh09aab-k6dna4a-klimatyzacja-gree-bora-a-o-mocy-2-8kw-do-25m2-3-pomieszczen\/\",\"name\":\"Zestaw GWH09AAB-K6DNA4A klimatyzacja GREE BORA A++, o mocy 2.8kW, do 25m2, 3 pomieszcze\u0144\",\"isPartOf\":{\"@id\":\"https:\/\/www.fabrykachlodu.pl\/sklep\/#website\"},\"datePublished\":\"2019-09-26T08:21:08+00:00\",\"dateModified\":\"2022-06-20T10:41:41+00:00\",\"description\":\"Zestaw GWH09AAB-K6DNA4A klimatyzacja GREE BORA A++, o mocy 2.8kW, do 25m2, 3 pomieszcze\u0144\",\"breadcrumb\":{\"@id\":\"https:\/\/www.fabrykachlodu.pl\/sklep\/produkt\/zestaw-gwh09aab-k6dna4a-klimatyzacja-gree-bora-a-o-mocy-2-8kw-do-25m2-3-pomieszczen\/#breadcrumb\"},\"inLanguage\":\"pl-PL\",\"potentialAction\":[{\"@type\":\"ReadAction\",\"target\":[\"https:\/\/www.fabrykachlodu.pl\/sklep\/produkt\/zestaw-gwh09aab-k6dna4a-klimatyzacja-gree-bora-a-o-mocy-2-8kw-do-25m2-3-pomieszczen\/\"]}]},{\"@type\":\"BreadcrumbList\",\"@id\":\"https:\/\/www.fabrykachlodu.pl\/sklep\/produkt\/zestaw-gwh09aab-k6dna4a-klimatyzacja-gree-bora-a-o-mocy-2-8kw-do-25m2-3-pomieszczen\/#breadcrumb\",\"itemListElement\":[{\"@type\":\"ListItem\",\"position\":1,\"name\":\"Strona g\u0142\u00f3wna\",\"item\":\"https:\/\/www.fabrykachlodu.pl\/sklep\/\"},{\"@type\":\"ListItem\",\"position\":2,\"name\":\"Szukasz klimatzyacji biurowej sklepowej lub do mieszkania?\",\"item\":\"https:\/\/www.fabrykachlodu.pl\/sklep\/\"},{\"@type\":\"ListItem\",\"position\":3,\"name\":\"AKCESORIA-MONTAZOWE\",\"item\":\"https:\/\/www.fabrykachlodu.pl\/sklep\/product-category\/akcesoria-montazowe\/\"},{\"@type\":\"ListItem\",\"position\":4,\"name\":\"IZOLACJE\",\"item\":\"https:\/\/www.fabrykachlodu.pl\/sklep\/product-category\/akcesoria-montazowe\/izolacje\/\"},{\"@type\":\"ListItem\",\"position\":5,\"name\":\"Mata Izolacyjna Mata Zwyk\u0142a, szeroko\u015b\u0107 1,0 m, kolor czarny, p>7 000\",\"item\":\"https:\/\/www.fabrykachlodu.pl\/sklep\/?post_type=product&p=61376\"},{\"@type\":\"ListItem\",\"position\":6,\"name\":\"Mata Izolacyjna Mata Zwyk\u0142a, szeroko\u015b\u0107 1,0 m, kolor czarny, p>7 000\",\"item\":\"https:\/\/www.fabrykachlodu.pl\/sklep\/?post_type=product&p=74070\"},{\"@type\":\"ListItem\",\"position\":7,\"name\":\"Zestaw GWH09AAB-K6DNA4A klimatyzacja GREE BORA A++, o mocy 2.8kW, do 25m2, 3 pomieszcze\u0144\"}]},{\"@type\":\"WebSite\",\"@id\":\"https:\/\/www.fabrykachlodu.pl\/sklep\/#website\",\"url\":\"https:\/\/www.fabrykachlodu.pl\/sklep\/\",\"name\":\"\u00b0FC Sklep Internetowy monta\u017c klimatyzacji pomp ciep\u0142a\",\"description\":\"\u00b0FC monta\u017c klimatyzacji pomp ciep\u0142a z nami to szybki i tani wyb\u00f3r.  Us\u0142ugi monta\u017cowe i serwisowe W Warszawie i okolicach..\",\"potentialAction\":[{\"@type\":\"SearchAction\",\"target\":{\"@type\":\"EntryPoint\",\"urlTemplate\":\"https:\/\/www.fabrykachlodu.pl\/sklep\/?s={search_term_string}\"},\"query-input\":\"required name=search_term_string\"}],\"inLanguage\":\"pl-PL\"}]}<\/script>\n<!-- \/ Yoast SEO plugin. -->","yoast_head_json":{"title":"Zestaw GWH09AAB-K6DNA4A klimatyzacja GREE BORA A++, o mocy 2.8kW, do 25m2, 3 pomieszcze\u0144","description":"Zestaw GWH09AAB-K6DNA4A klimatyzacja GREE BORA A++, o mocy 2.8kW, do 25m2, 3 pomieszcze\u0144","robots":{"index":"index","follow":"nofollow","max-snippet":"max-snippet:-1","max-image-preview":"max-image-preview:large","max-video-preview":"max-video-preview:-1","archive":"noarchive"},"canonical":"https:\/\/www.fabrykachlodu.pl\/sklep\/produkt\/zestaw-gwh09aab-k6dna4a-klimatyzacja-gree-bora-a-o-mocy-2-8kw-do-25m2-3-pomieszczen\/","twitter_misc":{"Szacowany czas czytania":"5 minut"},"schema":{"@context":"https:\/\/schema.org","@graph":[{"@type":"WebPage","@id":"https:\/\/www.fabrykachlodu.pl\/sklep\/produkt\/zestaw-gwh09aab-k6dna4a-klimatyzacja-gree-bora-a-o-mocy-2-8kw-do-25m2-3-pomieszczen\/","url":"https:\/\/www.fabrykachlodu.pl\/sklep\/produkt\/zestaw-gwh09aab-k6dna4a-klimatyzacja-gree-bora-a-o-mocy-2-8kw-do-25m2-3-pomieszczen\/","name":"Zestaw GWH09AAB-K6DNA4A klimatyzacja GREE BORA A++, o mocy 2.8kW, do 25m2, 3 pomieszcze\u0144","isPartOf":{"@id":"https:\/\/www.fabrykachlodu.pl\/sklep\/#website"},"datePublished":"2019-09-26T08:21:08+00:00","dateModified":"2022-06-20T10:41:41+00:00","description":"Zestaw GWH09AAB-K6DNA4A klimatyzacja GREE BORA A++, o mocy 2.8kW, do 25m2, 3 pomieszcze\u0144","breadcrumb":{"@id":"https:\/\/www.fabrykachlodu.pl\/sklep\/produkt\/zestaw-gwh09aab-k6dna4a-klimatyzacja-gree-bora-a-o-mocy-2-8kw-do-25m2-3-pomieszczen\/#breadcrumb"},"inLanguage":"pl-PL","potentialAction":[{"@type":"ReadAction","target":["https:\/\/www.fabrykachlodu.pl\/sklep\/produkt\/zestaw-gwh09aab-k6dna4a-klimatyzacja-gree-bora-a-o-mocy-2-8kw-do-25m2-3-pomieszczen\/"]}]},{"@type":"BreadcrumbList","@id":"https:\/\/www.fabrykachlodu.pl\/sklep\/produkt\/zestaw-gwh09aab-k6dna4a-klimatyzacja-gree-bora-a-o-mocy-2-8kw-do-25m2-3-pomieszczen\/#breadcrumb","itemListElement":[{"@type":"ListItem","position":1,"name":"Strona g\u0142\u00f3wna","item":"https:\/\/www.fabrykachlodu.pl\/sklep\/"},{"@type":"ListItem","position":2,"name":"Szukasz klimatzyacji biurowej sklepowej lub do mieszkania?","item":"https:\/\/www.fabrykachlodu.pl\/sklep\/"},{"@type":"ListItem","position":3,"name":"AKCESORIA-MONTAZOWE","item":"https:\/\/www.fabrykachlodu.pl\/sklep\/product-category\/akcesoria-montazowe\/"},{"@type":"ListItem","position":4,"name":"IZOLACJE","item":"https:\/\/www.fabrykachlodu.pl\/sklep\/product-category\/akcesoria-montazowe\/izolacje\/"},{"@type":"ListItem","position":5,"name":"Mata Izolacyjna Mata Zwyk\u0142a, szeroko\u015b\u0107 1,0 m, kolor czarny, p>7 000","item":"https:\/\/www.fabrykachlodu.pl\/sklep\/?post_type=product&p=61376"},{"@type":"ListItem","position":6,"name":"Mata Izolacyjna Mata Zwyk\u0142a, szeroko\u015b\u0107 1,0 m, kolor czarny, p>7 000","item":"https:\/\/www.fabrykachlodu.pl\/sklep\/?post_type=product&p=74070"},{"@type":"ListItem","position":7,"name":"Zestaw GWH09AAB-K6DNA4A klimatyzacja GREE BORA A++, o mocy 2.8kW, do 25m2, 3 pomieszcze\u0144"}]},{"@type":"WebSite","@id":"https:\/\/www.fabrykachlodu.pl\/sklep\/#website","url":"https:\/\/www.fabrykachlodu.pl\/sklep\/","name":"\u00b0FC Sklep Internetowy monta\u017c klimatyzacji pomp ciep\u0142a","description":"\u00b0FC monta\u017c klimatyzacji pomp ciep\u0142a z nami to szybki i tani wyb\u00f3r.  Us\u0142ugi monta\u017cowe i serwisowe W Warszawie i okolicach..","potentialAction":[{"@type":"SearchAction","target":{"@type":"EntryPoint","urlTemplate":"https:\/\/www.fabrykachlodu.pl\/sklep\/?s={search_term_string}"},"query-input":"required name=search_term_string"}],"inLanguage":"pl-PL"}]}},"_links":{"self":[{"href":"https:\/\/www.fabrykachlodu.pl\/sklep\/wp-json\/wp\/v2\/product\/43181"}],"collection":[{"href":"https:\/\/www.fabrykachlodu.pl\/sklep\/wp-json\/wp\/v2\/product"}],"about":[{"href":"https:\/\/www.fabrykachlodu.pl\/sklep\/wp-json\/wp\/v2\/types\/product"}],"wp:featuredmedia":[{"embeddable":true,"href":"https:\/\/www.fabrykachlodu.pl\/sklep\/wp-json\/wp\/v2\/media\/38513"}],"wp:attachment":[{"href":"https:\/\/www.fabrykachlodu.pl\/sklep\/wp-json\/wp\/v2\/media?parent=43181"}],"wp:term":[{"taxonomy":"product_cat","embeddable":true,"href":"https:\/\/www.fabrykachlodu.pl\/sklep\/wp-json\/wp\/v2\/product_cat?post=43181"},{"taxonomy":"product_tag","embeddable":true,"href":"https:\/\/www.fabrykachlodu.pl\/sklep\/wp-json\/wp\/v2\/product_tag?post=43181"}],"curies":[{"name":"wp","href":"https:\/\/api.w.org\/{rel}","templated":true}]}}