{"id":43242,"date":"2019-09-26T13:57:01","date_gmt":"2019-09-26T11:57:01","guid":{"rendered":"http:\/\/www.fabrykachlodu.pl\/sklep\/produkt\/import-placeholder-for-yan1f6\/"},"modified":"2022-06-07T15:19:24","modified_gmt":"2022-06-07T13:19:24","slug":"sterownik-wifi-gree-bezprzewodowy-yan1f6-wifi-do-lomo-dolomo-luxury-lomo-luxury-fm-lomo-eco","status":"publish","type":"product","link":"https:\/\/www.fabrykachlodu.pl\/sklep\/produkt\/sterownik-wifi-gree-bezprzewodowy-yan1f6-wifi-do-lomo-dolomo-luxury-lomo-luxury-fm-lomo-eco\/","title":{"rendered":"Sterownik WiFi GREE bezprzewodowy YAN1F6 (WiFi) do LOMO DO\nLomo Luxury, Lomo Luxury FM, Lomo Eco"},"content":{"rendered":"<p>STEROWNIK BEZPRZEWODOWY YAN1F6 (WiFi) DO MODELU<br \/>\nLomo Luxury, Lomo Luxury FM, Lomo Eco<br \/>\nProdukt wymaga instalacji zgodnie instrukcj\u0105 aplikacja EWAPE SMART.<\/p>\n<p>Jak dzia\u0142a WIFi w klimatyzacji Gree, jak skonfigurowa\u0107 po\u0142\u0105czenie smartphone \/ klimatyzator? zapraszamy na stron\u0119 EWAPE SMART. STEROWNIK BEZPRZEWODOWY WIFI to wygoda sterownia.<\/p>\n<p>Pobierz Ewpe Smart z <a href=\"https:\/\/itunes.apple.com\/cn\/app\/wifi-smart\/id1044543890?l=en&amp;mt=8\" rel=\"nofollow\">iTunes<\/a> lub <a href=\"https:\/\/play.google.com\/store\/apps\/details?id=com.gree.ewpesmart\" rel=\"nofollow\">Google Play<\/a><\/p>\n","protected":false},"excerpt":{"rendered":"<p><strong>Najwa\u017cniejsze zalety<\/strong> [dt_list style=\"1\" bullet_position=\"middle\" dividers=\"true\"][dt_list_item image=\"\"]Dost\u0119pny na iPhone oraz Android[\/dt_list_item][dt_list_item image=\"\"]Sterowanie pe\u0142ne[\/dt_list_item][dt_list_item image=\"\"]Sterowanie z ka\u017cdego miejsca[\/dt_list_item][dt_list_item image=\"\"]\u0141atwa nawigacja[\/dt_list_item][\/dt_list]<\/p>\n","protected":false},"featured_media":47334,"template":"","meta":[],"product_cat":[154,183,189],"product_tag":[5774,5773,5772],"yoast_head":"<!-- This site is optimized with the Yoast SEO plugin v22.1 - https:\/\/yoast.com\/wordpress\/plugins\/seo\/ -->\n<title>Sterownik WiFi GREE bezprzewodowy YAN1F6 (WiFi) do LOMO DO Lomo Luxury, Lomo Luxury FM, Lomo Eco<\/title>\n<meta name=\"description\" content=\"Sterownik WiFi GREE bezprzewodowy YAN1F6 (WiFi) do LOMO DO Lomo Luxury, Lomo Luxury FM, Lomo Eco\" \/>\n<meta name=\"robots\" content=\"index, follow, max-snippet:-1, max-image-preview:large, max-video-preview:-1\" \/>\n<link rel=\"canonical\" href=\"https:\/\/www.fabrykachlodu.pl\/sklep\/produkt\/sterownik-wifi-gree-bezprzewodowy-yan1f6-wifi-do-lomo-dolomo-luxury-lomo-luxury-fm-lomo-eco\/\" \/>\n<script type=\"application\/ld+json\" class=\"yoast-schema-graph\">{\"@context\":\"https:\/\/schema.org\",\"@graph\":[{\"@type\":\"WebPage\",\"@id\":\"https:\/\/www.fabrykachlodu.pl\/sklep\/produkt\/sterownik-wifi-gree-bezprzewodowy-yan1f6-wifi-do-lomo-dolomo-luxury-lomo-luxury-fm-lomo-eco\/\",\"url\":\"https:\/\/www.fabrykachlodu.pl\/sklep\/produkt\/sterownik-wifi-gree-bezprzewodowy-yan1f6-wifi-do-lomo-dolomo-luxury-lomo-luxury-fm-lomo-eco\/\",\"name\":\"Sterownik WiFi GREE bezprzewodowy YAN1F6 (WiFi) do LOMO DO Lomo Luxury, Lomo Luxury FM, Lomo Eco\",\"isPartOf\":{\"@id\":\"https:\/\/www.fabrykachlodu.pl\/sklep\/#website\"},\"datePublished\":\"2019-09-26T11:57:01+00:00\",\"dateModified\":\"2022-06-07T13:19:24+00:00\",\"description\":\"Sterownik WiFi GREE bezprzewodowy YAN1F6 (WiFi) do LOMO DO Lomo Luxury, Lomo Luxury FM, Lomo Eco\",\"breadcrumb\":{\"@id\":\"https:\/\/www.fabrykachlodu.pl\/sklep\/produkt\/sterownik-wifi-gree-bezprzewodowy-yan1f6-wifi-do-lomo-dolomo-luxury-lomo-luxury-fm-lomo-eco\/#breadcrumb\"},\"inLanguage\":\"pl-PL\",\"potentialAction\":[{\"@type\":\"ReadAction\",\"target\":[\"https:\/\/www.fabrykachlodu.pl\/sklep\/produkt\/sterownik-wifi-gree-bezprzewodowy-yan1f6-wifi-do-lomo-dolomo-luxury-lomo-luxury-fm-lomo-eco\/\"]}]},{\"@type\":\"BreadcrumbList\",\"@id\":\"https:\/\/www.fabrykachlodu.pl\/sklep\/produkt\/sterownik-wifi-gree-bezprzewodowy-yan1f6-wifi-do-lomo-dolomo-luxury-lomo-luxury-fm-lomo-eco\/#breadcrumb\",\"itemListElement\":[{\"@type\":\"ListItem\",\"position\":1,\"name\":\"Strona g\u0142\u00f3wna\",\"item\":\"https:\/\/www.fabrykachlodu.pl\/sklep\/\"},{\"@type\":\"ListItem\",\"position\":2,\"name\":\"Szukasz klimatzyacji biurowej sklepowej lub do mieszkania?\",\"item\":\"https:\/\/www.fabrykachlodu.pl\/sklep\/\"},{\"@type\":\"ListItem\",\"position\":3,\"name\":\"GREE\",\"item\":\"https:\/\/www.fabrykachlodu.pl\/sklep\/product-category\/gree\/\"},{\"@type\":\"ListItem\",\"position\":4,\"name\":\"Akcesoria\",\"item\":\"https:\/\/www.fabrykachlodu.pl\/sklep\/product-category\/gree\/akcesoria\/\"},{\"@type\":\"ListItem\",\"position\":5,\"name\":\"Sterownik WiFi GREE bezprzewodowy YAN1F6 (WiFi) do LOMO DO Lomo Luxury, Lomo Luxury FM, Lomo Eco\"}]},{\"@type\":\"WebSite\",\"@id\":\"https:\/\/www.fabrykachlodu.pl\/sklep\/#website\",\"url\":\"https:\/\/www.fabrykachlodu.pl\/sklep\/\",\"name\":\"\u00b0FC Sklep Internetowy monta\u017c klimatyzacji pomp ciep\u0142a\",\"description\":\"\u00b0FC monta\u017c klimatyzacji pomp ciep\u0142a z nami to szybki i tani wyb\u00f3r.  Us\u0142ugi monta\u017cowe i serwisowe W Warszawie i okolicach..\",\"potentialAction\":[{\"@type\":\"SearchAction\",\"target\":{\"@type\":\"EntryPoint\",\"urlTemplate\":\"https:\/\/www.fabrykachlodu.pl\/sklep\/?s={search_term_string}\"},\"query-input\":\"required name=search_term_string\"}],\"inLanguage\":\"pl-PL\"}]}<\/script>\n<!-- \/ Yoast SEO plugin. -->","yoast_head_json":{"title":"Sterownik WiFi GREE bezprzewodowy YAN1F6 (WiFi) do LOMO DO Lomo Luxury, Lomo Luxury FM, Lomo Eco","description":"Sterownik WiFi GREE bezprzewodowy YAN1F6 (WiFi) do LOMO DO Lomo Luxury, Lomo Luxury FM, Lomo Eco","robots":{"index":"index","follow":"follow","max-snippet":"max-snippet:-1","max-image-preview":"max-image-preview:large","max-video-preview":"max-video-preview:-1"},"canonical":"https:\/\/www.fabrykachlodu.pl\/sklep\/produkt\/sterownik-wifi-gree-bezprzewodowy-yan1f6-wifi-do-lomo-dolomo-luxury-lomo-luxury-fm-lomo-eco\/","schema":{"@context":"https:\/\/schema.org","@graph":[{"@type":"WebPage","@id":"https:\/\/www.fabrykachlodu.pl\/sklep\/produkt\/sterownik-wifi-gree-bezprzewodowy-yan1f6-wifi-do-lomo-dolomo-luxury-lomo-luxury-fm-lomo-eco\/","url":"https:\/\/www.fabrykachlodu.pl\/sklep\/produkt\/sterownik-wifi-gree-bezprzewodowy-yan1f6-wifi-do-lomo-dolomo-luxury-lomo-luxury-fm-lomo-eco\/","name":"Sterownik WiFi GREE bezprzewodowy YAN1F6 (WiFi) do LOMO DO Lomo Luxury, Lomo Luxury FM, Lomo Eco","isPartOf":{"@id":"https:\/\/www.fabrykachlodu.pl\/sklep\/#website"},"datePublished":"2019-09-26T11:57:01+00:00","dateModified":"2022-06-07T13:19:24+00:00","description":"Sterownik WiFi GREE bezprzewodowy YAN1F6 (WiFi) do LOMO DO Lomo Luxury, Lomo Luxury FM, Lomo Eco","breadcrumb":{"@id":"https:\/\/www.fabrykachlodu.pl\/sklep\/produkt\/sterownik-wifi-gree-bezprzewodowy-yan1f6-wifi-do-lomo-dolomo-luxury-lomo-luxury-fm-lomo-eco\/#breadcrumb"},"inLanguage":"pl-PL","potentialAction":[{"@type":"ReadAction","target":["https:\/\/www.fabrykachlodu.pl\/sklep\/produkt\/sterownik-wifi-gree-bezprzewodowy-yan1f6-wifi-do-lomo-dolomo-luxury-lomo-luxury-fm-lomo-eco\/"]}]},{"@type":"BreadcrumbList","@id":"https:\/\/www.fabrykachlodu.pl\/sklep\/produkt\/sterownik-wifi-gree-bezprzewodowy-yan1f6-wifi-do-lomo-dolomo-luxury-lomo-luxury-fm-lomo-eco\/#breadcrumb","itemListElement":[{"@type":"ListItem","position":1,"name":"Strona g\u0142\u00f3wna","item":"https:\/\/www.fabrykachlodu.pl\/sklep\/"},{"@type":"ListItem","position":2,"name":"Szukasz klimatzyacji biurowej sklepowej lub do mieszkania?","item":"https:\/\/www.fabrykachlodu.pl\/sklep\/"},{"@type":"ListItem","position":3,"name":"GREE","item":"https:\/\/www.fabrykachlodu.pl\/sklep\/product-category\/gree\/"},{"@type":"ListItem","position":4,"name":"Akcesoria","item":"https:\/\/www.fabrykachlodu.pl\/sklep\/product-category\/gree\/akcesoria\/"},{"@type":"ListItem","position":5,"name":"Sterownik WiFi GREE bezprzewodowy YAN1F6 (WiFi) do LOMO DO Lomo Luxury, Lomo Luxury FM, Lomo Eco"}]},{"@type":"WebSite","@id":"https:\/\/www.fabrykachlodu.pl\/sklep\/#website","url":"https:\/\/www.fabrykachlodu.pl\/sklep\/","name":"\u00b0FC Sklep Internetowy monta\u017c klimatyzacji pomp ciep\u0142a","description":"\u00b0FC monta\u017c klimatyzacji pomp ciep\u0142a z nami to szybki i tani wyb\u00f3r.  Us\u0142ugi monta\u017cowe i serwisowe W Warszawie i okolicach..","potentialAction":[{"@type":"SearchAction","target":{"@type":"EntryPoint","urlTemplate":"https:\/\/www.fabrykachlodu.pl\/sklep\/?s={search_term_string}"},"query-input":"required name=search_term_string"}],"inLanguage":"pl-PL"}]}},"_links":{"self":[{"href":"https:\/\/www.fabrykachlodu.pl\/sklep\/wp-json\/wp\/v2\/product\/43242"}],"collection":[{"href":"https:\/\/www.fabrykachlodu.pl\/sklep\/wp-json\/wp\/v2\/product"}],"about":[{"href":"https:\/\/www.fabrykachlodu.pl\/sklep\/wp-json\/wp\/v2\/types\/product"}],"wp:featuredmedia":[{"embeddable":true,"href":"https:\/\/www.fabrykachlodu.pl\/sklep\/wp-json\/wp\/v2\/media\/47334"}],"wp:attachment":[{"href":"https:\/\/www.fabrykachlodu.pl\/sklep\/wp-json\/wp\/v2\/media?parent=43242"}],"wp:term":[{"taxonomy":"product_cat","embeddable":true,"href":"https:\/\/www.fabrykachlodu.pl\/sklep\/wp-json\/wp\/v2\/product_cat?post=43242"},{"taxonomy":"product_tag","embeddable":true,"href":"https:\/\/www.fabrykachlodu.pl\/sklep\/wp-json\/wp\/v2\/product_tag?post=43242"}],"curies":[{"name":"wp","href":"https:\/\/api.w.org\/{rel}","templated":true}]}}