{"id":43247,"date":"2019-09-26T13:57:25","date_gmt":"2019-09-26T11:57:25","guid":{"rendered":"http:\/\/www.fabrykachlodu.pl\/sklep\/produkt\/import-placeholder-for-yag1fb2\/"},"modified":"2023-01-21T08:21:17","modified_gmt":"2023-01-21T07:21:17","slug":"sterownik-wifi-gree-bezprzewodowy-yag1fb2-do-amber-standard-amber-standard-fm","status":"publish","type":"product","link":"https:\/\/www.fabrykachlodu.pl\/sklep\/produkt\/sterownik-wifi-gree-bezprzewodowy-yag1fb2-do-amber-standard-amber-standard-fm\/","title":{"rendered":"Sterownik WiFi GREE bezprzewodowy YAG1FB2 do Amber Standard,  Amber Standard FM"},"content":{"rendered":"<p>Zastanawiasz si\u0119 gdzie kupi\u0107 STEROWNIK BEZPRZEWODOWY YAG1FB2 DO MODELU Klimatyzacji GREE Amber Standard FM?<br \/>\nZam\u00f3wienie dotyczy STEROWNIK BEZPRZEWODOWY YAG1FB2 <\/p>\n<p><strong>W jednym miejscu poznasz:<\/strong><br \/>\nInformacje odno\u015bnie klimatyzacji przypod\u0142ogowo-sufitowej GREE<br \/>\nPoznasz najwa\u017cniejsze funkcje<br \/>\nPor\u00f3wnasz produkty: kasetonowa, kana\u0142owa, przypod\u0142ogowa-sufitowa<br \/>\nPoznasz parametry techniczne<br \/>\nPoznasz cen\u0119 i zrealizujesz zam\u00f3wienie<\/p>\n<p><strong>Zamawiaj\u0105c produkt u nas:<\/strong><br \/>\nOtrzymasz produkt Sterownik GREE bezprzewodowy YAG1FB2<br \/>\nSterowanie<\/p>\n<p><strong>Zlecaj\u0105c nam monta\u017c w Warszawie i woj. mazowieckim otrzymasz:<\/strong><br \/>\nRabat na produkt<br \/>\nGwarancje<br \/>\nSerwis.<\/p>\n<p>Co oferuje STEROWNIK BEZPRZEWODOWY YAG1FB2 DO MODELU Klimatyzacji GREE Amber Standard FM??<\/p>\n<p>I FEEL przycisk<br \/>\nNaci\u015bnij ten przycisk jeden raz, aby w\u0142\u0105czy\u0107 funkcj\u0119 I FEEL, a nast\u0119pnie po ka\u017cdym naci\u015bni\u0119ciu innego przycisku funkcji wy\u015bwietli si\u0119 liczba \u201eI FEEL\u201d<br \/>\nco 200 ms, aby wys\u0142a\u0107 POCZUJ raz, po uruchomieniu tej funkcji pilot b\u0119dzie wysy\u0142a\u0142 temperatur\u0119 do g\u0142\u00f3wnej jednostki co 10 minut.<br \/>\nPo ponownym naci\u015bni\u0119ciu tego przycisku funkcja ta zostanie wy\u0142\u0105czona. Gdy funkcja I FEEL jest w\u0142\u0105czona, pilot powinien by\u0107 umieszczony wewn\u0105trz<br \/>\nobszar, w kt\u00f3rym jednostka wewn\u0119trzna mo\u017ce odbiera\u0107 sygna\u0142 wysy\u0142any przez pilota zdalnego sterowania.<\/p>\n<p>WiFi Przycisk<br \/>\nNaci\u015bnij przycisk &#8222;WiFi &#8222;, aby w\u0142\u0105czy\u0107 lub wy\u0142\u0105czy\u0107 funkcj\u0119 WiFi. Gdy funkcja WiFi jest w\u0142\u0105czona, na pilocie zostanie wy\u015bwietlona ikona &#8222;WiFi &#8221;<br \/>\nkontrolera W obszarze status pilota zdalnego sterowania, naci\u015bnij &#8222;MODE &#8221; i &#8222;WiFi &#8221; przyciski jednocze\u015bnie dla 1S, modu\u0142 WiFi przywr\u00f3ci do<br \/>\ndomy\u015blne ustawienie fabryczne.<\/p>\n<p>Cichy tyb<br \/>\nNaci\u015bnij ten przycisk, stan cichy jest w trybie Auto quiet (wy\u015bwietlacz &#8222;&#8221; i &#8222;Auto &#8221; sygna\u0142) i tryb cichy (Display &#8222;&#8221; Singal)<br \/>\ni Quiet OFF (nie ma sygna\u0142u &#8222;&#8221; wy\u015bwietlane), po w\u0142\u0105czeniu, quiet OFF jest domy\u015blnie. W trybie cichym (Display &#8222;&#8221; Sygna\u0142u)<\/p>\n<p>Opcja U\u015bpienia<br \/>\nNaci\u015bnij ten przycisk, mo\u017cna wybra\u0107 Sleep 1 (), Sleep 2 (), Sleep 3 () i anulowa\u0107 Sleep.<br \/>\nTryb u\u015bpienia 1 jest trybem u\u015bpienia 1, w trybach ch\u0142odzenia: stan u\u015bpienia po uruchomieniu przez jedn\u0105 godzin\u0119, temperatura ustawienia jednostki centralnej zwi\u0119kszy si\u0119 o 1 \u00b0C, 2 godziny,<br \/>\nNastawa temperatury 2 \u00b0C, urz\u0105dzenie b\u0119dzie dzia\u0142a\u0107 w tej temperaturze ustawienia; W trybie Heat: stan u\u015bpienia po uruchomieniu przez jedn\u0105 godzin\u0119, ustawienie<br \/>\nTemperatura zmniejszy si\u0119 o 1 \u00b0C, 2 godziny, temperatura ustawiania zmniejszy si\u0119 2 \u00b0C, wtedy urz\u0105dzenie b\u0119dzie dzia\u0142a\u0107 w tym ustawieniu temperatury.<br \/>\nSleep 2 jest tryb u\u015bpienia 2, kt\u00f3ry jest klimatyzator b\u0119dzie dzia\u0142a\u0142 zgodnie z presettinga grupy krzywej temperatury snu.<br \/>\nW trybie cool:<br \/>\n(1) przy ustalaniu temperatury pocz\u0105tkowej 16 \u00b0C-23 \u00b0c, po w\u0142\u0105czeniu funkcji Sleep, temperatura zostanie zwi\u0119kszona o 1 \u00b0C w ka\u017cdej godzinie,<br \/>\npo 3 \u00b0C Temperatura zostanie utrzymana po 7 godzinach, temperatur\u0119 zostanie zmniejszona o 1 \u00b0C, po czym urz\u0105dzenie b\u0119dzie utrzymywa\u0107 si\u0119 na biegu<br \/>\nw tej temperaturze;<br \/>\n(2) przy ustalaniu temperatury pocz\u0105tkowej 24 \u00b0C -27 \u00b0C, po w\u0142\u0105czeniu funkcji Sleep, temperatura zostanie zwi\u0119kszona o 1 \u00b0C w ka\u017cdej godzinie,<br \/>\npo up\u0142ywie 2 \u00b0C Temperatura zostanie utrzymana po 7 godzinach, temperatur\u0119 zostanie zmniejszona o 1 \u00b0C, po czym urz\u0105dzenie b\u0119dzie utrzymywa\u0107 si\u0119 na biegu<br \/>\nw tej temperaturze;<br \/>\n(3) przy ustalaniu temperatury pocz\u0105tkowej 28 \u00b0C -29 \u00b0C, po w\u0142\u0105czeniu funkcji Sleep, temperatura zostanie zwi\u0119kszona o 1 \u00b0C w ka\u017cdej godzinie,<br \/>\npo 1 \u00b0C Temperatura zostanie utrzymana po 7 godzinach, temperatura zostanie zmniejszona o 1 \u00b0C, po czym urz\u0105dzenie b\u0119dzie dalej dzia\u0142a\u0107<br \/>\nw tej temperaturze;<\/p>\n<p>Jak dzia\u0142a WIFi w klimatyzacji Gree, jak skonfigurowa\u0107 po\u0142\u0105czenie smartphone \/ klimatyzator? zapraszamy na stron\u0119 EWAPE SMART. STEROWNIK BEZPRZEWODOWY WIFI to wygoda sterownia.<\/p>\n<p>Pobierz Ewpe Smart z <a href=\"https:\/\/itunes.apple.com\/cn\/app\/wifi-smart\/id1044543890?l=en&amp;mt=8\" rel=\"nofollow\">iTunes<\/a> lub <a href=\"https:\/\/play.google.com\/store\/apps\/details?id=com.gree.ewpesmart\" rel=\"nofollow\">Google Play<\/a><\/p>\n","protected":false},"excerpt":{"rendered":"<p><strong>Najwa\u017cniejsze zalety<\/strong> [dt_list style=\"1\" bullet_position=\"middle\" dividers=\"true\"][dt_list_item image=\"\"]WiFi Przycisk[\/dt_list_item][dt_list_item image=\"\"]Cichy tryb[\/dt_list_item][dt_list_item image=\"\"]Opcja U\u015bpienia[\/dt_list_item][dt_list_item image=\"\"]\u0141atwa nawigacja[\/dt_list_item][\/dt_list]<\/p>\n","protected":false},"featured_media":44419,"template":"","meta":[],"product_cat":[154,183,189],"product_tag":[5768,5767],"yoast_head":"<!-- This site is optimized with the Yoast SEO plugin v22.1 - https:\/\/yoast.com\/wordpress\/plugins\/seo\/ -->\n<title>Sterownik WiFi GREE bezprzewodowy YAG1FB2 do Amber Standard, Amber Standard FM<\/title>\n<meta name=\"description\" content=\"Sterownik WiFi GREE bezprzewodowy YAG1FB2 do Amber Standard, Amber Standard FM\" \/>\n<meta name=\"robots\" content=\"index, follow, max-snippet:-1, max-image-preview:large, max-video-preview:-1\" \/>\n<link rel=\"canonical\" href=\"https:\/\/www.fabrykachlodu.pl\/sklep\/produkt\/sterownik-wifi-gree-bezprzewodowy-yag1fb2-do-amber-standard-amber-standard-fm\/\" \/>\n<meta name=\"twitter:label1\" content=\"Szacowany czas czytania\" \/>\n\t<meta name=\"twitter:data1\" content=\"3 minuty\" \/>\n<script type=\"application\/ld+json\" class=\"yoast-schema-graph\">{\"@context\":\"https:\/\/schema.org\",\"@graph\":[{\"@type\":\"WebPage\",\"@id\":\"https:\/\/www.fabrykachlodu.pl\/sklep\/produkt\/sterownik-wifi-gree-bezprzewodowy-yag1fb2-do-amber-standard-amber-standard-fm\/\",\"url\":\"https:\/\/www.fabrykachlodu.pl\/sklep\/produkt\/sterownik-wifi-gree-bezprzewodowy-yag1fb2-do-amber-standard-amber-standard-fm\/\",\"name\":\"Sterownik WiFi GREE bezprzewodowy YAG1FB2 do Amber Standard, Amber Standard FM\",\"isPartOf\":{\"@id\":\"https:\/\/www.fabrykachlodu.pl\/sklep\/#website\"},\"datePublished\":\"2019-09-26T11:57:25+00:00\",\"dateModified\":\"2023-01-21T07:21:17+00:00\",\"description\":\"Sterownik WiFi GREE bezprzewodowy YAG1FB2 do Amber Standard, Amber Standard FM\",\"breadcrumb\":{\"@id\":\"https:\/\/www.fabrykachlodu.pl\/sklep\/produkt\/sterownik-wifi-gree-bezprzewodowy-yag1fb2-do-amber-standard-amber-standard-fm\/#breadcrumb\"},\"inLanguage\":\"pl-PL\",\"potentialAction\":[{\"@type\":\"ReadAction\",\"target\":[\"https:\/\/www.fabrykachlodu.pl\/sklep\/produkt\/sterownik-wifi-gree-bezprzewodowy-yag1fb2-do-amber-standard-amber-standard-fm\/\"]}]},{\"@type\":\"BreadcrumbList\",\"@id\":\"https:\/\/www.fabrykachlodu.pl\/sklep\/produkt\/sterownik-wifi-gree-bezprzewodowy-yag1fb2-do-amber-standard-amber-standard-fm\/#breadcrumb\",\"itemListElement\":[{\"@type\":\"ListItem\",\"position\":1,\"name\":\"Strona g\u0142\u00f3wna\",\"item\":\"https:\/\/www.fabrykachlodu.pl\/sklep\/\"},{\"@type\":\"ListItem\",\"position\":2,\"name\":\"Szukasz klimatzyacji biurowej sklepowej lub do mieszkania?\",\"item\":\"https:\/\/www.fabrykachlodu.pl\/sklep\/\"},{\"@type\":\"ListItem\",\"position\":3,\"name\":\"GREE\",\"item\":\"https:\/\/www.fabrykachlodu.pl\/sklep\/product-category\/gree\/\"},{\"@type\":\"ListItem\",\"position\":4,\"name\":\"Akcesoria\",\"item\":\"https:\/\/www.fabrykachlodu.pl\/sklep\/product-category\/gree\/akcesoria\/\"},{\"@type\":\"ListItem\",\"position\":5,\"name\":\"Sterownik WiFi GREE bezprzewodowy YAG1FB2 do Amber Standard, Amber Standard FM\"}]},{\"@type\":\"WebSite\",\"@id\":\"https:\/\/www.fabrykachlodu.pl\/sklep\/#website\",\"url\":\"https:\/\/www.fabrykachlodu.pl\/sklep\/\",\"name\":\"\u00b0FC Sklep Internetowy monta\u017c klimatyzacji pomp ciep\u0142a\",\"description\":\"\u00b0FC monta\u017c klimatyzacji pomp ciep\u0142a z nami to szybki i tani wyb\u00f3r.  Us\u0142ugi monta\u017cowe i serwisowe W Warszawie i okolicach..\",\"potentialAction\":[{\"@type\":\"SearchAction\",\"target\":{\"@type\":\"EntryPoint\",\"urlTemplate\":\"https:\/\/www.fabrykachlodu.pl\/sklep\/?s={search_term_string}\"},\"query-input\":\"required name=search_term_string\"}],\"inLanguage\":\"pl-PL\"}]}<\/script>\n<!-- \/ Yoast SEO plugin. -->","yoast_head_json":{"title":"Sterownik WiFi GREE bezprzewodowy YAG1FB2 do Amber Standard, Amber Standard FM","description":"Sterownik WiFi GREE bezprzewodowy YAG1FB2 do Amber Standard, Amber Standard FM","robots":{"index":"index","follow":"follow","max-snippet":"max-snippet:-1","max-image-preview":"max-image-preview:large","max-video-preview":"max-video-preview:-1"},"canonical":"https:\/\/www.fabrykachlodu.pl\/sklep\/produkt\/sterownik-wifi-gree-bezprzewodowy-yag1fb2-do-amber-standard-amber-standard-fm\/","twitter_misc":{"Szacowany czas czytania":"3 minuty"},"schema":{"@context":"https:\/\/schema.org","@graph":[{"@type":"WebPage","@id":"https:\/\/www.fabrykachlodu.pl\/sklep\/produkt\/sterownik-wifi-gree-bezprzewodowy-yag1fb2-do-amber-standard-amber-standard-fm\/","url":"https:\/\/www.fabrykachlodu.pl\/sklep\/produkt\/sterownik-wifi-gree-bezprzewodowy-yag1fb2-do-amber-standard-amber-standard-fm\/","name":"Sterownik WiFi GREE bezprzewodowy YAG1FB2 do Amber Standard, Amber Standard FM","isPartOf":{"@id":"https:\/\/www.fabrykachlodu.pl\/sklep\/#website"},"datePublished":"2019-09-26T11:57:25+00:00","dateModified":"2023-01-21T07:21:17+00:00","description":"Sterownik WiFi GREE bezprzewodowy YAG1FB2 do Amber Standard, Amber Standard FM","breadcrumb":{"@id":"https:\/\/www.fabrykachlodu.pl\/sklep\/produkt\/sterownik-wifi-gree-bezprzewodowy-yag1fb2-do-amber-standard-amber-standard-fm\/#breadcrumb"},"inLanguage":"pl-PL","potentialAction":[{"@type":"ReadAction","target":["https:\/\/www.fabrykachlodu.pl\/sklep\/produkt\/sterownik-wifi-gree-bezprzewodowy-yag1fb2-do-amber-standard-amber-standard-fm\/"]}]},{"@type":"BreadcrumbList","@id":"https:\/\/www.fabrykachlodu.pl\/sklep\/produkt\/sterownik-wifi-gree-bezprzewodowy-yag1fb2-do-amber-standard-amber-standard-fm\/#breadcrumb","itemListElement":[{"@type":"ListItem","position":1,"name":"Strona g\u0142\u00f3wna","item":"https:\/\/www.fabrykachlodu.pl\/sklep\/"},{"@type":"ListItem","position":2,"name":"Szukasz klimatzyacji biurowej sklepowej lub do mieszkania?","item":"https:\/\/www.fabrykachlodu.pl\/sklep\/"},{"@type":"ListItem","position":3,"name":"GREE","item":"https:\/\/www.fabrykachlodu.pl\/sklep\/product-category\/gree\/"},{"@type":"ListItem","position":4,"name":"Akcesoria","item":"https:\/\/www.fabrykachlodu.pl\/sklep\/product-category\/gree\/akcesoria\/"},{"@type":"ListItem","position":5,"name":"Sterownik WiFi GREE bezprzewodowy YAG1FB2 do Amber Standard, Amber Standard FM"}]},{"@type":"WebSite","@id":"https:\/\/www.fabrykachlodu.pl\/sklep\/#website","url":"https:\/\/www.fabrykachlodu.pl\/sklep\/","name":"\u00b0FC Sklep Internetowy monta\u017c klimatyzacji pomp ciep\u0142a","description":"\u00b0FC monta\u017c klimatyzacji pomp ciep\u0142a z nami to szybki i tani wyb\u00f3r.  Us\u0142ugi monta\u017cowe i serwisowe W Warszawie i okolicach..","potentialAction":[{"@type":"SearchAction","target":{"@type":"EntryPoint","urlTemplate":"https:\/\/www.fabrykachlodu.pl\/sklep\/?s={search_term_string}"},"query-input":"required name=search_term_string"}],"inLanguage":"pl-PL"}]}},"_links":{"self":[{"href":"https:\/\/www.fabrykachlodu.pl\/sklep\/wp-json\/wp\/v2\/product\/43247"}],"collection":[{"href":"https:\/\/www.fabrykachlodu.pl\/sklep\/wp-json\/wp\/v2\/product"}],"about":[{"href":"https:\/\/www.fabrykachlodu.pl\/sklep\/wp-json\/wp\/v2\/types\/product"}],"wp:featuredmedia":[{"embeddable":true,"href":"https:\/\/www.fabrykachlodu.pl\/sklep\/wp-json\/wp\/v2\/media\/44419"}],"wp:attachment":[{"href":"https:\/\/www.fabrykachlodu.pl\/sklep\/wp-json\/wp\/v2\/media?parent=43247"}],"wp:term":[{"taxonomy":"product_cat","embeddable":true,"href":"https:\/\/www.fabrykachlodu.pl\/sklep\/wp-json\/wp\/v2\/product_cat?post=43247"},{"taxonomy":"product_tag","embeddable":true,"href":"https:\/\/www.fabrykachlodu.pl\/sklep\/wp-json\/wp\/v2\/product_tag?post=43247"}],"curies":[{"name":"wp","href":"https:\/\/api.w.org\/{rel}","templated":true}]}}