{"id":43533,"date":"2019-10-29T22:06:30","date_gmt":"2019-10-29T21:06:30","guid":{"rendered":"http:\/\/www.fabrykachlodu.pl\/sklep\/produkt\/import-placeholder-for-yaa1fb6\/"},"modified":"2023-01-21T09:51:48","modified_gmt":"2023-01-21T08:51:48","slug":"sterownik-gree-bezprzewodowy-yaa1fb6-wifi-do-muse-kasetonowe-um-przypodlogowo-sufitowe-um-kanalowe-um","status":"publish","type":"product","link":"https:\/\/www.fabrykachlodu.pl\/sklep\/produkt\/sterownik-gree-bezprzewodowy-yaa1fb6-wifi-do-muse-kasetonowe-um-przypodlogowo-sufitowe-um-kanalowe-um\/","title":{"rendered":"Sterownik GREE bezprzewodowy YAA1FB6 (WiFi) do Muse, Kasetonowe UM, Przypod\u0142ogowo-sufitowe UM, Kana\u0142owe UM"},"content":{"rendered":"<h1>Je\u015bli szukasz Sterownik GREE bezprzewodowy YAA1FB6 (WiFi) do Muse, Kasetonowe UM, Przypod\u0142ogowo-sufitowe UM, Kana\u0142owe UM, to czytaj dalej<\/h1>\n<p>Zam\u00f3wienie dotyczy Sterownik GREE bezprzewodowy YAA1FB6 (WiFi) do Muse, Kasetonowe UM, Przypod\u0142ogowo-sufitowe UM, Kana\u0142owe UM<\/p>\n<p><strong>W jednym miejscu poznasz:<\/strong><br \/>\nInformacje odno\u015bnie klimatyzacji przypod\u0142ogowo-sufitowej GREE<br \/>\nPoznasz najwa\u017cniejsze funkcje<br \/>\nPor\u00f3wnasz produkty: kasetonowa, kana\u0142owa, przypod\u0142ogowa-sufitowa<br \/>\nPoznasz parametry techniczne<br \/>\nPoznasz cen\u0119 i zrealizujesz zam\u00f3wienie<\/p>\n<p><strong>Zamawiaj\u0105c produkt u nas:<\/strong><br \/>\nOtrzymasz produkt YAA1FB6 (WiFi)<br \/>\nJednostk\u0119 wewn\u0119trzna<br \/>\nJednostk\u0119 zewn\u0119trzna<br \/>\nSterowanie<\/p>\n<p><strong>Zlecaj\u0105c nam monta\u017c w Warszawie i woj. mazowieckim otrzymasz:<\/strong><br \/>\nRabat na produkt<br \/>\nKompletne pod\u0142\u0105czenie elektryczne oraz hydrauliczne<br \/>\nGwarancje<br \/>\nSerwis.<\/p>\n<p>PARAMETRY TECHNICZNE<\/p>\n<div class=\"su-tabs su-tabs-style-default su-tabs-mobile-stack\" data-active=\"1\" data-scroll-offset=\"0\" data-anchor-in-url=\"no\"><div class=\"su-tabs-nav\"><span class=\"\" data-url=\"\" data-target=\"blank\" tabindex=\"0\" role=\"button\">System GREE MULTI SPLIT<\/span><span class=\"\" data-url=\"\" data-target=\"blank\" tabindex=\"0\" role=\"button\">FUNKCJE GREE MULTI SPLIT<\/span><span class=\"\" data-url=\"\" data-target=\"blank\" tabindex=\"0\" role=\"button\">Konfiguracja MULTI SPLIT<\/span><span class=\"\" data-url=\"\" data-target=\"blank\" tabindex=\"0\" role=\"button\">Dane techniczne jednostki wewn\u0119trzne Konsole<\/span><span class=\"\" data-url=\"\" data-target=\"blank\" tabindex=\"0\" role=\"button\">Dane techniczne GREE Jednostki Zewn\u0119trzne MULTI SPLIT<\/span><\/div><div class=\"su-tabs-panes\"><div class=\"su-tabs-pane su-u-clearfix su-u-trim\" data-title=\"System GREE MULTI SPLIT\">\n<div class=\"su-document su-u-responsive-media-yes\"><iframe src=\"\/\/docs.google.com\/viewer?embedded=true&url=https:\/\/www.fabrykachlodu.pl\/sklep\/wp-content\/uploads\/2019\/10\/MUTLI.SPLIT_.GREE_.INTRO_.pdf\" width=\"600\" height=\"400\" class=\"su-document\" title=\"\"><\/iframe><\/div>\n<\/div>\n<div class=\"su-tabs-pane su-u-clearfix su-u-trim\" data-title=\"FUNKCJE GREE MULTI SPLIT\">\n<div class=\"su-document su-u-responsive-media-yes\"><iframe src=\"\/\/docs.google.com\/viewer?embedded=true&url=https:\/\/www.fabrykachlodu.pl\/sklep\/wp-content\/uploads\/2019\/10\/FUNKCJE_MODELI_GREE_MULTI_FREE_MATCH.GREE_.pdf\" width=\"600\" height=\"400\" class=\"su-document\" title=\"\"><\/iframe><\/div>\n<\/div>\n<div class=\"su-tabs-pane su-u-clearfix su-u-trim\" data-title=\"Konfiguracja MULTI SPLIT\">\n<div class=\"su-document su-u-responsive-media-yes\"><iframe src=\"\/\/docs.google.com\/viewer?embedded=true&url=https:\/\/www.fabrykachlodu.pl\/sklep\/wp-content\/uploads\/2019\/10\/KONFIGURACJE_FREE_MATCH.MULTISPLIT.GREE_.pdf\" width=\"600\" height=\"400\" class=\"su-document\" title=\"\"><\/iframe><\/div>\n<\/div>\n<div class=\"su-tabs-pane su-u-clearfix su-u-trim\" data-title=\"Dane techniczne jednostki wewn\u0119trzne Konsole\">\n<div class=\"su-document su-u-responsive-media-yes\"><iframe src=\"\/\/docs.google.com\/viewer?embedded=true&url=https:\/\/www.fabrykachlodu.pl\/sklep\/wp-content\/uploads\/2019\/10\/Konsole.KASETNOWE.GREE_.MULTISPLIT.pdf\" width=\"600\" height=\"400\" class=\"su-document\" title=\"\"><\/iframe><\/div>\n<\/div>\n<div class=\"su-tabs-pane su-u-clearfix su-u-trim\" data-title=\"Dane techniczne GREE Jednostki Zewn\u0119trzne MULTI SPLIT\">\n<div class=\"su-document su-u-responsive-media-yes\"><iframe src=\"\/\/docs.google.com\/viewer?embedded=true&url=https:\/\/www.fabrykachlodu.pl\/sklep\/wp-content\/uploads\/2019\/10\/Jednostki.zewn\u0119trzne.MULTISPLIT.GREE_.pdf\" width=\"600\" height=\"400\" class=\"su-document\" title=\"\"><\/iframe><\/div>\n<\/div><\/div><\/div>\n<p>Dokumenty si\u0119 nie wy\u015bwietlaj\u0105? <input type=\"button\" value=\"Od\u015bwie\u017c stron\u0119\" onclick=\"location.reload();\"><\/p>\n","protected":false},"excerpt":{"rendered":"<p><strong>Najwa\u017cniejsze zalety<\/strong> [dt_list style=\"1\" bullet_position=\"middle\" dividers=\"true\"][dt_list_item image=\"\"]Dost\u0119pny na iPhone oraz Android[\/dt_list_item][dt_list_item image=\"\"]Sterowanie pe\u0142ne[\/dt_list_item][dt_list_item image=\"\"]Sterowanie z ka\u017cdego miejsca[\/dt_list_item][dt_list_item image=\"\"]\u0141atwa nawigacja[\/dt_list_item][\/dt_list]<\/p>\n","protected":false},"featured_media":47332,"template":"","meta":[],"product_cat":[154,183,189],"product_tag":[5785,5784,5780,5783],"yoast_head":"<!-- This site is optimized with the Yoast SEO plugin v22.1 - https:\/\/yoast.com\/wordpress\/plugins\/seo\/ -->\n<title>Sterownik GREE bezprzewodowy YAA1FB6 (WiFi) do Muse, Kasetonowe UM, Przypod\u0142ogowo-sufitowe UM, Kana\u0142owe UM<\/title>\n<meta name=\"description\" content=\"Sterownik GREE bezprzewodowy YAA1FB6 (WiFi) do Muse, Kasetonowe UM, Przypod\u0142ogowo-sufitowe UM, Kana\u0142owe UM\" \/>\n<meta name=\"robots\" content=\"index, follow, max-snippet:-1, max-image-preview:large, max-video-preview:-1\" \/>\n<link rel=\"canonical\" href=\"https:\/\/www.fabrykachlodu.pl\/sklep\/produkt\/sterownik-gree-bezprzewodowy-yaa1fb6-wifi-do-muse-kasetonowe-um-przypodlogowo-sufitowe-um-kanalowe-um\/\" \/>\n<meta name=\"twitter:label1\" content=\"Szacowany czas czytania\" \/>\n\t<meta name=\"twitter:data1\" content=\"1 minuta\" \/>\n<script type=\"application\/ld+json\" class=\"yoast-schema-graph\">{\"@context\":\"https:\/\/schema.org\",\"@graph\":[{\"@type\":\"WebPage\",\"@id\":\"https:\/\/www.fabrykachlodu.pl\/sklep\/produkt\/sterownik-gree-bezprzewodowy-yaa1fb6-wifi-do-muse-kasetonowe-um-przypodlogowo-sufitowe-um-kanalowe-um\/\",\"url\":\"https:\/\/www.fabrykachlodu.pl\/sklep\/produkt\/sterownik-gree-bezprzewodowy-yaa1fb6-wifi-do-muse-kasetonowe-um-przypodlogowo-sufitowe-um-kanalowe-um\/\",\"name\":\"Sterownik GREE bezprzewodowy YAA1FB6 (WiFi) do Muse, Kasetonowe UM, Przypod\u0142ogowo-sufitowe UM, Kana\u0142owe UM\",\"isPartOf\":{\"@id\":\"https:\/\/www.fabrykachlodu.pl\/sklep\/#website\"},\"datePublished\":\"2019-10-29T21:06:30+00:00\",\"dateModified\":\"2023-01-21T08:51:48+00:00\",\"description\":\"Sterownik GREE bezprzewodowy YAA1FB6 (WiFi) do Muse, Kasetonowe UM, Przypod\u0142ogowo-sufitowe UM, Kana\u0142owe UM\",\"breadcrumb\":{\"@id\":\"https:\/\/www.fabrykachlodu.pl\/sklep\/produkt\/sterownik-gree-bezprzewodowy-yaa1fb6-wifi-do-muse-kasetonowe-um-przypodlogowo-sufitowe-um-kanalowe-um\/#breadcrumb\"},\"inLanguage\":\"pl-PL\",\"potentialAction\":[{\"@type\":\"ReadAction\",\"target\":[\"https:\/\/www.fabrykachlodu.pl\/sklep\/produkt\/sterownik-gree-bezprzewodowy-yaa1fb6-wifi-do-muse-kasetonowe-um-przypodlogowo-sufitowe-um-kanalowe-um\/\"]}]},{\"@type\":\"BreadcrumbList\",\"@id\":\"https:\/\/www.fabrykachlodu.pl\/sklep\/produkt\/sterownik-gree-bezprzewodowy-yaa1fb6-wifi-do-muse-kasetonowe-um-przypodlogowo-sufitowe-um-kanalowe-um\/#breadcrumb\",\"itemListElement\":[{\"@type\":\"ListItem\",\"position\":1,\"name\":\"Strona g\u0142\u00f3wna\",\"item\":\"https:\/\/www.fabrykachlodu.pl\/sklep\/\"},{\"@type\":\"ListItem\",\"position\":2,\"name\":\"Szukasz klimatzyacji biurowej sklepowej lub do mieszkania?\",\"item\":\"https:\/\/www.fabrykachlodu.pl\/sklep\/\"},{\"@type\":\"ListItem\",\"position\":3,\"name\":\"GREE\",\"item\":\"https:\/\/www.fabrykachlodu.pl\/sklep\/product-category\/gree\/\"},{\"@type\":\"ListItem\",\"position\":4,\"name\":\"Akcesoria\",\"item\":\"https:\/\/www.fabrykachlodu.pl\/sklep\/product-category\/gree\/akcesoria\/\"},{\"@type\":\"ListItem\",\"position\":5,\"name\":\"Sterownik GREE bezprzewodowy YAA1FB6 (WiFi) do Muse, Kasetonowe UM, Przypod\u0142ogowo-sufitowe UM, Kana\u0142owe UM\"}]},{\"@type\":\"WebSite\",\"@id\":\"https:\/\/www.fabrykachlodu.pl\/sklep\/#website\",\"url\":\"https:\/\/www.fabrykachlodu.pl\/sklep\/\",\"name\":\"\u00b0FC Sklep Internetowy monta\u017c klimatyzacji pomp ciep\u0142a\",\"description\":\"\u00b0FC monta\u017c klimatyzacji pomp ciep\u0142a z nami to szybki i tani wyb\u00f3r.  Us\u0142ugi monta\u017cowe i serwisowe W Warszawie i okolicach..\",\"potentialAction\":[{\"@type\":\"SearchAction\",\"target\":{\"@type\":\"EntryPoint\",\"urlTemplate\":\"https:\/\/www.fabrykachlodu.pl\/sklep\/?s={search_term_string}\"},\"query-input\":\"required name=search_term_string\"}],\"inLanguage\":\"pl-PL\"}]}<\/script>\n<!-- \/ Yoast SEO plugin. -->","yoast_head_json":{"title":"Sterownik GREE bezprzewodowy YAA1FB6 (WiFi) do Muse, Kasetonowe UM, Przypod\u0142ogowo-sufitowe UM, Kana\u0142owe UM","description":"Sterownik GREE bezprzewodowy YAA1FB6 (WiFi) do Muse, Kasetonowe UM, Przypod\u0142ogowo-sufitowe UM, Kana\u0142owe UM","robots":{"index":"index","follow":"follow","max-snippet":"max-snippet:-1","max-image-preview":"max-image-preview:large","max-video-preview":"max-video-preview:-1"},"canonical":"https:\/\/www.fabrykachlodu.pl\/sklep\/produkt\/sterownik-gree-bezprzewodowy-yaa1fb6-wifi-do-muse-kasetonowe-um-przypodlogowo-sufitowe-um-kanalowe-um\/","twitter_misc":{"Szacowany czas czytania":"1 minuta"},"schema":{"@context":"https:\/\/schema.org","@graph":[{"@type":"WebPage","@id":"https:\/\/www.fabrykachlodu.pl\/sklep\/produkt\/sterownik-gree-bezprzewodowy-yaa1fb6-wifi-do-muse-kasetonowe-um-przypodlogowo-sufitowe-um-kanalowe-um\/","url":"https:\/\/www.fabrykachlodu.pl\/sklep\/produkt\/sterownik-gree-bezprzewodowy-yaa1fb6-wifi-do-muse-kasetonowe-um-przypodlogowo-sufitowe-um-kanalowe-um\/","name":"Sterownik GREE bezprzewodowy YAA1FB6 (WiFi) do Muse, Kasetonowe UM, Przypod\u0142ogowo-sufitowe UM, Kana\u0142owe UM","isPartOf":{"@id":"https:\/\/www.fabrykachlodu.pl\/sklep\/#website"},"datePublished":"2019-10-29T21:06:30+00:00","dateModified":"2023-01-21T08:51:48+00:00","description":"Sterownik GREE bezprzewodowy YAA1FB6 (WiFi) do Muse, Kasetonowe UM, Przypod\u0142ogowo-sufitowe UM, Kana\u0142owe UM","breadcrumb":{"@id":"https:\/\/www.fabrykachlodu.pl\/sklep\/produkt\/sterownik-gree-bezprzewodowy-yaa1fb6-wifi-do-muse-kasetonowe-um-przypodlogowo-sufitowe-um-kanalowe-um\/#breadcrumb"},"inLanguage":"pl-PL","potentialAction":[{"@type":"ReadAction","target":["https:\/\/www.fabrykachlodu.pl\/sklep\/produkt\/sterownik-gree-bezprzewodowy-yaa1fb6-wifi-do-muse-kasetonowe-um-przypodlogowo-sufitowe-um-kanalowe-um\/"]}]},{"@type":"BreadcrumbList","@id":"https:\/\/www.fabrykachlodu.pl\/sklep\/produkt\/sterownik-gree-bezprzewodowy-yaa1fb6-wifi-do-muse-kasetonowe-um-przypodlogowo-sufitowe-um-kanalowe-um\/#breadcrumb","itemListElement":[{"@type":"ListItem","position":1,"name":"Strona g\u0142\u00f3wna","item":"https:\/\/www.fabrykachlodu.pl\/sklep\/"},{"@type":"ListItem","position":2,"name":"Szukasz klimatzyacji biurowej sklepowej lub do mieszkania?","item":"https:\/\/www.fabrykachlodu.pl\/sklep\/"},{"@type":"ListItem","position":3,"name":"GREE","item":"https:\/\/www.fabrykachlodu.pl\/sklep\/product-category\/gree\/"},{"@type":"ListItem","position":4,"name":"Akcesoria","item":"https:\/\/www.fabrykachlodu.pl\/sklep\/product-category\/gree\/akcesoria\/"},{"@type":"ListItem","position":5,"name":"Sterownik GREE bezprzewodowy YAA1FB6 (WiFi) do Muse, Kasetonowe UM, Przypod\u0142ogowo-sufitowe UM, Kana\u0142owe UM"}]},{"@type":"WebSite","@id":"https:\/\/www.fabrykachlodu.pl\/sklep\/#website","url":"https:\/\/www.fabrykachlodu.pl\/sklep\/","name":"\u00b0FC Sklep Internetowy monta\u017c klimatyzacji pomp ciep\u0142a","description":"\u00b0FC monta\u017c klimatyzacji pomp ciep\u0142a z nami to szybki i tani wyb\u00f3r.  Us\u0142ugi monta\u017cowe i serwisowe W Warszawie i okolicach..","potentialAction":[{"@type":"SearchAction","target":{"@type":"EntryPoint","urlTemplate":"https:\/\/www.fabrykachlodu.pl\/sklep\/?s={search_term_string}"},"query-input":"required name=search_term_string"}],"inLanguage":"pl-PL"}]}},"_links":{"self":[{"href":"https:\/\/www.fabrykachlodu.pl\/sklep\/wp-json\/wp\/v2\/product\/43533"}],"collection":[{"href":"https:\/\/www.fabrykachlodu.pl\/sklep\/wp-json\/wp\/v2\/product"}],"about":[{"href":"https:\/\/www.fabrykachlodu.pl\/sklep\/wp-json\/wp\/v2\/types\/product"}],"wp:featuredmedia":[{"embeddable":true,"href":"https:\/\/www.fabrykachlodu.pl\/sklep\/wp-json\/wp\/v2\/media\/47332"}],"wp:attachment":[{"href":"https:\/\/www.fabrykachlodu.pl\/sklep\/wp-json\/wp\/v2\/media?parent=43533"}],"wp:term":[{"taxonomy":"product_cat","embeddable":true,"href":"https:\/\/www.fabrykachlodu.pl\/sklep\/wp-json\/wp\/v2\/product_cat?post=43533"},{"taxonomy":"product_tag","embeddable":true,"href":"https:\/\/www.fabrykachlodu.pl\/sklep\/wp-json\/wp\/v2\/product_tag?post=43533"}],"curies":[{"name":"wp","href":"https:\/\/api.w.org\/{rel}","templated":true}]}}