{"id":43589,"date":"2019-10-29T22:06:41","date_gmt":"2019-10-29T21:06:41","guid":{"rendered":"http:\/\/www.fabrykachlodu.pl\/sklep\/produkt\/import-placeholder-for-gth24cb-k6dna2a-i\/"},"modified":"2022-06-30T17:31:38","modified_gmt":"2022-06-30T15:31:38","slug":"multi-split-free-match-gree-przypodlogowo-sufitowe-jednostka-wew-gth24cb-k6dna2a-i-3-pomieszczenia-65m2-70m2-75m2-80m2-tryb-turbo-g-doctor-oszczednosc-energii-wydajnosc-chlodzenia-kw-7-1","status":"publish","type":"product","link":"https:\/\/www.fabrykachlodu.pl\/sklep\/produkt\/multi-split-free-match-gree-przypodlogowo-sufitowe-jednostka-wew-gth24cb-k6dna2a-i-3-pomieszczenia-65m2-70m2-75m2-80m2-tryb-turbo-g-doctor-oszczednosc-energii-wydajnosc-chlodzenia-kw-7-1\/","title":{"rendered":"MULTI SPLIT Free match GREE Przypod\u0142ogowo- sufitowe Jednostka wew. GTH(24)CB-K6DNA2A\/I Tryb Turbo, G Doctor, Oszcz\u0119dno\u015b\u0107 Energii Wydajno\u015b\u0107 ch\u0142odzenia kW 7.1"},"content":{"rendered":"<h1>Je\u015bli szukasz klimatyzacji przypod\u0142ogowo-sufitowej do biura, hotelu, sklepu czy restauracji, to czytaj dalej<\/h1>\n<p>Zam\u00f3wienie dotyczy MULTI SPLIT Free match GREE Przypod\u0142ogowo- sufitowe Jednostka wew. GTH(24)CB-K6DNA2A\/I<\/p>\n<p><strong>W jednym miejscu poznasz:<\/strong><br \/>\nInformacje odno\u015bnie klimatyzacji przypod\u0142ogowo-sufitowej GREE<br \/>\nPoznasz najwa\u017cniejsze funkcje<br \/>\nPor\u00f3wnasz produkty: kasetonowa, kana\u0142owa, przypod\u0142ogowa-sufitowa<br \/>\nPoznasz parametry techniczne<br \/>\nPoznasz cen\u0119 i zrealizujesz zam\u00f3wienie<\/p>\n<p><strong>Zamawiaj\u0105c produkt u nas:<\/strong><br \/>\nOtrzymasz produkt<br \/>\nJednostk\u0119 wewn\u0119trzna<br \/>\nJednostk\u0119 zewn\u0119trzna<br \/>\nSterowanie<\/p>\n<p><strong>Zlecaj\u0105c nam monta\u017c w Warszawie i woj. mazowieckim otrzymasz:<\/strong><br \/>\nRabat na produkt<br \/>\nKompletne pod\u0142\u0105czenie elektryczne oraz hydrauliczne<br \/>\nGwarancje<br \/>\nSerwis.<\/p>\n<h2><strong>Zapraszamy do por\u00f3wnania zalet i wad przypod\u0142ogowo-sufitowej<\/strong><\/h2>\n<p><strong>Jakie s\u0105 zalety rozprowadzonych kana\u0142\u00f3w?<\/strong><br \/>\n&#8211; Zwi\u0119ksza estetyk\u0119 poniewa\u017c jest tylko jedna jednostka zewn\u0119trzna<br \/>\n&#8211; Przewody mog\u0105 by\u0107 ukryte pod obudowie z p\u0142yty gipsowej, kt\u00f3ra jest nast\u0119pnie malowana<br \/>\n&#8211; Pe\u0142na automatyzacja i programowanie tygodniowe<br \/>\n&#8211; \u0141atwe dostosowanie rodzaju powietrza w zale\u017cno\u015bci od potrzeb powietrze ch\u0142odne, ciep\u0142e, nawil\u017cone, suche ponadto, mo\u017ce utrzymywa\u0107 r\u00f3\u017cne pomieszczenia w r\u00f3\u017cnych temperaturach.<\/p>\n<p><strong>Jaki s\u0105 wady przypod\u0142ogowo-sufitowej?<\/strong><br \/>\n&#8211; Proces instalacji jest bardziej z\u0142o\u017cony, poniewa\u017c przewody s\u0105 w ka\u017cdym pomieszczeniu<br \/>\n&#8211; Wymaga du\u017co wiercenia, czas instalacji wyd\u0142u\u017cony<br \/>\n&#8211; Du\u017ca zewn\u0119trzna jednostka skraplacza musi znale\u017a\u0107 idealne miejsce z dala od wej\u015bcia, okna s\u0105siad\u00f3w<br \/>\n&#8211; P\u0142ytka kontrolera musi by\u0107 dobrze zamocowana na \u015bcianie, co wymusza \u0142atanie i malowanie \u015bcian<br \/>\n&#8211; Nawiewniki powietrza musz\u0105 by\u0107 zamontowane na suficie, lub obudowane p\u0142yta gipsow\u0105<br \/>\n&#8211; G\u0142ownie w remontowanych lub nowo powstaj\u0105cych obiektach<br \/>\n&#8211; Nie wsp\u00f3\u0142pracuje z wentylacj\u0105 mechaniczn\u0105, rekuperacj\u0105<\/p>\n<div class=\"hr-thin\"><\/div>\n<div class=\"su-service\"><div class=\"su-service-title\" style=\"padding-left:52px;min-height:38px;line-height:38px\"><i class=\"sui sui-info-circle\" style=\"font-size:38px;color:#22a0ed\"><\/i> Wskaz\u00f3wka naszego eksperta<\/div><div class=\"su-service-content su-u-clearfix su-u-trim\" style=\"padding-left:52px\">\nPodsumowuj\u0105c, je\u015bli chcesz zainstalowa\u0107 odpowiedni system ch\u0142odzenia dla ca\u0142ego obiektu, to system przypod\u0142ogowo-sufitowej oferuje kompletny system ch\u0142odzenia dla ogromnej przestrzeni, i zaoszcz\u0119dzi\u0107 zu\u017cycie energii elektrycznej.<br \/>\n<\/div><\/div>\n<div class=\"hr-thin\"><\/div>\n<div class=\"su-service\"><div class=\"su-service-title\" style=\"padding-left:52px;min-height:38px;line-height:38px\"><i class=\"sui sui-info-circle\" style=\"font-size:38px;color:#22a0ed\"><\/i> Wskaz\u00f3wka naszego eksperta<\/div><div class=\"su-service-content su-u-clearfix su-u-trim\" style=\"padding-left:52px\">Nasi Klienci mog\u0105 wybiera\u0107 spo\u015br\u00f3d trzech r\u00f3\u017cnych typ\u00f3w urz\u0105dze\u0144 komercyjnych: kasetonowych,przypod\u0142ogowo-sufitowych oraz kana\u0142owych. Ich wydajno\u015bci wahaj\u0105 si\u0119 mi\u0119dzy 3,5 a 16,0 kW.<\/div><\/div>\n<p>Prezentowane zestawy klimatyzacji przypod\u0142ogowo-sufitowej mog\u0105 by\u0107 efektywnie ch\u0142odzi\u0107 i grza\u0107 mniejsze pomieszczeniach jak r\u00f3wnie\u017c du\u017ce sale konferencyjne. Sterownik przewodowy, umo\u017cliwia odczyt temperatury w pomieszczeniu, a samo sterowanie i panel jest intuicyjny w j.polskim.<br \/>\nChcemy doda\u0107, \u017ce wbudowana pompka skroplin zwi\u0119ksza efektowno\u015b\u0107 i prac\u0119 urz\u0105dzenia.<\/p>\n<p>PARAMETRY TECHNICZNE<\/p>\n<div class=\"su-tabs su-tabs-style-default su-tabs-mobile-stack\" data-active=\"1\" data-scroll-offset=\"0\" data-anchor-in-url=\"no\"><div class=\"su-tabs-nav\"><span class=\"\" data-url=\"\" data-target=\"blank\" tabindex=\"0\" role=\"button\">System GREE MULTI SPLIT<\/span><span class=\"\" data-url=\"\" data-target=\"blank\" tabindex=\"0\" role=\"button\">FUNKCJE GREE MULTI SPLIT<\/span><span class=\"\" data-url=\"\" data-target=\"blank\" tabindex=\"0\" role=\"button\">Konfiguracja MULTI SPLIT<\/span><span class=\"\" data-url=\"\" data-target=\"blank\" tabindex=\"0\" role=\"button\">Dane techniczne jednostki Kasetonowe<\/span><span class=\"\" data-url=\"\" data-target=\"blank\" tabindex=\"0\" role=\"button\">Dane techniczne GREE Jednostki Zewn\u0119trzne MULTI SPLIT<\/span><\/div><div class=\"su-tabs-panes\"><div class=\"su-tabs-pane su-u-clearfix su-u-trim\" data-title=\"System GREE MULTI SPLIT\">\n<div class=\"su-document su-u-responsive-media-yes\"><iframe src=\"\/\/docs.google.com\/viewer?embedded=true&url=https:\/\/www.fabrykachlodu.pl\/sklep\/wp-content\/uploads\/2019\/10\/MUTLI.SPLIT_.GREE_.INTRO_.pdf\" width=\"600\" height=\"400\" class=\"su-document\" title=\"\"><\/iframe><\/div>\n<\/div>\n<div class=\"su-tabs-pane su-u-clearfix su-u-trim\" data-title=\"FUNKCJE GREE MULTI SPLIT\">\n<div class=\"su-document su-u-responsive-media-yes\"><iframe src=\"\/\/docs.google.com\/viewer?embedded=true&url=https:\/\/www.fabrykachlodu.pl\/sklep\/wp-content\/uploads\/2019\/10\/FUNKCJE_MODELI_GREE_MULTI_FREE_MATCH.GREE_.pdf\" width=\"600\" height=\"400\" class=\"su-document\" title=\"\"><\/iframe><\/div>\n<\/div>\n<div class=\"su-tabs-pane su-u-clearfix su-u-trim\" data-title=\"Konfiguracja MULTI SPLIT\">\n<div class=\"su-document su-u-responsive-media-yes\"><iframe src=\"\/\/docs.google.com\/viewer?embedded=true&url=https:\/\/www.fabrykachlodu.pl\/sklep\/wp-content\/uploads\/2019\/10\/KONFIGURACJE_FREE_MATCH.MULTISPLIT.GREE_.pdf\" width=\"600\" height=\"400\" class=\"su-document\" title=\"\"><\/iframe><\/div>\n<\/div>\n<div class=\"su-tabs-pane su-u-clearfix su-u-trim\" data-title=\"Dane techniczne jednostki Kasetonowe\">\n<div class=\"su-document su-u-responsive-media-yes\"><iframe src=\"\/\/docs.google.com\/viewer?embedded=true&url=https:\/\/www.fabrykachlodu.pl\/sklep\/wp-content\/uploads\/2019\/10\/Kana\u0142owe.Przypod\u0142ogowo-sufitowe.GREE_.MULTISPLIT.pdf\" width=\"600\" height=\"400\" class=\"su-document\" title=\"\"><\/iframe><\/div>\n<\/div>\n<div class=\"su-tabs-pane su-u-clearfix su-u-trim\" data-title=\"Dane techniczne GREE Jednostki Zewn\u0119trzne MULTI SPLIT\">\n<div class=\"su-document su-u-responsive-media-yes\"><iframe src=\"\/\/docs.google.com\/viewer?embedded=true&url=https:\/\/www.fabrykachlodu.pl\/sklep\/wp-content\/uploads\/2019\/10\/Jednostki.zewn\u0119trzne.MULTISPLIT.GREE_.pdf\" width=\"600\" height=\"400\" class=\"su-document\" title=\"\"><\/iframe><\/div>\n<\/div><\/div><\/div>\n<p>Dokumenty si\u0119 nie wy\u015bwietlaj\u0105? <input type=\"button\" value=\"Od\u015bwie\u017c stron\u0119\" onclick=\"location.reload();\"><\/p>\n","protected":false},"excerpt":{"rendered":"<p><span style=\"color: #000000;\"><strong>Najwa\u017cniejsze zalety:<\/strong><\/span><br \/>\n[dt_list style=\"1\" bullet_position=\"middle\" dividers=\"true\"][dt_list_item image=\"\"]Funkcja I FEEL[\/dt_list_item][dt_list_item image=\"\"]Cicha praca[\/dt_list_item][dt_list_item image=\"\"]Tygodniowy regulator czasowy[\/dt_list_item][dt_list_item image=\"\"]Oszcz\u0119dzanie energii[\/dt_list_item][\/dt_list]<\/p>\n","protected":false},"featured_media":44417,"template":"","meta":[],"product_cat":[154,2151,189],"product_tag":[1094,1276,5764,1376,5763,5765],"yoast_head":"<!-- This site is optimized with the Yoast SEO plugin v22.1 - https:\/\/yoast.com\/wordpress\/plugins\/seo\/ -->\n<title>MULTI SPLIT Free match GREE Przypod\u0142ogowo- sufitowe Jednostka wew. GTH(24)CB-K6DNA2A\/I Tryb Turbo, G Doctor, Oszcz\u0119dno\u015b\u0107 Energii Wydajno\u015b\u0107 ch\u0142odzenia kW 7.1<\/title>\n<meta name=\"description\" content=\"MULTI SPLIT Free match GREE Przypod\u0142ogowo- sufitowe Jednostka wew. GTH(24)CB-K6DNA2A\/I Tryb Turbo, G Doctor, Oszcz\u0119dno\u015b\u0107 Energii Wydajno\u015b\u0107 ch\u0142odzenia kW 7.1\" \/>\n<meta name=\"robots\" content=\"index, follow, max-snippet:-1, max-image-preview:large, max-video-preview:-1\" \/>\n<link rel=\"canonical\" href=\"https:\/\/www.fabrykachlodu.pl\/sklep\/produkt\/multi-split-free-match-gree-przypodlogowo-sufitowe-jednostka-wew-gth24cb-k6dna2a-i-3-pomieszczenia-65m2-70m2-75m2-80m2-tryb-turbo-g-doctor-oszczednosc-energii-wydajnosc-chlodzenia-kw-7-1\/\" \/>\n<meta name=\"twitter:label1\" content=\"Szacowany czas czytania\" \/>\n\t<meta name=\"twitter:data1\" content=\"3 minuty\" \/>\n<script type=\"application\/ld+json\" class=\"yoast-schema-graph\">{\"@context\":\"https:\/\/schema.org\",\"@graph\":[{\"@type\":\"WebPage\",\"@id\":\"https:\/\/www.fabrykachlodu.pl\/sklep\/produkt\/multi-split-free-match-gree-przypodlogowo-sufitowe-jednostka-wew-gth24cb-k6dna2a-i-3-pomieszczenia-65m2-70m2-75m2-80m2-tryb-turbo-g-doctor-oszczednosc-energii-wydajnosc-chlodzenia-kw-7-1\/\",\"url\":\"https:\/\/www.fabrykachlodu.pl\/sklep\/produkt\/multi-split-free-match-gree-przypodlogowo-sufitowe-jednostka-wew-gth24cb-k6dna2a-i-3-pomieszczenia-65m2-70m2-75m2-80m2-tryb-turbo-g-doctor-oszczednosc-energii-wydajnosc-chlodzenia-kw-7-1\/\",\"name\":\"MULTI SPLIT Free match GREE Przypod\u0142ogowo- sufitowe Jednostka wew. GTH(24)CB-K6DNA2A\/I Tryb Turbo, G Doctor, Oszcz\u0119dno\u015b\u0107 Energii Wydajno\u015b\u0107 ch\u0142odzenia kW 7.1\",\"isPartOf\":{\"@id\":\"https:\/\/www.fabrykachlodu.pl\/sklep\/#website\"},\"datePublished\":\"2019-10-29T21:06:41+00:00\",\"dateModified\":\"2022-06-30T15:31:38+00:00\",\"description\":\"MULTI SPLIT Free match GREE Przypod\u0142ogowo- sufitowe Jednostka wew. GTH(24)CB-K6DNA2A\/I Tryb Turbo, G Doctor, Oszcz\u0119dno\u015b\u0107 Energii Wydajno\u015b\u0107 ch\u0142odzenia kW 7.1\",\"breadcrumb\":{\"@id\":\"https:\/\/www.fabrykachlodu.pl\/sklep\/produkt\/multi-split-free-match-gree-przypodlogowo-sufitowe-jednostka-wew-gth24cb-k6dna2a-i-3-pomieszczenia-65m2-70m2-75m2-80m2-tryb-turbo-g-doctor-oszczednosc-energii-wydajnosc-chlodzenia-kw-7-1\/#breadcrumb\"},\"inLanguage\":\"pl-PL\",\"potentialAction\":[{\"@type\":\"ReadAction\",\"target\":[\"https:\/\/www.fabrykachlodu.pl\/sklep\/produkt\/multi-split-free-match-gree-przypodlogowo-sufitowe-jednostka-wew-gth24cb-k6dna2a-i-3-pomieszczenia-65m2-70m2-75m2-80m2-tryb-turbo-g-doctor-oszczednosc-energii-wydajnosc-chlodzenia-kw-7-1\/\"]}]},{\"@type\":\"BreadcrumbList\",\"@id\":\"https:\/\/www.fabrykachlodu.pl\/sklep\/produkt\/multi-split-free-match-gree-przypodlogowo-sufitowe-jednostka-wew-gth24cb-k6dna2a-i-3-pomieszczenia-65m2-70m2-75m2-80m2-tryb-turbo-g-doctor-oszczednosc-energii-wydajnosc-chlodzenia-kw-7-1\/#breadcrumb\",\"itemListElement\":[{\"@type\":\"ListItem\",\"position\":1,\"name\":\"Strona g\u0142\u00f3wna\",\"item\":\"https:\/\/www.fabrykachlodu.pl\/sklep\/\"},{\"@type\":\"ListItem\",\"position\":2,\"name\":\"Szukasz klimatzyacji biurowej sklepowej lub do mieszkania?\",\"item\":\"https:\/\/www.fabrykachlodu.pl\/sklep\/\"},{\"@type\":\"ListItem\",\"position\":3,\"name\":\"MULTI SPLIT Free match GREE Przypod\u0142ogowo- sufitowe Jednostka wew. GTH(24)CB-K6DNA2A\/I Tryb Turbo, G Doctor, Oszcz\u0119dno\u015b\u0107 Energii Wydajno\u015b\u0107 ch\u0142odzenia kW 7.1\"}]},{\"@type\":\"WebSite\",\"@id\":\"https:\/\/www.fabrykachlodu.pl\/sklep\/#website\",\"url\":\"https:\/\/www.fabrykachlodu.pl\/sklep\/\",\"name\":\"\u00b0FC Sklep Internetowy monta\u017c klimatyzacji pomp ciep\u0142a\",\"description\":\"\u00b0FC monta\u017c klimatyzacji pomp ciep\u0142a z nami to szybki i tani wyb\u00f3r.  Us\u0142ugi monta\u017cowe i serwisowe W Warszawie i okolicach..\",\"potentialAction\":[{\"@type\":\"SearchAction\",\"target\":{\"@type\":\"EntryPoint\",\"urlTemplate\":\"https:\/\/www.fabrykachlodu.pl\/sklep\/?s={search_term_string}\"},\"query-input\":\"required name=search_term_string\"}],\"inLanguage\":\"pl-PL\"}]}<\/script>\n<!-- \/ Yoast SEO plugin. -->","yoast_head_json":{"title":"MULTI SPLIT Free match GREE Przypod\u0142ogowo- sufitowe Jednostka wew. GTH(24)CB-K6DNA2A\/I Tryb Turbo, G Doctor, Oszcz\u0119dno\u015b\u0107 Energii Wydajno\u015b\u0107 ch\u0142odzenia kW 7.1","description":"MULTI SPLIT Free match GREE Przypod\u0142ogowo- sufitowe Jednostka wew. GTH(24)CB-K6DNA2A\/I Tryb Turbo, G Doctor, Oszcz\u0119dno\u015b\u0107 Energii Wydajno\u015b\u0107 ch\u0142odzenia kW 7.1","robots":{"index":"index","follow":"follow","max-snippet":"max-snippet:-1","max-image-preview":"max-image-preview:large","max-video-preview":"max-video-preview:-1"},"canonical":"https:\/\/www.fabrykachlodu.pl\/sklep\/produkt\/multi-split-free-match-gree-przypodlogowo-sufitowe-jednostka-wew-gth24cb-k6dna2a-i-3-pomieszczenia-65m2-70m2-75m2-80m2-tryb-turbo-g-doctor-oszczednosc-energii-wydajnosc-chlodzenia-kw-7-1\/","twitter_misc":{"Szacowany czas czytania":"3 minuty"},"schema":{"@context":"https:\/\/schema.org","@graph":[{"@type":"WebPage","@id":"https:\/\/www.fabrykachlodu.pl\/sklep\/produkt\/multi-split-free-match-gree-przypodlogowo-sufitowe-jednostka-wew-gth24cb-k6dna2a-i-3-pomieszczenia-65m2-70m2-75m2-80m2-tryb-turbo-g-doctor-oszczednosc-energii-wydajnosc-chlodzenia-kw-7-1\/","url":"https:\/\/www.fabrykachlodu.pl\/sklep\/produkt\/multi-split-free-match-gree-przypodlogowo-sufitowe-jednostka-wew-gth24cb-k6dna2a-i-3-pomieszczenia-65m2-70m2-75m2-80m2-tryb-turbo-g-doctor-oszczednosc-energii-wydajnosc-chlodzenia-kw-7-1\/","name":"MULTI SPLIT Free match GREE Przypod\u0142ogowo- sufitowe Jednostka wew. GTH(24)CB-K6DNA2A\/I Tryb Turbo, G Doctor, Oszcz\u0119dno\u015b\u0107 Energii Wydajno\u015b\u0107 ch\u0142odzenia kW 7.1","isPartOf":{"@id":"https:\/\/www.fabrykachlodu.pl\/sklep\/#website"},"datePublished":"2019-10-29T21:06:41+00:00","dateModified":"2022-06-30T15:31:38+00:00","description":"MULTI SPLIT Free match GREE Przypod\u0142ogowo- sufitowe Jednostka wew. GTH(24)CB-K6DNA2A\/I Tryb Turbo, G Doctor, Oszcz\u0119dno\u015b\u0107 Energii Wydajno\u015b\u0107 ch\u0142odzenia kW 7.1","breadcrumb":{"@id":"https:\/\/www.fabrykachlodu.pl\/sklep\/produkt\/multi-split-free-match-gree-przypodlogowo-sufitowe-jednostka-wew-gth24cb-k6dna2a-i-3-pomieszczenia-65m2-70m2-75m2-80m2-tryb-turbo-g-doctor-oszczednosc-energii-wydajnosc-chlodzenia-kw-7-1\/#breadcrumb"},"inLanguage":"pl-PL","potentialAction":[{"@type":"ReadAction","target":["https:\/\/www.fabrykachlodu.pl\/sklep\/produkt\/multi-split-free-match-gree-przypodlogowo-sufitowe-jednostka-wew-gth24cb-k6dna2a-i-3-pomieszczenia-65m2-70m2-75m2-80m2-tryb-turbo-g-doctor-oszczednosc-energii-wydajnosc-chlodzenia-kw-7-1\/"]}]},{"@type":"BreadcrumbList","@id":"https:\/\/www.fabrykachlodu.pl\/sklep\/produkt\/multi-split-free-match-gree-przypodlogowo-sufitowe-jednostka-wew-gth24cb-k6dna2a-i-3-pomieszczenia-65m2-70m2-75m2-80m2-tryb-turbo-g-doctor-oszczednosc-energii-wydajnosc-chlodzenia-kw-7-1\/#breadcrumb","itemListElement":[{"@type":"ListItem","position":1,"name":"Strona g\u0142\u00f3wna","item":"https:\/\/www.fabrykachlodu.pl\/sklep\/"},{"@type":"ListItem","position":2,"name":"Szukasz klimatzyacji biurowej sklepowej lub do mieszkania?","item":"https:\/\/www.fabrykachlodu.pl\/sklep\/"},{"@type":"ListItem","position":3,"name":"MULTI SPLIT Free match GREE Przypod\u0142ogowo- sufitowe Jednostka wew. GTH(24)CB-K6DNA2A\/I Tryb Turbo, G Doctor, Oszcz\u0119dno\u015b\u0107 Energii Wydajno\u015b\u0107 ch\u0142odzenia kW 7.1"}]},{"@type":"WebSite","@id":"https:\/\/www.fabrykachlodu.pl\/sklep\/#website","url":"https:\/\/www.fabrykachlodu.pl\/sklep\/","name":"\u00b0FC Sklep Internetowy monta\u017c klimatyzacji pomp ciep\u0142a","description":"\u00b0FC monta\u017c klimatyzacji pomp ciep\u0142a z nami to szybki i tani wyb\u00f3r.  Us\u0142ugi monta\u017cowe i serwisowe W Warszawie i okolicach..","potentialAction":[{"@type":"SearchAction","target":{"@type":"EntryPoint","urlTemplate":"https:\/\/www.fabrykachlodu.pl\/sklep\/?s={search_term_string}"},"query-input":"required name=search_term_string"}],"inLanguage":"pl-PL"}]}},"_links":{"self":[{"href":"https:\/\/www.fabrykachlodu.pl\/sklep\/wp-json\/wp\/v2\/product\/43589"}],"collection":[{"href":"https:\/\/www.fabrykachlodu.pl\/sklep\/wp-json\/wp\/v2\/product"}],"about":[{"href":"https:\/\/www.fabrykachlodu.pl\/sklep\/wp-json\/wp\/v2\/types\/product"}],"wp:featuredmedia":[{"embeddable":true,"href":"https:\/\/www.fabrykachlodu.pl\/sklep\/wp-json\/wp\/v2\/media\/44417"}],"wp:attachment":[{"href":"https:\/\/www.fabrykachlodu.pl\/sklep\/wp-json\/wp\/v2\/media?parent=43589"}],"wp:term":[{"taxonomy":"product_cat","embeddable":true,"href":"https:\/\/www.fabrykachlodu.pl\/sklep\/wp-json\/wp\/v2\/product_cat?post=43589"},{"taxonomy":"product_tag","embeddable":true,"href":"https:\/\/www.fabrykachlodu.pl\/sklep\/wp-json\/wp\/v2\/product_tag?post=43589"}],"curies":[{"name":"wp","href":"https:\/\/api.w.org\/{rel}","templated":true}]}}