{"id":43636,"date":"2019-10-29T22:06:45","date_gmt":"2019-10-29T21:06:45","guid":{"rendered":"http:\/\/www.fabrykachlodu.pl\/sklep\/produkt\/import-placeholder-for-yaa1fb8\/"},"modified":"2022-06-07T15:19:25","modified_gmt":"2022-06-07T13:19:25","slug":"sterownik-gree-bezprzewodowy-yaa1fb8-wifi-do-konsola-konsola-fm","status":"publish","type":"product","link":"https:\/\/www.fabrykachlodu.pl\/sklep\/produkt\/sterownik-gree-bezprzewodowy-yaa1fb8-wifi-do-konsola-konsola-fm\/","title":{"rendered":"Sterownik GREE bezprzewodowy YAA1FB8 (WiFi) do  Konsola, Konsola FM"},"content":{"rendered":"<h1>Je\u015bli szukasz Sterownik GREE bezprzewodowy YAA1FB8 (WiFi) do  Konsola, Konsola FM, to czytaj dalej<\/h1>\n<p>Zam\u00f3wienie dotyczy Sterownik GREE bezprzewodowy YAA1FB8 (WiFi) do Konsola, Konsola FM<\/p>\n<p><strong>W jednym miejscu poznasz:<\/strong><br \/>\nInformacje odno\u015bnie klimatyzacji przypod\u0142ogowo-sufitowej GREE<br \/>\nPoznasz najwa\u017cniejsze funkcje<br \/>\nPor\u00f3wnasz produkty: kasetonowa, kana\u0142owa, przypod\u0142ogowa-sufitowa<br \/>\nPoznasz parametry techniczne<br \/>\nPoznasz cen\u0119 i zrealizujesz zam\u00f3wienie<\/p>\n<p><strong>Zamawiaj\u0105c produkt u nas:<\/strong><br \/>\nOtrzymasz produkt Sterownik GREE bezprzewodowy YAA1FB8 (WiFi) do Konsola, Konsola FM<br \/>\nJednostk\u0119 wewn\u0119trzna<br \/>\nJednostk\u0119 zewn\u0119trzna<br \/>\nSterowanie<\/p>\n<p><strong>Zlecaj\u0105c nam monta\u017c w Warszawie i woj. mazowieckim otrzymasz:<\/strong><br \/>\nRabat na produkt<br \/>\nKompletne pod\u0142\u0105czenie elektryczne oraz hydrauliczne<br \/>\nGwarancje<br \/>\nSerwis.<\/p>\n","protected":false},"excerpt":{"rendered":"<p><strong>Najwa\u017cniejsze zalety<\/strong> [dt_list style=\"1\" bullet_position=\"middle\" dividers=\"true\"][dt_list_item image=\"\"]Dost\u0119pny na iPhone oraz Android[\/dt_list_item][dt_list_item image=\"\"]Sterowanie pe\u0142ne[\/dt_list_item][dt_list_item image=\"\"]Sterowanie z ka\u017cdego miejsca[\/dt_list_item][dt_list_item image=\"\"]\u0141atwa nawigacja[\/dt_list_item][\/dt_list]<\/p>\n","protected":false},"featured_media":43317,"template":"","meta":[],"product_cat":[154,183,189],"product_tag":[5778,5777],"yoast_head":"<!-- This site is optimized with the Yoast SEO plugin v22.1 - https:\/\/yoast.com\/wordpress\/plugins\/seo\/ -->\n<title>Sterownik GREE bezprzewodowy YAA1FB8 (WiFi) do Konsola, Konsola FM<\/title>\n<meta name=\"description\" content=\"Sterownik GREE bezprzewodowy YAA1FB8 (WiFi) do Konsola, Konsola FM\" \/>\n<meta name=\"robots\" content=\"index, follow, max-snippet:-1, max-image-preview:large, max-video-preview:-1\" \/>\n<link rel=\"canonical\" href=\"https:\/\/www.fabrykachlodu.pl\/sklep\/produkt\/sterownik-gree-bezprzewodowy-yaa1fb8-wifi-do-konsola-konsola-fm\/\" \/>\n<meta name=\"twitter:label1\" content=\"Szacowany czas czytania\" \/>\n\t<meta name=\"twitter:data1\" content=\"1 minuta\" \/>\n<script type=\"application\/ld+json\" class=\"yoast-schema-graph\">{\"@context\":\"https:\/\/schema.org\",\"@graph\":[{\"@type\":\"WebPage\",\"@id\":\"https:\/\/www.fabrykachlodu.pl\/sklep\/produkt\/sterownik-gree-bezprzewodowy-yaa1fb8-wifi-do-konsola-konsola-fm\/\",\"url\":\"https:\/\/www.fabrykachlodu.pl\/sklep\/produkt\/sterownik-gree-bezprzewodowy-yaa1fb8-wifi-do-konsola-konsola-fm\/\",\"name\":\"Sterownik GREE bezprzewodowy YAA1FB8 (WiFi) do Konsola, Konsola FM\",\"isPartOf\":{\"@id\":\"https:\/\/www.fabrykachlodu.pl\/sklep\/#website\"},\"datePublished\":\"2019-10-29T21:06:45+00:00\",\"dateModified\":\"2022-06-07T13:19:25+00:00\",\"description\":\"Sterownik GREE bezprzewodowy YAA1FB8 (WiFi) do Konsola, Konsola FM\",\"breadcrumb\":{\"@id\":\"https:\/\/www.fabrykachlodu.pl\/sklep\/produkt\/sterownik-gree-bezprzewodowy-yaa1fb8-wifi-do-konsola-konsola-fm\/#breadcrumb\"},\"inLanguage\":\"pl-PL\",\"potentialAction\":[{\"@type\":\"ReadAction\",\"target\":[\"https:\/\/www.fabrykachlodu.pl\/sklep\/produkt\/sterownik-gree-bezprzewodowy-yaa1fb8-wifi-do-konsola-konsola-fm\/\"]}]},{\"@type\":\"BreadcrumbList\",\"@id\":\"https:\/\/www.fabrykachlodu.pl\/sklep\/produkt\/sterownik-gree-bezprzewodowy-yaa1fb8-wifi-do-konsola-konsola-fm\/#breadcrumb\",\"itemListElement\":[{\"@type\":\"ListItem\",\"position\":1,\"name\":\"Strona g\u0142\u00f3wna\",\"item\":\"https:\/\/www.fabrykachlodu.pl\/sklep\/\"},{\"@type\":\"ListItem\",\"position\":2,\"name\":\"Szukasz klimatzyacji biurowej sklepowej lub do mieszkania?\",\"item\":\"https:\/\/www.fabrykachlodu.pl\/sklep\/\"},{\"@type\":\"ListItem\",\"position\":3,\"name\":\"GREE\",\"item\":\"https:\/\/www.fabrykachlodu.pl\/sklep\/product-category\/gree\/\"},{\"@type\":\"ListItem\",\"position\":4,\"name\":\"Akcesoria\",\"item\":\"https:\/\/www.fabrykachlodu.pl\/sklep\/product-category\/gree\/akcesoria\/\"},{\"@type\":\"ListItem\",\"position\":5,\"name\":\"Sterownik GREE bezprzewodowy YAA1FB8 (WiFi) do Konsola, Konsola FM\"}]},{\"@type\":\"WebSite\",\"@id\":\"https:\/\/www.fabrykachlodu.pl\/sklep\/#website\",\"url\":\"https:\/\/www.fabrykachlodu.pl\/sklep\/\",\"name\":\"\u00b0FC Sklep Internetowy monta\u017c klimatyzacji pomp ciep\u0142a\",\"description\":\"\u00b0FC monta\u017c klimatyzacji pomp ciep\u0142a z nami to szybki i tani wyb\u00f3r.  Us\u0142ugi monta\u017cowe i serwisowe W Warszawie i okolicach..\",\"potentialAction\":[{\"@type\":\"SearchAction\",\"target\":{\"@type\":\"EntryPoint\",\"urlTemplate\":\"https:\/\/www.fabrykachlodu.pl\/sklep\/?s={search_term_string}\"},\"query-input\":\"required name=search_term_string\"}],\"inLanguage\":\"pl-PL\"}]}<\/script>\n<!-- \/ Yoast SEO plugin. -->","yoast_head_json":{"title":"Sterownik GREE bezprzewodowy YAA1FB8 (WiFi) do Konsola, Konsola FM","description":"Sterownik GREE bezprzewodowy YAA1FB8 (WiFi) do Konsola, Konsola FM","robots":{"index":"index","follow":"follow","max-snippet":"max-snippet:-1","max-image-preview":"max-image-preview:large","max-video-preview":"max-video-preview:-1"},"canonical":"https:\/\/www.fabrykachlodu.pl\/sklep\/produkt\/sterownik-gree-bezprzewodowy-yaa1fb8-wifi-do-konsola-konsola-fm\/","twitter_misc":{"Szacowany czas czytania":"1 minuta"},"schema":{"@context":"https:\/\/schema.org","@graph":[{"@type":"WebPage","@id":"https:\/\/www.fabrykachlodu.pl\/sklep\/produkt\/sterownik-gree-bezprzewodowy-yaa1fb8-wifi-do-konsola-konsola-fm\/","url":"https:\/\/www.fabrykachlodu.pl\/sklep\/produkt\/sterownik-gree-bezprzewodowy-yaa1fb8-wifi-do-konsola-konsola-fm\/","name":"Sterownik GREE bezprzewodowy YAA1FB8 (WiFi) do Konsola, Konsola FM","isPartOf":{"@id":"https:\/\/www.fabrykachlodu.pl\/sklep\/#website"},"datePublished":"2019-10-29T21:06:45+00:00","dateModified":"2022-06-07T13:19:25+00:00","description":"Sterownik GREE bezprzewodowy YAA1FB8 (WiFi) do Konsola, Konsola FM","breadcrumb":{"@id":"https:\/\/www.fabrykachlodu.pl\/sklep\/produkt\/sterownik-gree-bezprzewodowy-yaa1fb8-wifi-do-konsola-konsola-fm\/#breadcrumb"},"inLanguage":"pl-PL","potentialAction":[{"@type":"ReadAction","target":["https:\/\/www.fabrykachlodu.pl\/sklep\/produkt\/sterownik-gree-bezprzewodowy-yaa1fb8-wifi-do-konsola-konsola-fm\/"]}]},{"@type":"BreadcrumbList","@id":"https:\/\/www.fabrykachlodu.pl\/sklep\/produkt\/sterownik-gree-bezprzewodowy-yaa1fb8-wifi-do-konsola-konsola-fm\/#breadcrumb","itemListElement":[{"@type":"ListItem","position":1,"name":"Strona g\u0142\u00f3wna","item":"https:\/\/www.fabrykachlodu.pl\/sklep\/"},{"@type":"ListItem","position":2,"name":"Szukasz klimatzyacji biurowej sklepowej lub do mieszkania?","item":"https:\/\/www.fabrykachlodu.pl\/sklep\/"},{"@type":"ListItem","position":3,"name":"GREE","item":"https:\/\/www.fabrykachlodu.pl\/sklep\/product-category\/gree\/"},{"@type":"ListItem","position":4,"name":"Akcesoria","item":"https:\/\/www.fabrykachlodu.pl\/sklep\/product-category\/gree\/akcesoria\/"},{"@type":"ListItem","position":5,"name":"Sterownik GREE bezprzewodowy YAA1FB8 (WiFi) do Konsola, Konsola FM"}]},{"@type":"WebSite","@id":"https:\/\/www.fabrykachlodu.pl\/sklep\/#website","url":"https:\/\/www.fabrykachlodu.pl\/sklep\/","name":"\u00b0FC Sklep Internetowy monta\u017c klimatyzacji pomp ciep\u0142a","description":"\u00b0FC monta\u017c klimatyzacji pomp ciep\u0142a z nami to szybki i tani wyb\u00f3r.  Us\u0142ugi monta\u017cowe i serwisowe W Warszawie i okolicach..","potentialAction":[{"@type":"SearchAction","target":{"@type":"EntryPoint","urlTemplate":"https:\/\/www.fabrykachlodu.pl\/sklep\/?s={search_term_string}"},"query-input":"required name=search_term_string"}],"inLanguage":"pl-PL"}]}},"_links":{"self":[{"href":"https:\/\/www.fabrykachlodu.pl\/sklep\/wp-json\/wp\/v2\/product\/43636"}],"collection":[{"href":"https:\/\/www.fabrykachlodu.pl\/sklep\/wp-json\/wp\/v2\/product"}],"about":[{"href":"https:\/\/www.fabrykachlodu.pl\/sklep\/wp-json\/wp\/v2\/types\/product"}],"wp:featuredmedia":[{"embeddable":true,"href":"https:\/\/www.fabrykachlodu.pl\/sklep\/wp-json\/wp\/v2\/media\/43317"}],"wp:attachment":[{"href":"https:\/\/www.fabrykachlodu.pl\/sklep\/wp-json\/wp\/v2\/media?parent=43636"}],"wp:term":[{"taxonomy":"product_cat","embeddable":true,"href":"https:\/\/www.fabrykachlodu.pl\/sklep\/wp-json\/wp\/v2\/product_cat?post=43636"},{"taxonomy":"product_tag","embeddable":true,"href":"https:\/\/www.fabrykachlodu.pl\/sklep\/wp-json\/wp\/v2\/product_tag?post=43636"}],"curies":[{"name":"wp","href":"https:\/\/api.w.org\/{rel}","templated":true}]}}