{"id":43844,"date":"2019-10-29T22:07:28","date_gmt":"2019-10-29T21:07:28","guid":{"rendered":"http:\/\/www.fabrykachlodu.pl\/sklep\/produkt\/przenosny-gree-moma-do-malego-mieszkania-pokoju-max-30m2\/"},"modified":"2022-07-22T15:00:17","modified_gmt":"2022-07-22T13:00:17","slug":"przenosny-gree-moma-do-malego-mieszkania-pokoju-max-30m2","status":"publish","type":"product","link":"https:\/\/www.fabrykachlodu.pl\/sklep\/produkt\/przenosny-gree-moma-do-malego-mieszkania-pokoju-max-30m2\/","title":{"rendered":"Przeno\u015bny GREE Moma do ma\u0142ego mieszkania, pokoju max. 30m2"},"content":{"rendered":"<h1>Je\u015bli SZUKASZ KLIMATYZATORA PRZENO\u015aNEGO &#8222;na szybko&#8221; &#8211; czemu nie!<\/h1>\n<p>Zam\u00f3wienie dotyczy KLIMATYZATORA PRZENO\u015aNEGO GPC12AN-K5NNA1A GREE MOMA<\/p>\n<p>Przedstawiamy wady i zalety klimatyzatora przeno\u015bnego GREE MOMA.<br \/>\nKiedy temperatura si\u0119ga 30 stopni, trudno jest znale\u017a\u0107 firm\u0119 montuj\u0105c\u0105 w Warszawie, wybierz klimatyzacj\u0119 przeno\u015bn\u0105! Z pomoc\u0105 przyjdzie klimatyzator przeno\u015bny bo mo\u017cemy go mie\u0107 ju\u017c kolejnego dnia.<\/p>\n<p>W sk\u0142ad zestawu wchodzi: &#8211; klimatyzator przeno\u015bny &#8211; PILOT YV1F9 \ufeff &#8211; rura + z\u0142\u0105czka<\/p>\n<p>Przeno\u015bny klimatyzator GREE z A+ efektywno\u015b\u0107i\u0105 energetyczna zapewni komfort ch\u0142odzenia i ogrzewania (tylko model Shiny GPH12AL-K5NNA3A) przez ca\u0142y rok. Posiada unikalny stylowy design i mo\u017ce by\u0107 \u0142atwo przeniesiony z elastycznych k\u00f3\u0142kach w biurze lub w domu. Gree przeno\u015bny nadaje si\u0119 do ma\u0142ych powierzchni do 30 metr\u00f3w kwadratowych i jest idealny dla dom\u00f3w, serwerowych pomieszcze\u0144, ma\u0142ych biur, ogrod\u00f3w zimowych i ma\u0142ego mieszkania. Pilot zdalnego sterowania umo\u017cliwia obs\u0142ug\u0119 urz\u0105dzenia siedz\u0105c wygodnie w fotelu lub biurze. Jest dostarczany wraz z pojedynczym i kompletnym w\u0119\u017cem uk\u0142adu wydechowego, ale nie jest to uszczelka okienna, nale\u017cy j\u0105 kupi\u0107 lub zrobi\u0107 we w\u0142asnym zakresie.<\/p>\n<h2>Czy wiedzia\u0142e\u015b \u017ce Klimatyzator przeno\u015bni mo\u017ce r\u00f3wnie\u017c osusza\u0107 do 1,8 litr\u00f3w wilgoci na godzin\u0119?<\/h2>\n<p> <strong>Co z kolei<\/strong> zmniejsza kurz, dym i py\u0142ek pozostawiaj\u0105c czystsze \u015brodowisko dla wszystkich. Jest dostarczany wraz z przewodem sieciowym oraz filtrami w zestawie.<\/p>\n<h1>KLIMATYZACJA PRZENO\u015aNA WADY I ZALETY do ma\u0142ego mieszkania, pokoju max. 30m2<\/h1>\n<h2>Przed uruchomieniem, przygotuj w\u0105\u017c do odprowadzenia ciep\u0142ego powietrza, pojemnik na skropliny &#8211; Wada<\/h2>\n<p>Korzystaj\u0105c z klimatyzatora przeno\u015bnego nale\u017cy zadba\u0107 o drena\u017c i umie\u015b\u0107 przeno\u015bne naczynie na p\u0142askiej powierzchni i upewni\u0107 si\u0119, \u017ce w\u0105\u017c jest wolny od za\u0142ama\u0144 i przeszk\u00f3d i jest skierowana w d\u00f3\u0142. Umieszczenie urz\u0105dzenia przeno\u015bnego na nier\u00f3wnej powierzchni lub nieprawid\u0142owej instalacji w\u0119\u017ca mo\u017ce doprowadzi\u0107 do nieprawid\u0142owego dzia\u0142ania (wa\u017c jest w komplecie).<\/p>\n<p><img fetchpriority=\"high\" decoding=\"async\" class=\"alignnone size-full wp-image-39495\" src=\"https:\/\/www.fabrykachlodu.pl\/sklep\/view\/uploads\/2019\/06\/odpwowadzanie.skroplin.klimatyzacja.przenosna.jpg\" alt=\"odpwowadzanie.skroplin.klimatyzacja.przenosna\" width=\"690\" height=\"400\" srcset=\"https:\/\/www.fabrykachlodu.pl\/sklep\/wp-content\/uploads\/2019\/06\/odpwowadzanie.skroplin.klimatyzacja.przenosna.jpg 690w, https:\/\/www.fabrykachlodu.pl\/sklep\/wp-content\/uploads\/2019\/06\/odpwowadzanie.skroplin.klimatyzacja.przenosna-600x348.jpg 600w, https:\/\/www.fabrykachlodu.pl\/sklep\/wp-content\/uploads\/2019\/06\/odpwowadzanie.skroplin.klimatyzacja.przenosna-64x37.jpg 64w, https:\/\/www.fabrykachlodu.pl\/sklep\/wp-content\/uploads\/2019\/06\/odpwowadzanie.skroplin.klimatyzacja.przenosna-300x174.jpg 300w\" sizes=\"(max-width: 690px) 100vw, 690px\" \/><\/p>\n<p>Aby zwi\u0119kszy\u0107 komfort, nale\u017cy ustawi\u0107 urz\u0105dzenie tak aby wydajno\u015bci ch\u0142odzenia by\u0142a maksymalna, <strong>rura wylotowa<\/strong> powinna kr\u00f3tka bez za\u0142ama\u0144 w celu zapewnienia sprawnego usuwania ciep\u0142ego powietrza z pomieszczenia.<br \/>\nD\u0142ugo\u015b\u0107 rury odprowadzania ciep\u0142a powinna by\u0107 mniejsza ni\u017c jeden metr. Zaleca si\u0119, aby u\u017cy\u0107 tak kt\u00f3tkiego odcinka jak to mo\u017cliwe.<\/p>\n<p><img decoding=\"async\" class=\"alignnone size-full wp-image-39496\" src=\"https:\/\/www.fabrykachlodu.pl\/sklep\/view\/uploads\/2019\/06\/rura-wylotowa.powinna.KLIMATYZACJA.PRZENOSNA.jpg\" alt=\"rura-wylotowa.powinna.KLIMATYZACJA.PRZENOSNA\" width=\"690\" height=\"400\" srcset=\"https:\/\/www.fabrykachlodu.pl\/sklep\/wp-content\/uploads\/2019\/06\/rura-wylotowa.powinna.KLIMATYZACJA.PRZENOSNA.jpg 690w, https:\/\/www.fabrykachlodu.pl\/sklep\/wp-content\/uploads\/2019\/06\/rura-wylotowa.powinna.KLIMATYZACJA.PRZENOSNA-600x348.jpg 600w, https:\/\/www.fabrykachlodu.pl\/sklep\/wp-content\/uploads\/2019\/06\/rura-wylotowa.powinna.KLIMATYZACJA.PRZENOSNA-64x37.jpg 64w, https:\/\/www.fabrykachlodu.pl\/sklep\/wp-content\/uploads\/2019\/06\/rura-wylotowa.powinna.KLIMATYZACJA.PRZENOSNA-300x174.jpg 300w\" sizes=\"(max-width: 690px) 100vw, 690px\" \/><\/p>\n<h1>Samodzielne uruchomienie &#8211; Zaleta<\/h1>\n<p>Uszczelka okienna (brak w zestawie) do rury wywiewnej to najprostrzy spos\u00f3b (zaraz po przewierceniu otworu w scianie lub wk\u0142adu zamiast szyby). Mocowanie uszczelnienia powinno by\u0107 stabilne i wykonane z wytrzyma\u0142ego materia\u0142u nylonowego przyczepionego na rzepy do ramy okna i skrzyd\u0142a \u2013 to jest \u0142atwe. Rura przepchni\u0119ta przez zamek i uszczelnienie jest gotowe. W Komplecie znajdziesz niezb\u0119dne materia\u0142y.<\/p>\n<h1>KLIMATYZACJA PRZENO\u015aNA jest stosunkowo g\u0142o\u015bna &#8211; Wada<\/h1>\n<p>Urz\u0105dzenie stosunkowo g\u0142o\u015bne bo a\u017c 53dB gdzie np. <a href=\"https:\/\/www.fabrykachlodu.pl\/sklep\/produkt\/instalacja-klimatyzatorow-lg-warszawa\/\">LG to tylko 19dB<\/a><\/p>\n<h1>Klimatyzator przeno\u015bny jest trzy razy ta\u0144szy- Zaleta<\/h1>\n<div class=\"su-spacer\" style=\"height:20px\"><\/div>\n<div class=\"su-tabs su-tabs-style-default su-tabs-mobile-stack\" data-active=\"1\" data-scroll-offset=\"0\" data-anchor-in-url=\"no\"><div class=\"su-tabs-nav\"><span class=\"\" data-url=\"\" data-target=\"blank\" tabindex=\"0\" role=\"button\">PRZEGL\u0104D FUNKCJI GREE MOMA<\/span><span class=\"\" data-url=\"\" data-target=\"blank\" tabindex=\"0\" role=\"button\">POR\u00d3WNANIE FUNKCJONALNO\u015aCI<\/span><span class=\"\" data-url=\"\" data-target=\"blank\" tabindex=\"0\" role=\"button\">PARAMETRY TECHNICZNE<\/span><\/div><div class=\"su-tabs-panes\"><div class=\"su-tabs-pane su-u-clearfix su-u-trim\" data-title=\"PRZEGL\u0104D FUNKCJI GREE MOMA\">\n<div class=\"su-document su-u-responsive-media-yes\"><iframe src=\"\/\/docs.google.com\/viewer?embedded=true&url=https:\/\/www.fabrykachlodu.pl\/sklep\/view\/uploads\/2019\/06\/klimatyzacja.przenosna.do_.salonu.sklepu.pokoju.pdf\" width=\"600\" height=\"400\" class=\"su-document\" title=\"\"><\/iframe><\/div>\n<\/div>\n<div class=\"su-tabs-pane su-u-clearfix su-u-trim\" data-title=\"POR\u00d3WNANIE FUNKCJONALNO\u015aCI\">\n<div class=\"su-document su-u-responsive-media-yes\"><iframe src=\"\/\/docs.google.com\/viewer?embedded=true&url=https:\/\/www.fabrykachlodu.pl\/sklep\/view\/uploads\/2019\/06\/klimatyzator.przenosny.do_.malego.mieszkania.biura_.pdf\" width=\"600\" height=\"400\" class=\"su-document\" title=\"\"><\/iframe><\/div>\n<\/div>\n<div class=\"su-tabs-pane su-u-clearfix su-u-trim\" data-title=\"PARAMETRY TECHNICZNE\">\n<div class=\"su-document su-u-responsive-media-yes\"><iframe src=\"\/\/docs.google.com\/viewer?embedded=true&url=https:\/\/www.fabrykachlodu.pl\/sklep\/view\/uploads\/2019\/06\/Parametry.klimatyzator.Gree-MOMA-GPC12AN-K5NNA1A.pdf\" width=\"600\" height=\"400\" class=\"su-document\" title=\"\"><\/iframe><\/div>\n<\/div><\/div><\/div>\n<p>Dokumenty si\u0119 nie wy\u015bwietlaj\u0105? <input type=\"button\" value=\"Od\u015bwie\u017c stron\u0119\" onclick=\"location.reload();\"> <\/p>\n<p>REKOMENDUJEMY STACJONARNE MODELE NA CZYNNIK CH\u0141ODNICZY R32 &#8211; PONIEWA\u017b JEST TO ROZWI\u0104ZANIE SPRAWDZONE ORAZ BEZPIECZNIE!<br \/>\n<div class=\"su-note\"  style=\"border-color:#e5e5e5;border-radius:3px;-moz-border-radius:3px;-webkit-border-radius:3px;\"><div class=\"su-note-inner su-u-clearfix su-u-trim\" style=\"background-color:#ffffff;border-color:#ffffff;color:#afafaf;border-radius:3px;-moz-border-radius:3px;-webkit-border-radius:3px;\">Jakie s\u0105 konsekwencje POSIADANIA KLIMATYZACJI PRZENO\u015aNEJ? spadek satysfakcji oraz komfortu.<br \/>\nCzy wiedzia\u0142e\u015b, \u017ce na w okresie poza sezonem mo\u017cesz mie\u0107 produkt nawet 50% taniej? <strong>Co mog\u0119 zrobi\u0107?<\/strong> Wybierz urz\u0105dzenie na R32 aby unikn\u0105\u0107 problem\u00f3w w przysz\u0142o\u015bci i zaplanuj instalacj\u0119 ju\u017c dzi\u015b. Na teraz polecamy urz\u0105dzenie przeno\u015bne do samodzielnego monta\u017cu.<br \/>\n<\/div><\/div>\n","protected":false},"excerpt":{"rendered":"<p><span style=\"color: #000000;\"><strong>Najwa\u017cniejsze zalety<\/strong><\/span><\/p>\n[dt_list style=\"1\" bullet_position=\"middle\" dividers=\"true\"][dt_list_item image=\"\"]Szybie uruchomienie[\/dt_list_item][dt_list_item image=\"\"]Tani klimatyzator[\/dt_list_item][dt_list_item image=\"\"]Pilot[\/dt_list_item][dt_list_item image=\"\"]Elegancki wygl\u0105d[\/dt_list_item][\/dt_list]\n","protected":false},"featured_media":39517,"template":"","meta":[],"product_cat":[154,459],"product_tag":[5822,5821],"yoast_head":"<!-- This site is optimized with the Yoast SEO plugin v22.1 - https:\/\/yoast.com\/wordpress\/plugins\/seo\/ -->\n<title>Przeno\u015bny GREE Moma do ma\u0142ego mieszkania, pokoju max. 30m2<\/title>\n<meta name=\"description\" content=\"Przeno\u015bny GREE Moma do ma\u0142ego mieszkania, pokoju max. 30m2\" \/>\n<meta name=\"robots\" content=\"index, follow, max-snippet:-1, max-image-preview:large, max-video-preview:-1\" \/>\n<link rel=\"canonical\" href=\"https:\/\/www.fabrykachlodu.pl\/sklep\/produkt\/przenosny-gree-moma-do-malego-mieszkania-pokoju-max-30m2\/\" \/>\n<meta name=\"twitter:label1\" content=\"Szacowany czas czytania\" \/>\n\t<meta name=\"twitter:data1\" content=\"3 minuty\" \/>\n<script type=\"application\/ld+json\" class=\"yoast-schema-graph\">{\"@context\":\"https:\/\/schema.org\",\"@graph\":[{\"@type\":\"WebPage\",\"@id\":\"https:\/\/www.fabrykachlodu.pl\/sklep\/produkt\/przenosny-gree-moma-do-malego-mieszkania-pokoju-max-30m2\/\",\"url\":\"https:\/\/www.fabrykachlodu.pl\/sklep\/produkt\/przenosny-gree-moma-do-malego-mieszkania-pokoju-max-30m2\/\",\"name\":\"Przeno\u015bny GREE Moma do ma\u0142ego mieszkania, pokoju max. 30m2\",\"isPartOf\":{\"@id\":\"https:\/\/www.fabrykachlodu.pl\/sklep\/#website\"},\"datePublished\":\"2019-10-29T21:07:28+00:00\",\"dateModified\":\"2022-07-22T13:00:17+00:00\",\"description\":\"Przeno\u015bny GREE Moma do ma\u0142ego mieszkania, pokoju max. 30m2\",\"breadcrumb\":{\"@id\":\"https:\/\/www.fabrykachlodu.pl\/sklep\/produkt\/przenosny-gree-moma-do-malego-mieszkania-pokoju-max-30m2\/#breadcrumb\"},\"inLanguage\":\"pl-PL\",\"potentialAction\":[{\"@type\":\"ReadAction\",\"target\":[\"https:\/\/www.fabrykachlodu.pl\/sklep\/produkt\/przenosny-gree-moma-do-malego-mieszkania-pokoju-max-30m2\/\"]}]},{\"@type\":\"BreadcrumbList\",\"@id\":\"https:\/\/www.fabrykachlodu.pl\/sklep\/produkt\/przenosny-gree-moma-do-malego-mieszkania-pokoju-max-30m2\/#breadcrumb\",\"itemListElement\":[{\"@type\":\"ListItem\",\"position\":1,\"name\":\"Strona g\u0142\u00f3wna\",\"item\":\"https:\/\/www.fabrykachlodu.pl\/sklep\/\"},{\"@type\":\"ListItem\",\"position\":2,\"name\":\"Szukasz klimatzyacji biurowej sklepowej lub do mieszkania?\",\"item\":\"https:\/\/www.fabrykachlodu.pl\/sklep\/\"},{\"@type\":\"ListItem\",\"position\":3,\"name\":\"GREE\",\"item\":\"https:\/\/www.fabrykachlodu.pl\/sklep\/product-category\/gree\/\"},{\"@type\":\"ListItem\",\"position\":4,\"name\":\"Klimatyzator Przeno\u015bny\",\"item\":\"https:\/\/www.fabrykachlodu.pl\/sklep\/product-category\/gree\/klimatyzator-przenosny\/\"},{\"@type\":\"ListItem\",\"position\":5,\"name\":\"MOMA\",\"item\":\"https:\/\/www.fabrykachlodu.pl\/sklep\/product-category\/gree\/klimatyzator-przenosny\/klimatyzacja-przenosna-wady-i-zalety-w-malym-mieszkaniu-biurze-lub-sklepie\/\"},{\"@type\":\"ListItem\",\"position\":6,\"name\":\"Przeno\u015bny GREE Moma do ma\u0142ego mieszkania, pokoju max. 30m2\"}]},{\"@type\":\"WebSite\",\"@id\":\"https:\/\/www.fabrykachlodu.pl\/sklep\/#website\",\"url\":\"https:\/\/www.fabrykachlodu.pl\/sklep\/\",\"name\":\"\u00b0FC Sklep Internetowy monta\u017c klimatyzacji pomp ciep\u0142a\",\"description\":\"\u00b0FC monta\u017c klimatyzacji pomp ciep\u0142a z nami to szybki i tani wyb\u00f3r.  Us\u0142ugi monta\u017cowe i serwisowe W Warszawie i okolicach..\",\"potentialAction\":[{\"@type\":\"SearchAction\",\"target\":{\"@type\":\"EntryPoint\",\"urlTemplate\":\"https:\/\/www.fabrykachlodu.pl\/sklep\/?s={search_term_string}\"},\"query-input\":\"required name=search_term_string\"}],\"inLanguage\":\"pl-PL\"}]}<\/script>\n<!-- \/ Yoast SEO plugin. -->","yoast_head_json":{"title":"Przeno\u015bny GREE Moma do ma\u0142ego mieszkania, pokoju max. 30m2","description":"Przeno\u015bny GREE Moma do ma\u0142ego mieszkania, pokoju max. 30m2","robots":{"index":"index","follow":"follow","max-snippet":"max-snippet:-1","max-image-preview":"max-image-preview:large","max-video-preview":"max-video-preview:-1"},"canonical":"https:\/\/www.fabrykachlodu.pl\/sklep\/produkt\/przenosny-gree-moma-do-malego-mieszkania-pokoju-max-30m2\/","twitter_misc":{"Szacowany czas czytania":"3 minuty"},"schema":{"@context":"https:\/\/schema.org","@graph":[{"@type":"WebPage","@id":"https:\/\/www.fabrykachlodu.pl\/sklep\/produkt\/przenosny-gree-moma-do-malego-mieszkania-pokoju-max-30m2\/","url":"https:\/\/www.fabrykachlodu.pl\/sklep\/produkt\/przenosny-gree-moma-do-malego-mieszkania-pokoju-max-30m2\/","name":"Przeno\u015bny GREE Moma do ma\u0142ego mieszkania, pokoju max. 30m2","isPartOf":{"@id":"https:\/\/www.fabrykachlodu.pl\/sklep\/#website"},"datePublished":"2019-10-29T21:07:28+00:00","dateModified":"2022-07-22T13:00:17+00:00","description":"Przeno\u015bny GREE Moma do ma\u0142ego mieszkania, pokoju max. 30m2","breadcrumb":{"@id":"https:\/\/www.fabrykachlodu.pl\/sklep\/produkt\/przenosny-gree-moma-do-malego-mieszkania-pokoju-max-30m2\/#breadcrumb"},"inLanguage":"pl-PL","potentialAction":[{"@type":"ReadAction","target":["https:\/\/www.fabrykachlodu.pl\/sklep\/produkt\/przenosny-gree-moma-do-malego-mieszkania-pokoju-max-30m2\/"]}]},{"@type":"BreadcrumbList","@id":"https:\/\/www.fabrykachlodu.pl\/sklep\/produkt\/przenosny-gree-moma-do-malego-mieszkania-pokoju-max-30m2\/#breadcrumb","itemListElement":[{"@type":"ListItem","position":1,"name":"Strona g\u0142\u00f3wna","item":"https:\/\/www.fabrykachlodu.pl\/sklep\/"},{"@type":"ListItem","position":2,"name":"Szukasz klimatzyacji biurowej sklepowej lub do mieszkania?","item":"https:\/\/www.fabrykachlodu.pl\/sklep\/"},{"@type":"ListItem","position":3,"name":"GREE","item":"https:\/\/www.fabrykachlodu.pl\/sklep\/product-category\/gree\/"},{"@type":"ListItem","position":4,"name":"Klimatyzator Przeno\u015bny","item":"https:\/\/www.fabrykachlodu.pl\/sklep\/product-category\/gree\/klimatyzator-przenosny\/"},{"@type":"ListItem","position":5,"name":"MOMA","item":"https:\/\/www.fabrykachlodu.pl\/sklep\/product-category\/gree\/klimatyzator-przenosny\/klimatyzacja-przenosna-wady-i-zalety-w-malym-mieszkaniu-biurze-lub-sklepie\/"},{"@type":"ListItem","position":6,"name":"Przeno\u015bny GREE Moma do ma\u0142ego mieszkania, pokoju max. 30m2"}]},{"@type":"WebSite","@id":"https:\/\/www.fabrykachlodu.pl\/sklep\/#website","url":"https:\/\/www.fabrykachlodu.pl\/sklep\/","name":"\u00b0FC Sklep Internetowy monta\u017c klimatyzacji pomp ciep\u0142a","description":"\u00b0FC monta\u017c klimatyzacji pomp ciep\u0142a z nami to szybki i tani wyb\u00f3r.  Us\u0142ugi monta\u017cowe i serwisowe W Warszawie i okolicach..","potentialAction":[{"@type":"SearchAction","target":{"@type":"EntryPoint","urlTemplate":"https:\/\/www.fabrykachlodu.pl\/sklep\/?s={search_term_string}"},"query-input":"required name=search_term_string"}],"inLanguage":"pl-PL"}]}},"_links":{"self":[{"href":"https:\/\/www.fabrykachlodu.pl\/sklep\/wp-json\/wp\/v2\/product\/43844"}],"collection":[{"href":"https:\/\/www.fabrykachlodu.pl\/sklep\/wp-json\/wp\/v2\/product"}],"about":[{"href":"https:\/\/www.fabrykachlodu.pl\/sklep\/wp-json\/wp\/v2\/types\/product"}],"wp:featuredmedia":[{"embeddable":true,"href":"https:\/\/www.fabrykachlodu.pl\/sklep\/wp-json\/wp\/v2\/media\/39517"}],"wp:attachment":[{"href":"https:\/\/www.fabrykachlodu.pl\/sklep\/wp-json\/wp\/v2\/media?parent=43844"}],"wp:term":[{"taxonomy":"product_cat","embeddable":true,"href":"https:\/\/www.fabrykachlodu.pl\/sklep\/wp-json\/wp\/v2\/product_cat?post=43844"},{"taxonomy":"product_tag","embeddable":true,"href":"https:\/\/www.fabrykachlodu.pl\/sklep\/wp-json\/wp\/v2\/product_tag?post=43844"}],"curies":[{"name":"wp","href":"https:\/\/api.w.org\/{rel}","templated":true}]}}