{"id":47725,"date":"2019-12-06T12:15:56","date_gmt":"2019-12-06T11:15:56","guid":{"rendered":"http:\/\/www.fabrykachlodu.pl\/sklep\/produkt\/import-placeholder-for-mca3u-12fnxd0\/"},"modified":"2022-05-23T15:41:46","modified_gmt":"2022-05-23T13:41:46","slug":"klimatyzator-midea-multi-split-kasetonowy-jednostka-wew-mca3u-12fnxd0","status":"publish","type":"product","link":"https:\/\/www.fabrykachlodu.pl\/sklep\/produkt\/klimatyzator-midea-multi-split-kasetonowy-jednostka-wew-mca3u-12fnxd0\/","title":{"rendered":"\u00b0FC Klimatyzator Midea Multi Split Kasetonowy Jednostka wew. MCA3U-12FNXD0"},"content":{"rendered":"<p>Zam\u00f3wienie dotyczy Klimatyzator Midea Multi Split Kasetonowy Jednostka wew. MCA3U-12FNXD0     <\/p>\n<p><strong>W jednym miejscu poznasz:<\/strong><br \/>\nInformacje odno\u015bnie klimatyzacji na\u015bciennej MIDEA<br \/>\nPoznasz najwa\u017cniejsze funkcje<br \/>\nPor\u00f3wnasz produkty<br \/>\nPoznasz parametry techniczne<br \/>\nPoznasz cen\u0119 i zrealizujesz zam\u00f3wienie<\/p>\n<p><strong>Zamawiaj\u0105c produkt u nas:<\/strong><br \/>\nOtrzymasz produkt<br \/>\nJednostk\u0119 wewn\u0119trzna<br \/>\nJednostk\u0119 zewn\u0119trzna<br \/>\nSterowanie<\/p>\n<p><strong>Zlecaj\u0105c nam monta\u017c w Warszawie i woj. mazowieckim otrzymasz:<\/strong><br \/>\nRabat na produkty MIDEA<br \/>\nKompletne pod\u0142\u0105czenie elektryczne oraz hydrauliczne<br \/>\nGwarancje<br \/>\nSerwis.<br \/> System Midea Multi Comfort daje mo\u017cliwo\u015b\u0107 monta\u017cu do 5 jednostek wewn\u0119trznych, z zapewnieniem komfortu klimatyzacji na ca\u0142ej przestrzeni obiektu. Urz\u0105dzeniami mo\u017cna sterowa\u0107 indywidualnie, zapewniaj\u0105c komfortowe warunki we wszystkich pomieszczeniach.<\/p>\n<p>Czy wiesz Midea Multi biurowy klimatyzator jest r\u00f3wnie\u017c cz\u0119sto stosowany w domu lub apartamentach, bo System Midea Multi Comfort oferuje instalacj\u0119 rurow\u0105 o maksymalnej d\u0142ugo\u015bci do 80 m.  Kompleksowe udogodnienia instalacyjne pozwalaj\u0105 na du\u017c\u0105 elastyczno\u015b\u0107 w projektowaniu systemu.<br \/>\nKompaktowa budowa agregatu i mo\u017cliwo\u015b\u0107 pod\u0142\u0105czenia szerokiej gamy jednostek wewn\u0119trznych. Do dyspozycji u\u017cytkownika s\u0105 modele: \u015bcienne, kana\u0142owe, kasetonowe i podstropowo-przypod\u0142ogowe, kt\u00f3re mog\u0105 pracowa\u0107 w trybie ch\u0142odzenia, osuszania lub grzania pomieszcze\u0144. <\/p>\n<div class=\"su-service\"><div class=\"su-service-title\" style=\"padding-left:52px;min-height:38px;line-height:38px\"><i class=\"sui sui-check-circle\" style=\"font-size:38px;color:#22a0ed\"><\/i> Wskaz\u00f3wka naszego eksperta<\/div><div class=\"su-service-content su-u-clearfix su-u-trim\" style=\"padding-left:52px\">Czy wiesz, \u017ce stosowane filtry ogranicz\u0105 rozw\u00f3j ple\u015bni, mikroorganizm\u00f3w oraz szkodliwych dla cz\u0142owieka grzyb\u00f3w. Dzi\u0119ki jonizacji powietrza skutecznie eliminowane s\u0105 zanieczyszczenia, wirusy, bakterie, grzyby i nieprzyjemne zapachy mikroorganizm\u00f3w aby komfort w biurze lub w mieszkaniu by\u0142 zawsze gwarantowany.<\/div><\/div>\n<p>System Midea Multi Comfort zapewnia stabiln\u0105 prac\u0119 w ekstremalnych temperaturach od -15\u02daC do +50\u02daC. Dzi\u0119ki nowoczesnej technologii inwerterowej,<br \/>\nagregaty osi\u0105gaj\u0105 najwy\u017csze klasy efektywno\u015bci energetycznej.<\/p>\n<h2><strong>Zapraszamy do por\u00f3wnania zalet i wad klimatyzacji Midea Multi Comfort<\/strong><\/h2>\n<p><strong>Jakie s\u0105 zalety takiego systemu?<\/strong><\/p>\n<div class=\"su-service\"><div class=\"su-service-title\" style=\"padding-left:52px;min-height:38px;line-height:38px\"><i class=\"sui sui-check-circle\" style=\"font-size:38px;color:#22a0ed\"><\/i> Wskaz\u00f3wka naszego eksperta<\/div><div class=\"su-service-content su-u-clearfix su-u-trim\" style=\"padding-left:52px\">Zwi\u0119ksza estetyk\u0119 poniewa\u017c jest tylko jedna jednostka zewn\u0119trzna<br \/>\nKompaktowa budowa agregatu<br \/>Funkcje pozwalaj\u0105ce na szybkie ch\u0142odzenie<br \/>od 2 do 5 jednostek wewn\u0119trznych<br \/>Dogodne sterowanie oraz WiFi<br \/><\/div><\/div>\n<p><strong>Jakie s\u0105 wady klimatyzator\u00f3w?<\/strong><\/p>\n<div class=\"su-service\"><div class=\"su-service-title\" style=\"padding-left:52px;min-height:38px;line-height:38px\"><i class=\"sui sui-check-circle\" style=\"font-size:38px;color:#22a0ed\"><\/i> Wskaz\u00f3wka naszego eksperta<\/div><div class=\"su-service-content su-u-clearfix su-u-trim\" style=\"padding-left:52px\">Wymagane jest przeci\u0105gni\u0119cie kana\u0142\u00f3w<br \/>\nKompaktowa budowa agregatu<br \/>Rekomendowane do pomieszcze\u0144 w przebudowie lub nowopowstaj\u0105cych<br \/>Polecane na etapie projektowania wn\u0119trza i obiektu<br \/>Monta\u017c skomplikowany<br \/><\/div><\/div>\n<div class=\"hr-thin\"><\/div>\n<div class=\"su-service\"><div class=\"su-service-title\" style=\"padding-left:52px;min-height:38px;line-height:38px\"><i class=\"sui sui-info-circle\" style=\"font-size:38px;color:#22a0ed\"><\/i> Wskaz\u00f3wka naszego eksperta<\/div><div class=\"su-service-content su-u-clearfix su-u-trim\" style=\"padding-left:52px\">\nPodsumowuj\u0105c, je\u015bli chcesz zainstalowa\u0107 w kilku pomieszczeniach system MULTI SPLIT jest dla Ciebie. Jest to niezawodne i ekologiczne rozwi\u0105zanie firmy MIDEA.<br \/>\n<\/div><\/div>\n<p>Sterownik przewodowy lub bezprzewodowy, umo\u017cliwia odczyt temperatury w pomieszczeniu, a samo sterowanie i panel jest intuicyjny w j.polskim. <\/p>\n<p>PARAMETRY TECHNICZNE<\/p>\n<div class=\"su-tabs su-tabs-style-default su-tabs-mobile-stack\" data-active=\"1\" data-scroll-offset=\"0\" data-anchor-in-url=\"no\"><div class=\"su-tabs-nav\"><span class=\"\" data-url=\"\" data-target=\"blank\" tabindex=\"0\" role=\"button\">Kompaktowe i lekkie jednostki<\/span><span class=\"\" data-url=\"\" data-target=\"blank\" tabindex=\"0\" role=\"button\">URZ\u0104DZENIA KASETONOWE COMPACT 4 STRONNE<\/span><span class=\"\" data-url=\"\" data-target=\"blank\" tabindex=\"0\" role=\"button\">URZ\u0104DZENIA KASETONOWE COMPACT<\/span><span class=\"\" data-url=\"\" data-target=\"blank\" tabindex=\"0\" role=\"button\">DANE TECHNICZNE<\/span><\/div><div class=\"su-tabs-panes\"><div class=\"su-tabs-pane su-u-clearfix su-u-trim\" data-title=\"Kompaktowe i lekkie jednostki\">\n<div class=\"su-document su-u-responsive-media-yes\"><iframe src=\"\/\/docs.google.com\/viewer?embedded=true&url=https:\/\/www.fabrykachlodu.pl\/sklep\/file\/2019\/11\/90_Klimatyzacja_MIDEA_compactowe.pdf\" width=\"600\" height=\"400\" class=\"su-document\" title=\"\"><\/iframe><\/div>\n<\/div>\n<div class=\"su-tabs-pane su-u-clearfix su-u-trim\" data-title=\"URZ\u0104DZENIA KASETONOWE COMPACT 4 STRONNE\">\n<div class=\"su-document su-u-responsive-media-yes\"><iframe src=\"\/\/docs.google.com\/viewer?embedded=true&url=https:\/\/www.fabrykachlodu.pl\/sklep\/file\/2019\/11\/91_Klimatyzacja_MIDEA_compact.funkcje.pdf\" width=\"600\" height=\"400\" class=\"su-document\" title=\"\"><\/iframe><\/div>\n<\/div>\n<div class=\"su-tabs-pane su-u-clearfix su-u-trim\" data-title=\"URZ\u0104DZENIA KASETONOWE COMPACT\">\n<div class=\"su-document su-u-responsive-media-yes\"><iframe src=\"\/\/docs.google.com\/viewer?embedded=true&url=https:\/\/www.fabrykachlodu.pl\/sklep\/file\/2019\/11\/92_Klimatyzacja_MIDEA_compact.cechy_.pdf\" width=\"600\" height=\"400\" class=\"su-document\" title=\"\"><\/iframe><\/div>\n<\/div>\n<div class=\"su-tabs-pane su-u-clearfix su-u-trim\" data-title=\"DANE TECHNICZNE\">\n<div class=\"su-document su-u-responsive-media-yes\"><iframe src=\"\/\/docs.google.com\/viewer?embedded=true&url=https:\/\/www.fabrykachlodu.pl\/sklep\/file\/2019\/11\/93_Klimatyzacja_MIDEA_do_funkcje.techniczne.pdf\" width=\"600\" height=\"400\" class=\"su-document\" title=\"\"><\/iframe><\/div>\n<\/div><\/div><\/div>\n<p>Dokumenty si\u0119 nie wy\u015bwietlaj\u0105? <input type=\"button\" value=\"Od\u015bwie\u017c stron\u0119\" onclick=\"location.reload();\"><\/p>\n","protected":false},"excerpt":{"rendered":"<p><span style=\"color: #000000;\"><strong>Najwa\u017cniejsze zalety:<\/strong><\/span><br \/>\n[dt_list style=\"1\" bullet_position=\"middle\" dividers=\"true\"][dt_list_item image=\"\"]Ekologiczny czynnik ch\u0142odniczy R32[\/dt_list_item][dt_list_item image=\"\"]Wersja kolorystyczna bia\u0142a lub czarna[\/dt_list_item][dt_list_item image=\"\"]Praca przy temperaturze zewn\u0119trznej do -15\u00b0C[\/dt_list_item][dt_list_item image=\"\"]Niski pob\u00f3r energii elektrycznej, klasa \u2013 A++[\/dt_list_item][\/dt_list]<\/p>\n","protected":false},"featured_media":49882,"template":"","meta":[],"product_cat":[814,2156,189],"product_tag":[5162,5164],"yoast_head":"<!-- This site is optimized with the Yoast SEO plugin v22.1 - https:\/\/yoast.com\/wordpress\/plugins\/seo\/ -->\n<title>\u00b0FC Klimatyzator Midea Multi Split Kasetonowy Jednostka wew. MCA3U-12FNXD0<\/title>\n<meta name=\"description\" content=\"Klimatyzator Midea Multi Split Kasetonowy Jednostka wew. MCA3U-12FNXD0\" \/>\n<meta name=\"robots\" content=\"index, follow, max-snippet:-1, max-image-preview:large, max-video-preview:-1\" \/>\n<link rel=\"canonical\" href=\"https:\/\/www.fabrykachlodu.pl\/sklep\/produkt\/klimatyzator-midea-multi-split-kasetonowy-jednostka-wew-mca3u-12fnxd0\/\" \/>\n<meta name=\"twitter:label1\" content=\"Szacowany czas czytania\" \/>\n\t<meta name=\"twitter:data1\" content=\"3 minuty\" \/>\n<script type=\"application\/ld+json\" class=\"yoast-schema-graph\">{\"@context\":\"https:\/\/schema.org\",\"@graph\":[{\"@type\":\"WebPage\",\"@id\":\"https:\/\/www.fabrykachlodu.pl\/sklep\/produkt\/klimatyzator-midea-multi-split-kasetonowy-jednostka-wew-mca3u-12fnxd0\/\",\"url\":\"https:\/\/www.fabrykachlodu.pl\/sklep\/produkt\/klimatyzator-midea-multi-split-kasetonowy-jednostka-wew-mca3u-12fnxd0\/\",\"name\":\"\u00b0FC Klimatyzator Midea Multi Split Kasetonowy Jednostka wew. MCA3U-12FNXD0\",\"isPartOf\":{\"@id\":\"https:\/\/www.fabrykachlodu.pl\/sklep\/#website\"},\"datePublished\":\"2019-12-06T11:15:56+00:00\",\"dateModified\":\"2022-05-23T13:41:46+00:00\",\"description\":\"Klimatyzator Midea Multi Split Kasetonowy Jednostka wew. MCA3U-12FNXD0\",\"breadcrumb\":{\"@id\":\"https:\/\/www.fabrykachlodu.pl\/sklep\/produkt\/klimatyzator-midea-multi-split-kasetonowy-jednostka-wew-mca3u-12fnxd0\/#breadcrumb\"},\"inLanguage\":\"pl-PL\",\"potentialAction\":[{\"@type\":\"ReadAction\",\"target\":[\"https:\/\/www.fabrykachlodu.pl\/sklep\/produkt\/klimatyzator-midea-multi-split-kasetonowy-jednostka-wew-mca3u-12fnxd0\/\"]}]},{\"@type\":\"BreadcrumbList\",\"@id\":\"https:\/\/www.fabrykachlodu.pl\/sklep\/produkt\/klimatyzator-midea-multi-split-kasetonowy-jednostka-wew-mca3u-12fnxd0\/#breadcrumb\",\"itemListElement\":[{\"@type\":\"ListItem\",\"position\":1,\"name\":\"Strona g\u0142\u00f3wna\",\"item\":\"https:\/\/www.fabrykachlodu.pl\/sklep\/\"},{\"@type\":\"ListItem\",\"position\":2,\"name\":\"Szukasz klimatzyacji biurowej sklepowej lub do mieszkania?\",\"item\":\"https:\/\/www.fabrykachlodu.pl\/sklep\/\"},{\"@type\":\"ListItem\",\"position\":3,\"name\":\"MIDEA\",\"item\":\"https:\/\/www.fabrykachlodu.pl\/sklep\/product-category\/midea\/\"},{\"@type\":\"ListItem\",\"position\":4,\"name\":\"Kasetonowy\",\"item\":\"https:\/\/www.fabrykachlodu.pl\/sklep\/product-category\/midea\/kasetonowy-midea\/\"},{\"@type\":\"ListItem\",\"position\":5,\"name\":\"\u00b0FC Klimatyzator Midea Multi Split Kasetonowy Zestaw KMCA-12N8-B1B 4 pomieszczenia Suma ch\u0142odzonej powierzchni 35m2 A++ Wydajno\u015b\u0107 grzania kW 4.4\",\"item\":\"https:\/\/www.fabrykachlodu.pl\/sklep\/produkt\/klimatyzator-midea-multi-split-kasetonowy-zestaw-kmca-12n8-b1b-4-pomieszczenia-suma-chlodzonej-powierzchni-35m2-a-wydajnosc-grzania-kw-4-4\/\"},{\"@type\":\"ListItem\",\"position\":6,\"name\":\"\u00b0FC Klimatyzator Midea Multi Split Kasetonowy Jednostka wew. MCA3U-12FNXD0\"}]},{\"@type\":\"WebSite\",\"@id\":\"https:\/\/www.fabrykachlodu.pl\/sklep\/#website\",\"url\":\"https:\/\/www.fabrykachlodu.pl\/sklep\/\",\"name\":\"\u00b0FC Sklep Internetowy monta\u017c klimatyzacji pomp ciep\u0142a\",\"description\":\"\u00b0FC monta\u017c klimatyzacji pomp ciep\u0142a z nami to szybki i tani wyb\u00f3r.  Us\u0142ugi monta\u017cowe i serwisowe W Warszawie i okolicach..\",\"potentialAction\":[{\"@type\":\"SearchAction\",\"target\":{\"@type\":\"EntryPoint\",\"urlTemplate\":\"https:\/\/www.fabrykachlodu.pl\/sklep\/?s={search_term_string}\"},\"query-input\":\"required name=search_term_string\"}],\"inLanguage\":\"pl-PL\"}]}<\/script>\n<!-- \/ Yoast SEO plugin. -->","yoast_head_json":{"title":"\u00b0FC Klimatyzator Midea Multi Split Kasetonowy Jednostka wew. MCA3U-12FNXD0","description":"Klimatyzator Midea Multi Split Kasetonowy Jednostka wew. MCA3U-12FNXD0","robots":{"index":"index","follow":"follow","max-snippet":"max-snippet:-1","max-image-preview":"max-image-preview:large","max-video-preview":"max-video-preview:-1"},"canonical":"https:\/\/www.fabrykachlodu.pl\/sklep\/produkt\/klimatyzator-midea-multi-split-kasetonowy-jednostka-wew-mca3u-12fnxd0\/","twitter_misc":{"Szacowany czas czytania":"3 minuty"},"schema":{"@context":"https:\/\/schema.org","@graph":[{"@type":"WebPage","@id":"https:\/\/www.fabrykachlodu.pl\/sklep\/produkt\/klimatyzator-midea-multi-split-kasetonowy-jednostka-wew-mca3u-12fnxd0\/","url":"https:\/\/www.fabrykachlodu.pl\/sklep\/produkt\/klimatyzator-midea-multi-split-kasetonowy-jednostka-wew-mca3u-12fnxd0\/","name":"\u00b0FC Klimatyzator Midea Multi Split Kasetonowy Jednostka wew. MCA3U-12FNXD0","isPartOf":{"@id":"https:\/\/www.fabrykachlodu.pl\/sklep\/#website"},"datePublished":"2019-12-06T11:15:56+00:00","dateModified":"2022-05-23T13:41:46+00:00","description":"Klimatyzator Midea Multi Split Kasetonowy Jednostka wew. MCA3U-12FNXD0","breadcrumb":{"@id":"https:\/\/www.fabrykachlodu.pl\/sklep\/produkt\/klimatyzator-midea-multi-split-kasetonowy-jednostka-wew-mca3u-12fnxd0\/#breadcrumb"},"inLanguage":"pl-PL","potentialAction":[{"@type":"ReadAction","target":["https:\/\/www.fabrykachlodu.pl\/sklep\/produkt\/klimatyzator-midea-multi-split-kasetonowy-jednostka-wew-mca3u-12fnxd0\/"]}]},{"@type":"BreadcrumbList","@id":"https:\/\/www.fabrykachlodu.pl\/sklep\/produkt\/klimatyzator-midea-multi-split-kasetonowy-jednostka-wew-mca3u-12fnxd0\/#breadcrumb","itemListElement":[{"@type":"ListItem","position":1,"name":"Strona g\u0142\u00f3wna","item":"https:\/\/www.fabrykachlodu.pl\/sklep\/"},{"@type":"ListItem","position":2,"name":"Szukasz klimatzyacji biurowej sklepowej lub do mieszkania?","item":"https:\/\/www.fabrykachlodu.pl\/sklep\/"},{"@type":"ListItem","position":3,"name":"MIDEA","item":"https:\/\/www.fabrykachlodu.pl\/sklep\/product-category\/midea\/"},{"@type":"ListItem","position":4,"name":"Kasetonowy","item":"https:\/\/www.fabrykachlodu.pl\/sklep\/product-category\/midea\/kasetonowy-midea\/"},{"@type":"ListItem","position":5,"name":"\u00b0FC Klimatyzator Midea Multi Split Kasetonowy Zestaw KMCA-12N8-B1B 4 pomieszczenia Suma ch\u0142odzonej powierzchni 35m2 A++ Wydajno\u015b\u0107 grzania kW 4.4","item":"https:\/\/www.fabrykachlodu.pl\/sklep\/produkt\/klimatyzator-midea-multi-split-kasetonowy-zestaw-kmca-12n8-b1b-4-pomieszczenia-suma-chlodzonej-powierzchni-35m2-a-wydajnosc-grzania-kw-4-4\/"},{"@type":"ListItem","position":6,"name":"\u00b0FC Klimatyzator Midea Multi Split Kasetonowy Jednostka wew. MCA3U-12FNXD0"}]},{"@type":"WebSite","@id":"https:\/\/www.fabrykachlodu.pl\/sklep\/#website","url":"https:\/\/www.fabrykachlodu.pl\/sklep\/","name":"\u00b0FC Sklep Internetowy monta\u017c klimatyzacji pomp ciep\u0142a","description":"\u00b0FC monta\u017c klimatyzacji pomp ciep\u0142a z nami to szybki i tani wyb\u00f3r.  Us\u0142ugi monta\u017cowe i serwisowe W Warszawie i okolicach..","potentialAction":[{"@type":"SearchAction","target":{"@type":"EntryPoint","urlTemplate":"https:\/\/www.fabrykachlodu.pl\/sklep\/?s={search_term_string}"},"query-input":"required name=search_term_string"}],"inLanguage":"pl-PL"}]}},"_links":{"self":[{"href":"https:\/\/www.fabrykachlodu.pl\/sklep\/wp-json\/wp\/v2\/product\/47725"}],"collection":[{"href":"https:\/\/www.fabrykachlodu.pl\/sklep\/wp-json\/wp\/v2\/product"}],"about":[{"href":"https:\/\/www.fabrykachlodu.pl\/sklep\/wp-json\/wp\/v2\/types\/product"}],"wp:featuredmedia":[{"embeddable":true,"href":"https:\/\/www.fabrykachlodu.pl\/sklep\/wp-json\/wp\/v2\/media\/49882"}],"wp:attachment":[{"href":"https:\/\/www.fabrykachlodu.pl\/sklep\/wp-json\/wp\/v2\/media?parent=47725"}],"wp:term":[{"taxonomy":"product_cat","embeddable":true,"href":"https:\/\/www.fabrykachlodu.pl\/sklep\/wp-json\/wp\/v2\/product_cat?post=47725"},{"taxonomy":"product_tag","embeddable":true,"href":"https:\/\/www.fabrykachlodu.pl\/sklep\/wp-json\/wp\/v2\/product_tag?post=47725"}],"curies":[{"name":"wp","href":"https:\/\/api.w.org\/{rel}","templated":true}]}}