{"id":47931,"date":"2019-12-06T12:17:20","date_gmt":"2019-12-06T11:17:20","guid":{"rendered":"http:\/\/www.fabrykachlodu.pl\/sklep\/produkt\/import-placeholder-for-mou-42fn8rd0\/"},"modified":"2022-05-23T15:43:04","modified_gmt":"2022-05-23T13:43:04","slug":"klimatyzator-midea-kanalowy-jednostka-zew-mou-42fn8rd0","status":"publish","type":"product","link":"https:\/\/www.fabrykachlodu.pl\/sklep\/produkt\/klimatyzator-midea-kanalowy-jednostka-zew-mou-42fn8rd0\/","title":{"rendered":"\u00b0FC Klimatyzator Midea Kana\u0142owy Jednostka zew. MOU-42FN8RD0"},"content":{"rendered":"<p>Zam\u00f3wienie dotyczy Klimatyzator Midea Kana\u0142owy Jednostka zew. MOU-42FN8RD0     <\/p>\n<p><strong>W jednym miejscu poznasz:<\/strong><br \/>\nInformacje odno\u015bnie klimatyzacji na\u015bciennej MIDEA<br \/>\nPoznasz najwa\u017cniejsze funkcje<br \/>\nPor\u00f3wnasz produkty<br \/>\nPoznasz parametry techniczne<br \/>\nPoznasz cen\u0119 i zrealizujesz zam\u00f3wienie<\/p>\n<p><strong>Zamawiaj\u0105c produkt u nas:<\/strong><br \/>\nOtrzymasz produkt<br \/>\nJednostk\u0119 wewn\u0119trzna<br \/>\nJednostk\u0119 zewn\u0119trzna<br \/>\nSterowanie<\/p>\n<p><strong>Zlecaj\u0105c nam monta\u017c w Warszawie i woj. mazowieckim otrzymasz:<\/strong><br \/>\nRabat na produkty MIDEA<br \/>\nKompletne pod\u0142\u0105czenie elektryczne oraz hydrauliczne<br \/>\nGwarancje<br \/>\nSerwis.<br \/> System Midea URZ\u0104DZENIA KANA\u0141OWE to w\u0105skie jednostki kana\u0142owe, kt\u00f3re zapewniaj\u0105 wysoki spr\u0119\u017c dyspozycyjny, doprowadzenie \u015bwie\u017cego powietrza i ekonomiczne wykorzystanie kana\u0142\u00f3w. Wysoki spr\u0119\u017c dyspozycyjny do 160Pa znacznie poprawia elastyczno\u015b\u0107 projektowania instalacji jednostki kana\u0142owej. Dzi\u0119ki temu, powietrze z \u0142atwo\u015bci\u0105 pokonuje opory liniowe i miejscowe w instalacji ch\u0142odniczej.<\/p>\n<div class=\"su-service\"><div class=\"su-service-title\" style=\"padding-left:52px;min-height:38px;line-height:38px\"><i class=\"sui sui-check-circle\" style=\"font-size:38px;color:#22a0ed\"><\/i> Wskaz\u00f3wka naszego eksperta<\/div><div class=\"su-service-content su-u-clearfix su-u-trim\" style=\"padding-left:52px\">Dost\u0119pny jest standardowy wlot powietrza od ty\u0142u oraz opcjonalny od spodu. Wymiary kszta\u0142tki wlotu z ty\u0142u i na spodzie urz\u0105dzenia s\u0105 takie same, co u\u0142atwia zmian\u0119 miejsca zasysania powietrza.<\/div><\/div>\n<p>Czujniki informuj\u0105 o otwarciu lub zamkni\u0119ciu okna, powoduj\u0105c automatyczne wy\u0142\u0105czenie lub w\u0142\u0105czenie klimatyzatora. Wsp\u00f3\u0142praca z kart\u0105 hotelow\u0105, czujnikiem obecno\u015bci i kontaktronem okiennym w standardzie, to zapewnienie ekonomicznej pracy urz\u0105dzenia w obiektach typu pensjonat, sklep lub hotel.<\/p>\n<p>System Midea Pompa ciep\u0142a (jednostka zewn\u0119trzna) zapewnia stabiln\u0105 prac\u0119 w ekstremalnych temperaturach od -15\u02daC do +50\u02daC. Dzi\u0119ki nowoczesnej technologii inwerterowej, agregaty osi\u0105gaj\u0105 najwy\u017csze klasy efektywno\u015bci energetycznej. Opcjonlanie mo\u017cna do\u0142\u0105czy\u0107 pompk\u0119 skroplin. Inteligentna<br \/>\nkontrola pracy w niskich temperaturze zapewni optymalne dzia\u0142anie.<\/p>\n<h2><strong>Zapraszamy do por\u00f3wnania zalet i wad klimatyzacji Midea kana\u0142owej<\/strong><\/h2>\n<p><strong>Jakie s\u0105 zalety takiego systemu?<\/strong><\/p>\n<div class=\"su-service\"><div class=\"su-service-title\" style=\"padding-left:52px;min-height:38px;line-height:38px\"><i class=\"sui sui-check-circle\" style=\"font-size:38px;color:#22a0ed\"><\/i> Wskaz\u00f3wka naszego eksperta<\/div><div class=\"su-service-content su-u-clearfix su-u-trim\" style=\"padding-left:52px\">Zwi\u0119ksza estetyk\u0119 poniewa\u017c jest tylko jedna jednostka zewn\u0119trzna<br \/>\nKompaktowa budowa agregatu<br \/>Funkcje pozwalaj\u0105ce na szybkie ch\u0142odzenie<br \/>od 2 do 5 jednostek wewn\u0119trznych<br \/>Dogodne sterowanie oraz WiFi oraz bezprzewodowy pilot jako opcja<br \/><\/div><\/div>\n<p><strong>Jakie s\u0105 wady klimatyzator\u00f3w?<\/strong><\/p>\n<div class=\"su-service\"><div class=\"su-service-title\" style=\"padding-left:52px;min-height:38px;line-height:38px\"><i class=\"sui sui-check-circle\" style=\"font-size:38px;color:#22a0ed\"><\/i> Wskaz\u00f3wka naszego eksperta<\/div><div class=\"su-service-content su-u-clearfix su-u-trim\" style=\"padding-left:52px\">Wymagane jest przeci\u0105gni\u0119cie kana\u0142\u00f3w<br \/>\nKompaktowa budowa agregatu<br \/>Rekomendowane do pomieszcze\u0144 w przebudowie lub nowopowstaj\u0105cych<br \/>Polecane na etapie projektowania wn\u0119trza i obiektu<br \/>Monta\u017c skomplikowany<br \/><\/div><\/div>\n<div class=\"hr-thin\"><\/div>\n<div class=\"su-service\"><div class=\"su-service-title\" style=\"padding-left:52px;min-height:38px;line-height:38px\"><i class=\"sui sui-info-circle\" style=\"font-size:38px;color:#22a0ed\"><\/i> Wskaz\u00f3wka naszego eksperta<\/div><div class=\"su-service-content su-u-clearfix su-u-trim\" style=\"padding-left:52px\">\nPodsumowuj\u0105c, je\u015bli chcesz zainstalowa\u0107 w kilku pomieszczeniach system MULTI Kana\u0142owy jest dla Ciebie. Jest to niezawodne i ekologiczne rozwi\u0105zanie firmy MIDEA.<br \/>\n<\/div><\/div>\n<p>Sterownik przewodowy, umo\u017cliwia odczyt temperatury w pomieszczeniu, a samo sterowanie i panel jest intuicyjny w j.polskim.<\/p>\n<p>PARAMETRY TECHNICZNE<\/p>\n<div class=\"su-tabs su-tabs-style-default su-tabs-mobile-stack\" data-active=\"1\" data-scroll-offset=\"0\" data-anchor-in-url=\"no\"><div class=\"su-tabs-nav\"><span class=\"\" data-url=\"\" data-target=\"blank\" tabindex=\"0\" role=\"button\">JEDNOSTKI ZEWN\u0118TRZNE DANE TECHNICZNE 1 FAZA<\/span><span class=\"\" data-url=\"\" data-target=\"blank\" tabindex=\"0\" role=\"button\">JEDNOSTKI ZEWN\u0118TRZNE DANE TECHNICZNE 1 FAZA<\/span><span class=\"\" data-url=\"\" data-target=\"blank\" tabindex=\"0\" role=\"button\">JEDNOSTKI ZEWN\u0118TRZNE DANE TECHNICZNE 3 FAZY<\/span><\/div><div class=\"su-tabs-panes\"><div class=\"su-tabs-pane su-u-clearfix su-u-trim\" data-title=\"JEDNOSTKI ZEWN\u0118TRZNE DANE TECHNICZNE 1 FAZA\">\n<div class=\"su-document su-u-responsive-media-yes\"><iframe src=\"\/\/docs.google.com\/viewer?embedded=true&url=https:\/\/www.fabrykachlodu.pl\/sklep\/file\/2019\/11\/105_Klimatyzacja_MIDEA_do_domu_funkcje_kanalowe.pdf\" width=\"600\" height=\"400\" class=\"su-document\" title=\"\"><\/iframe><\/div>\n<\/div>\n<div class=\"su-tabs-pane su-u-clearfix su-u-trim\" data-title=\"JEDNOSTKI ZEWN\u0118TRZNE DANE TECHNICZNE 1 FAZA\">\n<div class=\"su-document su-u-responsive-media-yes\"><iframe src=\"\/\/docs.google.com\/viewer?embedded=true&url=https:\/\/www.fabrykachlodu.pl\/sklep\/file\/2019\/11\/106_Klimatyzacja_MIDEA_jednostki-zewnetrzne-1faza.pdf\" width=\"600\" height=\"400\" class=\"su-document\" title=\"\"><\/iframe><\/div>\n<\/div>\n<div class=\"su-tabs-pane su-u-clearfix su-u-trim\" data-title=\"JEDNOSTKI ZEWN\u0118TRZNE DANE TECHNICZNE 3 FAZY\">\n<div class=\"su-document su-u-responsive-media-yes\"><iframe src=\"\/\/docs.google.com\/viewer?embedded=true&url=https:\/\/www.fabrykachlodu.pl\/sklep\/file\/2019\/11\/107_Klimatyzacja_MIDEA_jednostki-zewnetrzne-3fazy.pdf\" width=\"600\" height=\"400\" class=\"su-document\" title=\"\"><\/iframe><\/div>\n<\/div><\/div><\/div>\n<p>Dokumenty si\u0119 nie wy\u015bwietlaj\u0105? <input type=\"button\" value=\"Od\u015bwie\u017c stron\u0119\" onclick=\"location.reload();\"><\/p>\n","protected":false},"excerpt":{"rendered":"<p><span style=\"color: #000000;\"><strong>Najwa\u017cniejsze zalety:<\/strong><\/span><br \/>\n[dt_list style=\"1\" bullet_position=\"middle\" dividers=\"true\"][dt_list_item image=\"\"]System Midea Multi Comfort oferuje instalacj\u0119 rurow\u0105 o maksymalnej d\u0142ugo\u015bci do 80 m[\/dt_list_item][dt_list_item image=\"\"]Mo\u017cliwo\u015b\u0107 pod\u0142\u0105czenia szerokiej gamy jednostek wewn\u0119trznych, do dyspozycji: \u015bcienne, kana\u0142owe, kasetonowe i podstropowo-przypod\u0142ogowe[\/dt_list_item][dt_list_item image=\"\"]Mo\u017cliwo\u015b\u0107 monta\u017cu od 2 do 5 jednostek wewn\u0119trznych[\/dt_list_item][dt_list_item image=\"\"]Technologia inwerterowa gwarantuje najwy\u017csze klasy efektywno\u015bci energetycznej agregat\u00f3w[\/dt_list_item][\/dt_list]<\/p>\n","protected":false},"featured_media":49900,"template":"","meta":[],"product_cat":[814,2158,189],"product_tag":[1094,5024],"yoast_head":"<!-- This site is optimized with the Yoast SEO plugin v22.1 - https:\/\/yoast.com\/wordpress\/plugins\/seo\/ -->\n<title>\u00b0FC Klimatyzator Midea Kana\u0142owy Jednostka zew. MOU-42FN8RD0<\/title>\n<meta name=\"description\" content=\"Klimatyzator Midea Kana\u0142owy Jednostka zew. MOU-42FN8RD0\" \/>\n<meta name=\"robots\" content=\"index, follow, max-snippet:-1, max-image-preview:large, max-video-preview:-1\" \/>\n<link rel=\"canonical\" href=\"https:\/\/www.fabrykachlodu.pl\/sklep\/produkt\/klimatyzator-midea-kanalowy-jednostka-zew-mou-42fn8rd0\/\" \/>\n<meta name=\"twitter:label1\" content=\"Szacowany czas czytania\" \/>\n\t<meta name=\"twitter:data1\" content=\"3 minuty\" \/>\n<script type=\"application\/ld+json\" class=\"yoast-schema-graph\">{\"@context\":\"https:\/\/schema.org\",\"@graph\":[{\"@type\":\"WebPage\",\"@id\":\"https:\/\/www.fabrykachlodu.pl\/sklep\/produkt\/klimatyzator-midea-kanalowy-jednostka-zew-mou-42fn8rd0\/\",\"url\":\"https:\/\/www.fabrykachlodu.pl\/sklep\/produkt\/klimatyzator-midea-kanalowy-jednostka-zew-mou-42fn8rd0\/\",\"name\":\"\u00b0FC Klimatyzator Midea Kana\u0142owy Jednostka zew. MOU-42FN8RD0\",\"isPartOf\":{\"@id\":\"https:\/\/www.fabrykachlodu.pl\/sklep\/#website\"},\"datePublished\":\"2019-12-06T11:17:20+00:00\",\"dateModified\":\"2022-05-23T13:43:04+00:00\",\"description\":\"Klimatyzator Midea Kana\u0142owy Jednostka zew. MOU-42FN8RD0\",\"breadcrumb\":{\"@id\":\"https:\/\/www.fabrykachlodu.pl\/sklep\/produkt\/klimatyzator-midea-kanalowy-jednostka-zew-mou-42fn8rd0\/#breadcrumb\"},\"inLanguage\":\"pl-PL\",\"potentialAction\":[{\"@type\":\"ReadAction\",\"target\":[\"https:\/\/www.fabrykachlodu.pl\/sklep\/produkt\/klimatyzator-midea-kanalowy-jednostka-zew-mou-42fn8rd0\/\"]}]},{\"@type\":\"BreadcrumbList\",\"@id\":\"https:\/\/www.fabrykachlodu.pl\/sklep\/produkt\/klimatyzator-midea-kanalowy-jednostka-zew-mou-42fn8rd0\/#breadcrumb\",\"itemListElement\":[{\"@type\":\"ListItem\",\"position\":1,\"name\":\"Strona g\u0142\u00f3wna\",\"item\":\"https:\/\/www.fabrykachlodu.pl\/sklep\/\"},{\"@type\":\"ListItem\",\"position\":2,\"name\":\"Szukasz klimatzyacji biurowej sklepowej lub do mieszkania?\",\"item\":\"https:\/\/www.fabrykachlodu.pl\/sklep\/\"},{\"@type\":\"ListItem\",\"position\":3,\"name\":\"MIDEA\",\"item\":\"https:\/\/www.fabrykachlodu.pl\/sklep\/product-category\/midea\/\"},{\"@type\":\"ListItem\",\"position\":4,\"name\":\"Kana\u0142owy\",\"item\":\"https:\/\/www.fabrykachlodu.pl\/sklep\/product-category\/midea\/kanalowy-midea\/\"},{\"@type\":\"ListItem\",\"position\":5,\"name\":\"\u00b0FC Klimatyzator Midea Kana\u0142owy Zestaw KMTI-42N8-B3 12 pomieszcze\u0144 Suma ch\u0142odzonej powierzchni 121m2 A++ Wydajno\u015b\u0107 grzania kW 13.4\",\"item\":\"https:\/\/www.fabrykachlodu.pl\/sklep\/produkt\/klimatyzator-midea-kanalowy-zestaw-kmti-42n8-b3-12-pomieszczen-suma-chlodzonej-powierzchni-121m2-a-wydajnosc-grzania-kw-13-4\/\"},{\"@type\":\"ListItem\",\"position\":6,\"name\":\"\u00b0FC Klimatyzator Midea Kana\u0142owy Jednostka zew. MOU-42FN8RD0\"}]},{\"@type\":\"WebSite\",\"@id\":\"https:\/\/www.fabrykachlodu.pl\/sklep\/#website\",\"url\":\"https:\/\/www.fabrykachlodu.pl\/sklep\/\",\"name\":\"\u00b0FC Sklep Internetowy monta\u017c klimatyzacji pomp ciep\u0142a\",\"description\":\"\u00b0FC monta\u017c klimatyzacji pomp ciep\u0142a z nami to szybki i tani wyb\u00f3r.  Us\u0142ugi monta\u017cowe i serwisowe W Warszawie i okolicach..\",\"potentialAction\":[{\"@type\":\"SearchAction\",\"target\":{\"@type\":\"EntryPoint\",\"urlTemplate\":\"https:\/\/www.fabrykachlodu.pl\/sklep\/?s={search_term_string}\"},\"query-input\":\"required name=search_term_string\"}],\"inLanguage\":\"pl-PL\"}]}<\/script>\n<!-- \/ Yoast SEO plugin. -->","yoast_head_json":{"title":"\u00b0FC Klimatyzator Midea Kana\u0142owy Jednostka zew. MOU-42FN8RD0","description":"Klimatyzator Midea Kana\u0142owy Jednostka zew. MOU-42FN8RD0","robots":{"index":"index","follow":"follow","max-snippet":"max-snippet:-1","max-image-preview":"max-image-preview:large","max-video-preview":"max-video-preview:-1"},"canonical":"https:\/\/www.fabrykachlodu.pl\/sklep\/produkt\/klimatyzator-midea-kanalowy-jednostka-zew-mou-42fn8rd0\/","twitter_misc":{"Szacowany czas czytania":"3 minuty"},"schema":{"@context":"https:\/\/schema.org","@graph":[{"@type":"WebPage","@id":"https:\/\/www.fabrykachlodu.pl\/sklep\/produkt\/klimatyzator-midea-kanalowy-jednostka-zew-mou-42fn8rd0\/","url":"https:\/\/www.fabrykachlodu.pl\/sklep\/produkt\/klimatyzator-midea-kanalowy-jednostka-zew-mou-42fn8rd0\/","name":"\u00b0FC Klimatyzator Midea Kana\u0142owy Jednostka zew. MOU-42FN8RD0","isPartOf":{"@id":"https:\/\/www.fabrykachlodu.pl\/sklep\/#website"},"datePublished":"2019-12-06T11:17:20+00:00","dateModified":"2022-05-23T13:43:04+00:00","description":"Klimatyzator Midea Kana\u0142owy Jednostka zew. MOU-42FN8RD0","breadcrumb":{"@id":"https:\/\/www.fabrykachlodu.pl\/sklep\/produkt\/klimatyzator-midea-kanalowy-jednostka-zew-mou-42fn8rd0\/#breadcrumb"},"inLanguage":"pl-PL","potentialAction":[{"@type":"ReadAction","target":["https:\/\/www.fabrykachlodu.pl\/sklep\/produkt\/klimatyzator-midea-kanalowy-jednostka-zew-mou-42fn8rd0\/"]}]},{"@type":"BreadcrumbList","@id":"https:\/\/www.fabrykachlodu.pl\/sklep\/produkt\/klimatyzator-midea-kanalowy-jednostka-zew-mou-42fn8rd0\/#breadcrumb","itemListElement":[{"@type":"ListItem","position":1,"name":"Strona g\u0142\u00f3wna","item":"https:\/\/www.fabrykachlodu.pl\/sklep\/"},{"@type":"ListItem","position":2,"name":"Szukasz klimatzyacji biurowej sklepowej lub do mieszkania?","item":"https:\/\/www.fabrykachlodu.pl\/sklep\/"},{"@type":"ListItem","position":3,"name":"MIDEA","item":"https:\/\/www.fabrykachlodu.pl\/sklep\/product-category\/midea\/"},{"@type":"ListItem","position":4,"name":"Kana\u0142owy","item":"https:\/\/www.fabrykachlodu.pl\/sklep\/product-category\/midea\/kanalowy-midea\/"},{"@type":"ListItem","position":5,"name":"\u00b0FC Klimatyzator Midea Kana\u0142owy Zestaw KMTI-42N8-B3 12 pomieszcze\u0144 Suma ch\u0142odzonej powierzchni 121m2 A++ Wydajno\u015b\u0107 grzania kW 13.4","item":"https:\/\/www.fabrykachlodu.pl\/sklep\/produkt\/klimatyzator-midea-kanalowy-zestaw-kmti-42n8-b3-12-pomieszczen-suma-chlodzonej-powierzchni-121m2-a-wydajnosc-grzania-kw-13-4\/"},{"@type":"ListItem","position":6,"name":"\u00b0FC Klimatyzator Midea Kana\u0142owy Jednostka zew. MOU-42FN8RD0"}]},{"@type":"WebSite","@id":"https:\/\/www.fabrykachlodu.pl\/sklep\/#website","url":"https:\/\/www.fabrykachlodu.pl\/sklep\/","name":"\u00b0FC Sklep Internetowy monta\u017c klimatyzacji pomp ciep\u0142a","description":"\u00b0FC monta\u017c klimatyzacji pomp ciep\u0142a z nami to szybki i tani wyb\u00f3r.  Us\u0142ugi monta\u017cowe i serwisowe W Warszawie i okolicach..","potentialAction":[{"@type":"SearchAction","target":{"@type":"EntryPoint","urlTemplate":"https:\/\/www.fabrykachlodu.pl\/sklep\/?s={search_term_string}"},"query-input":"required name=search_term_string"}],"inLanguage":"pl-PL"}]}},"_links":{"self":[{"href":"https:\/\/www.fabrykachlodu.pl\/sklep\/wp-json\/wp\/v2\/product\/47931"}],"collection":[{"href":"https:\/\/www.fabrykachlodu.pl\/sklep\/wp-json\/wp\/v2\/product"}],"about":[{"href":"https:\/\/www.fabrykachlodu.pl\/sklep\/wp-json\/wp\/v2\/types\/product"}],"wp:featuredmedia":[{"embeddable":true,"href":"https:\/\/www.fabrykachlodu.pl\/sklep\/wp-json\/wp\/v2\/media\/49900"}],"wp:attachment":[{"href":"https:\/\/www.fabrykachlodu.pl\/sklep\/wp-json\/wp\/v2\/media?parent=47931"}],"wp:term":[{"taxonomy":"product_cat","embeddable":true,"href":"https:\/\/www.fabrykachlodu.pl\/sklep\/wp-json\/wp\/v2\/product_cat?post=47931"},{"taxonomy":"product_tag","embeddable":true,"href":"https:\/\/www.fabrykachlodu.pl\/sklep\/wp-json\/wp\/v2\/product_tag?post=47931"}],"curies":[{"name":"wp","href":"https:\/\/api.w.org\/{rel}","templated":true}]}}