{"id":47987,"date":"2019-12-06T12:17:44","date_gmt":"2019-12-06T11:17:44","guid":{"rendered":"http:\/\/www.fabrykachlodu.pl\/sklep\/produkt\/import-placeholder-for-mq4-28m2\/"},"modified":"2022-06-30T17:36:55","modified_gmt":"2022-06-30T15:36:55","slug":"klimatzator-midea-kasetonowy-4-stronny-jednostka-wew-mq4-28m2-3-pomieszczenia-28m2-wydajnosc-chlodzenia-kw-2-8","status":"publish","type":"product","link":"https:\/\/www.fabrykachlodu.pl\/sklep\/produkt\/klimatzator-midea-kasetonowy-4-stronny-jednostka-wew-mq4-28m2-3-pomieszczenia-28m2-wydajnosc-chlodzenia-kw-2-8\/","title":{"rendered":"\u00b0FC Klimatzator Midea Kasetonowy 4-stronny Jednostka wew. MQ4-28M2 3 pomieszczenia 28m2  Wydajno\u015b\u0107 ch\u0142odzenia kW 2.8"},"content":{"rendered":"<p>Zam\u00f3wienie dotyczy Klimatzator Midea Kasetonowy 4-stronny Jednostka wew. MQ4-28M2 3 pomieszczenia 28m2  Wydajno\u015b\u0107 ch\u0142odzenia kW 2.8 <\/p>\n<p><strong>W jednym miejscu poznasz:<\/strong><br \/>\nInformacje odno\u015bnie klimatyzacji na\u015bciennej MIDEA<br \/>\nPoznasz najwa\u017cniejsze funkcje<br \/>\nPor\u00f3wnasz produkty<br \/>\nPoznasz parametry techniczne<br \/>\nPoznasz cen\u0119 i zrealizujesz zam\u00f3wienie<\/p>\n<p><strong>Zamawiaj\u0105c produkt u nas:<\/strong><br \/>\nOtrzymasz produkt<br \/>\nJednostk\u0119 wewn\u0119trzna<br \/>\nJednostk\u0119 zewn\u0119trzna<br \/>\nSterowanie<\/p>\n<p><strong>Zlecaj\u0105c nam monta\u017c w Warszawie i woj. mazowieckim otrzymasz:<\/strong><br \/>\nRabat na produkty MIDEA<br \/>\nKompletne pod\u0142\u0105czenie elektryczne oraz hydrauliczne<br \/>\nGwarancje<br \/>\nSerwis.<br \/> URZ\u0104DZENIA do klimatyzacji Kasetonowe dedykowane do agregat\u00f3w Midea MULTI+ i MULTI MAX, to nowy design i elegancka konstrukcja sprawiaj\u0105, \u017ce urz\u0105dzenia idealnie wkomponowuj\u0105 si\u0119 w zr\u00f3\u017cnicowan\u0105 architektur\u0119 wn\u0119trz.<\/p>\n<p>Jednostki wewn\u0119trzne systemu mo\u017cna dowolnie konfigurowa\u0107. Do wyboru bogata oferta modeli: kasetonowe, \u015bcienne, kana\u0142owe, podstropowo-przypod\u0142ogowe. System klimatyzacji zapewnia nie tylko komfortowe warunki w pomieszczeniu, ale tak\u017ce dopasowanie do ka\u017cdego wystroju wn\u0119trza.<\/p>\n<p>D\u0142ugo\u015b\u0107 orurowania: D\u0142ugo\u015b\u0107 po\u0142\u0105czonych rur wynosi 7.5 m. r\u00f3\u017cnica poziom\u00f3w wynosi 0.<\/p>\n<div class=\"su-service\"><div class=\"su-service-title\" style=\"padding-left:52px;min-height:38px;line-height:38px\"><i class=\"sui sui-check-circle\" style=\"font-size:38px;color:#22a0ed\"><\/i> Wskaz\u00f3wka naszego eksperta<\/div><div class=\"su-service-content su-u-clearfix su-u-trim\" style=\"padding-left:52px\">System Multi+ zapewnia stabiln\u0105 prac\u0119 w ekstremalnych temperaturach od -15\u02daC do +43\u02daC.<\/div><\/div>\n<p>System Midea Pompa ciep\u0142a MULTI+ i MULTI MAX (jednostka zewn\u0119trzna) zapewnia stabiln\u0105 prac\u0119 w ekstremalnych temperaturach od -15\u02daC do +43\u02daC. Dzi\u0119ki nowoczesnej technologii inwerterowej, agregaty osi\u0105gaj\u0105 najwy\u017csze klasy efektywno\u015bci energetycznej. Opcjonlanie mo\u017cna do\u0142\u0105czy\u0107 pompk\u0119 skroplin. Inteligentna<br \/>\nkontrola pracy w niskich temperaturze zapewni optymalne dzia\u0142anie. DEDYKOWANE 32 JEDNOSTKI WEWN\u0118TRZNE gwarantuj\u0105 dogodne projektowanie klimatyzacji.<\/p>\n<h2><strong>Zapraszamy do por\u00f3wnania zalet i wad klimatyzacji Midea MULTI+ i MULTI MAX<\/strong><\/h2>\n<p><strong>Jakie s\u0105 zalety takiego systemu?<\/strong><\/p>\n<div class=\"su-service\"><div class=\"su-service-title\" style=\"padding-left:52px;min-height:38px;line-height:38px\"><i class=\"sui sui-check-circle\" style=\"font-size:38px;color:#22a0ed\"><\/i> Wskaz\u00f3wka naszego eksperta<\/div><div class=\"su-service-content su-u-clearfix su-u-trim\" style=\"padding-left:52px\">Zwi\u0119ksza estetyk\u0119 poniewa\u017c jest tylko jedna jednostka zewn\u0119trzna<br \/>\nKompaktowa budowa agregatu<br \/>Funkcje pozwalaj\u0105ce na szybkie ch\u0142odzenie<br \/>Do 40 jednostek wewn\u0119trznych<br \/>Dogodne sterowanie oraz WiFi oraz bezprzewodowy pilot jako opcja<br \/>\nDla poprawnej pracy jednostek zewn\u0119trznych w trybie pompy ciep\u0142a, konieczne jest zastosowanie grza\u0142ki tacy ociekowej lub zapewnienie swobodnego odp\u0142ywu kondensat w inny spos\u00f3b.<br \/>\n<\/div><\/div>\n<p><strong>Jakie s\u0105 wady klimatyzator\u00f3w?<\/strong><\/p>\n<div class=\"su-service\"><div class=\"su-service-title\" style=\"padding-left:52px;min-height:38px;line-height:38px\"><i class=\"sui sui-check-circle\" style=\"font-size:38px;color:#22a0ed\"><\/i> Wskaz\u00f3wka naszego eksperta<\/div><div class=\"su-service-content su-u-clearfix su-u-trim\" style=\"padding-left:52px\">Wymagane jest przeci\u0105gni\u0119cie ruroci\u0105g\u00f3w<br \/>\nKompaktowa budowa agregatu<br \/>Rekomendowane do pomieszcze\u0144 w przebudowie lub nowopowstaj\u0105cych<br \/>Polecane na etapie projektowania wn\u0119trza i obiektu<br \/>Monta\u017c skomplikowany<br \/><\/div><\/div>\n<div class=\"hr-thin\"><\/div>\n<div class=\"su-service\"><div class=\"su-service-title\" style=\"padding-left:52px;min-height:38px;line-height:38px\"><i class=\"sui sui-info-circle\" style=\"font-size:38px;color:#22a0ed\"><\/i> Wskaz\u00f3wka naszego eksperta<\/div><div class=\"su-service-content su-u-clearfix su-u-trim\" style=\"padding-left:52px\">\nPodsumowuj\u0105c, je\u015bli chcesz zainstalowa\u0107 w kilkudziesi\u0119ciu pomieszczeniach klimatyzacje system MULTI+ i MULTI MAX jest dla Ciebie. Jest to niezawodne rozwi\u0105zanie firmy MIDEA.<br \/>\n<\/div><\/div>\n<p>Sterownik przewodowy, umo\u017cliwia odczyt temperatury w pomieszczeniu, a samo sterowanie i panel jest intuicyjny w j.polskim.<\/p>\n<p>PARAMETRY TECHNICZNE<\/p>\n<div class=\"su-tabs su-tabs-style-default su-tabs-mobile-stack\" data-active=\"1\" data-scroll-offset=\"0\" data-anchor-in-url=\"no\"><div class=\"su-tabs-nav\"><span class=\"\" data-url=\"\" data-target=\"blank\" tabindex=\"0\" role=\"button\">URZ\u0104DZENIA KASETONOWE 4x wywiew<\/span><span class=\"\" data-url=\"\" data-target=\"blank\" tabindex=\"0\" role=\"button\">URZ\u0104DZENIA KASETONOWE 2x wywiew<\/span><span class=\"\" data-url=\"\" data-target=\"blank\" tabindex=\"0\" role=\"button\">URZ\u0104DZENIA KASETONOWE 1x wywiew<\/span><span class=\"\" data-url=\"\" data-target=\"blank\" tabindex=\"0\" role=\"button\">URZ\u0104DZENIA PODSTROPOWO-PRZYPOD\u0141OGOWE<\/span><span class=\"\" data-url=\"\" data-target=\"blank\" tabindex=\"0\" role=\"button\">URZ\u0104DZENIA KANA\u0141OWE<\/span><\/div><div class=\"su-tabs-panes\"><div class=\"su-tabs-pane su-u-clearfix su-u-trim\" data-title=\"URZ\u0104DZENIA KASETONOWE 4x wywiew\">\n<div class=\"su-document su-u-responsive-media-yes\"><iframe src=\"\/\/docs.google.com\/viewer?embedded=true&url=https:\/\/www.fabrykachlodu.pl\/sklep\/file\/2019\/11\/83_jednostki-kasetonowe-techniczne-4x-wywiew.pdf\" width=\"600\" height=\"400\" class=\"su-document\" title=\"\"><\/iframe><\/div>\n<\/div>\n<div class=\"su-tabs-pane su-u-clearfix su-u-trim\" data-title=\"URZ\u0104DZENIA KASETONOWE 2x wywiew\">\n<div class=\"su-document su-u-responsive-media-yes\"><iframe src=\"\/\/docs.google.com\/viewer?embedded=true&url=https:\/\/www.fabrykachlodu.pl\/sklep\/file\/2019\/11\/84_jedostki-kasetonowe-techniczne-2x-wywiew.pdf\" width=\"600\" height=\"400\" class=\"su-document\" title=\"\"><\/iframe><\/div>\n<\/div>\n<div class=\"su-tabs-pane su-u-clearfix su-u-trim\" data-title=\"URZ\u0104DZENIA KASETONOWE 1x wywiew\">\n<div class=\"su-document su-u-responsive-media-yes\"><iframe src=\"\/\/docs.google.com\/viewer?embedded=true&url=https:\/\/www.fabrykachlodu.pl\/sklep\/file\/2019\/11\/85_jednostki-kasetonowe-techniczne-wywiew-1x.pdf\" width=\"600\" height=\"400\" class=\"su-document\" title=\"\"><\/iframe><\/div>\n<\/div>\n<div class=\"su-tabs-pane su-u-clearfix su-u-trim\" data-title=\"URZ\u0104DZENIA PODSTROPOWO-PRZYPOD\u0141OGOWE\">\n<div class=\"su-document su-u-responsive-media-yes\"><iframe src=\"\/\/docs.google.com\/viewer?embedded=true&url=https:\/\/www.fabrykachlodu.pl\/sklep\/file\/2019\/11\/86_podstopowe-techniczne.pdf\" width=\"600\" height=\"400\" class=\"su-document\" title=\"\"><\/iframe><\/div>\n<\/div>\n<div class=\"su-tabs-pane su-u-clearfix su-u-trim\" data-title=\"URZ\u0104DZENIA KANA\u0141OWE\">\n<div class=\"su-document su-u-responsive-media-yes\"><iframe src=\"\/\/docs.google.com\/viewer?embedded=true&url=https:\/\/www.fabrykachlodu.pl\/sklep\/file\/2019\/11\/87_kanalowe_Midea.pdf\" width=\"600\" height=\"400\" class=\"su-document\" title=\"\"><\/iframe><\/div>\n<\/div><\/div><\/div>\n<p>Dokumenty si\u0119 nie wy\u015bwietlaj\u0105? <input type=\"button\" value=\"Od\u015bwie\u017c stron\u0119\" onclick=\"location.reload();\"><\/p>\n","protected":false},"excerpt":{"rendered":"<p><span style=\"color: #000000;\"><strong>Najwa\u017cniejsze zalety:<\/strong><\/span><br \/>\n[dt_list style=\"1\" bullet_position=\"middle\" dividers=\"true\"][dt_list_item image=\"\"]\u0141atwo\u015b\u0107 monta\u017cu pod sufitem podwieszanym[\/dt_list_item][dt_list_item image=\"\"]Delikatny czterostronny nawiew 360 stopni[\/dt_list_item][dt_list_item image=\"\"]Wydajny i cechuj\u0105cy si\u0119 cicha praca[\/dt_list_item][dt_list_item image=\"\"]Doskona\u0142e ch\u0142odzi i grzeje du\u017ce przestrzenie[\/dt_list_item][\/dt_list]<\/p>\n","protected":false},"featured_media":49968,"template":"","meta":[],"product_cat":[814,2160,189],"product_tag":[2928,1091,5164],"yoast_head":"<!-- This site is optimized with the Yoast SEO plugin v22.1 - https:\/\/yoast.com\/wordpress\/plugins\/seo\/ -->\n<title>\u00b0FC Klimatzator Midea Kasetonowy 4-stronny Jednostka wew. MQ4-28M2 3 pomieszczenia 28m2 Wydajno\u015b\u0107 ch\u0142odzenia kW 2.8<\/title>\n<meta name=\"description\" content=\"Klimatzator Midea Kasetonowy 4-stronny Jednostka wew. MQ4-28M2 3 pomieszczenia 28m2 Wydajno\u015b\u0107 ch\u0142odzenia kW 2.8\" \/>\n<meta name=\"robots\" content=\"index, follow, max-snippet:-1, max-image-preview:large, max-video-preview:-1\" \/>\n<link rel=\"canonical\" href=\"https:\/\/www.fabrykachlodu.pl\/sklep\/produkt\/klimatzator-midea-kasetonowy-4-stronny-jednostka-wew-mq4-28m2-3-pomieszczenia-28m2-wydajnosc-chlodzenia-kw-2-8\/\" \/>\n<meta name=\"twitter:label1\" content=\"Szacowany czas czytania\" \/>\n\t<meta name=\"twitter:data1\" content=\"3 minuty\" \/>\n<script type=\"application\/ld+json\" class=\"yoast-schema-graph\">{\"@context\":\"https:\/\/schema.org\",\"@graph\":[{\"@type\":\"WebPage\",\"@id\":\"https:\/\/www.fabrykachlodu.pl\/sklep\/produkt\/klimatzator-midea-kasetonowy-4-stronny-jednostka-wew-mq4-28m2-3-pomieszczenia-28m2-wydajnosc-chlodzenia-kw-2-8\/\",\"url\":\"https:\/\/www.fabrykachlodu.pl\/sklep\/produkt\/klimatzator-midea-kasetonowy-4-stronny-jednostka-wew-mq4-28m2-3-pomieszczenia-28m2-wydajnosc-chlodzenia-kw-2-8\/\",\"name\":\"\u00b0FC Klimatzator Midea Kasetonowy 4-stronny Jednostka wew. MQ4-28M2 3 pomieszczenia 28m2 Wydajno\u015b\u0107 ch\u0142odzenia kW 2.8\",\"isPartOf\":{\"@id\":\"https:\/\/www.fabrykachlodu.pl\/sklep\/#website\"},\"datePublished\":\"2019-12-06T11:17:44+00:00\",\"dateModified\":\"2022-06-30T15:36:55+00:00\",\"description\":\"Klimatzator Midea Kasetonowy 4-stronny Jednostka wew. MQ4-28M2 3 pomieszczenia 28m2 Wydajno\u015b\u0107 ch\u0142odzenia kW 2.8\",\"breadcrumb\":{\"@id\":\"https:\/\/www.fabrykachlodu.pl\/sklep\/produkt\/klimatzator-midea-kasetonowy-4-stronny-jednostka-wew-mq4-28m2-3-pomieszczenia-28m2-wydajnosc-chlodzenia-kw-2-8\/#breadcrumb\"},\"inLanguage\":\"pl-PL\",\"potentialAction\":[{\"@type\":\"ReadAction\",\"target\":[\"https:\/\/www.fabrykachlodu.pl\/sklep\/produkt\/klimatzator-midea-kasetonowy-4-stronny-jednostka-wew-mq4-28m2-3-pomieszczenia-28m2-wydajnosc-chlodzenia-kw-2-8\/\"]}]},{\"@type\":\"BreadcrumbList\",\"@id\":\"https:\/\/www.fabrykachlodu.pl\/sklep\/produkt\/klimatzator-midea-kasetonowy-4-stronny-jednostka-wew-mq4-28m2-3-pomieszczenia-28m2-wydajnosc-chlodzenia-kw-2-8\/#breadcrumb\",\"itemListElement\":[{\"@type\":\"ListItem\",\"position\":1,\"name\":\"Strona g\u0142\u00f3wna\",\"item\":\"https:\/\/www.fabrykachlodu.pl\/sklep\/\"},{\"@type\":\"ListItem\",\"position\":2,\"name\":\"Szukasz klimatzyacji biurowej sklepowej lub do mieszkania?\",\"item\":\"https:\/\/www.fabrykachlodu.pl\/sklep\/\"},{\"@type\":\"ListItem\",\"position\":3,\"name\":\"MIDEA\",\"item\":\"https:\/\/www.fabrykachlodu.pl\/sklep\/product-category\/midea\/\"},{\"@type\":\"ListItem\",\"position\":4,\"name\":\"Multi Split\",\"item\":\"https:\/\/www.fabrykachlodu.pl\/sklep\/product-category\/midea\/multi-split-midea\/\"},{\"@type\":\"ListItem\",\"position\":5,\"name\":\"Kasetonowy\",\"item\":\"https:\/\/www.fabrykachlodu.pl\/sklep\/product-category\/midea\/multi-split-midea\/kasetonowy-multi-split-midea\/\"},{\"@type\":\"ListItem\",\"position\":6,\"name\":\"\u00b0FC Klimatzator Midea Kasetonowy 4-stronny Jednostka wew. MQ4-28M2 3 pomieszczenia 28m2 Wydajno\u015b\u0107 ch\u0142odzenia kW 2.8\"}]},{\"@type\":\"WebSite\",\"@id\":\"https:\/\/www.fabrykachlodu.pl\/sklep\/#website\",\"url\":\"https:\/\/www.fabrykachlodu.pl\/sklep\/\",\"name\":\"\u00b0FC Sklep Internetowy monta\u017c klimatyzacji pomp ciep\u0142a\",\"description\":\"\u00b0FC monta\u017c klimatyzacji pomp ciep\u0142a z nami to szybki i tani wyb\u00f3r.  Us\u0142ugi monta\u017cowe i serwisowe W Warszawie i okolicach..\",\"potentialAction\":[{\"@type\":\"SearchAction\",\"target\":{\"@type\":\"EntryPoint\",\"urlTemplate\":\"https:\/\/www.fabrykachlodu.pl\/sklep\/?s={search_term_string}\"},\"query-input\":\"required name=search_term_string\"}],\"inLanguage\":\"pl-PL\"}]}<\/script>\n<!-- \/ Yoast SEO plugin. -->","yoast_head_json":{"title":"\u00b0FC Klimatzator Midea Kasetonowy 4-stronny Jednostka wew. MQ4-28M2 3 pomieszczenia 28m2 Wydajno\u015b\u0107 ch\u0142odzenia kW 2.8","description":"Klimatzator Midea Kasetonowy 4-stronny Jednostka wew. MQ4-28M2 3 pomieszczenia 28m2 Wydajno\u015b\u0107 ch\u0142odzenia kW 2.8","robots":{"index":"index","follow":"follow","max-snippet":"max-snippet:-1","max-image-preview":"max-image-preview:large","max-video-preview":"max-video-preview:-1"},"canonical":"https:\/\/www.fabrykachlodu.pl\/sklep\/produkt\/klimatzator-midea-kasetonowy-4-stronny-jednostka-wew-mq4-28m2-3-pomieszczenia-28m2-wydajnosc-chlodzenia-kw-2-8\/","twitter_misc":{"Szacowany czas czytania":"3 minuty"},"schema":{"@context":"https:\/\/schema.org","@graph":[{"@type":"WebPage","@id":"https:\/\/www.fabrykachlodu.pl\/sklep\/produkt\/klimatzator-midea-kasetonowy-4-stronny-jednostka-wew-mq4-28m2-3-pomieszczenia-28m2-wydajnosc-chlodzenia-kw-2-8\/","url":"https:\/\/www.fabrykachlodu.pl\/sklep\/produkt\/klimatzator-midea-kasetonowy-4-stronny-jednostka-wew-mq4-28m2-3-pomieszczenia-28m2-wydajnosc-chlodzenia-kw-2-8\/","name":"\u00b0FC Klimatzator Midea Kasetonowy 4-stronny Jednostka wew. MQ4-28M2 3 pomieszczenia 28m2 Wydajno\u015b\u0107 ch\u0142odzenia kW 2.8","isPartOf":{"@id":"https:\/\/www.fabrykachlodu.pl\/sklep\/#website"},"datePublished":"2019-12-06T11:17:44+00:00","dateModified":"2022-06-30T15:36:55+00:00","description":"Klimatzator Midea Kasetonowy 4-stronny Jednostka wew. MQ4-28M2 3 pomieszczenia 28m2 Wydajno\u015b\u0107 ch\u0142odzenia kW 2.8","breadcrumb":{"@id":"https:\/\/www.fabrykachlodu.pl\/sklep\/produkt\/klimatzator-midea-kasetonowy-4-stronny-jednostka-wew-mq4-28m2-3-pomieszczenia-28m2-wydajnosc-chlodzenia-kw-2-8\/#breadcrumb"},"inLanguage":"pl-PL","potentialAction":[{"@type":"ReadAction","target":["https:\/\/www.fabrykachlodu.pl\/sklep\/produkt\/klimatzator-midea-kasetonowy-4-stronny-jednostka-wew-mq4-28m2-3-pomieszczenia-28m2-wydajnosc-chlodzenia-kw-2-8\/"]}]},{"@type":"BreadcrumbList","@id":"https:\/\/www.fabrykachlodu.pl\/sklep\/produkt\/klimatzator-midea-kasetonowy-4-stronny-jednostka-wew-mq4-28m2-3-pomieszczenia-28m2-wydajnosc-chlodzenia-kw-2-8\/#breadcrumb","itemListElement":[{"@type":"ListItem","position":1,"name":"Strona g\u0142\u00f3wna","item":"https:\/\/www.fabrykachlodu.pl\/sklep\/"},{"@type":"ListItem","position":2,"name":"Szukasz klimatzyacji biurowej sklepowej lub do mieszkania?","item":"https:\/\/www.fabrykachlodu.pl\/sklep\/"},{"@type":"ListItem","position":3,"name":"MIDEA","item":"https:\/\/www.fabrykachlodu.pl\/sklep\/product-category\/midea\/"},{"@type":"ListItem","position":4,"name":"Multi Split","item":"https:\/\/www.fabrykachlodu.pl\/sklep\/product-category\/midea\/multi-split-midea\/"},{"@type":"ListItem","position":5,"name":"Kasetonowy","item":"https:\/\/www.fabrykachlodu.pl\/sklep\/product-category\/midea\/multi-split-midea\/kasetonowy-multi-split-midea\/"},{"@type":"ListItem","position":6,"name":"\u00b0FC Klimatzator Midea Kasetonowy 4-stronny Jednostka wew. MQ4-28M2 3 pomieszczenia 28m2 Wydajno\u015b\u0107 ch\u0142odzenia kW 2.8"}]},{"@type":"WebSite","@id":"https:\/\/www.fabrykachlodu.pl\/sklep\/#website","url":"https:\/\/www.fabrykachlodu.pl\/sklep\/","name":"\u00b0FC Sklep Internetowy monta\u017c klimatyzacji pomp ciep\u0142a","description":"\u00b0FC monta\u017c klimatyzacji pomp ciep\u0142a z nami to szybki i tani wyb\u00f3r.  Us\u0142ugi monta\u017cowe i serwisowe W Warszawie i okolicach..","potentialAction":[{"@type":"SearchAction","target":{"@type":"EntryPoint","urlTemplate":"https:\/\/www.fabrykachlodu.pl\/sklep\/?s={search_term_string}"},"query-input":"required name=search_term_string"}],"inLanguage":"pl-PL"}]}},"_links":{"self":[{"href":"https:\/\/www.fabrykachlodu.pl\/sklep\/wp-json\/wp\/v2\/product\/47987"}],"collection":[{"href":"https:\/\/www.fabrykachlodu.pl\/sklep\/wp-json\/wp\/v2\/product"}],"about":[{"href":"https:\/\/www.fabrykachlodu.pl\/sklep\/wp-json\/wp\/v2\/types\/product"}],"wp:featuredmedia":[{"embeddable":true,"href":"https:\/\/www.fabrykachlodu.pl\/sklep\/wp-json\/wp\/v2\/media\/49968"}],"wp:attachment":[{"href":"https:\/\/www.fabrykachlodu.pl\/sklep\/wp-json\/wp\/v2\/media?parent=47987"}],"wp:term":[{"taxonomy":"product_cat","embeddable":true,"href":"https:\/\/www.fabrykachlodu.pl\/sklep\/wp-json\/wp\/v2\/product_cat?post=47987"},{"taxonomy":"product_tag","embeddable":true,"href":"https:\/\/www.fabrykachlodu.pl\/sklep\/wp-json\/wp\/v2\/product_tag?post=47987"}],"curies":[{"name":"wp","href":"https:\/\/api.w.org\/{rel}","templated":true}]}}