{"id":48049,"date":"2019-12-06T12:18:00","date_gmt":"2019-12-06T11:18:00","guid":{"rendered":"http:\/\/www.fabrykachlodu.pl\/sklep\/produkt\/import-placeholder-for-wdc-120g-wk\/"},"modified":"2022-05-23T14:39:57","modified_gmt":"2022-05-23T12:39:57","slug":"sterownik-przewodowy-klimatyzator-midea-sterownik-wdc-120g-wk","status":"publish","type":"product","link":"https:\/\/www.fabrykachlodu.pl\/sklep\/produkt\/sterownik-przewodowy-klimatyzator-midea-sterownik-wdc-120g-wk\/","title":{"rendered":"\u00b0FC Sterownik przewodowy Klimatyzator Midea Sterownik WDC-120G\/WK"},"content":{"rendered":"<p>Zam\u00f3wienie dotyczy Sterownik przewodowy Klimatyzator Midea Sterownik WDC-120G\/WK      <\/p>\n<p><strong>W jednym miejscu poznasz:<\/strong><br \/>\nInformacje odno\u015bnie klimatyzacji na\u015bciennej MIDEA<br \/>\nPoznasz najwa\u017cniejsze funkcje<br \/>\nPor\u00f3wnasz produkty<br \/>\nPoznasz parametry techniczne<br \/>\nPoznasz cen\u0119 i zrealizujesz zam\u00f3wienie<\/p>\n<p><strong>Zamawiaj\u0105c produkt u nas:<\/strong><br \/>\nOtrzymasz produkt<br \/>\nJednostk\u0119 wewn\u0119trzna<br \/>\nJednostk\u0119 zewn\u0119trzna<br \/>\nSterowanie<\/p>\n<p><strong>Zlecaj\u0105c nam monta\u017c w Warszawie i woj. mazowieckim otrzymasz:<\/strong><br \/>\nRabat na produkty MIDEA<br \/>\nKompletne pod\u0142\u0105czenie elektryczne oraz hydrauliczne<br \/>\nGwarancje<br \/>\nSerwis.<br \/> G\u0142\u00f3wne funkcje to:<br \/>\nZa\u0142\u0105cz\/Wy\u0142\u0105cz, Ustawienie trybu pracy, Ustawienia temperatury  (0.5\u00b0C lub 1\u00b0C), Podw\u00f3jna nastawa temperatury, 7 pr\u0119dko\u015bci wentylatora, Wachlowanie, 5-stopniowe wachlowanie, Adresowanie, Follow Me, ECO, Temperatura pomieszczenia, \u00b0F \/ \u00b0C, Blokada klawiszy, Pod\u015bwietlenie, Programator dzienny,  Programator tygodniowy, Auto restart, 2 poziomy uprawnie\u0144,  Komunikacja 2-kierunkowa, Sterowanie grupowe, Ustawienia g\u0142\u00f3wne i pomocnicze, Wy\u0142\u0105czenie wy\u015bwietlacza, Tryb pracy nocnej, Odbi\u00f3r sygna\u0142u zdalnego, Czyszczenie filtra (przypomnienie), Funkcja przed\u0142u\u017cenia ustawie\u0144, Czas letni, Aktualny czas,  Kody b\u0142\u0119d\u00f3w, Odczyt parametr\u00f3w systemowych, Kontrola ustawie\u0144 systemu. Wymiary (wys. x szer. x g\u0142.) [mm] 86x86x18 <\/p>\n<p>PARAMETRY TECHNICZNE<\/p>\n<div class=\"su-tabs su-tabs-style-default su-tabs-mobile-stack\" data-active=\"1\" data-scroll-offset=\"0\" data-anchor-in-url=\"no\"><div class=\"su-tabs-nav\"><span class=\"\" data-url=\"\" data-target=\"blank\" tabindex=\"0\" role=\"button\">STEROWANIE<\/span><span class=\"\" data-url=\"\" data-target=\"blank\" tabindex=\"0\" role=\"button\">STEROWNIKI BEZPRZEWODOWE<\/span><\/div><div class=\"su-tabs-panes\"><div class=\"su-tabs-pane su-u-clearfix su-u-trim\" data-title=\"STEROWANIE\">\n<div class=\"su-document su-u-responsive-media-yes\"><iframe src=\"\/\/docs.google.com\/viewer?embedded=true&url=https:\/\/www.fabrykachlodu.pl\/sklep\/file\/2019\/11\/124_Klimatyzacja_MIDEA_sterowniki-przewodowe.pdf\" width=\"600\" height=\"400\" class=\"su-document\" title=\"\"><\/iframe><\/div>\n<\/div>\n<div class=\"su-tabs-pane su-u-clearfix su-u-trim\" data-title=\"STEROWNIKI BEZPRZEWODOWE\">\n<div class=\"su-document su-u-responsive-media-yes\"><iframe src=\"\/\/docs.google.com\/viewer?embedded=true&url=https:\/\/www.fabrykachlodu.pl\/sklep\/file\/2019\/11\/125_Klimatyzacja_MIDEA_sterowniki-przewodowe.pdf\" width=\"600\" height=\"400\" class=\"su-document\" title=\"\"><\/iframe><\/div>\n<\/div><\/div><\/div>\n<p>Dokumenty si\u0119 nie wy\u015bwietlaj\u0105? <input type=\"button\" value=\"Od\u015bwie\u017c stron\u0119\" onclick=\"location.reload();\"><\/p>\n","protected":false},"excerpt":{"rendered":"<p><span style=\"color: #000000;\"><strong>Najwa\u017cniejsze zalety:<\/strong><\/span>[dt_list style=\"1\" bullet_position=\"middle\" dividers=\"true\"][dt_list_item image=\"\"]7 pr\u0119dko\u015bci wentylatora[\/dt_list_item][dt_list_item image=\"\"]Programator tygodniowy[\/dt_list_item][dt_list_item image=\"\"]2 poziomy uprawnie\u0144[\/dt_list_item][dt_list_item image=\"\"]Czas letni[\/dt_list_item][\/dt_list]<\/p>\n","protected":false},"featured_media":49974,"template":"","meta":[],"product_cat":[814,2165,189],"product_tag":[5222,5223,5224,5203,5214],"yoast_head":"<!-- This site is optimized with the Yoast SEO plugin v22.1 - https:\/\/yoast.com\/wordpress\/plugins\/seo\/ -->\n<title>\u00b0FC Sterownik przewodowy Klimatyzator Midea Sterownik WDC-120G\/WK<\/title>\n<meta name=\"description\" content=\"Sterownik przewodowy Klimatyzator Midea Sterownik WDC-120G\/WK\" \/>\n<meta name=\"robots\" content=\"index, follow, max-snippet:-1, max-image-preview:large, max-video-preview:-1\" \/>\n<link rel=\"canonical\" href=\"https:\/\/www.fabrykachlodu.pl\/sklep\/produkt\/sterownik-przewodowy-klimatyzator-midea-sterownik-wdc-120g-wk\/\" \/>\n<meta name=\"twitter:label1\" content=\"Szacowany czas czytania\" \/>\n\t<meta name=\"twitter:data1\" content=\"1 minuta\" \/>\n<script type=\"application\/ld+json\" class=\"yoast-schema-graph\">{\"@context\":\"https:\/\/schema.org\",\"@graph\":[{\"@type\":\"WebPage\",\"@id\":\"https:\/\/www.fabrykachlodu.pl\/sklep\/produkt\/sterownik-przewodowy-klimatyzator-midea-sterownik-wdc-120g-wk\/\",\"url\":\"https:\/\/www.fabrykachlodu.pl\/sklep\/produkt\/sterownik-przewodowy-klimatyzator-midea-sterownik-wdc-120g-wk\/\",\"name\":\"\u00b0FC Sterownik przewodowy Klimatyzator Midea Sterownik WDC-120G\/WK\",\"isPartOf\":{\"@id\":\"https:\/\/www.fabrykachlodu.pl\/sklep\/#website\"},\"datePublished\":\"2019-12-06T11:18:00+00:00\",\"dateModified\":\"2022-05-23T12:39:57+00:00\",\"description\":\"Sterownik przewodowy Klimatyzator Midea Sterownik WDC-120G\/WK\",\"breadcrumb\":{\"@id\":\"https:\/\/www.fabrykachlodu.pl\/sklep\/produkt\/sterownik-przewodowy-klimatyzator-midea-sterownik-wdc-120g-wk\/#breadcrumb\"},\"inLanguage\":\"pl-PL\",\"potentialAction\":[{\"@type\":\"ReadAction\",\"target\":[\"https:\/\/www.fabrykachlodu.pl\/sklep\/produkt\/sterownik-przewodowy-klimatyzator-midea-sterownik-wdc-120g-wk\/\"]}]},{\"@type\":\"BreadcrumbList\",\"@id\":\"https:\/\/www.fabrykachlodu.pl\/sklep\/produkt\/sterownik-przewodowy-klimatyzator-midea-sterownik-wdc-120g-wk\/#breadcrumb\",\"itemListElement\":[{\"@type\":\"ListItem\",\"position\":1,\"name\":\"Strona g\u0142\u00f3wna\",\"item\":\"https:\/\/www.fabrykachlodu.pl\/sklep\/\"},{\"@type\":\"ListItem\",\"position\":2,\"name\":\"Szukasz klimatzyacji biurowej sklepowej lub do mieszkania?\",\"item\":\"https:\/\/www.fabrykachlodu.pl\/sklep\/\"},{\"@type\":\"ListItem\",\"position\":3,\"name\":\"MIDEA\",\"item\":\"https:\/\/www.fabrykachlodu.pl\/sklep\/product-category\/midea\/\"},{\"@type\":\"ListItem\",\"position\":4,\"name\":\"Akcesoria\",\"item\":\"https:\/\/www.fabrykachlodu.pl\/sklep\/product-category\/midea\/akcesoria-midea\/\"},{\"@type\":\"ListItem\",\"position\":5,\"name\":\"Sterowanie\",\"item\":\"https:\/\/www.fabrykachlodu.pl\/sklep\/product-category\/midea\/akcesoria-midea\/sterowanie-akcesoria-midea\/\"},{\"@type\":\"ListItem\",\"position\":6,\"name\":\"\u00b0FC Sterownik przewodowy Klimatyzator Midea Sterownik WDC-120G\/WK\"}]},{\"@type\":\"WebSite\",\"@id\":\"https:\/\/www.fabrykachlodu.pl\/sklep\/#website\",\"url\":\"https:\/\/www.fabrykachlodu.pl\/sklep\/\",\"name\":\"\u00b0FC Sklep Internetowy monta\u017c klimatyzacji pomp ciep\u0142a\",\"description\":\"\u00b0FC monta\u017c klimatyzacji pomp ciep\u0142a z nami to szybki i tani wyb\u00f3r.  Us\u0142ugi monta\u017cowe i serwisowe W Warszawie i okolicach..\",\"potentialAction\":[{\"@type\":\"SearchAction\",\"target\":{\"@type\":\"EntryPoint\",\"urlTemplate\":\"https:\/\/www.fabrykachlodu.pl\/sklep\/?s={search_term_string}\"},\"query-input\":\"required name=search_term_string\"}],\"inLanguage\":\"pl-PL\"}]}<\/script>\n<!-- \/ Yoast SEO plugin. -->","yoast_head_json":{"title":"\u00b0FC Sterownik przewodowy Klimatyzator Midea Sterownik WDC-120G\/WK","description":"Sterownik przewodowy Klimatyzator Midea Sterownik WDC-120G\/WK","robots":{"index":"index","follow":"follow","max-snippet":"max-snippet:-1","max-image-preview":"max-image-preview:large","max-video-preview":"max-video-preview:-1"},"canonical":"https:\/\/www.fabrykachlodu.pl\/sklep\/produkt\/sterownik-przewodowy-klimatyzator-midea-sterownik-wdc-120g-wk\/","twitter_misc":{"Szacowany czas czytania":"1 minuta"},"schema":{"@context":"https:\/\/schema.org","@graph":[{"@type":"WebPage","@id":"https:\/\/www.fabrykachlodu.pl\/sklep\/produkt\/sterownik-przewodowy-klimatyzator-midea-sterownik-wdc-120g-wk\/","url":"https:\/\/www.fabrykachlodu.pl\/sklep\/produkt\/sterownik-przewodowy-klimatyzator-midea-sterownik-wdc-120g-wk\/","name":"\u00b0FC Sterownik przewodowy Klimatyzator Midea Sterownik WDC-120G\/WK","isPartOf":{"@id":"https:\/\/www.fabrykachlodu.pl\/sklep\/#website"},"datePublished":"2019-12-06T11:18:00+00:00","dateModified":"2022-05-23T12:39:57+00:00","description":"Sterownik przewodowy Klimatyzator Midea Sterownik WDC-120G\/WK","breadcrumb":{"@id":"https:\/\/www.fabrykachlodu.pl\/sklep\/produkt\/sterownik-przewodowy-klimatyzator-midea-sterownik-wdc-120g-wk\/#breadcrumb"},"inLanguage":"pl-PL","potentialAction":[{"@type":"ReadAction","target":["https:\/\/www.fabrykachlodu.pl\/sklep\/produkt\/sterownik-przewodowy-klimatyzator-midea-sterownik-wdc-120g-wk\/"]}]},{"@type":"BreadcrumbList","@id":"https:\/\/www.fabrykachlodu.pl\/sklep\/produkt\/sterownik-przewodowy-klimatyzator-midea-sterownik-wdc-120g-wk\/#breadcrumb","itemListElement":[{"@type":"ListItem","position":1,"name":"Strona g\u0142\u00f3wna","item":"https:\/\/www.fabrykachlodu.pl\/sklep\/"},{"@type":"ListItem","position":2,"name":"Szukasz klimatzyacji biurowej sklepowej lub do mieszkania?","item":"https:\/\/www.fabrykachlodu.pl\/sklep\/"},{"@type":"ListItem","position":3,"name":"MIDEA","item":"https:\/\/www.fabrykachlodu.pl\/sklep\/product-category\/midea\/"},{"@type":"ListItem","position":4,"name":"Akcesoria","item":"https:\/\/www.fabrykachlodu.pl\/sklep\/product-category\/midea\/akcesoria-midea\/"},{"@type":"ListItem","position":5,"name":"Sterowanie","item":"https:\/\/www.fabrykachlodu.pl\/sklep\/product-category\/midea\/akcesoria-midea\/sterowanie-akcesoria-midea\/"},{"@type":"ListItem","position":6,"name":"\u00b0FC Sterownik przewodowy Klimatyzator Midea Sterownik WDC-120G\/WK"}]},{"@type":"WebSite","@id":"https:\/\/www.fabrykachlodu.pl\/sklep\/#website","url":"https:\/\/www.fabrykachlodu.pl\/sklep\/","name":"\u00b0FC Sklep Internetowy monta\u017c klimatyzacji pomp ciep\u0142a","description":"\u00b0FC monta\u017c klimatyzacji pomp ciep\u0142a z nami to szybki i tani wyb\u00f3r.  Us\u0142ugi monta\u017cowe i serwisowe W Warszawie i okolicach..","potentialAction":[{"@type":"SearchAction","target":{"@type":"EntryPoint","urlTemplate":"https:\/\/www.fabrykachlodu.pl\/sklep\/?s={search_term_string}"},"query-input":"required name=search_term_string"}],"inLanguage":"pl-PL"}]}},"_links":{"self":[{"href":"https:\/\/www.fabrykachlodu.pl\/sklep\/wp-json\/wp\/v2\/product\/48049"}],"collection":[{"href":"https:\/\/www.fabrykachlodu.pl\/sklep\/wp-json\/wp\/v2\/product"}],"about":[{"href":"https:\/\/www.fabrykachlodu.pl\/sklep\/wp-json\/wp\/v2\/types\/product"}],"wp:featuredmedia":[{"embeddable":true,"href":"https:\/\/www.fabrykachlodu.pl\/sklep\/wp-json\/wp\/v2\/media\/49974"}],"wp:attachment":[{"href":"https:\/\/www.fabrykachlodu.pl\/sklep\/wp-json\/wp\/v2\/media?parent=48049"}],"wp:term":[{"taxonomy":"product_cat","embeddable":true,"href":"https:\/\/www.fabrykachlodu.pl\/sklep\/wp-json\/wp\/v2\/product_cat?post=48049"},{"taxonomy":"product_tag","embeddable":true,"href":"https:\/\/www.fabrykachlodu.pl\/sklep\/wp-json\/wp\/v2\/product_tag?post=48049"}],"curies":[{"name":"wp","href":"https:\/\/api.w.org\/{rel}","templated":true}]}}