{"id":48112,"date":"2019-12-06T12:18:22","date_gmt":"2019-12-06T11:18:22","guid":{"rendered":"http:\/\/www.fabrykachlodu.pl\/sklep\/produkt\/import-placeholder-for-kmtir-27n1-a1\/"},"modified":"2022-05-23T14:39:18","modified_gmt":"2022-05-23T12:39:18","slug":"klimatzator-midea-zestaw-tech-nascienny-zestaw-kmtir-27n1-a1-9-pomieszczen-90m2-wydajnosc-chlodzenia-kw-9","status":"publish","type":"product","link":"https:\/\/www.fabrykachlodu.pl\/sklep\/produkt\/klimatzator-midea-zestaw-tech-nascienny-zestaw-kmtir-27n1-a1-9-pomieszczen-90m2-wydajnosc-chlodzenia-kw-9\/","title":{"rendered":"\u00b0FC Klimatzator Midea Zestaw tech na\u015bcienny Zestaw KMTIR-27N1-A1 9 pomieszcze\u0144 90m2  Wydajno\u015b\u0107 ch\u0142odzenia kW 9"},"content":{"rendered":"<p>Zam\u00f3wienie dotyczy Klimatzator Midea Zestaw tech na\u015bcienny Zestaw KMTIR-27N1-A1 9 pomieszcze\u0144 90m2  Wydajno\u015b\u0107 ch\u0142odzenia kW 9 <\/p>\n<p><strong>W jednym miejscu poznasz:<\/strong><br \/>\nInformacje odno\u015bnie klimatyzacji na\u015bciennej MIDEA<br \/>\nPoznasz najwa\u017cniejsze funkcje<br \/>\nPor\u00f3wnasz produkty<br \/>\nPoznasz parametry techniczne<br \/>\nPoznasz cen\u0119 i zrealizujesz zam\u00f3wienie<\/p>\n<p><strong>Zamawiaj\u0105c produkt u nas:<\/strong><br \/>\nOtrzymasz produkt<br \/>\nJednostk\u0119 wewn\u0119trzna<br \/>\nJednostk\u0119 zewn\u0119trzna<br \/>\nSterowanie<\/p>\n<p><strong>Zlecaj\u0105c nam monta\u017c w Warszawie i woj. mazowieckim otrzymasz:<\/strong><br \/>\nRabat na produkty MIDEA<br \/>\nKompletne pod\u0142\u0105czenie elektryczne oraz hydrauliczne<br \/>\nGwarancje<br \/>\nSerwis.<br \/> Obci\u0105\u017cenie cieplne pomieszczenia technicznego zwi\u0105zane z prac\u0105 system\u00f3w informatycznych. Czerpi\u0105c korzy\u015bci z zastosowania spr\u0119\u017carki sterowanej inwerterem pr\u0105du sta\u0142ego, system mo\u017ce osi\u0105gn\u0105\u0107 pe\u0142ne obci\u0105\u017cenie w kr\u00f3tkim czasie i skr\u00f3ci\u0107 tym samym czas sch\u0142adzania, dla zapewnienia natychmiastowego komfortu. Mniejsze wahania temperatury zapewniaj\u0105 poprawn\u0105 prac\u0119 i wyd\u0142u\u017caj\u0105 \u017cywotno\u015b\u0107 ch\u0142odzonych urz\u0105dze\u0144 elektronicznych.<\/p>\n<p>D\u0142ugo\u015b\u0107 orurowania: D\u0142ugo\u015b\u0107 po\u0142\u0105czonych rur to 7,5m, r\u00f3\u017cnica poziomu wynosi 0. Urz\u0105dzenie zawiera fluorowane gazy cieplarniane R410A<br \/>\nDla poprawnej pracy jednostek zewn\u0119trznych w trybie pompy ciep\u0142a, konieczne jest zastosowanie grza\u0142ki tacy ociekowej lub zapewnienie swobodnego odp\u0142ywu kondensatu w inny spos\u00f3b.<\/p>\n<p>Midea do pomieszcze\u0144 technicznych dedykuje urz\u0105dzenia zapewniaj\u0105ce stabiln\u0105 prac\u0119 w ekstremalnych temperaturach powietrza zewn\u0119trznego od -15\u02daC do +43\u02daC.<\/p>\n<div class=\"su-service\"><div class=\"su-service-title\" style=\"padding-left:52px;min-height:38px;line-height:38px\"><i class=\"sui sui-check-circle\" style=\"font-size:38px;color:#22a0ed\"><\/i> Wskaz\u00f3wka naszego eksperta<\/div><div class=\"su-service-content su-u-clearfix su-u-trim\" style=\"padding-left:52px\">Celem zapewnienia bezpiecze\u0144stwa i ci\u0105g\u0142o\u015bci pracy pomieszcze\u0144 technicznych w ofercie znajduje si\u0119 dedykowany sterownik (M-Techcontrol) nadzoruj\u0105cy prac\u0119 kilku urz\u0105dze\u0144. Obci\u0105\u017cenie cieplne pomieszcze\u0144 technicznych \u015bci\u015ble zwi\u0105zane jest ze zmienno\u015bci\u0105 obci\u0105\u017cenia pracy system\u00f3w informatycznych.<\/div><\/div>\n<p>Pomieszczenia techniczne typu w\u0119z\u0142y \u0142\u0105czno\u015bci cz\u0119sto znajduj\u0105 si\u0119 w miejscach o ma\u0142ej powierzchni, z ograniczonym potencja\u0142em monta\u017cu klimatyzacji. Rozwi\u0105zaniem dla tego typu pomieszcze\u0144 jest zainstalowanie urz\u0105dzenia typu split model \u015bcienny, kt\u00f3ry charakteryzuje si\u0119 ma\u0142\u0105 powierzchni\u0105 monta\u017cu, d\u0142ugimi instalacjami ch\u0142odniczymi i przygotowaniem do pracy w rotacji, kaskadzie i back up.<\/p>\n<p>PARAMETRY TECHNICZNE<\/p>\n<div class=\"su-tabs su-tabs-style-default su-tabs-mobile-stack\" data-active=\"1\" data-scroll-offset=\"0\" data-anchor-in-url=\"no\"><div class=\"su-tabs-nav\"><span class=\"\" data-url=\"\" data-target=\"blank\" tabindex=\"0\" role=\"button\">MIDEA TECH<\/span><span class=\"\" data-url=\"\" data-target=\"blank\" tabindex=\"0\" role=\"button\">UNIKATOWE CECHY<\/span><span class=\"\" data-url=\"\" data-target=\"blank\" tabindex=\"0\" role=\"button\">SZYBKIE SCH\u0141ADZANIE<\/span><span class=\"\" data-url=\"\" data-target=\"blank\" tabindex=\"0\" role=\"button\">URZ\u0104DZENIA \u015aCIENNE<\/span><span class=\"\" data-url=\"\" data-target=\"blank\" tabindex=\"0\" role=\"button\">RZ\u0104DZENIA \u015aCIENNE DANE TECHNICZNE<\/span><span class=\"\" data-url=\"\" data-target=\"blank\" tabindex=\"0\" role=\"button\">URZ\u0104DZENIA KANA\u0141OWE<\/span><span class=\"\" data-url=\"\" data-target=\"blank\" tabindex=\"0\" role=\"button\">URZ\u0104DZENIA KANA\u0141OWE DANE TECHNICZNE<\/span><span class=\"\" data-url=\"\" data-target=\"blank\" tabindex=\"0\" role=\"button\">URZ\u0104DZENIA PODSTROPOWO-PRZYPOD\u0141OGOWE<\/span><span class=\"\" data-url=\"\" data-target=\"blank\" tabindex=\"0\" role=\"button\">URZ\u0104DZENIA PODSTROPOWO-PRZYPOD\u0141OGOWE DANE TECHNICZNE<\/span><span class=\"\" data-url=\"\" data-target=\"blank\" tabindex=\"0\" role=\"button\">URZ\u0104DZENIA KASETONOWE<\/span><span class=\"\" data-url=\"\" data-target=\"blank\" tabindex=\"0\" role=\"button\">URZ\u0104DZENIA KASETONOWE DANE TECHNICZNE<\/span><\/div><div class=\"su-tabs-panes\"><div class=\"su-tabs-pane su-u-clearfix su-u-trim\" data-title=\"MIDEA TECH\">\n<div class=\"su-document su-u-responsive-media-yes\"><iframe src=\"\/\/docs.google.com\/viewer?embedded=true&url=https:\/\/www.fabrykachlodu.pl\/sklep\/file\/2019\/11\/109_Klimatyzacja_MIDEA_techn.serwerownia.klimatyzator.pdf\" width=\"600\" height=\"400\" class=\"su-document\" title=\"\"><\/iframe><\/div>\n<\/div>\n<div class=\"su-tabs-pane su-u-clearfix su-u-trim\" data-title=\"UNIKATOWE CECHY\">\n<div class=\"su-document su-u-responsive-media-yes\"><iframe src=\"\/\/docs.google.com\/viewer?embedded=true&url=https:\/\/www.fabrykachlodu.pl\/sklep\/file\/2019\/11\/110_Klimatyzacja_MIDEA_techn.serwerownia.klimatyzator_FC.pdf\" width=\"600\" height=\"400\" class=\"su-document\" title=\"\"><\/iframe><\/div>\n<\/div>\n<div class=\"su-tabs-pane su-u-clearfix su-u-trim\" data-title=\"SZYBKIE SCH\u0141ADZANIE\">\n<div class=\"su-document su-u-responsive-media-yes\"><iframe src=\"\/\/docs.google.com\/viewer?embedded=true&url=https:\/\/www.fabrykachlodu.pl\/sklep\/file\/2019\/11\/111_Klimatyzacja_MIDEA_techn.serwerownia.klimatyzator.cechy_.pdf\" width=\"600\" height=\"400\" class=\"su-document\" title=\"\"><\/iframe><\/div>\n<\/div>\n<div class=\"su-tabs-pane su-u-clearfix su-u-trim\" data-title=\"URZ\u0104DZENIA \u015aCIENNE\">\n<div class=\"su-document su-u-responsive-media-yes\"><iframe src=\"\/\/docs.google.com\/viewer?embedded=true&url=https:\/\/www.fabrykachlodu.pl\/sklep\/file\/2019\/11\/112_Klimatyzacja_MIDEA_do_techn.serwerownia.klimatyzator.sicenne.pdf\" width=\"600\" height=\"400\" class=\"su-document\" title=\"\"><\/iframe><\/div>\n<\/div>\n<div class=\"su-tabs-pane su-u-clearfix su-u-trim\" data-title=\"RZ\u0104DZENIA \u015aCIENNE DANE TECHNICZNE\">\n<div class=\"su-document su-u-responsive-media-yes\"><iframe src=\"\/\/docs.google.com\/viewer?embedded=true&url=https:\/\/www.fabrykachlodu.pl\/sklep\/file\/2019\/11\/113_Klimatyzacja_MIDEA_do_serwerowni.tech_.dane-tech-tech-sciennie.pdf\" width=\"600\" height=\"400\" class=\"su-document\" title=\"\"><\/iframe><\/div>\n<\/div>\n<div class=\"su-tabs-pane su-u-clearfix su-u-trim\" data-title=\"URZ\u0104DZENIA KANA\u0141OWE\">\n<div class=\"su-document su-u-responsive-media-yes\"><iframe src=\"\/\/docs.google.com\/viewer?embedded=true&url=https:\/\/www.fabrykachlodu.pl\/sklep\/file\/2019\/11\/114_Klimatyzacja_MIDEA_do_serwerowni.kanalowe.cechy_.pdf\" width=\"600\" height=\"400\" class=\"su-document\" title=\"\"><\/iframe><\/div>\n<\/div>\n<div class=\"su-tabs-pane su-u-clearfix su-u-trim\" data-title=\"URZ\u0104DZENIA KANA\u0141OWE DANE TECHNICZNE\">\n<div class=\"su-document su-u-responsive-media-yes\"><iframe src=\"\/\/docs.google.com\/viewer?embedded=true&url=https:\/\/www.fabrykachlodu.pl\/sklep\/file\/2019\/11\/115_Klimatyzacja_MIDEA_do_serwerowni.dane_.techniczne.tech_.pdf\" width=\"600\" height=\"400\" class=\"su-document\" title=\"\"><\/iframe><\/div>\n<\/div>\n<div class=\"su-tabs-pane su-u-clearfix su-u-trim\" data-title=\"URZ\u0104DZENIA PODSTROPOWO-PRZYPOD\u0141OGOWE\">\n<div class=\"su-document su-u-responsive-media-yes\"><iframe src=\"\/\/docs.google.com\/viewer?embedded=true&url=https:\/\/www.fabrykachlodu.pl\/sklep\/file\/2019\/11\/116_Klimatyzacja_MIDEA_do_serwerowni.podstropowo-przypodlogowe-tech.cechy_.pdf\" width=\"600\" height=\"400\" class=\"su-document\" title=\"\"><\/iframe><\/div>\n<\/div>\n<div class=\"su-tabs-pane su-u-clearfix su-u-trim\" data-title=\"URZ\u0104DZENIA PODSTROPOWO-PRZYPOD\u0141OGOWE DANE TECHNICZNE\">\n<div class=\"su-document su-u-responsive-media-yes\"><iframe src=\"\/\/docs.google.com\/viewer?embedded=true&url=https:\/\/www.fabrykachlodu.pl\/sklep\/file\/2019\/11\/117_Klimatyzacja_MIDEA_do_serwerowni.dane_.techiczne.pdf\" width=\"600\" height=\"400\" class=\"su-document\" title=\"\"><\/iframe><\/div>\n<\/div>\n<div class=\"su-tabs-pane su-u-clearfix su-u-trim\" data-title=\"URZ\u0104DZENIA KASETONOWE\">\n<div class=\"su-document su-u-responsive-media-yes\"><iframe src=\"\/\/docs.google.com\/viewer?embedded=true&url=https:\/\/www.fabrykachlodu.pl\/sklep\/file\/2019\/11\/118_Klimatyzacja_MIDEA_do_domu_kasetonowe_cechy.pdf\" width=\"600\" height=\"400\" class=\"su-document\" title=\"\"><\/iframe><\/div>\n<\/div>\n<div class=\"su-tabs-pane su-u-clearfix su-u-trim\" data-title=\"URZ\u0104DZENIA KASETONOWE DANE TECHNICZNE\">\n<div class=\"su-document su-u-responsive-media-yes\"><iframe src=\"\/\/docs.google.com\/viewer?embedded=true&url=https:\/\/www.fabrykachlodu.pl\/sklep\/file\/2019\/11\/119_Klimatyzacja_MIDEA_do_serwerowni_dane-tech-podstropowo-przypodlogowe.pdf\" width=\"600\" height=\"400\" class=\"su-document\" title=\"\"><\/iframe><\/div>\n<\/div><\/div><\/div>\n<p>Dokumenty si\u0119 nie wy\u015bwietlaj\u0105? <input type=\"button\" value=\"Od\u015bwie\u017c stron\u0119\" onclick=\"location.reload();\"><\/p>\n","protected":false},"excerpt":{"rendered":"<p><span style=\"color: #000000;\"><strong>Najwa\u017cniejsze zalety:<\/strong><\/span><br \/>\n[dt_list style=\"1\" bullet_position=\"middle\" dividers=\"true\"][dt_list_item image=\"\"]Ma\u0142a powierzchnia monta\u017cu[\/dt_list_item][dt_list_item image=\"\"]Idealne do w\u0119z\u0142\u00f3w komunikacyjnych, serwerowni; pracuj\u0105c w rotacji, kaskadzie i back up[\/dt_list_item][dt_list_item image=\"\"]D\u0142ugie instalacje ch\u0142odnicze[\/dt_list_item][dt_list_item image=\"\"]Sterowanie centralne, przewodowe, bezprzerwowe, WiFi[\/dt_list_item][\/dt_list]<\/p>\n","protected":false},"featured_media":50029,"template":"","meta":[],"product_cat":[814,2153,189],"product_tag":[1500,3029,5194],"yoast_head":"<!-- This site is optimized with the Yoast SEO plugin v22.1 - https:\/\/yoast.com\/wordpress\/plugins\/seo\/ -->\n<title>\u00b0FC Klimatzator Midea Zestaw tech na\u015bcienny Zestaw KMTIR-27N1-A1 9 pomieszcze\u0144 90m2 Wydajno\u015b\u0107 ch\u0142odzenia kW 9<\/title>\n<meta name=\"description\" content=\"Klimatzator Midea Zestaw tech na\u015bcienny Zestaw KMTIR-27N1-A1 9 pomieszcze\u0144 90m2 Wydajno\u015b\u0107 ch\u0142odzenia kW 9\" \/>\n<meta name=\"robots\" content=\"index, follow, max-snippet:-1, max-image-preview:large, max-video-preview:-1\" \/>\n<link rel=\"canonical\" href=\"https:\/\/www.fabrykachlodu.pl\/sklep\/produkt\/klimatzator-midea-zestaw-tech-nascienny-zestaw-kmtir-27n1-a1-9-pomieszczen-90m2-wydajnosc-chlodzenia-kw-9\/\" \/>\n<meta name=\"twitter:label1\" content=\"Szacowany czas czytania\" \/>\n\t<meta name=\"twitter:data1\" content=\"4 minuty\" \/>\n<script type=\"application\/ld+json\" class=\"yoast-schema-graph\">{\"@context\":\"https:\/\/schema.org\",\"@graph\":[{\"@type\":\"WebPage\",\"@id\":\"https:\/\/www.fabrykachlodu.pl\/sklep\/produkt\/klimatzator-midea-zestaw-tech-nascienny-zestaw-kmtir-27n1-a1-9-pomieszczen-90m2-wydajnosc-chlodzenia-kw-9\/\",\"url\":\"https:\/\/www.fabrykachlodu.pl\/sklep\/produkt\/klimatzator-midea-zestaw-tech-nascienny-zestaw-kmtir-27n1-a1-9-pomieszczen-90m2-wydajnosc-chlodzenia-kw-9\/\",\"name\":\"\u00b0FC Klimatzator Midea Zestaw tech na\u015bcienny Zestaw KMTIR-27N1-A1 9 pomieszcze\u0144 90m2 Wydajno\u015b\u0107 ch\u0142odzenia kW 9\",\"isPartOf\":{\"@id\":\"https:\/\/www.fabrykachlodu.pl\/sklep\/#website\"},\"datePublished\":\"2019-12-06T11:18:22+00:00\",\"dateModified\":\"2022-05-23T12:39:18+00:00\",\"description\":\"Klimatzator Midea Zestaw tech na\u015bcienny Zestaw KMTIR-27N1-A1 9 pomieszcze\u0144 90m2 Wydajno\u015b\u0107 ch\u0142odzenia kW 9\",\"breadcrumb\":{\"@id\":\"https:\/\/www.fabrykachlodu.pl\/sklep\/produkt\/klimatzator-midea-zestaw-tech-nascienny-zestaw-kmtir-27n1-a1-9-pomieszczen-90m2-wydajnosc-chlodzenia-kw-9\/#breadcrumb\"},\"inLanguage\":\"pl-PL\",\"potentialAction\":[{\"@type\":\"ReadAction\",\"target\":[\"https:\/\/www.fabrykachlodu.pl\/sklep\/produkt\/klimatzator-midea-zestaw-tech-nascienny-zestaw-kmtir-27n1-a1-9-pomieszczen-90m2-wydajnosc-chlodzenia-kw-9\/\"]}]},{\"@type\":\"BreadcrumbList\",\"@id\":\"https:\/\/www.fabrykachlodu.pl\/sklep\/produkt\/klimatzator-midea-zestaw-tech-nascienny-zestaw-kmtir-27n1-a1-9-pomieszczen-90m2-wydajnosc-chlodzenia-kw-9\/#breadcrumb\",\"itemListElement\":[{\"@type\":\"ListItem\",\"position\":1,\"name\":\"Strona g\u0142\u00f3wna\",\"item\":\"https:\/\/www.fabrykachlodu.pl\/sklep\/\"},{\"@type\":\"ListItem\",\"position\":2,\"name\":\"Szukasz klimatzyacji biurowej sklepowej lub do mieszkania?\",\"item\":\"https:\/\/www.fabrykachlodu.pl\/sklep\/\"},{\"@type\":\"ListItem\",\"position\":3,\"name\":\"MIDEA\",\"item\":\"https:\/\/www.fabrykachlodu.pl\/sklep\/product-category\/midea\/\"},{\"@type\":\"ListItem\",\"position\":4,\"name\":\"Na\u015bcienny\",\"item\":\"https:\/\/www.fabrykachlodu.pl\/sklep\/product-category\/midea\/nascienny-midea\/\"},{\"@type\":\"ListItem\",\"position\":5,\"name\":\"\u00b0FC Klimatzator Midea Zestaw tech na\u015bcienny Zestaw KMTIR-27N1-A1 9 pomieszcze\u0144 90m2 Wydajno\u015b\u0107 ch\u0142odzenia kW 9\"}]},{\"@type\":\"WebSite\",\"@id\":\"https:\/\/www.fabrykachlodu.pl\/sklep\/#website\",\"url\":\"https:\/\/www.fabrykachlodu.pl\/sklep\/\",\"name\":\"\u00b0FC Sklep Internetowy monta\u017c klimatyzacji pomp ciep\u0142a\",\"description\":\"\u00b0FC monta\u017c klimatyzacji pomp ciep\u0142a z nami to szybki i tani wyb\u00f3r.  Us\u0142ugi monta\u017cowe i serwisowe W Warszawie i okolicach..\",\"potentialAction\":[{\"@type\":\"SearchAction\",\"target\":{\"@type\":\"EntryPoint\",\"urlTemplate\":\"https:\/\/www.fabrykachlodu.pl\/sklep\/?s={search_term_string}\"},\"query-input\":\"required name=search_term_string\"}],\"inLanguage\":\"pl-PL\"}]}<\/script>\n<!-- \/ Yoast SEO plugin. -->","yoast_head_json":{"title":"\u00b0FC Klimatzator Midea Zestaw tech na\u015bcienny Zestaw KMTIR-27N1-A1 9 pomieszcze\u0144 90m2 Wydajno\u015b\u0107 ch\u0142odzenia kW 9","description":"Klimatzator Midea Zestaw tech na\u015bcienny Zestaw KMTIR-27N1-A1 9 pomieszcze\u0144 90m2 Wydajno\u015b\u0107 ch\u0142odzenia kW 9","robots":{"index":"index","follow":"follow","max-snippet":"max-snippet:-1","max-image-preview":"max-image-preview:large","max-video-preview":"max-video-preview:-1"},"canonical":"https:\/\/www.fabrykachlodu.pl\/sklep\/produkt\/klimatzator-midea-zestaw-tech-nascienny-zestaw-kmtir-27n1-a1-9-pomieszczen-90m2-wydajnosc-chlodzenia-kw-9\/","twitter_misc":{"Szacowany czas czytania":"4 minuty"},"schema":{"@context":"https:\/\/schema.org","@graph":[{"@type":"WebPage","@id":"https:\/\/www.fabrykachlodu.pl\/sklep\/produkt\/klimatzator-midea-zestaw-tech-nascienny-zestaw-kmtir-27n1-a1-9-pomieszczen-90m2-wydajnosc-chlodzenia-kw-9\/","url":"https:\/\/www.fabrykachlodu.pl\/sklep\/produkt\/klimatzator-midea-zestaw-tech-nascienny-zestaw-kmtir-27n1-a1-9-pomieszczen-90m2-wydajnosc-chlodzenia-kw-9\/","name":"\u00b0FC Klimatzator Midea Zestaw tech na\u015bcienny Zestaw KMTIR-27N1-A1 9 pomieszcze\u0144 90m2 Wydajno\u015b\u0107 ch\u0142odzenia kW 9","isPartOf":{"@id":"https:\/\/www.fabrykachlodu.pl\/sklep\/#website"},"datePublished":"2019-12-06T11:18:22+00:00","dateModified":"2022-05-23T12:39:18+00:00","description":"Klimatzator Midea Zestaw tech na\u015bcienny Zestaw KMTIR-27N1-A1 9 pomieszcze\u0144 90m2 Wydajno\u015b\u0107 ch\u0142odzenia kW 9","breadcrumb":{"@id":"https:\/\/www.fabrykachlodu.pl\/sklep\/produkt\/klimatzator-midea-zestaw-tech-nascienny-zestaw-kmtir-27n1-a1-9-pomieszczen-90m2-wydajnosc-chlodzenia-kw-9\/#breadcrumb"},"inLanguage":"pl-PL","potentialAction":[{"@type":"ReadAction","target":["https:\/\/www.fabrykachlodu.pl\/sklep\/produkt\/klimatzator-midea-zestaw-tech-nascienny-zestaw-kmtir-27n1-a1-9-pomieszczen-90m2-wydajnosc-chlodzenia-kw-9\/"]}]},{"@type":"BreadcrumbList","@id":"https:\/\/www.fabrykachlodu.pl\/sklep\/produkt\/klimatzator-midea-zestaw-tech-nascienny-zestaw-kmtir-27n1-a1-9-pomieszczen-90m2-wydajnosc-chlodzenia-kw-9\/#breadcrumb","itemListElement":[{"@type":"ListItem","position":1,"name":"Strona g\u0142\u00f3wna","item":"https:\/\/www.fabrykachlodu.pl\/sklep\/"},{"@type":"ListItem","position":2,"name":"Szukasz klimatzyacji biurowej sklepowej lub do mieszkania?","item":"https:\/\/www.fabrykachlodu.pl\/sklep\/"},{"@type":"ListItem","position":3,"name":"MIDEA","item":"https:\/\/www.fabrykachlodu.pl\/sklep\/product-category\/midea\/"},{"@type":"ListItem","position":4,"name":"Na\u015bcienny","item":"https:\/\/www.fabrykachlodu.pl\/sklep\/product-category\/midea\/nascienny-midea\/"},{"@type":"ListItem","position":5,"name":"\u00b0FC Klimatzator Midea Zestaw tech na\u015bcienny Zestaw KMTIR-27N1-A1 9 pomieszcze\u0144 90m2 Wydajno\u015b\u0107 ch\u0142odzenia kW 9"}]},{"@type":"WebSite","@id":"https:\/\/www.fabrykachlodu.pl\/sklep\/#website","url":"https:\/\/www.fabrykachlodu.pl\/sklep\/","name":"\u00b0FC Sklep Internetowy monta\u017c klimatyzacji pomp ciep\u0142a","description":"\u00b0FC monta\u017c klimatyzacji pomp ciep\u0142a z nami to szybki i tani wyb\u00f3r.  Us\u0142ugi monta\u017cowe i serwisowe W Warszawie i okolicach..","potentialAction":[{"@type":"SearchAction","target":{"@type":"EntryPoint","urlTemplate":"https:\/\/www.fabrykachlodu.pl\/sklep\/?s={search_term_string}"},"query-input":"required name=search_term_string"}],"inLanguage":"pl-PL"}]}},"_links":{"self":[{"href":"https:\/\/www.fabrykachlodu.pl\/sklep\/wp-json\/wp\/v2\/product\/48112"}],"collection":[{"href":"https:\/\/www.fabrykachlodu.pl\/sklep\/wp-json\/wp\/v2\/product"}],"about":[{"href":"https:\/\/www.fabrykachlodu.pl\/sklep\/wp-json\/wp\/v2\/types\/product"}],"wp:featuredmedia":[{"embeddable":true,"href":"https:\/\/www.fabrykachlodu.pl\/sklep\/wp-json\/wp\/v2\/media\/50029"}],"wp:attachment":[{"href":"https:\/\/www.fabrykachlodu.pl\/sklep\/wp-json\/wp\/v2\/media?parent=48112"}],"wp:term":[{"taxonomy":"product_cat","embeddable":true,"href":"https:\/\/www.fabrykachlodu.pl\/sklep\/wp-json\/wp\/v2\/product_cat?post=48112"},{"taxonomy":"product_tag","embeddable":true,"href":"https:\/\/www.fabrykachlodu.pl\/sklep\/wp-json\/wp\/v2\/product_tag?post=48112"}],"curies":[{"name":"wp","href":"https:\/\/api.w.org\/{rel}","templated":true}]}}