{"id":48202,"date":"2019-12-06T12:19:15","date_gmt":"2019-12-06T11:19:15","guid":{"rendered":"http:\/\/www.fabrykachlodu.pl\/sklep\/produkt\/import-placeholder-for-ccm180a\/"},"modified":"2023-01-13T09:15:32","modified_gmt":"2023-01-13T08:15:32","slug":"sterownik-centralny-klimatyzator-midea-sterownik-ccm180a","status":"publish","type":"product","link":"https:\/\/www.fabrykachlodu.pl\/sklep\/produkt\/sterownik-centralny-klimatyzator-midea-sterownik-ccm180a\/","title":{"rendered":"\u00b0FC Sterownik centralny Klimatyzator Midea Sterownik CCM180A"},"content":{"rendered":"<p>Zam\u00f3wienie dotyczy Sterownik centralny Klimatyzator Midea Sterownik CCM180A      <\/p>\n<p><strong>W jednym miejscu poznasz:<\/strong><br \/>\nInformacje odno\u015bnie klimatyzacji na\u015bciennej MIDEA<br \/>\nPoznasz najwa\u017cniejsze funkcje<br \/>\nPor\u00f3wnasz produkty<br \/>\nPoznasz parametry techniczne<br \/>\nPoznasz cen\u0119 i zrealizujesz zam\u00f3wienie<\/p>\n<p><strong>Zamawiaj\u0105c produkt u nas:<\/strong><br \/>\nOtrzymasz produkt<br \/>\nJednostk\u0119 wewn\u0119trzna<br \/>\nJednostk\u0119 zewn\u0119trzna<br \/>\nSterowanie<\/p>\n<p><strong>Zlecaj\u0105c nam monta\u017c w Warszawie i woj. mazowieckim otrzymasz:<\/strong><br \/>\nRabat na produkty MIDEA<br \/>\nKompletne pod\u0142\u0105czenie elektryczne oraz hydrauliczne<br \/>\nGwarancje<br \/>\nSerwis.<br \/> Sterownik wielofunkcyjny, kt\u00f3ry mo\u017ce kontrolowa\u0107 do 64 jednostek wewn\u0119trznych. D\u0142ugo\u015b\u0107 przewod\u00f3w komunikacji wynosi do 1200m. Bezpo\u015brednie pod\u0142\u0105czenie sterownika do nadrz\u0119dnej jednostki zewn\u0119trznej, co znacznie upraszcza instalacj\u0119 okablowania.<\/p>\n<p>U\u0142atwia zarz\u0105dzanie jednostkami wewn\u0119trznymi. Zale\u017cnie od potrzeb, u\u017cytkownik mo\u017ce zablokowa\u0107 dzia\u0142anie indywidualnych sterownik\u00f3w bezprzewodowych, trybu pracy (ch\u0142odzenie, grzanie) lub klawiatury sterownika.<\/p>\n<p>Wbudowany programator umo\u017cliwia ustawienie harmonogramu pracy w ci\u0105gu tygodnia. Ka\u017cdej jednostce wewn\u0119trznej mo\u017cna okre\u015bli\u0107 do 4 okres\u00f3w pracy dziennie, wybra\u0107 \u017c\u0105dany tryb pracy i temperatur\u0119 w pomieszczeniu.<\/p>\n<p>Funkcje g\u0142\u00f3wne:<br \/>\nMax. ilo\u015b\u0107 jednostek wewn\u0119trznych 64, Za\u0142\u0105cz\/Wy\u0142\u0105cz, Ustawienie trybu pracy, Pr\u0119dko\u015b\u0107 nawiewu, Ustawienia temperatury (co 0.5\u00b0C), Wachlowanie poziome, Ustawienia grupowe, Czyszczenie filtra (przypomnienie), Blokada klawiszy, Pod\u015bwietlenie,Aktualny czas, Kody b\u0142\u0119d\u00f3w, Adres, Timer, Programator dzienny, Programator tygodniowy, Awaryjne za\u0142\u0105czenie\/wy\u0142\u0105czenie<\/p>\n<p>PARAMETRY TECHNICZNE<\/p>\n<div class=\"su-tabs su-tabs-style-default su-tabs-mobile-stack\" data-active=\"1\" data-scroll-offset=\"0\" data-anchor-in-url=\"no\"><div class=\"su-tabs-nav\"><span class=\"\" data-url=\"\" data-target=\"blank\" tabindex=\"0\" role=\"button\">STEROWNIKI CENTRALNE<\/span><span class=\"\" data-url=\"\" data-target=\"blank\" tabindex=\"0\" role=\"button\">STEROWNIKI CENTRALNE<\/span><\/div><div class=\"su-tabs-panes\"><div class=\"su-tabs-pane su-u-clearfix su-u-trim\" data-title=\"STEROWNIKI CENTRALNE\">\n<div class=\"su-document su-u-responsive-media-yes\"><iframe src=\"\/\/docs.google.com\/viewer?embedded=true&url=https:\/\/www.fabrykachlodu.pl\/sklep\/file\/2019\/11\/126_Klimatyzacja_MIDEA_sterowniki-centralne.pdf\" width=\"600\" height=\"400\" class=\"su-document\" title=\"\"><\/iframe><\/div>\n<\/div>\n<div class=\"su-tabs-pane su-u-clearfix su-u-trim\" data-title=\"STEROWNIKI CENTRALNE\">\n<div class=\"su-document su-u-responsive-media-yes\"><iframe src=\"\/\/docs.google.com\/viewer?embedded=true&url=https:\/\/www.fabrykachlodu.pl\/sklep\/file\/2019\/11\/127_Klimatyzacja_MIDEA_sterowniki-centralne-funkcje.pdf\" width=\"600\" height=\"400\" class=\"su-document\" title=\"\"><\/iframe><\/div>\n<\/div><\/div><\/div>\n<p>Dokumenty si\u0119 nie wy\u015bwietlaj\u0105? <input type=\"button\" value=\"Od\u015bwie\u017c stron\u0119\" onclick=\"location.reload();\"><\/p>\n","protected":false},"excerpt":{"rendered":"<p><span style=\"color: #000000;\"><strong>Najwa\u017cniejsze zalety:<\/strong><\/span><br \/>\n[dt_list style=\"1\" bullet_position=\"middle\" dividers=\"true\"][dt_list_item image=\"\"]Mo\u017ce kontrolowa\u0107 do 64 jednostek wewn\u0119trznych[\/dt_list_item][dt_list_item image=\"\"]D\u0142ugo\u015b\u0107 przewod\u00f3w komunikacji wynosi a\u017c do 1200m[\/dt_list_item][dt_list_item image=\"\"]Blokowanie<br \/>\nklawiatury, trybu pracy[\/dt_list_item][dt_list_item image=\"\"]Wbudowany programator pozwala okre\u015bli\u0107 do 4 okres\u00f3w pracy dziennie, wybra\u0107 \u017c\u0105dany tryb pracy i temperatur\u0119 w pomieszczeniu[\/dt_list_item][\/dt_list]<\/p>\n","protected":false},"featured_media":50053,"template":"","meta":[],"product_cat":[6201],"product_tag":[5222,5223,5224,5203,5225],"yoast_head":"<!-- This site is optimized with the Yoast SEO plugin v22.1 - https:\/\/yoast.com\/wordpress\/plugins\/seo\/ -->\n<title>\u00b0FC Sterownik centralny Klimatyzator Midea Sterownik CCM180A<\/title>\n<meta name=\"description\" content=\"Sterownik centralny Klimatyzator Midea Sterownik CCM180A\" \/>\n<meta name=\"robots\" content=\"index, follow, max-snippet:-1, max-image-preview:large, max-video-preview:-1\" \/>\n<link rel=\"canonical\" href=\"https:\/\/www.fabrykachlodu.pl\/sklep\/produkt\/sterownik-centralny-klimatyzator-midea-sterownik-ccm180a\/\" \/>\n<meta name=\"twitter:label1\" content=\"Szacowany czas czytania\" \/>\n\t<meta name=\"twitter:data1\" content=\"1 minuta\" \/>\n<script type=\"application\/ld+json\" class=\"yoast-schema-graph\">{\"@context\":\"https:\/\/schema.org\",\"@graph\":[{\"@type\":\"WebPage\",\"@id\":\"https:\/\/www.fabrykachlodu.pl\/sklep\/produkt\/sterownik-centralny-klimatyzator-midea-sterownik-ccm180a\/\",\"url\":\"https:\/\/www.fabrykachlodu.pl\/sklep\/produkt\/sterownik-centralny-klimatyzator-midea-sterownik-ccm180a\/\",\"name\":\"\u00b0FC Sterownik centralny Klimatyzator Midea Sterownik CCM180A\",\"isPartOf\":{\"@id\":\"https:\/\/www.fabrykachlodu.pl\/sklep\/#website\"},\"datePublished\":\"2019-12-06T11:19:15+00:00\",\"dateModified\":\"2023-01-13T08:15:32+00:00\",\"description\":\"Sterownik centralny Klimatyzator Midea Sterownik CCM180A\",\"breadcrumb\":{\"@id\":\"https:\/\/www.fabrykachlodu.pl\/sklep\/produkt\/sterownik-centralny-klimatyzator-midea-sterownik-ccm180a\/#breadcrumb\"},\"inLanguage\":\"pl-PL\",\"potentialAction\":[{\"@type\":\"ReadAction\",\"target\":[\"https:\/\/www.fabrykachlodu.pl\/sklep\/produkt\/sterownik-centralny-klimatyzator-midea-sterownik-ccm180a\/\"]}]},{\"@type\":\"BreadcrumbList\",\"@id\":\"https:\/\/www.fabrykachlodu.pl\/sklep\/produkt\/sterownik-centralny-klimatyzator-midea-sterownik-ccm180a\/#breadcrumb\",\"itemListElement\":[{\"@type\":\"ListItem\",\"position\":1,\"name\":\"Strona g\u0142\u00f3wna\",\"item\":\"https:\/\/www.fabrykachlodu.pl\/sklep\/\"},{\"@type\":\"ListItem\",\"position\":2,\"name\":\"Szukasz klimatzyacji biurowej sklepowej lub do mieszkania?\",\"item\":\"https:\/\/www.fabrykachlodu.pl\/sklep\/\"},{\"@type\":\"ListItem\",\"position\":3,\"name\":\"PRODUKTY ARCHIWALNE\",\"item\":\"https:\/\/www.fabrykachlodu.pl\/sklep\/product-category\/produkty-archiwalne\/\"},{\"@type\":\"ListItem\",\"position\":4,\"name\":\"\u00b0FC Sterownik centralny Klimatyzator Midea Sterownik CCM180A\"}]},{\"@type\":\"WebSite\",\"@id\":\"https:\/\/www.fabrykachlodu.pl\/sklep\/#website\",\"url\":\"https:\/\/www.fabrykachlodu.pl\/sklep\/\",\"name\":\"\u00b0FC Sklep Internetowy monta\u017c klimatyzacji pomp ciep\u0142a\",\"description\":\"\u00b0FC monta\u017c klimatyzacji pomp ciep\u0142a z nami to szybki i tani wyb\u00f3r.  Us\u0142ugi monta\u017cowe i serwisowe W Warszawie i okolicach..\",\"potentialAction\":[{\"@type\":\"SearchAction\",\"target\":{\"@type\":\"EntryPoint\",\"urlTemplate\":\"https:\/\/www.fabrykachlodu.pl\/sklep\/?s={search_term_string}\"},\"query-input\":\"required name=search_term_string\"}],\"inLanguage\":\"pl-PL\"}]}<\/script>\n<!-- \/ Yoast SEO plugin. -->","yoast_head_json":{"title":"\u00b0FC Sterownik centralny Klimatyzator Midea Sterownik CCM180A","description":"Sterownik centralny Klimatyzator Midea Sterownik CCM180A","robots":{"index":"index","follow":"follow","max-snippet":"max-snippet:-1","max-image-preview":"max-image-preview:large","max-video-preview":"max-video-preview:-1"},"canonical":"https:\/\/www.fabrykachlodu.pl\/sklep\/produkt\/sterownik-centralny-klimatyzator-midea-sterownik-ccm180a\/","twitter_misc":{"Szacowany czas czytania":"1 minuta"},"schema":{"@context":"https:\/\/schema.org","@graph":[{"@type":"WebPage","@id":"https:\/\/www.fabrykachlodu.pl\/sklep\/produkt\/sterownik-centralny-klimatyzator-midea-sterownik-ccm180a\/","url":"https:\/\/www.fabrykachlodu.pl\/sklep\/produkt\/sterownik-centralny-klimatyzator-midea-sterownik-ccm180a\/","name":"\u00b0FC Sterownik centralny Klimatyzator Midea Sterownik CCM180A","isPartOf":{"@id":"https:\/\/www.fabrykachlodu.pl\/sklep\/#website"},"datePublished":"2019-12-06T11:19:15+00:00","dateModified":"2023-01-13T08:15:32+00:00","description":"Sterownik centralny Klimatyzator Midea Sterownik CCM180A","breadcrumb":{"@id":"https:\/\/www.fabrykachlodu.pl\/sklep\/produkt\/sterownik-centralny-klimatyzator-midea-sterownik-ccm180a\/#breadcrumb"},"inLanguage":"pl-PL","potentialAction":[{"@type":"ReadAction","target":["https:\/\/www.fabrykachlodu.pl\/sklep\/produkt\/sterownik-centralny-klimatyzator-midea-sterownik-ccm180a\/"]}]},{"@type":"BreadcrumbList","@id":"https:\/\/www.fabrykachlodu.pl\/sklep\/produkt\/sterownik-centralny-klimatyzator-midea-sterownik-ccm180a\/#breadcrumb","itemListElement":[{"@type":"ListItem","position":1,"name":"Strona g\u0142\u00f3wna","item":"https:\/\/www.fabrykachlodu.pl\/sklep\/"},{"@type":"ListItem","position":2,"name":"Szukasz klimatzyacji biurowej sklepowej lub do mieszkania?","item":"https:\/\/www.fabrykachlodu.pl\/sklep\/"},{"@type":"ListItem","position":3,"name":"PRODUKTY ARCHIWALNE","item":"https:\/\/www.fabrykachlodu.pl\/sklep\/product-category\/produkty-archiwalne\/"},{"@type":"ListItem","position":4,"name":"\u00b0FC Sterownik centralny Klimatyzator Midea Sterownik CCM180A"}]},{"@type":"WebSite","@id":"https:\/\/www.fabrykachlodu.pl\/sklep\/#website","url":"https:\/\/www.fabrykachlodu.pl\/sklep\/","name":"\u00b0FC Sklep Internetowy monta\u017c klimatyzacji pomp ciep\u0142a","description":"\u00b0FC monta\u017c klimatyzacji pomp ciep\u0142a z nami to szybki i tani wyb\u00f3r.  Us\u0142ugi monta\u017cowe i serwisowe W Warszawie i okolicach..","potentialAction":[{"@type":"SearchAction","target":{"@type":"EntryPoint","urlTemplate":"https:\/\/www.fabrykachlodu.pl\/sklep\/?s={search_term_string}"},"query-input":"required name=search_term_string"}],"inLanguage":"pl-PL"}]}},"_links":{"self":[{"href":"https:\/\/www.fabrykachlodu.pl\/sklep\/wp-json\/wp\/v2\/product\/48202"}],"collection":[{"href":"https:\/\/www.fabrykachlodu.pl\/sklep\/wp-json\/wp\/v2\/product"}],"about":[{"href":"https:\/\/www.fabrykachlodu.pl\/sklep\/wp-json\/wp\/v2\/types\/product"}],"wp:featuredmedia":[{"embeddable":true,"href":"https:\/\/www.fabrykachlodu.pl\/sklep\/wp-json\/wp\/v2\/media\/50053"}],"wp:attachment":[{"href":"https:\/\/www.fabrykachlodu.pl\/sklep\/wp-json\/wp\/v2\/media?parent=48202"}],"wp:term":[{"taxonomy":"product_cat","embeddable":true,"href":"https:\/\/www.fabrykachlodu.pl\/sklep\/wp-json\/wp\/v2\/product_cat?post=48202"},{"taxonomy":"product_tag","embeddable":true,"href":"https:\/\/www.fabrykachlodu.pl\/sklep\/wp-json\/wp\/v2\/product_tag?post=48202"}],"curies":[{"name":"wp","href":"https:\/\/api.w.org\/{rel}","templated":true}]}}