{"id":48630,"date":"2019-12-07T14:51:30","date_gmt":"2019-12-07T13:51:30","guid":{"rendered":"http:\/\/www.fabrykachlodu.pl\/sklep\/produkt\/import-placeholder-for-multip1403f\/"},"modified":"2022-06-30T17:36:19","modified_gmt":"2022-06-30T15:36:19","slug":"klimatyzator-midea-multi-jednostka-zew-multi-p140-3f-14-pomieszczen-140m2-wydajnosc-chlodzenia-kw-14","status":"publish","type":"product","link":"https:\/\/www.fabrykachlodu.pl\/sklep\/produkt\/klimatyzator-midea-multi-jednostka-zew-multi-p140-3f-14-pomieszczen-140m2-wydajnosc-chlodzenia-kw-14\/","title":{"rendered":"\u00b0FC Klimatyzator Midea Multi+ Jednostka zew. Multi+ P140 3F 14 pomieszcze\u0144 140m2  Wydajno\u015b\u0107 ch\u0142odzenia kW 14"},"content":{"rendered":"<p>Zam\u00f3wienie dotyczy Klimatyzator Midea Multi+ Jednostka zew. Multi+ P140 3F 14 pomieszcze\u0144 140m2  Wydajno\u015b\u0107 ch\u0142odzenia kW 14 <\/p>\n<p><strong>W jednym miejscu poznasz:<\/strong><br \/>\nInformacje odno\u015bnie klimatyzacji na\u015bciennej MIDEA<br \/>\nPoznasz najwa\u017cniejsze funkcje<br \/>\nPor\u00f3wnasz produkty<br \/>\nPoznasz parametry techniczne<br \/>\nPoznasz cen\u0119 i zrealizujesz zam\u00f3wienie<\/p>\n<p><strong>Zamawiaj\u0105c produkt u nas:<\/strong><br \/>\nOtrzymasz produkt<br \/>\nJednostk\u0119 wewn\u0119trzna<br \/>\nJednostk\u0119 zewn\u0119trzna<br \/>\nSterowanie<\/p>\n<p><strong>Zlecaj\u0105c nam monta\u017c w Warszawie i woj. mazowieckim otrzymasz:<\/strong><br \/>\nRabat na produkty MIDEA<br \/>\nKompletne pod\u0142\u0105czenie elektryczne oraz hydrauliczne<br \/>\nGwarancje<br \/>\nSerwis.<br \/> Systemy MULTI+ i MULTI MAX s\u0105 rozwi\u0105zaniem zapewniaj\u0105cym r\u00f3wnomierny komfort w ca\u0142ej przestrzeni obiektu z wykorzystaniem nawet do 40 jednostek wewn\u0119trznych w uk\u0142adzie. Zapewnia bardzo szybkie osi\u0105gni\u0119cie warunk\u00f3w komfortu cieplnego, przy zachowaniu wysokiej efektywno\u015bci energetycznej. Kompaktowe agregaty (dzia\u0142aj\u0105ce na R410A) daj\u0105 mo\u017cliwo\u015b\u0107 pod\u0142\u0105czenia do 40 jednostek wewn\u0119trznych w systemie, zapewniaj\u0105c komfort klimatyzacji na ca\u0142ej przestrzeni obiektu.<\/p>\n<p>Jednostki wewn\u0119trzne systemu mo\u017cna dowolnie konfigurowa\u0107. Do wyboru bogata oferta modeli: kasetonowe, \u015bcienne, kana\u0142owe, podstropowo-przypod\u0142ogowe. System klimatyzacji zapewnia nie tylko komfortowe warunki w pomieszczeniu, ale tak\u017ce dopasowanie do ka\u017cdego wystroju wn\u0119trza.<\/p>\n<p>System klimatyzacji daje mo\u017cliwo\u015b\u0107 poprowadzenia instalacji ch\u0142odniczej o d\u0142ugo\u015bci do 120 m. Instalacja w bezpieczny spos\u00f3b \u0142\u0105czona jest za pomoc\u0105 tr\u00f3jnik\u00f3w lub prowadzona do rozdzielacza 4-portowego, kt\u00f3ry reguluje przep\u0142yw czynnika ch\u0142odniczego i upraszcza \u0142\u0105czenie rur za pomoc\u0105 po\u0142\u0105cze\u0144 \u015brubowych.<\/p>\n<div class=\"su-service\"><div class=\"su-service-title\" style=\"padding-left:52px;min-height:38px;line-height:38px\"><i class=\"sui sui-check-circle\" style=\"font-size:38px;color:#22a0ed\"><\/i> Wskaz\u00f3wka naszego eksperta<\/div><div class=\"su-service-content su-u-clearfix su-u-trim\" style=\"padding-left:52px\">System Multi+ zapewnia stabiln\u0105 prac\u0119 w ekstremalnych temperaturach od -15\u02daC do +43\u02daC.<\/div><\/div>\n<p>System Midea Pompa ciep\u0142a (jednostka zewn\u0119trzna) zapewnia stabiln\u0105 prac\u0119 w ekstremalnych temperaturach od -15\u02daC do +43\u02daC. Dzi\u0119ki nowoczesnej technologii inwerterowej, agregaty osi\u0105gaj\u0105 najwy\u017csze klasy efektywno\u015bci energetycznej. Opcjonlanie mo\u017cna do\u0142\u0105czy\u0107 pompk\u0119 skroplin. Inteligentna<br \/>\nkontrola pracy w niskich temperaturze zapewni optymalne dzia\u0142anie. DEDYKOWANE 32 JEDNOSTKI WEWN\u0118TRZNE gwarantuj\u0105 dogodne projektowanie klimatyzacji.<\/p>\n<h2><strong>Zapraszamy do por\u00f3wnania zalet i wad klimatyzacji Midea MULTI+ i MULTI MAX<\/strong><\/h2>\n<p><strong>Jakie s\u0105 zalety takiego systemu?<\/strong><\/p>\n<div class=\"su-service\"><div class=\"su-service-title\" style=\"padding-left:52px;min-height:38px;line-height:38px\"><i class=\"sui sui-check-circle\" style=\"font-size:38px;color:#22a0ed\"><\/i> Wskaz\u00f3wka naszego eksperta<\/div><div class=\"su-service-content su-u-clearfix su-u-trim\" style=\"padding-left:52px\">Zwi\u0119ksza estetyk\u0119 poniewa\u017c jest tylko jedna jednostka zewn\u0119trzna<br \/>\nKompaktowa budowa agregatu<br \/>Funkcje pozwalaj\u0105ce na szybkie ch\u0142odzenie<br \/>Do 40 jednostek wewn\u0119trznych<br \/>Dogodne sterowanie oraz WiFi oraz bezprzewodowy pilot jako opcja<br \/>\nDla poprawnej pracy jednostek zewn\u0119trznych w trybie pompy ciep\u0142a, konieczne jest zastosowanie grza\u0142ki tacy ociekowej lub zapewnienie swobodnego odp\u0142ywu kondensat w inny spos\u00f3b.<br \/>\n<\/div><\/div>\n<p><strong>Jakie s\u0105 wady klimatyzator\u00f3w?<\/strong><\/p>\n<div class=\"su-service\"><div class=\"su-service-title\" style=\"padding-left:52px;min-height:38px;line-height:38px\"><i class=\"sui sui-check-circle\" style=\"font-size:38px;color:#22a0ed\"><\/i> Wskaz\u00f3wka naszego eksperta<\/div><div class=\"su-service-content su-u-clearfix su-u-trim\" style=\"padding-left:52px\">Wymagane jest przeci\u0105gni\u0119cie ruroci\u0105g\u00f3w<br \/>\nKompaktowa budowa agregatu<br \/>Rekomendowane do pomieszcze\u0144 w przebudowie lub nowopowstaj\u0105cych<br \/>Polecane na etapie projektowania wn\u0119trza i obiektu<br \/>Monta\u017c skomplikowany<br \/><\/div><\/div>\n<div class=\"hr-thin\"><\/div>\n<div class=\"su-service\"><div class=\"su-service-title\" style=\"padding-left:52px;min-height:38px;line-height:38px\"><i class=\"sui sui-info-circle\" style=\"font-size:38px;color:#22a0ed\"><\/i> Wskaz\u00f3wka naszego eksperta<\/div><div class=\"su-service-content su-u-clearfix su-u-trim\" style=\"padding-left:52px\">\nPodsumowuj\u0105c, je\u015bli chcesz zainstalowa\u0107 w kilkudziesi\u0119ciu pomieszczeniach klimatyzacje system MULTI+ i MULTI MAX jest dla Ciebie. Jest to niezawodne rozwi\u0105zanie firmy MIDEA.<br \/>\n<\/div><\/div>\n<p>Sterownik przewodowy, umo\u017cliwia odczyt temperatury w pomieszczeniu, a samo sterowanie i panel jest intuicyjny w j.polskim.<\/p>\n<p>PARAMETRY TECHNICZNE<\/p>\n<div class=\"su-tabs su-tabs-style-default su-tabs-mobile-stack\" data-active=\"1\" data-scroll-offset=\"0\" data-anchor-in-url=\"no\"><div class=\"su-tabs-nav\"><span class=\"\" data-url=\"\" data-target=\"blank\" tabindex=\"0\" role=\"button\">Midea MULTI MULTI+ \/ MULTI MAX<\/span><span class=\"\" data-url=\"\" data-target=\"blank\" tabindex=\"0\" role=\"button\">SERIA MULTI+ \/ MULTI MAX<\/span><span class=\"\" data-url=\"\" data-target=\"blank\" tabindex=\"0\" role=\"button\">DEDYKOWANE JEDNOSTKI WEWN\u0118TRZNE<\/span><span class=\"\" data-url=\"\" data-target=\"blank\" tabindex=\"0\" role=\"button\">DANE TECHNICZNE MULTI+<\/span><span class=\"\" data-url=\"\" data-target=\"blank\" tabindex=\"0\" role=\"button\">DANE TECHNICZNE MULTI MAX<\/span><\/div><div class=\"su-tabs-panes\"><div class=\"su-tabs-pane su-u-clearfix su-u-trim\" data-title=\"Midea MULTI MULTI+ \/ MULTI MAX\">\n<div class=\"su-document su-u-responsive-media-yes\"><iframe src=\"\/\/docs.google.com\/viewer?embedded=true&url=https:\/\/www.fabrykachlodu.pl\/sklep\/file\/2019\/11\/77_multi-max.pdf\" width=\"600\" height=\"400\" class=\"su-document\" title=\"\"><\/iframe><\/div>\n<\/div>\n<div class=\"su-tabs-pane su-u-clearfix su-u-trim\" data-title=\"SERIA MULTI+ \/ MULTI MAX\">\n<div class=\"su-document su-u-responsive-media-yes\"><iframe src=\"\/\/docs.google.com\/viewer?embedded=true&url=https:\/\/www.fabrykachlodu.pl\/sklep\/file\/2019\/11\/78_multi-max_MIDEA.pdf\" width=\"600\" height=\"400\" class=\"su-document\" title=\"\"><\/iframe><\/div>\n<\/div>\n<div class=\"su-tabs-pane su-u-clearfix su-u-trim\" data-title=\"DEDYKOWANE JEDNOSTKI WEWN\u0118TRZNE\">\n<div class=\"su-document su-u-responsive-media-yes\"><iframe src=\"\/\/docs.google.com\/viewer?embedded=true&url=https:\/\/www.fabrykachlodu.pl\/sklep\/file\/2019\/11\/79_multi-max_MIDEA_jed.wew_.pdf\" width=\"600\" height=\"400\" class=\"su-document\" title=\"\"><\/iframe><\/div>\n<\/div>\n<div class=\"su-tabs-pane su-u-clearfix su-u-trim\" data-title=\"DANE TECHNICZNE MULTI+\">\n<div class=\"su-document su-u-responsive-media-yes\"><iframe src=\"\/\/docs.google.com\/viewer?embedded=true&url=https:\/\/www.fabrykachlodu.pl\/sklep\/file\/2019\/11\/80_multi-max-jed.zew_.Klimatyzator._MIDEA.pdf\" width=\"600\" height=\"400\" class=\"su-document\" title=\"\"><\/iframe><\/div>\n<\/div>\n<div class=\"su-tabs-pane su-u-clearfix su-u-trim\" data-title=\"DANE TECHNICZNE MULTI MAX\">\n<div class=\"su-document su-u-responsive-media-yes\"><iframe src=\"\/\/docs.google.com\/viewer?embedded=true&url=https:\/\/www.fabrykachlodu.pl\/sklep\/file\/2019\/11\/81_multi-max-jed.zew_.Klimatyzator._MIDEA.pdf\" width=\"600\" height=\"400\" class=\"su-document\" title=\"\"><\/iframe><\/div>\n<\/div><\/div><\/div>\n<p>Dokumenty si\u0119 nie wy\u015bwietlaj\u0105? <input type=\"button\" value=\"Od\u015bwie\u017c stron\u0119\" onclick=\"location.reload();\"><\/p>\n","protected":false},"excerpt":{"rendered":"<p><span style=\"color: #000000;\"><strong>Najwa\u017cniejsze zalety:<\/strong><\/span><br \/>\n[dt_list style=\"1\" bullet_position=\"middle\" dividers=\"true\"][dt_list_item image=\"\"]Mo\u017cliwo\u015b\u0107 pod\u0142\u0105czenia do 12 jednostek wewn\u0119trznych[\/dt_list_item][dt_list_item image=\"\"]Instalacja ch\u0142odnicza o d\u0142ugo\u015bci do 120m[\/dt_list_item][dt_list_item image=\"\"]Stabilna praca w ekstremalnych temperaturach od -15\u02daC do +43\u02daC[\/dt_list_item][dt_list_item image=\"\"]Bezpieczna instalacja \u0142\u0105czona za pomoc\u0105 tr\u00f3jnik\u00f3w lub rozdzielacza 4-portowego[\/dt_list_item][\/dt_list]<\/p>\n","protected":false},"featured_media":49981,"template":"","meta":[],"product_cat":[814,2159,2163,2160,2161,2162,189],"product_tag":[5135,5181,2921],"yoast_head":"<!-- This site is optimized with the Yoast SEO plugin v22.1 - https:\/\/yoast.com\/wordpress\/plugins\/seo\/ -->\n<title>\u00b0FC Klimatyzator Midea Multi+ Jednostka zew. Multi+ P140 3F 14 pomieszcze\u0144 140m2 Wydajno\u015b\u0107 ch\u0142odzenia kW 14<\/title>\n<meta name=\"description\" content=\"Klimatyzator Midea Multi+ Jednostka zew. Multi+ P140 3F 14 pomieszcze\u0144 140m2 Wydajno\u015b\u0107 ch\u0142odzenia kW 14\" \/>\n<meta name=\"robots\" content=\"index, follow, max-snippet:-1, max-image-preview:large, max-video-preview:-1\" \/>\n<link rel=\"canonical\" href=\"https:\/\/www.fabrykachlodu.pl\/sklep\/produkt\/klimatyzator-midea-multi-jednostka-zew-multi-p140-3f-14-pomieszczen-140m2-wydajnosc-chlodzenia-kw-14\/\" \/>\n<meta name=\"twitter:label1\" content=\"Szacowany czas czytania\" \/>\n\t<meta name=\"twitter:data1\" content=\"3 minuty\" \/>\n<script type=\"application\/ld+json\" class=\"yoast-schema-graph\">{\"@context\":\"https:\/\/schema.org\",\"@graph\":[{\"@type\":\"WebPage\",\"@id\":\"https:\/\/www.fabrykachlodu.pl\/sklep\/produkt\/klimatyzator-midea-multi-jednostka-zew-multi-p140-3f-14-pomieszczen-140m2-wydajnosc-chlodzenia-kw-14\/\",\"url\":\"https:\/\/www.fabrykachlodu.pl\/sklep\/produkt\/klimatyzator-midea-multi-jednostka-zew-multi-p140-3f-14-pomieszczen-140m2-wydajnosc-chlodzenia-kw-14\/\",\"name\":\"\u00b0FC Klimatyzator Midea Multi+ Jednostka zew. Multi+ P140 3F 14 pomieszcze\u0144 140m2 Wydajno\u015b\u0107 ch\u0142odzenia kW 14\",\"isPartOf\":{\"@id\":\"https:\/\/www.fabrykachlodu.pl\/sklep\/#website\"},\"datePublished\":\"2019-12-07T13:51:30+00:00\",\"dateModified\":\"2022-06-30T15:36:19+00:00\",\"description\":\"Klimatyzator Midea Multi+ Jednostka zew. Multi+ P140 3F 14 pomieszcze\u0144 140m2 Wydajno\u015b\u0107 ch\u0142odzenia kW 14\",\"breadcrumb\":{\"@id\":\"https:\/\/www.fabrykachlodu.pl\/sklep\/produkt\/klimatyzator-midea-multi-jednostka-zew-multi-p140-3f-14-pomieszczen-140m2-wydajnosc-chlodzenia-kw-14\/#breadcrumb\"},\"inLanguage\":\"pl-PL\",\"potentialAction\":[{\"@type\":\"ReadAction\",\"target\":[\"https:\/\/www.fabrykachlodu.pl\/sklep\/produkt\/klimatyzator-midea-multi-jednostka-zew-multi-p140-3f-14-pomieszczen-140m2-wydajnosc-chlodzenia-kw-14\/\"]}]},{\"@type\":\"BreadcrumbList\",\"@id\":\"https:\/\/www.fabrykachlodu.pl\/sklep\/produkt\/klimatyzator-midea-multi-jednostka-zew-multi-p140-3f-14-pomieszczen-140m2-wydajnosc-chlodzenia-kw-14\/#breadcrumb\",\"itemListElement\":[{\"@type\":\"ListItem\",\"position\":1,\"name\":\"Strona g\u0142\u00f3wna\",\"item\":\"https:\/\/www.fabrykachlodu.pl\/sklep\/\"},{\"@type\":\"ListItem\",\"position\":2,\"name\":\"Szukasz klimatzyacji biurowej sklepowej lub do mieszkania?\",\"item\":\"https:\/\/www.fabrykachlodu.pl\/sklep\/\"},{\"@type\":\"ListItem\",\"position\":3,\"name\":\"MIDEA\",\"item\":\"https:\/\/www.fabrykachlodu.pl\/sklep\/product-category\/midea\/\"},{\"@type\":\"ListItem\",\"position\":4,\"name\":\"Multi Split\",\"item\":\"https:\/\/www.fabrykachlodu.pl\/sklep\/product-category\/midea\/multi-split-midea\/\"},{\"@type\":\"ListItem\",\"position\":5,\"name\":\"Kana\u0142owy\",\"item\":\"https:\/\/www.fabrykachlodu.pl\/sklep\/product-category\/midea\/multi-split-midea\/kanalowy-multi-split-midea\/\"},{\"@type\":\"ListItem\",\"position\":6,\"name\":\"\u00b0FC Klimatyzator Midea Multi+ Jednostka zew. Multi+ P140 3F 14 pomieszcze\u0144 140m2 Wydajno\u015b\u0107 ch\u0142odzenia kW 14\"}]},{\"@type\":\"WebSite\",\"@id\":\"https:\/\/www.fabrykachlodu.pl\/sklep\/#website\",\"url\":\"https:\/\/www.fabrykachlodu.pl\/sklep\/\",\"name\":\"\u00b0FC Sklep Internetowy monta\u017c klimatyzacji pomp ciep\u0142a\",\"description\":\"\u00b0FC monta\u017c klimatyzacji pomp ciep\u0142a z nami to szybki i tani wyb\u00f3r.  Us\u0142ugi monta\u017cowe i serwisowe W Warszawie i okolicach..\",\"potentialAction\":[{\"@type\":\"SearchAction\",\"target\":{\"@type\":\"EntryPoint\",\"urlTemplate\":\"https:\/\/www.fabrykachlodu.pl\/sklep\/?s={search_term_string}\"},\"query-input\":\"required name=search_term_string\"}],\"inLanguage\":\"pl-PL\"}]}<\/script>\n<!-- \/ Yoast SEO plugin. -->","yoast_head_json":{"title":"\u00b0FC Klimatyzator Midea Multi+ Jednostka zew. Multi+ P140 3F 14 pomieszcze\u0144 140m2 Wydajno\u015b\u0107 ch\u0142odzenia kW 14","description":"Klimatyzator Midea Multi+ Jednostka zew. Multi+ P140 3F 14 pomieszcze\u0144 140m2 Wydajno\u015b\u0107 ch\u0142odzenia kW 14","robots":{"index":"index","follow":"follow","max-snippet":"max-snippet:-1","max-image-preview":"max-image-preview:large","max-video-preview":"max-video-preview:-1"},"canonical":"https:\/\/www.fabrykachlodu.pl\/sklep\/produkt\/klimatyzator-midea-multi-jednostka-zew-multi-p140-3f-14-pomieszczen-140m2-wydajnosc-chlodzenia-kw-14\/","twitter_misc":{"Szacowany czas czytania":"3 minuty"},"schema":{"@context":"https:\/\/schema.org","@graph":[{"@type":"WebPage","@id":"https:\/\/www.fabrykachlodu.pl\/sklep\/produkt\/klimatyzator-midea-multi-jednostka-zew-multi-p140-3f-14-pomieszczen-140m2-wydajnosc-chlodzenia-kw-14\/","url":"https:\/\/www.fabrykachlodu.pl\/sklep\/produkt\/klimatyzator-midea-multi-jednostka-zew-multi-p140-3f-14-pomieszczen-140m2-wydajnosc-chlodzenia-kw-14\/","name":"\u00b0FC Klimatyzator Midea Multi+ Jednostka zew. Multi+ P140 3F 14 pomieszcze\u0144 140m2 Wydajno\u015b\u0107 ch\u0142odzenia kW 14","isPartOf":{"@id":"https:\/\/www.fabrykachlodu.pl\/sklep\/#website"},"datePublished":"2019-12-07T13:51:30+00:00","dateModified":"2022-06-30T15:36:19+00:00","description":"Klimatyzator Midea Multi+ Jednostka zew. Multi+ P140 3F 14 pomieszcze\u0144 140m2 Wydajno\u015b\u0107 ch\u0142odzenia kW 14","breadcrumb":{"@id":"https:\/\/www.fabrykachlodu.pl\/sklep\/produkt\/klimatyzator-midea-multi-jednostka-zew-multi-p140-3f-14-pomieszczen-140m2-wydajnosc-chlodzenia-kw-14\/#breadcrumb"},"inLanguage":"pl-PL","potentialAction":[{"@type":"ReadAction","target":["https:\/\/www.fabrykachlodu.pl\/sklep\/produkt\/klimatyzator-midea-multi-jednostka-zew-multi-p140-3f-14-pomieszczen-140m2-wydajnosc-chlodzenia-kw-14\/"]}]},{"@type":"BreadcrumbList","@id":"https:\/\/www.fabrykachlodu.pl\/sklep\/produkt\/klimatyzator-midea-multi-jednostka-zew-multi-p140-3f-14-pomieszczen-140m2-wydajnosc-chlodzenia-kw-14\/#breadcrumb","itemListElement":[{"@type":"ListItem","position":1,"name":"Strona g\u0142\u00f3wna","item":"https:\/\/www.fabrykachlodu.pl\/sklep\/"},{"@type":"ListItem","position":2,"name":"Szukasz klimatzyacji biurowej sklepowej lub do mieszkania?","item":"https:\/\/www.fabrykachlodu.pl\/sklep\/"},{"@type":"ListItem","position":3,"name":"MIDEA","item":"https:\/\/www.fabrykachlodu.pl\/sklep\/product-category\/midea\/"},{"@type":"ListItem","position":4,"name":"Multi Split","item":"https:\/\/www.fabrykachlodu.pl\/sklep\/product-category\/midea\/multi-split-midea\/"},{"@type":"ListItem","position":5,"name":"Kana\u0142owy","item":"https:\/\/www.fabrykachlodu.pl\/sklep\/product-category\/midea\/multi-split-midea\/kanalowy-multi-split-midea\/"},{"@type":"ListItem","position":6,"name":"\u00b0FC Klimatyzator Midea Multi+ Jednostka zew. Multi+ P140 3F 14 pomieszcze\u0144 140m2 Wydajno\u015b\u0107 ch\u0142odzenia kW 14"}]},{"@type":"WebSite","@id":"https:\/\/www.fabrykachlodu.pl\/sklep\/#website","url":"https:\/\/www.fabrykachlodu.pl\/sklep\/","name":"\u00b0FC Sklep Internetowy monta\u017c klimatyzacji pomp ciep\u0142a","description":"\u00b0FC monta\u017c klimatyzacji pomp ciep\u0142a z nami to szybki i tani wyb\u00f3r.  Us\u0142ugi monta\u017cowe i serwisowe W Warszawie i okolicach..","potentialAction":[{"@type":"SearchAction","target":{"@type":"EntryPoint","urlTemplate":"https:\/\/www.fabrykachlodu.pl\/sklep\/?s={search_term_string}"},"query-input":"required name=search_term_string"}],"inLanguage":"pl-PL"}]}},"_links":{"self":[{"href":"https:\/\/www.fabrykachlodu.pl\/sklep\/wp-json\/wp\/v2\/product\/48630"}],"collection":[{"href":"https:\/\/www.fabrykachlodu.pl\/sklep\/wp-json\/wp\/v2\/product"}],"about":[{"href":"https:\/\/www.fabrykachlodu.pl\/sklep\/wp-json\/wp\/v2\/types\/product"}],"wp:featuredmedia":[{"embeddable":true,"href":"https:\/\/www.fabrykachlodu.pl\/sklep\/wp-json\/wp\/v2\/media\/49981"}],"wp:attachment":[{"href":"https:\/\/www.fabrykachlodu.pl\/sklep\/wp-json\/wp\/v2\/media?parent=48630"}],"wp:term":[{"taxonomy":"product_cat","embeddable":true,"href":"https:\/\/www.fabrykachlodu.pl\/sklep\/wp-json\/wp\/v2\/product_cat?post=48630"},{"taxonomy":"product_tag","embeddable":true,"href":"https:\/\/www.fabrykachlodu.pl\/sklep\/wp-json\/wp\/v2\/product_tag?post=48630"}],"curies":[{"name":"wp","href":"https:\/\/api.w.org\/{rel}","templated":true}]}}