{"id":50244,"date":"2019-12-09T23:49:04","date_gmt":"2019-12-09T22:49:04","guid":{"rendered":"http:\/\/www.fabrykachlodu.pl\/sklep\/?post_type=product&#038;p=50244"},"modified":"2023-03-06T22:48:26","modified_gmt":"2023-03-06T21:48:26","slug":"fc-filtry-powietrza-do-klimatyzacji-midea-z-jonami-srebra","status":"publish","type":"product","link":"https:\/\/www.fabrykachlodu.pl\/sklep\/produkt\/fc-filtry-powietrza-do-klimatyzacji-midea-z-jonami-srebra\/","title":{"rendered":"\u00b0FC Filtry powietrza do klimatora Midea &#8211; Z jonami srebra"},"content":{"rendered":"<h1>Zamienny filtr antybakteryjny z jonami srebra do klimatyzator\u00f3w MIDEA<\/h1>\n<p>, to skuteczne zabezpieczenie przed \u017cywymi organizmami bakteryjnymi, kt\u00f3re to powoduj\u0105 choroby np. przezi\u0119bienie lub grypa, ale r\u00f3wnie\u017c negatywnie wp\u0142ywaj\u0105 na zdrowie alergik\u00f3w oraz mog\u0105 powodowa\u0107 objawy astmy.<\/p>\n<p>Zamienny Filtr antybakteryjny z jonami srebra do klimatyzator\u00f3w MIDEA zamieni na\u015bcienn\u0105 jednostk\u0119 klimatyzatora w od\u015bwie\u017cacz powietrza. Wystarczy, ze zamocujesz filtry do filtra siatkowego b\u0119d\u0105cego w podstawowym wyposa\u017ceniu, i w\u0142\u0105czysz klimatyzator w trybie nawiewu. <\/p>\n<p>Zam\u00f3wienie dotyczy filtr zamienny z jonami srebra do klimatyzator\u00f3w MIDEA, pasuj\u0105cy do modeli BLANC,BREEZELESS+, EVEREST, MISSION SMART, MISSION XTREME, MULTI SPLIT ORAZ INNYCH MODELI ZAWIERAJ\u0104CYCH SIATKOWY FILTR WST\u0118PNY. Zam\u00f3wienie dotyczy jednego filtra, wchodz\u0105cego z lewej lub prawej strony filtra siateczkowego. Celem zwi\u0119kszenia skuteczno\u015bci rekomendujemy wymian\u0119 kompletu 2 filtr\u00f3w tego samego rodzaju. Skuteczno\u015b\u0107 filtracji potwierdzona przy dw\u00f3ch filtrach (prawy i lewy). Prosz\u0119 doda\u0107 dwa filtry do koszyka.<\/p>\n<p>Jak dzia\u0142a filtr z jonami srebra? Z chwil\u0105 kiedy technicznie zosta\u0142o udowodnione, \u017ce jony srebra oddzia\u0142uj\u0105 na bakterie i inne mikroorganizmy przyci\u0105gaj\u0105c je i wp\u0142ywaj\u0105c na ich struktur\u0119 wewn\u0119trzn\u0105, zastosowano technologie w wielu urz\u0105dzeniach, np. w lod\u00f3wkach bo technologia z jonami srebra przyci\u0105ga bakterie zapobiega zdolno\u015bciom podzia\u0142u oraz rozmna\u017cania si\u0119 mikroorganizm\u00f3w. Filtr z jonami srebra ma bardzo silne w\u0142a\u015bciwo\u015bci antyseptyczne, grzybob\u00f3jcze i bakteriob\u00f3jcze. Cenn\u0105 cech\u0105 filtra z jonami srebra jest to, \u017ce pozostaje on zupe\u0142nie nieszkodliwy, a same jony nie powoduj\u0105 jakichkolwiek znanych skutk\u00f3w ubocznych. Nie zagra\u017caj\u0105 tak\u017ce \u015brodowisku naturalnemu, w tym ro\u015blinom i zwierz\u0119tom domowym.<\/p>\n<h2>Filtr z jonami srebra do klimatyzator\u00f3w MIDEA, najwa\u017cniejsze zalety:<\/h2>\n<p>Zwalczanie bakterii<\/p>\n<p>\nPoch\u0142anianie kurzu<\/p>\n<p>\nW\u0142a\u015bciwo\u015bci antyseptyczne srebra<\/p>\n<p>\nPrzyjazny \u015brodowisku<\/p>\n<p>\nOczy\u015bci powietrze w pokoju 25m2 w 2 godziny<\/p>\n<p>Wybierz spo\u015br\u00f3d: Filtr z jonami srebra, aktywny w\u0119glowy, BIO i zagwarantuj sobie zdrowe i  oczyszczone powietrze. Filtry powinny wymieniane minimum co 6 miesi\u0119cy, je\u015bli s\u0105 w domu zwierz\u0119ta to co 3 miesi\u0105ce.<\/p>\n","protected":false},"excerpt":{"rendered":"<p><span style=\"color: #000000;\"><strong>Najwa\u017cniejsze zalety<\/strong><\/span><\/p>\n[dt_list style=\"1\" bullet_position=\"middle\" dividers=\"true\"][dt_list_item image=\"\"]Wysoka skuteczno\u015b\u0107[\/dt_list_item][dt_list_item image=\"\"]Nie podnosi rachunku za pr\u0105d[\/dt_list_item][dt_list_item image=\"\"]Samodzielny monta\u017c[\/dt_list_item][dt_list_item image=\"\"]Mo\u017cliwo\u015b\u0107 ch\u0142odzenia, grzania[\/dt_list_item][\/dt_list]\n","protected":false},"featured_media":55001,"template":"","meta":[],"product_cat":[814,2166,189],"product_tag":[4467,5970,5049,5048,5060],"yoast_head":"<!-- This site is optimized with the Yoast SEO plugin v22.1 - https:\/\/yoast.com\/wordpress\/plugins\/seo\/ -->\n<title>\u00b0FC Filtry powietrza do klimatyzacji Midea - Z jonami srebra do BLANC,BREEZELESS+, EVEREST, MISSION SMART, MISSION XTREME,<\/title>\n<meta name=\"description\" content=\"\u00b0FC Filtry powietrza do klimatyzacji Midea - Z jonami srebra do BLANC,BREEZELESS+, EVEREST, MISSION SMART, MISSION XTREME,\" \/>\n<meta name=\"robots\" content=\"index, follow, max-snippet:-1, max-image-preview:large, max-video-preview:-1\" \/>\n<link rel=\"canonical\" href=\"https:\/\/www.fabrykachlodu.pl\/sklep\/produkt\/fc-filtry-powietrza-do-klimatyzacji-midea-z-jonami-srebra\/\" \/>\n<meta name=\"twitter:label1\" content=\"Szacowany czas czytania\" \/>\n\t<meta name=\"twitter:data1\" content=\"2 minuty\" \/>\n<script type=\"application\/ld+json\" class=\"yoast-schema-graph\">{\"@context\":\"https:\/\/schema.org\",\"@graph\":[{\"@type\":\"WebPage\",\"@id\":\"https:\/\/www.fabrykachlodu.pl\/sklep\/produkt\/fc-filtry-powietrza-do-klimatyzacji-midea-z-jonami-srebra\/\",\"url\":\"https:\/\/www.fabrykachlodu.pl\/sklep\/produkt\/fc-filtry-powietrza-do-klimatyzacji-midea-z-jonami-srebra\/\",\"name\":\"\u00b0FC Filtry powietrza do klimatyzacji Midea - Z jonami srebra do BLANC,BREEZELESS+, EVEREST, MISSION SMART, MISSION XTREME,\",\"isPartOf\":{\"@id\":\"https:\/\/www.fabrykachlodu.pl\/sklep\/#website\"},\"datePublished\":\"2019-12-09T22:49:04+00:00\",\"dateModified\":\"2023-03-06T21:48:26+00:00\",\"description\":\"\u00b0FC Filtry powietrza do klimatyzacji Midea - Z jonami srebra do BLANC,BREEZELESS+, EVEREST, MISSION SMART, MISSION XTREME,\",\"breadcrumb\":{\"@id\":\"https:\/\/www.fabrykachlodu.pl\/sklep\/produkt\/fc-filtry-powietrza-do-klimatyzacji-midea-z-jonami-srebra\/#breadcrumb\"},\"inLanguage\":\"pl-PL\",\"potentialAction\":[{\"@type\":\"ReadAction\",\"target\":[\"https:\/\/www.fabrykachlodu.pl\/sklep\/produkt\/fc-filtry-powietrza-do-klimatyzacji-midea-z-jonami-srebra\/\"]}]},{\"@type\":\"BreadcrumbList\",\"@id\":\"https:\/\/www.fabrykachlodu.pl\/sklep\/produkt\/fc-filtry-powietrza-do-klimatyzacji-midea-z-jonami-srebra\/#breadcrumb\",\"itemListElement\":[{\"@type\":\"ListItem\",\"position\":1,\"name\":\"Strona g\u0142\u00f3wna\",\"item\":\"https:\/\/www.fabrykachlodu.pl\/sklep\/\"},{\"@type\":\"ListItem\",\"position\":2,\"name\":\"Szukasz klimatzyacji biurowej sklepowej lub do mieszkania?\",\"item\":\"https:\/\/www.fabrykachlodu.pl\/sklep\/\"},{\"@type\":\"ListItem\",\"position\":3,\"name\":\"MIDEA\",\"item\":\"https:\/\/www.fabrykachlodu.pl\/sklep\/product-category\/midea\/\"},{\"@type\":\"ListItem\",\"position\":4,\"name\":\"Akcesoria\",\"item\":\"https:\/\/www.fabrykachlodu.pl\/sklep\/product-category\/midea\/akcesoria-midea\/\"},{\"@type\":\"ListItem\",\"position\":5,\"name\":\"Filtry\",\"item\":\"https:\/\/www.fabrykachlodu.pl\/sklep\/product-category\/midea\/akcesoria-midea\/filtry\/\"},{\"@type\":\"ListItem\",\"position\":6,\"name\":\"\u00b0FC Filtry powietrza do klimatora Midea &#8211; Z jonami srebra\"}]},{\"@type\":\"WebSite\",\"@id\":\"https:\/\/www.fabrykachlodu.pl\/sklep\/#website\",\"url\":\"https:\/\/www.fabrykachlodu.pl\/sklep\/\",\"name\":\"\u00b0FC Sklep Internetowy monta\u017c klimatyzacji pomp ciep\u0142a\",\"description\":\"\u00b0FC monta\u017c klimatyzacji pomp ciep\u0142a z nami to szybki i tani wyb\u00f3r.  Us\u0142ugi monta\u017cowe i serwisowe W Warszawie i okolicach..\",\"potentialAction\":[{\"@type\":\"SearchAction\",\"target\":{\"@type\":\"EntryPoint\",\"urlTemplate\":\"https:\/\/www.fabrykachlodu.pl\/sklep\/?s={search_term_string}\"},\"query-input\":\"required name=search_term_string\"}],\"inLanguage\":\"pl-PL\"}]}<\/script>\n<!-- \/ Yoast SEO plugin. -->","yoast_head_json":{"title":"\u00b0FC Filtry powietrza do klimatyzacji Midea - Z jonami srebra do BLANC,BREEZELESS+, EVEREST, MISSION SMART, MISSION XTREME,","description":"\u00b0FC Filtry powietrza do klimatyzacji Midea - Z jonami srebra do BLANC,BREEZELESS+, EVEREST, MISSION SMART, MISSION XTREME,","robots":{"index":"index","follow":"follow","max-snippet":"max-snippet:-1","max-image-preview":"max-image-preview:large","max-video-preview":"max-video-preview:-1"},"canonical":"https:\/\/www.fabrykachlodu.pl\/sklep\/produkt\/fc-filtry-powietrza-do-klimatyzacji-midea-z-jonami-srebra\/","twitter_misc":{"Szacowany czas czytania":"2 minuty"},"schema":{"@context":"https:\/\/schema.org","@graph":[{"@type":"WebPage","@id":"https:\/\/www.fabrykachlodu.pl\/sklep\/produkt\/fc-filtry-powietrza-do-klimatyzacji-midea-z-jonami-srebra\/","url":"https:\/\/www.fabrykachlodu.pl\/sklep\/produkt\/fc-filtry-powietrza-do-klimatyzacji-midea-z-jonami-srebra\/","name":"\u00b0FC Filtry powietrza do klimatyzacji Midea - Z jonami srebra do BLANC,BREEZELESS+, EVEREST, MISSION SMART, MISSION XTREME,","isPartOf":{"@id":"https:\/\/www.fabrykachlodu.pl\/sklep\/#website"},"datePublished":"2019-12-09T22:49:04+00:00","dateModified":"2023-03-06T21:48:26+00:00","description":"\u00b0FC Filtry powietrza do klimatyzacji Midea - Z jonami srebra do BLANC,BREEZELESS+, EVEREST, MISSION SMART, MISSION XTREME,","breadcrumb":{"@id":"https:\/\/www.fabrykachlodu.pl\/sklep\/produkt\/fc-filtry-powietrza-do-klimatyzacji-midea-z-jonami-srebra\/#breadcrumb"},"inLanguage":"pl-PL","potentialAction":[{"@type":"ReadAction","target":["https:\/\/www.fabrykachlodu.pl\/sklep\/produkt\/fc-filtry-powietrza-do-klimatyzacji-midea-z-jonami-srebra\/"]}]},{"@type":"BreadcrumbList","@id":"https:\/\/www.fabrykachlodu.pl\/sklep\/produkt\/fc-filtry-powietrza-do-klimatyzacji-midea-z-jonami-srebra\/#breadcrumb","itemListElement":[{"@type":"ListItem","position":1,"name":"Strona g\u0142\u00f3wna","item":"https:\/\/www.fabrykachlodu.pl\/sklep\/"},{"@type":"ListItem","position":2,"name":"Szukasz klimatzyacji biurowej sklepowej lub do mieszkania?","item":"https:\/\/www.fabrykachlodu.pl\/sklep\/"},{"@type":"ListItem","position":3,"name":"MIDEA","item":"https:\/\/www.fabrykachlodu.pl\/sklep\/product-category\/midea\/"},{"@type":"ListItem","position":4,"name":"Akcesoria","item":"https:\/\/www.fabrykachlodu.pl\/sklep\/product-category\/midea\/akcesoria-midea\/"},{"@type":"ListItem","position":5,"name":"Filtry","item":"https:\/\/www.fabrykachlodu.pl\/sklep\/product-category\/midea\/akcesoria-midea\/filtry\/"},{"@type":"ListItem","position":6,"name":"\u00b0FC Filtry powietrza do klimatora Midea &#8211; Z jonami srebra"}]},{"@type":"WebSite","@id":"https:\/\/www.fabrykachlodu.pl\/sklep\/#website","url":"https:\/\/www.fabrykachlodu.pl\/sklep\/","name":"\u00b0FC Sklep Internetowy monta\u017c klimatyzacji pomp ciep\u0142a","description":"\u00b0FC monta\u017c klimatyzacji pomp ciep\u0142a z nami to szybki i tani wyb\u00f3r.  Us\u0142ugi monta\u017cowe i serwisowe W Warszawie i okolicach..","potentialAction":[{"@type":"SearchAction","target":{"@type":"EntryPoint","urlTemplate":"https:\/\/www.fabrykachlodu.pl\/sklep\/?s={search_term_string}"},"query-input":"required name=search_term_string"}],"inLanguage":"pl-PL"}]}},"_links":{"self":[{"href":"https:\/\/www.fabrykachlodu.pl\/sklep\/wp-json\/wp\/v2\/product\/50244"}],"collection":[{"href":"https:\/\/www.fabrykachlodu.pl\/sklep\/wp-json\/wp\/v2\/product"}],"about":[{"href":"https:\/\/www.fabrykachlodu.pl\/sklep\/wp-json\/wp\/v2\/types\/product"}],"wp:featuredmedia":[{"embeddable":true,"href":"https:\/\/www.fabrykachlodu.pl\/sklep\/wp-json\/wp\/v2\/media\/55001"}],"wp:attachment":[{"href":"https:\/\/www.fabrykachlodu.pl\/sklep\/wp-json\/wp\/v2\/media?parent=50244"}],"wp:term":[{"taxonomy":"product_cat","embeddable":true,"href":"https:\/\/www.fabrykachlodu.pl\/sklep\/wp-json\/wp\/v2\/product_cat?post=50244"},{"taxonomy":"product_tag","embeddable":true,"href":"https:\/\/www.fabrykachlodu.pl\/sklep\/wp-json\/wp\/v2\/product_tag?post=50244"}],"curies":[{"name":"wp","href":"https:\/\/api.w.org\/{rel}","templated":true}]}}