{"id":50245,"date":"2019-12-09T23:49:05","date_gmt":"2019-12-09T22:49:05","guid":{"rendered":"http:\/\/www.fabrykachlodu.pl\/sklep\/?post_type=product&#038;p=50245"},"modified":"2023-03-06T22:48:24","modified_gmt":"2023-03-06T21:48:24","slug":"fc-filtry-powietrza-do-klimatyzacji-midea-bio-katechinowy","status":"publish","type":"product","link":"https:\/\/www.fabrykachlodu.pl\/sklep\/produkt\/fc-filtry-powietrza-do-klimatyzacji-midea-bio-katechinowy\/","title":{"rendered":"\u00b0FC Filtry powietrza do klimatora Midea \u2013 BIO Katechinowy"},"content":{"rendered":"<h1>Filtry BIO gromadz\u0105 kurz, dodatkowo zniknie podra\u017cnienie p\u0142uc, oczu, jak r\u00f3wnie\u017c przestaniesz kicha\u0107 bez powodu.<\/h1>\n<p>Czy wiesz, \u017ce powietrze wewn\u0105trz mo\u017ce by\u0107 5 razy bardziej zanieczyszczone? Kiedy zbli\u017ca si\u0119 wiosna i lato to py\u0142ki zawieszone w powietrzu wydzielane przez samochody, podra\u017cniaj\u0105 drogi oddechowe, powoduj\u0105c astm\u0119, alergie, szczypanie oczu, kichanie.<\/p>\n<p>Zam\u00f3wienie dotyczy filtr BIO do klimatyzator\u00f3w MIDEA, pasuj\u0105cy do modeli<br \/>\nBLANC,BREEZELESS+, EVEREST, MISSION SMART, MISSION XTREME, ORAZ INNYCH MODELI ZAWIERAJ\u0104CYCH SIATKOWY FILTR WST\u0118PNY. Zam\u00f3wienie dotyczy filtr zamienny z jonami srebra do klimatyzator\u00f3w MIDEA, pasuj\u0105cy do modeli BLANC,BREEZELESS+, EVEREST, MISSION SMART, MISSION XTREME, MULTI SPLIT ORAZ INNYCH MODELI ZAWIERAJ\u0104CYCH SIATKOWY FILTR WST\u0118PNY. Zam\u00f3wienie dotyczy jednego filtra, wchodz\u0105cego z lewej lub prawej strony filtra siateczkowego. Celem zwi\u0119kszenia skuteczno\u015bci rekomendujemy wymian\u0119 kompletu 2 filtr\u00f3w tego samego rodzaju. Skuteczno\u015b\u0107 filtracji potwierdzona przy dw\u00f3ch filtrach (prawy i lewy). Prosz\u0119 doda\u0107 dwa filtry do koszyka.<\/p>\n<p>Filtry BIO ogranicz\u0105 rozw\u00f3j ple\u015bni, mikroorganizm\u00f3w oraz szkodliwych dla cz\u0142owieka grzyb\u00f3w. Dzi\u0119ki biofiltracji powietrza skutecznie eliminowane s\u0105 zanieczyszczenia, wirusy i bakterie,  aby komfort by\u0142 zawsze gwarantowany.<\/p>\n<h2>Filtr BIO do klimatyzator\u00f3w MIDEA, najwa\u017cniejsze zalety:<\/h2>\n<p>Sterylizacja powietrza<br \/>\nUsuwanie wirus\u00f3w i bakterii<br \/>\nPoch\u0142anianie kurzu<br \/>\nFiltr ekologiczny z naturalnych wyci\u0105g\u00f3w ro\u015blinnych<\/p>\n<p>\nOczy\u015bci powietrze w pokoju 25m2 w 2 godziny<\/p>\n<p>Zamienny filtr BIO czyni jednostk\u0119 wewn\u0119trzn\u0105 klimatyzatora MIDEA od\u015bwie\u017caczem powietrza. Wystarczy, ze zamocujesz filtry do filtra siatkowego b\u0119d\u0105cego w podstawowym wyposa\u017ceniu jednostki i w\u0142\u0105czysz klimatyzator w trybie nawiewu. <\/p>\n<p>Klimatyzator marki MIDEA w podstawowej wersji posiada filtr powietrza siatkowy, kt\u00f3ry filtruje kurz oraz inne zanieczyszczenia widoczne go\u0142ym okiem. Taki filtr to podstawowe oczyszczenie powietrza. Filtr dodatkowy znacznie podnosi jako\u015b\u0107 powietrza bo s\u0105 2w1, czyli podw\u00f3jna warstwa filtruje zanieczyszczenia do 98%.<\/p>\n<p>Biofiltry nasycone s\u0105 biokatalizatorami czyli wyci\u0105giem ro\u015blinnym. W celu biofiltracji stosuj\u0119 si\u0119 dwa rodzaje substancji do nasycenia jest to katechina i wasabi. Aby biofiltracja by\u0142a skuteczna filtry s\u0105 pokryte czynnikiem pochodzenia naturalnego, dzi\u0119ki temu neutralizacja oraz blokowanie rozwoju grzyb\u00f3w, ple\u015bni bakterii i wirus\u00f3w odbywa si\u0119 w naturalny i ekologiczny spos\u00f3b.<\/p>\n<p>Powietrze mo\u017cemy oczyszcza\u0107 na r\u00f3\u017cne sposoby zale\u017cne od tego czego chcemy si\u0119 pozby\u0107. Dzielimy zanieczyszczone powietrze na dwie kategorie. <\/p>\n<p>Pierwsza kategoria to wszystko to co fruwa czyli kurz, sier\u015b\u0107 zwierz\u0105t oraz, z mniejszych s\u0105 to py\u0142ki, zarodniki grzyb\u00f3w, ple\u015bnie. Druga kategoria to  roztocza, pa\u0142eczki okr\u0119\u017cnicy, gronkowca z\u0142ocistego.<\/p>\n<p>Do poradzenia z fruwaj\u0105cymi zanieczyszczeniami powietrza u\u017cyjemy plisowanej w\u0142\u00f3kniny z mikroskopijnych w\u0142\u00f3kien, a do poradzenia z druga kategoria czyli bakteriami i wirusami u\u017cyjemy BIO filtra.<\/p>\n<p><b>Jak dzia\u0142a bio filtr?<\/b><br \/>\nWymienne filtry to po\u0142\u0105czenie filtruj\u0105cego materia\u0142u i warstwy nas\u0105czonej w wyci\u0105gach ro\u015blinnych.  Jeden filtr sk\u0142adaj\u0105cy si\u0119 z dw\u00f3ch warstw oczy\u015bci powietrze z wszystkiego tego co fruwa, oraz z roztoczy,  pa\u0142eczki okr\u0119\u017cnicy, gronkowca z\u0142ocistego. Plisa o wysoko\u015bci 0.5mm cyrkluje powietrze, po to aby nagromadzone powietrze wewn\u0105trz filtru by\u0142o wypychane podci\u015bnieniem, przez kolejn\u0105 warstw\u0119 w\u0119gla aktywowanego.<\/p>\n<p><b>Jak dzia\u0142a warstwa plisowana?<\/b><br \/>\nFiltr materia\u0142owe plisowane wykonano z mikro w\u0142\u00f3kien, kt\u00f3re nie przepuszczaj\u0105 cz\u0105steczek lotnych wi\u0119kszych ni\u017c 0.25mirko metra. Dla por\u00f3wnania to np. ludzki w\u0142os 0.5 a 0.3 to wirus. Materia\u0142y filtruj\u0105ce wyst\u0119puj\u0105 w r\u00f3\u017cnej formie np. plisowane, filtry HEPA, kieszonkowe i stosuje si\u0119 je w plac\u00f3wkach medycznych i sterylnych laboratoriach, kt\u00f3re poch\u0142aniaj\u0105 cz\u0105steczki wi\u0119ksze ni\u017c 0.3mm.<\/p>\n<p>W filtrach w\u0142\u00f3knina z mikroskopijnych w\u0142\u00f3kien dzia\u0142a jak pierwsze sito poch\u0142aniaj\u0105c wszystko to co lata czyli wi\u0119ksze cz\u0105steczki , drugie sito to warstwa BIO poch\u0142aniaj\u0105ca mikroorganizmy \u2013 bakterie, przetrwalniki i wirusy.<\/p>\n<h3>Wybierz spo\u015br\u00f3d: Filtr z jonami srebra, aktywny w\u0119glowy, BIO i zagwarantuj sobie zdrowe i  oczyszczone powietrze. Filtry powinny wymieniane minimum co 6 miesi\u0119cy, je\u015bli s\u0105 w domu zwierz\u0119ta to co 3 miesi\u0105ce.<\/h3>\n","protected":false},"excerpt":{"rendered":"<p><span style=\"color: #000000;\"><strong>Najwa\u017cniejsze zalety<\/strong><\/span><\/p>\n[dt_list style=\"1\" bullet_position=\"middle\" dividers=\"true\"][dt_list_item image=\"\"]Wysoka skuteczno\u015b\u0107[\/dt_list_item][dt_list_item image=\"\"]Nie podnosi rachunku za pr\u0105d[\/dt_list_item][dt_list_item image=\"\"]Samodzielny monta\u017c[\/dt_list_item][dt_list_item image=\"\"]Mo\u017cliwo\u015b\u0107 ch\u0142odzenia, grzania[\/dt_list_item][\/dt_list]\n","protected":false},"featured_media":55003,"template":"","meta":[],"product_cat":[814,2166,189],"product_tag":[4467,5971,5069,5051,5052],"yoast_head":"<!-- This site is optimized with the Yoast SEO plugin v22.1 - https:\/\/yoast.com\/wordpress\/plugins\/seo\/ -->\n<title>\u00b0FC Filtry powietrza do klimatyzacji Midea \u2013 Katechinowy BIO do BLANC,BREEZELESS+, EVEREST, MISSION SMART, MISSION XTREME,<\/title>\n<meta name=\"description\" content=\"\u00b0FC Filtry powietrza do klimatyzacji Midea \u2013 Katechinowy BIO do BLANC,BREEZELESS+, EVEREST, MISSION SMART, MISSION XTREME,\" \/>\n<meta name=\"robots\" content=\"index, follow, max-snippet:-1, max-image-preview:large, max-video-preview:-1\" \/>\n<link rel=\"canonical\" href=\"https:\/\/www.fabrykachlodu.pl\/sklep\/produkt\/fc-filtry-powietrza-do-klimatyzacji-midea-bio-katechinowy\/\" \/>\n<meta name=\"twitter:label1\" content=\"Szacowany czas czytania\" \/>\n\t<meta name=\"twitter:data1\" content=\"3 minuty\" \/>\n<script type=\"application\/ld+json\" class=\"yoast-schema-graph\">{\"@context\":\"https:\/\/schema.org\",\"@graph\":[{\"@type\":\"WebPage\",\"@id\":\"https:\/\/www.fabrykachlodu.pl\/sklep\/produkt\/fc-filtry-powietrza-do-klimatyzacji-midea-bio-katechinowy\/\",\"url\":\"https:\/\/www.fabrykachlodu.pl\/sklep\/produkt\/fc-filtry-powietrza-do-klimatyzacji-midea-bio-katechinowy\/\",\"name\":\"\u00b0FC Filtry powietrza do klimatyzacji Midea \u2013 Katechinowy BIO do BLANC,BREEZELESS+, EVEREST, MISSION SMART, MISSION XTREME,\",\"isPartOf\":{\"@id\":\"https:\/\/www.fabrykachlodu.pl\/sklep\/#website\"},\"datePublished\":\"2019-12-09T22:49:05+00:00\",\"dateModified\":\"2023-03-06T21:48:24+00:00\",\"description\":\"\u00b0FC Filtry powietrza do klimatyzacji Midea \u2013 Katechinowy BIO do BLANC,BREEZELESS+, EVEREST, MISSION SMART, MISSION XTREME,\",\"breadcrumb\":{\"@id\":\"https:\/\/www.fabrykachlodu.pl\/sklep\/produkt\/fc-filtry-powietrza-do-klimatyzacji-midea-bio-katechinowy\/#breadcrumb\"},\"inLanguage\":\"pl-PL\",\"potentialAction\":[{\"@type\":\"ReadAction\",\"target\":[\"https:\/\/www.fabrykachlodu.pl\/sklep\/produkt\/fc-filtry-powietrza-do-klimatyzacji-midea-bio-katechinowy\/\"]}]},{\"@type\":\"BreadcrumbList\",\"@id\":\"https:\/\/www.fabrykachlodu.pl\/sklep\/produkt\/fc-filtry-powietrza-do-klimatyzacji-midea-bio-katechinowy\/#breadcrumb\",\"itemListElement\":[{\"@type\":\"ListItem\",\"position\":1,\"name\":\"Strona g\u0142\u00f3wna\",\"item\":\"https:\/\/www.fabrykachlodu.pl\/sklep\/\"},{\"@type\":\"ListItem\",\"position\":2,\"name\":\"Szukasz klimatzyacji biurowej sklepowej lub do mieszkania?\",\"item\":\"https:\/\/www.fabrykachlodu.pl\/sklep\/\"},{\"@type\":\"ListItem\",\"position\":3,\"name\":\"MIDEA\",\"item\":\"https:\/\/www.fabrykachlodu.pl\/sklep\/product-category\/midea\/\"},{\"@type\":\"ListItem\",\"position\":4,\"name\":\"Akcesoria\",\"item\":\"https:\/\/www.fabrykachlodu.pl\/sklep\/product-category\/midea\/akcesoria-midea\/\"},{\"@type\":\"ListItem\",\"position\":5,\"name\":\"Filtry\",\"item\":\"https:\/\/www.fabrykachlodu.pl\/sklep\/product-category\/midea\/akcesoria-midea\/filtry\/\"},{\"@type\":\"ListItem\",\"position\":6,\"name\":\"\u00b0FC Filtry powietrza do klimatora Midea \u2013 BIO Katechinowy\"}]},{\"@type\":\"WebSite\",\"@id\":\"https:\/\/www.fabrykachlodu.pl\/sklep\/#website\",\"url\":\"https:\/\/www.fabrykachlodu.pl\/sklep\/\",\"name\":\"\u00b0FC Sklep Internetowy monta\u017c klimatyzacji pomp ciep\u0142a\",\"description\":\"\u00b0FC monta\u017c klimatyzacji pomp ciep\u0142a z nami to szybki i tani wyb\u00f3r.  Us\u0142ugi monta\u017cowe i serwisowe W Warszawie i okolicach..\",\"potentialAction\":[{\"@type\":\"SearchAction\",\"target\":{\"@type\":\"EntryPoint\",\"urlTemplate\":\"https:\/\/www.fabrykachlodu.pl\/sklep\/?s={search_term_string}\"},\"query-input\":\"required name=search_term_string\"}],\"inLanguage\":\"pl-PL\"}]}<\/script>\n<!-- \/ Yoast SEO plugin. -->","yoast_head_json":{"title":"\u00b0FC Filtry powietrza do klimatyzacji Midea \u2013 Katechinowy BIO do BLANC,BREEZELESS+, EVEREST, MISSION SMART, MISSION XTREME,","description":"\u00b0FC Filtry powietrza do klimatyzacji Midea \u2013 Katechinowy BIO do BLANC,BREEZELESS+, EVEREST, MISSION SMART, MISSION XTREME,","robots":{"index":"index","follow":"follow","max-snippet":"max-snippet:-1","max-image-preview":"max-image-preview:large","max-video-preview":"max-video-preview:-1"},"canonical":"https:\/\/www.fabrykachlodu.pl\/sklep\/produkt\/fc-filtry-powietrza-do-klimatyzacji-midea-bio-katechinowy\/","twitter_misc":{"Szacowany czas czytania":"3 minuty"},"schema":{"@context":"https:\/\/schema.org","@graph":[{"@type":"WebPage","@id":"https:\/\/www.fabrykachlodu.pl\/sklep\/produkt\/fc-filtry-powietrza-do-klimatyzacji-midea-bio-katechinowy\/","url":"https:\/\/www.fabrykachlodu.pl\/sklep\/produkt\/fc-filtry-powietrza-do-klimatyzacji-midea-bio-katechinowy\/","name":"\u00b0FC Filtry powietrza do klimatyzacji Midea \u2013 Katechinowy BIO do BLANC,BREEZELESS+, EVEREST, MISSION SMART, MISSION XTREME,","isPartOf":{"@id":"https:\/\/www.fabrykachlodu.pl\/sklep\/#website"},"datePublished":"2019-12-09T22:49:05+00:00","dateModified":"2023-03-06T21:48:24+00:00","description":"\u00b0FC Filtry powietrza do klimatyzacji Midea \u2013 Katechinowy BIO do BLANC,BREEZELESS+, EVEREST, MISSION SMART, MISSION XTREME,","breadcrumb":{"@id":"https:\/\/www.fabrykachlodu.pl\/sklep\/produkt\/fc-filtry-powietrza-do-klimatyzacji-midea-bio-katechinowy\/#breadcrumb"},"inLanguage":"pl-PL","potentialAction":[{"@type":"ReadAction","target":["https:\/\/www.fabrykachlodu.pl\/sklep\/produkt\/fc-filtry-powietrza-do-klimatyzacji-midea-bio-katechinowy\/"]}]},{"@type":"BreadcrumbList","@id":"https:\/\/www.fabrykachlodu.pl\/sklep\/produkt\/fc-filtry-powietrza-do-klimatyzacji-midea-bio-katechinowy\/#breadcrumb","itemListElement":[{"@type":"ListItem","position":1,"name":"Strona g\u0142\u00f3wna","item":"https:\/\/www.fabrykachlodu.pl\/sklep\/"},{"@type":"ListItem","position":2,"name":"Szukasz klimatzyacji biurowej sklepowej lub do mieszkania?","item":"https:\/\/www.fabrykachlodu.pl\/sklep\/"},{"@type":"ListItem","position":3,"name":"MIDEA","item":"https:\/\/www.fabrykachlodu.pl\/sklep\/product-category\/midea\/"},{"@type":"ListItem","position":4,"name":"Akcesoria","item":"https:\/\/www.fabrykachlodu.pl\/sklep\/product-category\/midea\/akcesoria-midea\/"},{"@type":"ListItem","position":5,"name":"Filtry","item":"https:\/\/www.fabrykachlodu.pl\/sklep\/product-category\/midea\/akcesoria-midea\/filtry\/"},{"@type":"ListItem","position":6,"name":"\u00b0FC Filtry powietrza do klimatora Midea \u2013 BIO Katechinowy"}]},{"@type":"WebSite","@id":"https:\/\/www.fabrykachlodu.pl\/sklep\/#website","url":"https:\/\/www.fabrykachlodu.pl\/sklep\/","name":"\u00b0FC Sklep Internetowy monta\u017c klimatyzacji pomp ciep\u0142a","description":"\u00b0FC monta\u017c klimatyzacji pomp ciep\u0142a z nami to szybki i tani wyb\u00f3r.  Us\u0142ugi monta\u017cowe i serwisowe W Warszawie i okolicach..","potentialAction":[{"@type":"SearchAction","target":{"@type":"EntryPoint","urlTemplate":"https:\/\/www.fabrykachlodu.pl\/sklep\/?s={search_term_string}"},"query-input":"required name=search_term_string"}],"inLanguage":"pl-PL"}]}},"_links":{"self":[{"href":"https:\/\/www.fabrykachlodu.pl\/sklep\/wp-json\/wp\/v2\/product\/50245"}],"collection":[{"href":"https:\/\/www.fabrykachlodu.pl\/sklep\/wp-json\/wp\/v2\/product"}],"about":[{"href":"https:\/\/www.fabrykachlodu.pl\/sklep\/wp-json\/wp\/v2\/types\/product"}],"wp:featuredmedia":[{"embeddable":true,"href":"https:\/\/www.fabrykachlodu.pl\/sklep\/wp-json\/wp\/v2\/media\/55003"}],"wp:attachment":[{"href":"https:\/\/www.fabrykachlodu.pl\/sklep\/wp-json\/wp\/v2\/media?parent=50245"}],"wp:term":[{"taxonomy":"product_cat","embeddable":true,"href":"https:\/\/www.fabrykachlodu.pl\/sklep\/wp-json\/wp\/v2\/product_cat?post=50245"},{"taxonomy":"product_tag","embeddable":true,"href":"https:\/\/www.fabrykachlodu.pl\/sklep\/wp-json\/wp\/v2\/product_tag?post=50245"}],"curies":[{"name":"wp","href":"https:\/\/api.w.org\/{rel}","templated":true}]}}