{"id":50246,"date":"2019-12-09T23:49:05","date_gmt":"2019-12-09T22:49:05","guid":{"rendered":"http:\/\/www.fabrykachlodu.pl\/sklep\/?post_type=product&#038;p=50246"},"modified":"2023-03-06T22:48:25","modified_gmt":"2023-03-06T21:48:25","slug":"fc-filtry-powietrza-do-klimatyzacji-midea-aktywny-weglowy","status":"publish","type":"product","link":"https:\/\/www.fabrykachlodu.pl\/sklep\/produkt\/fc-filtry-powietrza-do-klimatyzacji-midea-aktywny-weglowy\/","title":{"rendered":"\u00b0FC Filtry powietrza do klimatora Midea &#8211; Aktywny w\u0119glowy"},"content":{"rendered":"<h1>Kiedy smog powraca celowo unikamy przebywania na zewn\u0105trz. Ale czy wiesz, \u017ce powietrze wewn\u0105trz mo\u017ce by\u0107 5 razy bardziej zanieczyszczone? <\/h1>\n<p>Zam\u00f3wienie dotyczy filtr w\u0119gla aktywnego do klimatyzator\u00f3w , pasuj\u0105cy do modeli<br \/>\nBLANC,BREEZELESS+, EVEREST, MISSION SMART, MISSION XTREME, MULTI SPLIT ORAZ INNYCH MODELI ZAWIERAJ\u0104CYCH SIATKOWY FILTR WST\u0118PNY. Zam\u00f3wienie dotyczy filtr zamienny z jonami srebra do klimatyzator\u00f3w MIDEA, pasuj\u0105cy do modeli BLANC,BREEZELESS+, EVEREST, MISSION SMART, MISSION XTREME, MULTI SPLIT ORAZ INNYCH MODELI ZAWIERAJ\u0104CYCH SIATKOWY FILTR WST\u0118PNY. Zam\u00f3wienie dotyczy jednego filtra, wchodz\u0105cego z lewej lub prawej strony filtra siateczkowego. Celem zwi\u0119kszenia skuteczno\u015bci rekomendujemy wymian\u0119 kompletu 2 filtr\u00f3w tego samego rodzaju. Skuteczno\u015b\u0107 filtracji potwierdzona przy dw\u00f3ch filtrach (prawy i lewy). Prosz\u0119 doda\u0107 dwa filtry do koszyka.<\/p>\n<p>Od klimatyzator\u00f3w oczekuje si\u0119 dostarczenia odpowiednich warunk\u00f3w termicznych, tak\u017ce zapewnienia dobrej jako\u015bci powietrza nawiewanego, tak by by\u0142o ono wolne od zanieczyszcze\u0144, bakterii i zapach\u00f3w. W zwi\u0105zku z tym klimatyzatory wyposa\u017cone s\u0105 cz\u0119sto w do\u015b\u0107 z\u0142o\u017cone dodatkowe filtry.<\/p>\n<p>Kiedy zbli\u017ca si\u0119 jesie\u0144 i zima zawieszone w powietrzu lekkie py\u0142ki wydzielane przez samochody, paleniska domowe podra\u017cniaj\u0105 drogi oddechowe, wnikaj\u0105c do organizmu cz\u0142owieka. Ochrona przed zanieczyszczonym powietrzem w domu to ochrona najbli\u017cszych przed aktywnym wdychaniem mikroskopijnych zanieczyszcze\u0144.<\/p>\n<p>Powietrze mo\u017cemy oczyszcza\u0107 na r\u00f3\u017cne sposoby zale\u017cne od tego czego chcemy si\u0119 pozby\u0107. Dzielimy zanieczyszczone powietrze na dwie kategorie. Pierwsza kategoria to wszystko to co fruwa czyli kurz, czy sier\u015b\u0107 zwierz\u0105t, oraz z mniejszych s\u0105 to py\u0142ki, zarodniki grzyb\u00f3w, ple\u015bnie. Druga kategoria to  lotne zwi\u0105zki organiczne i pestycydy, a tak\u017ce chloru, benzenu, a w domu nieprzyjemne zapachy oraz dym tytoniowy. Do poradzenia z fruwaj\u0105cymi zanieczyszczeniami powietrza u\u017cyjemy plisowanej w\u0142\u00f3kniny z mikroskopijnych w\u0142\u00f3kien, a do poradzenia z druga kategoria czyli zapachami u\u017cyjemy filtr\u00f3w w\u0119glowych. <\/br>Dlatego filtry warstwowe ciesz\u0105 si\u0119 wielk\u0105 popularno\u015bci\u0105 bo usuwaj\u0105 kilka rodzaj\u00f3w zanieczyszcze\u0144 naraz.<\/br><\/p>\n<h2>Filtr w\u0119gla aktywnego do klimatyzator\u00f3w MIDEA, najwa\u017cniejsze zalety:<\/h2>\n<p>Usunie zanieczyszczenia lotne<br \/>\nUsunie py\u0142y zawieszone, zapachy, substancje zawartych w dymie<br \/>\nPoch\u0142anianie kurzu<br \/>\nOczy\u015bci powietrze w pokoju 25m2 w 2 godziny<\/p>\n<p>Zamienny filtr w\u0119gla aktywnego czyni jednostk\u0119 wewn\u0119trzn\u0105 klimatyzatora od\u015bwie\u017caczem powietrza. Wystarczy, ze zamocujesz filtry do filtra siatkowego b\u0119d\u0105cego w podstawowym wyposa\u017ceniu jednostki i w\u0142\u0105czysz klimatyzator w trybie nawiewu.<\/p>\n<p>Klimatyzator marki MIDEA w podstawowej wersji posiada filtr powietrza siatkowy, kt\u00f3ry filtruje kurz oraz inne zanieczyszczenia widoczne go\u0142ym okiem. Taki filtr to podstawowe oczyszczenie powietrza. Filtr dodatkowy znacznie podnosi jako\u015b\u0107 powietrza bo s\u0105 2w1, czyli podw\u00f3jna warstwa filtruje zanieczyszczenia do 98%.<\/p>\n<p>Filtry w\u0119gla aktywowanego usuwa powy\u017cej 83% zanieczyszcze\u0144 o wielko\u015bci do 2.5PM, ju\u017c w pierwszej godzinie u\u017cytkowania. W\u0142\u0105czaj\u0105c klimatyzator w trybie nawiew, w dwie godziny oczy\u015bci powietrze w pokoju o wielko\u015bci 25mw2. Pob\u00f3r elektryczno\u015bci nie zwi\u0119kszy si\u0119 poniewa\u017c tryb nawiew nie wymusza pracy kompresora, jedynie przet\u0142acza powietrze zgromadzone w pomieszczeniu. Dzi\u0119ki temu nawet w zimowe dni oczy\u015bcisz powietrze, a klimatyzator b\u0119dzie dzia\u0142a\u0142 jako od\u015bwie\u017cacz powietrza.<\/p>\n<p>Smog oznacza zanieczyszczanie powietrza metalami, gazami lub py\u0142ami. \u015awiatowa Organizacja Zdrowia WHO uzna\u0142a, \u017ce zanieczyszczenie powietrza jest rakotw\u00f3rcze. Szacuje si\u0119, \u017ce w Polsce rocznie ponad 40 tysi\u0119cy os\u00f3b umiera przedwcze\u015bnie rocznie powi\u0105zanych z zanieczyszczeniem powietrza. Oddychanie powietrzem zanieczyszczonym zawieraj\u0105cym tzw. py\u0142y zawieszone tj. drobnym py\u0142em z palenisk domowych oraz transportu drogowy mo\u017ce prowadzi\u0107 do mia\u017cd\u017cycy, a tak\u017ce wp\u0142ywa\u0107 na choroby uk\u0142adu oddechowego, lub na wyniki porodu, bo py\u0142 jest bardzo ma\u0142y 2,5 PM (2.5 mikrometra) i lekki, kt\u00f3ry \u0142atwo przenika do uk\u0142adu oddechowego, nerwowego, krwiobiegu i do m\u00f3zgu cz\u0142owieka.<\/p>\n<p>Jak dzia\u0142a filtr aktywnego w\u0119gla z warstw\u0105 z plisowanego materia\u0142u filtracyjnego?<\/br><br \/>\nW filtrach w\u0142\u00f3knina z mikroskopijnych w\u0142\u00f3kien dzia\u0142a jak pierwsze sito poch\u0142aniaj\u0105c wszystko to co unosi si\u0119 czyli wi\u0119ksze cz\u0105steczki, kurz zgromadzony na meblach. Drugie sito to w\u0119giel aktywowany poch\u0142aniaj\u0105cy siarki (IV), tlenki azotu, tlenki w\u0119gla, sadza oraz wspomniane ju\u017c trudno opadaj\u0105ce py\u0142y. Latem w\u0119giel aktywowany eliminuje tlenki w\u0119gla, tlenki azotu i w\u0119glowodory generowane przez  intensywny transport, zapachy, w tym dym tytoniowy.<\/p>\n<p>Jak dzia\u0142a warstwa plisowana z materia\u0142u filtruj\u0105cego?<\/br><br \/>\nFiltr materia\u0142owe plisowane wykonano z mikro w\u0142\u00f3kien, kt\u00f3re nie przepuszczaj\u0105 cz\u0105steczek lotnych wi\u0119kszych ni\u017c 0.25PM metra. Dla por\u00f3wnania to np. ludzki w\u0142os 0.5PM a 0.3PM to wirus. Materia\u0142y filtruj\u0105ce wyst\u0119puj\u0105 w r\u00f3\u017cnej formie np. plisowane, filtry HEPA, kieszonkowe i stosuje si\u0119 je w plac\u00f3wkach medycznych i sterylnych laboratoriach, kt\u00f3re poch\u0142aniaj\u0105 cz\u0105steczki wi\u0119ksze ni\u017c 0.3PM.<\/p>\n<p>Jak dzia\u0142a warstwa aktywowanego w\u0119gla?<\/br><br \/>\nDruga warstwa to filtr w\u0119glowy czyli w\u0119giel aktywowany, wykorzystywany do proces\u00f3w oczyszczenia dlatego, \u017ce ma porowata struktur\u0119, du\u017ca liczba mikroskopijnych  por\u00f3w sprawia, \u017ce z niewielkiej obj\u0119to\u015bci w\u0119gla aktywowanego uzyska\u0107 du\u017c\u0105 powierzchni\u0119. Dla przyk\u0142adu g\u0105bka, kt\u00f3ra nie jest du\u017ca ale mo\u017ce poch\u0142on\u0105\u0107 du\u017c\u0105 ilo\u015b\u0107 wody. W podobny spos\u00f3b do wielkiej powierzchni w\u0119gla aktywowanego mog\u0105 przyczepia\u0107 si\u0119 r\u00f3\u017cne cz\u0105steczki.<\/p>\n<h3>Wybierz spo\u015br\u00f3d: Filtr z jonami srebra, aktywny w\u0119glowy, BIO i zagwarantuj sobie zdrowe i  oczyszczone powietrze. Filtry powinny wymieniane minimum co 6 miesi\u0119cy, je\u015bli s\u0105 w domu zwierz\u0119ta to co 3 miesi\u0105ce.<\/h3>\n","protected":false},"excerpt":{"rendered":"<p><span style=\"color: #000000;\"><strong>Najwa\u017cniejsze zalety<\/strong><\/span><\/p>\n[dt_list style=\"1\" bullet_position=\"middle\" dividers=\"true\"][dt_list_item image=\"\"]Wysoka skuteczno\u015b\u0107[\/dt_list_item][dt_list_item image=\"\"]Nie podnosi rachunku za pr\u0105d[\/dt_list_item][dt_list_item image=\"\"]Samodzielny monta\u017c[\/dt_list_item][dt_list_item image=\"\"]Mo\u017cliwo\u015b\u0107 ch\u0142odzenia, grzania[\/dt_list_item][\/dt_list]\n","protected":false},"featured_media":55005,"template":"","meta":[],"product_cat":[814,2166,189],"product_tag":[4467,5976,5057,5071,5058],"yoast_head":"<!-- This site is optimized with the Yoast SEO plugin v22.1 - https:\/\/yoast.com\/wordpress\/plugins\/seo\/ -->\n<title>\u00b0FC Filtry powietrza do klimatyzacji Midea - Aktywny w\u0119glowy do BLANC,BREEZELESS+, EVEREST, MISSION SMART, MISSION XTREME,<\/title>\n<meta name=\"description\" content=\"\u00b0FC Filtry powietrza do klimatyzacji Midea - Aktywny w\u0119glowy do BLANC,BREEZELESS+, EVEREST, MISSION SMART, MISSION XTREME,\" \/>\n<meta name=\"robots\" content=\"index, follow, max-snippet:-1, max-image-preview:large, max-video-preview:-1\" \/>\n<link rel=\"canonical\" href=\"https:\/\/www.fabrykachlodu.pl\/sklep\/produkt\/fc-filtry-powietrza-do-klimatyzacji-midea-aktywny-weglowy\/\" \/>\n<meta name=\"twitter:label1\" content=\"Szacowany czas czytania\" \/>\n\t<meta name=\"twitter:data1\" content=\"5 minut\" \/>\n<script type=\"application\/ld+json\" class=\"yoast-schema-graph\">{\"@context\":\"https:\/\/schema.org\",\"@graph\":[{\"@type\":\"WebPage\",\"@id\":\"https:\/\/www.fabrykachlodu.pl\/sklep\/produkt\/fc-filtry-powietrza-do-klimatyzacji-midea-aktywny-weglowy\/\",\"url\":\"https:\/\/www.fabrykachlodu.pl\/sklep\/produkt\/fc-filtry-powietrza-do-klimatyzacji-midea-aktywny-weglowy\/\",\"name\":\"\u00b0FC Filtry powietrza do klimatyzacji Midea - Aktywny w\u0119glowy do BLANC,BREEZELESS+, EVEREST, MISSION SMART, MISSION XTREME,\",\"isPartOf\":{\"@id\":\"https:\/\/www.fabrykachlodu.pl\/sklep\/#website\"},\"datePublished\":\"2019-12-09T22:49:05+00:00\",\"dateModified\":\"2023-03-06T21:48:25+00:00\",\"description\":\"\u00b0FC Filtry powietrza do klimatyzacji Midea - Aktywny w\u0119glowy do BLANC,BREEZELESS+, EVEREST, MISSION SMART, MISSION XTREME,\",\"breadcrumb\":{\"@id\":\"https:\/\/www.fabrykachlodu.pl\/sklep\/produkt\/fc-filtry-powietrza-do-klimatyzacji-midea-aktywny-weglowy\/#breadcrumb\"},\"inLanguage\":\"pl-PL\",\"potentialAction\":[{\"@type\":\"ReadAction\",\"target\":[\"https:\/\/www.fabrykachlodu.pl\/sklep\/produkt\/fc-filtry-powietrza-do-klimatyzacji-midea-aktywny-weglowy\/\"]}]},{\"@type\":\"BreadcrumbList\",\"@id\":\"https:\/\/www.fabrykachlodu.pl\/sklep\/produkt\/fc-filtry-powietrza-do-klimatyzacji-midea-aktywny-weglowy\/#breadcrumb\",\"itemListElement\":[{\"@type\":\"ListItem\",\"position\":1,\"name\":\"Strona g\u0142\u00f3wna\",\"item\":\"https:\/\/www.fabrykachlodu.pl\/sklep\/\"},{\"@type\":\"ListItem\",\"position\":2,\"name\":\"Szukasz klimatzyacji biurowej sklepowej lub do mieszkania?\",\"item\":\"https:\/\/www.fabrykachlodu.pl\/sklep\/\"},{\"@type\":\"ListItem\",\"position\":3,\"name\":\"MIDEA\",\"item\":\"https:\/\/www.fabrykachlodu.pl\/sklep\/product-category\/midea\/\"},{\"@type\":\"ListItem\",\"position\":4,\"name\":\"Akcesoria\",\"item\":\"https:\/\/www.fabrykachlodu.pl\/sklep\/product-category\/midea\/akcesoria-midea\/\"},{\"@type\":\"ListItem\",\"position\":5,\"name\":\"Filtry\",\"item\":\"https:\/\/www.fabrykachlodu.pl\/sklep\/product-category\/midea\/akcesoria-midea\/filtry\/\"},{\"@type\":\"ListItem\",\"position\":6,\"name\":\"\u00b0FC Filtry powietrza do klimatora Midea &#8211; Aktywny w\u0119glowy\"}]},{\"@type\":\"WebSite\",\"@id\":\"https:\/\/www.fabrykachlodu.pl\/sklep\/#website\",\"url\":\"https:\/\/www.fabrykachlodu.pl\/sklep\/\",\"name\":\"\u00b0FC Sklep Internetowy monta\u017c klimatyzacji pomp ciep\u0142a\",\"description\":\"\u00b0FC monta\u017c klimatyzacji pomp ciep\u0142a z nami to szybki i tani wyb\u00f3r.  Us\u0142ugi monta\u017cowe i serwisowe W Warszawie i okolicach..\",\"potentialAction\":[{\"@type\":\"SearchAction\",\"target\":{\"@type\":\"EntryPoint\",\"urlTemplate\":\"https:\/\/www.fabrykachlodu.pl\/sklep\/?s={search_term_string}\"},\"query-input\":\"required name=search_term_string\"}],\"inLanguage\":\"pl-PL\"}]}<\/script>\n<!-- \/ Yoast SEO plugin. -->","yoast_head_json":{"title":"\u00b0FC Filtry powietrza do klimatyzacji Midea - Aktywny w\u0119glowy do BLANC,BREEZELESS+, EVEREST, MISSION SMART, MISSION XTREME,","description":"\u00b0FC Filtry powietrza do klimatyzacji Midea - Aktywny w\u0119glowy do BLANC,BREEZELESS+, EVEREST, MISSION SMART, MISSION XTREME,","robots":{"index":"index","follow":"follow","max-snippet":"max-snippet:-1","max-image-preview":"max-image-preview:large","max-video-preview":"max-video-preview:-1"},"canonical":"https:\/\/www.fabrykachlodu.pl\/sklep\/produkt\/fc-filtry-powietrza-do-klimatyzacji-midea-aktywny-weglowy\/","twitter_misc":{"Szacowany czas czytania":"5 minut"},"schema":{"@context":"https:\/\/schema.org","@graph":[{"@type":"WebPage","@id":"https:\/\/www.fabrykachlodu.pl\/sklep\/produkt\/fc-filtry-powietrza-do-klimatyzacji-midea-aktywny-weglowy\/","url":"https:\/\/www.fabrykachlodu.pl\/sklep\/produkt\/fc-filtry-powietrza-do-klimatyzacji-midea-aktywny-weglowy\/","name":"\u00b0FC Filtry powietrza do klimatyzacji Midea - Aktywny w\u0119glowy do BLANC,BREEZELESS+, EVEREST, MISSION SMART, MISSION XTREME,","isPartOf":{"@id":"https:\/\/www.fabrykachlodu.pl\/sklep\/#website"},"datePublished":"2019-12-09T22:49:05+00:00","dateModified":"2023-03-06T21:48:25+00:00","description":"\u00b0FC Filtry powietrza do klimatyzacji Midea - Aktywny w\u0119glowy do BLANC,BREEZELESS+, EVEREST, MISSION SMART, MISSION XTREME,","breadcrumb":{"@id":"https:\/\/www.fabrykachlodu.pl\/sklep\/produkt\/fc-filtry-powietrza-do-klimatyzacji-midea-aktywny-weglowy\/#breadcrumb"},"inLanguage":"pl-PL","potentialAction":[{"@type":"ReadAction","target":["https:\/\/www.fabrykachlodu.pl\/sklep\/produkt\/fc-filtry-powietrza-do-klimatyzacji-midea-aktywny-weglowy\/"]}]},{"@type":"BreadcrumbList","@id":"https:\/\/www.fabrykachlodu.pl\/sklep\/produkt\/fc-filtry-powietrza-do-klimatyzacji-midea-aktywny-weglowy\/#breadcrumb","itemListElement":[{"@type":"ListItem","position":1,"name":"Strona g\u0142\u00f3wna","item":"https:\/\/www.fabrykachlodu.pl\/sklep\/"},{"@type":"ListItem","position":2,"name":"Szukasz klimatzyacji biurowej sklepowej lub do mieszkania?","item":"https:\/\/www.fabrykachlodu.pl\/sklep\/"},{"@type":"ListItem","position":3,"name":"MIDEA","item":"https:\/\/www.fabrykachlodu.pl\/sklep\/product-category\/midea\/"},{"@type":"ListItem","position":4,"name":"Akcesoria","item":"https:\/\/www.fabrykachlodu.pl\/sklep\/product-category\/midea\/akcesoria-midea\/"},{"@type":"ListItem","position":5,"name":"Filtry","item":"https:\/\/www.fabrykachlodu.pl\/sklep\/product-category\/midea\/akcesoria-midea\/filtry\/"},{"@type":"ListItem","position":6,"name":"\u00b0FC Filtry powietrza do klimatora Midea &#8211; Aktywny w\u0119glowy"}]},{"@type":"WebSite","@id":"https:\/\/www.fabrykachlodu.pl\/sklep\/#website","url":"https:\/\/www.fabrykachlodu.pl\/sklep\/","name":"\u00b0FC Sklep Internetowy monta\u017c klimatyzacji pomp ciep\u0142a","description":"\u00b0FC monta\u017c klimatyzacji pomp ciep\u0142a z nami to szybki i tani wyb\u00f3r.  Us\u0142ugi monta\u017cowe i serwisowe W Warszawie i okolicach..","potentialAction":[{"@type":"SearchAction","target":{"@type":"EntryPoint","urlTemplate":"https:\/\/www.fabrykachlodu.pl\/sklep\/?s={search_term_string}"},"query-input":"required name=search_term_string"}],"inLanguage":"pl-PL"}]}},"_links":{"self":[{"href":"https:\/\/www.fabrykachlodu.pl\/sklep\/wp-json\/wp\/v2\/product\/50246"}],"collection":[{"href":"https:\/\/www.fabrykachlodu.pl\/sklep\/wp-json\/wp\/v2\/product"}],"about":[{"href":"https:\/\/www.fabrykachlodu.pl\/sklep\/wp-json\/wp\/v2\/types\/product"}],"wp:featuredmedia":[{"embeddable":true,"href":"https:\/\/www.fabrykachlodu.pl\/sklep\/wp-json\/wp\/v2\/media\/55005"}],"wp:attachment":[{"href":"https:\/\/www.fabrykachlodu.pl\/sklep\/wp-json\/wp\/v2\/media?parent=50246"}],"wp:term":[{"taxonomy":"product_cat","embeddable":true,"href":"https:\/\/www.fabrykachlodu.pl\/sklep\/wp-json\/wp\/v2\/product_cat?post=50246"},{"taxonomy":"product_tag","embeddable":true,"href":"https:\/\/www.fabrykachlodu.pl\/sklep\/wp-json\/wp\/v2\/product_tag?post=50246"}],"curies":[{"name":"wp","href":"https:\/\/api.w.org\/{rel}","templated":true}]}}