{"id":53189,"date":"2020-01-22T11:07:36","date_gmt":"2020-01-22T10:07:36","guid":{"rendered":"http:\/\/www.fabrykachlodu.pl\/sklep\/produkt\/import-placeholder-for-1u50s2sj2fa\/"},"modified":"2022-03-27T22:30:49","modified_gmt":"2022-03-27T20:30:49","slug":"flexis-plus-black-matt-jednostka-zew-1u50s2sj2fa","status":"publish","type":"product","link":"https:\/\/www.fabrykachlodu.pl\/sklep\/produkt\/flexis-plus-black-matt-jednostka-zew-1u50s2sj2fa\/","title":{"rendered":"\u00b0FC Haier Kasetonowy MINI 4-stronny przep\u0142yw powietrza Jesnostka zew. 1U50S2SJ2FA"},"content":{"rendered":"<h2>Zam\u00f3wienie dotyczy: Jesnostka zew. 1U50S2SJ2FA HAIER Kasetonowy 4-stronny przep\u0142yw powietrza R32<\/h2>\n<p><h3><strong>W jednym miejscu poznasz:<\/strong><\/h3>\n<p>Informacje odno\u015bnie klimatyzacji HAIER<br \/>\nPoznasz najwa\u017cniejsze funkcje<br \/>\nPor\u00f3wnasz produkty<br \/>\nPoznasz parametry techniczne<br \/>\nPoznasz cen\u0119 i zrealizujesz zam\u00f3wienie<br \/>\n<strong><\/p>\n<h3>Zamawiaj\u0105c produkt u nas:<\/strong><\/h3>\n<p>Otrzymasz produkt<br \/>\nJednostk\u0119 wewn\u0119trzna<br \/>\nJednostk\u0119 zewn\u0119trzna<br \/>\nSterowanie<br \/>\n<strong><\/p>\n<h3>Zlecaj\u0105c nam monta\u017c otrzymasz:<\/strong><\/h3>\n<p>Rabat na produkty HAIER<br \/>\nKompletne pod\u0142\u0105czenie elektryczne oraz hydrauliczne<br \/>\nGwarancje<br \/>\nSerwis<\/p>\n<p>Wi\u0119kszo\u015b\u0107 marek wybiera u\u017cycie pojedynczej spr\u0119\u017carki z przetwornic\u0105 obrotow\u0105.<br \/>\nProdukty firm, kt\u00f3re oferuje Fabryka Ch\u0142odu, u\u017cywaj\u0105 spr\u0119\u017carki podw\u00f3jnej rotacyjna takich firm jak Hitachi, Mitsubishi Panasonic kt\u00f3re zapewnienia naszym klientom: zmniejszony ha\u0142as, ni\u017csze wibracje oraz wysok\u0105 efektywno\u015b\u0107 energetyczna. Agregat ch\u0142odniczy dopasuje moc ch\u0142odnicz\u0105 to naszych potrzeb czyli ekonomicznie dostarczy dzia\u0142aj\u0105c optymlanie na dostosowanych obrotach.<br \/>\nAnalogicznie, je\u015bli kompresor w\u0142\u0105cza si\u0119 rzadziej, spr\u0119\u017carka pobiera miej napi\u0119cia.<br \/>\nKompresory inwerterowi oraz spr\u0119\u017carki Hitachi, Mitsubishi Panasonic pozwalaj\u0105 na \u0142agodny rozruch czyli agregat w\u0142\u0105czy si\u0119 przy niskim napi\u0119ciu, co r\u00f3wnie\u017c wp\u0142ywa na \u017cywotno\u015b\u0107 spr\u0119\u017carki bo rzadziej si\u0119 w\u0142\u0105cza.<div class=\"su-service\"><div class=\"su-service-title\" style=\"padding-left:52px;min-height:38px;line-height:38px\"><i class=\"sui sui-check-circle\" style=\"font-size:38px;color:#22a0ed\"><\/i> Wskaz\u00f3wka naszego eksperta<\/div><div class=\"su-service-content su-u-clearfix su-u-trim\" style=\"padding-left:52px\">Analogicznie, je\u015bli kompresor w\u0142\u0105cza si\u0119 rzadziej, spr\u0119\u017carka pobiera miej napi\u0119cia.<br \/>\nKompresory inwerterowi oraz spr\u0119\u017carki Hitachi, Mitsubishi Panasonic pozwalaj\u0105 na \u0142agodny rozruch czyli agregat w\u0142\u0105czy si\u0119 przy niskim napi\u0119ciu, co r\u00f3wnie\u017c wp\u0142ywa na \u017cywotno\u015b\u0107 spr\u0119\u017carki bo rzadziej si\u0119 w\u0142\u0105cza.<\/div><\/div>\n<h2><strong>Zapraszamy do por\u00f3wnania zalet i wad klimatyzacji HAIER<\/strong><\/h2>\n<p><strong>Jakie s\u0105 zalety takiego systemu?<\/strong><br \/><div class=\"su-service\"><div class=\"su-service-title\" style=\"padding-left:52px;min-height:38px;line-height:38px\"><i class=\"sui sui-check-circle\" style=\"font-size:38px;color:#22a0ed\"><\/i> Wskaz\u00f3wka naszego eksperta<\/div><div class=\"su-service-content su-u-clearfix su-u-trim\" style=\"padding-left:52px\">Agregat ch\u0142odniczy dopasuje moc ch\u0142odnicz\u0105 to naszych potrzeb czyli ekonomicznie dostarczy dzia\u0142aj\u0105c optymlanie na dostosowanych obrotach.<br \/>\nAnalogicznie, je\u015bli kompresor w\u0142\u0105cza si\u0119 rzadziej, spr\u0119\u017carka pobiera miej napi\u0119cia.<br \/>\nKompresory inwerterowi oraz spr\u0119\u017carki Hitachi, Mitsubishi Panasonic pozwalaj\u0105 na \u0142agodny rozruch czyli agregat w\u0142\u0105czy si\u0119 przy niskim napi\u0119ciu, co r\u00f3wnie\u017c wp\u0142ywa na \u017cywotno\u015b\u0107 spr\u0119\u017carki bo rzadziej si\u0119 w\u0142\u0105cza.<\/div><\/div><strong>Jakie s\u0105 wady tego klimatyzatora?<\/strong><br \/><div class=\"su-service\"><div class=\"su-service-title\" style=\"padding-left:52px;min-height:38px;line-height:38px\"><i class=\"sui sui-check-circle\" style=\"font-size:38px;color:#22a0ed\"><\/i> Wskaz\u00f3wka naszego eksperta<\/div><div class=\"su-service-content su-u-clearfix su-u-trim\" style=\"padding-left:52px\">Spr\u0119\u017carki podw\u00f3jne rotacyjne firm Hitachi, Mitsubishi Panasonic mog\u0105 podnie\u015bc cen\u0119 urz\u0105dzenia.<\/div><\/div>\n<div class=\"hr-thin\"><\/div>\n<div class=\"su-service\"><div class=\"su-service-title\" style=\"padding-left:52px;min-height:38px;line-height:38px\"><i class=\"sui sui-hand-o-right\" style=\"font-size:38px;color:#22a0ed\"><\/i> Podsumowuj\u0105c<\/div><div class=\"su-service-content su-u-clearfix su-u-trim\" style=\"padding-left:52px\">Klimatyzacja kasetonowa sprawdzi si\u0119 ka\u017cdym ma\u0142ym lokalu na etapie projektu lub remontu np. ma\u0142y salon fryzjerski, piekarnia, rze\u017anik, apteka, stoisko, kiosk\/magazyn sklep, kwiaciarnia, ma\u0142e gabinety lekarskie, ma\u0142e biura, ma\u0142e biura (cz\u0119sto zintegrowane w domu).<\/div><\/div>\n<p>PARAMETRY TECHNICZNE<\/p>\n<div class=\"su-tabs su-tabs-style-default su-tabs-mobile-stack\" data-active=\"1\" data-scroll-offset=\"0\" data-anchor-in-url=\"no\"><div class=\"su-tabs-nav\"><span class=\"\" data-url=\"\" data-target=\"blank\" tabindex=\"0\" role=\"button\">Kasetonowy 4-stronny<\/span><span class=\"\" data-url=\"\" data-target=\"blank\" tabindex=\"0\" role=\"button\">Jed. Zewn\u0119trzne<\/span><span class=\"\" data-url=\"\" data-target=\"blank\" tabindex=\"0\" role=\"button\">Tabela korzysci<\/span><span class=\"\" data-url=\"\" data-target=\"blank\" tabindex=\"0\" role=\"button\">Por\u00f3wnanie modeli<\/span><span class=\"\" data-url=\"\" data-target=\"blank\" tabindex=\"0\" role=\"button\">Monta\u017c<\/span><span class=\"\" data-url=\"\" data-target=\"blank\" tabindex=\"0\" role=\"button\">Przepisy F-GAZ<\/span><\/div><div class=\"su-tabs-panes\"><div class=\"su-tabs-pane su-u-clearfix su-u-trim\" data-title=\"Kasetonowy 4-stronny\"><div class=\"su-document su-u-responsive-media-yes\"><iframe src=\"\/\/docs.google.com\/viewer?embedded=true&url=https:\/\/www.fabrykachlodu.pl\/sklep\/wp-content\/uploads\/2020\/01\/4-stronne-kasetonowe-haier.pdf\" width=\"600\" height=\"400\" class=\"su-document\" title=\"\"><\/iframe><\/div><\/div>\n<div class=\"su-tabs-pane su-u-clearfix su-u-trim\" data-title=\"Jed. Zewn\u0119trzne\"><div class=\"su-document su-u-responsive-media-yes\"><iframe src=\"\/\/docs.google.com\/viewer?embedded=true&url=https:\/\/www.fabrykachlodu.pl\/sklep\/wp-content\/uploads\/2020\/01\/Jednostki.Zewnetrzne.klimatyzacja.HAIER_.pdf\" width=\"600\" height=\"400\" class=\"su-document\" title=\"\"><\/iframe><\/div><\/div>\n<div class=\"su-tabs-pane su-u-clearfix su-u-trim\" data-title=\"Tabela korzysci\"><div class=\"su-document su-u-responsive-media-yes\"><iframe src=\"\/\/docs.google.com\/viewer?embedded=true&url=https:\/\/www.fabrykachlodu.pl\/sklep\/wp-content\/uploads\/2020\/01\/Tabela.korzysci.klimatyzacji.HAIER_.-SPLITR32.pdf\" width=\"600\" height=\"400\" class=\"su-document\" title=\"\"><\/iframe><\/div><\/div>\n<div class=\"su-tabs-pane su-u-clearfix su-u-trim\" data-title=\"Por\u00f3wnanie modeli\"><div class=\"su-document su-u-responsive-media-yes\"><iframe src=\"\/\/docs.google.com\/viewer?embedded=true&url=https:\/\/www.fabrykachlodu.pl\/sklep\/wp-content\/uploads\/2020\/01\/Porownanie_modeli_klimatyzatorow.HAIER_R32_Split.pdf\" width=\"600\" height=\"400\" class=\"su-document\" title=\"\"><\/iframe><\/div><\/div>\n<div class=\"su-tabs-pane su-u-clearfix su-u-trim\" data-title=\"Monta\u017c\"><div class=\"su-document su-u-responsive-media-yes\"><iframe src=\"\/\/docs.google.com\/viewer?embedded=true&url=https:\/\/www.fabrykachlodu.pl\/sklep\/wp-content\/uploads\/2020\/01\/Montaz.klimatyzacji.HAIER_.pdf\" width=\"600\" height=\"400\" class=\"su-document\" title=\"\"><\/iframe><\/div><\/div>\n<div class=\"su-tabs-pane su-u-clearfix su-u-trim\" data-title=\"Przepisy F-GAZ\"><div class=\"su-document su-u-responsive-media-yes\"><iframe src=\"\/\/docs.google.com\/viewer?embedded=true&url=https:\/\/www.fabrykachlodu.pl\/sklep\/wp-content\/uploads\/2020\/01\/Nowe-przepisy-F-Gaz-od-2015-roku.pdf\" width=\"600\" height=\"400\" class=\"su-document\" title=\"\"><\/iframe><\/div><\/div><\/div><\/div>\n<p>Dokumenty si\u0119 nie wy\u015bwietlaj\u0105? <input type=\"button\" value=\"Od\u015bwie\u017c stron\u0119\" onclick=\"location.reload();\"><br \/><div class=\"su-note\"  style=\"border-color:#e5e5e5;border-radius:3px;-moz-border-radius:3px;-webkit-border-radius:3px;\"><div class=\"su-note-inner su-u-clearfix su-u-trim\" style=\"background-color:#ffffff;border-color:#ffffff;color:#afafaf;border-radius:3px;-moz-border-radius:3px;-webkit-border-radius:3px;\">\u015awiadomo\u015b\u0107 \u015brodowiskowa jest po stronie producenta &#8211; HAIER spe\u0142nia rygorystyczne warunki np. Czynnik R32. Dla ciebie powinno mie\u0107 znaczenie korzy\u015b\u0107 w\u0142asna komfort\/pracownika\/klient\u00f3w.<\/div><\/div>\n","protected":false},"excerpt":{"rendered":"<p><span style=\"color: #000000;\"><strong>Najwa\u017cniejsze zalety<\/strong><\/span> [dt_list style=\"1\" bullet_position=\"middle\" dividers=\"true\"] [dt_list_item image=\"\"]Technologia inwerterowa[\/dt_list_item] [dt_list_item image=\"\"]Wydajny silnik pr\u0105du sta\u0142ego DC[\/dt_list_item] [dt_list_item image=\"\"]Niski poziom ha\u0142asu podnosz\u0105c komfort u\u017cytkowania[\/dt_list_item] [dt_list_item image=\"\"]Pob\u00f3r pr\u0105du na czuwaniu obni\u017cono z 8W do 1W[\/dt_list_item] [\/dt_list]<\/p>\n","protected":false},"featured_media":52489,"template":"","meta":[],"product_cat":[2586,189],"product_tag":[4945,625,4944,4942,4943],"yoast_head":"<!-- This site is optimized with the Yoast SEO plugin v22.1 - https:\/\/yoast.com\/wordpress\/plugins\/seo\/ -->\n<title>\u00b0FC Haier Kasetonowy MINI 4-stronny przep\u0142yw powietrza Jesnostka zew. 1U50S2SJ2FA<\/title>\n<meta name=\"description\" content=\"Jesnostka zew. 1U50S2SJ2FA HAIER Kasetonowy 4-stronny przep\u0142yw powietrza R32, do biura 50m2, sklepu 50m2, hotelu 50m2, salon fryzjerski, piekarnia, apteka, kwiaciarnia, gabinet lekarski, biuro, restauracja 50m2, Klimatyzacja HAIER Casette Standard, Kasetonowy, Ma\u0142e biuro 50m2, Ma\u0142e mieszkanie 50m2\" \/>\n<meta name=\"robots\" content=\"index, follow, max-snippet:-1, max-image-preview:large, max-video-preview:-1\" \/>\n<link rel=\"canonical\" href=\"https:\/\/www.fabrykachlodu.pl\/sklep\/produkt\/flexis-plus-black-matt-jednostka-zew-1u50s2sj2fa\/\" \/>\n<meta name=\"twitter:label1\" content=\"Szacowany czas czytania\" \/>\n\t<meta name=\"twitter:data1\" content=\"3 minuty\" \/>\n<script type=\"application\/ld+json\" class=\"yoast-schema-graph\">{\"@context\":\"https:\/\/schema.org\",\"@graph\":[{\"@type\":\"WebPage\",\"@id\":\"https:\/\/www.fabrykachlodu.pl\/sklep\/produkt\/flexis-plus-black-matt-jednostka-zew-1u50s2sj2fa\/\",\"url\":\"https:\/\/www.fabrykachlodu.pl\/sklep\/produkt\/flexis-plus-black-matt-jednostka-zew-1u50s2sj2fa\/\",\"name\":\"\u00b0FC Haier Kasetonowy MINI 4-stronny przep\u0142yw powietrza Jesnostka zew. 1U50S2SJ2FA\",\"isPartOf\":{\"@id\":\"https:\/\/www.fabrykachlodu.pl\/sklep\/#website\"},\"datePublished\":\"2020-01-22T10:07:36+00:00\",\"dateModified\":\"2022-03-27T20:30:49+00:00\",\"description\":\"Jesnostka zew. 1U50S2SJ2FA HAIER Kasetonowy 4-stronny przep\u0142yw powietrza R32, do biura 50m2, sklepu 50m2, hotelu 50m2, salon fryzjerski, piekarnia, apteka, kwiaciarnia, gabinet lekarski, biuro, restauracja 50m2, Klimatyzacja HAIER Casette Standard, Kasetonowy, Ma\u0142e biuro 50m2, Ma\u0142e mieszkanie 50m2\",\"breadcrumb\":{\"@id\":\"https:\/\/www.fabrykachlodu.pl\/sklep\/produkt\/flexis-plus-black-matt-jednostka-zew-1u50s2sj2fa\/#breadcrumb\"},\"inLanguage\":\"pl-PL\",\"potentialAction\":[{\"@type\":\"ReadAction\",\"target\":[\"https:\/\/www.fabrykachlodu.pl\/sklep\/produkt\/flexis-plus-black-matt-jednostka-zew-1u50s2sj2fa\/\"]}]},{\"@type\":\"BreadcrumbList\",\"@id\":\"https:\/\/www.fabrykachlodu.pl\/sklep\/produkt\/flexis-plus-black-matt-jednostka-zew-1u50s2sj2fa\/#breadcrumb\",\"itemListElement\":[{\"@type\":\"ListItem\",\"position\":1,\"name\":\"Strona g\u0142\u00f3wna\",\"item\":\"https:\/\/www.fabrykachlodu.pl\/sklep\/\"},{\"@type\":\"ListItem\",\"position\":2,\"name\":\"Szukasz klimatzyacji biurowej sklepowej lub do mieszkania?\",\"item\":\"https:\/\/www.fabrykachlodu.pl\/sklep\/\"},{\"@type\":\"ListItem\",\"position\":3,\"name\":\"HAIER\",\"item\":\"https:\/\/www.fabrykachlodu.pl\/sklep\/product-category\/haier\/\"},{\"@type\":\"ListItem\",\"position\":4,\"name\":\"Kasetonowy\",\"item\":\"https:\/\/www.fabrykachlodu.pl\/sklep\/product-category\/haier\/kasetonowy-haier\/\"},{\"@type\":\"ListItem\",\"position\":5,\"name\":\"\u00b0FC Haier Kasetonowy MINI 4-stronny przep\u0142yw powietrza Zestaw AB50S2SC2FA\/1U50S2SJ2FA klimatyzacja HAIER o mocy 5.0kW, do 50m2, 5 pomieszcze\u0144\",\"item\":\"https:\/\/www.fabrykachlodu.pl\/sklep\/produkt\/kasetonowy-mini-4-stronny-przeplyw-powietrza-zestaw-ab50s2sc2fa-1u50s2sj2fa-klimatyzacja-haier-o-mocy-5-0kw-do-50m2-5-pomieszczen\/\"},{\"@type\":\"ListItem\",\"position\":6,\"name\":\"\u00b0FC Haier Kasetonowy MINI 4-stronny przep\u0142yw powietrza Jesnostka zew. 1U50S2SJ2FA\"}]},{\"@type\":\"WebSite\",\"@id\":\"https:\/\/www.fabrykachlodu.pl\/sklep\/#website\",\"url\":\"https:\/\/www.fabrykachlodu.pl\/sklep\/\",\"name\":\"\u00b0FC Sklep Internetowy monta\u017c klimatyzacji pomp ciep\u0142a\",\"description\":\"\u00b0FC monta\u017c klimatyzacji pomp ciep\u0142a z nami to szybki i tani wyb\u00f3r.  Us\u0142ugi monta\u017cowe i serwisowe W Warszawie i okolicach..\",\"potentialAction\":[{\"@type\":\"SearchAction\",\"target\":{\"@type\":\"EntryPoint\",\"urlTemplate\":\"https:\/\/www.fabrykachlodu.pl\/sklep\/?s={search_term_string}\"},\"query-input\":\"required name=search_term_string\"}],\"inLanguage\":\"pl-PL\"}]}<\/script>\n<!-- \/ Yoast SEO plugin. -->","yoast_head_json":{"title":"\u00b0FC Haier Kasetonowy MINI 4-stronny przep\u0142yw powietrza Jesnostka zew. 1U50S2SJ2FA","description":"Jesnostka zew. 1U50S2SJ2FA HAIER Kasetonowy 4-stronny przep\u0142yw powietrza R32, do biura 50m2, sklepu 50m2, hotelu 50m2, salon fryzjerski, piekarnia, apteka, kwiaciarnia, gabinet lekarski, biuro, restauracja 50m2, Klimatyzacja HAIER Casette Standard, Kasetonowy, Ma\u0142e biuro 50m2, Ma\u0142e mieszkanie 50m2","robots":{"index":"index","follow":"follow","max-snippet":"max-snippet:-1","max-image-preview":"max-image-preview:large","max-video-preview":"max-video-preview:-1"},"canonical":"https:\/\/www.fabrykachlodu.pl\/sklep\/produkt\/flexis-plus-black-matt-jednostka-zew-1u50s2sj2fa\/","twitter_misc":{"Szacowany czas czytania":"3 minuty"},"schema":{"@context":"https:\/\/schema.org","@graph":[{"@type":"WebPage","@id":"https:\/\/www.fabrykachlodu.pl\/sklep\/produkt\/flexis-plus-black-matt-jednostka-zew-1u50s2sj2fa\/","url":"https:\/\/www.fabrykachlodu.pl\/sklep\/produkt\/flexis-plus-black-matt-jednostka-zew-1u50s2sj2fa\/","name":"\u00b0FC Haier Kasetonowy MINI 4-stronny przep\u0142yw powietrza Jesnostka zew. 1U50S2SJ2FA","isPartOf":{"@id":"https:\/\/www.fabrykachlodu.pl\/sklep\/#website"},"datePublished":"2020-01-22T10:07:36+00:00","dateModified":"2022-03-27T20:30:49+00:00","description":"Jesnostka zew. 1U50S2SJ2FA HAIER Kasetonowy 4-stronny przep\u0142yw powietrza R32, do biura 50m2, sklepu 50m2, hotelu 50m2, salon fryzjerski, piekarnia, apteka, kwiaciarnia, gabinet lekarski, biuro, restauracja 50m2, Klimatyzacja HAIER Casette Standard, Kasetonowy, Ma\u0142e biuro 50m2, Ma\u0142e mieszkanie 50m2","breadcrumb":{"@id":"https:\/\/www.fabrykachlodu.pl\/sklep\/produkt\/flexis-plus-black-matt-jednostka-zew-1u50s2sj2fa\/#breadcrumb"},"inLanguage":"pl-PL","potentialAction":[{"@type":"ReadAction","target":["https:\/\/www.fabrykachlodu.pl\/sklep\/produkt\/flexis-plus-black-matt-jednostka-zew-1u50s2sj2fa\/"]}]},{"@type":"BreadcrumbList","@id":"https:\/\/www.fabrykachlodu.pl\/sklep\/produkt\/flexis-plus-black-matt-jednostka-zew-1u50s2sj2fa\/#breadcrumb","itemListElement":[{"@type":"ListItem","position":1,"name":"Strona g\u0142\u00f3wna","item":"https:\/\/www.fabrykachlodu.pl\/sklep\/"},{"@type":"ListItem","position":2,"name":"Szukasz klimatzyacji biurowej sklepowej lub do mieszkania?","item":"https:\/\/www.fabrykachlodu.pl\/sklep\/"},{"@type":"ListItem","position":3,"name":"HAIER","item":"https:\/\/www.fabrykachlodu.pl\/sklep\/product-category\/haier\/"},{"@type":"ListItem","position":4,"name":"Kasetonowy","item":"https:\/\/www.fabrykachlodu.pl\/sklep\/product-category\/haier\/kasetonowy-haier\/"},{"@type":"ListItem","position":5,"name":"\u00b0FC Haier Kasetonowy MINI 4-stronny przep\u0142yw powietrza Zestaw AB50S2SC2FA\/1U50S2SJ2FA klimatyzacja HAIER o mocy 5.0kW, do 50m2, 5 pomieszcze\u0144","item":"https:\/\/www.fabrykachlodu.pl\/sklep\/produkt\/kasetonowy-mini-4-stronny-przeplyw-powietrza-zestaw-ab50s2sc2fa-1u50s2sj2fa-klimatyzacja-haier-o-mocy-5-0kw-do-50m2-5-pomieszczen\/"},{"@type":"ListItem","position":6,"name":"\u00b0FC Haier Kasetonowy MINI 4-stronny przep\u0142yw powietrza Jesnostka zew. 1U50S2SJ2FA"}]},{"@type":"WebSite","@id":"https:\/\/www.fabrykachlodu.pl\/sklep\/#website","url":"https:\/\/www.fabrykachlodu.pl\/sklep\/","name":"\u00b0FC Sklep Internetowy monta\u017c klimatyzacji pomp ciep\u0142a","description":"\u00b0FC monta\u017c klimatyzacji pomp ciep\u0142a z nami to szybki i tani wyb\u00f3r.  Us\u0142ugi monta\u017cowe i serwisowe W Warszawie i okolicach..","potentialAction":[{"@type":"SearchAction","target":{"@type":"EntryPoint","urlTemplate":"https:\/\/www.fabrykachlodu.pl\/sklep\/?s={search_term_string}"},"query-input":"required name=search_term_string"}],"inLanguage":"pl-PL"}]}},"_links":{"self":[{"href":"https:\/\/www.fabrykachlodu.pl\/sklep\/wp-json\/wp\/v2\/product\/53189"}],"collection":[{"href":"https:\/\/www.fabrykachlodu.pl\/sklep\/wp-json\/wp\/v2\/product"}],"about":[{"href":"https:\/\/www.fabrykachlodu.pl\/sklep\/wp-json\/wp\/v2\/types\/product"}],"wp:featuredmedia":[{"embeddable":true,"href":"https:\/\/www.fabrykachlodu.pl\/sklep\/wp-json\/wp\/v2\/media\/52489"}],"wp:attachment":[{"href":"https:\/\/www.fabrykachlodu.pl\/sklep\/wp-json\/wp\/v2\/media?parent=53189"}],"wp:term":[{"taxonomy":"product_cat","embeddable":true,"href":"https:\/\/www.fabrykachlodu.pl\/sklep\/wp-json\/wp\/v2\/product_cat?post=53189"},{"taxonomy":"product_tag","embeddable":true,"href":"https:\/\/www.fabrykachlodu.pl\/sklep\/wp-json\/wp\/v2\/product_tag?post=53189"}],"curies":[{"name":"wp","href":"https:\/\/api.w.org\/{rel}","templated":true}]}}