{"id":53289,"date":"2020-01-22T11:09:28","date_gmt":"2020-01-22T10:09:28","guid":{"rendered":"http:\/\/www.fabrykachlodu.pl\/sklep\/produkt\/import-placeholder-for-yr-hbs01\/"},"modified":"2022-06-30T17:50:59","modified_gmt":"2022-06-30T15:50:59","slug":"sterownik-sterownik-yr-hbs01","status":"publish","type":"product","link":"https:\/\/www.fabrykachlodu.pl\/sklep\/produkt\/sterownik-sterownik-yr-hbs01\/","title":{"rendered":"Sterownik HAIER YR-HBS01 Bezprzewodowy"},"content":{"rendered":"<h2>Zam\u00f3wienie dotyczy: Sterownik YR-HBS01 HAIER Pi\u0119\u0107 stopni nawiewu, Zegar i sterowanie zegarowe,<br \/>\nSterowanie Moving Eye (funkcja \u201e\u015bledzenia\u201d i \u201eunikania\u201d), Sterowanie poszczeg\u00f3lnymi kierownicami powietrza klimatyzatora kasetonowego Smart Power,<\/h2>\n<p><h3><strong>W jednym miejscu poznasz:<\/strong><\/h3>\n<p>Informacje odno\u015bnie klimatyzacji HAIER<br \/>\nPoznasz najwa\u017cniejsze funkcje<br \/>\nPor\u00f3wnasz produkty<br \/>\nPoznasz parametry techniczne<br \/>\nPoznasz cen\u0119 i zrealizujesz zam\u00f3wienie<br \/>\n<strong><\/p>\n<h3>Zamawiaj\u0105c produkt u nas:<\/strong><\/h3>\n<p>Otrzymasz produkt<br \/>\nJednostk\u0119 wewn\u0119trzna<br \/>\nJednostk\u0119 zewn\u0119trzna<br \/>\nSterowanie<br \/>\n<strong><\/p>\n<h3>Zlecaj\u0105c nam monta\u017c otrzymasz:<\/strong><\/h3>\n<p>Rabat na produkty HAIER<br \/>\nKompletne pod\u0142\u0105czenie elektryczne oraz hydrauliczne<br \/>\nGwarancje<br \/>\nSerwis<\/p>\n<p>Sterownik bezprzewodowy w trybie Tryb On\/Off. G\u0142\u00f3wne funkcje to ustawienie temperatury, pr\u0119dko\u015b\u0107 wentylatora, indywidualne sterowanie, funkcja TURBO\/QUIET, Zegar i regulator czasowy, funkcja pod\u0105\u017cania\/omijania. Wsp\u00f3\u0142pracuje z wszystkimi jednostkami.<div class=\"su-service\"><div class=\"su-service-title\" style=\"padding-left:52px;min-height:38px;line-height:38px\"><i class=\"sui sui-check-circle\" style=\"font-size:38px;color:#22a0ed\"><\/i> Wskaz\u00f3wka naszego eksperta<\/div><div class=\"su-service-content su-u-clearfix su-u-trim\" style=\"padding-left:52px\">Analogicznie, je\u015bli kompresor w\u0142\u0105cza si\u0119 rzadziej, spr\u0119\u017carka pobiera miej napi\u0119cia.<br \/>\nKompresory inwerterowi oraz spr\u0119\u017carki Hitachi, Mitsubishi Panasonic pozwalaj\u0105 na \u0142agodny rozruch czyli agregat w\u0142\u0105czy si\u0119 przy niskim napi\u0119ciu, co r\u00f3wnie\u017c wp\u0142ywa na \u017cywotno\u015b\u0107 spr\u0119\u017carki bo rzadziej si\u0119 w\u0142\u0105cza.<\/div><\/div>\n<h2><strong>Zapraszamy do por\u00f3wnania zalet i wad klimatyzacji HAIER<\/strong><\/h2>\n<p><strong>Jakie s\u0105 zalety takiego systemu?<\/strong><br \/><div class=\"su-service\"><div class=\"su-service-title\" style=\"padding-left:52px;min-height:38px;line-height:38px\"><i class=\"sui sui-check-circle\" style=\"font-size:38px;color:#22a0ed\"><\/i> Wskaz\u00f3wka naszego eksperta<\/div><div class=\"su-service-content su-u-clearfix su-u-trim\" style=\"padding-left:52px\">\u00b0FC Sklep Internetowy oferuje elastyczne rozwi\u0105zania dla projektant\u00f3w zale\u017cno\u015bci od uwarunkowa\u0144 budynku dobieraj\u0105c jednostki wewn\u0119trzne typu Na\u015bcienny, Przypod\u0142ogowo-sufitowy, Kana\u0142owy, Kasetonowy.<\/div><\/div><strong>Jakie s\u0105 wady tego klimatyzatora?<\/strong><br \/><div class=\"su-service\"><div class=\"su-service-title\" style=\"padding-left:52px;min-height:38px;line-height:38px\"><i class=\"sui sui-check-circle\" style=\"font-size:38px;color:#22a0ed\"><\/i> Wskaz\u00f3wka naszego eksperta<\/div><div class=\"su-service-content su-u-clearfix su-u-trim\" style=\"padding-left:52px\">Sterownik bezprzewodowy ma sens w przypadku instalacji mono czyli z jedn\u0105 jednostk\u0105 wewn\u0119trzn\u0105 lub jako dodatek do sterownika centralnego lub przewodowego.<\/div><\/div>\n<div class=\"hr-thin\"><\/div>\n<div class=\"su-service\"><div class=\"su-service-title\" style=\"padding-left:52px;min-height:38px;line-height:38px\"><i class=\"sui sui-hand-o-right\" style=\"font-size:38px;color:#22a0ed\"><\/i> Podsumowuj\u0105c<\/div><div class=\"su-service-content su-u-clearfix su-u-trim\" style=\"padding-left:52px\">Wa\u017cne jest aby na etapie koncepcji, projektant dobra\u0142 klimatyzator odpowiedni do dost\u0119pnego bud\u017cetu. Klimatyzatory \u015bcienne oraz przypod\u0142ogowe b\u0119d\u0105 ta\u0144szym rozwi\u0105zaniem ni\u017c kasetonowe lub kana\u0142owe. Je\u017celi trasa instalacji b\u0119dzie d\u0142uga, a dobrany spr\u0119\u017c zbyt niski klimatyzator b\u0119dzie wia\u0142 mocno powoduj\u0105c uczucie przeci\u0105gu. Pr\u0119dko\u015b\u0107 powietrza w kana\u0142ach cz\u0119sto niesie za sob\u0105 dodatkowe konsekwencji takie jak ha\u0142as. Fabryka Ch\u0142odu projektuje i dobiera bior\u0105c pod uwag\u0119 wszystkie uwarunkowania.<\/div><\/div>\n<p>PARAMETRY TECHNICZNE<\/p>\n<div class=\"su-tabs su-tabs-style-default su-tabs-mobile-stack\" data-active=\"1\" data-scroll-offset=\"0\" data-anchor-in-url=\"no\"><div class=\"su-tabs-nav\"><span class=\"\" data-url=\"\" data-target=\"blank\" tabindex=\"0\" role=\"button\">Jednostka Wew\u0119trzna<\/span><span class=\"\" data-url=\"\" data-target=\"blank\" tabindex=\"0\" role=\"button\">Jed. Zewn\u0119trzne<\/span><span class=\"\" data-url=\"\" data-target=\"blank\" tabindex=\"0\" role=\"button\">Tabela korzysci<\/span><span class=\"\" data-url=\"\" data-target=\"blank\" tabindex=\"0\" role=\"button\">Por\u00f3wnanie modeli<\/span><span class=\"\" data-url=\"\" data-target=\"blank\" tabindex=\"0\" role=\"button\">Monta\u017c<\/span><span class=\"\" data-url=\"\" data-target=\"blank\" tabindex=\"0\" role=\"button\">Przepisy F-GAZ<\/span><\/div><div class=\"su-tabs-panes\"><div class=\"su-tabs-pane su-u-clearfix su-u-trim\" data-title=\"Jednostka Wew\u0119trzna\"><div class=\"su-document su-u-responsive-media-yes\"><iframe src=\"\/\/docs.google.com\/viewer?embedded=true&url=https:\/\/www.fabrykachlodu.pl\/sklep\/wp-content\/uploads\/2020\/01\/Sterowniki.akcesoria.HAIER_.pdf\" width=\"600\" height=\"400\" class=\"su-document\" title=\"\"><\/iframe><\/div><\/div>\n<div class=\"su-tabs-pane su-u-clearfix su-u-trim\" data-title=\"Jed. Zewn\u0119trzne\"><div class=\"su-document su-u-responsive-media-yes\"><iframe src=\"\/\/docs.google.com\/viewer?embedded=true&url=https:\/\/www.fabrykachlodu.pl\/sklep\/wp-content\/uploads\/2020\/01\/Jednostki.Zewnetrzne.klimatyzacja.HAIER_.pdf\" width=\"600\" height=\"400\" class=\"su-document\" title=\"\"><\/iframe><\/div><\/div>\n<div class=\"su-tabs-pane su-u-clearfix su-u-trim\" data-title=\"Tabela korzysci\"><div class=\"su-document su-u-responsive-media-yes\"><iframe src=\"\/\/docs.google.com\/viewer?embedded=true&url=https:\/\/www.fabrykachlodu.pl\/sklep\/wp-content\/uploads\/2020\/01\/Tabela.korzysci.klimatyzacji.HAIER_.-SPLITR32.pdf\" width=\"600\" height=\"400\" class=\"su-document\" title=\"\"><\/iframe><\/div><\/div>\n<div class=\"su-tabs-pane su-u-clearfix su-u-trim\" data-title=\"Por\u00f3wnanie modeli\"><div class=\"su-document su-u-responsive-media-yes\"><iframe src=\"\/\/docs.google.com\/viewer?embedded=true&url=https:\/\/www.fabrykachlodu.pl\/sklep\/wp-content\/uploads\/2020\/01\/Porownanie_modeli_klimatyzatorow.HAIER_R32_Split.pdf\" width=\"600\" height=\"400\" class=\"su-document\" title=\"\"><\/iframe><\/div><\/div>\n<div class=\"su-tabs-pane su-u-clearfix su-u-trim\" data-title=\"Monta\u017c\"><div class=\"su-document su-u-responsive-media-yes\"><iframe src=\"\/\/docs.google.com\/viewer?embedded=true&url=https:\/\/www.fabrykachlodu.pl\/sklep\/wp-content\/uploads\/2020\/01\/Montaz.klimatyzacji.HAIER_.pdf\" width=\"600\" height=\"400\" class=\"su-document\" title=\"\"><\/iframe><\/div><\/div>\n<div class=\"su-tabs-pane su-u-clearfix su-u-trim\" data-title=\"Przepisy F-GAZ\"><div class=\"su-document su-u-responsive-media-yes\"><iframe src=\"\/\/docs.google.com\/viewer?embedded=true&url=https:\/\/www.fabrykachlodu.pl\/sklep\/wp-content\/uploads\/2020\/01\/Nowe-przepisy-F-Gaz-od-2015-roku.pdf\" width=\"600\" height=\"400\" class=\"su-document\" title=\"\"><\/iframe><\/div><\/div><\/div><\/div>\n<p>Dokumenty si\u0119 nie wy\u015bwietlaj\u0105? <input type=\"button\" value=\"Od\u015bwie\u017c stron\u0119\" onclick=\"location.reload();\"><br \/><div class=\"su-note\"  style=\"border-color:#e5e5e5;border-radius:3px;-moz-border-radius:3px;-webkit-border-radius:3px;\"><div class=\"su-note-inner su-u-clearfix su-u-trim\" style=\"background-color:#ffffff;border-color:#ffffff;color:#afafaf;border-radius:3px;-moz-border-radius:3px;-webkit-border-radius:3px;\">\u015awiadomo\u015b\u0107 \u015brodowiskowa jest po stronie producenta &#8211; HAIER spe\u0142nia rygorystyczne warunki np. Czynnik R32. Dla ciebie powinno mie\u0107 znaczenie korzy\u015b\u0107 w\u0142asna komfort\/pracownika\/klient\u00f3w.<\/div><\/div>\n","protected":false},"excerpt":{"rendered":"<p><span style=\"color: #000000;\"><strong>Najwa\u017cniejsze zalety<\/strong><\/span> [dt_list style=\"1\" bullet_position=\"middle\" dividers=\"true\"] [dt_list_item image=\"\"]Pi\u0119\u0107 stopni nawiewu[\/dt_list_item] [dt_list_item image=\"\"]Zegar i sterowanie zegarowe[\/dt_list_item] [dt_list_item image=\"\"]Sterowanie Moving Eye (funkcja \u201e\u015bledzenia\u201d i \u201eunikania\u201d)[\/dt_list_item] [dt_list_item image=\"\"]Sterowanie poszczeg\u00f3lnymi kierownicami powietrza klimatyzatora kasetonowego Smart Power[\/dt_list_item] [\/dt_list]<\/p>\n","protected":false},"featured_media":52458,"template":"","meta":[],"product_cat":[2652],"product_tag":[2687,2688,2686],"yoast_head":"<!-- This site is optimized with the Yoast SEO plugin v22.1 - https:\/\/yoast.com\/wordpress\/plugins\/seo\/ -->\n<title>Sterownik YR-HBS01 HAIER Pi\u0119\u0107 stopni nawiewu, Zegar i sterowanie zegarowe, Sterowanie Moving Eye (funkcja \u201e\u015bledzenia\u201d i \u201eunikania\u201d), Sterowanie poszczeg\u00f3lnymi kierownicami powietrza klimatyzatora kasetonowego Smart Power, Sterownik YR-HBS01 HAIER Pi\u0119\u0107 stopni nawiewu, Zegar i sterowanie zegarowe, Sterowanie Moving Eye (funkcja \u201e\u015bledzenia\u201d i \u201eunikania\u201d), Sterowanie poszczeg\u00f3lnymi kierownicami powietrza klimatyzatora kasetonowego Smart Power,<\/title>\n<meta name=\"description\" content=\"Sterownik YR-HBS01 HAIER Pi\u0119\u0107 stopni nawiewu, Zegar i sterowanie zegarowe, Sterowanie Moving Eye (funkcja \u201e\u015bledzenia\u201d i \u201eunikania\u201d), Sterowanie poszczeg\u00f3lnymi kierownicami powietrza klimatyzatora kasetonowego Smart Power, Sterownik YR-HBS01 HAIER Pi\u0119\u0107 stopni nawiewu, Zegar i sterowanie zegarowe, Sterowanie Moving Eye (funkcja \u201e\u015bledzenia\u201d i \u201eunikania\u201d), Sterowanie poszczeg\u00f3lnymi kierownicami powietrza klimatyzatora kasetonowego Smart Power,\" \/>\n<meta name=\"robots\" content=\"index, follow, max-snippet:-1, max-image-preview:large, max-video-preview:-1\" \/>\n<link rel=\"canonical\" href=\"https:\/\/www.fabrykachlodu.pl\/sklep\/produkt\/sterownik-sterownik-yr-hbs01\/\" \/>\n<meta name=\"twitter:label1\" content=\"Szacowany czas czytania\" \/>\n\t<meta name=\"twitter:data1\" content=\"3 minuty\" \/>\n<script type=\"application\/ld+json\" class=\"yoast-schema-graph\">{\"@context\":\"https:\/\/schema.org\",\"@graph\":[{\"@type\":\"WebPage\",\"@id\":\"https:\/\/www.fabrykachlodu.pl\/sklep\/produkt\/sterownik-sterownik-yr-hbs01\/\",\"url\":\"https:\/\/www.fabrykachlodu.pl\/sklep\/produkt\/sterownik-sterownik-yr-hbs01\/\",\"name\":\"Sterownik YR-HBS01 HAIER Pi\u0119\u0107 stopni nawiewu, Zegar i sterowanie zegarowe, Sterowanie Moving Eye (funkcja \u201e\u015bledzenia\u201d i \u201eunikania\u201d), Sterowanie poszczeg\u00f3lnymi kierownicami powietrza klimatyzatora kasetonowego Smart Power, Sterownik YR-HBS01 HAIER Pi\u0119\u0107 stopni nawiewu, Zegar i sterowanie zegarowe, Sterowanie Moving Eye (funkcja \u201e\u015bledzenia\u201d i \u201eunikania\u201d), Sterowanie poszczeg\u00f3lnymi kierownicami powietrza klimatyzatora kasetonowego Smart Power,\",\"isPartOf\":{\"@id\":\"https:\/\/www.fabrykachlodu.pl\/sklep\/#website\"},\"datePublished\":\"2020-01-22T10:09:28+00:00\",\"dateModified\":\"2022-06-30T15:50:59+00:00\",\"description\":\"Sterownik YR-HBS01 HAIER Pi\u0119\u0107 stopni nawiewu, Zegar i sterowanie zegarowe, Sterowanie Moving Eye (funkcja \u201e\u015bledzenia\u201d i \u201eunikania\u201d), Sterowanie poszczeg\u00f3lnymi kierownicami powietrza klimatyzatora kasetonowego Smart Power, Sterownik YR-HBS01 HAIER Pi\u0119\u0107 stopni nawiewu, Zegar i sterowanie zegarowe, Sterowanie Moving Eye (funkcja \u201e\u015bledzenia\u201d i \u201eunikania\u201d), Sterowanie poszczeg\u00f3lnymi kierownicami powietrza klimatyzatora kasetonowego Smart Power,\",\"breadcrumb\":{\"@id\":\"https:\/\/www.fabrykachlodu.pl\/sklep\/produkt\/sterownik-sterownik-yr-hbs01\/#breadcrumb\"},\"inLanguage\":\"pl-PL\",\"potentialAction\":[{\"@type\":\"ReadAction\",\"target\":[\"https:\/\/www.fabrykachlodu.pl\/sklep\/produkt\/sterownik-sterownik-yr-hbs01\/\"]}]},{\"@type\":\"BreadcrumbList\",\"@id\":\"https:\/\/www.fabrykachlodu.pl\/sklep\/produkt\/sterownik-sterownik-yr-hbs01\/#breadcrumb\",\"itemListElement\":[{\"@type\":\"ListItem\",\"position\":1,\"name\":\"Strona g\u0142\u00f3wna\",\"item\":\"https:\/\/www.fabrykachlodu.pl\/sklep\/\"},{\"@type\":\"ListItem\",\"position\":2,\"name\":\"Szukasz klimatzyacji biurowej sklepowej lub do mieszkania?\",\"item\":\"https:\/\/www.fabrykachlodu.pl\/sklep\/\"},{\"@type\":\"ListItem\",\"position\":3,\"name\":\"HAIER\",\"item\":\"https:\/\/www.fabrykachlodu.pl\/sklep\/product-category\/haier\/\"},{\"@type\":\"ListItem\",\"position\":4,\"name\":\"Akcesoria\",\"item\":\"https:\/\/www.fabrykachlodu.pl\/sklep\/product-category\/haier\/akcesoria-haier\/\"},{\"@type\":\"ListItem\",\"position\":5,\"name\":\"Sterowanie\",\"item\":\"https:\/\/www.fabrykachlodu.pl\/sklep\/product-category\/haier\/akcesoria-haier\/sterowanie-akcesoria-haier\/\"},{\"@type\":\"ListItem\",\"position\":6,\"name\":\"Sterownik HAIER YR-HBS01 Bezprzewodowy\"}]},{\"@type\":\"WebSite\",\"@id\":\"https:\/\/www.fabrykachlodu.pl\/sklep\/#website\",\"url\":\"https:\/\/www.fabrykachlodu.pl\/sklep\/\",\"name\":\"\u00b0FC Sklep Internetowy monta\u017c klimatyzacji pomp ciep\u0142a\",\"description\":\"\u00b0FC monta\u017c klimatyzacji pomp ciep\u0142a z nami to szybki i tani wyb\u00f3r.  Us\u0142ugi monta\u017cowe i serwisowe W Warszawie i okolicach..\",\"potentialAction\":[{\"@type\":\"SearchAction\",\"target\":{\"@type\":\"EntryPoint\",\"urlTemplate\":\"https:\/\/www.fabrykachlodu.pl\/sklep\/?s={search_term_string}\"},\"query-input\":\"required name=search_term_string\"}],\"inLanguage\":\"pl-PL\"}]}<\/script>\n<!-- \/ Yoast SEO plugin. -->","yoast_head_json":{"title":"Sterownik YR-HBS01 HAIER Pi\u0119\u0107 stopni nawiewu, Zegar i sterowanie zegarowe, Sterowanie Moving Eye (funkcja \u201e\u015bledzenia\u201d i \u201eunikania\u201d), Sterowanie poszczeg\u00f3lnymi kierownicami powietrza klimatyzatora kasetonowego Smart Power, Sterownik YR-HBS01 HAIER Pi\u0119\u0107 stopni nawiewu, Zegar i sterowanie zegarowe, Sterowanie Moving Eye (funkcja \u201e\u015bledzenia\u201d i \u201eunikania\u201d), Sterowanie poszczeg\u00f3lnymi kierownicami powietrza klimatyzatora kasetonowego Smart Power,","description":"Sterownik YR-HBS01 HAIER Pi\u0119\u0107 stopni nawiewu, Zegar i sterowanie zegarowe, Sterowanie Moving Eye (funkcja \u201e\u015bledzenia\u201d i \u201eunikania\u201d), Sterowanie poszczeg\u00f3lnymi kierownicami powietrza klimatyzatora kasetonowego Smart Power, Sterownik YR-HBS01 HAIER Pi\u0119\u0107 stopni nawiewu, Zegar i sterowanie zegarowe, Sterowanie Moving Eye (funkcja \u201e\u015bledzenia\u201d i \u201eunikania\u201d), Sterowanie poszczeg\u00f3lnymi kierownicami powietrza klimatyzatora kasetonowego Smart Power,","robots":{"index":"index","follow":"follow","max-snippet":"max-snippet:-1","max-image-preview":"max-image-preview:large","max-video-preview":"max-video-preview:-1"},"canonical":"https:\/\/www.fabrykachlodu.pl\/sklep\/produkt\/sterownik-sterownik-yr-hbs01\/","twitter_misc":{"Szacowany czas czytania":"3 minuty"},"schema":{"@context":"https:\/\/schema.org","@graph":[{"@type":"WebPage","@id":"https:\/\/www.fabrykachlodu.pl\/sklep\/produkt\/sterownik-sterownik-yr-hbs01\/","url":"https:\/\/www.fabrykachlodu.pl\/sklep\/produkt\/sterownik-sterownik-yr-hbs01\/","name":"Sterownik YR-HBS01 HAIER Pi\u0119\u0107 stopni nawiewu, Zegar i sterowanie zegarowe, Sterowanie Moving Eye (funkcja \u201e\u015bledzenia\u201d i \u201eunikania\u201d), Sterowanie poszczeg\u00f3lnymi kierownicami powietrza klimatyzatora kasetonowego Smart Power, Sterownik YR-HBS01 HAIER Pi\u0119\u0107 stopni nawiewu, Zegar i sterowanie zegarowe, Sterowanie Moving Eye (funkcja \u201e\u015bledzenia\u201d i \u201eunikania\u201d), Sterowanie poszczeg\u00f3lnymi kierownicami powietrza klimatyzatora kasetonowego Smart Power,","isPartOf":{"@id":"https:\/\/www.fabrykachlodu.pl\/sklep\/#website"},"datePublished":"2020-01-22T10:09:28+00:00","dateModified":"2022-06-30T15:50:59+00:00","description":"Sterownik YR-HBS01 HAIER Pi\u0119\u0107 stopni nawiewu, Zegar i sterowanie zegarowe, Sterowanie Moving Eye (funkcja \u201e\u015bledzenia\u201d i \u201eunikania\u201d), Sterowanie poszczeg\u00f3lnymi kierownicami powietrza klimatyzatora kasetonowego Smart Power, Sterownik YR-HBS01 HAIER Pi\u0119\u0107 stopni nawiewu, Zegar i sterowanie zegarowe, Sterowanie Moving Eye (funkcja \u201e\u015bledzenia\u201d i \u201eunikania\u201d), Sterowanie poszczeg\u00f3lnymi kierownicami powietrza klimatyzatora kasetonowego Smart Power,","breadcrumb":{"@id":"https:\/\/www.fabrykachlodu.pl\/sklep\/produkt\/sterownik-sterownik-yr-hbs01\/#breadcrumb"},"inLanguage":"pl-PL","potentialAction":[{"@type":"ReadAction","target":["https:\/\/www.fabrykachlodu.pl\/sklep\/produkt\/sterownik-sterownik-yr-hbs01\/"]}]},{"@type":"BreadcrumbList","@id":"https:\/\/www.fabrykachlodu.pl\/sklep\/produkt\/sterownik-sterownik-yr-hbs01\/#breadcrumb","itemListElement":[{"@type":"ListItem","position":1,"name":"Strona g\u0142\u00f3wna","item":"https:\/\/www.fabrykachlodu.pl\/sklep\/"},{"@type":"ListItem","position":2,"name":"Szukasz klimatzyacji biurowej sklepowej lub do mieszkania?","item":"https:\/\/www.fabrykachlodu.pl\/sklep\/"},{"@type":"ListItem","position":3,"name":"HAIER","item":"https:\/\/www.fabrykachlodu.pl\/sklep\/product-category\/haier\/"},{"@type":"ListItem","position":4,"name":"Akcesoria","item":"https:\/\/www.fabrykachlodu.pl\/sklep\/product-category\/haier\/akcesoria-haier\/"},{"@type":"ListItem","position":5,"name":"Sterowanie","item":"https:\/\/www.fabrykachlodu.pl\/sklep\/product-category\/haier\/akcesoria-haier\/sterowanie-akcesoria-haier\/"},{"@type":"ListItem","position":6,"name":"Sterownik HAIER YR-HBS01 Bezprzewodowy"}]},{"@type":"WebSite","@id":"https:\/\/www.fabrykachlodu.pl\/sklep\/#website","url":"https:\/\/www.fabrykachlodu.pl\/sklep\/","name":"\u00b0FC Sklep Internetowy monta\u017c klimatyzacji pomp ciep\u0142a","description":"\u00b0FC monta\u017c klimatyzacji pomp ciep\u0142a z nami to szybki i tani wyb\u00f3r.  Us\u0142ugi monta\u017cowe i serwisowe W Warszawie i okolicach..","potentialAction":[{"@type":"SearchAction","target":{"@type":"EntryPoint","urlTemplate":"https:\/\/www.fabrykachlodu.pl\/sklep\/?s={search_term_string}"},"query-input":"required name=search_term_string"}],"inLanguage":"pl-PL"}]}},"_links":{"self":[{"href":"https:\/\/www.fabrykachlodu.pl\/sklep\/wp-json\/wp\/v2\/product\/53289"}],"collection":[{"href":"https:\/\/www.fabrykachlodu.pl\/sklep\/wp-json\/wp\/v2\/product"}],"about":[{"href":"https:\/\/www.fabrykachlodu.pl\/sklep\/wp-json\/wp\/v2\/types\/product"}],"wp:featuredmedia":[{"embeddable":true,"href":"https:\/\/www.fabrykachlodu.pl\/sklep\/wp-json\/wp\/v2\/media\/52458"}],"wp:attachment":[{"href":"https:\/\/www.fabrykachlodu.pl\/sklep\/wp-json\/wp\/v2\/media?parent=53289"}],"wp:term":[{"taxonomy":"product_cat","embeddable":true,"href":"https:\/\/www.fabrykachlodu.pl\/sklep\/wp-json\/wp\/v2\/product_cat?post=53289"},{"taxonomy":"product_tag","embeddable":true,"href":"https:\/\/www.fabrykachlodu.pl\/sklep\/wp-json\/wp\/v2\/product_tag?post=53289"}],"curies":[{"name":"wp","href":"https:\/\/api.w.org\/{rel}","templated":true}]}}