{"id":53365,"date":"2020-01-22T11:10:49","date_gmt":"2020-01-22T10:10:49","guid":{"rendered":"http:\/\/www.fabrykachlodu.pl\/sklep\/produkt\/import-placeholder-for-ab50s2sc1fa\/"},"modified":"2022-03-27T22:31:42","modified_gmt":"2022-03-27T20:31:42","slug":"kasetonowy-4-stronny-przeplyw-powietrza-jednostka-wew-ab50s2sc1fa","status":"publish","type":"product","link":"https:\/\/www.fabrykachlodu.pl\/sklep\/produkt\/kasetonowy-4-stronny-przeplyw-powietrza-jednostka-wew-ab50s2sc1fa\/","title":{"rendered":"\u00b0FC Haier Kasetonowy 4-stronny przep\u0142yw powietrza Jednostka wew. AB50S2SC1FA"},"content":{"rendered":"<h2>Zam\u00f3wienie dotyczy: Jednostka wew. AB50S2SC1FA HAIER Kasetonowy 4-stronny przep\u0142yw powietrza R32<\/h2>\n<p><h3><strong>W jednym miejscu poznasz:<\/strong><\/h3>\n<p>Informacje odno\u015bnie klimatyzacji HAIER<br \/>\nPoznasz najwa\u017cniejsze funkcje<br \/>\nPor\u00f3wnasz produkty<br \/>\nPoznasz parametry techniczne<br \/>\nPoznasz cen\u0119 i zrealizujesz zam\u00f3wienie<br \/>\n<strong><\/p>\n<h3>Zamawiaj\u0105c produkt u nas:<\/strong><\/h3>\n<p>Otrzymasz produkt<br \/>\nJednostk\u0119 wewn\u0119trzna<br \/>\nJednostk\u0119 zewn\u0119trzna<br \/>\nSterowanie<br \/>\n<strong><\/p>\n<h3>Zlecaj\u0105c nam monta\u017c otrzymasz:<\/strong><\/h3>\n<p>Rabat na produkty HAIER<br \/>\nKompletne pod\u0142\u0105czenie elektryczne oraz hydrauliczne<br \/>\nGwarancje<br \/>\nSerwis<\/p>\n<p>Klimatyzator kasetonowy 4-stronny firmy HAIER posiada maskownice z czterema osobnymi \u0142opatkami, kt\u00f3re mog\u0105 by\u0107 kontrolowane osobno w zale\u017cno\u015bci od potrzeb u\u017cytkownik\u00f3w. Szeroki k\u0105t \u017caluzji przeznaczonych do dystrybucji powietrza z czterech stron rozprowadzaj\u0105c w ca\u0142ym pomieszczeniu. Powietrze wyp\u0142ywaj\u0105ce ze wszystkich stron, delikatnie w ruchem okr\u0119\u017cnym. Klimatyzator kasetonowy (maskownica) idealnie pasuj\u0105 do standardowych sufit\u00f3w kasetonowych o wymiarach 620 mm x 620 mm.<div class=\"su-service\"><div class=\"su-service-title\" style=\"padding-left:52px;min-height:38px;line-height:38px\"><i class=\"sui sui-check-circle\" style=\"font-size:38px;color:#22a0ed\"><\/i> Wskaz\u00f3wka naszego eksperta<\/div><div class=\"su-service-content su-u-clearfix su-u-trim\" style=\"padding-left:52px\">Klimatyzacja wymaga dodatkowej zabudowy wi\u0119c jest dro\u017csza w monta\u017cu ni\u017c klimatyzacja przypod\u0142ogowa lub na\u015bcienna. Podobnie do klimatyzatora kana\u0142owego.<\/div><\/div>\n<h2><strong>Zapraszamy do por\u00f3wnania zalet i wad klimatyzacji HAIER<\/strong><\/h2>\n<p><strong>Jakie s\u0105 zalety takiego systemu?<\/strong><br \/><div class=\"su-service\"><div class=\"su-service-title\" style=\"padding-left:52px;min-height:38px;line-height:38px\"><i class=\"sui sui-check-circle\" style=\"font-size:38px;color:#22a0ed\"><\/i> Wskaz\u00f3wka naszego eksperta<\/div><div class=\"su-service-content su-u-clearfix su-u-trim\" style=\"padding-left:52px\">Klimatyzator kasetonowy (maskownica) idealnie pasuje do standardowych sufit\u00f3w kasetonowych o wymiarach 620 mm x 620 mm.<\/div><\/div><strong>Jakie s\u0105 wady tego klimatyzatora?<\/strong><br \/><div class=\"su-service\"><div class=\"su-service-title\" style=\"padding-left:52px;min-height:38px;line-height:38px\"><i class=\"sui sui-check-circle\" style=\"font-size:38px;color:#22a0ed\"><\/i> Wskaz\u00f3wka naszego eksperta<\/div><div class=\"su-service-content su-u-clearfix su-u-trim\" style=\"padding-left:52px\">Je\u015bli szukasz szybkiej, czystej instalacji klimatyzatora to kasetonowe jednostki nie s\u0105 dla Ciebie z uwagi na wiercenie otwor\u00f3w, przepuszczaniu kana\u0142\u00f3w oraz ingerencji w warstw\u0119 sufitu i jego wysoko\u015bci. Wymagaj\u0105 one projektu na etapie remontu, budowy obiektu lub domu. bez wi\u0119kszych zak\u0142\u00f3ce\u0144 w domu (wiercenie otwor\u00f3w itp.)<\/div><\/div>\n<div class=\"hr-thin\"><\/div>\n<div class=\"su-service\"><div class=\"su-service-title\" style=\"padding-left:52px;min-height:38px;line-height:38px\"><i class=\"sui sui-hand-o-right\" style=\"font-size:38px;color:#22a0ed\"><\/i> Podsumowuj\u0105c<\/div><div class=\"su-service-content su-u-clearfix su-u-trim\" style=\"padding-left:52px\">Klimatyzacja kasetonowa sprawdzi si\u0119 ka\u017cdym ma\u0142ym lokalu na etapie projektu lub remontu np. ma\u0142y salon fryzjerski, piekarnia, rze\u017anik, apteka, stoisko, kiosk\/magazyn sklep, kwiaciarnia, ma\u0142e gabinety lekarskie, ma\u0142e biura, ma\u0142e biura (cz\u0119sto zintegrowane w domu).<\/div><\/div>\n<p>PARAMETRY TECHNICZNE<\/p>\n<div class=\"su-tabs su-tabs-style-default su-tabs-mobile-stack\" data-active=\"1\" data-scroll-offset=\"0\" data-anchor-in-url=\"no\"><div class=\"su-tabs-nav\"><span class=\"\" data-url=\"\" data-target=\"blank\" tabindex=\"0\" role=\"button\">Kasetonowy 4-stronny<\/span><span class=\"\" data-url=\"\" data-target=\"blank\" tabindex=\"0\" role=\"button\">Jed. Zewn\u0119trzne<\/span><span class=\"\" data-url=\"\" data-target=\"blank\" tabindex=\"0\" role=\"button\">Tabela korzysci<\/span><span class=\"\" data-url=\"\" data-target=\"blank\" tabindex=\"0\" role=\"button\">Por\u00f3wnanie modeli<\/span><span class=\"\" data-url=\"\" data-target=\"blank\" tabindex=\"0\" role=\"button\">Monta\u017c<\/span><span class=\"\" data-url=\"\" data-target=\"blank\" tabindex=\"0\" role=\"button\">Przepisy F-GAZ<\/span><\/div><div class=\"su-tabs-panes\"><div class=\"su-tabs-pane su-u-clearfix su-u-trim\" data-title=\"Kasetonowy 4-stronny\"><div class=\"su-document su-u-responsive-media-yes\"><iframe src=\"\/\/docs.google.com\/viewer?embedded=true&url=https:\/\/www.fabrykachlodu.pl\/sklep\/wp-content\/uploads\/2020\/01\/4-stronne-kasetonowe-haier.pdf\" width=\"600\" height=\"400\" class=\"su-document\" title=\"\"><\/iframe><\/div><\/div>\n<div class=\"su-tabs-pane su-u-clearfix su-u-trim\" data-title=\"Jed. Zewn\u0119trzne\"><div class=\"su-document su-u-responsive-media-yes\"><iframe src=\"\/\/docs.google.com\/viewer?embedded=true&url=https:\/\/www.fabrykachlodu.pl\/sklep\/wp-content\/uploads\/2020\/01\/Jednostki.Zewnetrzne.klimatyzacja.HAIER_.pdf\" width=\"600\" height=\"400\" class=\"su-document\" title=\"\"><\/iframe><\/div><\/div>\n<div class=\"su-tabs-pane su-u-clearfix su-u-trim\" data-title=\"Tabela korzysci\"><div class=\"su-document su-u-responsive-media-yes\"><iframe src=\"\/\/docs.google.com\/viewer?embedded=true&url=https:\/\/www.fabrykachlodu.pl\/sklep\/wp-content\/uploads\/2020\/01\/Tabela.korzysci.klimatyzacji.HAIER_.-SPLITR32.pdf\" width=\"600\" height=\"400\" class=\"su-document\" title=\"\"><\/iframe><\/div><\/div>\n<div class=\"su-tabs-pane su-u-clearfix su-u-trim\" data-title=\"Por\u00f3wnanie modeli\"><div class=\"su-document su-u-responsive-media-yes\"><iframe src=\"\/\/docs.google.com\/viewer?embedded=true&url=https:\/\/www.fabrykachlodu.pl\/sklep\/wp-content\/uploads\/2020\/01\/Porownanie_modeli_klimatyzatorow.HAIER_R32_Split.pdf\" width=\"600\" height=\"400\" class=\"su-document\" title=\"\"><\/iframe><\/div><\/div>\n<div class=\"su-tabs-pane su-u-clearfix su-u-trim\" data-title=\"Monta\u017c\"><div class=\"su-document su-u-responsive-media-yes\"><iframe src=\"\/\/docs.google.com\/viewer?embedded=true&url=https:\/\/www.fabrykachlodu.pl\/sklep\/wp-content\/uploads\/2020\/01\/Montaz.klimatyzacji.HAIER_.pdf\" width=\"600\" height=\"400\" class=\"su-document\" title=\"\"><\/iframe><\/div><\/div>\n<div class=\"su-tabs-pane su-u-clearfix su-u-trim\" data-title=\"Przepisy F-GAZ\"><div class=\"su-document su-u-responsive-media-yes\"><iframe src=\"\/\/docs.google.com\/viewer?embedded=true&url=https:\/\/www.fabrykachlodu.pl\/sklep\/wp-content\/uploads\/2020\/01\/Nowe-przepisy-F-Gaz-od-2015-roku.pdf\" width=\"600\" height=\"400\" class=\"su-document\" title=\"\"><\/iframe><\/div><\/div><\/div><\/div>\n<p>Dokumenty si\u0119 nie wy\u015bwietlaj\u0105? <input type=\"button\" value=\"Od\u015bwie\u017c stron\u0119\" onclick=\"location.reload();\"><br \/><div class=\"su-note\"  style=\"border-color:#e5e5e5;border-radius:3px;-moz-border-radius:3px;-webkit-border-radius:3px;\"><div class=\"su-note-inner su-u-clearfix su-u-trim\" style=\"background-color:#ffffff;border-color:#ffffff;color:#afafaf;border-radius:3px;-moz-border-radius:3px;-webkit-border-radius:3px;\">\u015awiadomo\u015b\u0107 \u015brodowiskowa jest po stronie producenta &#8211; HAIER spe\u0142nia rygorystyczne warunki np. Czynnik R32. Dla ciebie powinno mie\u0107 znaczenie korzy\u015b\u0107 w\u0142asna komfort\/pracownika\/klient\u00f3w.<\/div><\/div>\n","protected":false},"excerpt":{"rendered":"<p><span style=\"color: #000000;\"><strong>Najwa\u017cniejsze zalety<\/strong><\/span> [dt_list style=\"1\" bullet_position=\"middle\" dividers=\"true\"] [dt_list_item image=\"\"]Regulacja \u017caluzji w pionie[\/dt_list_item] [dt_list_item image=\"\"]Filtry BIO, Aktywny W\u0119giel, Potr\u00f3jny &#8211; do samodzielnej wymiany bez u\u017cycia narz\u0119dzi[\/dt_list_item] [dt_list_item image=\"\"]Ciep\u0142y start[\/dt_list_item] [dt_list_item image=\"\"]Polecany do sypialni bo cicho dzia\u0142a [\/dt_list_item] [\/dt_list]<\/p>\n","protected":false},"featured_media":52453,"template":"","meta":[],"product_cat":[2586,189],"product_tag":[4963,4984,625,4977],"yoast_head":"<!-- This site is optimized with the Yoast SEO plugin v22.1 - https:\/\/yoast.com\/wordpress\/plugins\/seo\/ -->\n<title>\u00b0FC Haier Kasetonowy 4-stronny przep\u0142yw powietrza Jednostka wew. AB50S2SC1FA<\/title>\n<meta name=\"description\" content=\"Jednostka wew. AB50S2SC1FA HAIER Kasetonowy 4-stronny przep\u0142yw powietrza R32, do biura 50m2, sklepu 50m2, hotelu 50m2, salon fryzjerski, piekarnia, apteka, kwiaciarnia, gabinet lekarski, biuro, restauracja 50m2, Klimatyzacja HAIER Casette Standard, Kasetonowy, Ma\u0142e biuro 50m2, Ma\u0142e mieszkanie 50m2\" \/>\n<meta name=\"robots\" content=\"index, follow, max-snippet:-1, max-image-preview:large, max-video-preview:-1\" \/>\n<link rel=\"canonical\" href=\"https:\/\/www.fabrykachlodu.pl\/sklep\/produkt\/kasetonowy-4-stronny-przeplyw-powietrza-jednostka-wew-ab50s2sc1fa\/\" \/>\n<meta name=\"twitter:label1\" content=\"Szacowany czas czytania\" \/>\n\t<meta name=\"twitter:data1\" content=\"3 minuty\" \/>\n<script type=\"application\/ld+json\" class=\"yoast-schema-graph\">{\"@context\":\"https:\/\/schema.org\",\"@graph\":[{\"@type\":\"WebPage\",\"@id\":\"https:\/\/www.fabrykachlodu.pl\/sklep\/produkt\/kasetonowy-4-stronny-przeplyw-powietrza-jednostka-wew-ab50s2sc1fa\/\",\"url\":\"https:\/\/www.fabrykachlodu.pl\/sklep\/produkt\/kasetonowy-4-stronny-przeplyw-powietrza-jednostka-wew-ab50s2sc1fa\/\",\"name\":\"\u00b0FC Haier Kasetonowy 4-stronny przep\u0142yw powietrza Jednostka wew. AB50S2SC1FA\",\"isPartOf\":{\"@id\":\"https:\/\/www.fabrykachlodu.pl\/sklep\/#website\"},\"datePublished\":\"2020-01-22T10:10:49+00:00\",\"dateModified\":\"2022-03-27T20:31:42+00:00\",\"description\":\"Jednostka wew. AB50S2SC1FA HAIER Kasetonowy 4-stronny przep\u0142yw powietrza R32, do biura 50m2, sklepu 50m2, hotelu 50m2, salon fryzjerski, piekarnia, apteka, kwiaciarnia, gabinet lekarski, biuro, restauracja 50m2, Klimatyzacja HAIER Casette Standard, Kasetonowy, Ma\u0142e biuro 50m2, Ma\u0142e mieszkanie 50m2\",\"breadcrumb\":{\"@id\":\"https:\/\/www.fabrykachlodu.pl\/sklep\/produkt\/kasetonowy-4-stronny-przeplyw-powietrza-jednostka-wew-ab50s2sc1fa\/#breadcrumb\"},\"inLanguage\":\"pl-PL\",\"potentialAction\":[{\"@type\":\"ReadAction\",\"target\":[\"https:\/\/www.fabrykachlodu.pl\/sklep\/produkt\/kasetonowy-4-stronny-przeplyw-powietrza-jednostka-wew-ab50s2sc1fa\/\"]}]},{\"@type\":\"BreadcrumbList\",\"@id\":\"https:\/\/www.fabrykachlodu.pl\/sklep\/produkt\/kasetonowy-4-stronny-przeplyw-powietrza-jednostka-wew-ab50s2sc1fa\/#breadcrumb\",\"itemListElement\":[{\"@type\":\"ListItem\",\"position\":1,\"name\":\"Strona g\u0142\u00f3wna\",\"item\":\"https:\/\/www.fabrykachlodu.pl\/sklep\/\"},{\"@type\":\"ListItem\",\"position\":2,\"name\":\"Szukasz klimatzyacji biurowej sklepowej lub do mieszkania?\",\"item\":\"https:\/\/www.fabrykachlodu.pl\/sklep\/\"},{\"@type\":\"ListItem\",\"position\":3,\"name\":\"HAIER\",\"item\":\"https:\/\/www.fabrykachlodu.pl\/sklep\/product-category\/haier\/\"},{\"@type\":\"ListItem\",\"position\":4,\"name\":\"Kasetonowy\",\"item\":\"https:\/\/www.fabrykachlodu.pl\/sklep\/product-category\/haier\/kasetonowy-haier\/\"},{\"@type\":\"ListItem\",\"position\":5,\"name\":\"\u00b0FC Haier Kasetonowy 4-stronny przep\u0142yw powietrza Zestaw AB50S2SC1FA\/1U50S2SJ2FA klimatyzacja HAIER o mocy 5.0kW, do 50m2, 5 pomieszcze\u0144\",\"item\":\"https:\/\/www.fabrykachlodu.pl\/sklep\/produkt\/kasetonowy-4-stronny-przeplyw-powietrza-zestaw-ab50s2sc1fa-1u50s2sj2fa-klimatyzacja-haier-o-mocy-5-0kw-do-50m2-5-pomieszczen\/\"},{\"@type\":\"ListItem\",\"position\":6,\"name\":\"\u00b0FC Haier Kasetonowy 4-stronny przep\u0142yw powietrza Jednostka wew. AB50S2SC1FA\"}]},{\"@type\":\"WebSite\",\"@id\":\"https:\/\/www.fabrykachlodu.pl\/sklep\/#website\",\"url\":\"https:\/\/www.fabrykachlodu.pl\/sklep\/\",\"name\":\"\u00b0FC Sklep Internetowy monta\u017c klimatyzacji pomp ciep\u0142a\",\"description\":\"\u00b0FC monta\u017c klimatyzacji pomp ciep\u0142a z nami to szybki i tani wyb\u00f3r.  Us\u0142ugi monta\u017cowe i serwisowe W Warszawie i okolicach..\",\"potentialAction\":[{\"@type\":\"SearchAction\",\"target\":{\"@type\":\"EntryPoint\",\"urlTemplate\":\"https:\/\/www.fabrykachlodu.pl\/sklep\/?s={search_term_string}\"},\"query-input\":\"required name=search_term_string\"}],\"inLanguage\":\"pl-PL\"}]}<\/script>\n<!-- \/ Yoast SEO plugin. -->","yoast_head_json":{"title":"\u00b0FC Haier Kasetonowy 4-stronny przep\u0142yw powietrza Jednostka wew. AB50S2SC1FA","description":"Jednostka wew. AB50S2SC1FA HAIER Kasetonowy 4-stronny przep\u0142yw powietrza R32, do biura 50m2, sklepu 50m2, hotelu 50m2, salon fryzjerski, piekarnia, apteka, kwiaciarnia, gabinet lekarski, biuro, restauracja 50m2, Klimatyzacja HAIER Casette Standard, Kasetonowy, Ma\u0142e biuro 50m2, Ma\u0142e mieszkanie 50m2","robots":{"index":"index","follow":"follow","max-snippet":"max-snippet:-1","max-image-preview":"max-image-preview:large","max-video-preview":"max-video-preview:-1"},"canonical":"https:\/\/www.fabrykachlodu.pl\/sklep\/produkt\/kasetonowy-4-stronny-przeplyw-powietrza-jednostka-wew-ab50s2sc1fa\/","twitter_misc":{"Szacowany czas czytania":"3 minuty"},"schema":{"@context":"https:\/\/schema.org","@graph":[{"@type":"WebPage","@id":"https:\/\/www.fabrykachlodu.pl\/sklep\/produkt\/kasetonowy-4-stronny-przeplyw-powietrza-jednostka-wew-ab50s2sc1fa\/","url":"https:\/\/www.fabrykachlodu.pl\/sklep\/produkt\/kasetonowy-4-stronny-przeplyw-powietrza-jednostka-wew-ab50s2sc1fa\/","name":"\u00b0FC Haier Kasetonowy 4-stronny przep\u0142yw powietrza Jednostka wew. AB50S2SC1FA","isPartOf":{"@id":"https:\/\/www.fabrykachlodu.pl\/sklep\/#website"},"datePublished":"2020-01-22T10:10:49+00:00","dateModified":"2022-03-27T20:31:42+00:00","description":"Jednostka wew. AB50S2SC1FA HAIER Kasetonowy 4-stronny przep\u0142yw powietrza R32, do biura 50m2, sklepu 50m2, hotelu 50m2, salon fryzjerski, piekarnia, apteka, kwiaciarnia, gabinet lekarski, biuro, restauracja 50m2, Klimatyzacja HAIER Casette Standard, Kasetonowy, Ma\u0142e biuro 50m2, Ma\u0142e mieszkanie 50m2","breadcrumb":{"@id":"https:\/\/www.fabrykachlodu.pl\/sklep\/produkt\/kasetonowy-4-stronny-przeplyw-powietrza-jednostka-wew-ab50s2sc1fa\/#breadcrumb"},"inLanguage":"pl-PL","potentialAction":[{"@type":"ReadAction","target":["https:\/\/www.fabrykachlodu.pl\/sklep\/produkt\/kasetonowy-4-stronny-przeplyw-powietrza-jednostka-wew-ab50s2sc1fa\/"]}]},{"@type":"BreadcrumbList","@id":"https:\/\/www.fabrykachlodu.pl\/sklep\/produkt\/kasetonowy-4-stronny-przeplyw-powietrza-jednostka-wew-ab50s2sc1fa\/#breadcrumb","itemListElement":[{"@type":"ListItem","position":1,"name":"Strona g\u0142\u00f3wna","item":"https:\/\/www.fabrykachlodu.pl\/sklep\/"},{"@type":"ListItem","position":2,"name":"Szukasz klimatzyacji biurowej sklepowej lub do mieszkania?","item":"https:\/\/www.fabrykachlodu.pl\/sklep\/"},{"@type":"ListItem","position":3,"name":"HAIER","item":"https:\/\/www.fabrykachlodu.pl\/sklep\/product-category\/haier\/"},{"@type":"ListItem","position":4,"name":"Kasetonowy","item":"https:\/\/www.fabrykachlodu.pl\/sklep\/product-category\/haier\/kasetonowy-haier\/"},{"@type":"ListItem","position":5,"name":"\u00b0FC Haier Kasetonowy 4-stronny przep\u0142yw powietrza Zestaw AB50S2SC1FA\/1U50S2SJ2FA klimatyzacja HAIER o mocy 5.0kW, do 50m2, 5 pomieszcze\u0144","item":"https:\/\/www.fabrykachlodu.pl\/sklep\/produkt\/kasetonowy-4-stronny-przeplyw-powietrza-zestaw-ab50s2sc1fa-1u50s2sj2fa-klimatyzacja-haier-o-mocy-5-0kw-do-50m2-5-pomieszczen\/"},{"@type":"ListItem","position":6,"name":"\u00b0FC Haier Kasetonowy 4-stronny przep\u0142yw powietrza Jednostka wew. AB50S2SC1FA"}]},{"@type":"WebSite","@id":"https:\/\/www.fabrykachlodu.pl\/sklep\/#website","url":"https:\/\/www.fabrykachlodu.pl\/sklep\/","name":"\u00b0FC Sklep Internetowy monta\u017c klimatyzacji pomp ciep\u0142a","description":"\u00b0FC monta\u017c klimatyzacji pomp ciep\u0142a z nami to szybki i tani wyb\u00f3r.  Us\u0142ugi monta\u017cowe i serwisowe W Warszawie i okolicach..","potentialAction":[{"@type":"SearchAction","target":{"@type":"EntryPoint","urlTemplate":"https:\/\/www.fabrykachlodu.pl\/sklep\/?s={search_term_string}"},"query-input":"required name=search_term_string"}],"inLanguage":"pl-PL"}]}},"_links":{"self":[{"href":"https:\/\/www.fabrykachlodu.pl\/sklep\/wp-json\/wp\/v2\/product\/53365"}],"collection":[{"href":"https:\/\/www.fabrykachlodu.pl\/sklep\/wp-json\/wp\/v2\/product"}],"about":[{"href":"https:\/\/www.fabrykachlodu.pl\/sklep\/wp-json\/wp\/v2\/types\/product"}],"wp:featuredmedia":[{"embeddable":true,"href":"https:\/\/www.fabrykachlodu.pl\/sklep\/wp-json\/wp\/v2\/media\/52453"}],"wp:attachment":[{"href":"https:\/\/www.fabrykachlodu.pl\/sklep\/wp-json\/wp\/v2\/media?parent=53365"}],"wp:term":[{"taxonomy":"product_cat","embeddable":true,"href":"https:\/\/www.fabrykachlodu.pl\/sklep\/wp-json\/wp\/v2\/product_cat?post=53365"},{"taxonomy":"product_tag","embeddable":true,"href":"https:\/\/www.fabrykachlodu.pl\/sklep\/wp-json\/wp\/v2\/product_tag?post=53365"}],"curies":[{"name":"wp","href":"https:\/\/api.w.org\/{rel}","templated":true}]}}