{"id":53371,"date":"2020-01-22T11:10:50","date_gmt":"2020-01-22T10:10:50","guid":{"rendered":"http:\/\/www.fabrykachlodu.pl\/sklep\/produkt\/import-placeholder-for-ab71s2sg1fa-1u71s2sg1fa\/"},"modified":"2022-03-27T22:31:44","modified_gmt":"2022-03-27T20:31:44","slug":"kasetonowy-obwodowy-przeplyw-powietrza-zestaw-ab71s2sg1fa-1u71s2sg1fa-klimatyzacja-haier-o-mocy-7-1kw-do-70m2-7-pomieszczen","status":"publish","type":"product","link":"https:\/\/www.fabrykachlodu.pl\/sklep\/produkt\/kasetonowy-obwodowy-przeplyw-powietrza-zestaw-ab71s2sg1fa-1u71s2sg1fa-klimatyzacja-haier-o-mocy-7-1kw-do-70m2-7-pomieszczen\/","title":{"rendered":"\u00b0FC Haier Kasetonowy obwodowy przep\u0142yw powietrza\n Zestaw AB71S2SG1FA\/1U71S2SG1FA klimatyzacja HAIER o mocy 7.1kW, do 70m2, 7 pomieszcze\u0144"},"content":{"rendered":"<h2>Zam\u00f3wienie dotyczy: Zestaw AB71S2SG1FA\/1U71S2SG1FA klimatyzacja HAIER o mocy 7.1kW, do 70m2, 7 pomieszcze\u0144 HAIER Kasetonowy obwodowy przep\u0142yw powietrza<br \/>\n 3 pomieszczenia, 4 pomieszczenia 70m2 A++ R32 kW 7.1<\/h2>\n<p><h3><strong>W jednym miejscu poznasz:<\/strong><\/h3>\n<p>Informacje odno\u015bnie klimatyzacji HAIER<br \/>\nPoznasz najwa\u017cniejsze funkcje<br \/>\nPor\u00f3wnasz produkty<br \/>\nPoznasz parametry techniczne<br \/>\nPoznasz cen\u0119 i zrealizujesz zam\u00f3wienie<br \/>\n<strong><\/p>\n<h3>Zamawiaj\u0105c produkt u nas:<\/strong><\/h3>\n<p>Otrzymasz produkt<br \/>\nJednostk\u0119 wewn\u0119trzna<br \/>\nJednostk\u0119 zewn\u0119trzna<br \/>\nSterowanie<br \/>\n<strong><\/p>\n<h3>Zlecaj\u0105c nam monta\u017c otrzymasz:<\/strong><\/h3>\n<p>Rabat na produkty HAIER<br \/>\nKompletne pod\u0142\u0105czenie elektryczne oraz hydrauliczne<br \/>\nGwarancje<br \/>\nSerwis<\/p>\n<p>Klimatyzator kasetonowy o obwodowym przep\u0142ywie powietrza posiada czujnik ruchu badaj\u0105cy obecno\u015b\u0107 u\u017cytkownik\u00f3w co w efekcie przek\u0142ada si\u0119 na obni\u017cenie rachunk\u00f3w za pr\u0105d. Szacowana oszcz\u0119dno\u015b\u0107 energii elektrycznej na poziome 27% znacznie przyczyni si\u0119 do ni\u017cszych rachunk\u00f3w za klimatyzacj\u0119.  Przep\u0142yw powietrza pod\u0105\u017ca za u\u017cytkownikiem dzi\u0119ki sensorom, kt\u00f3re w zale\u017cno\u015bci od ustawie\u0144 dost\u0119pnych z poziomu sterownika zapewniaj\u0105 zdecydowany komfort u\u017cytkowania i dzia\u0142ania w tle.<div class=\"su-service\"><div class=\"su-service-title\" style=\"padding-left:52px;min-height:38px;line-height:38px\"><i class=\"sui sui-check-circle\" style=\"font-size:38px;color:#22a0ed\"><\/i> Wskaz\u00f3wka naszego eksperta<\/div><div class=\"su-service-content su-u-clearfix su-u-trim\" style=\"padding-left:52px\">Klimatyzator kasetonowy o obwodowym przep\u0142ywie posiada now\u0105 kratk\u0119 wlotu powietrza. Kratka powi\u0119kszona o 23% w celu zmniejszenia pr\u0119dko\u015bci powietrza oraz obni\u017cenia poziomu ha\u0142asu.<\/div><\/div>\n<h2><strong>Zapraszamy do por\u00f3wnania zalet i wad klimatyzacji HAIER<\/strong><\/h2>\n<p><strong>Jakie s\u0105 zalety takiego systemu?<\/strong><br \/><div class=\"su-service\"><div class=\"su-service-title\" style=\"padding-left:52px;min-height:38px;line-height:38px\"><i class=\"sui sui-check-circle\" style=\"font-size:38px;color:#22a0ed\"><\/i> Wskaz\u00f3wka naszego eksperta<\/div><div class=\"su-service-content su-u-clearfix su-u-trim\" style=\"padding-left:52px\">Nowy wentylator eliminuje op\u00f3r powietrza oraz obni\u017ca poziom pracy klimatyzatora o 3dB(A). Dzi\u0119ki czemu pracownicy biurowi lub domownicy b\u0119d\u0105 zadowoleni z braku uci\u0105\u017cliwego ha\u0142asu. Przep\u0142yw powietrza nast\u0119puje ze wszystkich stron rozprowadzaj\u0105c nawiew w pomieszczeniu r\u00f3wnomiernie. Urz\u0105dzenie mo\u017ce zosta\u0107 zamontowane na wysoko\u015bci si\u0119gaj\u0105cej nawet 4,5m.<\/div><\/div><strong>Jakie s\u0105 wady tego klimatyzatora?<\/strong><br \/><div class=\"su-service\"><div class=\"su-service-title\" style=\"padding-left:52px;min-height:38px;line-height:38px\"><i class=\"sui sui-check-circle\" style=\"font-size:38px;color:#22a0ed\"><\/i> Wskaz\u00f3wka naszego eksperta<\/div><div class=\"su-service-content su-u-clearfix su-u-trim\" style=\"padding-left:52px\">Je\u015bli szukasz szybkiej, czystej instalacji klimatyzatora to kasetonowe jednostki nie s\u0105 dla Ciebie z uwagi na wiercenie otwor\u00f3w, przepuszczaniu kana\u0142\u00f3w oraz ingerencji w warstw\u0119 sufitu i jego wysoko\u015bci. Wymagaj\u0105 one projektu na etapie remontu, budowy obiektu lub domu. bez wi\u0119kszych zak\u0142\u00f3ce\u0144 w domu (wiercenie otwor\u00f3w itp.)<\/div><\/div>\n<div class=\"hr-thin\"><\/div>\n<div class=\"su-service\"><div class=\"su-service-title\" style=\"padding-left:52px;min-height:38px;line-height:38px\"><i class=\"sui sui-hand-o-right\" style=\"font-size:38px;color:#22a0ed\"><\/i> Podsumowuj\u0105c<\/div><div class=\"su-service-content su-u-clearfix su-u-trim\" style=\"padding-left:52px\">Wa\u017cne jest aby na etapie koncepcji, projektant dobra\u0142 klimatyzator odpowiedni do dost\u0119pnego bud\u017cetu. Klimatyzatory \u015bcienne oraz przypod\u0142ogowe b\u0119d\u0105 ta\u0144szym rozwi\u0105zaniem ni\u017c kasetonowe lub kana\u0142owe. Je\u017celi trasa instalacji b\u0119dzie d\u0142uga, a dobrany spr\u0119\u017c zbyt niski klimatyzator b\u0119dzie wia\u0142 mocno powoduj\u0105c uczucie przeci\u0105gu. Pr\u0119dko\u015b\u0107 powietrza w kana\u0142ach cz\u0119sto niesie za sob\u0105 dodatkowe konsekwencji takie jak ha\u0142as. Fabryka Ch\u0142odu projektuje i dobiera bior\u0105c pod uwag\u0119 wszystkie uwarunkowania.<\/div><\/div>\n<p>PARAMETRY TECHNICZNE<\/p>\n<div class=\"su-tabs su-tabs-style-default su-tabs-mobile-stack\" data-active=\"1\" data-scroll-offset=\"0\" data-anchor-in-url=\"no\"><div class=\"su-tabs-nav\"><span class=\"\" data-url=\"\" data-target=\"blank\" tabindex=\"0\" role=\"button\">Kasetonowy obwodowy<\/span><span class=\"\" data-url=\"\" data-target=\"blank\" tabindex=\"0\" role=\"button\">Jed. Zewn\u0119trzne<\/span><span class=\"\" data-url=\"\" data-target=\"blank\" tabindex=\"0\" role=\"button\">Tabela korzysci<\/span><span class=\"\" data-url=\"\" data-target=\"blank\" tabindex=\"0\" role=\"button\">Por\u00f3wnanie modeli<\/span><span class=\"\" data-url=\"\" data-target=\"blank\" tabindex=\"0\" role=\"button\">Monta\u017c<\/span><span class=\"\" data-url=\"\" data-target=\"blank\" tabindex=\"0\" role=\"button\">Przepisy F-GAZ<\/span><\/div><div class=\"su-tabs-panes\"><div class=\"su-tabs-pane su-u-clearfix su-u-trim\" data-title=\"Kasetonowy obwodowy\"><div class=\"su-document su-u-responsive-media-yes\"><iframe src=\"\/\/docs.google.com\/viewer?embedded=true&url=https:\/\/www.fabrykachlodu.pl\/sklep\/wp-content\/uploads\/2020\/01\/obdowowy-przeplyw-powietrza-haier.pdf\" width=\"600\" height=\"400\" class=\"su-document\" title=\"\"><\/iframe><\/div><\/div>\n<div class=\"su-tabs-pane su-u-clearfix su-u-trim\" data-title=\"Jed. Zewn\u0119trzne\"><div class=\"su-document su-u-responsive-media-yes\"><iframe src=\"\/\/docs.google.com\/viewer?embedded=true&url=https:\/\/www.fabrykachlodu.pl\/sklep\/wp-content\/uploads\/2020\/01\/Jednostki.Zewnetrzne.klimatyzacja.HAIER_.pdf\" width=\"600\" height=\"400\" class=\"su-document\" title=\"\"><\/iframe><\/div><\/div>\n<div class=\"su-tabs-pane su-u-clearfix su-u-trim\" data-title=\"Tabela korzysci\"><div class=\"su-document su-u-responsive-media-yes\"><iframe src=\"\/\/docs.google.com\/viewer?embedded=true&url=https:\/\/www.fabrykachlodu.pl\/sklep\/wp-content\/uploads\/2020\/01\/Tabela.korzysci.klimatyzacji.HAIER_.-SPLITR32.pdf\" width=\"600\" height=\"400\" class=\"su-document\" title=\"\"><\/iframe><\/div><\/div>\n<div class=\"su-tabs-pane su-u-clearfix su-u-trim\" data-title=\"Por\u00f3wnanie modeli\"><div class=\"su-document su-u-responsive-media-yes\"><iframe src=\"\/\/docs.google.com\/viewer?embedded=true&url=https:\/\/www.fabrykachlodu.pl\/sklep\/wp-content\/uploads\/2020\/01\/Porownanie_modeli_klimatyzatorow.HAIER_R32_Split.pdf\" width=\"600\" height=\"400\" class=\"su-document\" title=\"\"><\/iframe><\/div><\/div>\n<div class=\"su-tabs-pane su-u-clearfix su-u-trim\" data-title=\"Monta\u017c\"><div class=\"su-document su-u-responsive-media-yes\"><iframe src=\"\/\/docs.google.com\/viewer?embedded=true&url=https:\/\/www.fabrykachlodu.pl\/sklep\/wp-content\/uploads\/2020\/01\/Montaz.klimatyzacji.HAIER_.pdf\" width=\"600\" height=\"400\" class=\"su-document\" title=\"\"><\/iframe><\/div><\/div>\n<div class=\"su-tabs-pane su-u-clearfix su-u-trim\" data-title=\"Przepisy F-GAZ\"><div class=\"su-document su-u-responsive-media-yes\"><iframe src=\"\/\/docs.google.com\/viewer?embedded=true&url=https:\/\/www.fabrykachlodu.pl\/sklep\/wp-content\/uploads\/2020\/01\/Nowe-przepisy-F-Gaz-od-2015-roku.pdf\" width=\"600\" height=\"400\" class=\"su-document\" title=\"\"><\/iframe><\/div><\/div><\/div><\/div>\n<p>Dokumenty si\u0119 nie wy\u015bwietlaj\u0105? <input type=\"button\" value=\"Od\u015bwie\u017c stron\u0119\" onclick=\"location.reload();\"><br \/><div class=\"su-note\"  style=\"border-color:#e5e5e5;border-radius:3px;-moz-border-radius:3px;-webkit-border-radius:3px;\"><div class=\"su-note-inner su-u-clearfix su-u-trim\" style=\"background-color:#ffffff;border-color:#ffffff;color:#afafaf;border-radius:3px;-moz-border-radius:3px;-webkit-border-radius:3px;\">\u015awiadomo\u015b\u0107 \u015brodowiskowa jest po stronie producenta &#8211; HAIER spe\u0142nia rygorystyczne warunki np. Czynnik R32. Dla ciebie powinno mie\u0107 znaczenie korzy\u015b\u0107 w\u0142asna komfort\/pracownika\/klient\u00f3w.<\/div><\/div>\n","protected":false},"excerpt":{"rendered":"<p><span style=\"color: #000000;\"><strong>Najwa\u017cniejsze zalety<\/strong><\/span> [dt_list style=\"1\" bullet_position=\"middle\" dividers=\"true\"] [dt_list_item image=\"\"]Sterowanie WiFi bez pilota[\/dt_list_item] [dt_list_item image=\"\"]Inteligentne powietrze[\/dt_list_item] [dt_list_item image=\"\"]Filtry BIO oraz Aktywny w\u0119giel do samodzielnej wymiany bez u\u017cycia narz\u0119dzi[\/dt_list_item] [dt_list_item image=\"\"]Funkcja osuszania[\/dt_list_item] [\/dt_list]<\/p>\n","protected":false},"featured_media":52446,"template":"","meta":[],"product_cat":[2586,189],"product_tag":[2928,2929,1094,5065,4963,4984,625,1558],"yoast_head":"<!-- This site is optimized with the Yoast SEO plugin v22.1 - https:\/\/yoast.com\/wordpress\/plugins\/seo\/ -->\n<title>\u00b0FC Haier Kasetonowy obwodowy przep\u0142yw powietrza Zestaw AB71S2SG1FA\/1U71S2SG1FA klimatyzacja HAIER o mocy 7.1kW, do 70m2, 7 pomieszcze\u0144<\/title>\n<meta name=\"description\" content=\"Zestaw AB71S2SG1FA\/1U71S2SG1FA klimatyzacja HAIER o mocy, 7.1kW, do 70m2, 7 pomieszcze\u0144 HAIER Kasetonowy obwodowy przep\u0142yw powietrza 3 pomieszczenia, 4 pomieszczenia 70m2 A++ R32, kW 7.1 do biura 70m2, sklepu 70m2, hotelu 70m2, salon fryzjerski, piekarnia, apteka, kwiaciarnia, gabinet lekarski, biuro, restauracja 70m2, Klimatyzacja HAIER Casette, Kasetonowy, Ma\u0142e biuro 70m2, Ma\u0142e mieszkanie 70m2\" \/>\n<meta name=\"robots\" content=\"index, follow, max-snippet:-1, max-image-preview:large, max-video-preview:-1\" \/>\n<link rel=\"canonical\" href=\"https:\/\/www.fabrykachlodu.pl\/sklep\/produkt\/kasetonowy-obwodowy-przeplyw-powietrza-zestaw-ab71s2sg1fa-1u71s2sg1fa-klimatyzacja-haier-o-mocy-7-1kw-do-70m2-7-pomieszczen\/\" \/>\n<meta name=\"twitter:label1\" content=\"Szacowany czas czytania\" \/>\n\t<meta name=\"twitter:data1\" content=\"4 minuty\" \/>\n<script type=\"application\/ld+json\" class=\"yoast-schema-graph\">{\"@context\":\"https:\/\/schema.org\",\"@graph\":[{\"@type\":\"WebPage\",\"@id\":\"https:\/\/www.fabrykachlodu.pl\/sklep\/produkt\/kasetonowy-obwodowy-przeplyw-powietrza-zestaw-ab71s2sg1fa-1u71s2sg1fa-klimatyzacja-haier-o-mocy-7-1kw-do-70m2-7-pomieszczen\/\",\"url\":\"https:\/\/www.fabrykachlodu.pl\/sklep\/produkt\/kasetonowy-obwodowy-przeplyw-powietrza-zestaw-ab71s2sg1fa-1u71s2sg1fa-klimatyzacja-haier-o-mocy-7-1kw-do-70m2-7-pomieszczen\/\",\"name\":\"\u00b0FC Haier Kasetonowy obwodowy przep\u0142yw powietrza Zestaw AB71S2SG1FA\/1U71S2SG1FA klimatyzacja HAIER o mocy 7.1kW, do 70m2, 7 pomieszcze\u0144\",\"isPartOf\":{\"@id\":\"https:\/\/www.fabrykachlodu.pl\/sklep\/#website\"},\"datePublished\":\"2020-01-22T10:10:50+00:00\",\"dateModified\":\"2022-03-27T20:31:44+00:00\",\"description\":\"Zestaw AB71S2SG1FA\/1U71S2SG1FA klimatyzacja HAIER o mocy, 7.1kW, do 70m2, 7 pomieszcze\u0144 HAIER Kasetonowy obwodowy przep\u0142yw powietrza 3 pomieszczenia, 4 pomieszczenia 70m2 A++ R32, kW 7.1 do biura 70m2, sklepu 70m2, hotelu 70m2, salon fryzjerski, piekarnia, apteka, kwiaciarnia, gabinet lekarski, biuro, restauracja 70m2, Klimatyzacja HAIER Casette, Kasetonowy, Ma\u0142e biuro 70m2, Ma\u0142e mieszkanie 70m2\",\"breadcrumb\":{\"@id\":\"https:\/\/www.fabrykachlodu.pl\/sklep\/produkt\/kasetonowy-obwodowy-przeplyw-powietrza-zestaw-ab71s2sg1fa-1u71s2sg1fa-klimatyzacja-haier-o-mocy-7-1kw-do-70m2-7-pomieszczen\/#breadcrumb\"},\"inLanguage\":\"pl-PL\",\"potentialAction\":[{\"@type\":\"ReadAction\",\"target\":[\"https:\/\/www.fabrykachlodu.pl\/sklep\/produkt\/kasetonowy-obwodowy-przeplyw-powietrza-zestaw-ab71s2sg1fa-1u71s2sg1fa-klimatyzacja-haier-o-mocy-7-1kw-do-70m2-7-pomieszczen\/\"]}]},{\"@type\":\"BreadcrumbList\",\"@id\":\"https:\/\/www.fabrykachlodu.pl\/sklep\/produkt\/kasetonowy-obwodowy-przeplyw-powietrza-zestaw-ab71s2sg1fa-1u71s2sg1fa-klimatyzacja-haier-o-mocy-7-1kw-do-70m2-7-pomieszczen\/#breadcrumb\",\"itemListElement\":[{\"@type\":\"ListItem\",\"position\":1,\"name\":\"Strona g\u0142\u00f3wna\",\"item\":\"https:\/\/www.fabrykachlodu.pl\/sklep\/\"},{\"@type\":\"ListItem\",\"position\":2,\"name\":\"Szukasz klimatzyacji biurowej sklepowej lub do mieszkania?\",\"item\":\"https:\/\/www.fabrykachlodu.pl\/sklep\/\"},{\"@type\":\"ListItem\",\"position\":3,\"name\":\"HAIER\",\"item\":\"https:\/\/www.fabrykachlodu.pl\/sklep\/product-category\/haier\/\"},{\"@type\":\"ListItem\",\"position\":4,\"name\":\"Kasetonowy\",\"item\":\"https:\/\/www.fabrykachlodu.pl\/sklep\/product-category\/haier\/kasetonowy-haier\/\"},{\"@type\":\"ListItem\",\"position\":5,\"name\":\"\u00b0FC Haier Kasetonowy obwodowy przep\u0142yw powietrza Zestaw AB71S2SG1FA\/1U71S2SG1FA klimatyzacja HAIER o mocy 7.1kW, do 70m2, 7 pomieszcze\u0144\"}]},{\"@type\":\"WebSite\",\"@id\":\"https:\/\/www.fabrykachlodu.pl\/sklep\/#website\",\"url\":\"https:\/\/www.fabrykachlodu.pl\/sklep\/\",\"name\":\"\u00b0FC Sklep Internetowy monta\u017c klimatyzacji pomp ciep\u0142a\",\"description\":\"\u00b0FC monta\u017c klimatyzacji pomp ciep\u0142a z nami to szybki i tani wyb\u00f3r.  Us\u0142ugi monta\u017cowe i serwisowe W Warszawie i okolicach..\",\"potentialAction\":[{\"@type\":\"SearchAction\",\"target\":{\"@type\":\"EntryPoint\",\"urlTemplate\":\"https:\/\/www.fabrykachlodu.pl\/sklep\/?s={search_term_string}\"},\"query-input\":\"required name=search_term_string\"}],\"inLanguage\":\"pl-PL\"}]}<\/script>\n<!-- \/ Yoast SEO plugin. -->","yoast_head_json":{"title":"\u00b0FC Haier Kasetonowy obwodowy przep\u0142yw powietrza Zestaw AB71S2SG1FA\/1U71S2SG1FA klimatyzacja HAIER o mocy 7.1kW, do 70m2, 7 pomieszcze\u0144","description":"Zestaw AB71S2SG1FA\/1U71S2SG1FA klimatyzacja HAIER o mocy, 7.1kW, do 70m2, 7 pomieszcze\u0144 HAIER Kasetonowy obwodowy przep\u0142yw powietrza 3 pomieszczenia, 4 pomieszczenia 70m2 A++ R32, kW 7.1 do biura 70m2, sklepu 70m2, hotelu 70m2, salon fryzjerski, piekarnia, apteka, kwiaciarnia, gabinet lekarski, biuro, restauracja 70m2, Klimatyzacja HAIER Casette, Kasetonowy, Ma\u0142e biuro 70m2, Ma\u0142e mieszkanie 70m2","robots":{"index":"index","follow":"follow","max-snippet":"max-snippet:-1","max-image-preview":"max-image-preview:large","max-video-preview":"max-video-preview:-1"},"canonical":"https:\/\/www.fabrykachlodu.pl\/sklep\/produkt\/kasetonowy-obwodowy-przeplyw-powietrza-zestaw-ab71s2sg1fa-1u71s2sg1fa-klimatyzacja-haier-o-mocy-7-1kw-do-70m2-7-pomieszczen\/","twitter_misc":{"Szacowany czas czytania":"4 minuty"},"schema":{"@context":"https:\/\/schema.org","@graph":[{"@type":"WebPage","@id":"https:\/\/www.fabrykachlodu.pl\/sklep\/produkt\/kasetonowy-obwodowy-przeplyw-powietrza-zestaw-ab71s2sg1fa-1u71s2sg1fa-klimatyzacja-haier-o-mocy-7-1kw-do-70m2-7-pomieszczen\/","url":"https:\/\/www.fabrykachlodu.pl\/sklep\/produkt\/kasetonowy-obwodowy-przeplyw-powietrza-zestaw-ab71s2sg1fa-1u71s2sg1fa-klimatyzacja-haier-o-mocy-7-1kw-do-70m2-7-pomieszczen\/","name":"\u00b0FC Haier Kasetonowy obwodowy przep\u0142yw powietrza Zestaw AB71S2SG1FA\/1U71S2SG1FA klimatyzacja HAIER o mocy 7.1kW, do 70m2, 7 pomieszcze\u0144","isPartOf":{"@id":"https:\/\/www.fabrykachlodu.pl\/sklep\/#website"},"datePublished":"2020-01-22T10:10:50+00:00","dateModified":"2022-03-27T20:31:44+00:00","description":"Zestaw AB71S2SG1FA\/1U71S2SG1FA klimatyzacja HAIER o mocy, 7.1kW, do 70m2, 7 pomieszcze\u0144 HAIER Kasetonowy obwodowy przep\u0142yw powietrza 3 pomieszczenia, 4 pomieszczenia 70m2 A++ R32, kW 7.1 do biura 70m2, sklepu 70m2, hotelu 70m2, salon fryzjerski, piekarnia, apteka, kwiaciarnia, gabinet lekarski, biuro, restauracja 70m2, Klimatyzacja HAIER Casette, Kasetonowy, Ma\u0142e biuro 70m2, Ma\u0142e mieszkanie 70m2","breadcrumb":{"@id":"https:\/\/www.fabrykachlodu.pl\/sklep\/produkt\/kasetonowy-obwodowy-przeplyw-powietrza-zestaw-ab71s2sg1fa-1u71s2sg1fa-klimatyzacja-haier-o-mocy-7-1kw-do-70m2-7-pomieszczen\/#breadcrumb"},"inLanguage":"pl-PL","potentialAction":[{"@type":"ReadAction","target":["https:\/\/www.fabrykachlodu.pl\/sklep\/produkt\/kasetonowy-obwodowy-przeplyw-powietrza-zestaw-ab71s2sg1fa-1u71s2sg1fa-klimatyzacja-haier-o-mocy-7-1kw-do-70m2-7-pomieszczen\/"]}]},{"@type":"BreadcrumbList","@id":"https:\/\/www.fabrykachlodu.pl\/sklep\/produkt\/kasetonowy-obwodowy-przeplyw-powietrza-zestaw-ab71s2sg1fa-1u71s2sg1fa-klimatyzacja-haier-o-mocy-7-1kw-do-70m2-7-pomieszczen\/#breadcrumb","itemListElement":[{"@type":"ListItem","position":1,"name":"Strona g\u0142\u00f3wna","item":"https:\/\/www.fabrykachlodu.pl\/sklep\/"},{"@type":"ListItem","position":2,"name":"Szukasz klimatzyacji biurowej sklepowej lub do mieszkania?","item":"https:\/\/www.fabrykachlodu.pl\/sklep\/"},{"@type":"ListItem","position":3,"name":"HAIER","item":"https:\/\/www.fabrykachlodu.pl\/sklep\/product-category\/haier\/"},{"@type":"ListItem","position":4,"name":"Kasetonowy","item":"https:\/\/www.fabrykachlodu.pl\/sklep\/product-category\/haier\/kasetonowy-haier\/"},{"@type":"ListItem","position":5,"name":"\u00b0FC Haier Kasetonowy obwodowy przep\u0142yw powietrza Zestaw AB71S2SG1FA\/1U71S2SG1FA klimatyzacja HAIER o mocy 7.1kW, do 70m2, 7 pomieszcze\u0144"}]},{"@type":"WebSite","@id":"https:\/\/www.fabrykachlodu.pl\/sklep\/#website","url":"https:\/\/www.fabrykachlodu.pl\/sklep\/","name":"\u00b0FC Sklep Internetowy monta\u017c klimatyzacji pomp ciep\u0142a","description":"\u00b0FC monta\u017c klimatyzacji pomp ciep\u0142a z nami to szybki i tani wyb\u00f3r.  Us\u0142ugi monta\u017cowe i serwisowe W Warszawie i okolicach..","potentialAction":[{"@type":"SearchAction","target":{"@type":"EntryPoint","urlTemplate":"https:\/\/www.fabrykachlodu.pl\/sklep\/?s={search_term_string}"},"query-input":"required name=search_term_string"}],"inLanguage":"pl-PL"}]}},"_links":{"self":[{"href":"https:\/\/www.fabrykachlodu.pl\/sklep\/wp-json\/wp\/v2\/product\/53371"}],"collection":[{"href":"https:\/\/www.fabrykachlodu.pl\/sklep\/wp-json\/wp\/v2\/product"}],"about":[{"href":"https:\/\/www.fabrykachlodu.pl\/sklep\/wp-json\/wp\/v2\/types\/product"}],"wp:featuredmedia":[{"embeddable":true,"href":"https:\/\/www.fabrykachlodu.pl\/sklep\/wp-json\/wp\/v2\/media\/52446"}],"wp:attachment":[{"href":"https:\/\/www.fabrykachlodu.pl\/sklep\/wp-json\/wp\/v2\/media?parent=53371"}],"wp:term":[{"taxonomy":"product_cat","embeddable":true,"href":"https:\/\/www.fabrykachlodu.pl\/sklep\/wp-json\/wp\/v2\/product_cat?post=53371"},{"taxonomy":"product_tag","embeddable":true,"href":"https:\/\/www.fabrykachlodu.pl\/sklep\/wp-json\/wp\/v2\/product_tag?post=53371"}],"curies":[{"name":"wp","href":"https:\/\/api.w.org\/{rel}","templated":true}]}}