{"id":56303,"date":"2020-03-19T01:19:22","date_gmt":"2020-03-19T00:19:22","guid":{"rendered":"http:\/\/www.fabrykachlodu.pl\/sklep\/produkt\/import-placeholder-for-uty-tfsxw1\/"},"modified":"2023-03-06T22:39:41","modified_gmt":"2023-03-06T21:39:41","slug":"uty-tfsxw1-modul-komunikacji-wi-fi-kompatybilny-z-seria-km-kg","status":"publish","type":"product","link":"https:\/\/www.fabrykachlodu.pl\/sklep\/produkt\/uty-tfsxw1-modul-komunikacji-wi-fi-kompatybilny-z-seria-km-kg\/","title":{"rendered":"UTY-TFSXW1 modu\u0142 komunikacji WI-FI, kompatybilny z: seria KM, KG"},"content":{"rendered":"<p> UTY-TFSXW1 modu\u0142 komunikacji WI-FI, kompatybilny z: seria KMTB, KG <\/h2>\n<p><h3><strong>W jednym miejscu poznasz:<\/strong><\/h3>\n<p>Informacje odno\u015bnie klimatyzacji FUJITSU<br \/>\nPoznasz najwa\u017cniejsze funkcje<br \/>\nPor\u00f3wnasz produkty<br \/>\nPoznasz parametry techniczne<br \/>\nPoznasz cen\u0119 i zrealizujesz zam\u00f3wienie<br \/>\n<strong><\/p>\n<h3>Zamawiaj\u0105c produkt u nas:<\/strong><\/h3>\n<p>Otrzymasz produkt<br \/>\nJednostk\u0119 wewn\u0119trzna<br \/>\nJednostk\u0119 zewn\u0119trzna<br \/>\nSterowanie<br \/>\n<strong><\/p>\n<h3>Zlecaj\u0105c nam monta\u017c otrzymasz:<\/strong><\/h3>\n<p>Rabat na produkty FUJITSU<br \/>\nKompletne pod\u0142\u0105czenie elektryczne oraz hydrauliczne<br \/>\nGwarancje<br \/>\nSerwis<\/p>\n<p>UTY-TFSXW1 modu\u0142 komunikacji WI-FI, kompatybilny z: seria KMTB, KG<\/p>\n<p>Zaprojektowane dla nowych czynnik\u00f3w ch\u0142odniczych<br \/>\nKlimatyzatory marki FUJITSU spe\u0142niaj\u0105 najbardziej rygorystyczne wymogi dotycz\u0105ce ochrony \u015brodowiska naturalnego. Ci\u0105g\u0142a praca nad rozwojem urz\u0105dze\u0144 i doskonaleniem proces\u00f3w produkcyjnych owocuje technologi\u0105, kt\u00f3ra pozwala chroni\u0107 zdrowie nasze i przysz\u0142ych pokole\u0144.<br \/>\nKlimatyzatory FUJITSU ograniczaj\u0105 emisj\u0119 i zmniejszaj\u0105 zastosowanie czynnik\u00f3w ch\u0142odniczych z wysokim GWP (potencja\u0142 tworzenia efektu cieplarnianego).<\/p>\n<p>ZAPROJEKTOWANE TAK, ABY UMO\u017bLIWI\u0106 Sprawne zarz\u0105dzanie<br \/>\nAktywnie uczestnicz\u0105c w rzeczywisto\u015bci Internetu Rzeczy (loT) udost\u0119pniamy mo\u017cliwo\u015b\u0107 zarz\u0105dzania klimatyzacj\u0105 za pomoc\u0105 smartfona. Poszerzamy t\u0119 rzeczywisto\u015b\u0107 poprzez koordynacj\u0119 i wsp\u00f3\u0142prac\u0119 z zewn\u0119trznymi partnerami wykorzystuj\u0105cymi Internet Rzeczy i sztuczn\u0105 inteligencj\u0119.<\/p>\n<p>Sterowanie z dowolnego miejsca<br \/>\nJe\u017celi zapomnisz wy\u0142\u0105czy\u0107 klimatyzator przed wyj\u015bciem z domu &#8211; nie martw si\u0119! &#8222;FGLair&#8221; jest aplikacj\u0105 wsp\u00f3\u0142pracuj\u0105c\u0105 z urz\u0105dzeniami FUJITSU, pozwalaj\u0105c\u0105 za pomoc\u0105 urz\u0105dze\u0144 mobilnych zarz\u0105dza\u0107 klimatyzacj\u0105 z ka\u017cdego miejsca podczas twojej podr\u00f3\u017cy.<\/p>\n<p>STWORZONE W SPOSOB DAJ\u0104CY Poczucie komfortu<br \/>\nFirma Fujitsu General, d\u0105\u017c\u0105c do uzyskania jak najwy\u017cszego komfortu, opracowa\u0142a jako pierwsza na \u015bwiecie wiele nowoczesnych rozwi\u0105za\u0144. Jednym z tego typu pionierskich projekt\u00f3w jest technologia dual blaster- zaawansowana metoda rozdzia\u0142u powietrza poprzez dodatkowe boczne dyfuzory zwi\u0119kszaj\u0105ca komfort u\u017cytkowania.<\/p>\n<p>OPRACOWANE, ABY ZAPEWNI\u0106 Bezpiecze\u0144stwo<br \/>\nGwarancja tak wyj\u0105tkowa, jak nasze urz\u0105dzenia!<br \/>\nKlimatyzatory serii: LTCA, KXCA, KGTA i LZCA to najwy\u017cszej jako\u015bci urz\u0105dzenia \u015bcienne, kt\u00f3re \u0142\u0105cz\u0105 w sobie nowoczesn\u0105 i przyjazn\u0105 dla \u015brodowiska technologi\u0119 z innowacyjnym designem. Rekordowo d\u0142uga gwarancja to potwierdzenie najwy\u017cszej jako\u015bci produkt\u00f3w, kt\u00f3re dzi\u0119ki zastosowaniu najlepszej technologii zapewniaj\u0105 wysok\u0105 wydajno\u015b\u0107 i niskie zu\u017cycie energii (klasa A+++). <div class=\"su-service\"><div class=\"su-service-title\" style=\"padding-left:52px;min-height:38px;line-height:38px\"><i class=\"sui sui-check-circle\" style=\"font-size:38px;color:#22a0ed\"><\/i> Wskaz\u00f3wka naszego eksperta<\/div><div class=\"su-service-content su-u-clearfix su-u-trim\" style=\"padding-left:52px\">Klienci bazuj\u0105c na opcjach o klimatyzacji w Internecie powinni mie\u0107 pe\u0142n\u0105 wiedz\u0119 na temat pochodzenia urz\u0105dzenia, koszt\u00f3w zwi\u0105zanych z zakupem, ekspoatacj\u0105, oraz napraw\u0105. Brak dost\u0119pu do cz\u0119sci zapasowych cz\u0119sto bywa podowem wymiany klimatyzatora.<\/div><\/div>\n<h2><strong>Zapraszamy do por\u00f3wnania zalet i wad klimatyzacji FUJITSU<\/strong><\/h2>\n<p><strong>Jakie s\u0105 zalety takiego systemu?<\/strong><br \/><div class=\"su-service\"><div class=\"su-service-title\" style=\"padding-left:52px;min-height:38px;line-height:38px\"><i class=\"sui sui-check-circle\" style=\"font-size:38px;color:#22a0ed\"><\/i> Wskaz\u00f3wka naszego eksperta<\/div><div class=\"su-service-content su-u-clearfix su-u-trim\" style=\"padding-left:52px\">Je\u015bli chcesz kupi\u0107 u\u017c\u0105dzenie spontanicznie bo z okazji fal upa\u0142\u00f3w, to mamy dobr\u0105 wiadomo\u015b\u0107 bo ten model nawet jesieni\u0105 podniesie temperatur\u0119 w pomieszczeniu. U\u017c\u0105dzenie nie jest jest zapomniane na czas jesieni lub wiosny, a czasami nawet zim\u0105 potrafi ogrzac sypialnie, poddasze lub inne pomieszczeine.<br \/><\/div><\/div><strong>Jakie s\u0105 wady tego klimatyzatora?<\/strong><br \/><div class=\"su-service\"><div class=\"su-service-title\" style=\"padding-left:52px;min-height:38px;line-height:38px\"><i class=\"sui sui-check-circle\" style=\"font-size:38px;color:#22a0ed\"><\/i> Wskaz\u00f3wka naszego eksperta<\/div><div class=\"su-service-content su-u-clearfix su-u-trim\" style=\"padding-left:52px\">Klimatyzator \u015bcienny RAC nie jest zainstalowany dla ca\u0142ego domu, ale tylko w pojedynczych pokojach. Do ca\u0142ego domu lub mieszkania nale\u017cy zainstalowa\u0107 urz\u0105dzenie Multi SPLIT. Wybierz jednostk\u0119 zewn\u0119trzn\u0105 danej ilo\u015bci pomieszcze\u0144, nast\u0119pnie wybierz jednostki wewn\u0119trzne: kasetonowe, przypod\u0142ogowe, sufitowe, kana\u0142owe, Sama jednostka wewn\u0119trzna mo\u017ce by\u0107 u\u017cywa w systemie Multi, dzi\u0119ki czemu w ka\u017cdym pomieszczeniu mo\u017cesz regulowa\u0107 temperatur\u0119 niezale\u017cnie.<\/div><\/div><div class=\"su-service\"><div class=\"su-service-title\" style=\"padding-left:52px;min-height:38px;line-height:38px\"><i class=\"sui sui-hand-o-right\" style=\"font-size:38px;color:#22a0ed\"><\/i> Podsumowuj\u0105c<\/div><div class=\"su-service-content su-u-clearfix su-u-trim\" style=\"padding-left:52px\">  Chcesz mie\u0107 klimatyzacj\u0119 kilku pomieszczeniach to wybierz jednostk\u0119 wewn\u0119trzn\u0105 oraz jednostk\u0119 wewn\u0119trzna do MULTI SPLIT, obs\u0142uguj\u0105ca dan\u0105 liczn\u0119 pomieszcze\u0144. Je\u015bli chcesz mie\u0107 klimatyzacj\u0119 w jednym pomieszczeniu to produckt typu MONO jest dla Ciebie. Oba rozwi\u0105zania s\u0105 dobrej jako\u015bci i ekologiczne. Rozwi\u0105zanie jednego pimieszczenia jest ta\u0144sze w zakupie I monta\u017cu. W razie problemu (rzadko\u015b\u0107 z FUJITSU), cz\u0119sci to produkt\u00f3w FUJITSU posiadamy.<br \/><\/div><\/div>\n<div class=\"hr-thin\"><\/div>\n<p>PARAMETRY TECHNICZNE<\/p>\n<div class=\"su-tabs su-tabs-style-default su-tabs-mobile-stack\" data-active=\"1\" data-scroll-offset=\"0\" data-anchor-in-url=\"no\"><div class=\"su-tabs-nav\"><span class=\"\" data-url=\"\" data-target=\"blank\" tabindex=\"0\" role=\"button\">Rodzaje Klimatyzator\u00f3w<\/span><span class=\"\" data-url=\"\" data-target=\"blank\" tabindex=\"0\" role=\"button\">Przegl\u0105d Funkcji<\/span><span class=\"\" data-url=\"\" data-target=\"blank\" tabindex=\"0\" role=\"button\">Tabela korzysci<\/span><span class=\"\" data-url=\"\" data-target=\"blank\" tabindex=\"0\" role=\"button\">Oferta Fujitsu<\/span><span class=\"\" data-url=\"\" data-target=\"blank\" tabindex=\"0\" role=\"button\">Efektywno\u015bc energetyczna<\/span><\/div><div class=\"su-tabs-panes\"><div class=\"su-tabs-pane su-u-clearfix su-u-trim\" data-title=\"Rodzaje Klimatyzator\u00f3w\"><div class=\"su-document su-u-responsive-media-yes\"><iframe src=\"\/\/docs.google.com\/viewer?embedded=true&url=https:\/\/www.fabrykachlodu.pl\/sklep\/wp-content\/uploads\/2020\/03\/zestawienie.funkcji.klimatyzator.fujitsu.pdf\" width=\"600\" height=\"400\" class=\"su-document\" title=\"\"><\/iframe><\/div><\/div>\n<div class=\"su-tabs-pane su-u-clearfix su-u-trim\" data-title=\"Przegl\u0105d Funkcji\"><div class=\"su-document su-u-responsive-media-yes\"><iframe src=\"\/\/docs.google.com\/viewer?embedded=true&url=https:\/\/www.fabrykachlodu.pl\/sklep\/wp-content\/uploads\/2020\/03\/przeglad.funkcji.klimatyzator.fujitsu.pdf\" width=\"600\" height=\"400\" class=\"su-document\" title=\"\"><\/iframe><\/div><\/div>\n<div class=\"su-tabs-pane su-u-clearfix su-u-trim\" data-title=\"Tabela korzysci\"><div class=\"su-document su-u-responsive-media-yes\"><iframe src=\"\/\/docs.google.com\/viewer?embedded=true&url=https:\/\/www.fabrykachlodu.pl\/sklep\/wp-content\/uploads\/2020\/03\/FUJITSU_SPLIT_akcesoria_2.pdf\" width=\"600\" height=\"400\" class=\"su-document\" title=\"\"><\/iframe><\/div><div class=\"su-document su-u-responsive-media-yes\"><iframe src=\"\/\/docs.google.com\/viewer?embedded=true&url=https:\/\/www.fabrykachlodu.pl\/sklep\/wp-content\/uploads\/2020\/03\/FUJITSU_SPLIT_akcesoria_3.pdf\" width=\"600\" height=\"400\" class=\"su-document\" title=\"\"><\/iframe><\/div><\/div>\n<div class=\"su-tabs-pane su-u-clearfix su-u-trim\" data-title=\"Oferta Fujitsu\"><div class=\"su-document su-u-responsive-media-yes\"><iframe src=\"\/\/docs.google.com\/viewer?embedded=true&url=https:\/\/www.fabrykachlodu.pl\/sklep\/wp-content\/uploads\/2020\/03\/FUJITSU_Rozk\u0142ad\u00f3wka_produktowa_Split_2018.pdf\" width=\"600\" height=\"400\" class=\"su-document\" title=\"\"><\/iframe><\/div><\/div>\n<div class=\"su-tabs-pane su-u-clearfix su-u-trim\" data-title=\"Efektywno\u015bc energetyczna\"><div class=\"su-document su-u-responsive-media-yes\"><iframe src=\"\/\/docs.google.com\/viewer?embedded=true&url=https:\/\/www.fabrykachlodu.pl\/sklep\/wp-content\/uploads\/2020\/03\/FUJITSU_Folder_Split_Nowe_normy_efektywno\u015bci_energetycznej.pdf\" width=\"600\" height=\"400\" class=\"su-document\" title=\"\"><\/iframe><\/div><\/div><\/div><\/div>\n<p>Dokumenty si\u0119 nie wy\u015bwietlaj\u0105? <input type=\"button\" value=\"Od\u015bwie\u017c stron\u0119\" onclick=\"location.reload();\"><br \/><div class=\"su-note\"  style=\"border-color:#e5e5e5;border-radius:3px;-moz-border-radius:3px;-webkit-border-radius:3px;\"><div class=\"su-note-inner su-u-clearfix su-u-trim\" style=\"background-color:#ffffff;border-color:#ffffff;color:#afafaf;border-radius:3px;-moz-border-radius:3px;-webkit-border-radius:3px;\">UTY-TFSXW1 modu\u0142 komunikacji WI-FI, kompatybilny z: seria KMTB, KG  to doskona\u0142e rozwi\u0105zanie dla ka\u017cdego rodzaju pomieszcze\u0144: mieszkania, domu; jak r\u00f3wnie\u017c \u0142\u0105cz\u0105c je w szeregu: do biura, sklepu, hotelu, do restauracji. Chcesz kupi\u0107 klimatyzator do domowego biura aby pracowa\u0107 w skoncentrowany spos\u00f3b? Ch\u0142odne powietrze na pewno Ci zapewni spok\u00f3j latem ale w zimne dni dodatkowo oczy\u015bci powietrze. Klimatyzator FUJITSU minimalizuje ingerencj\u0119 w budynek podczas instalacji.<\/div><\/div>\n","protected":false},"excerpt":{"rendered":"<p><span style=\"color: #000000;\"><strong>Najwa\u017cniejsze zalety<\/strong><\/span>[dt_list style=\"1\" bullet_position=\"middle\" dividers=\"true\"][dt_list style=\"1\" bullet_position=\"middle\" dividers=\"true\"][dt_list_item image=\"\"]FUJITSU oferuje najbardziej zaawansowane rozwi\u0105zania[\/dt_list_item][dt_list_item image=\"\"]Pojedy\u0144cze jednostki wewn\u0119trzne typu Split lub multi Split[\/dt_list_item][dt_list_item image=\"\"]Sterowanie z urz\u0105dze\u0144 mobilnych, jak smartfony i tablety[\/dt_list_item][dt_list_item image=\"\"]Sterowanie wieloma klimatyzatorami 1 lub 16[\/dt_list_item][\/dt_list]<\/p>\n","protected":false},"featured_media":56232,"template":"","meta":[],"product_cat":[191,3063,189],"product_tag":[182],"yoast_head":"<!-- This site is optimized with the Yoast SEO plugin v22.1 - https:\/\/yoast.com\/wordpress\/plugins\/seo\/ -->\n<title>UTY-TFSXW1 modu\u0142 komunikacji WI-FI, kompatybilny z: seria KM, KG<\/title>\n<meta name=\"description\" content=\"UTY-TFSXW1 modu\u0142 komunikacji WI-FI, kompatybilny z: seria KM, KG\" \/>\n<meta name=\"robots\" content=\"index, follow, max-snippet:-1, max-image-preview:large, max-video-preview:-1\" \/>\n<link rel=\"canonical\" href=\"https:\/\/www.fabrykachlodu.pl\/sklep\/produkt\/uty-tfsxw1-modul-komunikacji-wi-fi-kompatybilny-z-seria-km-kg\/\" \/>\n<meta name=\"twitter:label1\" content=\"Szacowany czas czytania\" \/>\n\t<meta name=\"twitter:data1\" content=\"5 minut\" \/>\n<script type=\"application\/ld+json\" class=\"yoast-schema-graph\">{\"@context\":\"https:\/\/schema.org\",\"@graph\":[{\"@type\":\"WebPage\",\"@id\":\"https:\/\/www.fabrykachlodu.pl\/sklep\/produkt\/uty-tfsxw1-modul-komunikacji-wi-fi-kompatybilny-z-seria-km-kg\/\",\"url\":\"https:\/\/www.fabrykachlodu.pl\/sklep\/produkt\/uty-tfsxw1-modul-komunikacji-wi-fi-kompatybilny-z-seria-km-kg\/\",\"name\":\"UTY-TFSXW1 modu\u0142 komunikacji WI-FI, kompatybilny z: seria KM, KG\",\"isPartOf\":{\"@id\":\"https:\/\/www.fabrykachlodu.pl\/sklep\/#website\"},\"datePublished\":\"2020-03-19T00:19:22+00:00\",\"dateModified\":\"2023-03-06T21:39:41+00:00\",\"description\":\"UTY-TFSXW1 modu\u0142 komunikacji WI-FI, kompatybilny z: seria KM, KG\",\"breadcrumb\":{\"@id\":\"https:\/\/www.fabrykachlodu.pl\/sklep\/produkt\/uty-tfsxw1-modul-komunikacji-wi-fi-kompatybilny-z-seria-km-kg\/#breadcrumb\"},\"inLanguage\":\"pl-PL\",\"potentialAction\":[{\"@type\":\"ReadAction\",\"target\":[\"https:\/\/www.fabrykachlodu.pl\/sklep\/produkt\/uty-tfsxw1-modul-komunikacji-wi-fi-kompatybilny-z-seria-km-kg\/\"]}]},{\"@type\":\"BreadcrumbList\",\"@id\":\"https:\/\/www.fabrykachlodu.pl\/sklep\/produkt\/uty-tfsxw1-modul-komunikacji-wi-fi-kompatybilny-z-seria-km-kg\/#breadcrumb\",\"itemListElement\":[{\"@type\":\"ListItem\",\"position\":1,\"name\":\"Strona g\u0142\u00f3wna\",\"item\":\"https:\/\/www.fabrykachlodu.pl\/sklep\/\"},{\"@type\":\"ListItem\",\"position\":2,\"name\":\"Szukasz klimatzyacji biurowej sklepowej lub do mieszkania?\",\"item\":\"https:\/\/www.fabrykachlodu.pl\/sklep\/\"},{\"@type\":\"ListItem\",\"position\":3,\"name\":\"FUJITSU\",\"item\":\"https:\/\/www.fabrykachlodu.pl\/sklep\/product-category\/fujitsu\/\"},{\"@type\":\"ListItem\",\"position\":4,\"name\":\"Akcesoria\",\"item\":\"https:\/\/www.fabrykachlodu.pl\/sklep\/product-category\/fujitsu\/akcesoria-fujitsu\/\"},{\"@type\":\"ListItem\",\"position\":5,\"name\":\"UTY-TFSXW1 modu\u0142 komunikacji WI-FI, kompatybilny z: seria KM, KG\"}]},{\"@type\":\"WebSite\",\"@id\":\"https:\/\/www.fabrykachlodu.pl\/sklep\/#website\",\"url\":\"https:\/\/www.fabrykachlodu.pl\/sklep\/\",\"name\":\"\u00b0FC Sklep Internetowy monta\u017c klimatyzacji pomp ciep\u0142a\",\"description\":\"\u00b0FC monta\u017c klimatyzacji pomp ciep\u0142a z nami to szybki i tani wyb\u00f3r.  Us\u0142ugi monta\u017cowe i serwisowe W Warszawie i okolicach..\",\"potentialAction\":[{\"@type\":\"SearchAction\",\"target\":{\"@type\":\"EntryPoint\",\"urlTemplate\":\"https:\/\/www.fabrykachlodu.pl\/sklep\/?s={search_term_string}\"},\"query-input\":\"required name=search_term_string\"}],\"inLanguage\":\"pl-PL\"}]}<\/script>\n<!-- \/ Yoast SEO plugin. -->","yoast_head_json":{"title":"UTY-TFSXW1 modu\u0142 komunikacji WI-FI, kompatybilny z: seria KM, KG","description":"UTY-TFSXW1 modu\u0142 komunikacji WI-FI, kompatybilny z: seria KM, KG","robots":{"index":"index","follow":"follow","max-snippet":"max-snippet:-1","max-image-preview":"max-image-preview:large","max-video-preview":"max-video-preview:-1"},"canonical":"https:\/\/www.fabrykachlodu.pl\/sklep\/produkt\/uty-tfsxw1-modul-komunikacji-wi-fi-kompatybilny-z-seria-km-kg\/","twitter_misc":{"Szacowany czas czytania":"5 minut"},"schema":{"@context":"https:\/\/schema.org","@graph":[{"@type":"WebPage","@id":"https:\/\/www.fabrykachlodu.pl\/sklep\/produkt\/uty-tfsxw1-modul-komunikacji-wi-fi-kompatybilny-z-seria-km-kg\/","url":"https:\/\/www.fabrykachlodu.pl\/sklep\/produkt\/uty-tfsxw1-modul-komunikacji-wi-fi-kompatybilny-z-seria-km-kg\/","name":"UTY-TFSXW1 modu\u0142 komunikacji WI-FI, kompatybilny z: seria KM, KG","isPartOf":{"@id":"https:\/\/www.fabrykachlodu.pl\/sklep\/#website"},"datePublished":"2020-03-19T00:19:22+00:00","dateModified":"2023-03-06T21:39:41+00:00","description":"UTY-TFSXW1 modu\u0142 komunikacji WI-FI, kompatybilny z: seria KM, KG","breadcrumb":{"@id":"https:\/\/www.fabrykachlodu.pl\/sklep\/produkt\/uty-tfsxw1-modul-komunikacji-wi-fi-kompatybilny-z-seria-km-kg\/#breadcrumb"},"inLanguage":"pl-PL","potentialAction":[{"@type":"ReadAction","target":["https:\/\/www.fabrykachlodu.pl\/sklep\/produkt\/uty-tfsxw1-modul-komunikacji-wi-fi-kompatybilny-z-seria-km-kg\/"]}]},{"@type":"BreadcrumbList","@id":"https:\/\/www.fabrykachlodu.pl\/sklep\/produkt\/uty-tfsxw1-modul-komunikacji-wi-fi-kompatybilny-z-seria-km-kg\/#breadcrumb","itemListElement":[{"@type":"ListItem","position":1,"name":"Strona g\u0142\u00f3wna","item":"https:\/\/www.fabrykachlodu.pl\/sklep\/"},{"@type":"ListItem","position":2,"name":"Szukasz klimatzyacji biurowej sklepowej lub do mieszkania?","item":"https:\/\/www.fabrykachlodu.pl\/sklep\/"},{"@type":"ListItem","position":3,"name":"FUJITSU","item":"https:\/\/www.fabrykachlodu.pl\/sklep\/product-category\/fujitsu\/"},{"@type":"ListItem","position":4,"name":"Akcesoria","item":"https:\/\/www.fabrykachlodu.pl\/sklep\/product-category\/fujitsu\/akcesoria-fujitsu\/"},{"@type":"ListItem","position":5,"name":"UTY-TFSXW1 modu\u0142 komunikacji WI-FI, kompatybilny z: seria KM, KG"}]},{"@type":"WebSite","@id":"https:\/\/www.fabrykachlodu.pl\/sklep\/#website","url":"https:\/\/www.fabrykachlodu.pl\/sklep\/","name":"\u00b0FC Sklep Internetowy monta\u017c klimatyzacji pomp ciep\u0142a","description":"\u00b0FC monta\u017c klimatyzacji pomp ciep\u0142a z nami to szybki i tani wyb\u00f3r.  Us\u0142ugi monta\u017cowe i serwisowe W Warszawie i okolicach..","potentialAction":[{"@type":"SearchAction","target":{"@type":"EntryPoint","urlTemplate":"https:\/\/www.fabrykachlodu.pl\/sklep\/?s={search_term_string}"},"query-input":"required name=search_term_string"}],"inLanguage":"pl-PL"}]}},"_links":{"self":[{"href":"https:\/\/www.fabrykachlodu.pl\/sklep\/wp-json\/wp\/v2\/product\/56303"}],"collection":[{"href":"https:\/\/www.fabrykachlodu.pl\/sklep\/wp-json\/wp\/v2\/product"}],"about":[{"href":"https:\/\/www.fabrykachlodu.pl\/sklep\/wp-json\/wp\/v2\/types\/product"}],"wp:featuredmedia":[{"embeddable":true,"href":"https:\/\/www.fabrykachlodu.pl\/sklep\/wp-json\/wp\/v2\/media\/56232"}],"wp:attachment":[{"href":"https:\/\/www.fabrykachlodu.pl\/sklep\/wp-json\/wp\/v2\/media?parent=56303"}],"wp:term":[{"taxonomy":"product_cat","embeddable":true,"href":"https:\/\/www.fabrykachlodu.pl\/sklep\/wp-json\/wp\/v2\/product_cat?post=56303"},{"taxonomy":"product_tag","embeddable":true,"href":"https:\/\/www.fabrykachlodu.pl\/sklep\/wp-json\/wp\/v2\/product_tag?post=56303"}],"curies":[{"name":"wp","href":"https:\/\/api.w.org\/{rel}","templated":true}]}}