{"id":69495,"date":"2020-04-16T10:14:58","date_gmt":"2020-04-16T08:14:58","guid":{"rendered":"http:\/\/www.fabrykachlodu.pl\/sklep\/produkt\/import-placeholder-for-carlybio\/"},"modified":"2023-04-03T12:07:16","modified_gmt":"2023-04-03T10:07:16","slug":"srodki-chemiczne-carly-carlybio-srodek-dezynfekujacy-do-wymiennikow-ciepla","status":"publish","type":"product","link":"https:\/\/www.fabrykachlodu.pl\/sklep\/produkt\/srodki-chemiczne-carly-carlybio-srodek-dezynfekujacy-do-wymiennikow-ciepla\/","title":{"rendered":"\u015aRODKI CHEMICZNE CARLY CARLYBIO \u015arodek dezynfekuj\u0105cy do wymiennik\u00f3w ciep\u0142a"},"content":{"rendered":"<h2>Zam\u00f3wienie dotyczy: PRODUKTY DO KONSERWACJI CARLY \u015arodek dezynfekuj\u0105cy do wymiennik\u00f3w ciep\u0142a <\/h2>\n<p><h3><strong>W jednym miejscu poznasz:<\/strong><\/h3>\n<p>Informacje odno\u015bnie akcesori\u00f3w do klimatyzacji<br \/> Poznasz najwa\u017cniejsze funkcje<br \/> Por\u00f3wnasz produkty<br \/> Poznasz parametry techniczne<br \/> Poznasz cen\u0119 i zrealizujesz zam\u00f3wienie<br \/> <strong><\/p>\n<h3>Zamawiaj\u0105c produkt u nas:<\/strong><\/h3>\n<p>Otrzymasz produkt<br \/>\nJednostk\u0119 wewn\u0119trzna<br \/>\nJednostk\u0119 zewn\u0119trzna<br \/>\nSterowanie<br \/>\nAkcesoria<br \/> Serwis<br \/><strong><\/p>\n<h3>Zlecaj\u0105c nam monta\u017c otrzymasz:<\/strong><\/h3>\n<p>Rabat na wiele produkt\u00f3w<br \/> Kompletne pod\u0142\u0105czenie elektryczne oraz hydrauliczne<br \/> Gwarancje<br \/> Serwis<\/p>\n<p>CARLYBIO to \u015brodek odka\u017caj\u0105cy do wymiennik\u00f3w ciep\u0142a, jego g\u0142\u00f3wne zalety to:<br \/>\nDo parownik\u00f3w i zbiornik\u00f3w na wod\u0119<br \/>\nSubstancja bakteriob\u00f3jcza (NFT 72.150 ;NFT 72.170)<br \/>\nSubstancja grzybob\u00f3jcza (NFT 72.200)<br \/>\nOchrona przed Legionell\u0105 (NFT 72.301)<br \/>\nOdpowiedni do powierzchni maj\u0105cych styczno\u015b\u0107 z \u017cywno\u015bci\u0105 (zgodny z przepisami dotycz\u0105cymi mycia pojemnik\u00f3w do przechowywania \u017cywno\u015bci)<br \/>\nMo\u017ce by\u0107 rozcie\u0144czany<br \/>\nZapach eukaliptusa<br \/>Fabryka Ch\u0142odu oferuje hemie do czyszczenia, dezynfekcji, wykrywania wyciek\u00f3w, test\u00f3w kwasowo\u015bci. To tylko kilka przyk\u0142ad\u00f3w funkcji wykonywanych przez produkty o wydajno\u015bci uznanej przez profesjonalist\u00f3w w bran\u017cy. Francuska Firma Carly, opracowa\u0142a szereg produkt\u00f3w do konserwacji przeznaczonych do ch\u0142odzenia i klimatyzacji. <div class=\"su-service\"><div class=\"su-service-title\" style=\"padding-left:52px;min-height:38px;line-height:38px\"><i class=\"sui sui-check-circle\" style=\"font-size:38px;color:#22a0ed\"><\/i> Wskaz\u00f3wka naszego eksperta<\/div><div class=\"su-service-content su-u-clearfix su-u-trim\" style=\"padding-left:52px\">Produkty bardzo wysokiej jako\u015bci<br \/>\nProdukty firmy Carly konkuruj\u0105 atrakcyjn\u0105 cen\u0105 ale produkuje produkty bardzo wysokiej jako\u015bci. Dzi\u0119ki pe\u0142nej kontroli nad procesami produkcyjnymi i koncepcjami narz\u0119dzi, uda\u0142o si\u0119 stworzy\u0107 konkurencyjn\u0105 ofert\u0119, pozostaj\u0105c jednocze\u015bnie innowacyjni. <br \/>Produkty do konserwacji uk\u0142ad\u00f3w ch\u0142odniczych i klimatyzacyjnych. Systematycznie stosowane, pomagaj\u0105 w utrzymaniu maksymalnej  wydajno\u015bci urz\u0105dze\u0144, wyd\u0142u\u017caj\u0105 ich \u017cywotno\u015b\u0107, przyczyniaj\u0105 si\u0119 do oszcz\u0119dzania energii i zmniejszenia koszt\u00f3w serwisowych. Pozwalaj\u0105 zdiagnozowa\u0107 jako\u015b\u0107 oleju w spr\u0119\u017carce oraz wykry\u0107 nieszczelno\u015b\u0107 w instalacji freonowej.<\/div><\/div>\n<h2><strong>Zalety i wady producenta<\/strong><\/h2>\n<p><strong>Czy wybra\u0107 produkt tej firmy?<\/strong><br \/><div class=\"su-service\"><div class=\"su-service-title\" style=\"padding-left:52px;min-height:38px;line-height:38px\"><i class=\"sui sui-check-circle\" style=\"font-size:38px;color:#22a0ed\"><\/i> Wskaz\u00f3wka naszego eksperta<\/div><div class=\"su-service-content su-u-clearfix su-u-trim\" style=\"padding-left:52px\">Poszanowanie \u015brodowiska<br \/>\nFirma Carly zdaje sobie spraw\u0119, \u017ce zasoby naturalne na naszej planecie s\u0105 ograniczone.<\/p>\n<p>\nFirma Carly za\u015bwiadcza, \u017ce wszystkie dostarczone produkty spe\u0142niaj\u0105 wymogi dyrektywy europejskiej 2011\/65\/UE w sprawie ograniczenia stosowania substancji niebezpiecznych w sprz\u0119cie elektrycznym i elektronicznym wymienionym w dyrektywie 2015\/863 (RoHS 3).<\/div><\/div><strong>Mam w\u0105tpliwo\u015bci odno\u015bnie produktu, co zrobi\u0107?<\/strong><br \/><div class=\"su-service\"><div class=\"su-service-title\" style=\"padding-left:52px;min-height:38px;line-height:38px\"><i class=\"sui sui-check-circle\" style=\"font-size:38px;color:#22a0ed\"><\/i> Wskaz\u00f3wka naszego eksperta<\/div><div class=\"su-service-content su-u-clearfix su-u-trim\" style=\"padding-left:52px\">Osobiste podej\u015bcie<br \/>\nKomunikacja ma dla Fabryki Ch\u0142odu kluczowe znaczenie. Dbamy o ka\u017cdego klienta z indywidualnym i osobistym podej\u015bciem. Nasz zesp\u00f3\u0142 sprzeda\u017cy, w razie w\u0105tpliwo\u015bci  przeprowadzi Ci\u0119 krok po kroku, aby zrozumie\u0107 Twoje potrzeby, doradzi\u0107 wyb\u00f3r odpowiednich produkt\u00f3w, wys\u0142a\u0107 ofert\u0119 i upewnij si\u0119, \u017ce twoje zam\u00f3wienie zostanie dostarczone do magazynu.<\/div><\/div><div class=\"su-service\"><div class=\"su-service-title\" style=\"padding-left:52px;min-height:38px;line-height:38px\"><i class=\"sui sui-hand-o-right\" style=\"font-size:38px;color:#22a0ed\"><\/i> Podsumowuj\u0105c<\/div><div class=\"su-service-content su-u-clearfix su-u-trim\" style=\"padding-left:52px\">  W Fabryce Ch\u0142odu produkty Castel Engineering stosowane s\u0105 w ka\u017cdym projekcie zar\u00f3wno w ma\u0142ych instalacjach jak i rozbudowanych projektach. Teraz, ka\u017cdy ma do nich dost\u0119p dzi\u0119ki sk\u0142adaj\u0105c zam\u00f3wienie w naszym sklepie online. Ju\u017c teraz znajdziesz najlepsze odpowiednie rozwi\u0105zanie dla swoich projekt\u00f3w.<\/p>\n<p>Zapasy i transport <br \/>\nOferujemy szybki i konkurencje rozwi\u0105zania transportowe, dzi\u0119ki utrzymywaniu dobrze wype\u0142nionego zapasu w magazynie. Z naszego magazynu zlokalizowanego pod Warszaw\u0105, dostarczymy produktu ju\u017c nast\u0119pnego dnia od z\u0142o\u017cenia zam\u00f3wienia. <\/div><\/div>\n<div class=\"hr-thin\"><\/div>\n<p>PARAMETRY TECHNICZNE<\/p>\n<div class=\"su-tabs su-tabs-style-default su-tabs-mobile-stack\" data-active=\"1\" data-scroll-offset=\"0\" data-anchor-in-url=\"no\"><div class=\"su-tabs-nav\"><span class=\"\" data-url=\"\" data-target=\"blank\" tabindex=\"0\" role=\"button\">Profesjonalna konserwacja<\/span><span class=\"\" data-url=\"\" data-target=\"blank\" tabindex=\"0\" role=\"button\">Profesjonalna instalacja<\/span><span class=\"\" data-url=\"\" data-target=\"blank\" tabindex=\"0\" role=\"button\">Przegl\u0105d oferty<\/span><span class=\"\" data-url=\"\" data-target=\"blank\" tabindex=\"0\" role=\"button\">Asortyment<\/span><span class=\"\" data-url=\"\" data-target=\"blank\" tabindex=\"0\" role=\"button\">Asortyment<\/span><\/div><div class=\"su-tabs-panes\"><div class=\"su-tabs-pane su-u-clearfix su-u-trim\" data-title=\"Profesjonalna konserwacja\"><div class=\"su-document su-u-responsive-media-yes\"><iframe src=\"\/\/docs.google.com\/viewer?embedded=true&url=https:\/\/www.fabrykachlodu.pl\/sklep\/wp-content\/uploads\/2020\/04\/Carly.hemia_.czyszczenie.klimatyzatora.pdf\" width=\"600\" height=\"400\" class=\"su-document\" title=\"\"><\/iframe><\/div><\/div>\n<div class=\"su-tabs-pane su-u-clearfix su-u-trim\" data-title=\"Profesjonalna instalacja\"><div class=\"su-document su-u-responsive-media-yes\"><iframe src=\"\/\/docs.google.com\/viewer?embedded=true&url=https:\/\/www.fabrykachlodu.pl\/sklep\/wp-content\/uploads\/2020\/04\/13_Akcesoria.Klimatyzacjacastel_airco_2018.pdf\" width=\"600\" height=\"400\" class=\"su-document\" title=\"\"><\/iframe><\/div><\/div>\n<div class=\"su-tabs-pane su-u-clearfix su-u-trim\" data-title=\"Przegl\u0105d oferty\"><div class=\"su-document su-u-responsive-media-yes\"><iframe src=\"\/\/docs.google.com\/viewer?embedded=true&url=https:\/\/www.fabrykachlodu.pl\/sklep\/wp-content\/uploads\/2020\/04\/25_Akcesoria.Klimatyzacjacastel_airco_2018.pdf\" width=\"600\" height=\"400\" class=\"su-document\" title=\"\"><\/iframe><\/div><div class=\"su-document su-u-responsive-media-yes\"><iframe src=\"\/\/docs.google.com\/viewer?embedded=true&url=https:\/\/www.fabrykachlodu.pl\/sklep\/wp-content\/uploads\/2020\/04\/26_Akcesoria.Klimatyzacjacastel_airco_2018.pdf\" width=\"600\" height=\"400\" class=\"su-document\" title=\"\"><\/iframe><\/div><\/div>\n<div class=\"su-tabs-pane su-u-clearfix su-u-trim\" data-title=\"Asortyment\"><div class=\"su-document su-u-responsive-media-yes\"><iframe src=\"\/\/docs.google.com\/viewer?embedded=true&url=https:\/\/www.fabrykachlodu.pl\/sklep\/wp-content\/uploads\/2020\/04\/33.334.35.Akcesoria.Klimatyzacja.castel_airco_2018.pdf\" width=\"600\" height=\"400\" class=\"su-document\" title=\"\"><\/iframe><\/div><\/div>\n<div class=\"su-tabs-pane su-u-clearfix su-u-trim\" data-title=\"Asortyment\"><div class=\"su-document su-u-responsive-media-yes\"><iframe src=\"\/\/docs.google.com\/viewer?embedded=true&url=https:\/\/www.fabrykachlodu.pl\/sklep\/wp-content\/uploads\/2020\/04\/36.37.Akcesoria.Klimatyzacja.castel_airco_2018.pdf\" width=\"600\" height=\"400\" class=\"su-document\" title=\"\"><\/iframe><\/div><\/div><\/div><\/div>\n<p>Dokumenty si\u0119 nie wy\u015bwietlaj\u0105? <input type=\"button\" value=\"Od\u015bwie\u017c stron\u0119\" onclick=\"location.reload();\"><br \/><div class=\"su-note\"  style=\"border-color:#e5e5e5;border-radius:3px;-moz-border-radius:3px;-webkit-border-radius:3px;\"><div class=\"su-note-inner su-u-clearfix su-u-trim\" style=\"background-color:#ffffff;border-color:#ffffff;color:#afafaf;border-radius:3px;-moz-border-radius:3px;-webkit-border-radius:3px;\">PRODUKTY DO KONSERWACJI CARLY \u015arodek dezynfekuj\u0105cy do wymiennik\u00f3w ciep\u0142a <br \/>Akcesoria do \u0142atwej i profesjonalnej instalacji, belgijskiej firmy Castel Engineering<br \/>\nProdukty bardzo wysokiej jako\u015bci<br \/>\nPoszanowanie \u015brodowiska<br \/>\nOsobiste podej\u015bcie<\/p>\n<p>W Fabryce Ch\u0142odu produkty Castel Engineering stosowane s\u0105 w ka\u017cdym projekcie zar\u00f3wno w ma\u0142ych instalacjach jak i rozbudowanych projektach.<\/p>\n<p>Zapasy i transport <br \/>\nOferujemy szybki i konkurencje rozwi\u0105zania transportowe, dzi\u0119ki utrzymywaniu dobrze wype\u0142nionego zapasu w magazynie. Z naszego magazynu zlokalizowanego pod Warszaw\u0105, dostarczymy produktu ju\u017c nast\u0119pnego dnia od z\u0142o\u017cenia zam\u00f3wienia. <br \/><\/div><\/div>\n","protected":false},"excerpt":{"rendered":"<p><span style=\"color: #000000;\"><strong>Najwa\u017cniejsze zalety<\/strong><\/span>[dt_list style=\"1\" bullet_position=\"middle\" dividers=\"true\"][dt_list style=\"1\" bullet_position=\"middle\" dividers=\"true\"][dt_list_item image=\"\"]Do parownik\u00f3w i zbiornik\u00f3w na wod\u0119[\/dt_list_item][dt_list_item image=\"\"]Substancja bakteriob\u00f3jcza, do powierzchni maj\u0105cych styczno\u015b\u0107 z \u017cywno\u015bci\u0105[\/dt_list_item][dt_list_item image=\"\"]Substancja grzybob\u00f3jcza[\/dt_list_item][dt_list_item image=\"\"]Mo\u017ce by\u0107 rozcie\u0144czany, zapach eukaliptusa[\/dt_list_item][\/dt_list]<\/p>\n","protected":false},"featured_media":61071,"template":"","meta":[],"product_cat":[4470,4512],"product_tag":[4472,4513],"yoast_head":"<!-- This site is optimized with the Yoast SEO plugin v22.1 - https:\/\/yoast.com\/wordpress\/plugins\/seo\/ -->\n<title>\u015aRODKI CHEMICZNE CARLY \u015arodek dezynfekuj\u0105cy do wymiennik\u00f3w ciep\u0142a<\/title>\n<meta name=\"description\" content=\"\u015aRODKI CHEMICZNE CARLY \u015arodek dezynfekuj\u0105cy do wymiennik\u00f3w ciep\u0142a\" \/>\n<meta name=\"robots\" content=\"index, follow, max-snippet:-1, max-image-preview:large, max-video-preview:-1\" \/>\n<link rel=\"canonical\" href=\"https:\/\/www.fabrykachlodu.pl\/sklep\/produkt\/srodki-chemiczne-carly-carlybio-srodek-dezynfekujacy-do-wymiennikow-ciepla\/\" \/>\n<meta name=\"twitter:label1\" content=\"Szacowany czas czytania\" \/>\n\t<meta name=\"twitter:data1\" content=\"4 minuty\" \/>\n<script type=\"application\/ld+json\" class=\"yoast-schema-graph\">{\"@context\":\"https:\/\/schema.org\",\"@graph\":[{\"@type\":\"WebPage\",\"@id\":\"https:\/\/www.fabrykachlodu.pl\/sklep\/produkt\/srodki-chemiczne-carly-carlybio-srodek-dezynfekujacy-do-wymiennikow-ciepla\/\",\"url\":\"https:\/\/www.fabrykachlodu.pl\/sklep\/produkt\/srodki-chemiczne-carly-carlybio-srodek-dezynfekujacy-do-wymiennikow-ciepla\/\",\"name\":\"\u015aRODKI CHEMICZNE CARLY \u015arodek dezynfekuj\u0105cy do wymiennik\u00f3w ciep\u0142a\",\"isPartOf\":{\"@id\":\"https:\/\/www.fabrykachlodu.pl\/sklep\/#website\"},\"datePublished\":\"2020-04-16T08:14:58+00:00\",\"dateModified\":\"2023-04-03T10:07:16+00:00\",\"description\":\"\u015aRODKI CHEMICZNE CARLY \u015arodek dezynfekuj\u0105cy do wymiennik\u00f3w ciep\u0142a\",\"breadcrumb\":{\"@id\":\"https:\/\/www.fabrykachlodu.pl\/sklep\/produkt\/srodki-chemiczne-carly-carlybio-srodek-dezynfekujacy-do-wymiennikow-ciepla\/#breadcrumb\"},\"inLanguage\":\"pl-PL\",\"potentialAction\":[{\"@type\":\"ReadAction\",\"target\":[\"https:\/\/www.fabrykachlodu.pl\/sklep\/produkt\/srodki-chemiczne-carly-carlybio-srodek-dezynfekujacy-do-wymiennikow-ciepla\/\"]}]},{\"@type\":\"BreadcrumbList\",\"@id\":\"https:\/\/www.fabrykachlodu.pl\/sklep\/produkt\/srodki-chemiczne-carly-carlybio-srodek-dezynfekujacy-do-wymiennikow-ciepla\/#breadcrumb\",\"itemListElement\":[{\"@type\":\"ListItem\",\"position\":1,\"name\":\"Strona g\u0142\u00f3wna\",\"item\":\"https:\/\/www.fabrykachlodu.pl\/sklep\/\"},{\"@type\":\"ListItem\",\"position\":2,\"name\":\"Szukasz klimatzyacji biurowej sklepowej lub do mieszkania?\",\"item\":\"https:\/\/www.fabrykachlodu.pl\/sklep\/\"},{\"@type\":\"ListItem\",\"position\":3,\"name\":\"AKCESORIA-MONTAZOWE\",\"item\":\"https:\/\/www.fabrykachlodu.pl\/sklep\/product-category\/akcesoria-montazowe\/\"},{\"@type\":\"ListItem\",\"position\":4,\"name\":\"CHEMIA\",\"item\":\"https:\/\/www.fabrykachlodu.pl\/sklep\/product-category\/akcesoria-montazowe\/chemia\/\"},{\"@type\":\"ListItem\",\"position\":5,\"name\":\"\u015aRODKI CHEMICZNE CARLY CARLYBIO \u015arodek dezynfekuj\u0105cy do wymiennik\u00f3w ciep\u0142a\"}]},{\"@type\":\"WebSite\",\"@id\":\"https:\/\/www.fabrykachlodu.pl\/sklep\/#website\",\"url\":\"https:\/\/www.fabrykachlodu.pl\/sklep\/\",\"name\":\"\u00b0FC Sklep Internetowy monta\u017c klimatyzacji pomp ciep\u0142a\",\"description\":\"\u00b0FC monta\u017c klimatyzacji pomp ciep\u0142a z nami to szybki i tani wyb\u00f3r.  Us\u0142ugi monta\u017cowe i serwisowe W Warszawie i okolicach..\",\"potentialAction\":[{\"@type\":\"SearchAction\",\"target\":{\"@type\":\"EntryPoint\",\"urlTemplate\":\"https:\/\/www.fabrykachlodu.pl\/sklep\/?s={search_term_string}\"},\"query-input\":\"required name=search_term_string\"}],\"inLanguage\":\"pl-PL\"}]}<\/script>\n<!-- \/ Yoast SEO plugin. -->","yoast_head_json":{"title":"\u015aRODKI CHEMICZNE CARLY \u015arodek dezynfekuj\u0105cy do wymiennik\u00f3w ciep\u0142a","description":"\u015aRODKI CHEMICZNE CARLY \u015arodek dezynfekuj\u0105cy do wymiennik\u00f3w ciep\u0142a","robots":{"index":"index","follow":"follow","max-snippet":"max-snippet:-1","max-image-preview":"max-image-preview:large","max-video-preview":"max-video-preview:-1"},"canonical":"https:\/\/www.fabrykachlodu.pl\/sklep\/produkt\/srodki-chemiczne-carly-carlybio-srodek-dezynfekujacy-do-wymiennikow-ciepla\/","twitter_misc":{"Szacowany czas czytania":"4 minuty"},"schema":{"@context":"https:\/\/schema.org","@graph":[{"@type":"WebPage","@id":"https:\/\/www.fabrykachlodu.pl\/sklep\/produkt\/srodki-chemiczne-carly-carlybio-srodek-dezynfekujacy-do-wymiennikow-ciepla\/","url":"https:\/\/www.fabrykachlodu.pl\/sklep\/produkt\/srodki-chemiczne-carly-carlybio-srodek-dezynfekujacy-do-wymiennikow-ciepla\/","name":"\u015aRODKI CHEMICZNE CARLY \u015arodek dezynfekuj\u0105cy do wymiennik\u00f3w ciep\u0142a","isPartOf":{"@id":"https:\/\/www.fabrykachlodu.pl\/sklep\/#website"},"datePublished":"2020-04-16T08:14:58+00:00","dateModified":"2023-04-03T10:07:16+00:00","description":"\u015aRODKI CHEMICZNE CARLY \u015arodek dezynfekuj\u0105cy do wymiennik\u00f3w ciep\u0142a","breadcrumb":{"@id":"https:\/\/www.fabrykachlodu.pl\/sklep\/produkt\/srodki-chemiczne-carly-carlybio-srodek-dezynfekujacy-do-wymiennikow-ciepla\/#breadcrumb"},"inLanguage":"pl-PL","potentialAction":[{"@type":"ReadAction","target":["https:\/\/www.fabrykachlodu.pl\/sklep\/produkt\/srodki-chemiczne-carly-carlybio-srodek-dezynfekujacy-do-wymiennikow-ciepla\/"]}]},{"@type":"BreadcrumbList","@id":"https:\/\/www.fabrykachlodu.pl\/sklep\/produkt\/srodki-chemiczne-carly-carlybio-srodek-dezynfekujacy-do-wymiennikow-ciepla\/#breadcrumb","itemListElement":[{"@type":"ListItem","position":1,"name":"Strona g\u0142\u00f3wna","item":"https:\/\/www.fabrykachlodu.pl\/sklep\/"},{"@type":"ListItem","position":2,"name":"Szukasz klimatzyacji biurowej sklepowej lub do mieszkania?","item":"https:\/\/www.fabrykachlodu.pl\/sklep\/"},{"@type":"ListItem","position":3,"name":"AKCESORIA-MONTAZOWE","item":"https:\/\/www.fabrykachlodu.pl\/sklep\/product-category\/akcesoria-montazowe\/"},{"@type":"ListItem","position":4,"name":"CHEMIA","item":"https:\/\/www.fabrykachlodu.pl\/sklep\/product-category\/akcesoria-montazowe\/chemia\/"},{"@type":"ListItem","position":5,"name":"\u015aRODKI CHEMICZNE CARLY CARLYBIO \u015arodek dezynfekuj\u0105cy do wymiennik\u00f3w ciep\u0142a"}]},{"@type":"WebSite","@id":"https:\/\/www.fabrykachlodu.pl\/sklep\/#website","url":"https:\/\/www.fabrykachlodu.pl\/sklep\/","name":"\u00b0FC Sklep Internetowy monta\u017c klimatyzacji pomp ciep\u0142a","description":"\u00b0FC monta\u017c klimatyzacji pomp ciep\u0142a z nami to szybki i tani wyb\u00f3r.  Us\u0142ugi monta\u017cowe i serwisowe W Warszawie i okolicach..","potentialAction":[{"@type":"SearchAction","target":{"@type":"EntryPoint","urlTemplate":"https:\/\/www.fabrykachlodu.pl\/sklep\/?s={search_term_string}"},"query-input":"required name=search_term_string"}],"inLanguage":"pl-PL"}]}},"_links":{"self":[{"href":"https:\/\/www.fabrykachlodu.pl\/sklep\/wp-json\/wp\/v2\/product\/69495"}],"collection":[{"href":"https:\/\/www.fabrykachlodu.pl\/sklep\/wp-json\/wp\/v2\/product"}],"about":[{"href":"https:\/\/www.fabrykachlodu.pl\/sklep\/wp-json\/wp\/v2\/types\/product"}],"wp:featuredmedia":[{"embeddable":true,"href":"https:\/\/www.fabrykachlodu.pl\/sklep\/wp-json\/wp\/v2\/media\/61071"}],"wp:attachment":[{"href":"https:\/\/www.fabrykachlodu.pl\/sklep\/wp-json\/wp\/v2\/media?parent=69495"}],"wp:term":[{"taxonomy":"product_cat","embeddable":true,"href":"https:\/\/www.fabrykachlodu.pl\/sklep\/wp-json\/wp\/v2\/product_cat?post=69495"},{"taxonomy":"product_tag","embeddable":true,"href":"https:\/\/www.fabrykachlodu.pl\/sklep\/wp-json\/wp\/v2\/product_tag?post=69495"}],"curies":[{"name":"wp","href":"https:\/\/api.w.org\/{rel}","templated":true}]}}