{"id":69761,"date":"2020-04-16T10:17:27","date_gmt":"2020-04-16T08:17:27","guid":{"rendered":"http:\/\/www.fabrykachlodu.pl\/sklep\/produkt\/import-placeholder-for-80208005304\/"},"modified":"2023-04-03T12:07:09","modified_gmt":"2023-04-03T10:07:09","slug":"mata-izolacyjna-k-flex-st-duct-h-kolor-szary-szerokosc-15mp-3-000","status":"publish","type":"product","link":"https:\/\/www.fabrykachlodu.pl\/sklep\/produkt\/mata-izolacyjna-k-flex-st-duct-h-kolor-szary-szerokosc-15mp-3-000\/","title":{"rendered":"Mata Izolacyjna K-FLEX ST DUCT H kolor szary, szeroko\u015b\u0107 1,5m,p> 3.000"},"content":{"rendered":"<h2>Zam\u00f3wienie dotyczy: Mata Izolacyjna K-FLEX ST DUCT H kolor szary, szeroko\u015b\u0107 1,5m,p> 3.000 <\/h2>\n<p><h3><strong>W jednym miejscu poznasz:<\/strong><\/h3>\n<p>Informacje odno\u015bnie akcesori\u00f3w do klimatyzacji<br \/> Poznasz najwa\u017cniejsze funkcje<br \/> Por\u00f3wnasz produkty<br \/> Poznasz parametry techniczne<br \/> Poznasz cen\u0119 i zrealizujesz zam\u00f3wienie<br \/> <strong><\/p>\n<h3>Zamawiaj\u0105c produkt u nas:<\/strong><\/h3>\n<p>Otrzymasz produkt<br \/>\nJednostk\u0119 wewn\u0119trzna<br \/>\nJednostk\u0119 zewn\u0119trzna<br \/>\nSterowanie<br \/>\nAkcesoria<br \/> Serwis<br \/><strong><\/p>\n<h3>Zlecaj\u0105c nam monta\u017c otrzymasz:<\/strong><\/h3>\n<p>Rabat na wiele produkt\u00f3w<br \/> Kompletne pod\u0142\u0105czenie elektryczne oraz hydrauliczne<br \/> Gwarancje<br \/> Serwis<\/p>\n<p>Mata Izolacyjna K-FLEX ST DUCT H kolor szary, szeroko\u015b\u0107 1,5m,p> 3.000<br \/>\nSzykujesz si\u0119 do uszczelnienia instalacji kana\u0142owej przed kondensacja wilgoci? Lub zapewni\u0107 termiczn\u0105 izolacj\u0119 kana\u0142\u00f3w wentylacyjnych, to K-FLEX ST DUCT zosta\u0142 opracowany specjalnie dla Cibie. Mata izolacyjna na bazie kauczuku syntetycznego. Produkt w wersji samoprzylepnej, szeroko\u015b\u0107 1.5. Jest to ekonomiczna, elastyczna i podr\u0119czn\u0105 izolacj\u0105 w celu szybkiego monta\u017cu.<br \/>Fabryka Ch\u0142odu oferuje izolacje na bazie kauczuku syntetycznego do \u0142atwej i profesjonalnej izolacji i ochrony rur, kana\u0142\u00f3w powietrznych, zbiornik\u00f3w (tak\u017ce kszta\u0142tek i armatury) w ch\u0142odnictwie przemys\u0142owym i u\u017cytkowym, klimatyzacji i wentylacji firmy Armaflex. <br \/>Armaflex ACE to izolacja na bazie kauczuku syntetycznego cechuj\u0105c\u0105 si\u0119<br \/>\nwysok\u0105 odporno\u015bci\u0105 na dyfuzj\u0119 pary wodnej, nisk\u0105 przewodno\u015bci\u0105 ciepln\u0105 oraz wyj\u0105tkow\u0105 elastyczno\u015bci\u0105. <br \/> <div class=\"su-service\"><div class=\"su-service-title\" style=\"padding-left:52px;min-height:38px;line-height:38px\"><i class=\"sui sui-check-circle\" style=\"font-size:38px;color:#22a0ed\"><\/i> Wskaz\u00f3wka naszego eksperta<\/div><div class=\"su-service-content su-u-clearfix su-u-trim\" style=\"padding-left:52px\">K-FLEX to \u015bwiatowy lider w pro-dukcji materia\u0142\u00f3w ze spienionego kauczuku dzi\u0119ki wprowadzaniu innowacji technologicznych i jako\u015bci wytwarzanych produkt\u00f3w, kt\u00f3re odgrywaj\u0105 istotn\u0105 rol\u0119 w procesie zmniejszania strat energii i emisji gaz\u00f3w cieplarnianych.<br \/>\n<\/div><\/div>\n<h2><strong>Zalety i wady producenta<\/strong><\/h2>\n<p><strong>Czy wybra\u0107 produkt tej firmy?<\/strong><br \/><div class=\"su-service\"><div class=\"su-service-title\" style=\"padding-left:52px;min-height:38px;line-height:38px\"><i class=\"sui sui-check-circle\" style=\"font-size:38px;color:#22a0ed\"><\/i> Wskaz\u00f3wka naszego eksperta<\/div><div class=\"su-service-content su-u-clearfix su-u-trim\" style=\"padding-left:52px\">Produkty K-FLEX odgrywaj\u0105niezwykle istotn\u0105 rol\u0119 w procesie ochrony \u015brodowiska, zmniejszaj\u0105c zale\u017cno\u015b\u0107 pomi\u0119dzy zu\u017cyciem energii a emisj\u0105 zanieczyszcze\u0144do \u015brodowiska, umo\u017cliwiaj\u0105c tym samym kontrolowanie zu\u017cycia energii i redukcj\u0119 emisji gaz\u00f3w cieplarnianych do atmosfery.<\/div><\/div><strong>Mam w\u0105tpliwo\u015bci odno\u015bnie produktu, co zrobi\u0107?<\/strong><br \/><div class=\"su-service\"><div class=\"su-service-title\" style=\"padding-left:52px;min-height:38px;line-height:38px\"><i class=\"sui sui-check-circle\" style=\"font-size:38px;color:#22a0ed\"><\/i> Wskaz\u00f3wka naszego eksperta<\/div><div class=\"su-service-content su-u-clearfix su-u-trim\" style=\"padding-left:52px\">Osobiste podej\u015bcie<br \/>\nKomunikacja ma dla Fabryki Ch\u0142odu kluczowe znaczenie. Dbamy o ka\u017cdego klienta z indywidualnym i osobistym podej\u015bciem. Nasz zesp\u00f3\u0142 sprzeda\u017cy, w razie w\u0105tpliwo\u015bci  przeprowadzi Ci\u0119 krok po kroku, aby zrozumie\u0107 Twoje potrzeby, doradzi\u0107 wyb\u00f3r odpowiednich produkt\u00f3w, wys\u0142a\u0107 ofert\u0119 i upewnij si\u0119, \u017ce twoje zam\u00f3wienie zostanie dostarczone do magazynu.<\/div><\/div><div class=\"su-service\"><div class=\"su-service-title\" style=\"padding-left:52px;min-height:38px;line-height:38px\"><i class=\"sui sui-hand-o-right\" style=\"font-size:38px;color:#22a0ed\"><\/i> Podsumowuj\u0105c<\/div><div class=\"su-service-content su-u-clearfix su-u-trim\" style=\"padding-left:52px\">  W Fabryce Ch\u0142odu produkty Castel Engineering stosowane s\u0105 w ka\u017cdym projekcie zar\u00f3wno w ma\u0142ych instalacjach jak i rozbudowanych projektach. Teraz, ka\u017cdy ma do nich dost\u0119p dzi\u0119ki sk\u0142adaj\u0105c zam\u00f3wienie w naszym sklepie online. Ju\u017c teraz znajdziesz najlepsze odpowiednie rozwi\u0105zanie dla swoich projekt\u00f3w.<\/p>\n<p>Zapasy i transport <br \/>\nOferujemy szybki i konkurencje rozwi\u0105zania transportowe, dzi\u0119ki utrzymywaniu dobrze wype\u0142nionego zapasu w magazynie. Z naszego magazynu zlokalizowanego pod Warszaw\u0105, dostarczymy produktu ju\u017c nast\u0119pnego dnia od z\u0142o\u017cenia zam\u00f3wienia. <\/div><\/div>\n<div class=\"hr-thin\"><\/div>\n<p>PARAMETRY TECHNICZNE<\/p>\n<div class=\"su-tabs su-tabs-style-default su-tabs-mobile-stack\" data-active=\"1\" data-scroll-offset=\"0\" data-anchor-in-url=\"no\"><div class=\"su-tabs-nav\"><span class=\"\" data-url=\"\" data-target=\"blank\" tabindex=\"0\" role=\"button\">KFLEX K-FLEX ST DUCT<\/span><span class=\"\" data-url=\"\" data-target=\"blank\" tabindex=\"0\" role=\"button\">KFLEX por\u00f3wnanie<\/span><span class=\"\" data-url=\"\" data-target=\"blank\" tabindex=\"0\" role=\"button\">Przegl\u0105d oferty<\/span><span class=\"\" data-url=\"\" data-target=\"blank\" tabindex=\"0\" role=\"button\">Asortyment<\/span><span class=\"\" data-url=\"\" data-target=\"blank\" tabindex=\"0\" role=\"button\">Asortyment<\/span><\/div><div class=\"su-tabs-panes\"><div class=\"su-tabs-pane su-u-clearfix su-u-trim\" data-title=\"KFLEX K-FLEX ST DUCT\"><div class=\"su-document su-u-responsive-media-yes\"><iframe src=\"\/\/docs.google.com\/viewer?embedded=true&url=https:\/\/www.fabrykachlodu.pl\/sklep\/wp-content\/uploads\/2020\/04\/K-FLEX.DUCT_.pdf\" width=\"600\" height=\"400\" class=\"su-document\" title=\"\"><\/iframe><\/div><\/div>\n<div class=\"su-tabs-pane su-u-clearfix su-u-trim\" data-title=\"KFLEX por\u00f3wnanie\"><div class=\"su-document su-u-responsive-media-yes\"><iframe src=\"\/\/docs.google.com\/viewer?embedded=true&url=https:\/\/www.fabrykachlodu.pl\/sklep\/wp-content\/uploads\/2020\/04\/16_kflex.otuliny.tasmy_.farby_.klejeKatalog-K-FLEX-2017.pdf\" width=\"600\" height=\"400\" class=\"su-document\" title=\"\"><\/iframe><\/div><\/div>\n<div class=\"su-tabs-pane su-u-clearfix su-u-trim\" data-title=\"Przegl\u0105d oferty\"><div class=\"su-document su-u-responsive-media-yes\"><iframe src=\"\/\/docs.google.com\/viewer?embedded=true&url=https:\/\/www.fabrykachlodu.pl\/sklep\/wp-content\/uploads\/2020\/04\/25_Akcesoria.Klimatyzacjacastel_airco_2018.pdf\" width=\"600\" height=\"400\" class=\"su-document\" title=\"\"><\/iframe><\/div><div class=\"su-document su-u-responsive-media-yes\"><iframe src=\"\/\/docs.google.com\/viewer?embedded=true&url=https:\/\/www.fabrykachlodu.pl\/sklep\/wp-content\/uploads\/2020\/04\/26_Akcesoria.Klimatyzacjacastel_airco_2018.pdf\" width=\"600\" height=\"400\" class=\"su-document\" title=\"\"><\/iframe><\/div><\/div>\n<div class=\"su-tabs-pane su-u-clearfix su-u-trim\" data-title=\"Asortyment\"><div class=\"su-document su-u-responsive-media-yes\"><iframe src=\"\/\/docs.google.com\/viewer?embedded=true&url=https:\/\/www.fabrykachlodu.pl\/sklep\/wp-content\/uploads\/2020\/04\/33.334.35.Akcesoria.Klimatyzacja.castel_airco_2018.pdf\" width=\"600\" height=\"400\" class=\"su-document\" title=\"\"><\/iframe><\/div><\/div>\n<div class=\"su-tabs-pane su-u-clearfix su-u-trim\" data-title=\"Asortyment\"><div class=\"su-document su-u-responsive-media-yes\"><iframe src=\"\/\/docs.google.com\/viewer?embedded=true&url=https:\/\/www.fabrykachlodu.pl\/sklep\/wp-content\/uploads\/2020\/04\/36.37.Akcesoria.Klimatyzacja.castel_airco_2018.pdf\" width=\"600\" height=\"400\" class=\"su-document\" title=\"\"><\/iframe><\/div><\/div><\/div><\/div>\n<p>Dokumenty si\u0119 nie wy\u015bwietlaj\u0105? <input type=\"button\" value=\"Od\u015bwie\u017c stron\u0119\" onclick=\"location.reload();\"><br \/><div class=\"su-note\"  style=\"border-color:#e5e5e5;border-radius:3px;-moz-border-radius:3px;-webkit-border-radius:3px;\"><div class=\"su-note-inner su-u-clearfix su-u-trim\" style=\"background-color:#ffffff;border-color:#ffffff;color:#afafaf;border-radius:3px;-moz-border-radius:3px;-webkit-border-radius:3px;\">Mata Izolacyjna K-FLEX ST DUCT H kolor szary, szeroko\u015b\u0107 1,5m,p> 3.000 <br \/>Akcesoria do \u0142atwej i profesjonalnej instalacji, belgijskiej firmy Castel Engineering<br \/>\nProdukty bardzo wysokiej jako\u015bci<br \/>\nPoszanowanie \u015brodowiska<br \/>\nOsobiste podej\u015bcie<\/p>\n<p>W Fabryce Ch\u0142odu produkty Castel Engineering stosowane s\u0105 w ka\u017cdym projekcie zar\u00f3wno w ma\u0142ych instalacjach jak i rozbudowanych projektach.<\/p>\n<p>Zapasy i transport <br \/>\nOferujemy szybki i konkurencje rozwi\u0105zania transportowe, dzi\u0119ki utrzymywaniu dobrze wype\u0142nionego zapasu w magazynie. Z naszego magazynu zlokalizowanego pod Warszaw\u0105, dostarczymy produktu ju\u017c nast\u0119pnego dnia od z\u0142o\u017cenia zam\u00f3wienia. <br \/><\/div><\/div>\n","protected":false},"excerpt":{"rendered":"<p><span style=\"color: #000000;\"><strong>Najwa\u017cniejsze zalety<\/strong><\/span>[dt_list style=\"1\" bullet_position=\"middle\" dividers=\"true\"][dt_list style=\"1\" bullet_position=\"middle\" dividers=\"true\"][dt_list_item image=\"\"]Zabezpieczenia klimatyzacje kana\u0142ow\u0105 przed kondensacj\u0105 wilgoci[\/dt_list_item][dt_list_item image=\"\"]Samoprzylepna mata z kauczuku z siatk\u0105wzmacniaj\u0105c\u0105 z pokryciem AL CLAD[\/dt_list_item][dt_list_item image=\"\"]Samoprzylepna mata z kauczuku z siatk\u0105wzmacniaj\u0105c\u0105 z pokryciem COLOR[\/dt_list_item][dt_list_item image=\"\"]Doskonale  przywiera  do metalowych powierzchni[\/dt_list_item][\/dt_list]<\/p>\n","protected":false},"featured_media":61088,"template":"","meta":[],"product_cat":[4470,4538,189],"product_tag":[4472,4539],"yoast_head":"<!-- This site is optimized with the Yoast SEO plugin v22.1 - https:\/\/yoast.com\/wordpress\/plugins\/seo\/ -->\n<title>Mata Izolacyjna K-FLEX ST DUCT H kolor szary, szeroko\u015b\u0107 1,5m,p&gt; 3.000<\/title>\n<meta name=\"description\" content=\"Mata Izolacyjna K-FLEX ST DUCT H kolor szary, szeroko\u015b\u0107 1,5m,p&gt; 3.000\" \/>\n<meta name=\"robots\" content=\"index, follow, max-snippet:-1, max-image-preview:large, max-video-preview:-1\" \/>\n<link rel=\"canonical\" href=\"https:\/\/www.fabrykachlodu.pl\/sklep\/produkt\/mata-izolacyjna-k-flex-st-duct-h-kolor-szary-szerokosc-15mp-3-000\/\" \/>\n<meta name=\"twitter:label1\" content=\"Szacowany czas czytania\" \/>\n\t<meta name=\"twitter:data1\" content=\"4 minuty\" \/>\n<script type=\"application\/ld+json\" class=\"yoast-schema-graph\">{\"@context\":\"https:\/\/schema.org\",\"@graph\":[{\"@type\":\"WebPage\",\"@id\":\"https:\/\/www.fabrykachlodu.pl\/sklep\/produkt\/mata-izolacyjna-k-flex-st-duct-h-kolor-szary-szerokosc-15mp-3-000\/\",\"url\":\"https:\/\/www.fabrykachlodu.pl\/sklep\/produkt\/mata-izolacyjna-k-flex-st-duct-h-kolor-szary-szerokosc-15mp-3-000\/\",\"name\":\"Mata Izolacyjna K-FLEX ST DUCT H kolor szary, szeroko\u015b\u0107 1,5m,p&gt; 3.000\",\"isPartOf\":{\"@id\":\"https:\/\/www.fabrykachlodu.pl\/sklep\/#website\"},\"datePublished\":\"2020-04-16T08:17:27+00:00\",\"dateModified\":\"2023-04-03T10:07:09+00:00\",\"description\":\"Mata Izolacyjna K-FLEX ST DUCT H kolor szary, szeroko\u015b\u0107 1,5m,p&gt; 3.000\",\"breadcrumb\":{\"@id\":\"https:\/\/www.fabrykachlodu.pl\/sklep\/produkt\/mata-izolacyjna-k-flex-st-duct-h-kolor-szary-szerokosc-15mp-3-000\/#breadcrumb\"},\"inLanguage\":\"pl-PL\",\"potentialAction\":[{\"@type\":\"ReadAction\",\"target\":[\"https:\/\/www.fabrykachlodu.pl\/sklep\/produkt\/mata-izolacyjna-k-flex-st-duct-h-kolor-szary-szerokosc-15mp-3-000\/\"]}]},{\"@type\":\"BreadcrumbList\",\"@id\":\"https:\/\/www.fabrykachlodu.pl\/sklep\/produkt\/mata-izolacyjna-k-flex-st-duct-h-kolor-szary-szerokosc-15mp-3-000\/#breadcrumb\",\"itemListElement\":[{\"@type\":\"ListItem\",\"position\":1,\"name\":\"Strona g\u0142\u00f3wna\",\"item\":\"https:\/\/www.fabrykachlodu.pl\/sklep\/\"},{\"@type\":\"ListItem\",\"position\":2,\"name\":\"Szukasz klimatzyacji biurowej sklepowej lub do mieszkania?\",\"item\":\"https:\/\/www.fabrykachlodu.pl\/sklep\/\"},{\"@type\":\"ListItem\",\"position\":3,\"name\":\"AKCESORIA-MONTAZOWE\",\"item\":\"https:\/\/www.fabrykachlodu.pl\/sklep\/product-category\/akcesoria-montazowe\/\"},{\"@type\":\"ListItem\",\"position\":4,\"name\":\"IZOLACJE\",\"item\":\"https:\/\/www.fabrykachlodu.pl\/sklep\/product-category\/akcesoria-montazowe\/izolacje\/\"},{\"@type\":\"ListItem\",\"position\":5,\"name\":\"Mata Izolacyjna K-FLEX ST DUCT H kolor szary, szeroko\u015b\u0107 1,5m,p> 3.000\"}]},{\"@type\":\"WebSite\",\"@id\":\"https:\/\/www.fabrykachlodu.pl\/sklep\/#website\",\"url\":\"https:\/\/www.fabrykachlodu.pl\/sklep\/\",\"name\":\"\u00b0FC Sklep Internetowy monta\u017c klimatyzacji pomp ciep\u0142a\",\"description\":\"\u00b0FC monta\u017c klimatyzacji pomp ciep\u0142a z nami to szybki i tani wyb\u00f3r.  Us\u0142ugi monta\u017cowe i serwisowe W Warszawie i okolicach..\",\"potentialAction\":[{\"@type\":\"SearchAction\",\"target\":{\"@type\":\"EntryPoint\",\"urlTemplate\":\"https:\/\/www.fabrykachlodu.pl\/sklep\/?s={search_term_string}\"},\"query-input\":\"required name=search_term_string\"}],\"inLanguage\":\"pl-PL\"}]}<\/script>\n<!-- \/ Yoast SEO plugin. -->","yoast_head_json":{"title":"Mata Izolacyjna K-FLEX ST DUCT H kolor szary, szeroko\u015b\u0107 1,5m,p&gt; 3.000","description":"Mata Izolacyjna K-FLEX ST DUCT H kolor szary, szeroko\u015b\u0107 1,5m,p&gt; 3.000","robots":{"index":"index","follow":"follow","max-snippet":"max-snippet:-1","max-image-preview":"max-image-preview:large","max-video-preview":"max-video-preview:-1"},"canonical":"https:\/\/www.fabrykachlodu.pl\/sklep\/produkt\/mata-izolacyjna-k-flex-st-duct-h-kolor-szary-szerokosc-15mp-3-000\/","twitter_misc":{"Szacowany czas czytania":"4 minuty"},"schema":{"@context":"https:\/\/schema.org","@graph":[{"@type":"WebPage","@id":"https:\/\/www.fabrykachlodu.pl\/sklep\/produkt\/mata-izolacyjna-k-flex-st-duct-h-kolor-szary-szerokosc-15mp-3-000\/","url":"https:\/\/www.fabrykachlodu.pl\/sklep\/produkt\/mata-izolacyjna-k-flex-st-duct-h-kolor-szary-szerokosc-15mp-3-000\/","name":"Mata Izolacyjna K-FLEX ST DUCT H kolor szary, szeroko\u015b\u0107 1,5m,p&gt; 3.000","isPartOf":{"@id":"https:\/\/www.fabrykachlodu.pl\/sklep\/#website"},"datePublished":"2020-04-16T08:17:27+00:00","dateModified":"2023-04-03T10:07:09+00:00","description":"Mata Izolacyjna K-FLEX ST DUCT H kolor szary, szeroko\u015b\u0107 1,5m,p&gt; 3.000","breadcrumb":{"@id":"https:\/\/www.fabrykachlodu.pl\/sklep\/produkt\/mata-izolacyjna-k-flex-st-duct-h-kolor-szary-szerokosc-15mp-3-000\/#breadcrumb"},"inLanguage":"pl-PL","potentialAction":[{"@type":"ReadAction","target":["https:\/\/www.fabrykachlodu.pl\/sklep\/produkt\/mata-izolacyjna-k-flex-st-duct-h-kolor-szary-szerokosc-15mp-3-000\/"]}]},{"@type":"BreadcrumbList","@id":"https:\/\/www.fabrykachlodu.pl\/sklep\/produkt\/mata-izolacyjna-k-flex-st-duct-h-kolor-szary-szerokosc-15mp-3-000\/#breadcrumb","itemListElement":[{"@type":"ListItem","position":1,"name":"Strona g\u0142\u00f3wna","item":"https:\/\/www.fabrykachlodu.pl\/sklep\/"},{"@type":"ListItem","position":2,"name":"Szukasz klimatzyacji biurowej sklepowej lub do mieszkania?","item":"https:\/\/www.fabrykachlodu.pl\/sklep\/"},{"@type":"ListItem","position":3,"name":"AKCESORIA-MONTAZOWE","item":"https:\/\/www.fabrykachlodu.pl\/sklep\/product-category\/akcesoria-montazowe\/"},{"@type":"ListItem","position":4,"name":"IZOLACJE","item":"https:\/\/www.fabrykachlodu.pl\/sklep\/product-category\/akcesoria-montazowe\/izolacje\/"},{"@type":"ListItem","position":5,"name":"Mata Izolacyjna K-FLEX ST DUCT H kolor szary, szeroko\u015b\u0107 1,5m,p> 3.000"}]},{"@type":"WebSite","@id":"https:\/\/www.fabrykachlodu.pl\/sklep\/#website","url":"https:\/\/www.fabrykachlodu.pl\/sklep\/","name":"\u00b0FC Sklep Internetowy monta\u017c klimatyzacji pomp ciep\u0142a","description":"\u00b0FC monta\u017c klimatyzacji pomp ciep\u0142a z nami to szybki i tani wyb\u00f3r.  Us\u0142ugi monta\u017cowe i serwisowe W Warszawie i okolicach..","potentialAction":[{"@type":"SearchAction","target":{"@type":"EntryPoint","urlTemplate":"https:\/\/www.fabrykachlodu.pl\/sklep\/?s={search_term_string}"},"query-input":"required name=search_term_string"}],"inLanguage":"pl-PL"}]}},"_links":{"self":[{"href":"https:\/\/www.fabrykachlodu.pl\/sklep\/wp-json\/wp\/v2\/product\/69761"}],"collection":[{"href":"https:\/\/www.fabrykachlodu.pl\/sklep\/wp-json\/wp\/v2\/product"}],"about":[{"href":"https:\/\/www.fabrykachlodu.pl\/sklep\/wp-json\/wp\/v2\/types\/product"}],"wp:featuredmedia":[{"embeddable":true,"href":"https:\/\/www.fabrykachlodu.pl\/sklep\/wp-json\/wp\/v2\/media\/61088"}],"wp:attachment":[{"href":"https:\/\/www.fabrykachlodu.pl\/sklep\/wp-json\/wp\/v2\/media?parent=69761"}],"wp:term":[{"taxonomy":"product_cat","embeddable":true,"href":"https:\/\/www.fabrykachlodu.pl\/sklep\/wp-json\/wp\/v2\/product_cat?post=69761"},{"taxonomy":"product_tag","embeddable":true,"href":"https:\/\/www.fabrykachlodu.pl\/sklep\/wp-json\/wp\/v2\/product_tag?post=69761"}],"curies":[{"name":"wp","href":"https:\/\/api.w.org\/{rel}","templated":true}]}}