{"id":69932,"date":"2020-04-16T10:19:00","date_gmt":"2020-04-16T08:19:00","guid":{"rendered":"http:\/\/www.fabrykachlodu.pl\/sklep\/produkt\/import-placeholder-for-ex-c83\/"},"modified":"2023-04-03T12:07:03","modified_gmt":"2023-04-03T10:07:03","slug":"podstawa-pvc-typ-lekki-max-obciazenie-200-kg-szt-sruby-mocujace-w-zestawie-bialy-czarny","status":"publish","type":"product","link":"https:\/\/www.fabrykachlodu.pl\/sklep\/produkt\/podstawa-pvc-typ-lekki-max-obciazenie-200-kg-szt-sruby-mocujace-w-zestawie-bialy-czarny\/","title":{"rendered":"PODSTAWA PVC &#8211; typ lekki &#8211; max obci\u0105\u017cenie 200 kg\/szt., \u015bruby mocuj\u0105ce w zestawie, Bia\u0142y\/Czarny"},"content":{"rendered":"<h2>Zam\u00f3wienie dotyczy: PODSTAWA PVC &#8211; typ lekki &#8211; max obci\u0105\u017cenie 200 kg\/szt., \u015bruby mocuj\u0105ce w zestawie, Bia\u0142y\/Czarny <\/h2>\n<p><h3><strong>W jednym miejscu poznasz:<\/strong><\/h3>\n<p>Informacje odno\u015bnie akcesori\u00f3w do klimatyzacji<br \/> Poznasz najwa\u017cniejsze funkcje<br \/> Por\u00f3wnasz produkty<br \/> Poznasz parametry techniczne<br \/> Poznasz cen\u0119 i zrealizujesz zam\u00f3wienie<br \/> <strong><\/p>\n<h3>Zamawiaj\u0105c produkt u nas:<\/strong><\/h3>\n<p>Otrzymasz produkt<br \/>\nJednostk\u0119 wewn\u0119trzna<br \/>\nJednostk\u0119 zewn\u0119trzna<br \/>\nSterowanie<br \/>\nAkcesoria<br \/> Serwis<br \/><strong><\/p>\n<h3>Zlecaj\u0105c nam monta\u017c otrzymasz:<\/strong><\/h3>\n<p>Rabat na wiele produkt\u00f3w<br \/> Kompletne pod\u0142\u0105czenie elektryczne oraz hydrauliczne<br \/> Gwarancje<br \/> Serwis<\/p>\n<p>PODSTAWA PVC &#8211; typ lekki &#8211; max obci\u0105\u017cenie 200 kg\/szt., \u015bruby mocuj\u0105ce w zestawie, Bia\u0142y\/Czarny<\/p>\n<p>Prezentujemy kolejny spos\u00f3b monta\u017cu jednostki zewn\u0119trzej. Maj\u0105c do wybrou na \u015bcianie, dachu, teraz przyszed\u0142 czas na podstawe do monta\u017cu na pod\u0142o\u017cu. Wymaga to solidnego wspornika, bo stoj\u0105cy agregat b\u0119dzie ci\u0119\u017cki, dodatkowo wystawiony na warunki atmosferyczne z biegiem czasu b\u0119dzie wymaga\u0142 solidnej wykonanej z wysokiej jako\u015bci materia\u0142\u00f3w podstawy z PVC. Zamocowanie agregatu na ziemi, na dachu to dobry pomys\u0142 bo wykorzystujemy dodatkow\u0105 przestrze\u0144, agregat jest ukryty. Ta podstawa PVC to  profesjonalnie po\u0142\u0105czeny \u015brubami, nast\u0119pie wyprofilowany aby utrzyma\u0107 agregat na \u015bcianie przez d\u0142ugie lata. Pow\u0142oka zewn\u0119trzna oraz stal ocynkowana pokryta proszkowo w kolorze ko\u015bci bia\u0142ej lub czarnej, jest odporna na deszcz oraz niskie temperatury. Rekomendujemy wsporniki tylko profesjonalne, bo te mog\u0105 sprosta\u0107 sezonowo\u015bci oraz zapewni\u0107 bezpiecze\u0144stwo. Wa\u017cne jest doda\u0107, \u017ce ten wspornik mo\u017cna szybko i \u0142atwo zainstalowa\u0107. Komplet zawiera \u015bruby mocuj\u0105ce w zestawie, Bia\u0142y\/Czarny<br \/>Fabryka Ch\u0142odu oferuje akcesoria do \u0142atwej i profesjonalnej instalacji, belgijskiej firmy Castel Engineering.<\/p>\n<p>Jako producent Castel Engineering zdaje sobie spraw\u0119, \u017ce nowoczesna gospodarka wymaga sta\u0142ej i szybkiej adaptacji, a dywersyfikacja oferty zapewni coraz wi\u0119kszy udzia\u0142 w rynku. <div class=\"su-service\"><div class=\"su-service-title\" style=\"padding-left:52px;min-height:38px;line-height:38px\"><i class=\"sui sui-check-circle\" style=\"font-size:38px;color:#22a0ed\"><\/i> Wskaz\u00f3wka naszego eksperta<\/div><div class=\"su-service-content su-u-clearfix su-u-trim\" style=\"padding-left:52px\">Produkty bardzo wysokiej jako\u015bci<br \/>\nProdukty firmy Castel Engineering konkuruj\u0105 atrakcyjn\u0105 cen\u0105 ale produkuje produkty bardzo wysokiej jako\u015bci. Dzi\u0119ki pe\u0142nej kontroli nad procesami produkcyjnymi i koncepcjami narz\u0119dzi, uda\u0142o si\u0119 stworzy\u0107 konkurencyjn\u0105 ofert\u0119, pozostaj\u0105c jednocze\u015bnie innowacyjni.<\/div><\/div>\n<h2><strong>Zalety i wady producenta<\/strong><\/h2>\n<p><strong>Czy wybra\u0107 produkt tej firmy?<\/strong><br \/><div class=\"su-service\"><div class=\"su-service-title\" style=\"padding-left:52px;min-height:38px;line-height:38px\"><i class=\"sui sui-check-circle\" style=\"font-size:38px;color:#22a0ed\"><\/i> Wskaz\u00f3wka naszego eksperta<\/div><div class=\"su-service-content su-u-clearfix su-u-trim\" style=\"padding-left:52px\">Poszanowanie \u015brodowiska<br \/>\nFirma Castel Engineering zdaje sobie spraw\u0119, \u017ce zasoby naturalne na naszej planecie s\u0105 ograniczone.<\/p>\n<p>\nPragn\u0105c ich nie marnowa\u0107, wprowadzi\u0142a np.<br \/>\nProgram recyklingu, kt\u00f3ry pozwala odzyska\u0107 i ponownie wykorzysta\u0107 jak najwi\u0119cej surowc\u00f3w<\/p>\n<p>\nOpakowania, g\u0142\u00f3wnie pochodz\u0105ce z recyklingu, starannie dobrane do minimalnego oddzia\u0142ywania ekologicznego<\/p>\n<p>\nKupuje zielon\u0105 energi\u0119 do produkcji oraz wyposa\u017cy\u0142 fabryk\u0119 w panele s\u0142oneczne, aby zapewni\u0107 wi\u0119kszo\u015b\u0107 naszego zapotrzebowania na energi\u0119<\/p>\n<\/div><\/div><strong>Mam w\u0105tpliwo\u015bci odno\u015bnie produktu, co zrobi\u0107?<\/strong><br \/><div class=\"su-service\"><div class=\"su-service-title\" style=\"padding-left:52px;min-height:38px;line-height:38px\"><i class=\"sui sui-check-circle\" style=\"font-size:38px;color:#22a0ed\"><\/i> Wskaz\u00f3wka naszego eksperta<\/div><div class=\"su-service-content su-u-clearfix su-u-trim\" style=\"padding-left:52px\">Osobiste podej\u015bcie<br \/>\nKomunikacja ma dla Fabryki Ch\u0142odu kluczowe znaczenie. Dbamy o ka\u017cdego klienta z indywidualnym i osobistym podej\u015bciem. Nasz zesp\u00f3\u0142 sprzeda\u017cy, w razie w\u0105tpliwo\u015bci  przeprowadzi Ci\u0119 krok po kroku, aby zrozumie\u0107 Twoje potrzeby, doradzi\u0107 wyb\u00f3r odpowiednich produkt\u00f3w, wys\u0142a\u0107 ofert\u0119 i upewnij si\u0119, \u017ce twoje zam\u00f3wienie zostanie dostarczone do magazynu.<\/div><\/div><div class=\"su-service\"><div class=\"su-service-title\" style=\"padding-left:52px;min-height:38px;line-height:38px\"><i class=\"sui sui-hand-o-right\" style=\"font-size:38px;color:#22a0ed\"><\/i> Podsumowuj\u0105c<\/div><div class=\"su-service-content su-u-clearfix su-u-trim\" style=\"padding-left:52px\">  W Fabryce Ch\u0142odu produkty Castel Engineering stosowane s\u0105 w ka\u017cdym projekcie zar\u00f3wno w ma\u0142ych instalacjach jak i rozbudowanych projektach. Teraz, ka\u017cdy ma do nich dost\u0119p dzi\u0119ki sk\u0142adaj\u0105c zam\u00f3wienie w naszym sklepie online. Ju\u017c teraz znajdziesz najlepsze odpowiednie rozwi\u0105zanie dla swoich projekt\u00f3w.<\/p>\n<p>Zapasy i transport <br \/>\nOferujemy szybki i konkurencje rozwi\u0105zania transportowe, dzi\u0119ki utrzymywaniu dobrze wype\u0142nionego zapasu w magazynie. Z naszego magazynu zlokalizowanego pod Warszaw\u0105, dostarczymy produktu ju\u017c nast\u0119pnego dnia od z\u0142o\u017cenia zam\u00f3wienia. <\/div><\/div>\n<div class=\"hr-thin\"><\/div>\n<p>PARAMETRY TECHNICZNE<\/p>\n<div class=\"su-tabs su-tabs-style-default su-tabs-mobile-stack\" data-active=\"1\" data-scroll-offset=\"0\" data-anchor-in-url=\"no\"><div class=\"su-tabs-nav\"><span class=\"\" data-url=\"\" data-target=\"blank\" tabindex=\"0\" role=\"button\">Profesjonalna instalacja<\/span><span class=\"\" data-url=\"\" data-target=\"blank\" tabindex=\"0\" role=\"button\">Profesjonalna instalacja<\/span><span class=\"\" data-url=\"\" data-target=\"blank\" tabindex=\"0\" role=\"button\">Przegl\u0105d oferty<\/span><span class=\"\" data-url=\"\" data-target=\"blank\" tabindex=\"0\" role=\"button\">Asortyment<\/span><span class=\"\" data-url=\"\" data-target=\"blank\" tabindex=\"0\" role=\"button\">Asortyment<\/span><\/div><div class=\"su-tabs-panes\"><div class=\"su-tabs-pane su-u-clearfix su-u-trim\" data-title=\"Profesjonalna instalacja\"><div class=\"su-document su-u-responsive-media-yes\"><iframe src=\"\/\/docs.google.com\/viewer?embedded=true&url=https:\/\/www.fabrykachlodu.pl\/sklep\/wp-content\/uploads\/2020\/04\/17_Akcesoria.Klimatyzacjacastel_airco_2018.pdf\" width=\"600\" height=\"400\" class=\"su-document\" title=\"\"><\/iframe><\/div><\/div>\n<div class=\"su-tabs-pane su-u-clearfix su-u-trim\" data-title=\"Profesjonalna instalacja\"><div class=\"su-document su-u-responsive-media-yes\"><iframe src=\"\/\/docs.google.com\/viewer?embedded=true&url=https:\/\/www.fabrykachlodu.pl\/sklep\/wp-content\/uploads\/2020\/04\/22_Akcesoria.Klimatyzacjacastel_airco_2018.pdf\" width=\"600\" height=\"400\" class=\"su-document\" title=\"\"><\/iframe><\/div><\/div>\n<div class=\"su-tabs-pane su-u-clearfix su-u-trim\" data-title=\"Przegl\u0105d oferty\"><div class=\"su-document su-u-responsive-media-yes\"><iframe src=\"\/\/docs.google.com\/viewer?embedded=true&url=https:\/\/www.fabrykachlodu.pl\/sklep\/wp-content\/uploads\/2020\/04\/17_Akcesoria.Klimatyzacjacastel_airco_2018.pdf\" width=\"600\" height=\"400\" class=\"su-document\" title=\"\"><\/iframe><\/div><div class=\"su-document su-u-responsive-media-yes\"><iframe src=\"\/\/docs.google.com\/viewer?embedded=true&url=https:\/\/www.fabrykachlodu.pl\/sklep\/wp-content\/uploads\/2020\/04\/26_Akcesoria.Klimatyzacjacastel_airco_2018.pdf\" width=\"600\" height=\"400\" class=\"su-document\" title=\"\"><\/iframe><\/div><\/div>\n<div class=\"su-tabs-pane su-u-clearfix su-u-trim\" data-title=\"Asortyment\"><div class=\"su-document su-u-responsive-media-yes\"><iframe src=\"\/\/docs.google.com\/viewer?embedded=true&url=https:\/\/www.fabrykachlodu.pl\/sklep\/wp-content\/uploads\/2020\/04\/33.334.35.Akcesoria.Klimatyzacja.castel_airco_2018.pdf\" width=\"600\" height=\"400\" class=\"su-document\" title=\"\"><\/iframe><\/div><\/div>\n<div class=\"su-tabs-pane su-u-clearfix su-u-trim\" data-title=\"Asortyment\"><div class=\"su-document su-u-responsive-media-yes\"><iframe src=\"\/\/docs.google.com\/viewer?embedded=true&url=https:\/\/www.fabrykachlodu.pl\/sklep\/wp-content\/uploads\/2020\/04\/36.37.Akcesoria.Klimatyzacja.castel_airco_2018.pdf\" width=\"600\" height=\"400\" class=\"su-document\" title=\"\"><\/iframe><\/div><\/div><\/div><\/div>\n<p>Dokumenty si\u0119 nie wy\u015bwietlaj\u0105? <input type=\"button\" value=\"Od\u015bwie\u017c stron\u0119\" onclick=\"location.reload();\"><br \/><div class=\"su-note\"  style=\"border-color:#e5e5e5;border-radius:3px;-moz-border-radius:3px;-webkit-border-radius:3px;\"><div class=\"su-note-inner su-u-clearfix su-u-trim\" style=\"background-color:#ffffff;border-color:#ffffff;color:#afafaf;border-radius:3px;-moz-border-radius:3px;-webkit-border-radius:3px;\">PODSTAWA PVC &#8211; typ lekki &#8211; max obci\u0105\u017cenie 200 kg\/szt., \u015bruby mocuj\u0105ce w zestawie, Bia\u0142y\/Czarny <br \/>Akcesoria do \u0142atwej i profesjonalnej instalacji, belgijskiej firmy Castel Engineering<br \/>\nProdukty bardzo wysokiej jako\u015bci<br \/>\nPoszanowanie \u015brodowiska<br \/>\nOsobiste podej\u015bcie<\/p>\n<p>W Fabryce Ch\u0142odu produkty Castel Engineering stosowane s\u0105 w ka\u017cdym projekcie zar\u00f3wno w ma\u0142ych instalacjach jak i rozbudowanych projektach.<\/p>\n<p>Zapasy i transport <br \/>\nOferujemy szybki i konkurencje rozwi\u0105zania transportowe, dzi\u0119ki utrzymywaniu dobrze wype\u0142nionego zapasu w magazynie. Z naszego magazynu zlokalizowanego pod Warszaw\u0105, dostarczymy produktu ju\u017c nast\u0119pnego dnia od z\u0142o\u017cenia zam\u00f3wienia. <br \/><\/div><\/div>\n","protected":false},"excerpt":{"rendered":"<p><span style=\"color: #000000;\"><strong>Najwa\u017cniejsze zalety<\/strong><\/span>[dt_list style=\"1\" bullet_position=\"middle\" dividers=\"true\"][dt_list style=\"1\" bullet_position=\"middle\" dividers=\"true\"][dt_list_item image=\"\"]200 kg maks. dopuszczalna no\u015bno\u015b\u0107 rozproszona na sztuk\u0119[\/dt_list_item][dt_list_item image=\"\"]Nadaje si\u0119 do szerokiej gamy jednostek (monta\u017c szyny)[\/dt_list_item][dt_list_item image=\"\"]Wysoka jako\u015b\u0107 (nadalna od -20\u00b0C\/-4\u00b0F do +60\u00b0C\/140\u00b0F w pozycji statycznej)[\/dt_list_item][dt_list_item image=\"\"]Antywibracyjne[\/dt_list_item][\/dt_list]<\/p>\n","protected":false},"featured_media":61099,"template":"","meta":[],"product_cat":[4470,4554,189],"product_tag":[4472,4555],"yoast_head":"<!-- This site is optimized with the Yoast SEO plugin v22.1 - https:\/\/yoast.com\/wordpress\/plugins\/seo\/ -->\n<title>PODSTAWA PVC - typ lekki - max obci\u0105\u017cenie 200 kg\/szt., \u015bruby mocuj\u0105ce w zestawie, Bia\u0142y\/Czarny<\/title>\n<meta name=\"description\" content=\"PODSTAWA PVC - typ lekki - max obci\u0105\u017cenie 200 kg\/szt., \u015bruby mocuj\u0105ce w zestawie, Bia\u0142y\/Czarny\" \/>\n<meta name=\"robots\" content=\"index, follow, max-snippet:-1, max-image-preview:large, max-video-preview:-1\" \/>\n<link rel=\"canonical\" href=\"https:\/\/www.fabrykachlodu.pl\/sklep\/produkt\/podstawa-pvc-typ-lekki-max-obciazenie-200-kg-szt-sruby-mocujace-w-zestawie-bialy-czarny\/\" \/>\n<meta name=\"twitter:label1\" content=\"Szacowany czas czytania\" \/>\n\t<meta name=\"twitter:data1\" content=\"5 minut\" \/>\n<script type=\"application\/ld+json\" class=\"yoast-schema-graph\">{\"@context\":\"https:\/\/schema.org\",\"@graph\":[{\"@type\":\"WebPage\",\"@id\":\"https:\/\/www.fabrykachlodu.pl\/sklep\/produkt\/podstawa-pvc-typ-lekki-max-obciazenie-200-kg-szt-sruby-mocujace-w-zestawie-bialy-czarny\/\",\"url\":\"https:\/\/www.fabrykachlodu.pl\/sklep\/produkt\/podstawa-pvc-typ-lekki-max-obciazenie-200-kg-szt-sruby-mocujace-w-zestawie-bialy-czarny\/\",\"name\":\"PODSTAWA PVC - typ lekki - max obci\u0105\u017cenie 200 kg\/szt., \u015bruby mocuj\u0105ce w zestawie, Bia\u0142y\/Czarny\",\"isPartOf\":{\"@id\":\"https:\/\/www.fabrykachlodu.pl\/sklep\/#website\"},\"datePublished\":\"2020-04-16T08:19:00+00:00\",\"dateModified\":\"2023-04-03T10:07:03+00:00\",\"description\":\"PODSTAWA PVC - typ lekki - max obci\u0105\u017cenie 200 kg\/szt., \u015bruby mocuj\u0105ce w zestawie, Bia\u0142y\/Czarny\",\"breadcrumb\":{\"@id\":\"https:\/\/www.fabrykachlodu.pl\/sklep\/produkt\/podstawa-pvc-typ-lekki-max-obciazenie-200-kg-szt-sruby-mocujace-w-zestawie-bialy-czarny\/#breadcrumb\"},\"inLanguage\":\"pl-PL\",\"potentialAction\":[{\"@type\":\"ReadAction\",\"target\":[\"https:\/\/www.fabrykachlodu.pl\/sklep\/produkt\/podstawa-pvc-typ-lekki-max-obciazenie-200-kg-szt-sruby-mocujace-w-zestawie-bialy-czarny\/\"]}]},{\"@type\":\"BreadcrumbList\",\"@id\":\"https:\/\/www.fabrykachlodu.pl\/sklep\/produkt\/podstawa-pvc-typ-lekki-max-obciazenie-200-kg-szt-sruby-mocujace-w-zestawie-bialy-czarny\/#breadcrumb\",\"itemListElement\":[{\"@type\":\"ListItem\",\"position\":1,\"name\":\"Strona g\u0142\u00f3wna\",\"item\":\"https:\/\/www.fabrykachlodu.pl\/sklep\/\"},{\"@type\":\"ListItem\",\"position\":2,\"name\":\"Szukasz klimatzyacji biurowej sklepowej lub do mieszkania?\",\"item\":\"https:\/\/www.fabrykachlodu.pl\/sklep\/\"},{\"@type\":\"ListItem\",\"position\":3,\"name\":\"AKCESORIA-MONTAZOWE\",\"item\":\"https:\/\/www.fabrykachlodu.pl\/sklep\/product-category\/akcesoria-montazowe\/\"},{\"@type\":\"ListItem\",\"position\":4,\"name\":\"PODSTAWY\",\"item\":\"https:\/\/www.fabrykachlodu.pl\/sklep\/product-category\/akcesoria-montazowe\/podstawy\/\"},{\"@type\":\"ListItem\",\"position\":5,\"name\":\"PODSTAWA PVC &#8211; typ lekki &#8211; max obci\u0105\u017cenie 200 kg\/szt., \u015bruby mocuj\u0105ce w zestawie, Bia\u0142y\/Czarny\"}]},{\"@type\":\"WebSite\",\"@id\":\"https:\/\/www.fabrykachlodu.pl\/sklep\/#website\",\"url\":\"https:\/\/www.fabrykachlodu.pl\/sklep\/\",\"name\":\"\u00b0FC Sklep Internetowy monta\u017c klimatyzacji pomp ciep\u0142a\",\"description\":\"\u00b0FC monta\u017c klimatyzacji pomp ciep\u0142a z nami to szybki i tani wyb\u00f3r.  Us\u0142ugi monta\u017cowe i serwisowe W Warszawie i okolicach..\",\"potentialAction\":[{\"@type\":\"SearchAction\",\"target\":{\"@type\":\"EntryPoint\",\"urlTemplate\":\"https:\/\/www.fabrykachlodu.pl\/sklep\/?s={search_term_string}\"},\"query-input\":\"required name=search_term_string\"}],\"inLanguage\":\"pl-PL\"}]}<\/script>\n<!-- \/ Yoast SEO plugin. -->","yoast_head_json":{"title":"PODSTAWA PVC - typ lekki - max obci\u0105\u017cenie 200 kg\/szt., \u015bruby mocuj\u0105ce w zestawie, Bia\u0142y\/Czarny","description":"PODSTAWA PVC - typ lekki - max obci\u0105\u017cenie 200 kg\/szt., \u015bruby mocuj\u0105ce w zestawie, Bia\u0142y\/Czarny","robots":{"index":"index","follow":"follow","max-snippet":"max-snippet:-1","max-image-preview":"max-image-preview:large","max-video-preview":"max-video-preview:-1"},"canonical":"https:\/\/www.fabrykachlodu.pl\/sklep\/produkt\/podstawa-pvc-typ-lekki-max-obciazenie-200-kg-szt-sruby-mocujace-w-zestawie-bialy-czarny\/","twitter_misc":{"Szacowany czas czytania":"5 minut"},"schema":{"@context":"https:\/\/schema.org","@graph":[{"@type":"WebPage","@id":"https:\/\/www.fabrykachlodu.pl\/sklep\/produkt\/podstawa-pvc-typ-lekki-max-obciazenie-200-kg-szt-sruby-mocujace-w-zestawie-bialy-czarny\/","url":"https:\/\/www.fabrykachlodu.pl\/sklep\/produkt\/podstawa-pvc-typ-lekki-max-obciazenie-200-kg-szt-sruby-mocujace-w-zestawie-bialy-czarny\/","name":"PODSTAWA PVC - typ lekki - max obci\u0105\u017cenie 200 kg\/szt., \u015bruby mocuj\u0105ce w zestawie, Bia\u0142y\/Czarny","isPartOf":{"@id":"https:\/\/www.fabrykachlodu.pl\/sklep\/#website"},"datePublished":"2020-04-16T08:19:00+00:00","dateModified":"2023-04-03T10:07:03+00:00","description":"PODSTAWA PVC - typ lekki - max obci\u0105\u017cenie 200 kg\/szt., \u015bruby mocuj\u0105ce w zestawie, Bia\u0142y\/Czarny","breadcrumb":{"@id":"https:\/\/www.fabrykachlodu.pl\/sklep\/produkt\/podstawa-pvc-typ-lekki-max-obciazenie-200-kg-szt-sruby-mocujace-w-zestawie-bialy-czarny\/#breadcrumb"},"inLanguage":"pl-PL","potentialAction":[{"@type":"ReadAction","target":["https:\/\/www.fabrykachlodu.pl\/sklep\/produkt\/podstawa-pvc-typ-lekki-max-obciazenie-200-kg-szt-sruby-mocujace-w-zestawie-bialy-czarny\/"]}]},{"@type":"BreadcrumbList","@id":"https:\/\/www.fabrykachlodu.pl\/sklep\/produkt\/podstawa-pvc-typ-lekki-max-obciazenie-200-kg-szt-sruby-mocujace-w-zestawie-bialy-czarny\/#breadcrumb","itemListElement":[{"@type":"ListItem","position":1,"name":"Strona g\u0142\u00f3wna","item":"https:\/\/www.fabrykachlodu.pl\/sklep\/"},{"@type":"ListItem","position":2,"name":"Szukasz klimatzyacji biurowej sklepowej lub do mieszkania?","item":"https:\/\/www.fabrykachlodu.pl\/sklep\/"},{"@type":"ListItem","position":3,"name":"AKCESORIA-MONTAZOWE","item":"https:\/\/www.fabrykachlodu.pl\/sklep\/product-category\/akcesoria-montazowe\/"},{"@type":"ListItem","position":4,"name":"PODSTAWY","item":"https:\/\/www.fabrykachlodu.pl\/sklep\/product-category\/akcesoria-montazowe\/podstawy\/"},{"@type":"ListItem","position":5,"name":"PODSTAWA PVC &#8211; typ lekki &#8211; max obci\u0105\u017cenie 200 kg\/szt., \u015bruby mocuj\u0105ce w zestawie, Bia\u0142y\/Czarny"}]},{"@type":"WebSite","@id":"https:\/\/www.fabrykachlodu.pl\/sklep\/#website","url":"https:\/\/www.fabrykachlodu.pl\/sklep\/","name":"\u00b0FC Sklep Internetowy monta\u017c klimatyzacji pomp ciep\u0142a","description":"\u00b0FC monta\u017c klimatyzacji pomp ciep\u0142a z nami to szybki i tani wyb\u00f3r.  Us\u0142ugi monta\u017cowe i serwisowe W Warszawie i okolicach..","potentialAction":[{"@type":"SearchAction","target":{"@type":"EntryPoint","urlTemplate":"https:\/\/www.fabrykachlodu.pl\/sklep\/?s={search_term_string}"},"query-input":"required name=search_term_string"}],"inLanguage":"pl-PL"}]}},"_links":{"self":[{"href":"https:\/\/www.fabrykachlodu.pl\/sklep\/wp-json\/wp\/v2\/product\/69932"}],"collection":[{"href":"https:\/\/www.fabrykachlodu.pl\/sklep\/wp-json\/wp\/v2\/product"}],"about":[{"href":"https:\/\/www.fabrykachlodu.pl\/sklep\/wp-json\/wp\/v2\/types\/product"}],"wp:featuredmedia":[{"embeddable":true,"href":"https:\/\/www.fabrykachlodu.pl\/sklep\/wp-json\/wp\/v2\/media\/61099"}],"wp:attachment":[{"href":"https:\/\/www.fabrykachlodu.pl\/sklep\/wp-json\/wp\/v2\/media?parent=69932"}],"wp:term":[{"taxonomy":"product_cat","embeddable":true,"href":"https:\/\/www.fabrykachlodu.pl\/sklep\/wp-json\/wp\/v2\/product_cat?post=69932"},{"taxonomy":"product_tag","embeddable":true,"href":"https:\/\/www.fabrykachlodu.pl\/sklep\/wp-json\/wp\/v2\/product_tag?post=69932"}],"curies":[{"name":"wp","href":"https:\/\/api.w.org\/{rel}","templated":true}]}}