{"id":74512,"date":"2020-05-07T18:33:19","date_gmt":"2020-05-07T16:33:19","guid":{"rendered":"http:\/\/www.fabrykachlodu.pl\/sklep\/produkt\/import-placeholder-for-ehf005\/"},"modified":"2022-06-20T12:41:50","modified_gmt":"2022-06-20T10:41:50","slug":"esperanza-wentylator-12-cyrkulacyjny-scirocco-chrom","status":"publish","type":"product","link":"https:\/\/www.fabrykachlodu.pl\/sklep\/produkt\/esperanza-wentylator-12-cyrkulacyjny-scirocco-chrom\/","title":{"rendered":"ESPERANZA WENTYLATOR 12&#8221; CYRKULACYJNY SCIROCCO CHROM"},"content":{"rendered":"<h2>Zam\u00f3wienie dotyczy: ESPERANZA WENTYLATOR STOJ\u0104CY CYRKULACYJNY SCIROCCO EHF005<br \/>\n <\/h2>\n<p><h3><strong>W jednym miejscu poznasz:<\/strong><\/h3>\n<p>Informacje odno\u015bnie wentylator\u00f3w biurkowych, stoj\u0105cych cyrkulacyjnych<br \/> Poznasz najwa\u017cniejsze funkcje<br \/> Por\u00f3wnasz produkty<br \/> Poznasz parametry techniczne<br \/> Poznasz cen\u0119 i zrealizujesz zam\u00f3wienie<br \/> <strong><\/p>\n<h3>Zamawiaj\u0105c produkt u nas:<\/strong><\/h3>\n<p>Otrzymasz produkt<br \/>\nWentylator<br \/>\nGwarancj\u0119<br \/>\nZni\u017ck\u0119 na klimatyzacj\u0119 (tak na przysz\u0142o\u015b\u0107!)<\/p>\n<p><strong><\/p>\n<h3>Zamawiaj\u0105c w naszym sklepie otrzymasz:<\/strong><\/h3>\n<p>Rabat na wiele produkt\u00f3w<br \/>Zni\u017cki na klimatyzacj\u0119<br \/> Gwarancje<br \/> Serwis<\/p>\n<p>Fabryka Ch\u0142odu oferuje wentylator do samodzielnego uruchomienia, kt\u00f3ry charakteryzuje si\u0119 wysok\u0105 wydajno\u015bci\u0105. Je\u015bli nie masz klimatyzatora, wiatrak zapewni cichy wiatr, kt\u00f3ry szybko och\u0142odzi biuro czy dom. Jest to proste i sprawdzone rozwi\u0105zanie wymuszaj\u0105ce obieg powietrza.<\/p>\n<p>Zdajemy sobie spraw\u0119, \u017ce bezpiecze\u0144stwo domownik\u00f3w jest najwa\u017cniejsze, dlatego kratkowana os\u0142ona wiruj\u0105cych \u0142opatek &#8211; przednia oraz tylna &#8211; przesz\u0142a &#8222;test dzieci\u0119cego palca&#8221; i gwarantuje bezpiecze\u0144stwo.<\/p>\n<p>Wentylator mo\u017cna postawi\u0107 na biurku lub stole bo jest wyposa\u017cony w antypo\u015blizgow\u0105 n\u00f3\u017ck\u0119.  Jego kolorystyka sprawi, \u017ce wkomponuje si\u0119 w pomieszczenie nie zak\u0142\u00f3caj\u0105c jego \u0142adu. Mo\u017ce sta\u0107 w odst\u0119pie nawet 5 metr\u00f3w.<\/p>\n<div class=\"su-service\"><div class=\"su-service-title\" style=\"padding-left:52px;min-height:38px;line-height:38px\"><i class=\"sui sui-check-circle\" style=\"font-size:38px;color:#22a0ed\"><\/i> Wskaz\u00f3wka naszego eksperta<\/div><div class=\"su-service-content su-u-clearfix su-u-trim\" style=\"padding-left:52px\">Bezwzgl\u0119dnie chroni\u0107 przed zalaniem. Nie nale\u017cy u\u017cywa\u0107 urz\u0105dze\u0144 eklektycznych w \u0142azience, przy basenie, wannie.<\/div><\/div>\n<p><\/p>\n<h2><strong>Zalety i wady wiatrak\u00f3w<\/strong><\/h2>\n<p><strong>Czy warto kupi\u0107 wiatrak?<\/strong><br \/><div class=\"su-service\"><div class=\"su-service-title\" style=\"padding-left:52px;min-height:38px;line-height:38px\"><i class=\"sui sui-check-circle\" style=\"font-size:38px;color:#22a0ed\"><\/i> Wskaz\u00f3wka naszego eksperta<\/div><div class=\"su-service-content su-u-clearfix su-u-trim\" style=\"padding-left:52px\">Szybka dostawa i uruchomienie<br \/>\nOferujemy szybki i konkurencje rozwi\u0105zania transportowe, dzi\u0119ki utrzymywaniu dobrze wype\u0142nionego zapasu w magazynie. Z naszego magazynu zlokalizowanego pod Warszaw\u0105, dostarczymy produktu ju\u017c nast\u0119pnego dnia od z\u0142o\u017cenia zam\u00f3wienia.<\/p>\n<p>\n<\/div><\/div><div class=\"su-service\"><div class=\"su-service-title\" style=\"padding-left:52px;min-height:38px;line-height:38px\"><i class=\"sui sui-hand-o-right\" style=\"font-size:38px;color:#22a0ed\"><\/i> Podsumowuj\u0105c<\/div><div class=\"su-service-content su-u-clearfix su-u-trim\" style=\"padding-left:52px\">Oferowany wiatrak to kompletne rozwi\u0105zanie oferuj\u0105ce:<br \/>\nN\u00f3\u017cki antypo\u015blizgowe<br \/>\nRegulacja k\u0105ta pochylenia<br \/>\nZabezpieczenie przed przegrzaniem<br \/><\/div><\/div>\n<br \/><strong>Skorzystaj z letniej promocji!<\/strong><\/p>\n","protected":false},"excerpt":{"rendered":"<p><span style=\"color: #000000;\"><strong>Najwa\u017cniejsze zalety<\/strong><\/span>[dt_list style=\"1\" bullet_position=\"middle\" dividers=\"true\"][dt_list style=\"1\" bullet_position=\"middle\" dividers=\"true\"][dt_list_item image=\"\"]Automatyczna rotacja w poziomie pod k\u0105tem 90\u00b0 z opcj\u0105 wy\u0142\u0105czenia[\/dt_list_item][dt_list_item image=\"\"]N\u00f3\u017cki antypo\u015blizgowe[\/dt_list_item][dt_list_item image=\"\"]Ponadczasowy design i perfekcyjny wygl\u0105d[\/dt_list_item][dt_list_item image=\"\"]Zabezpieczenie przed przegrzaniem[\/dt_list_item][\/dt_list]<\/p>\n","protected":false},"featured_media":74499,"template":"","meta":[],"product_cat":[6201],"product_tag":[5492,5234],"yoast_head":"<!-- This site is optimized with the Yoast SEO plugin v22.1 - https:\/\/yoast.com\/wordpress\/plugins\/seo\/ -->\n<title>JAKI WIATRAK? TANI! DOSTWA DO WARSZAWA WROC\u0141AW POZNA\u0143 CYRKULACYJNY WIATRAK ESPERANZA WENTYLATOR STOJ\u0104CY CYRKULACYJNY SCIROCCO EHF005<\/title>\n<meta name=\"description\" content=\"JAKI WIATRAK? TANI! DOSTWA DO WARSZAWA WROC\u0141AW POZNA\u0143 CYRKULACYJNY WIATRAK ESPERANZA WENTYLATOR STOJ\u0104CY CYRKULACYJNY SCIROCCO EHF005\" \/>\n<meta name=\"robots\" content=\"index, nofollow, max-snippet:-1, max-image-preview:large, max-video-preview:-1, noarchive\" \/>\n<link rel=\"canonical\" href=\"https:\/\/www.fabrykachlodu.pl\/sklep\/produkt\/esperanza-wentylator-12-cyrkulacyjny-scirocco-chrom\/\" \/>\n<meta name=\"twitter:label1\" content=\"Szacowany czas czytania\" \/>\n\t<meta name=\"twitter:data1\" content=\"2 minuty\" \/>\n<script type=\"application\/ld+json\" class=\"yoast-schema-graph\">{\"@context\":\"https:\/\/schema.org\",\"@graph\":[{\"@type\":\"WebPage\",\"@id\":\"https:\/\/www.fabrykachlodu.pl\/sklep\/produkt\/esperanza-wentylator-12-cyrkulacyjny-scirocco-chrom\/\",\"url\":\"https:\/\/www.fabrykachlodu.pl\/sklep\/produkt\/esperanza-wentylator-12-cyrkulacyjny-scirocco-chrom\/\",\"name\":\"JAKI WIATRAK? TANI! DOSTWA DO WARSZAWA WROC\u0141AW POZNA\u0143 CYRKULACYJNY WIATRAK ESPERANZA WENTYLATOR STOJ\u0104CY CYRKULACYJNY SCIROCCO EHF005\",\"isPartOf\":{\"@id\":\"https:\/\/www.fabrykachlodu.pl\/sklep\/#website\"},\"datePublished\":\"2020-05-07T16:33:19+00:00\",\"dateModified\":\"2022-06-20T10:41:50+00:00\",\"description\":\"JAKI WIATRAK? TANI! DOSTWA DO WARSZAWA WROC\u0141AW POZNA\u0143 CYRKULACYJNY WIATRAK ESPERANZA WENTYLATOR STOJ\u0104CY CYRKULACYJNY SCIROCCO EHF005\",\"breadcrumb\":{\"@id\":\"https:\/\/www.fabrykachlodu.pl\/sklep\/produkt\/esperanza-wentylator-12-cyrkulacyjny-scirocco-chrom\/#breadcrumb\"},\"inLanguage\":\"pl-PL\",\"potentialAction\":[{\"@type\":\"ReadAction\",\"target\":[\"https:\/\/www.fabrykachlodu.pl\/sklep\/produkt\/esperanza-wentylator-12-cyrkulacyjny-scirocco-chrom\/\"]}]},{\"@type\":\"BreadcrumbList\",\"@id\":\"https:\/\/www.fabrykachlodu.pl\/sklep\/produkt\/esperanza-wentylator-12-cyrkulacyjny-scirocco-chrom\/#breadcrumb\",\"itemListElement\":[{\"@type\":\"ListItem\",\"position\":1,\"name\":\"Strona g\u0142\u00f3wna\",\"item\":\"https:\/\/www.fabrykachlodu.pl\/sklep\/\"},{\"@type\":\"ListItem\",\"position\":2,\"name\":\"Szukasz klimatzyacji biurowej sklepowej lub do mieszkania?\",\"item\":\"https:\/\/www.fabrykachlodu.pl\/sklep\/\"},{\"@type\":\"ListItem\",\"position\":3,\"name\":\"PRODUKTY ARCHIWALNE\",\"item\":\"https:\/\/www.fabrykachlodu.pl\/sklep\/product-category\/produkty-archiwalne\/\"},{\"@type\":\"ListItem\",\"position\":4,\"name\":\"ESPERANZA WENTYLATOR 12&#8221; CYRKULACYJNY SCIROCCO CHROM\"}]},{\"@type\":\"WebSite\",\"@id\":\"https:\/\/www.fabrykachlodu.pl\/sklep\/#website\",\"url\":\"https:\/\/www.fabrykachlodu.pl\/sklep\/\",\"name\":\"\u00b0FC Sklep Internetowy monta\u017c klimatyzacji pomp ciep\u0142a\",\"description\":\"\u00b0FC monta\u017c klimatyzacji pomp ciep\u0142a z nami to szybki i tani wyb\u00f3r.  Us\u0142ugi monta\u017cowe i serwisowe W Warszawie i okolicach..\",\"potentialAction\":[{\"@type\":\"SearchAction\",\"target\":{\"@type\":\"EntryPoint\",\"urlTemplate\":\"https:\/\/www.fabrykachlodu.pl\/sklep\/?s={search_term_string}\"},\"query-input\":\"required name=search_term_string\"}],\"inLanguage\":\"pl-PL\"}]}<\/script>\n<!-- \/ Yoast SEO plugin. -->","yoast_head_json":{"title":"JAKI WIATRAK? TANI! DOSTWA DO WARSZAWA WROC\u0141AW POZNA\u0143 CYRKULACYJNY WIATRAK ESPERANZA WENTYLATOR STOJ\u0104CY CYRKULACYJNY SCIROCCO EHF005","description":"JAKI WIATRAK? TANI! DOSTWA DO WARSZAWA WROC\u0141AW POZNA\u0143 CYRKULACYJNY WIATRAK ESPERANZA WENTYLATOR STOJ\u0104CY CYRKULACYJNY SCIROCCO EHF005","robots":{"index":"index","follow":"nofollow","max-snippet":"max-snippet:-1","max-image-preview":"max-image-preview:large","max-video-preview":"max-video-preview:-1","archive":"noarchive"},"canonical":"https:\/\/www.fabrykachlodu.pl\/sklep\/produkt\/esperanza-wentylator-12-cyrkulacyjny-scirocco-chrom\/","twitter_misc":{"Szacowany czas czytania":"2 minuty"},"schema":{"@context":"https:\/\/schema.org","@graph":[{"@type":"WebPage","@id":"https:\/\/www.fabrykachlodu.pl\/sklep\/produkt\/esperanza-wentylator-12-cyrkulacyjny-scirocco-chrom\/","url":"https:\/\/www.fabrykachlodu.pl\/sklep\/produkt\/esperanza-wentylator-12-cyrkulacyjny-scirocco-chrom\/","name":"JAKI WIATRAK? TANI! DOSTWA DO WARSZAWA WROC\u0141AW POZNA\u0143 CYRKULACYJNY WIATRAK ESPERANZA WENTYLATOR STOJ\u0104CY CYRKULACYJNY SCIROCCO EHF005","isPartOf":{"@id":"https:\/\/www.fabrykachlodu.pl\/sklep\/#website"},"datePublished":"2020-05-07T16:33:19+00:00","dateModified":"2022-06-20T10:41:50+00:00","description":"JAKI WIATRAK? TANI! DOSTWA DO WARSZAWA WROC\u0141AW POZNA\u0143 CYRKULACYJNY WIATRAK ESPERANZA WENTYLATOR STOJ\u0104CY CYRKULACYJNY SCIROCCO EHF005","breadcrumb":{"@id":"https:\/\/www.fabrykachlodu.pl\/sklep\/produkt\/esperanza-wentylator-12-cyrkulacyjny-scirocco-chrom\/#breadcrumb"},"inLanguage":"pl-PL","potentialAction":[{"@type":"ReadAction","target":["https:\/\/www.fabrykachlodu.pl\/sklep\/produkt\/esperanza-wentylator-12-cyrkulacyjny-scirocco-chrom\/"]}]},{"@type":"BreadcrumbList","@id":"https:\/\/www.fabrykachlodu.pl\/sklep\/produkt\/esperanza-wentylator-12-cyrkulacyjny-scirocco-chrom\/#breadcrumb","itemListElement":[{"@type":"ListItem","position":1,"name":"Strona g\u0142\u00f3wna","item":"https:\/\/www.fabrykachlodu.pl\/sklep\/"},{"@type":"ListItem","position":2,"name":"Szukasz klimatzyacji biurowej sklepowej lub do mieszkania?","item":"https:\/\/www.fabrykachlodu.pl\/sklep\/"},{"@type":"ListItem","position":3,"name":"PRODUKTY ARCHIWALNE","item":"https:\/\/www.fabrykachlodu.pl\/sklep\/product-category\/produkty-archiwalne\/"},{"@type":"ListItem","position":4,"name":"ESPERANZA WENTYLATOR 12&#8221; CYRKULACYJNY SCIROCCO CHROM"}]},{"@type":"WebSite","@id":"https:\/\/www.fabrykachlodu.pl\/sklep\/#website","url":"https:\/\/www.fabrykachlodu.pl\/sklep\/","name":"\u00b0FC Sklep Internetowy monta\u017c klimatyzacji pomp ciep\u0142a","description":"\u00b0FC monta\u017c klimatyzacji pomp ciep\u0142a z nami to szybki i tani wyb\u00f3r.  Us\u0142ugi monta\u017cowe i serwisowe W Warszawie i okolicach..","potentialAction":[{"@type":"SearchAction","target":{"@type":"EntryPoint","urlTemplate":"https:\/\/www.fabrykachlodu.pl\/sklep\/?s={search_term_string}"},"query-input":"required name=search_term_string"}],"inLanguage":"pl-PL"}]}},"_links":{"self":[{"href":"https:\/\/www.fabrykachlodu.pl\/sklep\/wp-json\/wp\/v2\/product\/74512"}],"collection":[{"href":"https:\/\/www.fabrykachlodu.pl\/sklep\/wp-json\/wp\/v2\/product"}],"about":[{"href":"https:\/\/www.fabrykachlodu.pl\/sklep\/wp-json\/wp\/v2\/types\/product"}],"wp:featuredmedia":[{"embeddable":true,"href":"https:\/\/www.fabrykachlodu.pl\/sklep\/wp-json\/wp\/v2\/media\/74499"}],"wp:attachment":[{"href":"https:\/\/www.fabrykachlodu.pl\/sklep\/wp-json\/wp\/v2\/media?parent=74512"}],"wp:term":[{"taxonomy":"product_cat","embeddable":true,"href":"https:\/\/www.fabrykachlodu.pl\/sklep\/wp-json\/wp\/v2\/product_cat?post=74512"},{"taxonomy":"product_tag","embeddable":true,"href":"https:\/\/www.fabrykachlodu.pl\/sklep\/wp-json\/wp\/v2\/product_tag?post=74512"}],"curies":[{"name":"wp","href":"https:\/\/api.w.org\/{rel}","templated":true}]}}