{"id":81280,"date":"2020-05-09T00:20:47","date_gmt":"2020-05-08T22:20:47","guid":{"rendered":"http:\/\/www.fabrykachlodu.pl\/sklep\/produkt\/import-placeholder-for-hme9945\/"},"modified":"2023-04-03T12:06:32","modified_gmt":"2023-04-03T10:06:32","slug":"rura-miedziana-calowa-w-sztandze-hme-3-8-2","status":"publish","type":"product","link":"https:\/\/www.fabrykachlodu.pl\/sklep\/produkt\/rura-miedziana-calowa-w-sztandze-hme-3-8-2\/","title":{"rendered":"RURA MIEDZIANA CALOWA W SZTANDZE HME 3\/8&#8243;"},"content":{"rendered":"<h2>Zam\u00f3wienie dotyczy: RURA MIEDZIANA CALOWA W SZTANDZE HME 3\/8&#8243; <\/h2>\n<p><h3><strong>W jednym miejscu poznasz:<\/strong><\/h3>\n<p>Informacje odno\u015bnie akcesori\u00f3w do klimatyzacji<br \/> Poznasz najwa\u017cniejsze funkcje<br \/> Por\u00f3wnasz produkty<br \/> Poznasz parametry techniczne<br \/> Poznasz cen\u0119 i zrealizujesz zam\u00f3wienie<br \/> <strong><\/p>\n<h3>Zamawiaj\u0105c produkt u nas:<\/strong><\/h3>\n<p>Otrzymasz produkt<br \/>\nJednostk\u0119 wewn\u0119trzna<br \/>\nJednostk\u0119 zewn\u0119trzna<br \/>\nSterowanie<br \/>\nAkcesoria<br \/> Serwis<br \/><strong><\/p>\n<h3>Zlecaj\u0105c nam monta\u017c otrzymasz:<\/strong><\/h3>\n<p>Rabat na wiele produkt\u00f3w<br \/> Kompletne pod\u0142\u0105czenie elektryczne oraz hydrauliczne<br \/> Gwarancje<br \/> Serwis<\/p>\n<p>Oferujemy rury miedziane najwy\u017cszej jako\u015bci przeznaczone do ch\u0142odnictwa i klimatyzacji. Wykonane z wysokiej jako\u015bci gatunku Cu-DHP (mied\u017a odtleniona fosforem) znajduj\u0105 szczeg\u00f3lne zastosowanie w transporcie gaz\u00f3w technicznych i czynnik\u00f3w ch\u0142odniczych, ze wzgl\u0119du na naturalne w\u0142a\u015bciwo\u015bci materia\u0142owe miedzi. Mied\u017a to materia\u0142 o doskona\u0142ych w\u0142asno\u015bciach fizycznych. Jest trwa\u0142a, niezawodna, odporna na wysokie i niskie temperatury oraz korozj\u0119. Wytrzyma\u0142o\u015b\u0107 instalacji z miedzi nie ulega pogorszeniu wraz  z up\u0142ywem czasu. Miedziane rury s\u0105 znormalizowane niezale\u017cnie od producenta i \u0142atwe w monta\u017cu.<\/p>\n<p>Zalety oferowanych rur miedzianych:<\/p>\n<p>Bardzo dobra podatno\u015b\u0107 na obr\u00f3bk\u0119 mechaniczn\u0105<br \/>\nWysoka odporno\u015b\u0107 na korozj\u0119 zewn\u0119trzn\u0105<br \/>\nCzysta powierzchnia wewn\u0119trzna rur<br \/>\nPe\u0142na identyfikacja ka\u017cdej, pojedynczej rury<br \/>\nRury miedziane mdost\u0119pne w kr\u0119gach o d\u0142ugo\u015bci 25 i 35 m i calowe w kr\u0119gach o d\u0142ugo\u015bci 15 m i 30 m, wykonane zgodnie z norm\u0105 EN 12735-1.<br \/>\nFabryka Ch\u0142odu oferuje akcesoria do \u0142atwej i profesjonalnej instalacji, belgijskiej firmy Castel Engineering.<\/p>\n<p>Jako producent Castel Engineering zdaje sobie spraw\u0119, \u017ce nowoczesna gospodarka wymaga sta\u0142ej i szybkiej adaptacji, a dywersyfikacja oferty zapewni coraz wi\u0119kszy udzia\u0142 w rynku. <div class=\"su-service\"><div class=\"su-service-title\" style=\"padding-left:52px;min-height:38px;line-height:38px\"><i class=\"sui sui-check-circle\" style=\"font-size:38px;color:#22a0ed\"><\/i> Wskaz\u00f3wka naszego eksperta<\/div><div class=\"su-service-content su-u-clearfix su-u-trim\" style=\"padding-left:52px\">Produkty bardzo wysokiej jako\u015bci<br \/>\nProdukty firmy Castel Engineering konkuruj\u0105 atrakcyjn\u0105 cen\u0105 ale produkuje produkty bardzo wysokiej jako\u015bci. Dzi\u0119ki pe\u0142nej kontroli nad procesami produkcyjnymi i koncepcjami narz\u0119dzi, uda\u0142o si\u0119 stworzy\u0107 konkurencyjn\u0105 ofert\u0119, pozostaj\u0105c jednocze\u015bnie innowacyjni.<\/div><\/div>\n<h2><strong>Zalety i wady producenta<\/strong><\/h2>\n<p><strong>Czy wybra\u0107 produkt tej firmy?<\/strong><br \/><div class=\"su-service\"><div class=\"su-service-title\" style=\"padding-left:52px;min-height:38px;line-height:38px\"><i class=\"sui sui-check-circle\" style=\"font-size:38px;color:#22a0ed\"><\/i> Wskaz\u00f3wka naszego eksperta<\/div><div class=\"su-service-content su-u-clearfix su-u-trim\" style=\"padding-left:52px\">Poszanowanie \u015brodowiska<br \/>\nFirma Castel Engineering zdaje sobie spraw\u0119, \u017ce zasoby naturalne na naszej planecie s\u0105 ograniczone.<\/p>\n<p>\nPragn\u0105c ich nie marnowa\u0107, wprowadzi\u0142a np.<br \/>\nProgram recyklingu, kt\u00f3ry pozwala odzyska\u0107 i ponownie wykorzysta\u0107 jak najwi\u0119cej surowc\u00f3w<\/p>\n<p>\nOpakowania, g\u0142\u00f3wnie pochodz\u0105ce z recyklingu, starannie dobrane do minimalnego oddzia\u0142ywania ekologicznego<\/p>\n<p>\nKupuje zielon\u0105 energi\u0119 do produkcji oraz wyposa\u017cy\u0142 fabryk\u0119 w panele s\u0142oneczne, aby zapewni\u0107 wi\u0119kszo\u015b\u0107 naszego zapotrzebowania na energi\u0119<\/p>\n<\/div><\/div><strong>Mam w\u0105tpliwo\u015bci odno\u015bnie produktu, co zrobi\u0107?<\/strong><br \/><div class=\"su-service\"><div class=\"su-service-title\" style=\"padding-left:52px;min-height:38px;line-height:38px\"><i class=\"sui sui-check-circle\" style=\"font-size:38px;color:#22a0ed\"><\/i> Wskaz\u00f3wka naszego eksperta<\/div><div class=\"su-service-content su-u-clearfix su-u-trim\" style=\"padding-left:52px\">Osobiste podej\u015bcie<br \/>\nKomunikacja ma dla Fabryki Ch\u0142odu kluczowe znaczenie. Dbamy o ka\u017cdego klienta z indywidualnym i osobistym podej\u015bciem. Nasz zesp\u00f3\u0142 sprzeda\u017cy, w razie w\u0105tpliwo\u015bci  przeprowadzi Ci\u0119 krok po kroku, aby zrozumie\u0107 Twoje potrzeby, doradzi\u0107 wyb\u00f3r odpowiednich produkt\u00f3w, wys\u0142a\u0107 ofert\u0119 i upewnij si\u0119, \u017ce twoje zam\u00f3wienie zostanie dostarczone do magazynu.<\/div><\/div><div class=\"su-service\"><div class=\"su-service-title\" style=\"padding-left:52px;min-height:38px;line-height:38px\"><i class=\"sui sui-hand-o-right\" style=\"font-size:38px;color:#22a0ed\"><\/i> Podsumowuj\u0105c<\/div><div class=\"su-service-content su-u-clearfix su-u-trim\" style=\"padding-left:52px\">  W Fabryce Ch\u0142odu produkty Castel Engineering stosowane s\u0105 w ka\u017cdym projekcie zar\u00f3wno w ma\u0142ych instalacjach jak i rozbudowanych projektach. Teraz, ka\u017cdy ma do nich dost\u0119p dzi\u0119ki sk\u0142adaj\u0105c zam\u00f3wienie w naszym sklepie online. Ju\u017c teraz znajdziesz najlepsze odpowiednie rozwi\u0105zanie dla swoich projekt\u00f3w.<\/p>\n<p>Zapasy i transport <br \/>\nOferujemy szybki i konkurencje rozwi\u0105zania transportowe, dzi\u0119ki utrzymywaniu dobrze wype\u0142nionego zapasu w magazynie. Z naszego magazynu zlokalizowanego pod Warszaw\u0105, dostarczymy produktu ju\u017c nast\u0119pnego dnia od z\u0142o\u017cenia zam\u00f3wienia. <\/div><\/div>\n<div class=\"hr-thin\"><\/div>\n<p>PARAMETRY TECHNICZNE<\/p>\n<div class=\"su-tabs su-tabs-style-default su-tabs-mobile-stack\" data-active=\"1\" data-scroll-offset=\"0\" data-anchor-in-url=\"no\"><div class=\"su-tabs-nav\"><span class=\"\" data-url=\"\" data-target=\"blank\" tabindex=\"0\" role=\"button\">Profesjonalna instalacja<\/span><span class=\"\" data-url=\"\" data-target=\"blank\" tabindex=\"0\" role=\"button\">Profesjonalna instalacja<\/span><span class=\"\" data-url=\"\" data-target=\"blank\" tabindex=\"0\" role=\"button\">Przegl\u0105d oferty<\/span><span class=\"\" data-url=\"\" data-target=\"blank\" tabindex=\"0\" role=\"button\">Asortyment<\/span><span class=\"\" data-url=\"\" data-target=\"blank\" tabindex=\"0\" role=\"button\">Asortyment<\/span><\/div><div class=\"su-tabs-panes\"><div class=\"su-tabs-pane su-u-clearfix su-u-trim\" data-title=\"Profesjonalna instalacja\"><div class=\"su-document su-u-responsive-media-yes\"><iframe src=\"\/\/docs.google.com\/viewer?embedded=true&url=https:\/\/www.fabrykachlodu.pl\/sklep\/wp-content\/uploads\/2020\/04\/KME-Rury-miedziane-do-klimatyzacji.pdf\" width=\"600\" height=\"400\" class=\"su-document\" title=\"\"><\/iframe><\/div><\/div>\n<div class=\"su-tabs-pane su-u-clearfix su-u-trim\" data-title=\"Profesjonalna instalacja\"><div class=\"su-document su-u-responsive-media-yes\"><iframe src=\"\/\/docs.google.com\/viewer?embedded=true&url=https:\/\/www.fabrykachlodu.pl\/sklep\/wp-content\/uploads\/2020\/04\/13_Akcesoria.Klimatyzacjacastel_airco_2018.pdf\" width=\"600\" height=\"400\" class=\"su-document\" title=\"\"><\/iframe><\/div><\/div>\n<div class=\"su-tabs-pane su-u-clearfix su-u-trim\" data-title=\"Przegl\u0105d oferty\"><div class=\"su-document su-u-responsive-media-yes\"><iframe src=\"\/\/docs.google.com\/viewer?embedded=true&url=https:\/\/www.fabrykachlodu.pl\/sklep\/wp-content\/uploads\/2020\/04\/25_Akcesoria.Klimatyzacjacastel_airco_2018.pdf\" width=\"600\" height=\"400\" class=\"su-document\" title=\"\"><\/iframe><\/div><div class=\"su-document su-u-responsive-media-yes\"><iframe src=\"\/\/docs.google.com\/viewer?embedded=true&url=https:\/\/www.fabrykachlodu.pl\/sklep\/wp-content\/uploads\/2020\/04\/26_Akcesoria.Klimatyzacjacastel_airco_2018.pdf\" width=\"600\" height=\"400\" class=\"su-document\" title=\"\"><\/iframe><\/div><\/div>\n<div class=\"su-tabs-pane su-u-clearfix su-u-trim\" data-title=\"Asortyment\"><div class=\"su-document su-u-responsive-media-yes\"><iframe src=\"\/\/docs.google.com\/viewer?embedded=true&url=https:\/\/www.fabrykachlodu.pl\/sklep\/wp-content\/uploads\/2020\/04\/33.334.35.Akcesoria.Klimatyzacja.castel_airco_2018.pdf\" width=\"600\" height=\"400\" class=\"su-document\" title=\"\"><\/iframe><\/div><\/div>\n<div class=\"su-tabs-pane su-u-clearfix su-u-trim\" data-title=\"Asortyment\"><div class=\"su-document su-u-responsive-media-yes\"><iframe src=\"\/\/docs.google.com\/viewer?embedded=true&url=https:\/\/www.fabrykachlodu.pl\/sklep\/wp-content\/uploads\/2020\/04\/36.37.Akcesoria.Klimatyzacja.castel_airco_2018.pdf\" width=\"600\" height=\"400\" class=\"su-document\" title=\"\"><\/iframe><\/div><\/div><\/div><\/div>\n<p>Dokumenty si\u0119 nie wy\u015bwietlaj\u0105? <input type=\"button\" value=\"Od\u015bwie\u017c stron\u0119\" onclick=\"location.reload();\"><br \/><div class=\"su-note\"  style=\"border-color:#e5e5e5;border-radius:3px;-moz-border-radius:3px;-webkit-border-radius:3px;\"><div class=\"su-note-inner su-u-clearfix su-u-trim\" style=\"background-color:#ffffff;border-color:#ffffff;color:#afafaf;border-radius:3px;-moz-border-radius:3px;-webkit-border-radius:3px;\">RURA MIEDZIANA CALOWA W SZTANDZE HME 3\/8&#8243; <br \/>Akcesoria do \u0142atwej i profesjonalnej instalacji, belgijskiej firmy Castel Engineering<br \/>\nProdukty bardzo wysokiej jako\u015bci<br \/>\nPoszanowanie \u015brodowiska<br \/>\nOsobiste podej\u015bcie<\/p>\n<p>W Fabryce Ch\u0142odu produkty Castel Engineering stosowane s\u0105 w ka\u017cdym projekcie zar\u00f3wno w ma\u0142ych instalacjach jak i rozbudowanych projektach.<\/p>\n<p>Zapasy i transport <br \/>\nOferujemy szybki i konkurencje rozwi\u0105zania transportowe, dzi\u0119ki utrzymywaniu dobrze wype\u0142nionego zapasu w magazynie. Z naszego magazynu zlokalizowanego pod Warszaw\u0105, dostarczymy produktu ju\u017c nast\u0119pnego dnia od z\u0142o\u017cenia zam\u00f3wienia. <br \/><\/div><\/div>\n","protected":false},"excerpt":{"rendered":"<p><span style=\"color: #000000;\"><strong>Najwa\u017cniejsze zalety<\/strong><\/span>[dt_list style=\"1\" bullet_position=\"middle\" dividers=\"true\"][dt_list style=\"1\" bullet_position=\"middle\" dividers=\"true\"][dt_list_item image=\"\"]Bardzo dobra podatno\u015b\u0107 na obr\u00f3bk\u0119 mechaniczn\u0105[\/dt_list_item][dt_list_item image=\"\"]Wysoka odporno\u015b\u0107 na korozj\u0119 zewn\u0119trzn\u0105[\/dt_list_item][dt_list_item image=\"\"]Czysta powierzchnia wewn\u0119trzna rur[\/dt_list_item][dt_list_item image=\"\"]Pe\u0142na identyfikacja ka\u017cdej, pojedynczej rury[\/dt_list_item][\/dt_list]<\/p>\n","protected":false},"featured_media":61079,"template":"","meta":[],"product_cat":[4470,4516,189],"product_tag":[4472,4517],"yoast_head":"<!-- This site is optimized with the Yoast SEO plugin v22.1 - https:\/\/yoast.com\/wordpress\/plugins\/seo\/ -->\n<title>RURA MIEDZIANA CALOWA W SZTANDZE HME 3\/8&quot;<\/title>\n<meta name=\"description\" content=\"RURA MIEDZIANA CALOWA W SZTANDZE HME 3\/8&quot;\" \/>\n<meta name=\"robots\" content=\"index, follow, max-snippet:-1, max-image-preview:large, max-video-preview:-1\" \/>\n<link rel=\"canonical\" href=\"https:\/\/www.fabrykachlodu.pl\/sklep\/produkt\/rura-miedziana-calowa-w-sztandze-hme-3-8-2\/\" \/>\n<meta name=\"twitter:label1\" content=\"Szacowany czas czytania\" \/>\n\t<meta name=\"twitter:data1\" content=\"4 minuty\" \/>\n<script type=\"application\/ld+json\" class=\"yoast-schema-graph\">{\"@context\":\"https:\/\/schema.org\",\"@graph\":[{\"@type\":\"WebPage\",\"@id\":\"https:\/\/www.fabrykachlodu.pl\/sklep\/produkt\/rura-miedziana-calowa-w-sztandze-hme-3-8-2\/\",\"url\":\"https:\/\/www.fabrykachlodu.pl\/sklep\/produkt\/rura-miedziana-calowa-w-sztandze-hme-3-8-2\/\",\"name\":\"RURA MIEDZIANA CALOWA W SZTANDZE HME 3\/8\\\"\",\"isPartOf\":{\"@id\":\"https:\/\/www.fabrykachlodu.pl\/sklep\/#website\"},\"datePublished\":\"2020-05-08T22:20:47+00:00\",\"dateModified\":\"2023-04-03T10:06:32+00:00\",\"description\":\"RURA MIEDZIANA CALOWA W SZTANDZE HME 3\/8\\\"\",\"breadcrumb\":{\"@id\":\"https:\/\/www.fabrykachlodu.pl\/sklep\/produkt\/rura-miedziana-calowa-w-sztandze-hme-3-8-2\/#breadcrumb\"},\"inLanguage\":\"pl-PL\",\"potentialAction\":[{\"@type\":\"ReadAction\",\"target\":[\"https:\/\/www.fabrykachlodu.pl\/sklep\/produkt\/rura-miedziana-calowa-w-sztandze-hme-3-8-2\/\"]}]},{\"@type\":\"BreadcrumbList\",\"@id\":\"https:\/\/www.fabrykachlodu.pl\/sklep\/produkt\/rura-miedziana-calowa-w-sztandze-hme-3-8-2\/#breadcrumb\",\"itemListElement\":[{\"@type\":\"ListItem\",\"position\":1,\"name\":\"Strona g\u0142\u00f3wna\",\"item\":\"https:\/\/www.fabrykachlodu.pl\/sklep\/\"},{\"@type\":\"ListItem\",\"position\":2,\"name\":\"Szukasz klimatzyacji biurowej sklepowej lub do mieszkania?\",\"item\":\"https:\/\/www.fabrykachlodu.pl\/sklep\/\"},{\"@type\":\"ListItem\",\"position\":3,\"name\":\"AKCESORIA-MONTAZOWE\",\"item\":\"https:\/\/www.fabrykachlodu.pl\/sklep\/product-category\/akcesoria-montazowe\/\"},{\"@type\":\"ListItem\",\"position\":4,\"name\":\"RURY\",\"item\":\"https:\/\/www.fabrykachlodu.pl\/sklep\/product-category\/akcesoria-montazowe\/rury\/\"},{\"@type\":\"ListItem\",\"position\":5,\"name\":\"RURA MIEDZIANA CALOWA W SZTANDZE HME 3\/8&#8243;\"}]},{\"@type\":\"WebSite\",\"@id\":\"https:\/\/www.fabrykachlodu.pl\/sklep\/#website\",\"url\":\"https:\/\/www.fabrykachlodu.pl\/sklep\/\",\"name\":\"\u00b0FC Sklep Internetowy monta\u017c klimatyzacji pomp ciep\u0142a\",\"description\":\"\u00b0FC monta\u017c klimatyzacji pomp ciep\u0142a z nami to szybki i tani wyb\u00f3r.  Us\u0142ugi monta\u017cowe i serwisowe W Warszawie i okolicach..\",\"potentialAction\":[{\"@type\":\"SearchAction\",\"target\":{\"@type\":\"EntryPoint\",\"urlTemplate\":\"https:\/\/www.fabrykachlodu.pl\/sklep\/?s={search_term_string}\"},\"query-input\":\"required name=search_term_string\"}],\"inLanguage\":\"pl-PL\"}]}<\/script>\n<!-- \/ Yoast SEO plugin. -->","yoast_head_json":{"title":"RURA MIEDZIANA CALOWA W SZTANDZE HME 3\/8\"","description":"RURA MIEDZIANA CALOWA W SZTANDZE HME 3\/8\"","robots":{"index":"index","follow":"follow","max-snippet":"max-snippet:-1","max-image-preview":"max-image-preview:large","max-video-preview":"max-video-preview:-1"},"canonical":"https:\/\/www.fabrykachlodu.pl\/sklep\/produkt\/rura-miedziana-calowa-w-sztandze-hme-3-8-2\/","twitter_misc":{"Szacowany czas czytania":"4 minuty"},"schema":{"@context":"https:\/\/schema.org","@graph":[{"@type":"WebPage","@id":"https:\/\/www.fabrykachlodu.pl\/sklep\/produkt\/rura-miedziana-calowa-w-sztandze-hme-3-8-2\/","url":"https:\/\/www.fabrykachlodu.pl\/sklep\/produkt\/rura-miedziana-calowa-w-sztandze-hme-3-8-2\/","name":"RURA MIEDZIANA CALOWA W SZTANDZE HME 3\/8\"","isPartOf":{"@id":"https:\/\/www.fabrykachlodu.pl\/sklep\/#website"},"datePublished":"2020-05-08T22:20:47+00:00","dateModified":"2023-04-03T10:06:32+00:00","description":"RURA MIEDZIANA CALOWA W SZTANDZE HME 3\/8\"","breadcrumb":{"@id":"https:\/\/www.fabrykachlodu.pl\/sklep\/produkt\/rura-miedziana-calowa-w-sztandze-hme-3-8-2\/#breadcrumb"},"inLanguage":"pl-PL","potentialAction":[{"@type":"ReadAction","target":["https:\/\/www.fabrykachlodu.pl\/sklep\/produkt\/rura-miedziana-calowa-w-sztandze-hme-3-8-2\/"]}]},{"@type":"BreadcrumbList","@id":"https:\/\/www.fabrykachlodu.pl\/sklep\/produkt\/rura-miedziana-calowa-w-sztandze-hme-3-8-2\/#breadcrumb","itemListElement":[{"@type":"ListItem","position":1,"name":"Strona g\u0142\u00f3wna","item":"https:\/\/www.fabrykachlodu.pl\/sklep\/"},{"@type":"ListItem","position":2,"name":"Szukasz klimatzyacji biurowej sklepowej lub do mieszkania?","item":"https:\/\/www.fabrykachlodu.pl\/sklep\/"},{"@type":"ListItem","position":3,"name":"AKCESORIA-MONTAZOWE","item":"https:\/\/www.fabrykachlodu.pl\/sklep\/product-category\/akcesoria-montazowe\/"},{"@type":"ListItem","position":4,"name":"RURY","item":"https:\/\/www.fabrykachlodu.pl\/sklep\/product-category\/akcesoria-montazowe\/rury\/"},{"@type":"ListItem","position":5,"name":"RURA MIEDZIANA CALOWA W SZTANDZE HME 3\/8&#8243;"}]},{"@type":"WebSite","@id":"https:\/\/www.fabrykachlodu.pl\/sklep\/#website","url":"https:\/\/www.fabrykachlodu.pl\/sklep\/","name":"\u00b0FC Sklep Internetowy monta\u017c klimatyzacji pomp ciep\u0142a","description":"\u00b0FC monta\u017c klimatyzacji pomp ciep\u0142a z nami to szybki i tani wyb\u00f3r.  Us\u0142ugi monta\u017cowe i serwisowe W Warszawie i okolicach..","potentialAction":[{"@type":"SearchAction","target":{"@type":"EntryPoint","urlTemplate":"https:\/\/www.fabrykachlodu.pl\/sklep\/?s={search_term_string}"},"query-input":"required name=search_term_string"}],"inLanguage":"pl-PL"}]}},"_links":{"self":[{"href":"https:\/\/www.fabrykachlodu.pl\/sklep\/wp-json\/wp\/v2\/product\/81280"}],"collection":[{"href":"https:\/\/www.fabrykachlodu.pl\/sklep\/wp-json\/wp\/v2\/product"}],"about":[{"href":"https:\/\/www.fabrykachlodu.pl\/sklep\/wp-json\/wp\/v2\/types\/product"}],"wp:featuredmedia":[{"embeddable":true,"href":"https:\/\/www.fabrykachlodu.pl\/sklep\/wp-json\/wp\/v2\/media\/61079"}],"wp:attachment":[{"href":"https:\/\/www.fabrykachlodu.pl\/sklep\/wp-json\/wp\/v2\/media?parent=81280"}],"wp:term":[{"taxonomy":"product_cat","embeddable":true,"href":"https:\/\/www.fabrykachlodu.pl\/sklep\/wp-json\/wp\/v2\/product_cat?post=81280"},{"taxonomy":"product_tag","embeddable":true,"href":"https:\/\/www.fabrykachlodu.pl\/sklep\/wp-json\/wp\/v2\/product_tag?post=81280"}],"curies":[{"name":"wp","href":"https:\/\/api.w.org\/{rel}","templated":true}]}}